{"id":6363,"date":"2025-01-14T19:06:06","date_gmt":"2025-01-14T19:06:06","guid":{"rendered":"https:\/\/raymarine.ee\/?post_type=product&#038;p=6363"},"modified":"2025-04-18T17:49:14","modified_gmt":"2025-04-18T15:49:14","slug":"cpt-110-plastikust-labi-pohja-chirp-andur-sugavus-ja-temperatuur","status":"publish","type":"product","link":"https:\/\/raymarine.ee\/en\/product\/cpt-110-plastikust-labi-pohja-chirp-andur-sugavus-ja-temperatuur\/","title":{"rendered":"CPT-110 Plastikust l\u00e4bi p\u00f5hja CHIRP andur, s\u00fcgavus ja temperatuur"},"content":{"rendered":"<ul>\n<li>\n<h2 class=\"\" data-start=\"146\" data-end=\"203\"><strong data-start=\"149\" data-end=\"203\">Raymarine CPT-110 CHIRP DownVision l\u00e4bi kere andur<\/strong><\/h2>\n<p class=\"\" data-start=\"205\" data-end=\"446\"><strong data-start=\"205\" data-end=\"226\">Raymarine CPT-110<\/strong> on <strong data-start=\"230\" data-end=\"278\">l\u00e4bi kere paigaldatav CHIRP DownVision andur<\/strong>, mis pakub t\u00e4pseid <strong data-start=\"298\" data-end=\"331\">s\u00fcgavus- ja temperatuurin\u00e4ite<\/strong> ning sobib kasutamiseks <strong data-start=\"356\" data-end=\"379\">CP100 sonarimooduli<\/strong>, samuti <strong data-start=\"388\" data-end=\"445\">Raymarine a68 ja a78 multifunktsionaalsete seadmetega<\/strong>.<\/p>\n<p class=\"\" data-start=\"448\" data-end=\"649\">T\u00e4nu <strong data-start=\"453\" data-end=\"486\">25\u00b0 koonilisele sonarikiirele<\/strong> ja <strong data-start=\"490\" data-end=\"525\">laiadele DownVision sektoritele<\/strong> (port\/starboard) koos <strong data-start=\"548\" data-end=\"581\">\u00f5hukese f\u00e4nnikujulise kiirega<\/strong> (fore\/aft), kuvab CPT-110 veealuseid struktuure k\u00f5rge detailsusega.<\/p>\n<h3 class=\"\" data-start=\"651\" data-end=\"672\"><strong data-start=\"655\" data-end=\"672\">P\u00f5hiomadused:<\/strong><\/h3>\n<ul data-start=\"673\" data-end=\"1032\">\n<li class=\"\" data-start=\"673\" data-end=\"727\">\n<p class=\"\" data-start=\"675\" data-end=\"727\"><strong data-start=\"675\" data-end=\"703\">25\u00b0 kooniline sonarikiir<\/strong> \u2013 t\u00e4pne ja lai katvus<\/p>\n<\/li>\n<li class=\"\" data-start=\"728\" data-end=\"808\">\n<p class=\"\" data-start=\"730\" data-end=\"808\"><strong data-start=\"730\" data-end=\"757\">DownVision\u2122 tehnoloogia<\/strong> \u2013 suure lahutusv\u00f5imega pilt veealusest maailmast<\/p>\n<\/li>\n<li class=\"\" data-start=\"809\" data-end=\"860\">\n<p class=\"\" data-start=\"811\" data-end=\"860\"><strong data-start=\"811\" data-end=\"834\">Maksimaalne s\u00fcgavus<\/strong>: kuni 189 m (600 jalga)<\/p>\n<\/li>\n<li class=\"\" data-start=\"861\" data-end=\"927\">\n<p class=\"\" data-start=\"863\" data-end=\"927\"><strong data-start=\"863\" data-end=\"899\">Integreeritud temperatuurisensor<\/strong> \u2013 kiire ja t\u00e4pne m\u00f5\u00f5tmine<\/p>\n<\/li>\n<li class=\"\" data-start=\"928\" data-end=\"985\">\n<p class=\"\" data-start=\"930\" data-end=\"985\"><strong data-start=\"930\" data-end=\"983\">Kaasas kiilukompensatsiooniplokk (deadrise block)<\/strong><\/p>\n<\/li>\n<li class=\"\" data-start=\"986\" data-end=\"1032\">\n<p class=\"\" data-start=\"988\" data-end=\"1032\"><strong data-start=\"988\" data-end=\"1010\">10-meetrine kaabel<\/strong> mugavaks \u00fchendamiseks<\/p>\n<\/li>\n<\/ul>\n<h3 class=\"\" data-start=\"1034\" data-end=\"1050\"><strong data-start=\"1038\" data-end=\"1050\">M\u00f5\u00f5tmed:<\/strong><\/h3>\n<ul data-start=\"1051\" data-end=\"1090\">\n<li class=\"\" data-start=\"1051\" data-end=\"1071\">\n<p class=\"\" data-start=\"1053\" data-end=\"1071\">Pikkus: 210.8 mm<\/p>\n<\/li>\n<li class=\"\" data-start=\"1072\" data-end=\"1090\">\n<p class=\"\" data-start=\"1074\" data-end=\"1090\">K\u00f5rgus: 131.8 mm<\/p>\n<\/li>\n<\/ul>\n<h3 class=\"\" data-start=\"1092\" data-end=\"1108\"><strong data-start=\"1096\" data-end=\"1108\">Sobivus:<\/strong><\/h3>\n<ul data-start=\"1109\" data-end=\"1202\">\n<li class=\"\" data-start=\"1109\" data-end=\"1145\">\n<p class=\"\" data-start=\"1111\" data-end=\"1145\">Raymarine <strong data-start=\"1121\" data-end=\"1143\">CP100 sonarimoodul<\/strong><\/p>\n<\/li>\n<li class=\"\" data-start=\"1146\" data-end=\"1202\">\n<p class=\"\" data-start=\"1148\" data-end=\"1202\">Raymarine <strong data-start=\"1158\" data-end=\"1202\">a68 ja a78 multifunktsionaalsed ekraanid<\/strong><\/p>\n<\/li>\n<\/ul>\n<\/li>\n<\/ul>","protected":false},"excerpt":{"rendered":"<p>CPT-110 Plastic Through Hull Chirp Transducer, Depth &amp; Temp sobib CP-100 CHIRP kajaloe moodulile ja k\u00f5ikidele xx8 seeria kaardiplotteritele.<\/p>","protected":false},"featured_media":7835,"template":"","meta":{"_acf_changed":false},"product_brand":[],"product_cat":[54,103,79],"product_tag":[],"class_list":{"0":"post-6363","1":"product","2":"type-product","3":"status-publish","4":"has-post-thumbnail","6":"product_cat-kalaleidjad","7":"product_cat-raymarine","8":"product_cat-kalaleidjate_andurid","10":"first","11":"instock","12":"sale","13":"taxable","14":"shipping-taxable","15":"purchasable","16":"product-type-simple"},"acf":[],"yoast_head":"<!-- This site is optimized with the Yoast SEO Premium plugin v27.5 (Yoast SEO v27.5) - https:\/\/yoast.com\/product\/yoast-seo-premium-wordpress\/ -->\n<title>CPT-110 Plastikust l\u00e4bi p\u00f5hja CHIRP andur, s\u00fcgavus ja temperatuur - NavSystems Mereelektroonika<\/title>\n<meta name=\"description\" content=\"Raymarine CPT-110 CHIRP DownVision andur l\u00e4bi kere paigalduseks. S\u00fcgavus kuni 189 m, temperatuurin\u00e4it, 25\u00b0 sonar, sobib CP100, a68 ja a78 seadmetele.\" \/>\n<meta name=\"robots\" content=\"index, follow, max-snippet:-1, max-image-preview:large, max-video-preview:-1\" \/>\n<link rel=\"canonical\" href=\"https:\/\/raymarine.ee\/en\/product\/cpt-110-plastikust-labi-pohja-chirp-andur-sugavus-ja-temperatuur\/\" \/>\n<meta property=\"og:locale\" content=\"en_GB\" \/>\n<meta property=\"og:type\" content=\"article\" \/>\n<meta property=\"og:title\" content=\"CPT-110 Plastikust l\u00e4bi p\u00f5hja CHIRP andur, s\u00fcgavus ja temperatuur\" \/>\n<meta property=\"og:description\" content=\"Raymarine CPT-110 CHIRP DownVision andur l\u00e4bi kere paigalduseks. S\u00fcgavus kuni 189 m, temperatuurin\u00e4it, 25\u00b0 sonar, sobib CP100, a68 ja a78 seadmetele.\" \/>\n<meta property=\"og:url\" content=\"https:\/\/raymarine.ee\/en\/product\/cpt-110-plastikust-labi-pohja-chirp-andur-sugavus-ja-temperatuur\/\" \/>\n<meta property=\"og:site_name\" content=\"NavSystems\" \/>\n<meta property=\"article:publisher\" content=\"https:\/\/www.facebook.com\/NavSystems\" \/>\n<meta property=\"article:modified_time\" content=\"2025-04-18T15:49:14+00:00\" \/>\n<meta property=\"og:image\" content=\"https:\/\/raymarine.ee\/wp-content\/uploads\/2025\/01\/a19e9615-cdee-439c-941f-ff4bebfc432a.webp\" \/>\n\t<meta property=\"og:image:width\" content=\"1024\" \/>\n\t<meta property=\"og:image:height\" content=\"1024\" \/>\n\t<meta property=\"og:image:type\" content=\"image\/webp\" \/>\n<meta name=\"twitter:card\" content=\"summary_large_image\" \/>\n<meta name=\"twitter:label1\" content=\"Price\" \/>\n\t<meta name=\"twitter:data1\" content=\"402,00&nbsp;&euro;\" \/>\n\t<meta name=\"twitter:label2\" content=\"Availability\" \/>\n\t<meta name=\"twitter:data2\" content=\"In stock\" \/>\n<script type=\"application\/ld+json\" class=\"yoast-schema-graph\">{\"@context\":\"https:\\\/\\\/schema.org\",\"@graph\":[{\"@type\":\"WebPage\",\"@id\":\"https:\\\/\\\/raymarine.ee\\\/product\\\/cpt-110-plastikust-labi-pohja-chirp-andur-sugavus-ja-temperatuur\\\/\",\"url\":\"https:\\\/\\\/raymarine.ee\\\/product\\\/cpt-110-plastikust-labi-pohja-chirp-andur-sugavus-ja-temperatuur\\\/\",\"name\":\"CPT-110 Plastikust l\u00e4bi p\u00f5hja CHIRP andur, s\u00fcgavus ja temperatuur - NavSystems Mereelektroonika\",\"isPartOf\":{\"@id\":\"https:\\\/\\\/raymarine.ee\\\/#website\"},\"primaryImageOfPage\":{\"@id\":\"https:\\\/\\\/raymarine.ee\\\/product\\\/cpt-110-plastikust-labi-pohja-chirp-andur-sugavus-ja-temperatuur\\\/#primaryimage\"},\"image\":{\"@id\":\"https:\\\/\\\/raymarine.ee\\\/product\\\/cpt-110-plastikust-labi-pohja-chirp-andur-sugavus-ja-temperatuur\\\/#primaryimage\"},\"thumbnailUrl\":\"https:\\\/\\\/raymarine.ee\\\/wp-content\\\/uploads\\\/2025\\\/01\\\/a19e9615-cdee-439c-941f-ff4bebfc432a.webp\",\"datePublished\":\"2025-01-14T19:06:06+00:00\",\"dateModified\":\"2025-04-18T15:49:14+00:00\",\"description\":\"Raymarine CPT-110 CHIRP DownVision andur l\u00e4bi kere paigalduseks. S\u00fcgavus kuni 189 m, temperatuurin\u00e4it, 25\u00b0 sonar, sobib CP100, a68 ja a78 seadmetele.\",\"breadcrumb\":{\"@id\":\"https:\\\/\\\/raymarine.ee\\\/product\\\/cpt-110-plastikust-labi-pohja-chirp-andur-sugavus-ja-temperatuur\\\/#breadcrumb\"},\"inLanguage\":\"en-GB\",\"potentialAction\":[{\"@type\":\"ReadAction\",\"target\":[\"https:\\\/\\\/raymarine.ee\\\/product\\\/cpt-110-plastikust-labi-pohja-chirp-andur-sugavus-ja-temperatuur\\\/\"]}]},{\"@type\":\"ImageObject\",\"inLanguage\":\"en-GB\",\"@id\":\"https:\\\/\\\/raymarine.ee\\\/product\\\/cpt-110-plastikust-labi-pohja-chirp-andur-sugavus-ja-temperatuur\\\/#primaryimage\",\"url\":\"https:\\\/\\\/raymarine.ee\\\/wp-content\\\/uploads\\\/2025\\\/01\\\/a19e9615-cdee-439c-941f-ff4bebfc432a.webp\",\"contentUrl\":\"https:\\\/\\\/raymarine.ee\\\/wp-content\\\/uploads\\\/2025\\\/01\\\/a19e9615-cdee-439c-941f-ff4bebfc432a.webp\",\"width\":1024,\"height\":1024},{\"@type\":\"BreadcrumbList\",\"@id\":\"https:\\\/\\\/raymarine.ee\\\/product\\\/cpt-110-plastikust-labi-pohja-chirp-andur-sugavus-ja-temperatuur\\\/#breadcrumb\",\"itemListElement\":[{\"@type\":\"ListItem\",\"position\":1,\"name\":\"Home\",\"item\":\"https:\\\/\\\/raymarine.ee\\\/\"},{\"@type\":\"ListItem\",\"position\":2,\"name\":\"Tooted\",\"item\":\"https:\\\/\\\/raymarine.ee\\\/shop\\\/\"},{\"@type\":\"ListItem\",\"position\":3,\"name\":\"CPT-110 Plastikust l\u00e4bi p\u00f5hja CHIRP andur, s\u00fcgavus ja temperatuur\"}]},{\"@type\":\"WebSite\",\"@id\":\"https:\\\/\\\/raymarine.ee\\\/#website\",\"url\":\"https:\\\/\\\/raymarine.ee\\\/\",\"name\":\"www.raymarine.ee\",\"description\":\"Mereelektroonika, kaardiplotter, autopiloot, pinnipiloot, roolipiloot, radar, AIS, VHF, Smart Wind\",\"publisher\":{\"@id\":\"https:\\\/\\\/raymarine.ee\\\/#organization\"},\"alternateName\":\"Raymarine\",\"potentialAction\":[{\"@type\":\"SearchAction\",\"target\":{\"@type\":\"EntryPoint\",\"urlTemplate\":\"https:\\\/\\\/raymarine.ee\\\/?s={search_term_string}\"},\"query-input\":{\"@type\":\"PropertyValueSpecification\",\"valueRequired\":true,\"valueName\":\"search_term_string\"}}],\"inLanguage\":\"en-GB\"},{\"@type\":\"Organization\",\"@id\":\"https:\\\/\\\/raymarine.ee\\\/#organization\",\"name\":\"NavSystems O\u00dc\",\"url\":\"https:\\\/\\\/raymarine.ee\\\/\",\"logo\":{\"@type\":\"ImageObject\",\"inLanguage\":\"en-GB\",\"@id\":\"https:\\\/\\\/raymarine.ee\\\/#\\\/schema\\\/logo\\\/image\\\/\",\"url\":\"https:\\\/\\\/raymarine.ee\\\/wp-content\\\/uploads\\\/2024\\\/10\\\/Screenshot-2024-10-15-151324_bg_removed.webp\",\"contentUrl\":\"https:\\\/\\\/raymarine.ee\\\/wp-content\\\/uploads\\\/2024\\\/10\\\/Screenshot-2024-10-15-151324_bg_removed.webp\",\"width\":420,\"height\":276,\"caption\":\"NavSystems O\u00dc\"},\"image\":{\"@id\":\"https:\\\/\\\/raymarine.ee\\\/#\\\/schema\\\/logo\\\/image\\\/\"},\"sameAs\":[\"https:\\\/\\\/www.facebook.com\\\/NavSystems\"],\"legalName\":\"NavSystems O\u00dc\",\"foundingDate\":\"2011-05-03\",\"numberOfEmployees\":{\"@type\":\"QuantitativeValue\",\"minValue\":\"1\",\"maxValue\":\"10\"}}]}<\/script>\n<meta property=\"product:price:amount\" content=\"402.00\" \/>\n<meta property=\"product:price:currency\" content=\"EUR\" \/>\n<meta property=\"og:availability\" content=\"instock\" \/>\n<meta property=\"product:availability\" content=\"instock\" \/>\n<meta property=\"product:retailer_item_id\" content=\"A80277\" \/>\n<meta property=\"product:condition\" content=\"new\" \/>\n<!-- \/ Yoast SEO Premium plugin. -->","yoast_head_json":{"title":"CPT-110 Plastikust l\u00e4bi p\u00f5hja CHIRP andur, s\u00fcgavus ja temperatuur - NavSystems Mereelektroonika","description":"Raymarine CPT-110 CHIRP DownVision andur l\u00e4bi kere paigalduseks. S\u00fcgavus kuni 189 m, temperatuurin\u00e4it, 25\u00b0 sonar, sobib CP100, a68 ja a78 seadmetele.","robots":{"index":"index","follow":"follow","max-snippet":"max-snippet:-1","max-image-preview":"max-image-preview:large","max-video-preview":"max-video-preview:-1"},"canonical":"https:\/\/raymarine.ee\/en\/product\/cpt-110-plastikust-labi-pohja-chirp-andur-sugavus-ja-temperatuur\/","og_locale":"en_GB","og_type":"article","og_title":"CPT-110 Plastikust l\u00e4bi p\u00f5hja CHIRP andur, s\u00fcgavus ja temperatuur","og_description":"Raymarine CPT-110 CHIRP DownVision andur l\u00e4bi kere paigalduseks. S\u00fcgavus kuni 189 m, temperatuurin\u00e4it, 25\u00b0 sonar, sobib CP100, a68 ja a78 seadmetele.","og_url":"https:\/\/raymarine.ee\/en\/product\/cpt-110-plastikust-labi-pohja-chirp-andur-sugavus-ja-temperatuur\/","og_site_name":"NavSystems","article_publisher":"https:\/\/www.facebook.com\/NavSystems","article_modified_time":"2025-04-18T15:49:14+00:00","og_image":[{"width":1024,"height":1024,"url":"https:\/\/raymarine.ee\/wp-content\/uploads\/2025\/01\/a19e9615-cdee-439c-941f-ff4bebfc432a.webp","type":"image\/webp"}],"twitter_card":"summary_large_image","twitter_misc":{"Price":"402,00&nbsp;&euro;","Availability":"In stock"},"schema":{"@context":"https:\/\/schema.org","@graph":[{"@type":"WebPage","@id":"https:\/\/raymarine.ee\/product\/cpt-110-plastikust-labi-pohja-chirp-andur-sugavus-ja-temperatuur\/","url":"https:\/\/raymarine.ee\/product\/cpt-110-plastikust-labi-pohja-chirp-andur-sugavus-ja-temperatuur\/","name":"CPT-110 Plastikust l\u00e4bi p\u00f5hja CHIRP andur, s\u00fcgavus ja temperatuur - NavSystems Mereelektroonika","isPartOf":{"@id":"https:\/\/raymarine.ee\/#website"},"primaryImageOfPage":{"@id":"https:\/\/raymarine.ee\/product\/cpt-110-plastikust-labi-pohja-chirp-andur-sugavus-ja-temperatuur\/#primaryimage"},"image":{"@id":"https:\/\/raymarine.ee\/product\/cpt-110-plastikust-labi-pohja-chirp-andur-sugavus-ja-temperatuur\/#primaryimage"},"thumbnailUrl":"https:\/\/raymarine.ee\/wp-content\/uploads\/2025\/01\/a19e9615-cdee-439c-941f-ff4bebfc432a.webp","datePublished":"2025-01-14T19:06:06+00:00","dateModified":"2025-04-18T15:49:14+00:00","description":"Raymarine CPT-110 CHIRP DownVision andur l\u00e4bi kere paigalduseks. S\u00fcgavus kuni 189 m, temperatuurin\u00e4it, 25\u00b0 sonar, sobib CP100, a68 ja a78 seadmetele.","breadcrumb":{"@id":"https:\/\/raymarine.ee\/product\/cpt-110-plastikust-labi-pohja-chirp-andur-sugavus-ja-temperatuur\/#breadcrumb"},"inLanguage":"en-GB","potentialAction":[{"@type":"ReadAction","target":["https:\/\/raymarine.ee\/product\/cpt-110-plastikust-labi-pohja-chirp-andur-sugavus-ja-temperatuur\/"]}]},{"@type":"ImageObject","inLanguage":"en-GB","@id":"https:\/\/raymarine.ee\/product\/cpt-110-plastikust-labi-pohja-chirp-andur-sugavus-ja-temperatuur\/#primaryimage","url":"https:\/\/raymarine.ee\/wp-content\/uploads\/2025\/01\/a19e9615-cdee-439c-941f-ff4bebfc432a.webp","contentUrl":"https:\/\/raymarine.ee\/wp-content\/uploads\/2025\/01\/a19e9615-cdee-439c-941f-ff4bebfc432a.webp","width":1024,"height":1024},{"@type":"BreadcrumbList","@id":"https:\/\/raymarine.ee\/product\/cpt-110-plastikust-labi-pohja-chirp-andur-sugavus-ja-temperatuur\/#breadcrumb","itemListElement":[{"@type":"ListItem","position":1,"name":"Home","item":"https:\/\/raymarine.ee\/"},{"@type":"ListItem","position":2,"name":"Tooted","item":"https:\/\/raymarine.ee\/shop\/"},{"@type":"ListItem","position":3,"name":"CPT-110 Plastikust l\u00e4bi p\u00f5hja CHIRP andur, s\u00fcgavus ja temperatuur"}]},{"@type":"WebSite","@id":"https:\/\/raymarine.ee\/#website","url":"https:\/\/raymarine.ee\/","name":"www.raymarine.ee","description":"Mereelektroonika, kaardiplotter, autopiloot, pinnipiloot, roolipiloot, radar, AIS, VHF, Smart Wind","publisher":{"@id":"https:\/\/raymarine.ee\/#organization"},"alternateName":"Raymarine","potentialAction":[{"@type":"SearchAction","target":{"@type":"EntryPoint","urlTemplate":"https:\/\/raymarine.ee\/?s={search_term_string}"},"query-input":{"@type":"PropertyValueSpecification","valueRequired":true,"valueName":"search_term_string"}}],"inLanguage":"en-GB"},{"@type":"Organization","@id":"https:\/\/raymarine.ee\/#organization","name":"NavSystems O\u00dc","url":"https:\/\/raymarine.ee\/","logo":{"@type":"ImageObject","inLanguage":"en-GB","@id":"https:\/\/raymarine.ee\/#\/schema\/logo\/image\/","url":"https:\/\/raymarine.ee\/wp-content\/uploads\/2024\/10\/Screenshot-2024-10-15-151324_bg_removed.webp","contentUrl":"https:\/\/raymarine.ee\/wp-content\/uploads\/2024\/10\/Screenshot-2024-10-15-151324_bg_removed.webp","width":420,"height":276,"caption":"NavSystems O\u00dc"},"image":{"@id":"https:\/\/raymarine.ee\/#\/schema\/logo\/image\/"},"sameAs":["https:\/\/www.facebook.com\/NavSystems"],"legalName":"NavSystems O\u00dc","foundingDate":"2011-05-03","numberOfEmployees":{"@type":"QuantitativeValue","minValue":"1","maxValue":"10"}}]},"product_price_amount":"402.00","product_price_currency":"EUR","og_availability":"instock","product_availability":"instock","product_retailer_item_id":"A80277","product_condition":"new"},"jetpack_sharing_enabled":true,"_links":{"self":[{"href":"https:\/\/raymarine.ee\/en\/wp-json\/wp\/v2\/product\/6363","targetHints":{"allow":["GET"]}}],"collection":[{"href":"https:\/\/raymarine.ee\/en\/wp-json\/wp\/v2\/product"}],"about":[{"href":"https:\/\/raymarine.ee\/en\/wp-json\/wp\/v2\/types\/product"}],"wp:featuredmedia":[{"embeddable":true,"href":"https:\/\/raymarine.ee\/en\/wp-json\/wp\/v2\/media\/7835"}],"wp:attachment":[{"href":"https:\/\/raymarine.ee\/en\/wp-json\/wp\/v2\/media?parent=6363"}],"wp:term":[{"taxonomy":"product_brand","embeddable":true,"href":"https:\/\/raymarine.ee\/en\/wp-json\/wp\/v2\/product_brand?post=6363"},{"taxonomy":"product_cat","embeddable":true,"href":"https:\/\/raymarine.ee\/en\/wp-json\/wp\/v2\/product_cat?post=6363"},{"taxonomy":"product_tag","embeddable":true,"href":"https:\/\/raymarine.ee\/en\/wp-json\/wp\/v2\/product_tag?post=6363"}],"curies":[{"name":"wp","href":"https:\/\/api.w.org\/{rel}","templated":true}]}}