{"id":6364,"date":"2025-01-14T19:00:56","date_gmt":"2025-01-14T19:00:56","guid":{"rendered":"https:\/\/raymarine.ee\/?post_type=product&#038;p=6364"},"modified":"2025-04-18T17:59:02","modified_gmt":"2025-04-18T15:59:02","slug":"cpt-120-pronksist-labi-pohja-chirp-andur-sugavus-ja-temperatuur","status":"publish","type":"product","link":"https:\/\/raymarine.ee\/en\/product\/cpt-120-pronksist-labi-pohja-chirp-andur-sugavus-ja-temperatuur\/","title":{"rendered":"CPT-120 Pronksist l\u00e4bi p\u00f5hja CHIRP andur, s\u00fcgavus ja temperatuur"},"content":{"rendered":"<h2 class=\"\" data-start=\"131\" data-end=\"188\"><strong data-start=\"134\" data-end=\"188\">Raymarine CPT-120 CHIRP DownVision l\u00e4bi kere andur<\/strong><\/h2>\n<p class=\"\" data-start=\"190\" data-end=\"485\"><strong data-start=\"190\" data-end=\"211\">Raymarine CPT-120<\/strong> on <strong data-start=\"215\" data-end=\"263\">l\u00e4bi kere paigaldatav CHIRP DownVision andur<\/strong>, mis edastab t\u00e4pseid s\u00fcgavus- ja temperatuurin\u00e4ite ning tagab kvaliteetse sonaripildi ka s\u00fcgavas vees. Andur sobib kasutamiseks koos <strong data-start=\"397\" data-end=\"430\">Raymarine CP100 sonarimooduli<\/strong> ning <strong data-start=\"436\" data-end=\"484\">a68 ja a78 multifunktsionaalsete ekraanidega<\/strong>.<\/p>\n<p class=\"\" data-start=\"487\" data-end=\"667\">CPT-120 kasutab <strong data-start=\"503\" data-end=\"532\">25\u00b0 koonilist sonarikiirt<\/strong> ning <strong data-start=\"538\" data-end=\"610\">lai-port\/starboard ja kitsas-fore\/aft DownVision f\u00e4nnikujulist kiirt<\/strong>, et edastada \u00fcksikasjalikku ja t\u00e4pset veealust kujutist.<\/p>\n<hr class=\"\" data-start=\"669\" data-end=\"672\" \/>\n<h3 class=\"\" data-start=\"674\" data-end=\"695\"><strong data-start=\"678\" data-end=\"695\">P\u00f5hiomadused:<\/strong><\/h3>\n<ul data-start=\"696\" data-end=\"1002\">\n<li class=\"\" data-start=\"696\" data-end=\"761\">\n<p class=\"\" data-start=\"698\" data-end=\"761\"><strong data-start=\"698\" data-end=\"725\">CHIRP DownVision\u2122 sonar<\/strong> \u2013 selge ja detailne veealune pilt<\/p>\n<\/li>\n<li class=\"\" data-start=\"762\" data-end=\"804\">\n<p class=\"\" data-start=\"764\" data-end=\"804\"><strong data-start=\"764\" data-end=\"802\">25\u00b0 kooniline sonarilainetuse kiir<\/strong><\/p>\n<\/li>\n<li class=\"\" data-start=\"805\" data-end=\"860\">\n<p class=\"\" data-start=\"807\" data-end=\"860\"><strong data-start=\"807\" data-end=\"858\">Sisseehitatud s\u00fcgavuse ja temperatuuri m\u00f5\u00f5tmine<\/strong><\/p>\n<\/li>\n<li class=\"\" data-start=\"861\" data-end=\"905\">\n<p class=\"\" data-start=\"863\" data-end=\"905\"><strong data-start=\"863\" data-end=\"903\">S\u00fcgavusulatus kuni 189 m (600 jalga)<\/strong><\/p>\n<\/li>\n<li class=\"\" data-start=\"906\" data-end=\"964\">\n<p class=\"\" data-start=\"908\" data-end=\"964\"><strong data-start=\"908\" data-end=\"944\">Kaasas kiilukompensatsiooniplokk<\/strong> (dead rise block)<\/p>\n<\/li>\n<li class=\"\" data-start=\"965\" data-end=\"1002\">\n<p class=\"\" data-start=\"967\" data-end=\"1002\"><strong data-start=\"967\" data-end=\"982\">10 m kaabel<\/strong> lihtsaks \u00fchenduseks<\/p>\n<\/li>\n<\/ul>\n<hr class=\"\" data-start=\"1004\" data-end=\"1007\" \/>\n<h3 class=\"\" data-start=\"1009\" data-end=\"1024\"><strong data-start=\"1013\" data-end=\"1024\">M\u00f5\u00f5dud:<\/strong><\/h3>\n<ul data-start=\"1025\" data-end=\"1072\">\n<li class=\"\" data-start=\"1025\" data-end=\"1049\">\n<p class=\"\" data-start=\"1027\" data-end=\"1049\"><strong data-start=\"1027\" data-end=\"1038\">Pikkus:<\/strong> 210.8 mm<\/p>\n<\/li>\n<li class=\"\" data-start=\"1050\" data-end=\"1072\">\n<p class=\"\" data-start=\"1052\" data-end=\"1072\"><strong data-start=\"1052\" data-end=\"1063\">K\u00f5rgus:<\/strong> 131.8 mm<\/p>\n<\/li>\n<\/ul>\n<hr class=\"\" data-start=\"1074\" data-end=\"1077\" \/>\n<h3 class=\"\" data-start=\"1079\" data-end=\"1097\"><strong data-start=\"1083\" data-end=\"1097\">\u00dchilduvus:<\/strong><\/h3>\n<ul data-start=\"1098\" data-end=\"1190\">\n<li class=\"\" data-start=\"1098\" data-end=\"1134\">\n<p class=\"\" data-start=\"1100\" data-end=\"1134\"><strong data-start=\"1100\" data-end=\"1132\">Raymarine CP100 sonarimoodul<\/strong><\/p>\n<\/li>\n<li class=\"\" data-start=\"1135\" data-end=\"1190\">\n<p class=\"\" data-start=\"1137\" data-end=\"1190\"><strong data-start=\"1137\" data-end=\"1161\">Raymarine a68 ja a78<\/strong> multifunktsionaalsed seadmed<\/p>\n<\/li>\n<\/ul>","protected":false},"excerpt":{"rendered":"<p>CPT-120 Plastic Through Hull Chirp Transducer, Depth &amp; Temp sobib CP-100 CHIRP kajaloe moodulile ja k\u00f5ikidele xx8 seeria kaardiplotteritele.<\/p>","protected":false},"featured_media":7834,"template":"","meta":{"_acf_changed":false},"product_brand":[134],"product_cat":[54,103,79],"product_tag":[],"class_list":{"0":"post-6364","1":"product","2":"type-product","3":"status-publish","4":"has-post-thumbnail","6":"product_brand-raymarine","7":"product_cat-kalaleidjad","8":"product_cat-raymarine","9":"product_cat-kalaleidjate_andurid","11":"first","12":"onbackorder","13":"sale","14":"taxable","15":"shipping-taxable","16":"purchasable","17":"product-type-simple"},"acf":[],"yoast_head":"<!-- This site is optimized with the Yoast SEO Premium plugin v27.5 (Yoast SEO v27.5) - https:\/\/yoast.com\/product\/yoast-seo-premium-wordpress\/ -->\n<title>CPT-120 Pronksist l\u00e4bi p\u00f5hja CHIRP andur, s\u00fcgavus ja temperatuur - NavSystems Mereelektroonika<\/title>\n<meta name=\"description\" content=\"Raymarine CPT-120 l\u00e4bi kere CHIRP DownVision andur. S\u00fcgavus kuni 189 m, temperatuurin\u00e4it, 25\u00b0 sonarikiir. Sobib CP100, a68 ja a78 seadmetele.\" \/>\n<meta name=\"robots\" content=\"index, follow, max-snippet:-1, max-image-preview:large, max-video-preview:-1\" \/>\n<link rel=\"canonical\" href=\"https:\/\/raymarine.ee\/en\/product\/cpt-120-pronksist-labi-pohja-chirp-andur-sugavus-ja-temperatuur\/\" \/>\n<meta property=\"og:locale\" content=\"en_GB\" \/>\n<meta property=\"og:type\" content=\"article\" \/>\n<meta property=\"og:title\" content=\"CPT-120 Pronksist l\u00e4bi p\u00f5hja CHIRP andur, s\u00fcgavus ja temperatuur\" \/>\n<meta property=\"og:description\" content=\"Raymarine CPT-120 l\u00e4bi kere CHIRP DownVision andur. S\u00fcgavus kuni 189 m, temperatuurin\u00e4it, 25\u00b0 sonarikiir. Sobib CP100, a68 ja a78 seadmetele.\" \/>\n<meta property=\"og:url\" content=\"https:\/\/raymarine.ee\/en\/product\/cpt-120-pronksist-labi-pohja-chirp-andur-sugavus-ja-temperatuur\/\" \/>\n<meta property=\"og:site_name\" content=\"NavSystems\" \/>\n<meta property=\"article:publisher\" content=\"https:\/\/www.facebook.com\/NavSystems\" \/>\n<meta property=\"article:modified_time\" content=\"2025-04-18T15:59:02+00:00\" \/>\n<meta property=\"og:image\" content=\"https:\/\/raymarine.ee\/wp-content\/uploads\/2025\/01\/27c8cf76-1f28-41ad-9906-a6efeef9409a.webp\" \/>\n\t<meta property=\"og:image:width\" content=\"1024\" \/>\n\t<meta property=\"og:image:height\" content=\"1024\" \/>\n\t<meta property=\"og:image:type\" content=\"image\/webp\" \/>\n<meta name=\"twitter:card\" content=\"summary_large_image\" \/>\n<meta name=\"twitter:label1\" content=\"Price\" \/>\n\t<meta name=\"twitter:data1\" content=\"466,00&nbsp;&euro;\" \/>\n\t<meta name=\"twitter:label2\" content=\"Availability\" \/>\n\t<meta name=\"twitter:data2\" content=\"On back order\" \/>\n<script type=\"application\/ld+json\" class=\"yoast-schema-graph\">{\"@context\":\"https:\\\/\\\/schema.org\",\"@graph\":[{\"@type\":\"WebPage\",\"@id\":\"https:\\\/\\\/raymarine.ee\\\/product\\\/cpt-120-pronksist-labi-pohja-chirp-andur-sugavus-ja-temperatuur\\\/\",\"url\":\"https:\\\/\\\/raymarine.ee\\\/product\\\/cpt-120-pronksist-labi-pohja-chirp-andur-sugavus-ja-temperatuur\\\/\",\"name\":\"CPT-120 Pronksist l\u00e4bi p\u00f5hja CHIRP andur, s\u00fcgavus ja temperatuur - NavSystems Mereelektroonika\",\"isPartOf\":{\"@id\":\"https:\\\/\\\/raymarine.ee\\\/#website\"},\"primaryImageOfPage\":{\"@id\":\"https:\\\/\\\/raymarine.ee\\\/product\\\/cpt-120-pronksist-labi-pohja-chirp-andur-sugavus-ja-temperatuur\\\/#primaryimage\"},\"image\":{\"@id\":\"https:\\\/\\\/raymarine.ee\\\/product\\\/cpt-120-pronksist-labi-pohja-chirp-andur-sugavus-ja-temperatuur\\\/#primaryimage\"},\"thumbnailUrl\":\"https:\\\/\\\/raymarine.ee\\\/wp-content\\\/uploads\\\/2025\\\/01\\\/27c8cf76-1f28-41ad-9906-a6efeef9409a.webp\",\"datePublished\":\"2025-01-14T19:00:56+00:00\",\"dateModified\":\"2025-04-18T15:59:02+00:00\",\"description\":\"Raymarine CPT-120 l\u00e4bi kere CHIRP DownVision andur. S\u00fcgavus kuni 189 m, temperatuurin\u00e4it, 25\u00b0 sonarikiir. Sobib CP100, a68 ja a78 seadmetele.\",\"breadcrumb\":{\"@id\":\"https:\\\/\\\/raymarine.ee\\\/product\\\/cpt-120-pronksist-labi-pohja-chirp-andur-sugavus-ja-temperatuur\\\/#breadcrumb\"},\"inLanguage\":\"en-GB\",\"potentialAction\":[{\"@type\":\"ReadAction\",\"target\":[\"https:\\\/\\\/raymarine.ee\\\/product\\\/cpt-120-pronksist-labi-pohja-chirp-andur-sugavus-ja-temperatuur\\\/\"]}]},{\"@type\":\"ImageObject\",\"inLanguage\":\"en-GB\",\"@id\":\"https:\\\/\\\/raymarine.ee\\\/product\\\/cpt-120-pronksist-labi-pohja-chirp-andur-sugavus-ja-temperatuur\\\/#primaryimage\",\"url\":\"https:\\\/\\\/raymarine.ee\\\/wp-content\\\/uploads\\\/2025\\\/01\\\/27c8cf76-1f28-41ad-9906-a6efeef9409a.webp\",\"contentUrl\":\"https:\\\/\\\/raymarine.ee\\\/wp-content\\\/uploads\\\/2025\\\/01\\\/27c8cf76-1f28-41ad-9906-a6efeef9409a.webp\",\"width\":1024,\"height\":1024},{\"@type\":\"BreadcrumbList\",\"@id\":\"https:\\\/\\\/raymarine.ee\\\/product\\\/cpt-120-pronksist-labi-pohja-chirp-andur-sugavus-ja-temperatuur\\\/#breadcrumb\",\"itemListElement\":[{\"@type\":\"ListItem\",\"position\":1,\"name\":\"Home\",\"item\":\"https:\\\/\\\/raymarine.ee\\\/\"},{\"@type\":\"ListItem\",\"position\":2,\"name\":\"Tooted\",\"item\":\"https:\\\/\\\/raymarine.ee\\\/shop\\\/\"},{\"@type\":\"ListItem\",\"position\":3,\"name\":\"CPT-120 Pronksist l\u00e4bi p\u00f5hja CHIRP andur, s\u00fcgavus ja temperatuur\"}]},{\"@type\":\"WebSite\",\"@id\":\"https:\\\/\\\/raymarine.ee\\\/#website\",\"url\":\"https:\\\/\\\/raymarine.ee\\\/\",\"name\":\"www.raymarine.ee\",\"description\":\"Mereelektroonika, kaardiplotter, autopiloot, pinnipiloot, roolipiloot, radar, AIS, VHF, Smart Wind\",\"publisher\":{\"@id\":\"https:\\\/\\\/raymarine.ee\\\/#organization\"},\"alternateName\":\"Raymarine\",\"potentialAction\":[{\"@type\":\"SearchAction\",\"target\":{\"@type\":\"EntryPoint\",\"urlTemplate\":\"https:\\\/\\\/raymarine.ee\\\/?s={search_term_string}\"},\"query-input\":{\"@type\":\"PropertyValueSpecification\",\"valueRequired\":true,\"valueName\":\"search_term_string\"}}],\"inLanguage\":\"en-GB\"},{\"@type\":\"Organization\",\"@id\":\"https:\\\/\\\/raymarine.ee\\\/#organization\",\"name\":\"NavSystems O\u00dc\",\"url\":\"https:\\\/\\\/raymarine.ee\\\/\",\"logo\":{\"@type\":\"ImageObject\",\"inLanguage\":\"en-GB\",\"@id\":\"https:\\\/\\\/raymarine.ee\\\/#\\\/schema\\\/logo\\\/image\\\/\",\"url\":\"https:\\\/\\\/raymarine.ee\\\/wp-content\\\/uploads\\\/2024\\\/10\\\/Screenshot-2024-10-15-151324_bg_removed.webp\",\"contentUrl\":\"https:\\\/\\\/raymarine.ee\\\/wp-content\\\/uploads\\\/2024\\\/10\\\/Screenshot-2024-10-15-151324_bg_removed.webp\",\"width\":420,\"height\":276,\"caption\":\"NavSystems O\u00dc\"},\"image\":{\"@id\":\"https:\\\/\\\/raymarine.ee\\\/#\\\/schema\\\/logo\\\/image\\\/\"},\"sameAs\":[\"https:\\\/\\\/www.facebook.com\\\/NavSystems\"],\"legalName\":\"NavSystems O\u00dc\",\"foundingDate\":\"2011-05-03\",\"numberOfEmployees\":{\"@type\":\"QuantitativeValue\",\"minValue\":\"1\",\"maxValue\":\"10\"}}]}<\/script>\n<meta property=\"product:price:amount\" content=\"466.00\" \/>\n<meta property=\"product:price:currency\" content=\"EUR\" \/>\n<meta property=\"og:availability\" content=\"backorder\" \/>\n<meta property=\"product:availability\" content=\"available for order\" \/>\n<meta property=\"product:retailer_item_id\" content=\"A80350\" \/>\n<meta property=\"product:condition\" content=\"new\" \/>\n<!-- \/ Yoast SEO Premium plugin. -->","yoast_head_json":{"title":"CPT-120 Pronksist l\u00e4bi p\u00f5hja CHIRP andur, s\u00fcgavus ja temperatuur - NavSystems Mereelektroonika","description":"Raymarine CPT-120 l\u00e4bi kere CHIRP DownVision andur. S\u00fcgavus kuni 189 m, temperatuurin\u00e4it, 25\u00b0 sonarikiir. Sobib CP100, a68 ja a78 seadmetele.","robots":{"index":"index","follow":"follow","max-snippet":"max-snippet:-1","max-image-preview":"max-image-preview:large","max-video-preview":"max-video-preview:-1"},"canonical":"https:\/\/raymarine.ee\/en\/product\/cpt-120-pronksist-labi-pohja-chirp-andur-sugavus-ja-temperatuur\/","og_locale":"en_GB","og_type":"article","og_title":"CPT-120 Pronksist l\u00e4bi p\u00f5hja CHIRP andur, s\u00fcgavus ja temperatuur","og_description":"Raymarine CPT-120 l\u00e4bi kere CHIRP DownVision andur. S\u00fcgavus kuni 189 m, temperatuurin\u00e4it, 25\u00b0 sonarikiir. Sobib CP100, a68 ja a78 seadmetele.","og_url":"https:\/\/raymarine.ee\/en\/product\/cpt-120-pronksist-labi-pohja-chirp-andur-sugavus-ja-temperatuur\/","og_site_name":"NavSystems","article_publisher":"https:\/\/www.facebook.com\/NavSystems","article_modified_time":"2025-04-18T15:59:02+00:00","og_image":[{"width":1024,"height":1024,"url":"https:\/\/raymarine.ee\/wp-content\/uploads\/2025\/01\/27c8cf76-1f28-41ad-9906-a6efeef9409a.webp","type":"image\/webp"}],"twitter_card":"summary_large_image","twitter_misc":{"Price":"466,00&nbsp;&euro;","Availability":"On back order"},"schema":{"@context":"https:\/\/schema.org","@graph":[{"@type":"WebPage","@id":"https:\/\/raymarine.ee\/product\/cpt-120-pronksist-labi-pohja-chirp-andur-sugavus-ja-temperatuur\/","url":"https:\/\/raymarine.ee\/product\/cpt-120-pronksist-labi-pohja-chirp-andur-sugavus-ja-temperatuur\/","name":"CPT-120 Pronksist l\u00e4bi p\u00f5hja CHIRP andur, s\u00fcgavus ja temperatuur - NavSystems Mereelektroonika","isPartOf":{"@id":"https:\/\/raymarine.ee\/#website"},"primaryImageOfPage":{"@id":"https:\/\/raymarine.ee\/product\/cpt-120-pronksist-labi-pohja-chirp-andur-sugavus-ja-temperatuur\/#primaryimage"},"image":{"@id":"https:\/\/raymarine.ee\/product\/cpt-120-pronksist-labi-pohja-chirp-andur-sugavus-ja-temperatuur\/#primaryimage"},"thumbnailUrl":"https:\/\/raymarine.ee\/wp-content\/uploads\/2025\/01\/27c8cf76-1f28-41ad-9906-a6efeef9409a.webp","datePublished":"2025-01-14T19:00:56+00:00","dateModified":"2025-04-18T15:59:02+00:00","description":"Raymarine CPT-120 l\u00e4bi kere CHIRP DownVision andur. S\u00fcgavus kuni 189 m, temperatuurin\u00e4it, 25\u00b0 sonarikiir. Sobib CP100, a68 ja a78 seadmetele.","breadcrumb":{"@id":"https:\/\/raymarine.ee\/product\/cpt-120-pronksist-labi-pohja-chirp-andur-sugavus-ja-temperatuur\/#breadcrumb"},"inLanguage":"en-GB","potentialAction":[{"@type":"ReadAction","target":["https:\/\/raymarine.ee\/product\/cpt-120-pronksist-labi-pohja-chirp-andur-sugavus-ja-temperatuur\/"]}]},{"@type":"ImageObject","inLanguage":"en-GB","@id":"https:\/\/raymarine.ee\/product\/cpt-120-pronksist-labi-pohja-chirp-andur-sugavus-ja-temperatuur\/#primaryimage","url":"https:\/\/raymarine.ee\/wp-content\/uploads\/2025\/01\/27c8cf76-1f28-41ad-9906-a6efeef9409a.webp","contentUrl":"https:\/\/raymarine.ee\/wp-content\/uploads\/2025\/01\/27c8cf76-1f28-41ad-9906-a6efeef9409a.webp","width":1024,"height":1024},{"@type":"BreadcrumbList","@id":"https:\/\/raymarine.ee\/product\/cpt-120-pronksist-labi-pohja-chirp-andur-sugavus-ja-temperatuur\/#breadcrumb","itemListElement":[{"@type":"ListItem","position":1,"name":"Home","item":"https:\/\/raymarine.ee\/"},{"@type":"ListItem","position":2,"name":"Tooted","item":"https:\/\/raymarine.ee\/shop\/"},{"@type":"ListItem","position":3,"name":"CPT-120 Pronksist l\u00e4bi p\u00f5hja CHIRP andur, s\u00fcgavus ja temperatuur"}]},{"@type":"WebSite","@id":"https:\/\/raymarine.ee\/#website","url":"https:\/\/raymarine.ee\/","name":"www.raymarine.ee","description":"Mereelektroonika, kaardiplotter, autopiloot, pinnipiloot, roolipiloot, radar, AIS, VHF, Smart Wind","publisher":{"@id":"https:\/\/raymarine.ee\/#organization"},"alternateName":"Raymarine","potentialAction":[{"@type":"SearchAction","target":{"@type":"EntryPoint","urlTemplate":"https:\/\/raymarine.ee\/?s={search_term_string}"},"query-input":{"@type":"PropertyValueSpecification","valueRequired":true,"valueName":"search_term_string"}}],"inLanguage":"en-GB"},{"@type":"Organization","@id":"https:\/\/raymarine.ee\/#organization","name":"NavSystems O\u00dc","url":"https:\/\/raymarine.ee\/","logo":{"@type":"ImageObject","inLanguage":"en-GB","@id":"https:\/\/raymarine.ee\/#\/schema\/logo\/image\/","url":"https:\/\/raymarine.ee\/wp-content\/uploads\/2024\/10\/Screenshot-2024-10-15-151324_bg_removed.webp","contentUrl":"https:\/\/raymarine.ee\/wp-content\/uploads\/2024\/10\/Screenshot-2024-10-15-151324_bg_removed.webp","width":420,"height":276,"caption":"NavSystems O\u00dc"},"image":{"@id":"https:\/\/raymarine.ee\/#\/schema\/logo\/image\/"},"sameAs":["https:\/\/www.facebook.com\/NavSystems"],"legalName":"NavSystems O\u00dc","foundingDate":"2011-05-03","numberOfEmployees":{"@type":"QuantitativeValue","minValue":"1","maxValue":"10"}}]},"product_price_amount":"466.00","product_price_currency":"EUR","og_availability":"backorder","product_availability":"available for order","product_retailer_item_id":"A80350","product_condition":"new"},"jetpack_sharing_enabled":true,"_links":{"self":[{"href":"https:\/\/raymarine.ee\/en\/wp-json\/wp\/v2\/product\/6364","targetHints":{"allow":["GET"]}}],"collection":[{"href":"https:\/\/raymarine.ee\/en\/wp-json\/wp\/v2\/product"}],"about":[{"href":"https:\/\/raymarine.ee\/en\/wp-json\/wp\/v2\/types\/product"}],"wp:featuredmedia":[{"embeddable":true,"href":"https:\/\/raymarine.ee\/en\/wp-json\/wp\/v2\/media\/7834"}],"wp:attachment":[{"href":"https:\/\/raymarine.ee\/en\/wp-json\/wp\/v2\/media?parent=6364"}],"wp:term":[{"taxonomy":"product_brand","embeddable":true,"href":"https:\/\/raymarine.ee\/en\/wp-json\/wp\/v2\/product_brand?post=6364"},{"taxonomy":"product_cat","embeddable":true,"href":"https:\/\/raymarine.ee\/en\/wp-json\/wp\/v2\/product_cat?post=6364"},{"taxonomy":"product_tag","embeddable":true,"href":"https:\/\/raymarine.ee\/en\/wp-json\/wp\/v2\/product_tag?post=6364"}],"curies":[{"name":"wp","href":"https:\/\/api.w.org\/{rel}","templated":true}]}}