{"id":6367,"date":"2025-01-14T18:57:17","date_gmt":"2025-01-14T18:57:17","guid":{"rendered":"https:\/\/raymarine.ee\/?post_type=product&#038;p=6367"},"modified":"2026-04-21T10:32:24","modified_gmt":"2026-04-21T07:32:24","slug":"axiom2-pro-12-s-hybridtouch-12-multi-function-display-with-integrated-high-chirp-conical-sonar-for-cpt-s","status":"publish","type":"product","link":"https:\/\/raymarine.ee\/en\/product\/axiom2-pro-12-s-hybridtouch-12-multi-function-display-with-integrated-high-chirp-conical-sonar-for-cpt-s\/","title":{"rendered":"AXIOM2 Pro 12 S, HybridTouch 12\u201d Multi-function Display with integrated High CHIRP Conical Sonar for CPT-S"},"content":{"rendered":"<h5 data-start=\"89\" data-end=\"116\"><strong data-start=\"89\" data-end=\"116\">RAYMARINE AXIOM2 PRO S + LightHouse merekaart, p\u00f5hja Euroopa (NEU).<\/strong><\/h5>\n<p data-start=\"118\" data-end=\"484\"><strong data-start=\"118\" data-end=\"204\">V\u00f5imas 6-tuumaline protsessor, HydroTough\u2122 puuteekraan, t\u00e4iustatud sonar ja rohkem<\/strong><br data-start=\"204\" data-end=\"207\" \/>Axiom2 Pro S \u00fchendab kaardiplotteri, sonari, radari, autopiloodi ja video \u00fchte v\u00f5imsasse navigeerimiss\u00fcsteemi. Axiom2 Pro pakub kiiret ja sujuvat navigeerimist, kombineerides intuitiivse LightHouse operatsioonis\u00fcsteemi ja HybridTouch\u2122 juhtimise, et muuta iga s\u00f5it lihtsamaks.<\/p>\n<p data-start=\"486\" data-end=\"806\"><strong data-start=\"486\" data-end=\"522\">V\u00f5imsus ja t\u00e4psus igas olukorras<\/strong><br data-start=\"522\" data-end=\"525\" \/>Axiom2 Pro S sisaldab kiiret 6-tuumalist protsessorit, et tagada kaardiplotteri, radarite, autopiloodi ja videote kiire integreerimine. Lisaks on see varustatud HydroTough\u2122 puuteekraaniga, mis pakub suurep\u00e4rast n\u00e4htavust isegi p\u00e4ikese k\u00e4es. Puuteekraan on veekindel ja vastupidav.<\/p>\n<p data-start=\"808\" data-end=\"1094\"><strong data-start=\"808\" data-end=\"835\">HydroTough\u2122 puuteekraan<\/strong><br data-start=\"835\" data-end=\"838\" \/>Axiom2 Pro S puuteekraan on kaetud spetsiaalse HydroTough\u2122 nano-kattega, mis t\u00f5rjub vett, muutes ekraani usaldusv\u00e4\u00e4rseks ka tormistes tingimustes. See pakub selget ekraani isegi intensiivse p\u00e4ikesevalguse k\u00e4es ja pakub t\u00e4pset juhtimist igasugustes oludes.<\/p>\n<p data-start=\"1096\" data-end=\"1351\"><strong data-start=\"1096\" data-end=\"1144\">Smart Tagasiside ja valgustuse reguleerimine<\/strong><br data-start=\"1144\" data-end=\"1147\" \/>Nutikas tagatule s\u00fcsteem koos \u00fcmbritseva valguse sensoriga reguleerib ekraani heledust automaatselt vastavalt valgustingimustele. Ekraani heledus kohandub p\u00e4eva ja \u00f6\u00f6 vahel, et tagada optimaalne n\u00e4htavus.<\/p>\n<p data-start=\"1353\" data-end=\"1643\"><strong data-start=\"1353\" data-end=\"1390\">T\u00e4iustatud purjetamise t\u00f6\u00f6riistad<\/strong><br data-start=\"1390\" data-end=\"1393\" \/>Axiom2 Pro S sisaldab v\u00f5imsaid t\u00f6\u00f6riistu purjetajatele, sealhulgas polaarprofiilide ja d\u00fcnaamiliste layline&#8217;ide kuvamise. Koos reguleeritavate v\u00f5istlusajam\u00f5\u00f5dikute ja SmartStart\u2122 algusjoone t\u00f6\u00f6riistadega on purjetamine t\u00e4pselt planeeritud ja valmis.<\/p>\n<p data-start=\"1645\" data-end=\"1891\"><strong data-start=\"1645\" data-end=\"1690\">Lihtne s\u00fcsteemi kohandamine ja \u00fchendamine<\/strong><br data-start=\"1690\" data-end=\"1693\" \/>Axiom2 Pro S v\u00f5imaldab luua mitmeid Axiom ekraane RayNet kaabli\u00fchenduse abil. Lisaks saab s\u00fcsteemi laiendada, \u00fchendades selle teiste Raymarine seadmetega, nagu radar, sonar, autopiloot ja kaamerad.<\/p>\n<p data-start=\"1893\" data-end=\"2200\"><strong data-start=\"1893\" data-end=\"1939\">Integreeritud k\u00f5rgsageduseline CHIRP sonar<\/strong><br data-start=\"1939\" data-end=\"1942\" \/>Axiom2 Pro S sisaldab integreeritud k\u00f5rgsageduslikku CHIRP sonarit, mis pakub t\u00e4pset s\u00fcvaveekontrolli ja veealuste struktuuride avastamist. Erinevad anduri valikud, sealhulgas transom, sisemine ja madal profiil, annavad paindlikkuse paadi t\u00fc\u00fcbist s\u00f5ltuvalt.<\/p>\n<p data-start=\"2202\" data-end=\"2450\"><strong data-start=\"2202\" data-end=\"2243\">T\u00e4iendavad v\u00f5imalused ja meelelahutus<\/strong><br data-start=\"2243\" data-end=\"2246\" \/>Voogedastuse rakenduste kaudu saad nautida meelelahutust otse oma ekraanilt, samuti toetab Axiom2 Pro S HDMI v\u00e4ljundit ja heli v\u00e4ljundit, et \u00fchendada kaug-ekraanide ja meretehnoloogia helis\u00fcsteemidega.<\/p>\n<p data-start=\"2452\" data-end=\"2691\"><strong data-start=\"2452\" data-end=\"2488\">Turvaline ja t\u00e4pne navigeerimine<\/strong><br data-start=\"2488\" data-end=\"2491\" \/>Axiom2 Pro S t\u00e4iustatud navigatsiooniv\u00f5imalused sisaldavad Quantum2 radome radari tuge, FLIR termokaamera \u00fchenduvust ja ClearCruise t\u00e4iendatud reaalsust, et tagada turvaline navigeerimine igal ajal.<\/p>\n<p data-start=\"2693\" data-end=\"2715\"><strong data-start=\"2693\" data-end=\"2715\">Tehnilised andmed:<\/strong><\/p>\n<ul data-start=\"2717\" data-end=\"3772\">\n<li data-start=\"2717\" data-end=\"2742\"><strong data-start=\"2719\" data-end=\"2737\">Ekraani suurus<\/strong>: 12&#8243;<\/li>\n<li data-start=\"2743\" data-end=\"2773\"><strong data-start=\"2745\" data-end=\"2761\">Resolutsioon<\/strong>: 1280 x 800<\/li>\n<li data-start=\"2774\" data-end=\"2841\"><strong data-start=\"2776\" data-end=\"2792\">Ekraani t\u00fc\u00fcp<\/strong>: Multitouch, HydroTough puuteekraan (kaitsekate)<\/li>\n<li data-start=\"2842\" data-end=\"2867\"><strong data-start=\"2844\" data-end=\"2855\">Heledus<\/strong>: 1500 nitti<\/li>\n<li data-start=\"2868\" data-end=\"2920\"><strong data-start=\"2870\" data-end=\"2884\">Vaate nurk<\/strong>: 85\u00b0 \u00fcles, alla, vasakule, paremale<\/li>\n<li data-start=\"2921\" data-end=\"2955\"><strong data-start=\"2923\" data-end=\"2932\">Toide<\/strong>: 12 V DC (8 &#8211; 16 V DC)<\/li>\n<li data-start=\"2956\" data-end=\"2986\"><strong data-start=\"2958\" data-end=\"2980\">V\u00f5imsuse tarbimine<\/strong>: 30 W<\/li>\n<li data-start=\"2987\" data-end=\"3024\"><strong data-start=\"2989\" data-end=\"3001\">Ethernet<\/strong>: Jah, 2x port (RayNet)<\/li>\n<li data-start=\"3025\" data-end=\"3063\"><strong data-start=\"3027\" data-end=\"3039\">NMEA2000<\/strong>: Jah, 1x port (Micro C)<\/li>\n<li data-start=\"3064\" data-end=\"3090\"><strong data-start=\"3066\" data-end=\"3075\">Sonar<\/strong>: Integreeritud<\/li>\n<li data-start=\"3091\" data-end=\"3163\"><strong data-start=\"3093\" data-end=\"3110\">Sonari t\u00fc\u00fcbid<\/strong>: High CHIRP, DownVision, SideVision ja RealVision 3D<\/li>\n<li data-start=\"3164\" data-end=\"3208\"><strong data-start=\"3166\" data-end=\"3173\">GPS<\/strong>: Integreeritud (10 Hz, 28 kanalit)<\/li>\n<li data-start=\"3209\" data-end=\"3246\"><strong data-start=\"3211\" data-end=\"3241\">GPS\/GLONASS\/Galileo\/Beidou<\/strong>: Jah<\/li>\n<li data-start=\"3247\" data-end=\"3337\"><strong data-start=\"3249\" data-end=\"3258\">Radar<\/strong>: \u00dchildub Quantum, Digital, HD Color\/Super HD Color ja Magnum radar antennidega<\/li>\n<li data-start=\"3338\" data-end=\"3366\"><strong data-start=\"3340\" data-end=\"3347\">AIS<\/strong>: Jah, via NMEA2000<\/li>\n<li data-start=\"3367\" data-end=\"3421\"><strong data-start=\"3369\" data-end=\"3389\">Kaardi \u00fchilduvus<\/strong>: Navionics, C-MAP ja Lighthouse<\/li>\n<li data-start=\"3422\" data-end=\"3466\"><strong data-start=\"3424\" data-end=\"3444\">Autopiloodi tugi<\/strong>: Evolution autopiloot<\/li>\n<li data-start=\"3467\" data-end=\"3529\"><strong data-start=\"3469\" data-end=\"3488\">Thermal Imaging<\/strong>: FLIR AX8, M232, M300 seeria, M400, M500<\/li>\n<li data-start=\"3530\" data-end=\"3597\"><strong data-start=\"3532\" data-end=\"3548\">Video\/Kamera<\/strong>: \u00dchildub CAM210IP ja CAM220IP (kuni 10 kaamerat)<\/li>\n<li data-start=\"3598\" data-end=\"3635\"><strong data-start=\"3600\" data-end=\"3618\">T\u00f6\u00f6temperatuur<\/strong>: -25 kuni +55 \u00b0C<\/li>\n<li data-start=\"3636\" data-end=\"3678\"><strong data-start=\"3638\" data-end=\"3661\">S\u00e4ilitustemperatuur<\/strong>: -30 kuni +70 \u00b0C<\/li>\n<li data-start=\"3679\" data-end=\"3707\"><strong data-start=\"3681\" data-end=\"3694\">Veekindel<\/strong>: IPX6 \/ IPX7<\/li>\n<li data-start=\"3708\" data-end=\"3753\"><strong data-start=\"3710\" data-end=\"3720\">M\u00f5\u00f5dud<\/strong>: 246,13 mm x 388,03 mm x 233,4 mm koos kaablitega<\/li>\n<li data-start=\"3754\" data-end=\"3772\"><strong data-start=\"3756\" data-end=\"3764\">Kaal<\/strong>: 2,9 kg<\/li>\n<\/ul>\n<p>&nbsp;<\/p>\n<p><strong>Juhendid:<\/strong><\/p>\n<p>Lae alla <a href=\"https:\/\/raymarine.ee\/wp-content\/uploads\/2026\/04\/Axiom-2-Pro-Installation-Instructions-87443-Rev-7-EN.pdf\" target=\"_blank\" rel=\"noopener\">Axiom2 Pro paigaldusjuhend<\/a><\/p>\n<p>Lae alla <a href=\"https:\/\/raymarine.ee\/wp-content\/uploads\/2026\/04\/LightHouse-4-v4.10.149-Advanced-Operation-instructions-81406-Rev-26-EN.pdf\" target=\"_blank\" rel=\"noopener\">LightHouse 4.10.149 kasutusjuhend<\/a><\/p>","protected":false},"excerpt":{"rendered":"<p><strong data-start=\"78\" data-end=\"172\">Kaardiplotter, sonar, radar, autopiloot ja video \u2013 k\u00f5ik \u00fches v\u00f5imsas navigeerimiss\u00fcsteemis.\u00a0<\/strong><\/p>\n<p>Axiom2 Pro S \u00fchendab kaardiplotteri, sonari, radari, autopiloodi ja video \u00fchte suure j\u00f5udlusega s\u00fcsteemi. Planeeri oma j\u00e4rgmine reis ja asu teele kindlalt Axiom2 Pro abil, mis pakub intuitiivset LightHouse operatsioonis\u00fcsteemi ning HybridTouch\u2122 puute- ja klaviatuurijuhtimise kogemust. Kasuta Axiom2 Pro-d kui \u00fcksikut GPS kaardiplotterit v\u00f5i loo mitme Axiom ekraani s\u00fcsteem lihtsa RayNet kaabli\u00fchenduse abil. Axiom2 Pro S ei ole vaid kaardiplotter \u2013 see sisaldab ka integreeritud k\u00f5rgsageduslikku CHIRP sonarit, ideaalset usaldusv\u00e4\u00e4rseks s\u00fcvaveekontrolliks ja veealuste struktuuride avastamiseks. Tutvu kindlasti ka selle toote\u00a0juhenditega\u00a0ja k\u00fcsimuste korral pea n\u00f5u meie spetsialistiga.<\/p>\n<p><span style=\"color: #ff9900;\">LightHouse merekaart, P\u00f5hja-Euroopa koos plotteriga tasuta kaasa!<\/span><\/p>","protected":false},"featured_media":9057,"template":"","meta":{"_acf_changed":false},"product_brand":[134],"product_cat":[58,77,18,54,343,103],"product_tag":[],"class_list":{"0":"post-6367","1":"product","2":"type-product","3":"status-publish","4":"has-post-thumbnail","6":"product_brand-raymarine","7":"product_cat-axiom_pro","8":"product_cat-raymarine-kaardiplotter-kalaleidja","9":"product_cat-axiom-axiom2-kaardiplotter-axiom2-pro","10":"product_cat-kalaleidjad","11":"product_cat-kampaaniad","12":"product_cat-raymarine","14":"first","15":"instock","16":"sale","17":"featured","18":"taxable","19":"shipping-taxable","20":"purchasable","21":"product-type-simple"},"acf":[],"yoast_head":"<!-- This site is optimized with the Yoast SEO Premium plugin v27.5 (Yoast SEO v27.5) - https:\/\/yoast.com\/product\/yoast-seo-premium-wordpress\/ -->\n<title>Axiom2 Pro 12s: Nutikas Kaardiplotter ja Chirp Sonar - NavSystems<\/title>\n<meta name=\"description\" content=\"Lihtne ja sujuv navigeerimine Axiom2 Pro 12s abil! Nautige intuitiivset LightHouse operatsioonis\u00fcsteemi ja t\u00e4iuslikku navigeerimist merel. Osta kohe!\" \/>\n<meta name=\"robots\" content=\"index, follow, max-snippet:-1, max-image-preview:large, max-video-preview:-1\" \/>\n<link rel=\"canonical\" href=\"https:\/\/raymarine.ee\/en\/product\/axiom2-pro-12-s-hybridtouch-12-multi-function-display-with-integrated-high-chirp-conical-sonar-for-cpt-s\/\" \/>\n<meta property=\"og:locale\" content=\"en_GB\" \/>\n<meta property=\"og:type\" content=\"article\" \/>\n<meta property=\"og:title\" content=\"AXIOM2 Pro 12 S, HybridTouch 12\u201d Multi-function Display with integrated High CHIRP Conical Sonar for CPT-S\" \/>\n<meta property=\"og:description\" content=\"Lihtne ja sujuv navigeerimine Axiom2 Pro 12s abil! Nautige intuitiivset LightHouse operatsioonis\u00fcsteemi ja t\u00e4iuslikku navigeerimist merel. Osta kohe!\" \/>\n<meta property=\"og:url\" content=\"https:\/\/raymarine.ee\/en\/product\/axiom2-pro-12-s-hybridtouch-12-multi-function-display-with-integrated-high-chirp-conical-sonar-for-cpt-s\/\" \/>\n<meta property=\"og:site_name\" content=\"NavSystems\" \/>\n<meta property=\"article:publisher\" content=\"https:\/\/www.facebook.com\/NavSystems\" \/>\n<meta property=\"article:modified_time\" content=\"2026-04-21T07:32:24+00:00\" \/>\n<meta property=\"og:image\" content=\"https:\/\/raymarine.ee\/wp-content\/uploads\/2025\/01\/Raymarine-Axiom2-Pro-NEU.jpg\" \/>\n\t<meta property=\"og:image:width\" content=\"600\" \/>\n\t<meta property=\"og:image:height\" content=\"431\" \/>\n\t<meta property=\"og:image:type\" content=\"image\/jpeg\" \/>\n<meta name=\"twitter:card\" content=\"summary_large_image\" \/>\n<meta name=\"twitter:label1\" content=\"Price\" \/>\n\t<meta name=\"twitter:data1\" content=\"3 675,00&nbsp;&euro;\" \/>\n\t<meta name=\"twitter:label2\" content=\"Availability\" \/>\n\t<meta name=\"twitter:data2\" content=\"In stock\" \/>\n<script type=\"application\/ld+json\" class=\"yoast-schema-graph\">{\"@context\":\"https:\\\/\\\/schema.org\",\"@graph\":[{\"@type\":\"WebPage\",\"@id\":\"https:\\\/\\\/raymarine.ee\\\/product\\\/axiom2-pro-12-s-hybridtouch-12-multi-function-display-with-integrated-high-chirp-conical-sonar-for-cpt-s\\\/\",\"url\":\"https:\\\/\\\/raymarine.ee\\\/product\\\/axiom2-pro-12-s-hybridtouch-12-multi-function-display-with-integrated-high-chirp-conical-sonar-for-cpt-s\\\/\",\"name\":\"Axiom2 Pro 12s: Nutikas Kaardiplotter ja Chirp Sonar - NavSystems\",\"isPartOf\":{\"@id\":\"https:\\\/\\\/raymarine.ee\\\/#website\"},\"primaryImageOfPage\":{\"@id\":\"https:\\\/\\\/raymarine.ee\\\/product\\\/axiom2-pro-12-s-hybridtouch-12-multi-function-display-with-integrated-high-chirp-conical-sonar-for-cpt-s\\\/#primaryimage\"},\"image\":{\"@id\":\"https:\\\/\\\/raymarine.ee\\\/product\\\/axiom2-pro-12-s-hybridtouch-12-multi-function-display-with-integrated-high-chirp-conical-sonar-for-cpt-s\\\/#primaryimage\"},\"thumbnailUrl\":\"https:\\\/\\\/raymarine.ee\\\/wp-content\\\/uploads\\\/2025\\\/01\\\/Raymarine-Axiom2-Pro-NEU.jpg\",\"datePublished\":\"2025-01-14T18:57:17+00:00\",\"dateModified\":\"2026-04-21T07:32:24+00:00\",\"description\":\"Lihtne ja sujuv navigeerimine Axiom2 Pro 12s abil! Nautige intuitiivset LightHouse operatsioonis\u00fcsteemi ja t\u00e4iuslikku navigeerimist merel. Osta kohe!\",\"breadcrumb\":{\"@id\":\"https:\\\/\\\/raymarine.ee\\\/product\\\/axiom2-pro-12-s-hybridtouch-12-multi-function-display-with-integrated-high-chirp-conical-sonar-for-cpt-s\\\/#breadcrumb\"},\"inLanguage\":\"en-GB\",\"potentialAction\":[{\"@type\":\"ReadAction\",\"target\":[\"https:\\\/\\\/raymarine.ee\\\/product\\\/axiom2-pro-12-s-hybridtouch-12-multi-function-display-with-integrated-high-chirp-conical-sonar-for-cpt-s\\\/\"]}]},{\"@type\":\"ImageObject\",\"inLanguage\":\"en-GB\",\"@id\":\"https:\\\/\\\/raymarine.ee\\\/product\\\/axiom2-pro-12-s-hybridtouch-12-multi-function-display-with-integrated-high-chirp-conical-sonar-for-cpt-s\\\/#primaryimage\",\"url\":\"https:\\\/\\\/raymarine.ee\\\/wp-content\\\/uploads\\\/2025\\\/01\\\/Raymarine-Axiom2-Pro-NEU.jpg\",\"contentUrl\":\"https:\\\/\\\/raymarine.ee\\\/wp-content\\\/uploads\\\/2025\\\/01\\\/Raymarine-Axiom2-Pro-NEU.jpg\",\"width\":600,\"height\":431},{\"@type\":\"BreadcrumbList\",\"@id\":\"https:\\\/\\\/raymarine.ee\\\/product\\\/axiom2-pro-12-s-hybridtouch-12-multi-function-display-with-integrated-high-chirp-conical-sonar-for-cpt-s\\\/#breadcrumb\",\"itemListElement\":[{\"@type\":\"ListItem\",\"position\":1,\"name\":\"Home\",\"item\":\"https:\\\/\\\/raymarine.ee\\\/\"},{\"@type\":\"ListItem\",\"position\":2,\"name\":\"Tooted\",\"item\":\"https:\\\/\\\/raymarine.ee\\\/shop\\\/\"},{\"@type\":\"ListItem\",\"position\":3,\"name\":\"AXIOM2 Pro 12 S, HybridTouch 12\u201d Multi-function Display with integrated High CHIRP Conical Sonar for CPT-S\"}]},{\"@type\":\"WebSite\",\"@id\":\"https:\\\/\\\/raymarine.ee\\\/#website\",\"url\":\"https:\\\/\\\/raymarine.ee\\\/\",\"name\":\"www.raymarine.ee\",\"description\":\"Mereelektroonika, kaardiplotter, autopiloot, pinnipiloot, roolipiloot, radar, AIS, VHF, Smart Wind\",\"publisher\":{\"@id\":\"https:\\\/\\\/raymarine.ee\\\/#organization\"},\"alternateName\":\"Raymarine\",\"potentialAction\":[{\"@type\":\"SearchAction\",\"target\":{\"@type\":\"EntryPoint\",\"urlTemplate\":\"https:\\\/\\\/raymarine.ee\\\/?s={search_term_string}\"},\"query-input\":{\"@type\":\"PropertyValueSpecification\",\"valueRequired\":true,\"valueName\":\"search_term_string\"}}],\"inLanguage\":\"en-GB\"},{\"@type\":\"Organization\",\"@id\":\"https:\\\/\\\/raymarine.ee\\\/#organization\",\"name\":\"NavSystems O\u00dc\",\"url\":\"https:\\\/\\\/raymarine.ee\\\/\",\"logo\":{\"@type\":\"ImageObject\",\"inLanguage\":\"en-GB\",\"@id\":\"https:\\\/\\\/raymarine.ee\\\/#\\\/schema\\\/logo\\\/image\\\/\",\"url\":\"https:\\\/\\\/raymarine.ee\\\/wp-content\\\/uploads\\\/2024\\\/10\\\/Screenshot-2024-10-15-151324_bg_removed.webp\",\"contentUrl\":\"https:\\\/\\\/raymarine.ee\\\/wp-content\\\/uploads\\\/2024\\\/10\\\/Screenshot-2024-10-15-151324_bg_removed.webp\",\"width\":420,\"height\":276,\"caption\":\"NavSystems O\u00dc\"},\"image\":{\"@id\":\"https:\\\/\\\/raymarine.ee\\\/#\\\/schema\\\/logo\\\/image\\\/\"},\"sameAs\":[\"https:\\\/\\\/www.facebook.com\\\/NavSystems\"],\"legalName\":\"NavSystems O\u00dc\",\"foundingDate\":\"2011-05-03\",\"numberOfEmployees\":{\"@type\":\"QuantitativeValue\",\"minValue\":\"1\",\"maxValue\":\"10\"}}]}<\/script>\n<meta property=\"product:price:amount\" content=\"3675.00\" \/>\n<meta property=\"product:price:currency\" content=\"EUR\" \/>\n<meta property=\"og:availability\" content=\"instock\" \/>\n<meta property=\"product:availability\" content=\"instock\" \/>\n<meta property=\"product:retailer_item_id\" content=\"E70655-00-NEU\" \/>\n<meta property=\"product:condition\" content=\"new\" \/>\n<!-- \/ Yoast SEO Premium plugin. -->","yoast_head_json":{"title":"Axiom2 Pro 12s: Nutikas Kaardiplotter ja Chirp Sonar - NavSystems","description":"Lihtne ja sujuv navigeerimine Axiom2 Pro 12s abil! Nautige intuitiivset LightHouse operatsioonis\u00fcsteemi ja t\u00e4iuslikku navigeerimist merel. Osta kohe!","robots":{"index":"index","follow":"follow","max-snippet":"max-snippet:-1","max-image-preview":"max-image-preview:large","max-video-preview":"max-video-preview:-1"},"canonical":"https:\/\/raymarine.ee\/en\/product\/axiom2-pro-12-s-hybridtouch-12-multi-function-display-with-integrated-high-chirp-conical-sonar-for-cpt-s\/","og_locale":"en_GB","og_type":"article","og_title":"AXIOM2 Pro 12 S, HybridTouch 12\u201d Multi-function Display with integrated High CHIRP Conical Sonar for CPT-S","og_description":"Lihtne ja sujuv navigeerimine Axiom2 Pro 12s abil! Nautige intuitiivset LightHouse operatsioonis\u00fcsteemi ja t\u00e4iuslikku navigeerimist merel. Osta kohe!","og_url":"https:\/\/raymarine.ee\/en\/product\/axiom2-pro-12-s-hybridtouch-12-multi-function-display-with-integrated-high-chirp-conical-sonar-for-cpt-s\/","og_site_name":"NavSystems","article_publisher":"https:\/\/www.facebook.com\/NavSystems","article_modified_time":"2026-04-21T07:32:24+00:00","og_image":[{"width":600,"height":431,"url":"https:\/\/raymarine.ee\/wp-content\/uploads\/2025\/01\/Raymarine-Axiom2-Pro-NEU.jpg","type":"image\/jpeg"}],"twitter_card":"summary_large_image","twitter_misc":{"Price":"3 675,00&nbsp;&euro;","Availability":"In stock"},"schema":{"@context":"https:\/\/schema.org","@graph":[{"@type":"WebPage","@id":"https:\/\/raymarine.ee\/product\/axiom2-pro-12-s-hybridtouch-12-multi-function-display-with-integrated-high-chirp-conical-sonar-for-cpt-s\/","url":"https:\/\/raymarine.ee\/product\/axiom2-pro-12-s-hybridtouch-12-multi-function-display-with-integrated-high-chirp-conical-sonar-for-cpt-s\/","name":"Axiom2 Pro 12s: Nutikas Kaardiplotter ja Chirp Sonar - NavSystems","isPartOf":{"@id":"https:\/\/raymarine.ee\/#website"},"primaryImageOfPage":{"@id":"https:\/\/raymarine.ee\/product\/axiom2-pro-12-s-hybridtouch-12-multi-function-display-with-integrated-high-chirp-conical-sonar-for-cpt-s\/#primaryimage"},"image":{"@id":"https:\/\/raymarine.ee\/product\/axiom2-pro-12-s-hybridtouch-12-multi-function-display-with-integrated-high-chirp-conical-sonar-for-cpt-s\/#primaryimage"},"thumbnailUrl":"https:\/\/raymarine.ee\/wp-content\/uploads\/2025\/01\/Raymarine-Axiom2-Pro-NEU.jpg","datePublished":"2025-01-14T18:57:17+00:00","dateModified":"2026-04-21T07:32:24+00:00","description":"Lihtne ja sujuv navigeerimine Axiom2 Pro 12s abil! Nautige intuitiivset LightHouse operatsioonis\u00fcsteemi ja t\u00e4iuslikku navigeerimist merel. Osta kohe!","breadcrumb":{"@id":"https:\/\/raymarine.ee\/product\/axiom2-pro-12-s-hybridtouch-12-multi-function-display-with-integrated-high-chirp-conical-sonar-for-cpt-s\/#breadcrumb"},"inLanguage":"en-GB","potentialAction":[{"@type":"ReadAction","target":["https:\/\/raymarine.ee\/product\/axiom2-pro-12-s-hybridtouch-12-multi-function-display-with-integrated-high-chirp-conical-sonar-for-cpt-s\/"]}]},{"@type":"ImageObject","inLanguage":"en-GB","@id":"https:\/\/raymarine.ee\/product\/axiom2-pro-12-s-hybridtouch-12-multi-function-display-with-integrated-high-chirp-conical-sonar-for-cpt-s\/#primaryimage","url":"https:\/\/raymarine.ee\/wp-content\/uploads\/2025\/01\/Raymarine-Axiom2-Pro-NEU.jpg","contentUrl":"https:\/\/raymarine.ee\/wp-content\/uploads\/2025\/01\/Raymarine-Axiom2-Pro-NEU.jpg","width":600,"height":431},{"@type":"BreadcrumbList","@id":"https:\/\/raymarine.ee\/product\/axiom2-pro-12-s-hybridtouch-12-multi-function-display-with-integrated-high-chirp-conical-sonar-for-cpt-s\/#breadcrumb","itemListElement":[{"@type":"ListItem","position":1,"name":"Home","item":"https:\/\/raymarine.ee\/"},{"@type":"ListItem","position":2,"name":"Tooted","item":"https:\/\/raymarine.ee\/shop\/"},{"@type":"ListItem","position":3,"name":"AXIOM2 Pro 12 S, HybridTouch 12\u201d Multi-function Display with integrated High CHIRP Conical Sonar for CPT-S"}]},{"@type":"WebSite","@id":"https:\/\/raymarine.ee\/#website","url":"https:\/\/raymarine.ee\/","name":"www.raymarine.ee","description":"Mereelektroonika, kaardiplotter, autopiloot, pinnipiloot, roolipiloot, radar, AIS, VHF, Smart Wind","publisher":{"@id":"https:\/\/raymarine.ee\/#organization"},"alternateName":"Raymarine","potentialAction":[{"@type":"SearchAction","target":{"@type":"EntryPoint","urlTemplate":"https:\/\/raymarine.ee\/?s={search_term_string}"},"query-input":{"@type":"PropertyValueSpecification","valueRequired":true,"valueName":"search_term_string"}}],"inLanguage":"en-GB"},{"@type":"Organization","@id":"https:\/\/raymarine.ee\/#organization","name":"NavSystems O\u00dc","url":"https:\/\/raymarine.ee\/","logo":{"@type":"ImageObject","inLanguage":"en-GB","@id":"https:\/\/raymarine.ee\/#\/schema\/logo\/image\/","url":"https:\/\/raymarine.ee\/wp-content\/uploads\/2024\/10\/Screenshot-2024-10-15-151324_bg_removed.webp","contentUrl":"https:\/\/raymarine.ee\/wp-content\/uploads\/2024\/10\/Screenshot-2024-10-15-151324_bg_removed.webp","width":420,"height":276,"caption":"NavSystems O\u00dc"},"image":{"@id":"https:\/\/raymarine.ee\/#\/schema\/logo\/image\/"},"sameAs":["https:\/\/www.facebook.com\/NavSystems"],"legalName":"NavSystems O\u00dc","foundingDate":"2011-05-03","numberOfEmployees":{"@type":"QuantitativeValue","minValue":"1","maxValue":"10"}}]},"product_price_amount":"3675.00","product_price_currency":"EUR","og_availability":"instock","product_availability":"instock","product_retailer_item_id":"E70655-00-NEU","product_condition":"new"},"jetpack_sharing_enabled":true,"_links":{"self":[{"href":"https:\/\/raymarine.ee\/en\/wp-json\/wp\/v2\/product\/6367","targetHints":{"allow":["GET"]}}],"collection":[{"href":"https:\/\/raymarine.ee\/en\/wp-json\/wp\/v2\/product"}],"about":[{"href":"https:\/\/raymarine.ee\/en\/wp-json\/wp\/v2\/types\/product"}],"wp:featuredmedia":[{"embeddable":true,"href":"https:\/\/raymarine.ee\/en\/wp-json\/wp\/v2\/media\/9057"}],"wp:attachment":[{"href":"https:\/\/raymarine.ee\/en\/wp-json\/wp\/v2\/media?parent=6367"}],"wp:term":[{"taxonomy":"product_brand","embeddable":true,"href":"https:\/\/raymarine.ee\/en\/wp-json\/wp\/v2\/product_brand?post=6367"},{"taxonomy":"product_cat","embeddable":true,"href":"https:\/\/raymarine.ee\/en\/wp-json\/wp\/v2\/product_cat?post=6367"},{"taxonomy":"product_tag","embeddable":true,"href":"https:\/\/raymarine.ee\/en\/wp-json\/wp\/v2\/product_tag?post=6367"}],"curies":[{"name":"wp","href":"https:\/\/api.w.org\/{rel}","templated":true}]}}