{"id":6368,"date":"2025-01-14T18:53:59","date_gmt":"2025-01-14T18:53:59","guid":{"rendered":"https:\/\/raymarine.ee\/?post_type=product&#038;p=6368"},"modified":"2026-04-10T12:35:23","modified_gmt":"2026-04-10T09:35:23","slug":"axiom2-pro-16-s-hybridtouch-16-multi-function-display-with-integrated-high-chirp-conical-sonar-for-cpt-s","status":"publish","type":"product","link":"https:\/\/raymarine.ee\/en\/product\/axiom2-pro-16-s-hybridtouch-16-multi-function-display-with-integrated-high-chirp-conical-sonar-for-cpt-s\/","title":{"rendered":"AXIOM2 Pro 16 S HybridTouch 16\u201d Multi-function Display with integrated High CHIRP Conical Sonar for CPT-S"},"content":{"rendered":"<p data-start=\"49\" data-end=\"76\"><strong data-start=\"49\" data-end=\"76\">RAYMARINE AXIOM2 PRO S + LightHouse merekaart, p\u00f5hja Euroopa (NEU).<\/strong><\/p>\n<p data-start=\"78\" data-end=\"775\"><strong data-start=\"78\" data-end=\"172\">Kaardiplotter, sonar, radar, autopiloot ja video \u2013 k\u00f5ik \u00fches v\u00f5imsas navigeerimiss\u00fcsteemis<\/strong><br data-start=\"172\" data-end=\"175\" \/>Axiom2 Pro S \u00fchendab kaardiplotteri, sonari, radari, autopiloodi ja video \u00fchte suure j\u00f5udlusega s\u00fcsteemi. Planeeri oma j\u00e4rgmine reis ja asu teele kindlalt Axiom2 Pro abil, mis pakub intuitiivset LightHouse operatsioonis\u00fcsteemi ning HybridTouch\u2122 puute- ja klaviatuurijuhtimise kogemust. Kasuta Axiom2 Pro-d kui \u00fcksikut GPS kaardiplotterit v\u00f5i loo mitme Axiom ekraani s\u00fcsteem lihtsa RayNet kaabli\u00fchenduse abil. Axiom2 Pro S ei ole vaid kaardiplotter \u2013 see sisaldab ka integreeritud k\u00f5rgsageduslikku CHIRP sonarit, ideaalset usaldusv\u00e4\u00e4rseks s\u00fcvaveekontrolliks ja veealuste struktuuride avastamiseks.<\/p>\n<p data-start=\"777\" data-end=\"977\"><strong data-start=\"777\" data-end=\"807\">V\u00f5imsus, mis \u00fcletab piirid<\/strong><br data-start=\"807\" data-end=\"810\" \/>Axiom2 Pro S kiirus on tagatud kiire 6-tuumalise protsessoriga. Kaardiplotter, radar, autopiloot ja video on LightHouse operatsioonis\u00fcsteemiga sujuvalt integreeritud.<\/p>\n<p data-start=\"979\" data-end=\"1163\"><strong data-start=\"979\" data-end=\"1006\">Valmis igaks olukorraks<\/strong><br data-start=\"1006\" data-end=\"1009\" \/>Axiom2 Pro S kasutab HydroTough\u2122 nano-katte tehnoloogiat, mis t\u00f5rjub vett, tagades usaldusv\u00e4\u00e4rse puutekontrolli ja suurep\u00e4rase n\u00e4htavuse ka p\u00e4ikese k\u00e4es.<\/p>\n<p data-start=\"1165\" data-end=\"1361\"><strong data-start=\"1165\" data-end=\"1228\">Nutikas tagatule reguleerimine ja \u00fcmbritseva valguse sensor<\/strong><br data-start=\"1228\" data-end=\"1231\" \/>Ekraani heledus reguleerub automaatselt vastavalt valgusoludele \u2013 see muudab ekraani suurep\u00e4raseks nii p\u00e4evasel kui ka \u00f6isel ajal.<\/p>\n<p data-start=\"1363\" data-end=\"1662\"><strong data-start=\"1363\" data-end=\"1390\">Usaldusv\u00e4\u00e4rne juhtimine<\/strong><br data-start=\"1390\" data-end=\"1393\" \/>Planeeri oma rada ja tee kindlaid otsuseid HybridTouch\u2122 juhtimise abil. Tormistes vetes saad alati kasutada ka klaviatuuri juhtimist. Axiom2 Pro S v\u00f5imaldab ka kohandatavaid klaviatuure: vali Evolution autopiloodi klaviatuur v\u00f5i kasuta programmeeritavaid pehme klahve.<\/p>\n<p data-start=\"1664\" data-end=\"1980\"><strong data-start=\"1664\" data-end=\"1701\">T\u00e4iustatud purjetamise t\u00f6\u00f6riistad<\/strong><br data-start=\"1701\" data-end=\"1704\" \/>Axiom2 Pro S sisaldab mitmeid v\u00f5imsaid t\u00f6\u00f6riistu purjetajatele, et optimeerida purjetamise j\u00f5udlust. Axiom2 Pro S on eelnevalt laaditud \u00fcle 500 purjetamise ja v\u00f5idus\u00f5idulaeva polaarprofiiliga. N\u00e4e oma laeva tegelikku potentsiaali ja j\u00e4lgi d\u00fcnaamilisi layline&#8217;e (kursijooni).<\/p>\n<p data-start=\"1982\" data-end=\"2161\"><strong data-start=\"1982\" data-end=\"2017\">\u00dcks ekraan \u2013 l\u00f5putud v\u00f5imalused<\/strong><br data-start=\"2017\" data-end=\"2020\" \/>LightHouse kaardid, mis on loodud ametlikest h\u00fcdroloogilistest kaardiallikatest, pakuvad suurep\u00e4rast loetavust ja intuitiivset navigeerimist.<\/p>\n<p data-start=\"2163\" data-end=\"2325\"><strong data-start=\"2163\" data-end=\"2188\">T\u00f5sta oma teadlikkust<\/strong><br data-start=\"2188\" data-end=\"2191\" \/>Lisa Quantum2 radome v\u00f5i Cyclone avatud antenn ja liigelda turvalisemalt Doppleri sihtm\u00e4rgij\u00e4lgimise ja radar\/kaartide liitmise abil.<\/p>\n<p data-start=\"2327\" data-end=\"2466\"><strong data-start=\"2327\" data-end=\"2347\">P\u00f6\u00f6ra \u00f6\u00f6 p\u00e4evaks<\/strong><br data-start=\"2347\" data-end=\"2350\" \/>FLIR termovaatlus ja Axiom2 Pro muudavad \u00f6\u00f6 p\u00e4evaks, pakkudes t\u00e4iendavat turvatunnet igasugustes valgustingimustes.<\/p>\n<p data-start=\"2468\" data-end=\"2662\"><strong data-start=\"2468\" data-end=\"2495\">Tee nutikamaid otsuseid<\/strong><br data-start=\"2495\" data-end=\"2498\" \/>Lisades CAM300 kaamera ja AR200 sensori, saad nautida ClearCruise t\u00e4iendatud reaalsust. K\u00f5ik AIS, teepunktid ja kaardiobjektid kuvatakse k\u00f5rgresolutsiooniga videos.<\/p>\n<p data-start=\"2664\" data-end=\"2829\"><strong data-start=\"2664\" data-end=\"2701\">T\u00e4iustatud mootori integreerimine<\/strong><br data-start=\"2701\" data-end=\"2704\" \/>\u00dchenda NMEA2000 \u00fchilduvad mootorid v\u00f5i koge t\u00e4iendavat integratsiooni Mercury SmartCrafti ja Yamaha Command Link mootoritega.<\/p>\n<p data-start=\"2831\" data-end=\"3031\"><strong data-start=\"2831\" data-end=\"2860\">Meelerahu ja meelelahutus<\/strong><br data-start=\"2860\" data-end=\"2863\" \/>Voogedasta Netflixi ja Spotifysse, \u00fchenda ja halda Fusion, JL Audio ja Rockford Fosgate meres\u00fcsteemide heli v\u00f5i vaata Axiom2 Pro-d suurel ekraanil HDMI v\u00e4ljundi kaudu.<\/p>\n<p data-start=\"3033\" data-end=\"3174\"><strong data-start=\"3033\" data-end=\"3053\">P\u00fcsige \u00fchendatud<\/strong><br data-start=\"3053\" data-end=\"3056\" \/>YachtSense Link ruuteri abil saad hoida oma s\u00fcsteemi \u00fchendatuna ka merelt eemal, kasutades Raymarine mobiilirakendust.<\/p>\n<p data-start=\"3176\" data-end=\"3343\"><strong data-start=\"3176\" data-end=\"3203\">Axiom oma nutitelefonis<\/strong><br data-start=\"3203\" data-end=\"3206\" \/>Sisseehitatud WiFi v\u00f5imaldab vaadata ja juhtida oma Axiom2 Pro-d oma nutitelefonist v\u00f5i tahvelarvutist Raymarine mobiilirakenduse kaudu.<\/p>\n<p data-start=\"3345\" data-end=\"3490\"><strong data-start=\"3345\" data-end=\"3385\">Tehke rohkem LightHouse rakendustega<\/strong><br data-start=\"3385\" data-end=\"3388\" \/>Laienda oma Axiom2 Pro v\u00f5imekust kolmandate osapoolte rakendustega meie meretehnoloogia partneritelt.<\/p>\n<p data-start=\"3492\" data-end=\"3724\"><strong data-start=\"3492\" data-end=\"3526\">Loo v\u00f5imas navigeerimiss\u00fcsteem<\/strong><br data-start=\"3526\" data-end=\"3529\" \/>Kaks RayNet Etherneti porti ja NMEA2000 v\u00f5imaldavad luua Axiom 2 Pro s\u00fcsteemi, mis sisaldab mitmeid Axiom ekraane, kalap\u00fc\u00fcgimooduleid, mereradarit, autopilooti, termokaameraid ja video kaameraid.<\/p>\n<p data-start=\"3726\" data-end=\"3748\"><strong data-start=\"3726\" data-end=\"3748\">Tehnilised andmed:<\/strong><\/p>\n<ul data-start=\"3750\" data-end=\"4805\">\n<li data-start=\"3750\" data-end=\"3775\"><strong data-start=\"3752\" data-end=\"3770\">Ekraani suurus<\/strong>: 16&#8243;<\/li>\n<li data-start=\"3776\" data-end=\"3806\"><strong data-start=\"3778\" data-end=\"3794\">Resolutsioon<\/strong>: 1920 x 1080<\/li>\n<li data-start=\"3807\" data-end=\"3874\"><strong data-start=\"3809\" data-end=\"3825\">Ekraani t\u00fc\u00fcp<\/strong>: Multitouch, HydroTough puuteekraan (kaitsekate)<\/li>\n<li data-start=\"3875\" data-end=\"3900\"><strong data-start=\"3877\" data-end=\"3888\">Heledus<\/strong>: 1200 nitti<\/li>\n<li data-start=\"3901\" data-end=\"3953\"><strong data-start=\"3903\" data-end=\"3917\">Vaate nurk<\/strong>: 85\u00b0 \u00fcles, alla, vasakule, paremale<\/li>\n<li data-start=\"3954\" data-end=\"3988\"><strong data-start=\"3956\" data-end=\"3965\">Toide<\/strong>: 12 V DC (8 &#8211; 16 V DC)<\/li>\n<li data-start=\"3989\" data-end=\"4019\"><strong data-start=\"3991\" data-end=\"4013\">V\u00f5imsuse tarbimine<\/strong>: 42,36 W<\/li>\n<li data-start=\"4020\" data-end=\"4057\"><strong data-start=\"4022\" data-end=\"4034\">Ethernet<\/strong>: Jah, 2x port (RayNet)<\/li>\n<li data-start=\"4058\" data-end=\"4096\"><strong data-start=\"4060\" data-end=\"4072\">NMEA2000<\/strong>: Jah, 1x port (Micro C)<\/li>\n<li data-start=\"4097\" data-end=\"4123\"><strong data-start=\"4099\" data-end=\"4108\">Sonar<\/strong>: Integreeritud<\/li>\n<li data-start=\"4124\" data-end=\"4196\"><strong data-start=\"4126\" data-end=\"4143\">Sonari t\u00fc\u00fcbid<\/strong>: High CHIRP, DownVision, SideVision ja RealVision 3D<\/li>\n<li data-start=\"4197\" data-end=\"4241\"><strong data-start=\"4199\" data-end=\"4206\">GPS<\/strong>: Integreeritud (10 Hz, 28 kanalit)<\/li>\n<li data-start=\"4242\" data-end=\"4279\"><strong data-start=\"4244\" data-end=\"4274\">GPS\/GLONASS\/Galileo\/Beidou<\/strong>: Jah<\/li>\n<li data-start=\"4280\" data-end=\"4370\"><strong data-start=\"4282\" data-end=\"4291\">Radar<\/strong>: \u00dchildub Quantum, Digital, HD Color\/Super HD Color ja Magnum radar antennidega<\/li>\n<li data-start=\"4371\" data-end=\"4399\"><strong data-start=\"4373\" data-end=\"4380\">AIS<\/strong>: Jah, via NMEA2000<\/li>\n<li data-start=\"4400\" data-end=\"4454\"><strong data-start=\"4402\" data-end=\"4422\">Kaardi \u00fchilduvus<\/strong>: Navionics, C-MAP ja Lighthouse<\/li>\n<li data-start=\"4455\" data-end=\"4499\"><strong data-start=\"4457\" data-end=\"4477\">Autopiloodi tugi<\/strong>: Evolution autopiloot<\/li>\n<li data-start=\"4500\" data-end=\"4562\"><strong data-start=\"4502\" data-end=\"4521\">Thermal Imaging<\/strong>: FLIR AX8, M232, M300 seeria, M400, M500<\/li>\n<li data-start=\"4563\" data-end=\"4630\"><strong data-start=\"4565\" data-end=\"4581\">Video\/Kamera<\/strong>: \u00dchildub CAM210IP, CAM220IP, CAM300IP, CAM400IP (kuni 10 kaamerat)<\/li>\n<li data-start=\"4631\" data-end=\"4668\"><strong data-start=\"4633\" data-end=\"4651\">T\u00f6\u00f6temperatuur<\/strong>: -25 kuni +55 \u00b0C<\/li>\n<li data-start=\"4669\" data-end=\"4711\"><strong data-start=\"4671\" data-end=\"4694\">S\u00e4ilitustemperatuur<\/strong>: -30 kuni +70 \u00b0C<\/li>\n<li data-start=\"4712\" data-end=\"4740\"><strong data-start=\"4714\" data-end=\"4727\">Veekindel<\/strong>: IPX6 \/ IPX7<\/li>\n<li data-start=\"4741\" data-end=\"4786\"><strong data-start=\"4743\" data-end=\"4753\">M\u00f5\u00f5dud<\/strong>: 281mm x 482 mm x 253 mm<\/li>\n<li data-start=\"4787\" data-end=\"4805\"><strong data-start=\"4789\" data-end=\"4797\">Kaal<\/strong>: 5,7 kg<\/li>\n<\/ul>\n<p>&nbsp;<\/p>\n<p><strong>Juhendid:<\/strong><\/p>\n<p>Lae alla\u00a0<a href=\"https:\/\/raymarine.ee\/wp-content\/uploads\/2026\/04\/Axiom-2-Pro-Installation-Instructions-87443-Rev-7-EN.pdf\" target=\"_blank\" rel=\"noopener\" data-wpel-link=\"internal\">Axiom2 Pro paigaldusjuhend<\/a><\/p>\n<p>Lae alla\u00a0<a href=\"https:\/\/raymarine.ee\/wp-content\/uploads\/2026\/04\/LightHouse-4-v4.10.149-Advanced-Operation-instructions-81406-Rev-26-EN.pdf\" target=\"_blank\" rel=\"noopener\" data-wpel-link=\"internal\">LightHouse 4.10.149 kasutusjuhend<\/a><\/p>","protected":false},"excerpt":{"rendered":"<p><strong>Kaardiplotter, sonar, radar, autopiloot ja video \u2013 k\u00f5ik \u00fches v\u00f5imsas navigeerimiss\u00fcsteemis.\u00a0<\/strong><\/p>\n<p>Axiom2 Pro S \u00fchendab kaardiplotteri, sonari, radari, autopiloodi ja video \u00fchte suure j\u00f5udlusega s\u00fcsteemi. Planeeri oma j\u00e4rgmine reis ja asu teele kindlalt Axiom2 Pro abil, mis pakub intuitiivset LightHouse operatsioonis\u00fcsteemi ning HybridTouch\u2122 puute- ja klaviatuurijuhtimise kogemust. Kasuta Axiom2 Pro-d kui \u00fcksikut GPS kaardiplotterit v\u00f5i loo mitme Axiom ekraani s\u00fcsteem lihtsa RayNet kaabli\u00fchenduse abil. Axiom2 Pro S ei ole vaid kaardiplotter \u2013 see sisaldab ka integreeritud k\u00f5rgsageduslikku CHIRP sonarit, ideaalset usaldusv\u00e4\u00e4rseks s\u00fcvaveekontrolliks ja veealuste struktuuride avastamiseks. Tutvu kindlasti ka selle toote\u00a0juhenditega\u00a0ja k\u00fcsimuste korral pea n\u00f5u meie spetsialistiga.<\/p>\n<p><span style=\"color: #ff9900;\">LightHouse merekaart, P\u00f5hja-Euroopa koos plotteriga tasuta kaasa!<\/span><\/p>","protected":false},"featured_media":9057,"template":"","meta":{"_acf_changed":false},"product_brand":[134],"product_cat":[58,77,18,54,343,103],"product_tag":[],"class_list":{"0":"post-6368","1":"product","2":"type-product","3":"status-publish","4":"has-post-thumbnail","6":"product_brand-raymarine","7":"product_cat-axiom_pro","8":"product_cat-raymarine-kaardiplotter-kalaleidja","9":"product_cat-axiom-axiom2-kaardiplotter-axiom2-pro","10":"product_cat-kalaleidjad","11":"product_cat-kampaaniad","12":"product_cat-raymarine","14":"first","15":"onbackorder","16":"sale","17":"featured","18":"taxable","19":"shipping-taxable","20":"purchasable","21":"product-type-simple"},"acf":[],"yoast_head":"<!-- This site is optimized with the Yoast SEO Premium plugin v27.5 (Yoast SEO v27.5) - https:\/\/yoast.com\/product\/yoast-seo-premium-wordpress\/ -->\n<title>AXIOM2 Pro 16 S: Kompromissitu k\u00f5ik \u00fches navigatsioonis\u00fcsteem<\/title>\n<meta name=\"description\" content=\"Raymarine Axiom 2 Pro S \u2013 kaardiplotter, sonar, radar ja autopiloot \u00fches s\u00fcsteemis. HydroTough\u2122 puuteekraan, CHIRP sonar ja t\u00e4iustatud purjetamisvahendid.\" \/>\n<meta name=\"robots\" content=\"index, follow, max-snippet:-1, max-image-preview:large, max-video-preview:-1\" \/>\n<link rel=\"canonical\" href=\"https:\/\/raymarine.ee\/en\/product\/axiom2-pro-16-s-hybridtouch-16-multi-function-display-with-integrated-high-chirp-conical-sonar-for-cpt-s\/\" \/>\n<meta property=\"og:locale\" content=\"en_GB\" \/>\n<meta property=\"og:type\" content=\"article\" \/>\n<meta property=\"og:title\" content=\"AXIOM2 Pro 16 S HybridTouch 16\u201d Multi-function Display with integrated High CHIRP Conical Sonar for CPT-S\" \/>\n<meta property=\"og:description\" content=\"Raymarine Axiom 2 Pro S \u2013 kaardiplotter, sonar, radar ja autopiloot \u00fches s\u00fcsteemis. HydroTough\u2122 puuteekraan, CHIRP sonar ja t\u00e4iustatud purjetamisvahendid.\" \/>\n<meta property=\"og:url\" content=\"https:\/\/raymarine.ee\/en\/product\/axiom2-pro-16-s-hybridtouch-16-multi-function-display-with-integrated-high-chirp-conical-sonar-for-cpt-s\/\" \/>\n<meta property=\"og:site_name\" content=\"NavSystems\" \/>\n<meta property=\"article:publisher\" content=\"https:\/\/www.facebook.com\/NavSystems\" \/>\n<meta property=\"article:modified_time\" content=\"2026-04-10T09:35:23+00:00\" \/>\n<meta property=\"og:image\" content=\"https:\/\/raymarine.ee\/wp-content\/uploads\/2025\/01\/Raymarine-Axiom2-Pro-NEU.jpg\" \/>\n\t<meta property=\"og:image:width\" content=\"600\" \/>\n\t<meta property=\"og:image:height\" content=\"431\" \/>\n\t<meta property=\"og:image:type\" content=\"image\/jpeg\" \/>\n<meta name=\"twitter:card\" content=\"summary_large_image\" \/>\n<meta name=\"twitter:label1\" content=\"Price\" \/>\n\t<meta name=\"twitter:data1\" content=\"5 775,00&nbsp;&euro;\" \/>\n\t<meta name=\"twitter:label2\" content=\"Availability\" \/>\n\t<meta name=\"twitter:data2\" content=\"On back order\" \/>\n<script type=\"application\/ld+json\" class=\"yoast-schema-graph\">{\"@context\":\"https:\\\/\\\/schema.org\",\"@graph\":[{\"@type\":\"WebPage\",\"@id\":\"https:\\\/\\\/raymarine.ee\\\/product\\\/axiom2-pro-16-s-hybridtouch-16-multi-function-display-with-integrated-high-chirp-conical-sonar-for-cpt-s\\\/\",\"url\":\"https:\\\/\\\/raymarine.ee\\\/product\\\/axiom2-pro-16-s-hybridtouch-16-multi-function-display-with-integrated-high-chirp-conical-sonar-for-cpt-s\\\/\",\"name\":\"AXIOM2 Pro 16 S: Kompromissitu k\u00f5ik \u00fches navigatsioonis\u00fcsteem\",\"isPartOf\":{\"@id\":\"https:\\\/\\\/raymarine.ee\\\/#website\"},\"primaryImageOfPage\":{\"@id\":\"https:\\\/\\\/raymarine.ee\\\/product\\\/axiom2-pro-16-s-hybridtouch-16-multi-function-display-with-integrated-high-chirp-conical-sonar-for-cpt-s\\\/#primaryimage\"},\"image\":{\"@id\":\"https:\\\/\\\/raymarine.ee\\\/product\\\/axiom2-pro-16-s-hybridtouch-16-multi-function-display-with-integrated-high-chirp-conical-sonar-for-cpt-s\\\/#primaryimage\"},\"thumbnailUrl\":\"https:\\\/\\\/raymarine.ee\\\/wp-content\\\/uploads\\\/2025\\\/01\\\/Raymarine-Axiom2-Pro-NEU.jpg\",\"datePublished\":\"2025-01-14T18:53:59+00:00\",\"dateModified\":\"2026-04-10T09:35:23+00:00\",\"description\":\"Raymarine Axiom 2 Pro S \u2013 kaardiplotter, sonar, radar ja autopiloot \u00fches s\u00fcsteemis. HydroTough\u2122 puuteekraan, CHIRP sonar ja t\u00e4iustatud purjetamisvahendid.\",\"breadcrumb\":{\"@id\":\"https:\\\/\\\/raymarine.ee\\\/product\\\/axiom2-pro-16-s-hybridtouch-16-multi-function-display-with-integrated-high-chirp-conical-sonar-for-cpt-s\\\/#breadcrumb\"},\"inLanguage\":\"en-GB\",\"potentialAction\":[{\"@type\":\"ReadAction\",\"target\":[\"https:\\\/\\\/raymarine.ee\\\/product\\\/axiom2-pro-16-s-hybridtouch-16-multi-function-display-with-integrated-high-chirp-conical-sonar-for-cpt-s\\\/\"]}]},{\"@type\":\"ImageObject\",\"inLanguage\":\"en-GB\",\"@id\":\"https:\\\/\\\/raymarine.ee\\\/product\\\/axiom2-pro-16-s-hybridtouch-16-multi-function-display-with-integrated-high-chirp-conical-sonar-for-cpt-s\\\/#primaryimage\",\"url\":\"https:\\\/\\\/raymarine.ee\\\/wp-content\\\/uploads\\\/2025\\\/01\\\/Raymarine-Axiom2-Pro-NEU.jpg\",\"contentUrl\":\"https:\\\/\\\/raymarine.ee\\\/wp-content\\\/uploads\\\/2025\\\/01\\\/Raymarine-Axiom2-Pro-NEU.jpg\",\"width\":600,\"height\":431},{\"@type\":\"BreadcrumbList\",\"@id\":\"https:\\\/\\\/raymarine.ee\\\/product\\\/axiom2-pro-16-s-hybridtouch-16-multi-function-display-with-integrated-high-chirp-conical-sonar-for-cpt-s\\\/#breadcrumb\",\"itemListElement\":[{\"@type\":\"ListItem\",\"position\":1,\"name\":\"Home\",\"item\":\"https:\\\/\\\/raymarine.ee\\\/\"},{\"@type\":\"ListItem\",\"position\":2,\"name\":\"Tooted\",\"item\":\"https:\\\/\\\/raymarine.ee\\\/shop\\\/\"},{\"@type\":\"ListItem\",\"position\":3,\"name\":\"AXIOM2 Pro 16 S HybridTouch 16\u201d Multi-function Display with integrated High CHIRP Conical Sonar for CPT-S\"}]},{\"@type\":\"WebSite\",\"@id\":\"https:\\\/\\\/raymarine.ee\\\/#website\",\"url\":\"https:\\\/\\\/raymarine.ee\\\/\",\"name\":\"www.raymarine.ee\",\"description\":\"Mereelektroonika, kaardiplotter, autopiloot, pinnipiloot, roolipiloot, radar, AIS, VHF, Smart Wind\",\"publisher\":{\"@id\":\"https:\\\/\\\/raymarine.ee\\\/#organization\"},\"alternateName\":\"Raymarine\",\"potentialAction\":[{\"@type\":\"SearchAction\",\"target\":{\"@type\":\"EntryPoint\",\"urlTemplate\":\"https:\\\/\\\/raymarine.ee\\\/?s={search_term_string}\"},\"query-input\":{\"@type\":\"PropertyValueSpecification\",\"valueRequired\":true,\"valueName\":\"search_term_string\"}}],\"inLanguage\":\"en-GB\"},{\"@type\":\"Organization\",\"@id\":\"https:\\\/\\\/raymarine.ee\\\/#organization\",\"name\":\"NavSystems O\u00dc\",\"url\":\"https:\\\/\\\/raymarine.ee\\\/\",\"logo\":{\"@type\":\"ImageObject\",\"inLanguage\":\"en-GB\",\"@id\":\"https:\\\/\\\/raymarine.ee\\\/#\\\/schema\\\/logo\\\/image\\\/\",\"url\":\"https:\\\/\\\/raymarine.ee\\\/wp-content\\\/uploads\\\/2024\\\/10\\\/Screenshot-2024-10-15-151324_bg_removed.webp\",\"contentUrl\":\"https:\\\/\\\/raymarine.ee\\\/wp-content\\\/uploads\\\/2024\\\/10\\\/Screenshot-2024-10-15-151324_bg_removed.webp\",\"width\":420,\"height\":276,\"caption\":\"NavSystems O\u00dc\"},\"image\":{\"@id\":\"https:\\\/\\\/raymarine.ee\\\/#\\\/schema\\\/logo\\\/image\\\/\"},\"sameAs\":[\"https:\\\/\\\/www.facebook.com\\\/NavSystems\"],\"legalName\":\"NavSystems O\u00dc\",\"foundingDate\":\"2011-05-03\",\"numberOfEmployees\":{\"@type\":\"QuantitativeValue\",\"minValue\":\"1\",\"maxValue\":\"10\"}}]}<\/script>\n<meta property=\"product:price:amount\" content=\"5775.00\" \/>\n<meta property=\"product:price:currency\" content=\"EUR\" \/>\n<meta property=\"og:availability\" content=\"backorder\" \/>\n<meta property=\"product:availability\" content=\"available for order\" \/>\n<meta property=\"product:retailer_item_id\" content=\"E70657-00-NEU\" \/>\n<meta property=\"product:condition\" content=\"new\" \/>\n<!-- \/ Yoast SEO Premium plugin. -->","yoast_head_json":{"title":"AXIOM2 Pro 16 S: Kompromissitu k\u00f5ik \u00fches navigatsioonis\u00fcsteem","description":"Raymarine Axiom 2 Pro S \u2013 kaardiplotter, sonar, radar ja autopiloot \u00fches s\u00fcsteemis. HydroTough\u2122 puuteekraan, CHIRP sonar ja t\u00e4iustatud purjetamisvahendid.","robots":{"index":"index","follow":"follow","max-snippet":"max-snippet:-1","max-image-preview":"max-image-preview:large","max-video-preview":"max-video-preview:-1"},"canonical":"https:\/\/raymarine.ee\/en\/product\/axiom2-pro-16-s-hybridtouch-16-multi-function-display-with-integrated-high-chirp-conical-sonar-for-cpt-s\/","og_locale":"en_GB","og_type":"article","og_title":"AXIOM2 Pro 16 S HybridTouch 16\u201d Multi-function Display with integrated High CHIRP Conical Sonar for CPT-S","og_description":"Raymarine Axiom 2 Pro S \u2013 kaardiplotter, sonar, radar ja autopiloot \u00fches s\u00fcsteemis. HydroTough\u2122 puuteekraan, CHIRP sonar ja t\u00e4iustatud purjetamisvahendid.","og_url":"https:\/\/raymarine.ee\/en\/product\/axiom2-pro-16-s-hybridtouch-16-multi-function-display-with-integrated-high-chirp-conical-sonar-for-cpt-s\/","og_site_name":"NavSystems","article_publisher":"https:\/\/www.facebook.com\/NavSystems","article_modified_time":"2026-04-10T09:35:23+00:00","og_image":[{"width":600,"height":431,"url":"https:\/\/raymarine.ee\/wp-content\/uploads\/2025\/01\/Raymarine-Axiom2-Pro-NEU.jpg","type":"image\/jpeg"}],"twitter_card":"summary_large_image","twitter_misc":{"Price":"5 775,00&nbsp;&euro;","Availability":"On back order"},"schema":{"@context":"https:\/\/schema.org","@graph":[{"@type":"WebPage","@id":"https:\/\/raymarine.ee\/product\/axiom2-pro-16-s-hybridtouch-16-multi-function-display-with-integrated-high-chirp-conical-sonar-for-cpt-s\/","url":"https:\/\/raymarine.ee\/product\/axiom2-pro-16-s-hybridtouch-16-multi-function-display-with-integrated-high-chirp-conical-sonar-for-cpt-s\/","name":"AXIOM2 Pro 16 S: Kompromissitu k\u00f5ik \u00fches navigatsioonis\u00fcsteem","isPartOf":{"@id":"https:\/\/raymarine.ee\/#website"},"primaryImageOfPage":{"@id":"https:\/\/raymarine.ee\/product\/axiom2-pro-16-s-hybridtouch-16-multi-function-display-with-integrated-high-chirp-conical-sonar-for-cpt-s\/#primaryimage"},"image":{"@id":"https:\/\/raymarine.ee\/product\/axiom2-pro-16-s-hybridtouch-16-multi-function-display-with-integrated-high-chirp-conical-sonar-for-cpt-s\/#primaryimage"},"thumbnailUrl":"https:\/\/raymarine.ee\/wp-content\/uploads\/2025\/01\/Raymarine-Axiom2-Pro-NEU.jpg","datePublished":"2025-01-14T18:53:59+00:00","dateModified":"2026-04-10T09:35:23+00:00","description":"Raymarine Axiom 2 Pro S \u2013 kaardiplotter, sonar, radar ja autopiloot \u00fches s\u00fcsteemis. HydroTough\u2122 puuteekraan, CHIRP sonar ja t\u00e4iustatud purjetamisvahendid.","breadcrumb":{"@id":"https:\/\/raymarine.ee\/product\/axiom2-pro-16-s-hybridtouch-16-multi-function-display-with-integrated-high-chirp-conical-sonar-for-cpt-s\/#breadcrumb"},"inLanguage":"en-GB","potentialAction":[{"@type":"ReadAction","target":["https:\/\/raymarine.ee\/product\/axiom2-pro-16-s-hybridtouch-16-multi-function-display-with-integrated-high-chirp-conical-sonar-for-cpt-s\/"]}]},{"@type":"ImageObject","inLanguage":"en-GB","@id":"https:\/\/raymarine.ee\/product\/axiom2-pro-16-s-hybridtouch-16-multi-function-display-with-integrated-high-chirp-conical-sonar-for-cpt-s\/#primaryimage","url":"https:\/\/raymarine.ee\/wp-content\/uploads\/2025\/01\/Raymarine-Axiom2-Pro-NEU.jpg","contentUrl":"https:\/\/raymarine.ee\/wp-content\/uploads\/2025\/01\/Raymarine-Axiom2-Pro-NEU.jpg","width":600,"height":431},{"@type":"BreadcrumbList","@id":"https:\/\/raymarine.ee\/product\/axiom2-pro-16-s-hybridtouch-16-multi-function-display-with-integrated-high-chirp-conical-sonar-for-cpt-s\/#breadcrumb","itemListElement":[{"@type":"ListItem","position":1,"name":"Home","item":"https:\/\/raymarine.ee\/"},{"@type":"ListItem","position":2,"name":"Tooted","item":"https:\/\/raymarine.ee\/shop\/"},{"@type":"ListItem","position":3,"name":"AXIOM2 Pro 16 S HybridTouch 16\u201d Multi-function Display with integrated High CHIRP Conical Sonar for CPT-S"}]},{"@type":"WebSite","@id":"https:\/\/raymarine.ee\/#website","url":"https:\/\/raymarine.ee\/","name":"www.raymarine.ee","description":"Mereelektroonika, kaardiplotter, autopiloot, pinnipiloot, roolipiloot, radar, AIS, VHF, Smart Wind","publisher":{"@id":"https:\/\/raymarine.ee\/#organization"},"alternateName":"Raymarine","potentialAction":[{"@type":"SearchAction","target":{"@type":"EntryPoint","urlTemplate":"https:\/\/raymarine.ee\/?s={search_term_string}"},"query-input":{"@type":"PropertyValueSpecification","valueRequired":true,"valueName":"search_term_string"}}],"inLanguage":"en-GB"},{"@type":"Organization","@id":"https:\/\/raymarine.ee\/#organization","name":"NavSystems O\u00dc","url":"https:\/\/raymarine.ee\/","logo":{"@type":"ImageObject","inLanguage":"en-GB","@id":"https:\/\/raymarine.ee\/#\/schema\/logo\/image\/","url":"https:\/\/raymarine.ee\/wp-content\/uploads\/2024\/10\/Screenshot-2024-10-15-151324_bg_removed.webp","contentUrl":"https:\/\/raymarine.ee\/wp-content\/uploads\/2024\/10\/Screenshot-2024-10-15-151324_bg_removed.webp","width":420,"height":276,"caption":"NavSystems O\u00dc"},"image":{"@id":"https:\/\/raymarine.ee\/#\/schema\/logo\/image\/"},"sameAs":["https:\/\/www.facebook.com\/NavSystems"],"legalName":"NavSystems O\u00dc","foundingDate":"2011-05-03","numberOfEmployees":{"@type":"QuantitativeValue","minValue":"1","maxValue":"10"}}]},"product_price_amount":"5775.00","product_price_currency":"EUR","og_availability":"backorder","product_availability":"available for order","product_retailer_item_id":"E70657-00-NEU","product_condition":"new"},"jetpack_sharing_enabled":true,"_links":{"self":[{"href":"https:\/\/raymarine.ee\/en\/wp-json\/wp\/v2\/product\/6368","targetHints":{"allow":["GET"]}}],"collection":[{"href":"https:\/\/raymarine.ee\/en\/wp-json\/wp\/v2\/product"}],"about":[{"href":"https:\/\/raymarine.ee\/en\/wp-json\/wp\/v2\/types\/product"}],"wp:featuredmedia":[{"embeddable":true,"href":"https:\/\/raymarine.ee\/en\/wp-json\/wp\/v2\/media\/9057"}],"wp:attachment":[{"href":"https:\/\/raymarine.ee\/en\/wp-json\/wp\/v2\/media?parent=6368"}],"wp:term":[{"taxonomy":"product_brand","embeddable":true,"href":"https:\/\/raymarine.ee\/en\/wp-json\/wp\/v2\/product_brand?post=6368"},{"taxonomy":"product_cat","embeddable":true,"href":"https:\/\/raymarine.ee\/en\/wp-json\/wp\/v2\/product_cat?post=6368"},{"taxonomy":"product_tag","embeddable":true,"href":"https:\/\/raymarine.ee\/en\/wp-json\/wp\/v2\/product_tag?post=6368"}],"curies":[{"name":"wp","href":"https:\/\/api.w.org\/{rel}","templated":true}]}}