{"id":6369,"date":"2025-01-14T18:52:45","date_gmt":"2025-01-14T18:52:45","guid":{"rendered":"https:\/\/raymarine.ee\/?post_type=product&#038;p=6369"},"modified":"2026-04-10T12:19:41","modified_gmt":"2026-04-10T09:19:41","slug":"axiom2-pro-9-rvm-hybridtouch-9-multi-function-display-with-integrated-1kw-sonar-dv-sv-and-realvision-3d-sonar","status":"publish","type":"product","link":"https:\/\/raymarine.ee\/en\/product\/axiom2-pro-9-rvm-hybridtouch-9-multi-function-display-with-integrated-1kw-sonar-dv-sv-and-realvision-3d-sonar\/","title":{"rendered":"AXIOM2 Pro 9 RVM, HybridTouch 9\u201d Multi-function Display with integrated 1kW Sonar, DV, SV and RealVision 3D Sonar"},"content":{"rendered":"<p data-start=\"163\" data-end=\"273\"><strong data-start=\"163\" data-end=\"273\">RAYMARINE AXIOM 2 PRO 9 RVM HYBRIDTOUCH 9&#8243; EKRAAN KOOS 1KW SONARI, DV, SV JA REALVISION 3D.<\/strong><\/p>\n<p data-start=\"275\" data-end=\"296\"><strong data-start=\"275\" data-end=\"296\">\u00dcldine tutvustus:<\/strong><\/p>\n<p data-start=\"298\" data-end=\"923\">Raymarine esitleb uut <strong data-start=\"332\" data-end=\"347\">Axiom 2 Pro<\/strong> kaardiplotteri seeriat. <strong data-start=\"372\" data-end=\"387\">Axiom2 Pro<\/strong> on usaldusv\u00e4\u00e4rse <strong data-start=\"405\" data-end=\"418\">Axiom Pro<\/strong> seeria j\u00e4reltulija, pakkudes mitmeid t\u00e4iustusi ja j\u00f5udluse uuendusi, muutes selle k\u00f5ige v\u00f5imsamaks kaardiplotteriks, mida Raymarine on kunagi loonud. <strong data-start=\"569\" data-end=\"584\">Axiom2 Pro<\/strong> on saadaval 9, 12 ja 16-tollistes ekraanides, millel on sisseehitatud sonarite valikud. <strong data-start=\"673\" data-end=\"692\">Axiom2 Pro RVM<\/strong> mudelid on m\u00f5eldud t\u00f5sistele kalastajatele ja pakuvad t\u00e4iustatud <strong data-start=\"758\" data-end=\"795\">RealVision MAX sonaritehnoloogiat<\/strong>, samas kui <strong data-start=\"807\" data-end=\"824\">Axiom2 Pro S<\/strong> mudelid pakuvad usaldusv\u00e4\u00e4rset s\u00fcvaveekontrolli ja veealuse uurimise jaoks <strong data-start=\"900\" data-end=\"922\">High CHIRP sonarit<\/strong>.<\/p>\n<hr data-start=\"925\" data-end=\"928\" \/>\n<p data-start=\"930\" data-end=\"952\"><strong data-start=\"930\" data-end=\"952\">Peamised omadused:<\/strong><\/p>\n<ul data-start=\"954\" data-end=\"1869\">\n<li data-start=\"954\" data-end=\"1044\"><strong data-start=\"956\" data-end=\"971\">Kiire algus<\/strong>: 6-tuumaline protsessor tagab kiire reageerimise ja t\u00e4iustatud j\u00f5udluse.<\/li>\n<li data-start=\"1045\" data-end=\"1183\"><strong data-start=\"1047\" data-end=\"1072\">HydroTough\u2122 nano-kate<\/strong>: Veet\u00f5rjev\u00f5ime ja suurep\u00e4rane p\u00e4ikesekiirte taluvus tagavad usaldusv\u00e4\u00e4rse puutekontrolli k\u00f5ikides tingimustes.<\/li>\n<li data-start=\"1184\" data-end=\"1298\"><strong data-start=\"1186\" data-end=\"1212\">HybridTouch\u2122 juhtimine<\/strong>: Lihtne puuteekraan ja klaviatuurikogemus tagavad t\u00e4psuse ja mugavuse igas olukorras.<\/li>\n<li data-start=\"1299\" data-end=\"1446\"><strong data-start=\"1301\" data-end=\"1331\">RealVision MAX CHIRP sonar<\/strong>: Sisseehitatud laiaulatuslik CHIRP sonar koos <strong data-start=\"1378\" data-end=\"1396\">RealVision MAX<\/strong> tehnoloogiaga (DownVision, SideVision, 3D sonar).<\/li>\n<li data-start=\"1447\" data-end=\"1605\"><strong data-start=\"1449\" data-end=\"1483\">Nutikas taustavalguse reguleerimine<\/strong>: \u00dcmbritseva valguse sensor reguleerib ekraani heledust vastavalt p\u00e4eva- ja \u00f6\u00f6tingimustele, et tagada optimaalne n\u00e4htavus.<\/li>\n<li data-start=\"1606\" data-end=\"1733\"><strong data-start=\"1608\" data-end=\"1631\">Mitmek\u00fclgne s\u00fcsteem<\/strong>: Loo oma Axiom 2 Pro s\u00fcsteem, \u00fchendades mitmed Axiom ekraanid, radarid, autopiloodid ja muud seadmed.<\/li>\n<li data-start=\"1734\" data-end=\"1869\"><strong data-start=\"1736\" data-end=\"1765\">Meelerahu ja meelelahutus<\/strong>: Voogedasta rakendusi, kasuta HDMI ja audio v\u00e4ljundeid laevade kaugseireks ja meelelahutuss\u00fcsteemideks.<\/li>\n<\/ul>\n<hr data-start=\"1871\" data-end=\"1874\" \/>\n<p data-start=\"1876\" data-end=\"1938\"><strong data-start=\"1876\" data-end=\"1938\">HIGH PERFORMANCE NETWORK CHARTPLOTTERS WITH REALVISION MAX<\/strong><\/p>\n<p data-start=\"1940\" data-end=\"2375\"><strong data-start=\"1940\" data-end=\"1955\">Axiom 2 Pro<\/strong> \u00fchendab kaardiplotteri, sonari, radari, autopiloodi ja video \u00fchte v\u00f5imsasse k\u00f5ik-\u00fches s\u00fcsteemi. T\u00e4nu intuitiivsele <strong data-start=\"2071\" data-end=\"2108\">LightHouse operatsioonis\u00fcsteemile<\/strong> saad muuta navigeerimise t\u00e4pselt sobivaks oma vajaduste j\u00e4rgi ja laiendada s\u00fcsteemi mitme ekraani, radari, kaamera v\u00f5i autopiloodiga. <strong data-start=\"2243\" data-end=\"2261\">RealVision MAX<\/strong> t\u00e4iustab kalade leidmise kogemust, pakkudes suuremat ulatust, t\u00e4psemat resolutsiooni ja teravamaid kalasihtm\u00e4rke.<\/p>\n<p><strong>Juhendid:<\/strong><\/p>\n<p>Lae alla\u00a0<a href=\"https:\/\/raymarine.ee\/wp-content\/uploads\/2026\/04\/Axiom-2-Pro-Installation-Instructions-87443-Rev-7-EN.pdf\" target=\"_blank\" rel=\"noopener\" data-wpel-link=\"internal\">Axiom2 Pro paigaldusjuhend<\/a><\/p>\n<p>Lae alla\u00a0<a href=\"https:\/\/raymarine.ee\/wp-content\/uploads\/2026\/04\/LightHouse-4-v4.10.149-Advanced-Operation-instructions-81406-Rev-26-EN.pdf\" target=\"_blank\" rel=\"noopener\" data-wpel-link=\"internal\">LightHouse 4.10.149 kasutusjuhend<\/a><\/p>","protected":false},"excerpt":{"rendered":"<p>Raymarine esitleb uut <strong data-start=\"332\" data-end=\"347\">Axiom 2 Pro<\/strong> kaardiplotteri seeriat. <strong data-start=\"372\" data-end=\"387\">Axiom2 Pro<\/strong> on usaldusv\u00e4\u00e4rse <strong data-start=\"405\" data-end=\"418\">Axiom Pro<\/strong> seeria j\u00e4reltulija, pakkudes mitmeid t\u00e4iustusi ja j\u00f5udluse uuendusi, muutes selle k\u00f5ige v\u00f5imsamaks kaardiplotteriks, mida Raymarine on kunagi loonud. <strong data-start=\"569\" data-end=\"584\">Axiom2 Pro<\/strong> on saadaval 9, 12 ja 16-tollistes ekraanides, millel on sisseehitatud sonarite valikud. <strong data-start=\"673\" data-end=\"692\">Axiom2 Pro RVM<\/strong> mudelid on m\u00f5eldud t\u00f5sistele kalastajatele ja pakuvad t\u00e4iustatud <strong data-start=\"758\" data-end=\"795\">RealVision MAX sonaritehnoloogiat<\/strong>, samas kui <strong data-start=\"807\" data-end=\"824\">Axiom2 Pro S<\/strong> mudelid pakuvad usaldusv\u00e4\u00e4rset s\u00fcvaveekontrolli ja veealuse uurimise jaoks <strong data-start=\"900\" data-end=\"922\">High CHIRP sonarit<\/strong>. \u00a0Tutvu kindlasti ka selle toote\u00a0juhenditega\u00a0ja k\u00fcsimuste korral pea n\u00f5u meie spetsialistiga.<\/p>\n<p><span style=\"color: #ff9900;\">LightHouse merekaart, P\u00f5hja-Euroopa koos plotteriga tasuta kaasa!<\/span><\/p>","protected":false},"featured_media":7660,"template":"","meta":{"_acf_changed":false},"product_brand":[134],"product_cat":[58,77,18,54,343,103],"product_tag":[],"class_list":{"0":"post-6369","1":"product","2":"type-product","3":"status-publish","4":"has-post-thumbnail","6":"product_brand-raymarine","7":"product_cat-axiom_pro","8":"product_cat-raymarine-kaardiplotter-kalaleidja","9":"product_cat-axiom-axiom2-kaardiplotter-axiom2-pro","10":"product_cat-kalaleidjad","11":"product_cat-kampaaniad","12":"product_cat-raymarine","14":"first","15":"onbackorder","16":"sale","17":"featured","18":"taxable","19":"shipping-taxable","20":"purchasable","21":"product-type-simple"},"acf":[],"yoast_head":"<!-- This site is optimized with the Yoast SEO Premium plugin v27.5 (Yoast SEO v27.5) - https:\/\/yoast.com\/product\/yoast-seo-premium-wordpress\/ -->\n<title>Axiom2 Pro 9 RVM: T\u00f5hus Kaardiplotter Meres - NavSystems<\/title>\n<meta name=\"description\" content=\"Axiom2 Pro 9 RVM kaardiplotter \u2013 usaldusv\u00e4\u00e4rne ja v\u00f5imekas partner sinu veeseiklustes. Proovi seda juba t\u00e4na!\" \/>\n<meta name=\"robots\" content=\"index, follow, max-snippet:-1, max-image-preview:large, max-video-preview:-1\" \/>\n<link rel=\"canonical\" href=\"https:\/\/raymarine.ee\/en\/product\/axiom2-pro-9-rvm-hybridtouch-9-multi-function-display-with-integrated-1kw-sonar-dv-sv-and-realvision-3d-sonar\/\" \/>\n<meta property=\"og:locale\" content=\"en_GB\" \/>\n<meta property=\"og:type\" content=\"article\" \/>\n<meta property=\"og:title\" content=\"AXIOM2 Pro 9 RVM, HybridTouch 9\u201d Multi-function Display with integrated 1kW Sonar, DV, SV and RealVision 3D Sonar\" \/>\n<meta property=\"og:description\" content=\"Axiom2 Pro 9 RVM kaardiplotter \u2013 usaldusv\u00e4\u00e4rne ja v\u00f5imekas partner sinu veeseiklustes. Proovi seda juba t\u00e4na!\" \/>\n<meta property=\"og:url\" content=\"https:\/\/raymarine.ee\/en\/product\/axiom2-pro-9-rvm-hybridtouch-9-multi-function-display-with-integrated-1kw-sonar-dv-sv-and-realvision-3d-sonar\/\" \/>\n<meta property=\"og:site_name\" content=\"NavSystems\" \/>\n<meta property=\"article:publisher\" content=\"https:\/\/www.facebook.com\/NavSystems\" \/>\n<meta property=\"article:modified_time\" content=\"2026-04-10T09:19:41+00:00\" \/>\n<meta property=\"og:image\" content=\"https:\/\/raymarine.ee\/wp-content\/uploads\/2025\/01\/29236a87-8448-4f78-94a6-0e11dd44130e.webp\" \/>\n\t<meta property=\"og:image:width\" content=\"1024\" \/>\n\t<meta property=\"og:image:height\" content=\"1024\" \/>\n\t<meta property=\"og:image:type\" content=\"image\/webp\" \/>\n<meta name=\"twitter:card\" content=\"summary_large_image\" \/>\n<meta name=\"twitter:label1\" content=\"Price\" \/>\n\t<meta name=\"twitter:data1\" content=\"2 985,00&nbsp;&euro;\" \/>\n\t<meta name=\"twitter:label2\" content=\"Availability\" \/>\n\t<meta name=\"twitter:data2\" content=\"On back order\" \/>\n<script type=\"application\/ld+json\" class=\"yoast-schema-graph\">{\"@context\":\"https:\\\/\\\/schema.org\",\"@graph\":[{\"@type\":\"WebPage\",\"@id\":\"https:\\\/\\\/raymarine.ee\\\/product\\\/axiom2-pro-9-rvm-hybridtouch-9-multi-function-display-with-integrated-1kw-sonar-dv-sv-and-realvision-3d-sonar\\\/\",\"url\":\"https:\\\/\\\/raymarine.ee\\\/product\\\/axiom2-pro-9-rvm-hybridtouch-9-multi-function-display-with-integrated-1kw-sonar-dv-sv-and-realvision-3d-sonar\\\/\",\"name\":\"Axiom2 Pro 9 RVM: T\u00f5hus Kaardiplotter Meres - NavSystems\",\"isPartOf\":{\"@id\":\"https:\\\/\\\/raymarine.ee\\\/#website\"},\"primaryImageOfPage\":{\"@id\":\"https:\\\/\\\/raymarine.ee\\\/product\\\/axiom2-pro-9-rvm-hybridtouch-9-multi-function-display-with-integrated-1kw-sonar-dv-sv-and-realvision-3d-sonar\\\/#primaryimage\"},\"image\":{\"@id\":\"https:\\\/\\\/raymarine.ee\\\/product\\\/axiom2-pro-9-rvm-hybridtouch-9-multi-function-display-with-integrated-1kw-sonar-dv-sv-and-realvision-3d-sonar\\\/#primaryimage\"},\"thumbnailUrl\":\"https:\\\/\\\/raymarine.ee\\\/wp-content\\\/uploads\\\/2025\\\/01\\\/29236a87-8448-4f78-94a6-0e11dd44130e.webp\",\"datePublished\":\"2025-01-14T18:52:45+00:00\",\"dateModified\":\"2026-04-10T09:19:41+00:00\",\"description\":\"Axiom2 Pro 9 RVM kaardiplotter \u2013 usaldusv\u00e4\u00e4rne ja v\u00f5imekas partner sinu veeseiklustes. Proovi seda juba t\u00e4na!\",\"breadcrumb\":{\"@id\":\"https:\\\/\\\/raymarine.ee\\\/product\\\/axiom2-pro-9-rvm-hybridtouch-9-multi-function-display-with-integrated-1kw-sonar-dv-sv-and-realvision-3d-sonar\\\/#breadcrumb\"},\"inLanguage\":\"en-GB\",\"potentialAction\":[{\"@type\":\"ReadAction\",\"target\":[\"https:\\\/\\\/raymarine.ee\\\/product\\\/axiom2-pro-9-rvm-hybridtouch-9-multi-function-display-with-integrated-1kw-sonar-dv-sv-and-realvision-3d-sonar\\\/\"]}]},{\"@type\":\"ImageObject\",\"inLanguage\":\"en-GB\",\"@id\":\"https:\\\/\\\/raymarine.ee\\\/product\\\/axiom2-pro-9-rvm-hybridtouch-9-multi-function-display-with-integrated-1kw-sonar-dv-sv-and-realvision-3d-sonar\\\/#primaryimage\",\"url\":\"https:\\\/\\\/raymarine.ee\\\/wp-content\\\/uploads\\\/2025\\\/01\\\/29236a87-8448-4f78-94a6-0e11dd44130e.webp\",\"contentUrl\":\"https:\\\/\\\/raymarine.ee\\\/wp-content\\\/uploads\\\/2025\\\/01\\\/29236a87-8448-4f78-94a6-0e11dd44130e.webp\",\"width\":1024,\"height\":1024},{\"@type\":\"BreadcrumbList\",\"@id\":\"https:\\\/\\\/raymarine.ee\\\/product\\\/axiom2-pro-9-rvm-hybridtouch-9-multi-function-display-with-integrated-1kw-sonar-dv-sv-and-realvision-3d-sonar\\\/#breadcrumb\",\"itemListElement\":[{\"@type\":\"ListItem\",\"position\":1,\"name\":\"Home\",\"item\":\"https:\\\/\\\/raymarine.ee\\\/\"},{\"@type\":\"ListItem\",\"position\":2,\"name\":\"Tooted\",\"item\":\"https:\\\/\\\/raymarine.ee\\\/shop\\\/\"},{\"@type\":\"ListItem\",\"position\":3,\"name\":\"AXIOM2 Pro 9 RVM, HybridTouch 9\u201d Multi-function Display with integrated 1kW Sonar, DV, SV and RealVision 3D Sonar\"}]},{\"@type\":\"WebSite\",\"@id\":\"https:\\\/\\\/raymarine.ee\\\/#website\",\"url\":\"https:\\\/\\\/raymarine.ee\\\/\",\"name\":\"www.raymarine.ee\",\"description\":\"Mereelektroonika, kaardiplotter, autopiloot, pinnipiloot, roolipiloot, radar, AIS, VHF, Smart Wind\",\"publisher\":{\"@id\":\"https:\\\/\\\/raymarine.ee\\\/#organization\"},\"alternateName\":\"Raymarine\",\"potentialAction\":[{\"@type\":\"SearchAction\",\"target\":{\"@type\":\"EntryPoint\",\"urlTemplate\":\"https:\\\/\\\/raymarine.ee\\\/?s={search_term_string}\"},\"query-input\":{\"@type\":\"PropertyValueSpecification\",\"valueRequired\":true,\"valueName\":\"search_term_string\"}}],\"inLanguage\":\"en-GB\"},{\"@type\":\"Organization\",\"@id\":\"https:\\\/\\\/raymarine.ee\\\/#organization\",\"name\":\"NavSystems O\u00dc\",\"url\":\"https:\\\/\\\/raymarine.ee\\\/\",\"logo\":{\"@type\":\"ImageObject\",\"inLanguage\":\"en-GB\",\"@id\":\"https:\\\/\\\/raymarine.ee\\\/#\\\/schema\\\/logo\\\/image\\\/\",\"url\":\"https:\\\/\\\/raymarine.ee\\\/wp-content\\\/uploads\\\/2024\\\/10\\\/Screenshot-2024-10-15-151324_bg_removed.webp\",\"contentUrl\":\"https:\\\/\\\/raymarine.ee\\\/wp-content\\\/uploads\\\/2024\\\/10\\\/Screenshot-2024-10-15-151324_bg_removed.webp\",\"width\":420,\"height\":276,\"caption\":\"NavSystems O\u00dc\"},\"image\":{\"@id\":\"https:\\\/\\\/raymarine.ee\\\/#\\\/schema\\\/logo\\\/image\\\/\"},\"sameAs\":[\"https:\\\/\\\/www.facebook.com\\\/NavSystems\"],\"legalName\":\"NavSystems O\u00dc\",\"foundingDate\":\"2011-05-03\",\"numberOfEmployees\":{\"@type\":\"QuantitativeValue\",\"minValue\":\"1\",\"maxValue\":\"10\"}}]}<\/script>\n<meta property=\"product:price:amount\" content=\"2985.00\" \/>\n<meta property=\"product:price:currency\" content=\"EUR\" \/>\n<meta property=\"og:availability\" content=\"backorder\" \/>\n<meta property=\"product:availability\" content=\"available for order\" \/>\n<meta property=\"product:retailer_item_id\" content=\"E70654\" \/>\n<meta property=\"product:condition\" content=\"new\" \/>\n<!-- \/ Yoast SEO Premium plugin. -->","yoast_head_json":{"title":"Axiom2 Pro 9 RVM: T\u00f5hus Kaardiplotter Meres - NavSystems","description":"Axiom2 Pro 9 RVM kaardiplotter \u2013 usaldusv\u00e4\u00e4rne ja v\u00f5imekas partner sinu veeseiklustes. Proovi seda juba t\u00e4na!","robots":{"index":"index","follow":"follow","max-snippet":"max-snippet:-1","max-image-preview":"max-image-preview:large","max-video-preview":"max-video-preview:-1"},"canonical":"https:\/\/raymarine.ee\/en\/product\/axiom2-pro-9-rvm-hybridtouch-9-multi-function-display-with-integrated-1kw-sonar-dv-sv-and-realvision-3d-sonar\/","og_locale":"en_GB","og_type":"article","og_title":"AXIOM2 Pro 9 RVM, HybridTouch 9\u201d Multi-function Display with integrated 1kW Sonar, DV, SV and RealVision 3D Sonar","og_description":"Axiom2 Pro 9 RVM kaardiplotter \u2013 usaldusv\u00e4\u00e4rne ja v\u00f5imekas partner sinu veeseiklustes. Proovi seda juba t\u00e4na!","og_url":"https:\/\/raymarine.ee\/en\/product\/axiom2-pro-9-rvm-hybridtouch-9-multi-function-display-with-integrated-1kw-sonar-dv-sv-and-realvision-3d-sonar\/","og_site_name":"NavSystems","article_publisher":"https:\/\/www.facebook.com\/NavSystems","article_modified_time":"2026-04-10T09:19:41+00:00","og_image":[{"width":1024,"height":1024,"url":"https:\/\/raymarine.ee\/wp-content\/uploads\/2025\/01\/29236a87-8448-4f78-94a6-0e11dd44130e.webp","type":"image\/webp"}],"twitter_card":"summary_large_image","twitter_misc":{"Price":"2 985,00&nbsp;&euro;","Availability":"On back order"},"schema":{"@context":"https:\/\/schema.org","@graph":[{"@type":"WebPage","@id":"https:\/\/raymarine.ee\/product\/axiom2-pro-9-rvm-hybridtouch-9-multi-function-display-with-integrated-1kw-sonar-dv-sv-and-realvision-3d-sonar\/","url":"https:\/\/raymarine.ee\/product\/axiom2-pro-9-rvm-hybridtouch-9-multi-function-display-with-integrated-1kw-sonar-dv-sv-and-realvision-3d-sonar\/","name":"Axiom2 Pro 9 RVM: T\u00f5hus Kaardiplotter Meres - NavSystems","isPartOf":{"@id":"https:\/\/raymarine.ee\/#website"},"primaryImageOfPage":{"@id":"https:\/\/raymarine.ee\/product\/axiom2-pro-9-rvm-hybridtouch-9-multi-function-display-with-integrated-1kw-sonar-dv-sv-and-realvision-3d-sonar\/#primaryimage"},"image":{"@id":"https:\/\/raymarine.ee\/product\/axiom2-pro-9-rvm-hybridtouch-9-multi-function-display-with-integrated-1kw-sonar-dv-sv-and-realvision-3d-sonar\/#primaryimage"},"thumbnailUrl":"https:\/\/raymarine.ee\/wp-content\/uploads\/2025\/01\/29236a87-8448-4f78-94a6-0e11dd44130e.webp","datePublished":"2025-01-14T18:52:45+00:00","dateModified":"2026-04-10T09:19:41+00:00","description":"Axiom2 Pro 9 RVM kaardiplotter \u2013 usaldusv\u00e4\u00e4rne ja v\u00f5imekas partner sinu veeseiklustes. Proovi seda juba t\u00e4na!","breadcrumb":{"@id":"https:\/\/raymarine.ee\/product\/axiom2-pro-9-rvm-hybridtouch-9-multi-function-display-with-integrated-1kw-sonar-dv-sv-and-realvision-3d-sonar\/#breadcrumb"},"inLanguage":"en-GB","potentialAction":[{"@type":"ReadAction","target":["https:\/\/raymarine.ee\/product\/axiom2-pro-9-rvm-hybridtouch-9-multi-function-display-with-integrated-1kw-sonar-dv-sv-and-realvision-3d-sonar\/"]}]},{"@type":"ImageObject","inLanguage":"en-GB","@id":"https:\/\/raymarine.ee\/product\/axiom2-pro-9-rvm-hybridtouch-9-multi-function-display-with-integrated-1kw-sonar-dv-sv-and-realvision-3d-sonar\/#primaryimage","url":"https:\/\/raymarine.ee\/wp-content\/uploads\/2025\/01\/29236a87-8448-4f78-94a6-0e11dd44130e.webp","contentUrl":"https:\/\/raymarine.ee\/wp-content\/uploads\/2025\/01\/29236a87-8448-4f78-94a6-0e11dd44130e.webp","width":1024,"height":1024},{"@type":"BreadcrumbList","@id":"https:\/\/raymarine.ee\/product\/axiom2-pro-9-rvm-hybridtouch-9-multi-function-display-with-integrated-1kw-sonar-dv-sv-and-realvision-3d-sonar\/#breadcrumb","itemListElement":[{"@type":"ListItem","position":1,"name":"Home","item":"https:\/\/raymarine.ee\/"},{"@type":"ListItem","position":2,"name":"Tooted","item":"https:\/\/raymarine.ee\/shop\/"},{"@type":"ListItem","position":3,"name":"AXIOM2 Pro 9 RVM, HybridTouch 9\u201d Multi-function Display with integrated 1kW Sonar, DV, SV and RealVision 3D Sonar"}]},{"@type":"WebSite","@id":"https:\/\/raymarine.ee\/#website","url":"https:\/\/raymarine.ee\/","name":"www.raymarine.ee","description":"Mereelektroonika, kaardiplotter, autopiloot, pinnipiloot, roolipiloot, radar, AIS, VHF, Smart Wind","publisher":{"@id":"https:\/\/raymarine.ee\/#organization"},"alternateName":"Raymarine","potentialAction":[{"@type":"SearchAction","target":{"@type":"EntryPoint","urlTemplate":"https:\/\/raymarine.ee\/?s={search_term_string}"},"query-input":{"@type":"PropertyValueSpecification","valueRequired":true,"valueName":"search_term_string"}}],"inLanguage":"en-GB"},{"@type":"Organization","@id":"https:\/\/raymarine.ee\/#organization","name":"NavSystems O\u00dc","url":"https:\/\/raymarine.ee\/","logo":{"@type":"ImageObject","inLanguage":"en-GB","@id":"https:\/\/raymarine.ee\/#\/schema\/logo\/image\/","url":"https:\/\/raymarine.ee\/wp-content\/uploads\/2024\/10\/Screenshot-2024-10-15-151324_bg_removed.webp","contentUrl":"https:\/\/raymarine.ee\/wp-content\/uploads\/2024\/10\/Screenshot-2024-10-15-151324_bg_removed.webp","width":420,"height":276,"caption":"NavSystems O\u00dc"},"image":{"@id":"https:\/\/raymarine.ee\/#\/schema\/logo\/image\/"},"sameAs":["https:\/\/www.facebook.com\/NavSystems"],"legalName":"NavSystems O\u00dc","foundingDate":"2011-05-03","numberOfEmployees":{"@type":"QuantitativeValue","minValue":"1","maxValue":"10"}}]},"product_price_amount":"2985.00","product_price_currency":"EUR","og_availability":"backorder","product_availability":"available for order","product_retailer_item_id":"E70654","product_condition":"new"},"jetpack_sharing_enabled":true,"_links":{"self":[{"href":"https:\/\/raymarine.ee\/en\/wp-json\/wp\/v2\/product\/6369","targetHints":{"allow":["GET"]}}],"collection":[{"href":"https:\/\/raymarine.ee\/en\/wp-json\/wp\/v2\/product"}],"about":[{"href":"https:\/\/raymarine.ee\/en\/wp-json\/wp\/v2\/types\/product"}],"wp:featuredmedia":[{"embeddable":true,"href":"https:\/\/raymarine.ee\/en\/wp-json\/wp\/v2\/media\/7660"}],"wp:attachment":[{"href":"https:\/\/raymarine.ee\/en\/wp-json\/wp\/v2\/media?parent=6369"}],"wp:term":[{"taxonomy":"product_brand","embeddable":true,"href":"https:\/\/raymarine.ee\/en\/wp-json\/wp\/v2\/product_brand?post=6369"},{"taxonomy":"product_cat","embeddable":true,"href":"https:\/\/raymarine.ee\/en\/wp-json\/wp\/v2\/product_cat?post=6369"},{"taxonomy":"product_tag","embeddable":true,"href":"https:\/\/raymarine.ee\/en\/wp-json\/wp\/v2\/product_tag?post=6369"}],"curies":[{"name":"wp","href":"https:\/\/api.w.org\/{rel}","templated":true}]}}