{"id":6370,"date":"2025-01-14T18:50:59","date_gmt":"2025-01-14T18:50:59","guid":{"rendered":"https:\/\/raymarine.ee\/?post_type=product&#038;p=6370"},"modified":"2026-04-10T12:04:54","modified_gmt":"2026-04-10T09:04:54","slug":"axiom2-pro-12-rvm-hybridtouch-12-multi-function-display-with-integrated-1kw-sonar-dv-sv-and-realvision-3d-sonar","status":"publish","type":"product","link":"https:\/\/raymarine.ee\/en\/product\/axiom2-pro-12-rvm-hybridtouch-12-multi-function-display-with-integrated-1kw-sonar-dv-sv-and-realvision-3d-sonar\/","title":{"rendered":"AXIOM2 Pro 12 RVM, HybridTouch 12\u201d Multi-function Display with integrated 1kW Sonar, DV, SV and RealVision 3D Sonar"},"content":{"rendered":"<p data-start=\"0\" data-end=\"57\"><strong data-start=\"0\" data-end=\"57\">Raymarine Axiom 2 Pro RVM Kaardiplotter ja Kalaleidja<\/strong><\/p>\n<p data-start=\"59\" data-end=\"80\"><strong data-start=\"59\" data-end=\"80\">\u00dcldine tutvustus:<\/strong><\/p>\n<p data-start=\"82\" data-end=\"585\"><strong data-start=\"82\" data-end=\"101\">Axiom 2 Pro RVM<\/strong> \u00fchendab kaardiplotteri, kalaleidja, radari, autopiloodi ja videotehnoloogia \u00fches v\u00f5imsas kalastuss\u00fcsteemis. Planeeri oma j\u00e4rgmine kaugseiklus ja alustage usaldusv\u00e4\u00e4rselt Axiom 2 Pro HybridTouch\u2122 tehnoloogiaga \u2014 lihtne puutekraan ja klaviatuurikogemus, mida v\u00f5imaldab intuitiivne <strong data-start=\"381\" data-end=\"395\">LightHouse<\/strong> operatsioonis\u00fcsteem. Axiom 2 Pro RVM kaardiplotterid on loodud s\u00fcvavee uurimiseks, pakkudes integreeritud multi-kanalilist kalaleidjat, millel on <strong data-start=\"542\" data-end=\"572\">RealVision MAX CHIRP sonar<\/strong> tehnoloogia.<\/p>\n<p data-start=\"587\" data-end=\"817\"><strong data-start=\"587\" data-end=\"620\">Kiire algus ja kiire t\u00f6\u00f6tlus:<\/strong> Axiom 2 Pro kiire kuue tuumaga protsessor tagab kiired reageerimisajad, integreerides GPS, kalaleidja, radari ja video sujuvalt ning kiiresti intuitiivse <strong data-start=\"775\" data-end=\"789\">LightHouse<\/strong> operatsioonis\u00fcsteemi kaudu.<\/p>\n<hr data-start=\"819\" data-end=\"822\" \/>\n<p data-start=\"824\" data-end=\"1169\"><strong data-start=\"824\" data-end=\"872\">Valmistatud k\u00f5igi ilmastikutingimuste jaoks:<\/strong> <strong data-start=\"873\" data-end=\"888\">Axiom 2 Pro<\/strong> HydroTough\u2122 nano-kate t\u00f5rjub vett, pakkudes usaldusv\u00e4\u00e4rset puutekontrolli, t\u00e4iustatud v\u00e4rve ja suurep\u00e4rast n\u00e4htavust p\u00e4ikesevalguses. Nutikas tagatule reguleerimine ja \u00fcmbritseva valguse sensor kohandavad automaatselt ekraani heledust vastavalt p\u00e4eva- ja \u00f5htuvalguse tingimustele.<\/p>\n<hr data-start=\"1171\" data-end=\"1174\" \/>\n<p data-start=\"1176\" data-end=\"1482\"><strong data-start=\"1176\" data-end=\"1204\">Usaldusv\u00e4\u00e4rne juhtimine:<\/strong> Planeeri ja joonista oma kursus <strong data-start=\"1237\" data-end=\"1253\">HybridTouch\u2122<\/strong> juhtimisega ning kontrolli usaldusv\u00e4\u00e4rselt klaviatuuri abil, kui merel on tormine. Kohanda oma <strong data-start=\"1349\" data-end=\"1364\">Axiom 2 Pro<\/strong> vahetatavate klaviatuuridega. Vali spetsiaalne Evolution autopiloodi klaviatuur v\u00f5i kasutaja m\u00e4\u00e4ratavad pehmed nupud.<\/p>\n<hr data-start=\"1484\" data-end=\"1487\" \/>\n<p data-start=\"1489\" data-end=\"1940\"><strong data-start=\"1489\" data-end=\"1533\">Leia rohkem kala RealVision MAX-iga:<\/strong> <strong data-start=\"1534\" data-end=\"1552\">RealVision MAX<\/strong> suurendab kalaleidmise t\u00e4psust ja ulatust, pakkudes paremat resolutsiooni ja teravamaid kalasid. <strong data-start=\"1650\" data-end=\"1669\">Axiom 2 Pro RVM<\/strong> mudelid, millel on <strong data-start=\"1689\" data-end=\"1707\">RealVision MAX<\/strong>, sisaldavad sisseehitatud CHIRP DownVision, SideVision, RealVision 3D ja 600-watt traditsioonilist CHIRP kalaleidjat, mis sobib rannikuvetes kalastamiseks. Samuti sisaldab see 1kW kahekordset CHIRP kalaleidjat s\u00fcvavee kalastamiseks.<\/p>\n<hr data-start=\"1942\" data-end=\"1945\" \/>\n<p data-start=\"1947\" data-end=\"2185\"><strong data-start=\"1947\" data-end=\"1982\">Tugev j\u00f5udlus, mis surub piire:<\/strong> Axiom 2 Pro kiire kuue tuumaga protsessor tagab kiired reageerimisajad, integreerides kaardiplotteri, radari, autopiloodi ja video sujuvalt ja kiiresti intuitiivse <strong data-start=\"2147\" data-end=\"2161\">LightHouse<\/strong> operatsioonis\u00fcsteemiga.<\/p>\n<hr data-start=\"2187\" data-end=\"2190\" \/>\n<p data-start=\"2192\" data-end=\"2409\"><strong data-start=\"2192\" data-end=\"2230\">T\u00e4pne kontroll k\u00f5igis tingimustes:<\/strong> Axiom 2 Pro puutetundlik ekraan t\u00f6\u00f6tab h\u00e4sti isegi halbades ilmastikutingimustes, pakub tugevat n\u00e4htavust ja paindlikkust, mis teeb navigeerimise ja kalap\u00fc\u00fcgikogemuse lihtsamaks.<\/p>\n<hr data-start=\"2411\" data-end=\"2414\" \/>\n<p data-start=\"2416\" data-end=\"2520\"><strong data-start=\"2416\" data-end=\"2454\">T\u00e4iendavad purjetamisfunktsioonid:<\/strong> Axiom 2 Pro pakub tugevaid t\u00f6\u00f6riistu purjetamise optimeerimiseks:<\/p>\n<ul data-start=\"2521\" data-end=\"2987\">\n<li data-start=\"2521\" data-end=\"2673\"><strong data-start=\"2523\" data-end=\"2561\">Polarid ja d\u00fcnaamilised laidliinid<\/strong>: \u00dcle 500 purjetamise ja kruiisilaeva polariprofiili, mille j\u00e4rgi saad oma laeva parimat potentsiaali arvestada.<\/li>\n<li data-start=\"2674\" data-end=\"2840\"><strong data-start=\"2676\" data-end=\"2700\">V\u00f5istlusfunktsioonid<\/strong>: Kohandatavad v\u00f5istlusajastid, andmete armatuurlaud ja SmartStart\u2122 stardijoon t\u00f6\u00f6riist aitavad sul v\u00f5istluse alustamist t\u00e4pselt planeerida.<\/li>\n<li data-start=\"2841\" data-end=\"2987\"><strong data-start=\"2843\" data-end=\"2864\">Taktikaline eelis<\/strong>: N\u00e4ita laeva suunda ja kiirusotstarvet lihtsa dialindikaatori kaudu, et saavutada parim v\u00f5imalus vastutuult purjetamiseks.<\/li>\n<\/ul>\n<hr data-start=\"2989\" data-end=\"2992\" \/>\n<p data-start=\"2994\" data-end=\"3197\"><strong data-start=\"2994\" data-end=\"3030\">\u00dcks ekraan &#8211; l\u00f5putud v\u00f5imalused:<\/strong> <strong data-start=\"3031\" data-end=\"3052\">LightHouse Charts<\/strong>, mis on loodud ametlike h\u00fcdrograafiliste kaartide allikatest, pakub suurep\u00e4rast loetavust, intuitiivset navigeerimist ja suurep\u00e4rast kvaliteeti.<\/p>\n<p data-start=\"3199\" data-end=\"3237\"><strong data-start=\"3199\" data-end=\"3237\">T\u00e4iendatud t\u00f6\u00f6riistad:<\/strong><\/p>\n<ul data-start=\"3238\" data-end=\"3482\">\n<li data-start=\"3238\" data-end=\"3388\"><strong data-start=\"3240\" data-end=\"3291\">Quantum 2 radome v\u00f5i Cyclone avatud array radar<\/strong> tagavad turvalisema navigeerimise Doppleri sihtm\u00e4rgi j\u00e4lgimise ja radar\/kaardi kihistamise abil.<\/li>\n<li data-start=\"3389\" data-end=\"3482\"><strong data-start=\"3391\" data-end=\"3419\">FLIR termokaamera<\/strong> muudab \u00f6\u00f6 p\u00e4eva moodi tagades turvalisuse ja usaldusv\u00e4\u00e4rsuse.<\/li>\n<\/ul>\n<hr data-start=\"3484\" data-end=\"3487\" \/>\n<p data-start=\"3489\" data-end=\"3661\"><strong data-start=\"3489\" data-end=\"3526\">T\u00e4iustatud mootori integratsioon:<\/strong> \u00dchenda NMEA2000 \u00fchilduvad mootorid v\u00f5i kasuta t\u00e4iustatud integratsiooni <strong data-start=\"3599\" data-end=\"3621\">Mercury SmartCraft<\/strong> ja <strong data-start=\"3625\" data-end=\"3648\">Yamaha Command Link<\/strong> mootoritega.<\/p>\n<hr data-start=\"3663\" data-end=\"3666\" \/>\n<p data-start=\"3668\" data-end=\"3685\"><strong data-start=\"3668\" data-end=\"3685\">Tark Boating:<\/strong><\/p>\n<ul data-start=\"3686\" data-end=\"4027\">\n<li data-start=\"3686\" data-end=\"3847\"><strong data-start=\"3688\" data-end=\"3708\">P\u00fcsige \u00fchenduses<\/strong>: Lisage <strong data-start=\"3717\" data-end=\"3736\">YachtSense Link<\/strong> ruuter ja hoidke oma s\u00fcsteem \u00fchendatud nii pardal kui ka v\u00e4ljaspool, kasutades <strong data-start=\"3816\" data-end=\"3829\">Raymarine<\/strong> mobiilirakendust.<\/li>\n<li data-start=\"3848\" data-end=\"4027\"><strong data-start=\"3850\" data-end=\"3877\">Axiom oma nutitelefonis<\/strong>: Sisseehitatud Wi-Fi v\u00f5imaldab sul vaadata ja kontrollida oma <strong data-start=\"3940\" data-end=\"3955\">Axiom 2 Pro<\/strong> seadet oma telefonist v\u00f5i tahvelarvutist <strong data-start=\"3997\" data-end=\"4010\">Raymarine<\/strong> rakenduse kaudu.<\/li>\n<\/ul>\n<hr data-start=\"4029\" data-end=\"4032\" \/>\n<p data-start=\"4034\" data-end=\"4290\"><strong data-start=\"4034\" data-end=\"4069\">Loo v\u00f5imas navigeerimiss\u00fcsteem:<\/strong> Kaks <strong data-start=\"4075\" data-end=\"4085\">RayNet<\/strong> Etherneti porti ja <strong data-start=\"4105\" data-end=\"4117\">NMEA2000<\/strong> annavad sulle paindlikkuse luua oma <strong data-start=\"4154\" data-end=\"4169\">Axiom 2 Pro<\/strong> s\u00fcsteem, \u00fchendades mitmed Axiom ekraanid, kalaleidmis\u00fcksused, mereradarid, autopiloodid, termokaamerad ja videokaamerad.<\/p>\n<p><strong>Juhendid:<\/strong><\/p>\n<p>Lae alla\u00a0<a href=\"https:\/\/raymarine.ee\/wp-content\/uploads\/2026\/04\/Axiom-2-Pro-Installation-Instructions-87443-Rev-7-EN.pdf\" target=\"_blank\" rel=\"noopener\" data-wpel-link=\"internal\">Axiom2 Pro paigaldusjuhend<\/a><\/p>\n<p>Lae alla\u00a0<a href=\"https:\/\/raymarine.ee\/wp-content\/uploads\/2026\/04\/LightHouse-4-v4.10.149-Advanced-Operation-instructions-81406-Rev-26-EN.pdf\" target=\"_blank\" rel=\"noopener\" data-wpel-link=\"internal\">LightHouse 4.10.149 kasutusjuhend<\/a><\/p>","protected":false},"excerpt":{"rendered":"<p>Axiom 2 Pro RVM combines chartplotter, fish finder, radar, autopilot, and video into a powerful all-in-one fishing system. Plan your next offshore adventure and get underway confidently with Axiom 2 Pro\u2019s HybridTouch\u2122 \u2014 a simple touchscreen and keypad experience made possible by the intuitive LightHouse operating system. Designed for discovering the deep, Axiom 2 Pro RVM chartplotters feature an integrated multi-channel fish finder with RealVision MAX CHIRP sonar technology. Get underway quickly with Axiom 2 Pro\u2019s powerful 6-core processor. GPS, fish finder, radar, and video are integrated seamlessly and faster with the super intuitive LightHouse operating system. Tutvu kindlasti ka selle toote\u00a0juhenditega\u00a0ja k\u00fcsimuste korral pea n\u00f5u meie spetsialistiga.<\/p>\n<p><span style=\"color: #ff9900;\">LightHouse merekaart, P\u00f5hja-Euroopa koos plotteriga tasuta kaasa!<\/span><\/p>","protected":false},"featured_media":7661,"template":"","meta":{"_acf_changed":false},"product_brand":[134],"product_cat":[58,77,18,54,343,103],"product_tag":[],"class_list":{"0":"post-6370","1":"product","2":"type-product","3":"status-publish","4":"has-post-thumbnail","6":"product_brand-raymarine","7":"product_cat-axiom_pro","8":"product_cat-raymarine-kaardiplotter-kalaleidja","9":"product_cat-axiom-axiom2-kaardiplotter-axiom2-pro","10":"product_cat-kalaleidjad","11":"product_cat-kampaaniad","12":"product_cat-raymarine","14":"first","15":"onbackorder","16":"sale","17":"taxable","18":"shipping-taxable","19":"purchasable","20":"product-type-simple"},"acf":[],"yoast_head":"<!-- This site is optimized with the Yoast SEO Premium plugin v27.5 (Yoast SEO v27.5) - https:\/\/yoast.com\/product\/yoast-seo-premium-wordpress\/ -->\n<title>Axiom2 Pro 12 RVM: T\u00f5hus Kalastuss\u00fcsteem k\u00f5ik \u00fches seadmes - NavSystems<\/title>\n<meta name=\"description\" content=\"Kogege Axiom2 Pro 12 RVM kaardiplotteriga kalastuse tulevikku. Lihtne ja intuitiivne juhtimine nii puutekraanil kui nuppudel!\" \/>\n<meta name=\"robots\" content=\"index, follow, max-snippet:-1, max-image-preview:large, max-video-preview:-1\" \/>\n<link rel=\"canonical\" href=\"https:\/\/raymarine.ee\/en\/product\/axiom2-pro-12-rvm-hybridtouch-12-multi-function-display-with-integrated-1kw-sonar-dv-sv-and-realvision-3d-sonar\/\" \/>\n<meta property=\"og:locale\" content=\"en_GB\" \/>\n<meta property=\"og:type\" content=\"article\" \/>\n<meta property=\"og:title\" content=\"AXIOM2 Pro 12 RVM, HybridTouch 12\u201d Multi-function Display with integrated 1kW Sonar, DV, SV and RealVision 3D Sonar\" \/>\n<meta property=\"og:description\" content=\"Kogege Axiom2 Pro 12 RVM kaardiplotteriga kalastuse tulevikku. Lihtne ja intuitiivne juhtimine nii puutekraanil kui nuppudel!\" \/>\n<meta property=\"og:url\" content=\"https:\/\/raymarine.ee\/en\/product\/axiom2-pro-12-rvm-hybridtouch-12-multi-function-display-with-integrated-1kw-sonar-dv-sv-and-realvision-3d-sonar\/\" \/>\n<meta property=\"og:site_name\" content=\"NavSystems\" \/>\n<meta property=\"article:publisher\" content=\"https:\/\/www.facebook.com\/NavSystems\" \/>\n<meta property=\"article:modified_time\" content=\"2026-04-10T09:04:54+00:00\" \/>\n<meta property=\"og:image\" content=\"https:\/\/raymarine.ee\/wp-content\/uploads\/2025\/01\/a3bb5fcc-d40c-4fe1-9272-82767f57acc0.webp\" \/>\n\t<meta property=\"og:image:width\" content=\"1024\" \/>\n\t<meta property=\"og:image:height\" content=\"1024\" \/>\n\t<meta property=\"og:image:type\" content=\"image\/webp\" \/>\n<meta name=\"twitter:card\" content=\"summary_large_image\" \/>\n<meta name=\"twitter:label1\" content=\"Price\" \/>\n\t<meta name=\"twitter:data1\" content=\"4 256,00&nbsp;&euro;\" \/>\n\t<meta name=\"twitter:label2\" content=\"Availability\" \/>\n\t<meta name=\"twitter:data2\" content=\"On back order\" \/>\n<script type=\"application\/ld+json\" class=\"yoast-schema-graph\">{\"@context\":\"https:\\\/\\\/schema.org\",\"@graph\":[{\"@type\":\"WebPage\",\"@id\":\"https:\\\/\\\/raymarine.ee\\\/product\\\/axiom2-pro-12-rvm-hybridtouch-12-multi-function-display-with-integrated-1kw-sonar-dv-sv-and-realvision-3d-sonar\\\/\",\"url\":\"https:\\\/\\\/raymarine.ee\\\/product\\\/axiom2-pro-12-rvm-hybridtouch-12-multi-function-display-with-integrated-1kw-sonar-dv-sv-and-realvision-3d-sonar\\\/\",\"name\":\"Axiom2 Pro 12 RVM: T\u00f5hus Kalastuss\u00fcsteem k\u00f5ik \u00fches seadmes - NavSystems\",\"isPartOf\":{\"@id\":\"https:\\\/\\\/raymarine.ee\\\/#website\"},\"primaryImageOfPage\":{\"@id\":\"https:\\\/\\\/raymarine.ee\\\/product\\\/axiom2-pro-12-rvm-hybridtouch-12-multi-function-display-with-integrated-1kw-sonar-dv-sv-and-realvision-3d-sonar\\\/#primaryimage\"},\"image\":{\"@id\":\"https:\\\/\\\/raymarine.ee\\\/product\\\/axiom2-pro-12-rvm-hybridtouch-12-multi-function-display-with-integrated-1kw-sonar-dv-sv-and-realvision-3d-sonar\\\/#primaryimage\"},\"thumbnailUrl\":\"https:\\\/\\\/raymarine.ee\\\/wp-content\\\/uploads\\\/2025\\\/01\\\/a3bb5fcc-d40c-4fe1-9272-82767f57acc0.webp\",\"datePublished\":\"2025-01-14T18:50:59+00:00\",\"dateModified\":\"2026-04-10T09:04:54+00:00\",\"description\":\"Kogege Axiom2 Pro 12 RVM kaardiplotteriga kalastuse tulevikku. Lihtne ja intuitiivne juhtimine nii puutekraanil kui nuppudel!\",\"breadcrumb\":{\"@id\":\"https:\\\/\\\/raymarine.ee\\\/product\\\/axiom2-pro-12-rvm-hybridtouch-12-multi-function-display-with-integrated-1kw-sonar-dv-sv-and-realvision-3d-sonar\\\/#breadcrumb\"},\"inLanguage\":\"en-GB\",\"potentialAction\":[{\"@type\":\"ReadAction\",\"target\":[\"https:\\\/\\\/raymarine.ee\\\/product\\\/axiom2-pro-12-rvm-hybridtouch-12-multi-function-display-with-integrated-1kw-sonar-dv-sv-and-realvision-3d-sonar\\\/\"]}]},{\"@type\":\"ImageObject\",\"inLanguage\":\"en-GB\",\"@id\":\"https:\\\/\\\/raymarine.ee\\\/product\\\/axiom2-pro-12-rvm-hybridtouch-12-multi-function-display-with-integrated-1kw-sonar-dv-sv-and-realvision-3d-sonar\\\/#primaryimage\",\"url\":\"https:\\\/\\\/raymarine.ee\\\/wp-content\\\/uploads\\\/2025\\\/01\\\/a3bb5fcc-d40c-4fe1-9272-82767f57acc0.webp\",\"contentUrl\":\"https:\\\/\\\/raymarine.ee\\\/wp-content\\\/uploads\\\/2025\\\/01\\\/a3bb5fcc-d40c-4fe1-9272-82767f57acc0.webp\",\"width\":1024,\"height\":1024},{\"@type\":\"BreadcrumbList\",\"@id\":\"https:\\\/\\\/raymarine.ee\\\/product\\\/axiom2-pro-12-rvm-hybridtouch-12-multi-function-display-with-integrated-1kw-sonar-dv-sv-and-realvision-3d-sonar\\\/#breadcrumb\",\"itemListElement\":[{\"@type\":\"ListItem\",\"position\":1,\"name\":\"Home\",\"item\":\"https:\\\/\\\/raymarine.ee\\\/\"},{\"@type\":\"ListItem\",\"position\":2,\"name\":\"Tooted\",\"item\":\"https:\\\/\\\/raymarine.ee\\\/shop\\\/\"},{\"@type\":\"ListItem\",\"position\":3,\"name\":\"AXIOM2 Pro 12 RVM, HybridTouch 12\u201d Multi-function Display with integrated 1kW Sonar, DV, SV and RealVision 3D Sonar\"}]},{\"@type\":\"WebSite\",\"@id\":\"https:\\\/\\\/raymarine.ee\\\/#website\",\"url\":\"https:\\\/\\\/raymarine.ee\\\/\",\"name\":\"www.raymarine.ee\",\"description\":\"Mereelektroonika, kaardiplotter, autopiloot, pinnipiloot, roolipiloot, radar, AIS, VHF, Smart Wind\",\"publisher\":{\"@id\":\"https:\\\/\\\/raymarine.ee\\\/#organization\"},\"alternateName\":\"Raymarine\",\"potentialAction\":[{\"@type\":\"SearchAction\",\"target\":{\"@type\":\"EntryPoint\",\"urlTemplate\":\"https:\\\/\\\/raymarine.ee\\\/?s={search_term_string}\"},\"query-input\":{\"@type\":\"PropertyValueSpecification\",\"valueRequired\":true,\"valueName\":\"search_term_string\"}}],\"inLanguage\":\"en-GB\"},{\"@type\":\"Organization\",\"@id\":\"https:\\\/\\\/raymarine.ee\\\/#organization\",\"name\":\"NavSystems O\u00dc\",\"url\":\"https:\\\/\\\/raymarine.ee\\\/\",\"logo\":{\"@type\":\"ImageObject\",\"inLanguage\":\"en-GB\",\"@id\":\"https:\\\/\\\/raymarine.ee\\\/#\\\/schema\\\/logo\\\/image\\\/\",\"url\":\"https:\\\/\\\/raymarine.ee\\\/wp-content\\\/uploads\\\/2024\\\/10\\\/Screenshot-2024-10-15-151324_bg_removed.webp\",\"contentUrl\":\"https:\\\/\\\/raymarine.ee\\\/wp-content\\\/uploads\\\/2024\\\/10\\\/Screenshot-2024-10-15-151324_bg_removed.webp\",\"width\":420,\"height\":276,\"caption\":\"NavSystems O\u00dc\"},\"image\":{\"@id\":\"https:\\\/\\\/raymarine.ee\\\/#\\\/schema\\\/logo\\\/image\\\/\"},\"sameAs\":[\"https:\\\/\\\/www.facebook.com\\\/NavSystems\"],\"legalName\":\"NavSystems O\u00dc\",\"foundingDate\":\"2011-05-03\",\"numberOfEmployees\":{\"@type\":\"QuantitativeValue\",\"minValue\":\"1\",\"maxValue\":\"10\"}}]}<\/script>\n<meta property=\"product:price:amount\" content=\"4256.00\" \/>\n<meta property=\"product:price:currency\" content=\"EUR\" \/>\n<meta property=\"og:availability\" content=\"backorder\" \/>\n<meta property=\"product:availability\" content=\"available for order\" \/>\n<meta property=\"product:retailer_item_id\" content=\"E70656\" \/>\n<meta property=\"product:condition\" content=\"new\" \/>\n<!-- \/ Yoast SEO Premium plugin. -->","yoast_head_json":{"title":"Axiom2 Pro 12 RVM: T\u00f5hus Kalastuss\u00fcsteem k\u00f5ik \u00fches seadmes - NavSystems","description":"Kogege Axiom2 Pro 12 RVM kaardiplotteriga kalastuse tulevikku. Lihtne ja intuitiivne juhtimine nii puutekraanil kui nuppudel!","robots":{"index":"index","follow":"follow","max-snippet":"max-snippet:-1","max-image-preview":"max-image-preview:large","max-video-preview":"max-video-preview:-1"},"canonical":"https:\/\/raymarine.ee\/en\/product\/axiom2-pro-12-rvm-hybridtouch-12-multi-function-display-with-integrated-1kw-sonar-dv-sv-and-realvision-3d-sonar\/","og_locale":"en_GB","og_type":"article","og_title":"AXIOM2 Pro 12 RVM, HybridTouch 12\u201d Multi-function Display with integrated 1kW Sonar, DV, SV and RealVision 3D Sonar","og_description":"Kogege Axiom2 Pro 12 RVM kaardiplotteriga kalastuse tulevikku. Lihtne ja intuitiivne juhtimine nii puutekraanil kui nuppudel!","og_url":"https:\/\/raymarine.ee\/en\/product\/axiom2-pro-12-rvm-hybridtouch-12-multi-function-display-with-integrated-1kw-sonar-dv-sv-and-realvision-3d-sonar\/","og_site_name":"NavSystems","article_publisher":"https:\/\/www.facebook.com\/NavSystems","article_modified_time":"2026-04-10T09:04:54+00:00","og_image":[{"width":1024,"height":1024,"url":"https:\/\/raymarine.ee\/wp-content\/uploads\/2025\/01\/a3bb5fcc-d40c-4fe1-9272-82767f57acc0.webp","type":"image\/webp"}],"twitter_card":"summary_large_image","twitter_misc":{"Price":"4 256,00&nbsp;&euro;","Availability":"On back order"},"schema":{"@context":"https:\/\/schema.org","@graph":[{"@type":"WebPage","@id":"https:\/\/raymarine.ee\/product\/axiom2-pro-12-rvm-hybridtouch-12-multi-function-display-with-integrated-1kw-sonar-dv-sv-and-realvision-3d-sonar\/","url":"https:\/\/raymarine.ee\/product\/axiom2-pro-12-rvm-hybridtouch-12-multi-function-display-with-integrated-1kw-sonar-dv-sv-and-realvision-3d-sonar\/","name":"Axiom2 Pro 12 RVM: T\u00f5hus Kalastuss\u00fcsteem k\u00f5ik \u00fches seadmes - NavSystems","isPartOf":{"@id":"https:\/\/raymarine.ee\/#website"},"primaryImageOfPage":{"@id":"https:\/\/raymarine.ee\/product\/axiom2-pro-12-rvm-hybridtouch-12-multi-function-display-with-integrated-1kw-sonar-dv-sv-and-realvision-3d-sonar\/#primaryimage"},"image":{"@id":"https:\/\/raymarine.ee\/product\/axiom2-pro-12-rvm-hybridtouch-12-multi-function-display-with-integrated-1kw-sonar-dv-sv-and-realvision-3d-sonar\/#primaryimage"},"thumbnailUrl":"https:\/\/raymarine.ee\/wp-content\/uploads\/2025\/01\/a3bb5fcc-d40c-4fe1-9272-82767f57acc0.webp","datePublished":"2025-01-14T18:50:59+00:00","dateModified":"2026-04-10T09:04:54+00:00","description":"Kogege Axiom2 Pro 12 RVM kaardiplotteriga kalastuse tulevikku. Lihtne ja intuitiivne juhtimine nii puutekraanil kui nuppudel!","breadcrumb":{"@id":"https:\/\/raymarine.ee\/product\/axiom2-pro-12-rvm-hybridtouch-12-multi-function-display-with-integrated-1kw-sonar-dv-sv-and-realvision-3d-sonar\/#breadcrumb"},"inLanguage":"en-GB","potentialAction":[{"@type":"ReadAction","target":["https:\/\/raymarine.ee\/product\/axiom2-pro-12-rvm-hybridtouch-12-multi-function-display-with-integrated-1kw-sonar-dv-sv-and-realvision-3d-sonar\/"]}]},{"@type":"ImageObject","inLanguage":"en-GB","@id":"https:\/\/raymarine.ee\/product\/axiom2-pro-12-rvm-hybridtouch-12-multi-function-display-with-integrated-1kw-sonar-dv-sv-and-realvision-3d-sonar\/#primaryimage","url":"https:\/\/raymarine.ee\/wp-content\/uploads\/2025\/01\/a3bb5fcc-d40c-4fe1-9272-82767f57acc0.webp","contentUrl":"https:\/\/raymarine.ee\/wp-content\/uploads\/2025\/01\/a3bb5fcc-d40c-4fe1-9272-82767f57acc0.webp","width":1024,"height":1024},{"@type":"BreadcrumbList","@id":"https:\/\/raymarine.ee\/product\/axiom2-pro-12-rvm-hybridtouch-12-multi-function-display-with-integrated-1kw-sonar-dv-sv-and-realvision-3d-sonar\/#breadcrumb","itemListElement":[{"@type":"ListItem","position":1,"name":"Home","item":"https:\/\/raymarine.ee\/"},{"@type":"ListItem","position":2,"name":"Tooted","item":"https:\/\/raymarine.ee\/shop\/"},{"@type":"ListItem","position":3,"name":"AXIOM2 Pro 12 RVM, HybridTouch 12\u201d Multi-function Display with integrated 1kW Sonar, DV, SV and RealVision 3D Sonar"}]},{"@type":"WebSite","@id":"https:\/\/raymarine.ee\/#website","url":"https:\/\/raymarine.ee\/","name":"www.raymarine.ee","description":"Mereelektroonika, kaardiplotter, autopiloot, pinnipiloot, roolipiloot, radar, AIS, VHF, Smart Wind","publisher":{"@id":"https:\/\/raymarine.ee\/#organization"},"alternateName":"Raymarine","potentialAction":[{"@type":"SearchAction","target":{"@type":"EntryPoint","urlTemplate":"https:\/\/raymarine.ee\/?s={search_term_string}"},"query-input":{"@type":"PropertyValueSpecification","valueRequired":true,"valueName":"search_term_string"}}],"inLanguage":"en-GB"},{"@type":"Organization","@id":"https:\/\/raymarine.ee\/#organization","name":"NavSystems O\u00dc","url":"https:\/\/raymarine.ee\/","logo":{"@type":"ImageObject","inLanguage":"en-GB","@id":"https:\/\/raymarine.ee\/#\/schema\/logo\/image\/","url":"https:\/\/raymarine.ee\/wp-content\/uploads\/2024\/10\/Screenshot-2024-10-15-151324_bg_removed.webp","contentUrl":"https:\/\/raymarine.ee\/wp-content\/uploads\/2024\/10\/Screenshot-2024-10-15-151324_bg_removed.webp","width":420,"height":276,"caption":"NavSystems O\u00dc"},"image":{"@id":"https:\/\/raymarine.ee\/#\/schema\/logo\/image\/"},"sameAs":["https:\/\/www.facebook.com\/NavSystems"],"legalName":"NavSystems O\u00dc","foundingDate":"2011-05-03","numberOfEmployees":{"@type":"QuantitativeValue","minValue":"1","maxValue":"10"}}]},"product_price_amount":"4256.00","product_price_currency":"EUR","og_availability":"backorder","product_availability":"available for order","product_retailer_item_id":"E70656","product_condition":"new"},"jetpack_sharing_enabled":true,"_links":{"self":[{"href":"https:\/\/raymarine.ee\/en\/wp-json\/wp\/v2\/product\/6370","targetHints":{"allow":["GET"]}}],"collection":[{"href":"https:\/\/raymarine.ee\/en\/wp-json\/wp\/v2\/product"}],"about":[{"href":"https:\/\/raymarine.ee\/en\/wp-json\/wp\/v2\/types\/product"}],"wp:featuredmedia":[{"embeddable":true,"href":"https:\/\/raymarine.ee\/en\/wp-json\/wp\/v2\/media\/7661"}],"wp:attachment":[{"href":"https:\/\/raymarine.ee\/en\/wp-json\/wp\/v2\/media?parent=6370"}],"wp:term":[{"taxonomy":"product_brand","embeddable":true,"href":"https:\/\/raymarine.ee\/en\/wp-json\/wp\/v2\/product_brand?post=6370"},{"taxonomy":"product_cat","embeddable":true,"href":"https:\/\/raymarine.ee\/en\/wp-json\/wp\/v2\/product_cat?post=6370"},{"taxonomy":"product_tag","embeddable":true,"href":"https:\/\/raymarine.ee\/en\/wp-json\/wp\/v2\/product_tag?post=6370"}],"curies":[{"name":"wp","href":"https:\/\/api.w.org\/{rel}","templated":true}]}}