{"id":6372,"date":"2025-01-14T18:52:12","date_gmt":"2025-01-14T18:52:12","guid":{"rendered":"https:\/\/raymarine.ee\/?post_type=product&#038;p=6372"},"modified":"2025-04-18T18:08:51","modified_gmt":"2025-04-18T16:08:51","slug":"axiom-9-pro-rvx-hybridtouch-9-multi-function-display-with-integrated-1kw-sonar-dv-sv-and-realvision-3d-sonar","status":"publish","type":"product","link":"https:\/\/raymarine.ee\/en\/product\/axiom-9-pro-rvx-hybridtouch-9-multi-function-display-with-integrated-1kw-sonar-dv-sv-and-realvision-3d-sonar\/","title":{"rendered":"AXIOM 9 Pro-RVX, HybridTouch 9\u201d Multi-function Display with integrated 1kW Sonar, DV, SV and RealVision 3D Sonar"},"content":{"rendered":"<p data-start=\"125\" data-end=\"186\"><strong data-start=\"125\" data-end=\"186\">RAYMARINE AXIOM PRO SEERIA KAARDIPLOTTERID JA KALALEIDJAD<\/strong><\/p>\n<p data-start=\"188\" data-end=\"209\"><strong data-start=\"188\" data-end=\"209\">\u00dcldine tutvustus:<\/strong><\/p>\n<p data-start=\"211\" data-end=\"847\"><strong data-start=\"211\" data-end=\"224\">Axiom Pro<\/strong> on loodud kaptenitele, kes soovivad k\u00f5ike. Saadaval <strong data-start=\"277\" data-end=\"294\">RealVision 3D<\/strong>, <strong data-start=\"296\" data-end=\"315\">1kW CHIRP sonar<\/strong> ja <strong data-start=\"319\" data-end=\"356\">Raymarine HybridTouch juhtimisega<\/strong>, Axiom Pro on uus standard \u201ck\u00f5ik-\u00fches\u201d multifunktsionaalsete seadmete seas. Ja t\u00e4nu \u00e4\u00e4rmiselt kiirele neljatuumalisele protsessorile, erakordselt valgele k\u00f5rglahutus IPS-ekraanile ning nutikale <strong data-start=\"551\" data-end=\"568\">LightHouse OS<\/strong> s\u00fcsteemile pakub Axiom Pro sujuvat ja intuitiivset navigeerimiskogemust. <strong data-start=\"642\" data-end=\"655\">Axiom Pro<\/strong> on lihtsasti laiendatav arenenud navigeerimisv\u00f5rgustikuks, kuhu kuuluvad mitmed Raymarine Axiom ekraanid, CHIRP radar, Evolution autopiloot, FLIR termiline \u00f6\u00f6n\u00e4gemistehnoloogia ja palju muud.<\/p>\n<hr data-start=\"849\" data-end=\"852\" \/>\n<p data-start=\"854\" data-end=\"876\"><strong data-start=\"854\" data-end=\"876\">Peamised omadused:<\/strong><\/p>\n<ul data-start=\"878\" data-end=\"1665\">\n<li data-start=\"878\" data-end=\"971\"><strong data-start=\"880\" data-end=\"895\">Kiire algus<\/strong>: Neljatuumaline protsessor tagab kiire reageerimise ja t\u00e4iendatud j\u00f5udluse.<\/li>\n<li data-start=\"972\" data-end=\"1110\"><strong data-start=\"974\" data-end=\"999\">HydroTough\u2122 nano-kate<\/strong>: Veet\u00f5rjev\u00f5ime ja suurep\u00e4rane p\u00e4ikesekiirte taluvus tagavad usaldusv\u00e4\u00e4rse puutekontrolli k\u00f5ikides tingimustes.<\/li>\n<li data-start=\"1111\" data-end=\"1225\"><strong data-start=\"1113\" data-end=\"1139\">HybridTouch\u2122 juhtimine<\/strong>: Lihtne puuteekraan ja klaviatuurikogemus tagavad t\u00e4psuse ja mugavuse igas olukorras.<\/li>\n<li data-start=\"1226\" data-end=\"1370\"><strong data-start=\"1228\" data-end=\"1252\">RealVision\u2122 3D sonar<\/strong>: Sisseehitatud laiaulatuslik <strong data-start=\"1282\" data-end=\"1297\">CHIRP sonar<\/strong> koos <strong data-start=\"1303\" data-end=\"1320\">RealVision 3D<\/strong> tehnoloogiaga (DownVision, SideVision, 3D sonar).<\/li>\n<li data-start=\"1371\" data-end=\"1529\"><strong data-start=\"1373\" data-end=\"1407\">Nutikas tagatule reguleerimine<\/strong>: \u00dcmbritseva valguse sensor reguleerib ekraani heledust vastavalt p\u00e4eva- ja \u00f6\u00f6tingimustele, et tagada optimaalne n\u00e4htavus.<\/li>\n<li data-start=\"1530\" data-end=\"1665\"><strong data-start=\"1532\" data-end=\"1555\">Mitmek\u00fclgne s\u00fcsteem<\/strong>: Loo oma Axiom Pro s\u00fcsteem, \u00fchendades mitmed Axiom ekraanid, radarid, kaamerad, autopiloodid ja muud seadmed.<\/li>\n<\/ul>\n<hr data-start=\"1667\" data-end=\"1670\" \/>\n<p data-start=\"1672\" data-end=\"1694\"><strong data-start=\"1672\" data-end=\"1694\">Tehnilised andmed:<\/strong><\/p>\n<p data-start=\"1696\" data-end=\"1773\"><strong data-start=\"1696\" data-end=\"1712\">Mudeli nimi:<\/strong> Axiom Pro 9 &#8211; Multifunktsionaalne kaardiplotter \/ Kalaleidja<\/p>\n<p data-start=\"1775\" data-end=\"1794\"><strong data-start=\"1775\" data-end=\"1794\">\u00dcLDISED ANDMED:<\/strong><\/p>\n<ul data-start=\"1795\" data-end=\"2003\">\n<li data-start=\"1795\" data-end=\"1847\"><strong data-start=\"1797\" data-end=\"1816\">Ekraani suurus:<\/strong> 9&#8243; IPS optiliselt liimitud LCD<\/li>\n<li data-start=\"1848\" data-end=\"1891\"><strong data-start=\"1850\" data-end=\"1875\">Ekraani resolutsioon:<\/strong> 1280 x 720 WXGA<\/li>\n<li data-start=\"1892\" data-end=\"1922\"><strong data-start=\"1894\" data-end=\"1911\">Ekraani t\u00fc\u00fcp:<\/strong> Multitouch<\/li>\n<li data-start=\"1923\" data-end=\"1948\"><strong data-start=\"1925\" data-end=\"1937\">Heledus:<\/strong> 1200 nitti<\/li>\n<li data-start=\"1949\" data-end=\"2003\"><strong data-start=\"1951\" data-end=\"1966\">Vaate nurk:<\/strong> 88\u00b0 (\u00dclemine, Alumine, Vasak, Parem)<\/li>\n<\/ul>\n<p data-start=\"2005\" data-end=\"2029\"><strong data-start=\"2005\" data-end=\"2029\">F\u00fc\u00fcsilised omadused:<\/strong><\/p>\n<ul data-start=\"2030\" data-end=\"2253\">\n<li data-start=\"2030\" data-end=\"2061\"><strong data-start=\"2032\" data-end=\"2043\">M\u00f5\u00f5dud:<\/strong> 300 x 174 x 65 mm<\/li>\n<li data-start=\"2062\" data-end=\"2078\"><strong data-start=\"2064\" data-end=\"2073\">Kaal:<\/strong> 4 kg<\/li>\n<li data-start=\"2079\" data-end=\"2122\"><strong data-start=\"2081\" data-end=\"2095\">Paigaldus:<\/strong> \u00dclemine, Esik\u00fclg, Kinnitus<\/li>\n<li data-start=\"2123\" data-end=\"2159\"><strong data-start=\"2125\" data-end=\"2147\">Veekindluse klass:<\/strong> IPX6 \/ IPX7<\/li>\n<li data-start=\"2160\" data-end=\"2205\"><strong data-start=\"2162\" data-end=\"2188\">T\u00f6\u00f6tlemis temperatuur:<\/strong> -25\u00b0C kuni +55\u00b0C<\/li>\n<li data-start=\"2206\" data-end=\"2253\"><strong data-start=\"2208\" data-end=\"2236\">Ladustamise temperatuur:<\/strong> -30\u00b0C kuni +70\u00b0C<\/li>\n<\/ul>\n<p data-start=\"2255\" data-end=\"2267\"><strong data-start=\"2255\" data-end=\"2267\">V\u00f5imsus:<\/strong><\/p>\n<ul data-start=\"2268\" data-end=\"2374\">\n<li data-start=\"2268\" data-end=\"2318\"><strong data-start=\"2270\" data-end=\"2287\">Pingetugevus:<\/strong> 12V ja 24V DC (8V kuni 32V DC)<\/li>\n<li data-start=\"2319\" data-end=\"2374\"><strong data-start=\"2321\" data-end=\"2356\">Energiatarve (t\u00e4ielik heledus):<\/strong> Axiom Pro 9: ~20W<\/li>\n<\/ul>\n<p data-start=\"2376\" data-end=\"2404\"><strong data-start=\"2376\" data-end=\"2404\">Sensorid ja perifeeriad:<\/strong><\/p>\n<ul data-start=\"2405\" data-end=\"3024\">\n<li data-start=\"2405\" data-end=\"2481\"><strong data-start=\"2407\" data-end=\"2422\">GNSS \/ GPS:<\/strong> Sisseehitatud GNSS vastuv\u00f5tja (GPS\/GLONASS\/Galileo\/Beidou)<\/li>\n<li data-start=\"2482\" data-end=\"2565\"><strong data-start=\"2484\" data-end=\"2494\">Sonar:<\/strong> High CHIRP (Pro S mudel) v\u00f5i RealVision 3D + 1kW sonar (Pro RVX mudel)<\/li>\n<li data-start=\"2566\" data-end=\"2656\"><strong data-start=\"2568\" data-end=\"2589\">Sonari \u00fchendused:<\/strong> 25pin \u00fchendus (CPT-S transdutsioonide jaoks) v\u00f5i 11pin 1kW \u00fchendus<\/li>\n<li data-start=\"2657\" data-end=\"2727\"><strong data-start=\"2659\" data-end=\"2669\">Radar:<\/strong> Quantum, Digitaalne, HD v\u00e4rvid ja Super HD v\u00e4rvid radarid<\/li>\n<li data-start=\"2728\" data-end=\"2756\"><strong data-start=\"2730\" data-end=\"2738\">AIS:<\/strong> Jah &#8211; N2K \u00fchilduv<\/li>\n<li data-start=\"2757\" data-end=\"2812\"><strong data-start=\"2759\" data-end=\"2785\">Autopiloodi juhtimine:<\/strong> Jah &#8211; Evolution Autopiloot<\/li>\n<li data-start=\"2813\" data-end=\"2861\"><strong data-start=\"2815\" data-end=\"2840\">Termiline \u00f6\u00f6n\u00e4gemine:<\/strong> Jah &#8211; IP v\u00f5i analoog<\/li>\n<li data-start=\"2862\" data-end=\"2929\"><strong data-start=\"2864\" data-end=\"2884\">Video \/ Kaamera:<\/strong> 1 x analoog sisend (BNC) kuni 10 IP kaamerat<\/li>\n<li data-start=\"2930\" data-end=\"3024\"><strong data-start=\"2932\" data-end=\"2940\">Ilm:<\/strong> GRIB vaade (tasuta GRIB vaataja ja Theyr Ltd tellimus) | SiriusXM (P\u00f5hja-Ameerikas)<\/li>\n<\/ul>\n<p data-start=\"3026\" data-end=\"3043\"><strong data-start=\"3026\" data-end=\"3043\">V\u00f5rgustumine:<\/strong><\/p>\n<ul data-start=\"3044\" data-end=\"3409\">\n<li data-start=\"3044\" data-end=\"3091\"><strong data-start=\"3046\" data-end=\"3059\">Ethernet:<\/strong> 2 x 10\/100 Mbit\/s v\u00f5rk (RayNet)<\/li>\n<li data-start=\"3092\" data-end=\"3134\"><strong data-start=\"3094\" data-end=\"3107\">NMEA0183:<\/strong> 1 saadetav \/ 2 vastuv\u00f5tvat<\/li>\n<li data-start=\"3135\" data-end=\"3168\"><strong data-start=\"3137\" data-end=\"3150\">NMEA2000:<\/strong> 1 x NMEA2000 port<\/li>\n<li data-start=\"3169\" data-end=\"3265\"><strong data-start=\"3171\" data-end=\"3179\">USB:<\/strong> 1 x USB microAB (tagumine &#8211; laadimine, v\u00e4line salvestusseade v\u00f5i RCR-SD\/USB tarvikud)<\/li>\n<li data-start=\"3266\" data-end=\"3299\"><strong data-start=\"3268\" data-end=\"3278\">Wi-Fi:<\/strong> 802.11 a \/ b \/ g \/ n<\/li>\n<li data-start=\"3300\" data-end=\"3409\"><strong data-start=\"3302\" data-end=\"3316\">Bluetooth:<\/strong> Bluetooth 4.0 + madala energia tarbimine (saabub tulevaste Lighthouse 3 tarkvarauuendustega)<\/li>\n<\/ul>\n<p data-start=\"3411\" data-end=\"3439\"><strong data-start=\"3411\" data-end=\"3439\">Muud spetsifikatsioonid:<\/strong><\/p>\n<ul data-start=\"3440\" data-end=\"3745\">\n<li data-start=\"3440\" data-end=\"3573\"><strong data-start=\"3442\" data-end=\"3460\">Kaardistamine:<\/strong> Lighthouse, Navionics, *C-MAP Essentials ja *C-MAP 4D MAX+ (saadaval tulevastes Lighthouse 3 tarkvarauuendustes)<\/li>\n<li data-start=\"3574\" data-end=\"3628\"><strong data-start=\"3576\" data-end=\"3585\">M\u00e4lu:<\/strong> 16GB sisem\u00e4lu, 2 x microSD sloti (max 2TB)<\/li>\n<li data-start=\"3629\" data-end=\"3651\"><strong data-start=\"3631\" data-end=\"3642\">Keeled:<\/strong> 24 keelt<\/li>\n<li data-start=\"3652\" data-end=\"3745\"><strong data-start=\"3654\" data-end=\"3667\">Kinnitus:<\/strong> NMEA 2000 sertifikaat | FCC 47CFR osa 15 | Kanada t\u00f6\u00f6stuse sertifikaat RSS210<\/li>\n<\/ul>","protected":false},"excerpt":{"rendered":"<p>High Performance Navigation. Axiom Pro is engineered for captains that want it all. Available with RealVision 3D, 1kW CHIRP sonar, and Raymarine HybridTouch control, Axiom Pro is the new standard for \u201callin-one\u201d multifunction devices. And with a blazing fast quad core processor, a super bright high-defi nition IPS display, and the smart LightHouse OS, Axiom Pro delivers a fl uid and intuitive navigation experience. Axiom Pro is easy to expand into an advanced navigation network that includes multiple Raymarine Axiom displays, CHIRP radar, Evolution autopilot, FLIR thermal night vision technology, and more. The device also has a menu in Estonian and Russian.<\/p>","protected":false},"featured_media":7626,"template":"","meta":{"_acf_changed":false},"product_brand":[134],"product_cat":[58,18,103],"product_tag":[],"class_list":{"0":"post-6372","1":"product","2":"type-product","3":"status-publish","4":"has-post-thumbnail","6":"product_brand-raymarine","7":"product_cat-axiom_pro","8":"product_cat-axiom-axiom2-kaardiplotter-axiom2-pro","9":"product_cat-raymarine","11":"first","12":"outofstock","13":"sale","14":"taxable","15":"shipping-taxable","16":"purchasable","17":"product-type-simple"},"acf":[],"yoast_head":"<!-- This site is optimized with the Yoast SEO Premium plugin v27.5 (Yoast SEO v27.5) - https:\/\/yoast.com\/product\/yoast-seo-premium-wordpress\/ -->\n<title>AXIOM 9 Pro-RVX, HybridTouch 9\u201d Multi-function Display with integrated 1kW Sonar, DV, SV and RealVision 3D Sonar - NavSystems Mereelektroonika<\/title>\n<meta name=\"description\" content=\"Raymarine Axiom Pro \u2013 GPS kaardiplotter ja kalaleidja RealVision 3D sonariga, kiire neljatuumalise protsessoriga ja HybridTouch\u2122 juhtimisega. Ideaalne professionaalseks navigeerimiseks.\" \/>\n<meta name=\"robots\" content=\"index, follow, max-snippet:-1, max-image-preview:large, max-video-preview:-1\" \/>\n<link rel=\"canonical\" href=\"https:\/\/raymarine.ee\/en\/product\/axiom-9-pro-rvx-hybridtouch-9-multi-function-display-with-integrated-1kw-sonar-dv-sv-and-realvision-3d-sonar\/\" \/>\n<meta property=\"og:locale\" content=\"en_GB\" \/>\n<meta property=\"og:type\" content=\"article\" \/>\n<meta property=\"og:title\" content=\"AXIOM 9 Pro-RVX, HybridTouch 9\u201d Multi-function Display with integrated 1kW Sonar, DV, SV and RealVision 3D Sonar\" \/>\n<meta property=\"og:description\" content=\"Raymarine Axiom Pro \u2013 GPS kaardiplotter ja kalaleidja RealVision 3D sonariga, kiire neljatuumalise protsessoriga ja HybridTouch\u2122 juhtimisega. Ideaalne professionaalseks navigeerimiseks.\" \/>\n<meta property=\"og:url\" content=\"https:\/\/raymarine.ee\/en\/product\/axiom-9-pro-rvx-hybridtouch-9-multi-function-display-with-integrated-1kw-sonar-dv-sv-and-realvision-3d-sonar\/\" \/>\n<meta property=\"og:site_name\" content=\"NavSystems\" \/>\n<meta property=\"article:publisher\" content=\"https:\/\/www.facebook.com\/NavSystems\" \/>\n<meta property=\"article:modified_time\" content=\"2025-04-18T16:08:51+00:00\" \/>\n<meta property=\"og:image\" content=\"https:\/\/raymarine.ee\/wp-content\/uploads\/2025\/01\/6bd76d4d-3167-427f-9d25-e498e1f5262f.webp\" \/>\n\t<meta property=\"og:image:width\" content=\"1024\" \/>\n\t<meta property=\"og:image:height\" content=\"1024\" \/>\n\t<meta property=\"og:image:type\" content=\"image\/webp\" \/>\n<meta name=\"twitter:card\" content=\"summary_large_image\" \/>\n<meta name=\"twitter:label1\" content=\"Price\" \/>\n\t<meta name=\"twitter:data1\" content=\"3 365,00&nbsp;&euro;\" \/>\n\t<meta name=\"twitter:label2\" content=\"Availability\" \/>\n\t<meta name=\"twitter:data2\" content=\"Out of stock\" \/>\n<script type=\"application\/ld+json\" class=\"yoast-schema-graph\">{\"@context\":\"https:\\\/\\\/schema.org\",\"@graph\":[{\"@type\":\"WebPage\",\"@id\":\"https:\\\/\\\/raymarine.ee\\\/product\\\/axiom-9-pro-rvx-hybridtouch-9-multi-function-display-with-integrated-1kw-sonar-dv-sv-and-realvision-3d-sonar\\\/\",\"url\":\"https:\\\/\\\/raymarine.ee\\\/product\\\/axiom-9-pro-rvx-hybridtouch-9-multi-function-display-with-integrated-1kw-sonar-dv-sv-and-realvision-3d-sonar\\\/\",\"name\":\"AXIOM 9 Pro-RVX, HybridTouch 9\u201d Multi-function Display with integrated 1kW Sonar, DV, SV and RealVision 3D Sonar - NavSystems Mereelektroonika\",\"isPartOf\":{\"@id\":\"https:\\\/\\\/raymarine.ee\\\/#website\"},\"primaryImageOfPage\":{\"@id\":\"https:\\\/\\\/raymarine.ee\\\/product\\\/axiom-9-pro-rvx-hybridtouch-9-multi-function-display-with-integrated-1kw-sonar-dv-sv-and-realvision-3d-sonar\\\/#primaryimage\"},\"image\":{\"@id\":\"https:\\\/\\\/raymarine.ee\\\/product\\\/axiom-9-pro-rvx-hybridtouch-9-multi-function-display-with-integrated-1kw-sonar-dv-sv-and-realvision-3d-sonar\\\/#primaryimage\"},\"thumbnailUrl\":\"https:\\\/\\\/raymarine.ee\\\/wp-content\\\/uploads\\\/2025\\\/01\\\/6bd76d4d-3167-427f-9d25-e498e1f5262f.webp\",\"datePublished\":\"2025-01-14T18:52:12+00:00\",\"dateModified\":\"2025-04-18T16:08:51+00:00\",\"description\":\"Raymarine Axiom Pro \u2013 GPS kaardiplotter ja kalaleidja RealVision 3D sonariga, kiire neljatuumalise protsessoriga ja HybridTouch\u2122 juhtimisega. Ideaalne professionaalseks navigeerimiseks.\",\"breadcrumb\":{\"@id\":\"https:\\\/\\\/raymarine.ee\\\/product\\\/axiom-9-pro-rvx-hybridtouch-9-multi-function-display-with-integrated-1kw-sonar-dv-sv-and-realvision-3d-sonar\\\/#breadcrumb\"},\"inLanguage\":\"en-GB\",\"potentialAction\":[{\"@type\":\"ReadAction\",\"target\":[\"https:\\\/\\\/raymarine.ee\\\/product\\\/axiom-9-pro-rvx-hybridtouch-9-multi-function-display-with-integrated-1kw-sonar-dv-sv-and-realvision-3d-sonar\\\/\"]}]},{\"@type\":\"ImageObject\",\"inLanguage\":\"en-GB\",\"@id\":\"https:\\\/\\\/raymarine.ee\\\/product\\\/axiom-9-pro-rvx-hybridtouch-9-multi-function-display-with-integrated-1kw-sonar-dv-sv-and-realvision-3d-sonar\\\/#primaryimage\",\"url\":\"https:\\\/\\\/raymarine.ee\\\/wp-content\\\/uploads\\\/2025\\\/01\\\/6bd76d4d-3167-427f-9d25-e498e1f5262f.webp\",\"contentUrl\":\"https:\\\/\\\/raymarine.ee\\\/wp-content\\\/uploads\\\/2025\\\/01\\\/6bd76d4d-3167-427f-9d25-e498e1f5262f.webp\",\"width\":1024,\"height\":1024},{\"@type\":\"BreadcrumbList\",\"@id\":\"https:\\\/\\\/raymarine.ee\\\/product\\\/axiom-9-pro-rvx-hybridtouch-9-multi-function-display-with-integrated-1kw-sonar-dv-sv-and-realvision-3d-sonar\\\/#breadcrumb\",\"itemListElement\":[{\"@type\":\"ListItem\",\"position\":1,\"name\":\"Home\",\"item\":\"https:\\\/\\\/raymarine.ee\\\/\"},{\"@type\":\"ListItem\",\"position\":2,\"name\":\"Tooted\",\"item\":\"https:\\\/\\\/raymarine.ee\\\/shop\\\/\"},{\"@type\":\"ListItem\",\"position\":3,\"name\":\"AXIOM 9 Pro-RVX, HybridTouch 9\u201d Multi-function Display with integrated 1kW Sonar, DV, SV and RealVision 3D Sonar\"}]},{\"@type\":\"WebSite\",\"@id\":\"https:\\\/\\\/raymarine.ee\\\/#website\",\"url\":\"https:\\\/\\\/raymarine.ee\\\/\",\"name\":\"www.raymarine.ee\",\"description\":\"Mereelektroonika, kaardiplotter, autopiloot, pinnipiloot, roolipiloot, radar, AIS, VHF, Smart Wind\",\"publisher\":{\"@id\":\"https:\\\/\\\/raymarine.ee\\\/#organization\"},\"alternateName\":\"Raymarine\",\"potentialAction\":[{\"@type\":\"SearchAction\",\"target\":{\"@type\":\"EntryPoint\",\"urlTemplate\":\"https:\\\/\\\/raymarine.ee\\\/?s={search_term_string}\"},\"query-input\":{\"@type\":\"PropertyValueSpecification\",\"valueRequired\":true,\"valueName\":\"search_term_string\"}}],\"inLanguage\":\"en-GB\"},{\"@type\":\"Organization\",\"@id\":\"https:\\\/\\\/raymarine.ee\\\/#organization\",\"name\":\"NavSystems O\u00dc\",\"url\":\"https:\\\/\\\/raymarine.ee\\\/\",\"logo\":{\"@type\":\"ImageObject\",\"inLanguage\":\"en-GB\",\"@id\":\"https:\\\/\\\/raymarine.ee\\\/#\\\/schema\\\/logo\\\/image\\\/\",\"url\":\"https:\\\/\\\/raymarine.ee\\\/wp-content\\\/uploads\\\/2024\\\/10\\\/Screenshot-2024-10-15-151324_bg_removed.webp\",\"contentUrl\":\"https:\\\/\\\/raymarine.ee\\\/wp-content\\\/uploads\\\/2024\\\/10\\\/Screenshot-2024-10-15-151324_bg_removed.webp\",\"width\":420,\"height\":276,\"caption\":\"NavSystems O\u00dc\"},\"image\":{\"@id\":\"https:\\\/\\\/raymarine.ee\\\/#\\\/schema\\\/logo\\\/image\\\/\"},\"sameAs\":[\"https:\\\/\\\/www.facebook.com\\\/NavSystems\"],\"legalName\":\"NavSystems O\u00dc\",\"foundingDate\":\"2011-05-03\",\"numberOfEmployees\":{\"@type\":\"QuantitativeValue\",\"minValue\":\"1\",\"maxValue\":\"10\"}}]}<\/script>\n<meta property=\"product:price:amount\" content=\"3365.00\" \/>\n<meta property=\"product:price:currency\" content=\"EUR\" \/>\n<meta property=\"og:availability\" content=\"out of stock\" \/>\n<meta property=\"product:availability\" content=\"out of stock\" \/>\n<meta property=\"product:retailer_item_id\" content=\"E70371\" \/>\n<meta property=\"product:condition\" content=\"new\" \/>\n<!-- \/ Yoast SEO Premium plugin. -->","yoast_head_json":{"title":"AXIOM 9 Pro-RVX, HybridTouch 9\u201d Multi-function Display with integrated 1kW Sonar, DV, SV and RealVision 3D Sonar - NavSystems Mereelektroonika","description":"Raymarine Axiom Pro \u2013 GPS kaardiplotter ja kalaleidja RealVision 3D sonariga, kiire neljatuumalise protsessoriga ja HybridTouch\u2122 juhtimisega. Ideaalne professionaalseks navigeerimiseks.","robots":{"index":"index","follow":"follow","max-snippet":"max-snippet:-1","max-image-preview":"max-image-preview:large","max-video-preview":"max-video-preview:-1"},"canonical":"https:\/\/raymarine.ee\/en\/product\/axiom-9-pro-rvx-hybridtouch-9-multi-function-display-with-integrated-1kw-sonar-dv-sv-and-realvision-3d-sonar\/","og_locale":"en_GB","og_type":"article","og_title":"AXIOM 9 Pro-RVX, HybridTouch 9\u201d Multi-function Display with integrated 1kW Sonar, DV, SV and RealVision 3D Sonar","og_description":"Raymarine Axiom Pro \u2013 GPS kaardiplotter ja kalaleidja RealVision 3D sonariga, kiire neljatuumalise protsessoriga ja HybridTouch\u2122 juhtimisega. Ideaalne professionaalseks navigeerimiseks.","og_url":"https:\/\/raymarine.ee\/en\/product\/axiom-9-pro-rvx-hybridtouch-9-multi-function-display-with-integrated-1kw-sonar-dv-sv-and-realvision-3d-sonar\/","og_site_name":"NavSystems","article_publisher":"https:\/\/www.facebook.com\/NavSystems","article_modified_time":"2025-04-18T16:08:51+00:00","og_image":[{"width":1024,"height":1024,"url":"https:\/\/raymarine.ee\/wp-content\/uploads\/2025\/01\/6bd76d4d-3167-427f-9d25-e498e1f5262f.webp","type":"image\/webp"}],"twitter_card":"summary_large_image","twitter_misc":{"Price":"3 365,00&nbsp;&euro;","Availability":"Out of stock"},"schema":{"@context":"https:\/\/schema.org","@graph":[{"@type":"WebPage","@id":"https:\/\/raymarine.ee\/product\/axiom-9-pro-rvx-hybridtouch-9-multi-function-display-with-integrated-1kw-sonar-dv-sv-and-realvision-3d-sonar\/","url":"https:\/\/raymarine.ee\/product\/axiom-9-pro-rvx-hybridtouch-9-multi-function-display-with-integrated-1kw-sonar-dv-sv-and-realvision-3d-sonar\/","name":"AXIOM 9 Pro-RVX, HybridTouch 9\u201d Multi-function Display with integrated 1kW Sonar, DV, SV and RealVision 3D Sonar - NavSystems Mereelektroonika","isPartOf":{"@id":"https:\/\/raymarine.ee\/#website"},"primaryImageOfPage":{"@id":"https:\/\/raymarine.ee\/product\/axiom-9-pro-rvx-hybridtouch-9-multi-function-display-with-integrated-1kw-sonar-dv-sv-and-realvision-3d-sonar\/#primaryimage"},"image":{"@id":"https:\/\/raymarine.ee\/product\/axiom-9-pro-rvx-hybridtouch-9-multi-function-display-with-integrated-1kw-sonar-dv-sv-and-realvision-3d-sonar\/#primaryimage"},"thumbnailUrl":"https:\/\/raymarine.ee\/wp-content\/uploads\/2025\/01\/6bd76d4d-3167-427f-9d25-e498e1f5262f.webp","datePublished":"2025-01-14T18:52:12+00:00","dateModified":"2025-04-18T16:08:51+00:00","description":"Raymarine Axiom Pro \u2013 GPS kaardiplotter ja kalaleidja RealVision 3D sonariga, kiire neljatuumalise protsessoriga ja HybridTouch\u2122 juhtimisega. Ideaalne professionaalseks navigeerimiseks.","breadcrumb":{"@id":"https:\/\/raymarine.ee\/product\/axiom-9-pro-rvx-hybridtouch-9-multi-function-display-with-integrated-1kw-sonar-dv-sv-and-realvision-3d-sonar\/#breadcrumb"},"inLanguage":"en-GB","potentialAction":[{"@type":"ReadAction","target":["https:\/\/raymarine.ee\/product\/axiom-9-pro-rvx-hybridtouch-9-multi-function-display-with-integrated-1kw-sonar-dv-sv-and-realvision-3d-sonar\/"]}]},{"@type":"ImageObject","inLanguage":"en-GB","@id":"https:\/\/raymarine.ee\/product\/axiom-9-pro-rvx-hybridtouch-9-multi-function-display-with-integrated-1kw-sonar-dv-sv-and-realvision-3d-sonar\/#primaryimage","url":"https:\/\/raymarine.ee\/wp-content\/uploads\/2025\/01\/6bd76d4d-3167-427f-9d25-e498e1f5262f.webp","contentUrl":"https:\/\/raymarine.ee\/wp-content\/uploads\/2025\/01\/6bd76d4d-3167-427f-9d25-e498e1f5262f.webp","width":1024,"height":1024},{"@type":"BreadcrumbList","@id":"https:\/\/raymarine.ee\/product\/axiom-9-pro-rvx-hybridtouch-9-multi-function-display-with-integrated-1kw-sonar-dv-sv-and-realvision-3d-sonar\/#breadcrumb","itemListElement":[{"@type":"ListItem","position":1,"name":"Home","item":"https:\/\/raymarine.ee\/"},{"@type":"ListItem","position":2,"name":"Tooted","item":"https:\/\/raymarine.ee\/shop\/"},{"@type":"ListItem","position":3,"name":"AXIOM 9 Pro-RVX, HybridTouch 9\u201d Multi-function Display with integrated 1kW Sonar, DV, SV and RealVision 3D Sonar"}]},{"@type":"WebSite","@id":"https:\/\/raymarine.ee\/#website","url":"https:\/\/raymarine.ee\/","name":"www.raymarine.ee","description":"Mereelektroonika, kaardiplotter, autopiloot, pinnipiloot, roolipiloot, radar, AIS, VHF, Smart Wind","publisher":{"@id":"https:\/\/raymarine.ee\/#organization"},"alternateName":"Raymarine","potentialAction":[{"@type":"SearchAction","target":{"@type":"EntryPoint","urlTemplate":"https:\/\/raymarine.ee\/?s={search_term_string}"},"query-input":{"@type":"PropertyValueSpecification","valueRequired":true,"valueName":"search_term_string"}}],"inLanguage":"en-GB"},{"@type":"Organization","@id":"https:\/\/raymarine.ee\/#organization","name":"NavSystems O\u00dc","url":"https:\/\/raymarine.ee\/","logo":{"@type":"ImageObject","inLanguage":"en-GB","@id":"https:\/\/raymarine.ee\/#\/schema\/logo\/image\/","url":"https:\/\/raymarine.ee\/wp-content\/uploads\/2024\/10\/Screenshot-2024-10-15-151324_bg_removed.webp","contentUrl":"https:\/\/raymarine.ee\/wp-content\/uploads\/2024\/10\/Screenshot-2024-10-15-151324_bg_removed.webp","width":420,"height":276,"caption":"NavSystems O\u00dc"},"image":{"@id":"https:\/\/raymarine.ee\/#\/schema\/logo\/image\/"},"sameAs":["https:\/\/www.facebook.com\/NavSystems"],"legalName":"NavSystems O\u00dc","foundingDate":"2011-05-03","numberOfEmployees":{"@type":"QuantitativeValue","minValue":"1","maxValue":"10"}}]},"product_price_amount":"3365.00","product_price_currency":"EUR","og_availability":"out of stock","product_availability":"out of stock","product_retailer_item_id":"E70371","product_condition":"new"},"jetpack_sharing_enabled":true,"_links":{"self":[{"href":"https:\/\/raymarine.ee\/en\/wp-json\/wp\/v2\/product\/6372","targetHints":{"allow":["GET"]}}],"collection":[{"href":"https:\/\/raymarine.ee\/en\/wp-json\/wp\/v2\/product"}],"about":[{"href":"https:\/\/raymarine.ee\/en\/wp-json\/wp\/v2\/types\/product"}],"wp:featuredmedia":[{"embeddable":true,"href":"https:\/\/raymarine.ee\/en\/wp-json\/wp\/v2\/media\/7626"}],"wp:attachment":[{"href":"https:\/\/raymarine.ee\/en\/wp-json\/wp\/v2\/media?parent=6372"}],"wp:term":[{"taxonomy":"product_brand","embeddable":true,"href":"https:\/\/raymarine.ee\/en\/wp-json\/wp\/v2\/product_brand?post=6372"},{"taxonomy":"product_cat","embeddable":true,"href":"https:\/\/raymarine.ee\/en\/wp-json\/wp\/v2\/product_cat?post=6372"},{"taxonomy":"product_tag","embeddable":true,"href":"https:\/\/raymarine.ee\/en\/wp-json\/wp\/v2\/product_tag?post=6372"}],"curies":[{"name":"wp","href":"https:\/\/api.w.org\/{rel}","templated":true}]}}