{"id":6376,"date":"2025-01-14T18:47:27","date_gmt":"2025-01-14T18:47:27","guid":{"rendered":"https:\/\/raymarine.ee\/?post_type=product&#038;p=6376"},"modified":"2026-01-02T07:27:47","modified_gmt":"2026-01-02T05:27:47","slug":"axiom2-xl-22-21-5-glass-bridge-multi-function-display","status":"publish","type":"product","link":"https:\/\/raymarine.ee\/en\/product\/axiom2-xl-22-21-5-glass-bridge-multi-function-display\/","title":{"rendered":"AXIOM2 XL 22- 21.5\u201d Glass Bridge Multi-function Display"},"content":{"rendered":"<h3 class=\"\" data-start=\"0\" data-end=\"118\"><strong data-start=\"4\" data-end=\"118\">Raymarine Axiom 2 XL \u2013 24&#8243; suur puuteekraan professionaalseks navigeerimiseks<\/strong><\/h3>\n<p class=\"\" data-start=\"120\" data-end=\"483\"><strong data-start=\"120\" data-end=\"144\">Raymarine Axiom 2 XL<\/strong> on tippklassi <strong data-start=\"159\" data-end=\"207\">24-tolline multifunktsionaalne kaardiplotter<\/strong>, mis \u00fchendab <strong data-start=\"221\" data-end=\"285\">suurformaadilise puuteekraani, k\u00f5rge j\u00f5udlusega t\u00f6\u00f6tlusv\u00f5ime<\/strong> ja <strong data-start=\"289\" data-end=\"329\">t\u00e4ieliku Raymarine v\u00f5rgu\u00fchenduse toe<\/strong>. See on loodud <strong data-start=\"345\" data-end=\"381\">professionaalsetele kasutajatele<\/strong>, kelle jaoks on oluline t\u00f6\u00f6kindlus, n\u00e4htavus ja skaleeritavus igas olukorras ja ilmastikutingimustes.<\/p>\n<p class=\"\" data-start=\"485\" data-end=\"795\">Axiom 2 XL kasutab <strong data-start=\"504\" data-end=\"545\">HydroTough\u2122 nano-kattega puuteekraani<\/strong>, mis tagab veekindluse, t\u00e4pse juhtimise ja suurep\u00e4rase n\u00e4htavuse ka eredas p\u00e4ikesevalguses. <strong data-start=\"638\" data-end=\"675\">WUXGA resolutsiooniga 1920 x 1200<\/strong> ekraan annab kristallselge pildi, samas kui <strong data-start=\"720\" data-end=\"738\">kompaktne raam<\/strong> maksimeerib ekraani suurust minimaalse paigalduspinnaga.<\/p>\n<p class=\"\" data-start=\"797\" data-end=\"1018\"><strong data-start=\"797\" data-end=\"820\">Tark taustvalgustus<\/strong> koos <strong data-start=\"826\" data-end=\"844\">valgusanduriga<\/strong> reguleerib automaatselt heleduse taset vastavalt p\u00e4eva- ja \u00f6\u00f6valgusele. Kasutaja saab <strong data-start=\"931\" data-end=\"967\">ehitada enda klaassilla s\u00fcsteemi<\/strong>, \u00fchendades mitu Axiom 2 XL seadet \u00fcheks tervikuks.<\/p>\n<p class=\"\" data-start=\"1020\" data-end=\"1339\"><strong data-start=\"1020\" data-end=\"1054\">LightHouse operatsioonis\u00fcsteem<\/strong> v\u00f5imaldab intuitiivset juhtimist, seadmete haldust ja kaardistamist. T\u00e4nu <strong data-start=\"1129\" data-end=\"1184\">integreeritud WiFi-le ja Raymarine Mobile App toele<\/strong> saab s\u00fcsteemi kasutada ja hallata ka <strong data-start=\"1222\" data-end=\"1259\">nutitelefonist v\u00f5i tahvelarvutist<\/strong>. Lisaks toetab Axiom 2 XL <strong data-start=\"1286\" data-end=\"1338\">voogedastust, muusikat ja kolmanda osapoole \u00e4ppe<\/strong>.<\/p>\n<p class=\"\" data-start=\"1341\" data-end=\"1414\">S\u00fcsteem on t\u00e4ielikult \u00fchilduv k\u00f5igi Raymarine komponentidega, sealhulgas:<\/p>\n<ul data-start=\"1415\" data-end=\"1595\">\n<li class=\"\" data-start=\"1415\" data-end=\"1453\">\n<p class=\"\" data-start=\"1417\" data-end=\"1453\"><strong data-start=\"1417\" data-end=\"1436\">Sonarimoodulid:<\/strong> CP570, RVM1600<\/p>\n<\/li>\n<li class=\"\" data-start=\"1454\" data-end=\"1489\">\n<p class=\"\" data-start=\"1456\" data-end=\"1489\"><strong data-start=\"1456\" data-end=\"1468\">Radarid:<\/strong> Quantum 2, Cyclone<\/p>\n<\/li>\n<li class=\"\" data-start=\"1490\" data-end=\"1539\">\n<p class=\"\" data-start=\"1492\" data-end=\"1539\"><strong data-start=\"1492\" data-end=\"1505\">Kaamerad:<\/strong> FLIR termokaamerad, IP kaamerad<\/p>\n<\/li>\n<li class=\"\" data-start=\"1540\" data-end=\"1595\">\n<p class=\"\" data-start=\"1542\" data-end=\"1595\"><strong data-start=\"1542\" data-end=\"1595\">AIS, autopiloodid, ilmamoodulid, NMEA2000 seadmed<\/strong><\/p>\n<\/li>\n<\/ul>\n<p class=\"\" data-start=\"1597\" data-end=\"1748\">Soovi korral saab Axiom 2 XL juhtimist t\u00e4iendada <strong data-start=\"1646\" data-end=\"1686\">Raymarine RMK-10 kaugjuhtimispuldiga<\/strong>, pakkudes rohkem kontrolliv\u00f5imalusi f\u00fc\u00fcsiliste nuppude kaudu.<\/p>\n<hr class=\"\" data-start=\"1750\" data-end=\"1753\" \/>\n<h3 class=\"\" data-start=\"1755\" data-end=\"1780\"><strong data-start=\"1759\" data-end=\"1780\">Peamised eelised:<\/strong><\/h3>\n<ul data-start=\"1781\" data-end=\"2224\">\n<li class=\"\" data-start=\"1781\" data-end=\"1853\">\n<p class=\"\" data-start=\"1783\" data-end=\"1853\"><strong data-start=\"1783\" data-end=\"1815\">24&#8243; WUXGA ekraan (1920&#215;1200)<\/strong> \u2013 maksimaalne n\u00e4htavus ja detailsus<\/p>\n<\/li>\n<li class=\"\" data-start=\"1854\" data-end=\"1933\">\n<p class=\"\" data-start=\"1856\" data-end=\"1933\"><strong data-start=\"1856\" data-end=\"1883\">HydroTough\u2122 tehnoloogia<\/strong> \u2013 usaldusv\u00e4\u00e4rne kasutus ka m\u00e4rgades tingimustes<\/p>\n<\/li>\n<li class=\"\" data-start=\"1934\" data-end=\"2020\">\n<p class=\"\" data-start=\"1936\" data-end=\"2020\"><strong data-start=\"1936\" data-end=\"1980\">Automaatne taustvalgustuse reguleerimine<\/strong> \u2013 optimaalne n\u00e4htavus \u00f6\u00f6sel ja p\u00e4eval<\/p>\n<\/li>\n<li class=\"\" data-start=\"2021\" data-end=\"2076\">\n<p class=\"\" data-start=\"2023\" data-end=\"2076\"><strong data-start=\"2023\" data-end=\"2040\">LightHouse OS<\/strong> \u2013 intuitiivne navigeerimiss\u00fcsteem<\/p>\n<\/li>\n<li class=\"\" data-start=\"2077\" data-end=\"2153\">\n<p class=\"\" data-start=\"2079\" data-end=\"2153\"><strong data-start=\"2079\" data-end=\"2151\">T\u00e4ielik v\u00f5rgu\u00fchendus Raymarine sonarite, radarite ja autopilootidega<\/strong><\/p>\n<\/li>\n<li class=\"\" data-start=\"2154\" data-end=\"2224\">\n<p class=\"\" data-start=\"2156\" data-end=\"2224\"><strong data-start=\"2156\" data-end=\"2198\">Tugi nutiseadmetele ja meelelahutusele<\/strong> (voogedastus, heli, \u00e4pid)<\/p>\n<\/li>\n<\/ul>\n<p class=\"\" data-start=\"2226\" data-end=\"2430\"><strong data-start=\"2226\" data-end=\"2250\">Raymarine Axiom 2 XL<\/strong> on ideaalne <strong data-start=\"2263\" data-end=\"2351\">suurtele jahtidele, professionaalsetele t\u00f6\u00f6paatidele v\u00f5i luksuslikele klaassildadele<\/strong>, kus on vaja suurt ekraani, t\u00e4pset juhtimist ja mitmek\u00fclgset funktsionaalsust.<\/p>","protected":false},"excerpt":{"rendered":"<p>The Raymarine Axiom 2 XL is a premium glass bridge chartplotter with advanced video integration capabilities and large 22-inch display. The powerful 6-core processor provides faster video frame rates and chart rendering! The Axiom XL display features HydroTough nano-coating technology with an ambient light sensor, providing excellent sunlight visibility.<\/p>","protected":false},"featured_media":7649,"template":"","meta":{"_acf_changed":false},"product_brand":[134],"product_cat":[59,18,103],"product_tag":[],"class_list":{"0":"post-6376","1":"product","2":"type-product","3":"status-publish","4":"has-post-thumbnail","6":"product_brand-raymarine","7":"product_cat-axiom_xl","8":"product_cat-axiom-axiom2-kaardiplotter-axiom2-pro","9":"product_cat-raymarine","11":"first","12":"onbackorder","13":"sale","14":"featured","15":"taxable","16":"shipping-taxable","17":"purchasable","18":"product-type-simple"},"acf":[],"yoast_head":"<!-- This site is optimized with the Yoast SEO Premium plugin v27.5 (Yoast SEO v27.5) - https:\/\/yoast.com\/product\/yoast-seo-premium-wordpress\/ -->\n<title>AXIOM2 XL 22- 21.5\u201d Glass Bridge Multi-function Display - NavSystems Mereelektroonika<\/title>\n<meta name=\"description\" content=\"Raymarine Axiom 2 XL \u2013 24&quot; WUXGA puuteekraan HydroTough kattega, LightHouse OS, automaatne valgusreguleerimine, t\u00e4istoetus Raymarine sonaritele ja radaritele. T\u00e4iuslik valik suurtele alustele.\" \/>\n<meta name=\"robots\" content=\"index, follow, max-snippet:-1, max-image-preview:large, max-video-preview:-1\" \/>\n<link rel=\"canonical\" href=\"https:\/\/raymarine.ee\/en\/product\/axiom2-xl-22-21-5-glass-bridge-multi-function-display\/\" \/>\n<meta property=\"og:locale\" content=\"en_GB\" \/>\n<meta property=\"og:type\" content=\"article\" \/>\n<meta property=\"og:title\" content=\"AXIOM2 XL 22- 21.5\u201d Glass Bridge Multi-function Display\" \/>\n<meta property=\"og:description\" content=\"Raymarine Axiom 2 XL \u2013 24&quot; WUXGA puuteekraan HydroTough kattega, LightHouse OS, automaatne valgusreguleerimine, t\u00e4istoetus Raymarine sonaritele ja radaritele. T\u00e4iuslik valik suurtele alustele.\" \/>\n<meta property=\"og:url\" content=\"https:\/\/raymarine.ee\/en\/product\/axiom2-xl-22-21-5-glass-bridge-multi-function-display\/\" \/>\n<meta property=\"og:site_name\" content=\"NavSystems\" \/>\n<meta property=\"article:publisher\" content=\"https:\/\/www.facebook.com\/NavSystems\" \/>\n<meta property=\"article:modified_time\" content=\"2026-01-02T05:27:47+00:00\" \/>\n<meta property=\"og:image\" content=\"https:\/\/raymarine.ee\/wp-content\/uploads\/2025\/01\/453698ea-1218-43d2-9518-c9e313da4fee.webp\" \/>\n\t<meta property=\"og:image:width\" content=\"1024\" \/>\n\t<meta property=\"og:image:height\" content=\"1024\" \/>\n\t<meta property=\"og:image:type\" content=\"image\/webp\" \/>\n<meta name=\"twitter:card\" content=\"summary_large_image\" \/>\n<meta name=\"twitter:label1\" content=\"Price\" \/>\n\t<meta name=\"twitter:data1\" content=\"13 550,00&nbsp;&euro;\" \/>\n\t<meta name=\"twitter:label2\" content=\"Availability\" \/>\n\t<meta name=\"twitter:data2\" content=\"On back order\" \/>\n<script type=\"application\/ld+json\" class=\"yoast-schema-graph\">{\"@context\":\"https:\\\/\\\/schema.org\",\"@graph\":[{\"@type\":\"WebPage\",\"@id\":\"https:\\\/\\\/raymarine.ee\\\/product\\\/axiom2-xl-22-21-5-glass-bridge-multi-function-display\\\/\",\"url\":\"https:\\\/\\\/raymarine.ee\\\/product\\\/axiom2-xl-22-21-5-glass-bridge-multi-function-display\\\/\",\"name\":\"AXIOM2 XL 22- 21.5\u201d Glass Bridge Multi-function Display - NavSystems Mereelektroonika\",\"isPartOf\":{\"@id\":\"https:\\\/\\\/raymarine.ee\\\/#website\"},\"primaryImageOfPage\":{\"@id\":\"https:\\\/\\\/raymarine.ee\\\/product\\\/axiom2-xl-22-21-5-glass-bridge-multi-function-display\\\/#primaryimage\"},\"image\":{\"@id\":\"https:\\\/\\\/raymarine.ee\\\/product\\\/axiom2-xl-22-21-5-glass-bridge-multi-function-display\\\/#primaryimage\"},\"thumbnailUrl\":\"https:\\\/\\\/raymarine.ee\\\/wp-content\\\/uploads\\\/2025\\\/01\\\/453698ea-1218-43d2-9518-c9e313da4fee.webp\",\"datePublished\":\"2025-01-14T18:47:27+00:00\",\"dateModified\":\"2026-01-02T05:27:47+00:00\",\"description\":\"Raymarine Axiom 2 XL \u2013 24\\\" WUXGA puuteekraan HydroTough kattega, LightHouse OS, automaatne valgusreguleerimine, t\u00e4istoetus Raymarine sonaritele ja radaritele. T\u00e4iuslik valik suurtele alustele.\",\"breadcrumb\":{\"@id\":\"https:\\\/\\\/raymarine.ee\\\/product\\\/axiom2-xl-22-21-5-glass-bridge-multi-function-display\\\/#breadcrumb\"},\"inLanguage\":\"en-GB\",\"potentialAction\":[{\"@type\":\"ReadAction\",\"target\":[\"https:\\\/\\\/raymarine.ee\\\/product\\\/axiom2-xl-22-21-5-glass-bridge-multi-function-display\\\/\"]}]},{\"@type\":\"ImageObject\",\"inLanguage\":\"en-GB\",\"@id\":\"https:\\\/\\\/raymarine.ee\\\/product\\\/axiom2-xl-22-21-5-glass-bridge-multi-function-display\\\/#primaryimage\",\"url\":\"https:\\\/\\\/raymarine.ee\\\/wp-content\\\/uploads\\\/2025\\\/01\\\/453698ea-1218-43d2-9518-c9e313da4fee.webp\",\"contentUrl\":\"https:\\\/\\\/raymarine.ee\\\/wp-content\\\/uploads\\\/2025\\\/01\\\/453698ea-1218-43d2-9518-c9e313da4fee.webp\",\"width\":1024,\"height\":1024},{\"@type\":\"BreadcrumbList\",\"@id\":\"https:\\\/\\\/raymarine.ee\\\/product\\\/axiom2-xl-22-21-5-glass-bridge-multi-function-display\\\/#breadcrumb\",\"itemListElement\":[{\"@type\":\"ListItem\",\"position\":1,\"name\":\"Home\",\"item\":\"https:\\\/\\\/raymarine.ee\\\/\"},{\"@type\":\"ListItem\",\"position\":2,\"name\":\"Tooted\",\"item\":\"https:\\\/\\\/raymarine.ee\\\/shop\\\/\"},{\"@type\":\"ListItem\",\"position\":3,\"name\":\"AXIOM2 XL 22- 21.5\u201d Glass Bridge Multi-function Display\"}]},{\"@type\":\"WebSite\",\"@id\":\"https:\\\/\\\/raymarine.ee\\\/#website\",\"url\":\"https:\\\/\\\/raymarine.ee\\\/\",\"name\":\"www.raymarine.ee\",\"description\":\"Mereelektroonika, kaardiplotter, autopiloot, pinnipiloot, roolipiloot, radar, AIS, VHF, Smart Wind\",\"publisher\":{\"@id\":\"https:\\\/\\\/raymarine.ee\\\/#organization\"},\"alternateName\":\"Raymarine\",\"potentialAction\":[{\"@type\":\"SearchAction\",\"target\":{\"@type\":\"EntryPoint\",\"urlTemplate\":\"https:\\\/\\\/raymarine.ee\\\/?s={search_term_string}\"},\"query-input\":{\"@type\":\"PropertyValueSpecification\",\"valueRequired\":true,\"valueName\":\"search_term_string\"}}],\"inLanguage\":\"en-GB\"},{\"@type\":\"Organization\",\"@id\":\"https:\\\/\\\/raymarine.ee\\\/#organization\",\"name\":\"NavSystems O\u00dc\",\"url\":\"https:\\\/\\\/raymarine.ee\\\/\",\"logo\":{\"@type\":\"ImageObject\",\"inLanguage\":\"en-GB\",\"@id\":\"https:\\\/\\\/raymarine.ee\\\/#\\\/schema\\\/logo\\\/image\\\/\",\"url\":\"https:\\\/\\\/raymarine.ee\\\/wp-content\\\/uploads\\\/2024\\\/10\\\/Screenshot-2024-10-15-151324_bg_removed.webp\",\"contentUrl\":\"https:\\\/\\\/raymarine.ee\\\/wp-content\\\/uploads\\\/2024\\\/10\\\/Screenshot-2024-10-15-151324_bg_removed.webp\",\"width\":420,\"height\":276,\"caption\":\"NavSystems O\u00dc\"},\"image\":{\"@id\":\"https:\\\/\\\/raymarine.ee\\\/#\\\/schema\\\/logo\\\/image\\\/\"},\"sameAs\":[\"https:\\\/\\\/www.facebook.com\\\/NavSystems\"],\"legalName\":\"NavSystems O\u00dc\",\"foundingDate\":\"2011-05-03\",\"numberOfEmployees\":{\"@type\":\"QuantitativeValue\",\"minValue\":\"1\",\"maxValue\":\"10\"}}]}<\/script>\n<meta property=\"product:price:amount\" content=\"13550.00\" \/>\n<meta property=\"product:price:currency\" content=\"EUR\" \/>\n<meta property=\"og:availability\" content=\"backorder\" \/>\n<meta property=\"product:availability\" content=\"available for order\" \/>\n<meta property=\"product:retailer_item_id\" content=\"E70663\" \/>\n<meta property=\"product:condition\" content=\"new\" \/>\n<!-- \/ Yoast SEO Premium plugin. -->","yoast_head_json":{"title":"AXIOM2 XL 22- 21.5\u201d Glass Bridge Multi-function Display - NavSystems Mereelektroonika","description":"Raymarine Axiom 2 XL \u2013 24\" WUXGA puuteekraan HydroTough kattega, LightHouse OS, automaatne valgusreguleerimine, t\u00e4istoetus Raymarine sonaritele ja radaritele. T\u00e4iuslik valik suurtele alustele.","robots":{"index":"index","follow":"follow","max-snippet":"max-snippet:-1","max-image-preview":"max-image-preview:large","max-video-preview":"max-video-preview:-1"},"canonical":"https:\/\/raymarine.ee\/en\/product\/axiom2-xl-22-21-5-glass-bridge-multi-function-display\/","og_locale":"en_GB","og_type":"article","og_title":"AXIOM2 XL 22- 21.5\u201d Glass Bridge Multi-function Display","og_description":"Raymarine Axiom 2 XL \u2013 24\" WUXGA puuteekraan HydroTough kattega, LightHouse OS, automaatne valgusreguleerimine, t\u00e4istoetus Raymarine sonaritele ja radaritele. T\u00e4iuslik valik suurtele alustele.","og_url":"https:\/\/raymarine.ee\/en\/product\/axiom2-xl-22-21-5-glass-bridge-multi-function-display\/","og_site_name":"NavSystems","article_publisher":"https:\/\/www.facebook.com\/NavSystems","article_modified_time":"2026-01-02T05:27:47+00:00","og_image":[{"width":1024,"height":1024,"url":"https:\/\/raymarine.ee\/wp-content\/uploads\/2025\/01\/453698ea-1218-43d2-9518-c9e313da4fee.webp","type":"image\/webp"}],"twitter_card":"summary_large_image","twitter_misc":{"Price":"13 550,00&nbsp;&euro;","Availability":"On back order"},"schema":{"@context":"https:\/\/schema.org","@graph":[{"@type":"WebPage","@id":"https:\/\/raymarine.ee\/product\/axiom2-xl-22-21-5-glass-bridge-multi-function-display\/","url":"https:\/\/raymarine.ee\/product\/axiom2-xl-22-21-5-glass-bridge-multi-function-display\/","name":"AXIOM2 XL 22- 21.5\u201d Glass Bridge Multi-function Display - NavSystems Mereelektroonika","isPartOf":{"@id":"https:\/\/raymarine.ee\/#website"},"primaryImageOfPage":{"@id":"https:\/\/raymarine.ee\/product\/axiom2-xl-22-21-5-glass-bridge-multi-function-display\/#primaryimage"},"image":{"@id":"https:\/\/raymarine.ee\/product\/axiom2-xl-22-21-5-glass-bridge-multi-function-display\/#primaryimage"},"thumbnailUrl":"https:\/\/raymarine.ee\/wp-content\/uploads\/2025\/01\/453698ea-1218-43d2-9518-c9e313da4fee.webp","datePublished":"2025-01-14T18:47:27+00:00","dateModified":"2026-01-02T05:27:47+00:00","description":"Raymarine Axiom 2 XL \u2013 24\" WUXGA puuteekraan HydroTough kattega, LightHouse OS, automaatne valgusreguleerimine, t\u00e4istoetus Raymarine sonaritele ja radaritele. T\u00e4iuslik valik suurtele alustele.","breadcrumb":{"@id":"https:\/\/raymarine.ee\/product\/axiom2-xl-22-21-5-glass-bridge-multi-function-display\/#breadcrumb"},"inLanguage":"en-GB","potentialAction":[{"@type":"ReadAction","target":["https:\/\/raymarine.ee\/product\/axiom2-xl-22-21-5-glass-bridge-multi-function-display\/"]}]},{"@type":"ImageObject","inLanguage":"en-GB","@id":"https:\/\/raymarine.ee\/product\/axiom2-xl-22-21-5-glass-bridge-multi-function-display\/#primaryimage","url":"https:\/\/raymarine.ee\/wp-content\/uploads\/2025\/01\/453698ea-1218-43d2-9518-c9e313da4fee.webp","contentUrl":"https:\/\/raymarine.ee\/wp-content\/uploads\/2025\/01\/453698ea-1218-43d2-9518-c9e313da4fee.webp","width":1024,"height":1024},{"@type":"BreadcrumbList","@id":"https:\/\/raymarine.ee\/product\/axiom2-xl-22-21-5-glass-bridge-multi-function-display\/#breadcrumb","itemListElement":[{"@type":"ListItem","position":1,"name":"Home","item":"https:\/\/raymarine.ee\/"},{"@type":"ListItem","position":2,"name":"Tooted","item":"https:\/\/raymarine.ee\/shop\/"},{"@type":"ListItem","position":3,"name":"AXIOM2 XL 22- 21.5\u201d Glass Bridge Multi-function Display"}]},{"@type":"WebSite","@id":"https:\/\/raymarine.ee\/#website","url":"https:\/\/raymarine.ee\/","name":"www.raymarine.ee","description":"Mereelektroonika, kaardiplotter, autopiloot, pinnipiloot, roolipiloot, radar, AIS, VHF, Smart Wind","publisher":{"@id":"https:\/\/raymarine.ee\/#organization"},"alternateName":"Raymarine","potentialAction":[{"@type":"SearchAction","target":{"@type":"EntryPoint","urlTemplate":"https:\/\/raymarine.ee\/?s={search_term_string}"},"query-input":{"@type":"PropertyValueSpecification","valueRequired":true,"valueName":"search_term_string"}}],"inLanguage":"en-GB"},{"@type":"Organization","@id":"https:\/\/raymarine.ee\/#organization","name":"NavSystems O\u00dc","url":"https:\/\/raymarine.ee\/","logo":{"@type":"ImageObject","inLanguage":"en-GB","@id":"https:\/\/raymarine.ee\/#\/schema\/logo\/image\/","url":"https:\/\/raymarine.ee\/wp-content\/uploads\/2024\/10\/Screenshot-2024-10-15-151324_bg_removed.webp","contentUrl":"https:\/\/raymarine.ee\/wp-content\/uploads\/2024\/10\/Screenshot-2024-10-15-151324_bg_removed.webp","width":420,"height":276,"caption":"NavSystems O\u00dc"},"image":{"@id":"https:\/\/raymarine.ee\/#\/schema\/logo\/image\/"},"sameAs":["https:\/\/www.facebook.com\/NavSystems"],"legalName":"NavSystems O\u00dc","foundingDate":"2011-05-03","numberOfEmployees":{"@type":"QuantitativeValue","minValue":"1","maxValue":"10"}}]},"product_price_amount":"13550.00","product_price_currency":"EUR","og_availability":"backorder","product_availability":"available for order","product_retailer_item_id":"E70663","product_condition":"new"},"jetpack_sharing_enabled":true,"_links":{"self":[{"href":"https:\/\/raymarine.ee\/en\/wp-json\/wp\/v2\/product\/6376","targetHints":{"allow":["GET"]}}],"collection":[{"href":"https:\/\/raymarine.ee\/en\/wp-json\/wp\/v2\/product"}],"about":[{"href":"https:\/\/raymarine.ee\/en\/wp-json\/wp\/v2\/types\/product"}],"wp:featuredmedia":[{"embeddable":true,"href":"https:\/\/raymarine.ee\/en\/wp-json\/wp\/v2\/media\/7649"}],"wp:attachment":[{"href":"https:\/\/raymarine.ee\/en\/wp-json\/wp\/v2\/media?parent=6376"}],"wp:term":[{"taxonomy":"product_brand","embeddable":true,"href":"https:\/\/raymarine.ee\/en\/wp-json\/wp\/v2\/product_brand?post=6376"},{"taxonomy":"product_cat","embeddable":true,"href":"https:\/\/raymarine.ee\/en\/wp-json\/wp\/v2\/product_cat?post=6376"},{"taxonomy":"product_tag","embeddable":true,"href":"https:\/\/raymarine.ee\/en\/wp-json\/wp\/v2\/product_tag?post=6376"}],"curies":[{"name":"wp","href":"https:\/\/api.w.org\/{rel}","templated":true}]}}