{"id":6377,"date":"2025-01-14T18:48:19","date_gmt":"2025-01-14T18:48:19","guid":{"rendered":"https:\/\/raymarine.ee\/?post_type=product&#038;p=6377"},"modified":"2026-01-02T07:26:56","modified_gmt":"2026-01-02T05:26:56","slug":"axiom2-xl-24-24-glass-bridge-multi-function-display","status":"publish","type":"product","link":"https:\/\/raymarine.ee\/en\/product\/axiom2-xl-24-24-glass-bridge-multi-function-display\/","title":{"rendered":"AXIOM2 XL 24 &#8211; 24\u201d Glass Bridge Multi-function Display"},"content":{"rendered":"<h3 class=\"\" data-start=\"0\" data-end=\"97\"><strong data-start=\"4\" data-end=\"97\">Raymarine Axiom 2 XL \u2013 suur ekraan, maksimaalne kontroll<\/strong><\/h3>\n<p class=\"\" data-start=\"99\" data-end=\"480\"><strong data-start=\"99\" data-end=\"123\">Raymarine Axiom 2 XL<\/strong> on <strong data-start=\"127\" data-end=\"173\">tippklassi suurteekraaniline kaardiplotter<\/strong>, mis on loodud <strong data-start=\"189\" data-end=\"259\">professionaalseks navigeerimiseks suurte jahtide ja kommertsaluste<\/strong> pardal. See 24-tolline WUXGA eraldusv\u00f5imega puuteekraan \u00fchendab <strong data-start=\"324\" data-end=\"369\">suurep\u00e4rase selguse, tipptasemel j\u00f5udluse<\/strong> ja <strong data-start=\"373\" data-end=\"415\">t\u00e4ieliku Raymarine v\u00f5rguintegratsiooni<\/strong>, et pakkuda laeva juhtimisel maksimaalset kontrolli ja mugavust.<\/p>\n<p class=\"\" data-start=\"482\" data-end=\"931\">T\u00e4nu <strong data-start=\"487\" data-end=\"525\">HydroTough\u2122 nano-kattega ekraanile<\/strong> on puutetundlikkus t\u00e4pne ka m\u00e4rgades tingimustes ja p\u00e4ikese k\u00e4es. Sisseehitatud <strong data-start=\"606\" data-end=\"638\">keskkonnatundlik valgusandur<\/strong> reguleerib automaatselt ekraani eredust, et tagada <strong data-start=\"690\" data-end=\"729\">selge n\u00e4htavus nii p\u00e4eval kui \u00f6\u00f6sel<\/strong>. Axiom 2 XL t\u00f6\u00f6tab <strong data-start=\"749\" data-end=\"785\">LightHouse operatsioonis\u00fcsteemil<\/strong>, mis on intuitiivne, kasutajas\u00f5bralik ja v\u00f5imaldab t\u00e4ielikku kontrolli navigeerimisandmete, sonarite, radarite, autopiloodi ja meelelahutuse \u00fcle.<\/p>\n<p class=\"\" data-start=\"933\" data-end=\"1008\"><strong data-start=\"933\" data-end=\"995\">Axiom 2 XL toetab k\u00f5iki Raymarine v\u00f5rgu\u00fchendusega seadmeid<\/strong>, sealhulgas:<\/p>\n<ul data-start=\"1009\" data-end=\"1187\">\n<li class=\"\" data-start=\"1009\" data-end=\"1054\">\n<p class=\"\" data-start=\"1011\" data-end=\"1054\"><strong data-start=\"1011\" data-end=\"1054\">CP470, CP570 ja RVM1600 sonarimooduleid<\/strong><\/p>\n<\/li>\n<li class=\"\" data-start=\"1055\" data-end=\"1099\">\n<p class=\"\" data-start=\"1057\" data-end=\"1099\"><strong data-start=\"1057\" data-end=\"1099\">Quantum 2 ja Cyclone radarite s\u00fcsteeme<\/strong><\/p>\n<\/li>\n<li class=\"\" data-start=\"1100\" data-end=\"1187\">\n<p class=\"\" data-start=\"1102\" data-end=\"1187\"><strong data-start=\"1102\" data-end=\"1187\">FLIR termokaameraid, AIS seadmeid, Evolution autopilooti ja meelelahutusmooduleid<\/strong><\/p>\n<\/li>\n<\/ul>\n<p class=\"\" data-start=\"1189\" data-end=\"1343\">S\u00fcsteemi saab juhtida <strong data-start=\"1211\" data-end=\"1255\">ekraanilt v\u00f5i RMK-10 kaugjuhtimispuldiga<\/strong>, v\u00f5imaldades paigaldada plotteri ka kaugemasse asukohta, s\u00e4ilitades t\u00e4ieliku kontrolli.<\/p>\n<p class=\"\" data-start=\"1345\" data-end=\"1531\">Lisaks v\u00f5imaldab sisseehitatud <strong data-start=\"1376\" data-end=\"1409\">Wi-Fi ja Raymarine Mobile App<\/strong> kasutada ekraani ka <strong data-start=\"1430\" data-end=\"1469\">nutitelefoni v\u00f5i tahvelarvuti kaudu<\/strong>, mis teeb sellest paindliku ja \u00fchendatud navigeerimiskeskuse.<\/p>\n<hr class=\"\" data-start=\"1533\" data-end=\"1536\" \/>\n<h3 class=\"\" data-start=\"1538\" data-end=\"1566\"><strong data-start=\"1542\" data-end=\"1566\">Olulisemad omadused:<\/strong><\/h3>\n<ul data-start=\"1567\" data-end=\"2127\">\n<li class=\"\" data-start=\"1567\" data-end=\"1631\">\n<p class=\"\" data-start=\"1569\" data-end=\"1631\"><strong data-start=\"1569\" data-end=\"1603\">24&#8243; WUXGA ekraan (1920 x 1200)<\/strong> \u2013 terav ja detailne vaade<\/p>\n<\/li>\n<li class=\"\" data-start=\"1632\" data-end=\"1711\">\n<p class=\"\" data-start=\"1634\" data-end=\"1711\"><strong data-start=\"1634\" data-end=\"1661\">HydroTough\u2122 tehnoloogia<\/strong> \u2013 usaldusv\u00e4\u00e4rne puutetundlikkus igas tingimuses<\/p>\n<\/li>\n<li class=\"\" data-start=\"1712\" data-end=\"1783\">\n<p class=\"\" data-start=\"1714\" data-end=\"1783\"><strong data-start=\"1714\" data-end=\"1746\">Keskkonnatundlik taustvalgus<\/strong> \u2013 automaatne ereduse reguleerimine<\/p>\n<\/li>\n<li class=\"\" data-start=\"1784\" data-end=\"1839\">\n<p class=\"\" data-start=\"1786\" data-end=\"1839\"><strong data-start=\"1786\" data-end=\"1803\">LightHouse OS<\/strong> \u2013 lihtne ja v\u00f5imas kasutajaliides<\/p>\n<\/li>\n<li class=\"\" data-start=\"1840\" data-end=\"1925\">\n<p class=\"\" data-start=\"1842\" data-end=\"1925\"><strong data-start=\"1842\" data-end=\"1866\">T\u00e4ielik v\u00f5rgu\u00fchendus<\/strong> Raymarine seadmetega (radar, sonar, AIS, autopiloot jpm)<\/p>\n<\/li>\n<li class=\"\" data-start=\"1926\" data-end=\"1985\">\n<p class=\"\" data-start=\"1928\" data-end=\"1985\"><strong data-start=\"1928\" data-end=\"1957\">RMK-10 kaugjuhtimise tugi<\/strong> \u2013 t\u00e4iendav kasutusmugavus<\/p>\n<\/li>\n<li class=\"\" data-start=\"1986\" data-end=\"2054\">\n<p class=\"\" data-start=\"1988\" data-end=\"2054\"><strong data-start=\"1988\" data-end=\"2018\">WiFi ja nutiseadme \u00fchendus<\/strong> \u2013 mobiilne juhtimine ja j\u00e4lgimine<\/p>\n<\/li>\n<li class=\"\" data-start=\"2055\" data-end=\"2127\">\n<p class=\"\" data-start=\"2057\" data-end=\"2127\"><strong data-start=\"2057\" data-end=\"2094\">Kolmanda osapoole rakenduste tugi<\/strong> \u2013 muusika ja video voogedastus<\/p>\n<\/li>\n<\/ul>\n<p class=\"\" data-start=\"2129\" data-end=\"2321\"><strong data-start=\"2129\" data-end=\"2153\">Raymarine Axiom 2 XL<\/strong> on ideaalne lahendus neile, kes soovivad <strong data-start=\"2195\" data-end=\"2253\">suurt, stiilset ja funktsionaalset navigeerimiskeskust<\/strong>, mis sobib igas olukorras ja igasuguse paigalduskonfiguratsiooniga.<\/p>","protected":false},"excerpt":{"rendered":"<p>The Raymarine Axiom 2 XL is a premium glass bridge chartplotter with advanced video integration capabilities and large 24-inch display. The powerful 6-core processor provides faster video frame rates and chart rendering! The Axiom XL display features HydroTough nano-coating technology with an ambient light sensor, providing excellent sunlight visibility.<\/p>","protected":false},"featured_media":7650,"template":"","meta":{"_acf_changed":false},"product_brand":[134],"product_cat":[59,18,103],"product_tag":[],"class_list":{"0":"post-6377","1":"product","2":"type-product","3":"status-publish","4":"has-post-thumbnail","6":"product_brand-raymarine","7":"product_cat-axiom_xl","8":"product_cat-axiom-axiom2-kaardiplotter-axiom2-pro","9":"product_cat-raymarine","11":"first","12":"onbackorder","13":"sale","14":"featured","15":"taxable","16":"shipping-taxable","17":"purchasable","18":"product-type-simple"},"acf":[],"yoast_head":"<!-- This site is optimized with the Yoast SEO Premium plugin v27.5 (Yoast SEO v27.5) - https:\/\/yoast.com\/product\/yoast-seo-premium-wordpress\/ -->\n<title>AXIOM2 XL 24 - 24\u201d Glass Bridge Multi-function Display - NavSystems Mereelektroonika<\/title>\n<meta name=\"description\" content=\"Raymarine Axiom 2 XL \u2013 24&quot; suur ekraan, HydroTough puuteekraan, LightHouse OS, WiFi ja t\u00e4istoetus Raymarine v\u00f5rgu seadmetele. T\u00e4iuslik valik professionaalseks navigeerimiseks.\" \/>\n<meta name=\"robots\" content=\"index, follow, max-snippet:-1, max-image-preview:large, max-video-preview:-1\" \/>\n<link rel=\"canonical\" href=\"https:\/\/raymarine.ee\/en\/product\/axiom2-xl-24-24-glass-bridge-multi-function-display\/\" \/>\n<meta property=\"og:locale\" content=\"en_GB\" \/>\n<meta property=\"og:type\" content=\"article\" \/>\n<meta property=\"og:title\" content=\"AXIOM2 XL 24 - 24\u201d Glass Bridge Multi-function Display\" \/>\n<meta property=\"og:description\" content=\"Raymarine Axiom 2 XL \u2013 24&quot; suur ekraan, HydroTough puuteekraan, LightHouse OS, WiFi ja t\u00e4istoetus Raymarine v\u00f5rgu seadmetele. T\u00e4iuslik valik professionaalseks navigeerimiseks.\" \/>\n<meta property=\"og:url\" content=\"https:\/\/raymarine.ee\/en\/product\/axiom2-xl-24-24-glass-bridge-multi-function-display\/\" \/>\n<meta property=\"og:site_name\" content=\"NavSystems\" \/>\n<meta property=\"article:publisher\" content=\"https:\/\/www.facebook.com\/NavSystems\" \/>\n<meta property=\"article:modified_time\" content=\"2026-01-02T05:26:56+00:00\" \/>\n<meta property=\"og:image\" content=\"https:\/\/raymarine.ee\/wp-content\/uploads\/2025\/01\/fe3f9e6d-372b-407c-b319-3e1c49333b07.webp\" \/>\n\t<meta property=\"og:image:width\" content=\"1024\" \/>\n\t<meta property=\"og:image:height\" content=\"1024\" \/>\n\t<meta property=\"og:image:type\" content=\"image\/webp\" \/>\n<meta name=\"twitter:card\" content=\"summary_large_image\" \/>\n<meta name=\"twitter:label1\" content=\"Price\" \/>\n\t<meta name=\"twitter:data1\" content=\"15 550,00&nbsp;&euro;\" \/>\n\t<meta name=\"twitter:label2\" content=\"Availability\" \/>\n\t<meta name=\"twitter:data2\" content=\"On back order\" \/>\n<script type=\"application\/ld+json\" class=\"yoast-schema-graph\">{\"@context\":\"https:\\\/\\\/schema.org\",\"@graph\":[{\"@type\":\"WebPage\",\"@id\":\"https:\\\/\\\/raymarine.ee\\\/product\\\/axiom2-xl-24-24-glass-bridge-multi-function-display\\\/\",\"url\":\"https:\\\/\\\/raymarine.ee\\\/product\\\/axiom2-xl-24-24-glass-bridge-multi-function-display\\\/\",\"name\":\"AXIOM2 XL 24 - 24\u201d Glass Bridge Multi-function Display - NavSystems Mereelektroonika\",\"isPartOf\":{\"@id\":\"https:\\\/\\\/raymarine.ee\\\/#website\"},\"primaryImageOfPage\":{\"@id\":\"https:\\\/\\\/raymarine.ee\\\/product\\\/axiom2-xl-24-24-glass-bridge-multi-function-display\\\/#primaryimage\"},\"image\":{\"@id\":\"https:\\\/\\\/raymarine.ee\\\/product\\\/axiom2-xl-24-24-glass-bridge-multi-function-display\\\/#primaryimage\"},\"thumbnailUrl\":\"https:\\\/\\\/raymarine.ee\\\/wp-content\\\/uploads\\\/2025\\\/01\\\/fe3f9e6d-372b-407c-b319-3e1c49333b07.webp\",\"datePublished\":\"2025-01-14T18:48:19+00:00\",\"dateModified\":\"2026-01-02T05:26:56+00:00\",\"description\":\"Raymarine Axiom 2 XL \u2013 24\\\" suur ekraan, HydroTough puuteekraan, LightHouse OS, WiFi ja t\u00e4istoetus Raymarine v\u00f5rgu seadmetele. T\u00e4iuslik valik professionaalseks navigeerimiseks.\",\"breadcrumb\":{\"@id\":\"https:\\\/\\\/raymarine.ee\\\/product\\\/axiom2-xl-24-24-glass-bridge-multi-function-display\\\/#breadcrumb\"},\"inLanguage\":\"en-GB\",\"potentialAction\":[{\"@type\":\"ReadAction\",\"target\":[\"https:\\\/\\\/raymarine.ee\\\/product\\\/axiom2-xl-24-24-glass-bridge-multi-function-display\\\/\"]}]},{\"@type\":\"ImageObject\",\"inLanguage\":\"en-GB\",\"@id\":\"https:\\\/\\\/raymarine.ee\\\/product\\\/axiom2-xl-24-24-glass-bridge-multi-function-display\\\/#primaryimage\",\"url\":\"https:\\\/\\\/raymarine.ee\\\/wp-content\\\/uploads\\\/2025\\\/01\\\/fe3f9e6d-372b-407c-b319-3e1c49333b07.webp\",\"contentUrl\":\"https:\\\/\\\/raymarine.ee\\\/wp-content\\\/uploads\\\/2025\\\/01\\\/fe3f9e6d-372b-407c-b319-3e1c49333b07.webp\",\"width\":1024,\"height\":1024},{\"@type\":\"BreadcrumbList\",\"@id\":\"https:\\\/\\\/raymarine.ee\\\/product\\\/axiom2-xl-24-24-glass-bridge-multi-function-display\\\/#breadcrumb\",\"itemListElement\":[{\"@type\":\"ListItem\",\"position\":1,\"name\":\"Home\",\"item\":\"https:\\\/\\\/raymarine.ee\\\/\"},{\"@type\":\"ListItem\",\"position\":2,\"name\":\"Tooted\",\"item\":\"https:\\\/\\\/raymarine.ee\\\/shop\\\/\"},{\"@type\":\"ListItem\",\"position\":3,\"name\":\"AXIOM2 XL 24 &#8211; 24\u201d Glass Bridge Multi-function Display\"}]},{\"@type\":\"WebSite\",\"@id\":\"https:\\\/\\\/raymarine.ee\\\/#website\",\"url\":\"https:\\\/\\\/raymarine.ee\\\/\",\"name\":\"www.raymarine.ee\",\"description\":\"Mereelektroonika, kaardiplotter, autopiloot, pinnipiloot, roolipiloot, radar, AIS, VHF, Smart Wind\",\"publisher\":{\"@id\":\"https:\\\/\\\/raymarine.ee\\\/#organization\"},\"alternateName\":\"Raymarine\",\"potentialAction\":[{\"@type\":\"SearchAction\",\"target\":{\"@type\":\"EntryPoint\",\"urlTemplate\":\"https:\\\/\\\/raymarine.ee\\\/?s={search_term_string}\"},\"query-input\":{\"@type\":\"PropertyValueSpecification\",\"valueRequired\":true,\"valueName\":\"search_term_string\"}}],\"inLanguage\":\"en-GB\"},{\"@type\":\"Organization\",\"@id\":\"https:\\\/\\\/raymarine.ee\\\/#organization\",\"name\":\"NavSystems O\u00dc\",\"url\":\"https:\\\/\\\/raymarine.ee\\\/\",\"logo\":{\"@type\":\"ImageObject\",\"inLanguage\":\"en-GB\",\"@id\":\"https:\\\/\\\/raymarine.ee\\\/#\\\/schema\\\/logo\\\/image\\\/\",\"url\":\"https:\\\/\\\/raymarine.ee\\\/wp-content\\\/uploads\\\/2024\\\/10\\\/Screenshot-2024-10-15-151324_bg_removed.webp\",\"contentUrl\":\"https:\\\/\\\/raymarine.ee\\\/wp-content\\\/uploads\\\/2024\\\/10\\\/Screenshot-2024-10-15-151324_bg_removed.webp\",\"width\":420,\"height\":276,\"caption\":\"NavSystems O\u00dc\"},\"image\":{\"@id\":\"https:\\\/\\\/raymarine.ee\\\/#\\\/schema\\\/logo\\\/image\\\/\"},\"sameAs\":[\"https:\\\/\\\/www.facebook.com\\\/NavSystems\"],\"legalName\":\"NavSystems O\u00dc\",\"foundingDate\":\"2011-05-03\",\"numberOfEmployees\":{\"@type\":\"QuantitativeValue\",\"minValue\":\"1\",\"maxValue\":\"10\"}}]}<\/script>\n<meta property=\"product:price:amount\" content=\"15550.00\" \/>\n<meta property=\"product:price:currency\" content=\"EUR\" \/>\n<meta property=\"og:availability\" content=\"backorder\" \/>\n<meta property=\"product:availability\" content=\"available for order\" \/>\n<meta property=\"product:retailer_item_id\" content=\"E70664\" \/>\n<meta property=\"product:condition\" content=\"new\" \/>\n<!-- \/ Yoast SEO Premium plugin. -->","yoast_head_json":{"title":"AXIOM2 XL 24 - 24\u201d Glass Bridge Multi-function Display - NavSystems Mereelektroonika","description":"Raymarine Axiom 2 XL \u2013 24\" suur ekraan, HydroTough puuteekraan, LightHouse OS, WiFi ja t\u00e4istoetus Raymarine v\u00f5rgu seadmetele. T\u00e4iuslik valik professionaalseks navigeerimiseks.","robots":{"index":"index","follow":"follow","max-snippet":"max-snippet:-1","max-image-preview":"max-image-preview:large","max-video-preview":"max-video-preview:-1"},"canonical":"https:\/\/raymarine.ee\/en\/product\/axiom2-xl-24-24-glass-bridge-multi-function-display\/","og_locale":"en_GB","og_type":"article","og_title":"AXIOM2 XL 24 - 24\u201d Glass Bridge Multi-function Display","og_description":"Raymarine Axiom 2 XL \u2013 24\" suur ekraan, HydroTough puuteekraan, LightHouse OS, WiFi ja t\u00e4istoetus Raymarine v\u00f5rgu seadmetele. T\u00e4iuslik valik professionaalseks navigeerimiseks.","og_url":"https:\/\/raymarine.ee\/en\/product\/axiom2-xl-24-24-glass-bridge-multi-function-display\/","og_site_name":"NavSystems","article_publisher":"https:\/\/www.facebook.com\/NavSystems","article_modified_time":"2026-01-02T05:26:56+00:00","og_image":[{"width":1024,"height":1024,"url":"https:\/\/raymarine.ee\/wp-content\/uploads\/2025\/01\/fe3f9e6d-372b-407c-b319-3e1c49333b07.webp","type":"image\/webp"}],"twitter_card":"summary_large_image","twitter_misc":{"Price":"15 550,00&nbsp;&euro;","Availability":"On back order"},"schema":{"@context":"https:\/\/schema.org","@graph":[{"@type":"WebPage","@id":"https:\/\/raymarine.ee\/product\/axiom2-xl-24-24-glass-bridge-multi-function-display\/","url":"https:\/\/raymarine.ee\/product\/axiom2-xl-24-24-glass-bridge-multi-function-display\/","name":"AXIOM2 XL 24 - 24\u201d Glass Bridge Multi-function Display - NavSystems Mereelektroonika","isPartOf":{"@id":"https:\/\/raymarine.ee\/#website"},"primaryImageOfPage":{"@id":"https:\/\/raymarine.ee\/product\/axiom2-xl-24-24-glass-bridge-multi-function-display\/#primaryimage"},"image":{"@id":"https:\/\/raymarine.ee\/product\/axiom2-xl-24-24-glass-bridge-multi-function-display\/#primaryimage"},"thumbnailUrl":"https:\/\/raymarine.ee\/wp-content\/uploads\/2025\/01\/fe3f9e6d-372b-407c-b319-3e1c49333b07.webp","datePublished":"2025-01-14T18:48:19+00:00","dateModified":"2026-01-02T05:26:56+00:00","description":"Raymarine Axiom 2 XL \u2013 24\" suur ekraan, HydroTough puuteekraan, LightHouse OS, WiFi ja t\u00e4istoetus Raymarine v\u00f5rgu seadmetele. T\u00e4iuslik valik professionaalseks navigeerimiseks.","breadcrumb":{"@id":"https:\/\/raymarine.ee\/product\/axiom2-xl-24-24-glass-bridge-multi-function-display\/#breadcrumb"},"inLanguage":"en-GB","potentialAction":[{"@type":"ReadAction","target":["https:\/\/raymarine.ee\/product\/axiom2-xl-24-24-glass-bridge-multi-function-display\/"]}]},{"@type":"ImageObject","inLanguage":"en-GB","@id":"https:\/\/raymarine.ee\/product\/axiom2-xl-24-24-glass-bridge-multi-function-display\/#primaryimage","url":"https:\/\/raymarine.ee\/wp-content\/uploads\/2025\/01\/fe3f9e6d-372b-407c-b319-3e1c49333b07.webp","contentUrl":"https:\/\/raymarine.ee\/wp-content\/uploads\/2025\/01\/fe3f9e6d-372b-407c-b319-3e1c49333b07.webp","width":1024,"height":1024},{"@type":"BreadcrumbList","@id":"https:\/\/raymarine.ee\/product\/axiom2-xl-24-24-glass-bridge-multi-function-display\/#breadcrumb","itemListElement":[{"@type":"ListItem","position":1,"name":"Home","item":"https:\/\/raymarine.ee\/"},{"@type":"ListItem","position":2,"name":"Tooted","item":"https:\/\/raymarine.ee\/shop\/"},{"@type":"ListItem","position":3,"name":"AXIOM2 XL 24 &#8211; 24\u201d Glass Bridge Multi-function Display"}]},{"@type":"WebSite","@id":"https:\/\/raymarine.ee\/#website","url":"https:\/\/raymarine.ee\/","name":"www.raymarine.ee","description":"Mereelektroonika, kaardiplotter, autopiloot, pinnipiloot, roolipiloot, radar, AIS, VHF, Smart Wind","publisher":{"@id":"https:\/\/raymarine.ee\/#organization"},"alternateName":"Raymarine","potentialAction":[{"@type":"SearchAction","target":{"@type":"EntryPoint","urlTemplate":"https:\/\/raymarine.ee\/?s={search_term_string}"},"query-input":{"@type":"PropertyValueSpecification","valueRequired":true,"valueName":"search_term_string"}}],"inLanguage":"en-GB"},{"@type":"Organization","@id":"https:\/\/raymarine.ee\/#organization","name":"NavSystems O\u00dc","url":"https:\/\/raymarine.ee\/","logo":{"@type":"ImageObject","inLanguage":"en-GB","@id":"https:\/\/raymarine.ee\/#\/schema\/logo\/image\/","url":"https:\/\/raymarine.ee\/wp-content\/uploads\/2024\/10\/Screenshot-2024-10-15-151324_bg_removed.webp","contentUrl":"https:\/\/raymarine.ee\/wp-content\/uploads\/2024\/10\/Screenshot-2024-10-15-151324_bg_removed.webp","width":420,"height":276,"caption":"NavSystems O\u00dc"},"image":{"@id":"https:\/\/raymarine.ee\/#\/schema\/logo\/image\/"},"sameAs":["https:\/\/www.facebook.com\/NavSystems"],"legalName":"NavSystems O\u00dc","foundingDate":"2011-05-03","numberOfEmployees":{"@type":"QuantitativeValue","minValue":"1","maxValue":"10"}}]},"product_price_amount":"15550.00","product_price_currency":"EUR","og_availability":"backorder","product_availability":"available for order","product_retailer_item_id":"E70664","product_condition":"new"},"jetpack_sharing_enabled":true,"_links":{"self":[{"href":"https:\/\/raymarine.ee\/en\/wp-json\/wp\/v2\/product\/6377","targetHints":{"allow":["GET"]}}],"collection":[{"href":"https:\/\/raymarine.ee\/en\/wp-json\/wp\/v2\/product"}],"about":[{"href":"https:\/\/raymarine.ee\/en\/wp-json\/wp\/v2\/types\/product"}],"wp:featuredmedia":[{"embeddable":true,"href":"https:\/\/raymarine.ee\/en\/wp-json\/wp\/v2\/media\/7650"}],"wp:attachment":[{"href":"https:\/\/raymarine.ee\/en\/wp-json\/wp\/v2\/media?parent=6377"}],"wp:term":[{"taxonomy":"product_brand","embeddable":true,"href":"https:\/\/raymarine.ee\/en\/wp-json\/wp\/v2\/product_brand?post=6377"},{"taxonomy":"product_cat","embeddable":true,"href":"https:\/\/raymarine.ee\/en\/wp-json\/wp\/v2\/product_cat?post=6377"},{"taxonomy":"product_tag","embeddable":true,"href":"https:\/\/raymarine.ee\/en\/wp-json\/wp\/v2\/product_tag?post=6377"}],"curies":[{"name":"wp","href":"https:\/\/api.w.org\/{rel}","templated":true}]}}