{"id":6378,"date":"2025-01-14T18:38:36","date_gmt":"2025-01-14T18:38:36","guid":{"rendered":"https:\/\/raymarine.ee\/?post_type=product&#038;p=6378"},"modified":"2025-04-18T18:22:16","modified_gmt":"2025-04-18T16:22:16","slug":"axiom-xl-16-15-6-glass-bridge-multi-function-display","status":"publish","type":"product","link":"https:\/\/raymarine.ee\/en\/product\/axiom-xl-16-15-6-glass-bridge-multi-function-display\/","title":{"rendered":"Axiom XL 16 &#8211; 15.6&#8243; Glass Bridge Multi-function Display"},"content":{"rendered":"<h3 class=\"\" data-start=\"0\" data-end=\"107\"><strong data-start=\"4\" data-end=\"107\">Raymarine AXIOM XL 15.6&#8243; \u2013 Klaassilla klassi premium kaardiplotter<\/strong><\/h3>\n<p class=\"\" data-start=\"109\" data-end=\"502\"><strong data-start=\"109\" data-end=\"137\">Raymarine AXIOM XL 15.6\u201d<\/strong> on <strong data-start=\"141\" data-end=\"201\">professionaalse klassi multifunktsionaalne kaardiplotter<\/strong>, mis \u00fchendab suurt IPS-ekraani, v\u00f5imsa neljatuumalise protsessori ja laia seadmete \u00fchilduvuse. AXIOM XL seeria on loodud <strong data-start=\"323\" data-end=\"377\">integreerumiseks kaasaegsetesse juhtimisjaamadesse<\/strong>, pakkudes k\u00f5rget n\u00e4htavust ka eredas p\u00e4ikesevalguses t\u00e4nu IPS-tehnoloogiale ja automaatsele taustvalgustuse reguleerimisele.<\/p>\n<p class=\"\" data-start=\"504\" data-end=\"847\">T\u00e4nu <strong data-start=\"509\" data-end=\"548\">LightHouse 3 operatsioonis\u00fcsteemile<\/strong> on marsruutide planeerimine ja s\u00fcsteemide juhtimine lihtne, sujuv ja intuitiivne. AXIOM XL on t\u00e4ielikult \u00fchilduv sonarite, radarite, autopilootide, AIS-i, termokaamerate ja meelelahutuss\u00fcsteemidega. HDMI sisend ja v\u00e4ljund v\u00f5imaldavad seda kasutada ka juhtimiskeskuse v\u00f5i meelelahutuse keskpunktina.<\/p>\n<h3 class=\"\" data-start=\"849\" data-end=\"875\"><strong data-start=\"853\" data-end=\"875\">Peamised omadused:<\/strong><\/h3>\n<ul data-start=\"876\" data-end=\"1411\">\n<li class=\"\" data-start=\"876\" data-end=\"960\">\n<p class=\"\" data-start=\"878\" data-end=\"960\"><strong data-start=\"878\" data-end=\"918\">15,6-tolline IPS Full HD puuteekraan<\/strong> \u2013 terav ja ere vaade ka eredas valguses<\/p>\n<\/li>\n<li class=\"\" data-start=\"961\" data-end=\"1042\">\n<p class=\"\" data-start=\"963\" data-end=\"1042\"><strong data-start=\"963\" data-end=\"996\">V\u00f5imas 4-tuumaline protsessor<\/strong> \u2013 kiire reageerimine ja sujuv navigeerimine<\/p>\n<\/li>\n<li class=\"\" data-start=\"1043\" data-end=\"1105\">\n<p class=\"\" data-start=\"1045\" data-end=\"1105\"><strong data-start=\"1045\" data-end=\"1103\">Radarite, sonarite ja termokaamerate t\u00e4ielik \u00fchilduvus<\/strong><\/p>\n<\/li>\n<li class=\"\" data-start=\"1106\" data-end=\"1175\">\n<p class=\"\" data-start=\"1108\" data-end=\"1175\"><strong data-start=\"1108\" data-end=\"1173\">Toetab kuni nelja videovoo kuvamist IP- ja analoogkaameratest<\/strong><\/p>\n<\/li>\n<li class=\"\" data-start=\"1176\" data-end=\"1264\">\n<p class=\"\" data-start=\"1178\" data-end=\"1264\"><strong data-start=\"1178\" data-end=\"1204\">HDMI sisend ja v\u00e4ljund<\/strong> \u2013 ideaalne \u00fchendamiseks teiste s\u00fcsteemide v\u00f5i ekraanidega<\/p>\n<\/li>\n<li class=\"\" data-start=\"1265\" data-end=\"1334\">\n<p class=\"\" data-start=\"1267\" data-end=\"1334\"><strong data-start=\"1267\" data-end=\"1302\">T\u00e4ielik RayNet ja NMEA2000 tugi<\/strong> \u2013 s\u00fcsteemi lihtne laiendamine<\/p>\n<\/li>\n<li class=\"\" data-start=\"1335\" data-end=\"1411\">\n<p class=\"\" data-start=\"1337\" data-end=\"1411\"><strong data-start=\"1337\" data-end=\"1384\">Sisseehitatud WiFi ja mobiilirakenduse tugi<\/strong> \u2013 nutiseadmega juhtimine<\/p>\n<\/li>\n<\/ul>\n<p class=\"\" data-start=\"1413\" data-end=\"1618\">AXIOM XL 15.6&#8243; sobib ideaalselt <strong data-start=\"1445\" data-end=\"1557\">suurtele jahtidele, professionaalsetele paadijuhtidele ja integreeritud navigatsioonilahenduste kasutajatele<\/strong>, kes vajavad t\u00f6\u00f6kindlust, t\u00e4psust ja suurt funktsionaalsust.<\/p>","protected":false},"excerpt":{"rendered":"<p>The New Flagship.The Axiom XL range is the pinnacle of Raymarine navigation and modern helm integration. Designed for glass bridge installations, Axiom XL displays offer superior performance, large format visibility and elegant simplicity. Engineered to perform in extreme conditions, the fully waterproof Axiom XL family of glass bridge MFDS can be installed in both open cockpits and enclosed bridge stations. Each model uses in-plane switching technology (IPS) and Raymarine optical bonding to deliver wider viewing angles, sharp contrast, and unmatched readability in bright sun. Available in 16, 19, 22 and 24-inch display sizes, Axiom XL\u2019s edge-to-edge glass construction gives vessel designers the ability to create integrated and elegant navigation helm appearance. The device also has a menu in Estonian and Russian.<\/p>","protected":false},"featured_media":7652,"template":"","meta":{"_acf_changed":false},"product_brand":[134],"product_cat":[59,18,103],"product_tag":[],"class_list":{"0":"post-6378","1":"product","2":"type-product","3":"status-publish","4":"has-post-thumbnail","6":"product_brand-raymarine","7":"product_cat-axiom_xl","8":"product_cat-axiom-axiom2-kaardiplotter-axiom2-pro","9":"product_cat-raymarine","11":"first","12":"outofstock","13":"sale","14":"taxable","15":"shipping-taxable","16":"purchasable","17":"product-type-simple"},"acf":[],"yoast_head":"<!-- This site is optimized with the Yoast SEO Premium plugin v27.5 (Yoast SEO v27.5) - https:\/\/yoast.com\/product\/yoast-seo-premium-wordpress\/ -->\n<title>Axiom XL 16 - 15.6&quot; Glass Bridge Multi-function Display - NavSystems Mereelektroonika<\/title>\n<meta name=\"description\" content=\"Raymarine AXIOM XL 15.6&quot; on premium IPS-puutetundlik kaardiplotter professionaalsetele juhtimisjaamadele. HDMI tugi, radarite ja sonarite \u00fchilduvus, kiire protsessor ja WiFi-\u00fchendus.\" \/>\n<meta name=\"robots\" content=\"index, follow, max-snippet:-1, max-image-preview:large, max-video-preview:-1\" \/>\n<link rel=\"canonical\" href=\"https:\/\/raymarine.ee\/en\/product\/axiom-xl-16-15-6-glass-bridge-multi-function-display\/\" \/>\n<meta property=\"og:locale\" content=\"en_GB\" \/>\n<meta property=\"og:type\" content=\"article\" \/>\n<meta property=\"og:title\" content=\"Axiom XL 16 - 15.6&quot; Glass Bridge Multi-function Display\" \/>\n<meta property=\"og:description\" content=\"Raymarine AXIOM XL 15.6&quot; on premium IPS-puutetundlik kaardiplotter professionaalsetele juhtimisjaamadele. HDMI tugi, radarite ja sonarite \u00fchilduvus, kiire protsessor ja WiFi-\u00fchendus.\" \/>\n<meta property=\"og:url\" content=\"https:\/\/raymarine.ee\/en\/product\/axiom-xl-16-15-6-glass-bridge-multi-function-display\/\" \/>\n<meta property=\"og:site_name\" content=\"NavSystems\" \/>\n<meta property=\"article:publisher\" content=\"https:\/\/www.facebook.com\/NavSystems\" \/>\n<meta property=\"article:modified_time\" content=\"2025-04-18T16:22:16+00:00\" \/>\n<meta property=\"og:image\" content=\"https:\/\/raymarine.ee\/wp-content\/uploads\/2025\/01\/2d61b7a1-87b1-4d35-a67d-932adb0862d8.webp\" \/>\n\t<meta property=\"og:image:width\" content=\"1024\" \/>\n\t<meta property=\"og:image:height\" content=\"1024\" \/>\n\t<meta property=\"og:image:type\" content=\"image\/webp\" \/>\n<meta name=\"twitter:card\" content=\"summary_large_image\" \/>\n<meta name=\"twitter:label1\" content=\"Price\" \/>\n\t<meta name=\"twitter:data1\" content=\"8 350,00&nbsp;&euro;\" \/>\n\t<meta name=\"twitter:label2\" content=\"Availability\" \/>\n\t<meta name=\"twitter:data2\" content=\"Out of stock\" \/>\n<script type=\"application\/ld+json\" class=\"yoast-schema-graph\">{\"@context\":\"https:\\\/\\\/schema.org\",\"@graph\":[{\"@type\":\"WebPage\",\"@id\":\"https:\\\/\\\/raymarine.ee\\\/product\\\/axiom-xl-16-15-6-glass-bridge-multi-function-display\\\/\",\"url\":\"https:\\\/\\\/raymarine.ee\\\/product\\\/axiom-xl-16-15-6-glass-bridge-multi-function-display\\\/\",\"name\":\"Axiom XL 16 - 15.6\\\" Glass Bridge Multi-function Display - NavSystems Mereelektroonika\",\"isPartOf\":{\"@id\":\"https:\\\/\\\/raymarine.ee\\\/#website\"},\"primaryImageOfPage\":{\"@id\":\"https:\\\/\\\/raymarine.ee\\\/product\\\/axiom-xl-16-15-6-glass-bridge-multi-function-display\\\/#primaryimage\"},\"image\":{\"@id\":\"https:\\\/\\\/raymarine.ee\\\/product\\\/axiom-xl-16-15-6-glass-bridge-multi-function-display\\\/#primaryimage\"},\"thumbnailUrl\":\"https:\\\/\\\/raymarine.ee\\\/wp-content\\\/uploads\\\/2025\\\/01\\\/2d61b7a1-87b1-4d35-a67d-932adb0862d8.webp\",\"datePublished\":\"2025-01-14T18:38:36+00:00\",\"dateModified\":\"2025-04-18T16:22:16+00:00\",\"description\":\"Raymarine AXIOM XL 15.6\\\" on premium IPS-puutetundlik kaardiplotter professionaalsetele juhtimisjaamadele. HDMI tugi, radarite ja sonarite \u00fchilduvus, kiire protsessor ja WiFi-\u00fchendus.\",\"breadcrumb\":{\"@id\":\"https:\\\/\\\/raymarine.ee\\\/product\\\/axiom-xl-16-15-6-glass-bridge-multi-function-display\\\/#breadcrumb\"},\"inLanguage\":\"en-GB\",\"potentialAction\":[{\"@type\":\"ReadAction\",\"target\":[\"https:\\\/\\\/raymarine.ee\\\/product\\\/axiom-xl-16-15-6-glass-bridge-multi-function-display\\\/\"]}]},{\"@type\":\"ImageObject\",\"inLanguage\":\"en-GB\",\"@id\":\"https:\\\/\\\/raymarine.ee\\\/product\\\/axiom-xl-16-15-6-glass-bridge-multi-function-display\\\/#primaryimage\",\"url\":\"https:\\\/\\\/raymarine.ee\\\/wp-content\\\/uploads\\\/2025\\\/01\\\/2d61b7a1-87b1-4d35-a67d-932adb0862d8.webp\",\"contentUrl\":\"https:\\\/\\\/raymarine.ee\\\/wp-content\\\/uploads\\\/2025\\\/01\\\/2d61b7a1-87b1-4d35-a67d-932adb0862d8.webp\",\"width\":1024,\"height\":1024},{\"@type\":\"BreadcrumbList\",\"@id\":\"https:\\\/\\\/raymarine.ee\\\/product\\\/axiom-xl-16-15-6-glass-bridge-multi-function-display\\\/#breadcrumb\",\"itemListElement\":[{\"@type\":\"ListItem\",\"position\":1,\"name\":\"Home\",\"item\":\"https:\\\/\\\/raymarine.ee\\\/\"},{\"@type\":\"ListItem\",\"position\":2,\"name\":\"Tooted\",\"item\":\"https:\\\/\\\/raymarine.ee\\\/shop\\\/\"},{\"@type\":\"ListItem\",\"position\":3,\"name\":\"Axiom XL 16 &#8211; 15.6&#8243; Glass Bridge Multi-function Display\"}]},{\"@type\":\"WebSite\",\"@id\":\"https:\\\/\\\/raymarine.ee\\\/#website\",\"url\":\"https:\\\/\\\/raymarine.ee\\\/\",\"name\":\"www.raymarine.ee\",\"description\":\"Mereelektroonika, kaardiplotter, autopiloot, pinnipiloot, roolipiloot, radar, AIS, VHF, Smart Wind\",\"publisher\":{\"@id\":\"https:\\\/\\\/raymarine.ee\\\/#organization\"},\"alternateName\":\"Raymarine\",\"potentialAction\":[{\"@type\":\"SearchAction\",\"target\":{\"@type\":\"EntryPoint\",\"urlTemplate\":\"https:\\\/\\\/raymarine.ee\\\/?s={search_term_string}\"},\"query-input\":{\"@type\":\"PropertyValueSpecification\",\"valueRequired\":true,\"valueName\":\"search_term_string\"}}],\"inLanguage\":\"en-GB\"},{\"@type\":\"Organization\",\"@id\":\"https:\\\/\\\/raymarine.ee\\\/#organization\",\"name\":\"NavSystems O\u00dc\",\"url\":\"https:\\\/\\\/raymarine.ee\\\/\",\"logo\":{\"@type\":\"ImageObject\",\"inLanguage\":\"en-GB\",\"@id\":\"https:\\\/\\\/raymarine.ee\\\/#\\\/schema\\\/logo\\\/image\\\/\",\"url\":\"https:\\\/\\\/raymarine.ee\\\/wp-content\\\/uploads\\\/2024\\\/10\\\/Screenshot-2024-10-15-151324_bg_removed.webp\",\"contentUrl\":\"https:\\\/\\\/raymarine.ee\\\/wp-content\\\/uploads\\\/2024\\\/10\\\/Screenshot-2024-10-15-151324_bg_removed.webp\",\"width\":420,\"height\":276,\"caption\":\"NavSystems O\u00dc\"},\"image\":{\"@id\":\"https:\\\/\\\/raymarine.ee\\\/#\\\/schema\\\/logo\\\/image\\\/\"},\"sameAs\":[\"https:\\\/\\\/www.facebook.com\\\/NavSystems\"],\"legalName\":\"NavSystems O\u00dc\",\"foundingDate\":\"2011-05-03\",\"numberOfEmployees\":{\"@type\":\"QuantitativeValue\",\"minValue\":\"1\",\"maxValue\":\"10\"}}]}<\/script>\n<meta property=\"product:price:amount\" content=\"8350.00\" \/>\n<meta property=\"product:price:currency\" content=\"EUR\" \/>\n<meta property=\"og:availability\" content=\"out of stock\" \/>\n<meta property=\"product:availability\" content=\"out of stock\" \/>\n<meta property=\"product:retailer_item_id\" content=\"E70399\" \/>\n<meta property=\"product:condition\" content=\"new\" \/>\n<!-- \/ Yoast SEO Premium plugin. -->","yoast_head_json":{"title":"Axiom XL 16 - 15.6\" Glass Bridge Multi-function Display - NavSystems Mereelektroonika","description":"Raymarine AXIOM XL 15.6\" on premium IPS-puutetundlik kaardiplotter professionaalsetele juhtimisjaamadele. HDMI tugi, radarite ja sonarite \u00fchilduvus, kiire protsessor ja WiFi-\u00fchendus.","robots":{"index":"index","follow":"follow","max-snippet":"max-snippet:-1","max-image-preview":"max-image-preview:large","max-video-preview":"max-video-preview:-1"},"canonical":"https:\/\/raymarine.ee\/en\/product\/axiom-xl-16-15-6-glass-bridge-multi-function-display\/","og_locale":"en_GB","og_type":"article","og_title":"Axiom XL 16 - 15.6\" Glass Bridge Multi-function Display","og_description":"Raymarine AXIOM XL 15.6\" on premium IPS-puutetundlik kaardiplotter professionaalsetele juhtimisjaamadele. HDMI tugi, radarite ja sonarite \u00fchilduvus, kiire protsessor ja WiFi-\u00fchendus.","og_url":"https:\/\/raymarine.ee\/en\/product\/axiom-xl-16-15-6-glass-bridge-multi-function-display\/","og_site_name":"NavSystems","article_publisher":"https:\/\/www.facebook.com\/NavSystems","article_modified_time":"2025-04-18T16:22:16+00:00","og_image":[{"width":1024,"height":1024,"url":"https:\/\/raymarine.ee\/wp-content\/uploads\/2025\/01\/2d61b7a1-87b1-4d35-a67d-932adb0862d8.webp","type":"image\/webp"}],"twitter_card":"summary_large_image","twitter_misc":{"Price":"8 350,00&nbsp;&euro;","Availability":"Out of stock"},"schema":{"@context":"https:\/\/schema.org","@graph":[{"@type":"WebPage","@id":"https:\/\/raymarine.ee\/product\/axiom-xl-16-15-6-glass-bridge-multi-function-display\/","url":"https:\/\/raymarine.ee\/product\/axiom-xl-16-15-6-glass-bridge-multi-function-display\/","name":"Axiom XL 16 - 15.6\" Glass Bridge Multi-function Display - NavSystems Mereelektroonika","isPartOf":{"@id":"https:\/\/raymarine.ee\/#website"},"primaryImageOfPage":{"@id":"https:\/\/raymarine.ee\/product\/axiom-xl-16-15-6-glass-bridge-multi-function-display\/#primaryimage"},"image":{"@id":"https:\/\/raymarine.ee\/product\/axiom-xl-16-15-6-glass-bridge-multi-function-display\/#primaryimage"},"thumbnailUrl":"https:\/\/raymarine.ee\/wp-content\/uploads\/2025\/01\/2d61b7a1-87b1-4d35-a67d-932adb0862d8.webp","datePublished":"2025-01-14T18:38:36+00:00","dateModified":"2025-04-18T16:22:16+00:00","description":"Raymarine AXIOM XL 15.6\" on premium IPS-puutetundlik kaardiplotter professionaalsetele juhtimisjaamadele. HDMI tugi, radarite ja sonarite \u00fchilduvus, kiire protsessor ja WiFi-\u00fchendus.","breadcrumb":{"@id":"https:\/\/raymarine.ee\/product\/axiom-xl-16-15-6-glass-bridge-multi-function-display\/#breadcrumb"},"inLanguage":"en-GB","potentialAction":[{"@type":"ReadAction","target":["https:\/\/raymarine.ee\/product\/axiom-xl-16-15-6-glass-bridge-multi-function-display\/"]}]},{"@type":"ImageObject","inLanguage":"en-GB","@id":"https:\/\/raymarine.ee\/product\/axiom-xl-16-15-6-glass-bridge-multi-function-display\/#primaryimage","url":"https:\/\/raymarine.ee\/wp-content\/uploads\/2025\/01\/2d61b7a1-87b1-4d35-a67d-932adb0862d8.webp","contentUrl":"https:\/\/raymarine.ee\/wp-content\/uploads\/2025\/01\/2d61b7a1-87b1-4d35-a67d-932adb0862d8.webp","width":1024,"height":1024},{"@type":"BreadcrumbList","@id":"https:\/\/raymarine.ee\/product\/axiom-xl-16-15-6-glass-bridge-multi-function-display\/#breadcrumb","itemListElement":[{"@type":"ListItem","position":1,"name":"Home","item":"https:\/\/raymarine.ee\/"},{"@type":"ListItem","position":2,"name":"Tooted","item":"https:\/\/raymarine.ee\/shop\/"},{"@type":"ListItem","position":3,"name":"Axiom XL 16 &#8211; 15.6&#8243; Glass Bridge Multi-function Display"}]},{"@type":"WebSite","@id":"https:\/\/raymarine.ee\/#website","url":"https:\/\/raymarine.ee\/","name":"www.raymarine.ee","description":"Mereelektroonika, kaardiplotter, autopiloot, pinnipiloot, roolipiloot, radar, AIS, VHF, Smart Wind","publisher":{"@id":"https:\/\/raymarine.ee\/#organization"},"alternateName":"Raymarine","potentialAction":[{"@type":"SearchAction","target":{"@type":"EntryPoint","urlTemplate":"https:\/\/raymarine.ee\/?s={search_term_string}"},"query-input":{"@type":"PropertyValueSpecification","valueRequired":true,"valueName":"search_term_string"}}],"inLanguage":"en-GB"},{"@type":"Organization","@id":"https:\/\/raymarine.ee\/#organization","name":"NavSystems O\u00dc","url":"https:\/\/raymarine.ee\/","logo":{"@type":"ImageObject","inLanguage":"en-GB","@id":"https:\/\/raymarine.ee\/#\/schema\/logo\/image\/","url":"https:\/\/raymarine.ee\/wp-content\/uploads\/2024\/10\/Screenshot-2024-10-15-151324_bg_removed.webp","contentUrl":"https:\/\/raymarine.ee\/wp-content\/uploads\/2024\/10\/Screenshot-2024-10-15-151324_bg_removed.webp","width":420,"height":276,"caption":"NavSystems O\u00dc"},"image":{"@id":"https:\/\/raymarine.ee\/#\/schema\/logo\/image\/"},"sameAs":["https:\/\/www.facebook.com\/NavSystems"],"legalName":"NavSystems O\u00dc","foundingDate":"2011-05-03","numberOfEmployees":{"@type":"QuantitativeValue","minValue":"1","maxValue":"10"}}]},"product_price_amount":"8350.00","product_price_currency":"EUR","og_availability":"out of stock","product_availability":"out of stock","product_retailer_item_id":"E70399","product_condition":"new"},"jetpack_sharing_enabled":true,"_links":{"self":[{"href":"https:\/\/raymarine.ee\/en\/wp-json\/wp\/v2\/product\/6378","targetHints":{"allow":["GET"]}}],"collection":[{"href":"https:\/\/raymarine.ee\/en\/wp-json\/wp\/v2\/product"}],"about":[{"href":"https:\/\/raymarine.ee\/en\/wp-json\/wp\/v2\/types\/product"}],"wp:featuredmedia":[{"embeddable":true,"href":"https:\/\/raymarine.ee\/en\/wp-json\/wp\/v2\/media\/7652"}],"wp:attachment":[{"href":"https:\/\/raymarine.ee\/en\/wp-json\/wp\/v2\/media?parent=6378"}],"wp:term":[{"taxonomy":"product_brand","embeddable":true,"href":"https:\/\/raymarine.ee\/en\/wp-json\/wp\/v2\/product_brand?post=6378"},{"taxonomy":"product_cat","embeddable":true,"href":"https:\/\/raymarine.ee\/en\/wp-json\/wp\/v2\/product_cat?post=6378"},{"taxonomy":"product_tag","embeddable":true,"href":"https:\/\/raymarine.ee\/en\/wp-json\/wp\/v2\/product_tag?post=6378"}],"curies":[{"name":"wp","href":"https:\/\/api.w.org\/{rel}","templated":true}]}}