{"id":6379,"date":"2025-01-14T18:39:32","date_gmt":"2025-01-14T18:39:32","guid":{"rendered":"https:\/\/raymarine.ee\/?post_type=product&#038;p=6379"},"modified":"2025-04-18T18:21:02","modified_gmt":"2025-04-18T16:21:02","slug":"axiom-xl-19-18-5-glass-bridge-multi-function-display","status":"publish","type":"product","link":"https:\/\/raymarine.ee\/en\/product\/axiom-xl-19-18-5-glass-bridge-multi-function-display\/","title":{"rendered":"Axiom XL 19 &#8211; 18.5&#8243; Glass Bridge Multi-function Display"},"content":{"rendered":"<h3 class=\"\" data-start=\"0\" data-end=\"108\"><strong data-start=\"4\" data-end=\"108\">Raymarine Axiom XL 18.5&#8243; \u2013 Premium kaardiplotter professionaalidele<\/strong><\/h3>\n<p class=\"\" data-start=\"110\" data-end=\"514\"><strong data-start=\"110\" data-end=\"138\">Raymarine Axiom XL 18.5&#8243;<\/strong> on <strong data-start=\"142\" data-end=\"191\">tipptasemel multifunktsionaalne kaardiplotter<\/strong>, mis \u00fchendab endas v\u00f5imsa j\u00f5udluse, suurt puuteekraani ja k\u00f5rget vastupidavust igas olukorras. AXIOM XL on m\u00f5eldud <strong data-start=\"307\" data-end=\"367\">professionaalsetele kaptenitele ja suurematele jahtidele<\/strong>, pakkudes klaassilla stiilis juhtimislahendust, mis \u00fchildub k\u00f5igi Raymarine seadmetega ja t\u00f6\u00f6tab sujuvalt <strong data-start=\"474\" data-end=\"513\">LightHouse 3 operatsioonis\u00fcsteemiga<\/strong>.<\/p>\n<p class=\"\" data-start=\"516\" data-end=\"747\"><strong data-start=\"516\" data-end=\"564\">IPS-tehnoloogiaga Full HD ekraan (1920&#215;1080)<\/strong> tagab laia vaatenurga, k\u00f5rge kontrastsuse ja selguse ka eredas p\u00e4ikesevalguses. Nutikas <strong data-start=\"653\" data-end=\"675\">taustvalguse andur<\/strong> reguleerib automaatselt heledust vastavalt \u00fcmbritsevale valgustasemele.<\/p>\n<p class=\"\" data-start=\"749\" data-end=\"806\">AXIOM XL toetab laia valikut seadmeid ja tehnoloogiaid:<\/p>\n<ul data-start=\"807\" data-end=\"1262\">\n<li class=\"\" data-start=\"807\" data-end=\"888\">\n<p class=\"\" data-start=\"809\" data-end=\"888\"><strong data-start=\"809\" data-end=\"825\">Sonarivaated<\/strong>: CHIRP, DownVision\u2122, RealVision\u2122 3D (vajab RVX1000 moodulit)<\/p>\n<\/li>\n<li class=\"\" data-start=\"889\" data-end=\"941\">\n<p class=\"\" data-start=\"891\" data-end=\"941\"><strong data-start=\"891\" data-end=\"908\">Radarite tugi<\/strong>: Quantum, HD, Super HD radarid<\/p>\n<\/li>\n<li class=\"\" data-start=\"942\" data-end=\"993\">\n<p class=\"\" data-start=\"944\" data-end=\"993\"><strong data-start=\"944\" data-end=\"969\">Autopiloodi \u00fchilduvus<\/strong>: Evolution autopiloot<\/p>\n<\/li>\n<li class=\"\" data-start=\"994\" data-end=\"1059\">\n<p class=\"\" data-start=\"996\" data-end=\"1059\"><strong data-start=\"996\" data-end=\"1012\">Kaamera tugi<\/strong>: kuni 4 videovoogu IP- ja analoogkaameratest<\/p>\n<\/li>\n<li class=\"\" data-start=\"1060\" data-end=\"1142\">\n<p class=\"\" data-start=\"1062\" data-end=\"1142\"><strong data-start=\"1062\" data-end=\"1091\">Meelelahutus ja HDMI tugi<\/strong>: HDMI sisend\/v\u00e4ljund, voogedastus ja heliv\u00e4ljund<\/p>\n<\/li>\n<li class=\"\" data-start=\"1143\" data-end=\"1186\">\n<p class=\"\" data-start=\"1145\" data-end=\"1186\"><strong data-start=\"1145\" data-end=\"1152\">GPS<\/strong>: V\u00e4line \u00fchendus GA150 antennile<\/p>\n<\/li>\n<li class=\"\" data-start=\"1187\" data-end=\"1262\">\n<p class=\"\" data-start=\"1189\" data-end=\"1262\"><strong data-start=\"1189\" data-end=\"1216\">WiFi ja mobiilirakendus<\/strong>: nutiseadme juhtimine Raymarine rakendusega<\/p>\n<\/li>\n<\/ul>\n<p class=\"\" data-start=\"1264\" data-end=\"1542\">AXIOM XL on suurep\u00e4rane valik <strong data-start=\"1294\" data-end=\"1326\">kaasaskantavate roolijaamade<\/strong>, <strong data-start=\"1328\" data-end=\"1356\">t\u00e4pse s\u00fcgavuskaardistuse<\/strong> ja <strong data-start=\"1360\" data-end=\"1392\">k\u00f5rglahutusega navigeerimise<\/strong> jaoks. Koos <strong data-start=\"1405\" data-end=\"1443\">RayNet ja NMEA2000 v\u00f5rgu\u00fchendusega<\/strong> v\u00f5imaldab see ekraan lihtsalt integreerida autopiloodi, AIS-i, sonari, kaamerad ja muud s\u00fcsteemid.<\/p>\n<hr class=\"\" data-start=\"1544\" data-end=\"1547\" \/>\n<h3 class=\"\" data-start=\"1549\" data-end=\"1574\"><strong data-start=\"1553\" data-end=\"1574\">Peamised eelised:<\/strong><\/h3>\n<ul data-start=\"1575\" data-end=\"1938\">\n<li class=\"\" data-start=\"1575\" data-end=\"1612\">\n<p class=\"\" data-start=\"1577\" data-end=\"1612\"><strong data-start=\"1577\" data-end=\"1610\">18.5\u201d IPS Full HD puuteekraan<\/strong><\/p>\n<\/li>\n<li class=\"\" data-start=\"1613\" data-end=\"1650\">\n<p class=\"\" data-start=\"1615\" data-end=\"1650\"><strong data-start=\"1615\" data-end=\"1648\">V\u00f5imas 4-tuumaline protsessor<\/strong><\/p>\n<\/li>\n<li class=\"\" data-start=\"1651\" data-end=\"1716\">\n<p class=\"\" data-start=\"1653\" data-end=\"1716\"><strong data-start=\"1653\" data-end=\"1714\">Radarite, sonarite, autopiloodi ja kaamerate t\u00e4ielik tugi<\/strong><\/p>\n<\/li>\n<li class=\"\" data-start=\"1717\" data-end=\"1793\">\n<p class=\"\" data-start=\"1719\" data-end=\"1793\"><strong data-start=\"1719\" data-end=\"1791\">HDMI sisend ja v\u00e4ljund \u2013 ideaalne meelelahutuseks ja kaugjuhtimiseks<\/strong><\/p>\n<\/li>\n<li class=\"\" data-start=\"1794\" data-end=\"1871\">\n<p class=\"\" data-start=\"1796\" data-end=\"1871\"><strong data-start=\"1796\" data-end=\"1869\">WiFi ja mobiilirakenduse tugi \u2013 juhtimine nutitelefonist v\u00f5i tahvlist<\/strong><\/p>\n<\/li>\n<li class=\"\" data-start=\"1872\" data-end=\"1938\">\n<p class=\"\" data-start=\"1874\" data-end=\"1938\"><strong data-start=\"1874\" data-end=\"1936\">Elegantne klaassilla disain koos IPX6 \/ IPX7 veekindlusega<\/strong><\/p>\n<\/li>\n<\/ul>\n<p class=\"\" data-start=\"1940\" data-end=\"2134\"><strong data-start=\"1940\" data-end=\"1968\">Raymarine Axiom XL 18.5&#8243;<\/strong> on <strong data-start=\"1972\" data-end=\"2010\">professionaalne navigeerimiskeskus<\/strong>, mis \u00fchendab tehnoloogia, t\u00f6\u00f6kindluse ja stiili \u2013 ideaalne lahendus modernsetele juhtimiss\u00fcsteemidele ja suurtele alustele.<\/p>","protected":false},"excerpt":{"rendered":"<p>The New Flagship.The Axiom XL range is the pinnacle of Raymarine navigation and modern helm integration. Designed for glass bridge installations, Axiom XL displays offer superior performance, large format visibility and elegant simplicity. Engineered to perform in extreme conditions, the fully waterproof Axiom XL family of glass bridge MFDS can be installed in both open cockpits and enclosed bridge stations. Each model uses in-plane switching technology (IPS) and Raymarine optical bonding to deliver wider viewing angles, sharp contrast, and unmatched readability in bright sun. Available in 16, 19, 22 and 24-inch display sizes, Axiom XL\u2019s edge-to-edge glass construction gives vessel designers the ability to create integrated and elegant navigation helm appearance. The device also has a menu in Estonian and Russian.<\/p>","protected":false},"featured_media":7653,"template":"","meta":{"_acf_changed":false},"product_brand":[134],"product_cat":[59,18,103],"product_tag":[],"class_list":{"0":"post-6379","1":"product","2":"type-product","3":"status-publish","4":"has-post-thumbnail","6":"product_brand-raymarine","7":"product_cat-axiom_xl","8":"product_cat-axiom-axiom2-kaardiplotter-axiom2-pro","9":"product_cat-raymarine","11":"first","12":"outofstock","13":"sale","14":"taxable","15":"shipping-taxable","16":"purchasable","17":"product-type-simple"},"acf":[],"yoast_head":"<!-- This site is optimized with the Yoast SEO Premium plugin v27.5 (Yoast SEO v27.5) - https:\/\/yoast.com\/product\/yoast-seo-premium-wordpress\/ -->\n<title>Axiom XL 19 - 18.5&quot; Glass Bridge Multi-function Display - NavSystems Mereelektroonika<\/title>\n<meta name=\"description\" content=\"Raymarine Axiom XL 18.5&quot; \u2013 tipptasemel klaassilla kaardiplotter. IPS Full HD puuteekraan, radarite ja sonarite tugi, HDMI sisend\/v\u00e4ljund, WiFi ja nutijuhtimine. Premium valik professionaalseks navigeerimiseks.\" \/>\n<meta name=\"robots\" content=\"index, follow, max-snippet:-1, max-image-preview:large, max-video-preview:-1\" \/>\n<link rel=\"canonical\" href=\"https:\/\/raymarine.ee\/en\/product\/axiom-xl-19-18-5-glass-bridge-multi-function-display\/\" \/>\n<meta property=\"og:locale\" content=\"en_GB\" \/>\n<meta property=\"og:type\" content=\"article\" \/>\n<meta property=\"og:title\" content=\"Axiom XL 19 - 18.5&quot; Glass Bridge Multi-function Display\" \/>\n<meta property=\"og:description\" content=\"Raymarine Axiom XL 18.5&quot; \u2013 tipptasemel klaassilla kaardiplotter. IPS Full HD puuteekraan, radarite ja sonarite tugi, HDMI sisend\/v\u00e4ljund, WiFi ja nutijuhtimine. Premium valik professionaalseks navigeerimiseks.\" \/>\n<meta property=\"og:url\" content=\"https:\/\/raymarine.ee\/en\/product\/axiom-xl-19-18-5-glass-bridge-multi-function-display\/\" \/>\n<meta property=\"og:site_name\" content=\"NavSystems\" \/>\n<meta property=\"article:publisher\" content=\"https:\/\/www.facebook.com\/NavSystems\" \/>\n<meta property=\"article:modified_time\" content=\"2025-04-18T16:21:02+00:00\" \/>\n<meta property=\"og:image\" content=\"https:\/\/raymarine.ee\/wp-content\/uploads\/2025\/01\/21827afe-690a-43d6-92b1-6dfbc8b0e9f9.webp\" \/>\n\t<meta property=\"og:image:width\" content=\"1024\" \/>\n\t<meta property=\"og:image:height\" content=\"1024\" \/>\n\t<meta property=\"og:image:type\" content=\"image\/webp\" \/>\n<meta name=\"twitter:card\" content=\"summary_large_image\" \/>\n<meta name=\"twitter:label1\" content=\"Price\" \/>\n\t<meta name=\"twitter:data1\" content=\"12 120,00&nbsp;&euro;\" \/>\n\t<meta name=\"twitter:label2\" content=\"Availability\" \/>\n\t<meta name=\"twitter:data2\" content=\"Out of stock\" \/>\n<script type=\"application\/ld+json\" class=\"yoast-schema-graph\">{\"@context\":\"https:\\\/\\\/schema.org\",\"@graph\":[{\"@type\":\"WebPage\",\"@id\":\"https:\\\/\\\/raymarine.ee\\\/product\\\/axiom-xl-19-18-5-glass-bridge-multi-function-display\\\/\",\"url\":\"https:\\\/\\\/raymarine.ee\\\/product\\\/axiom-xl-19-18-5-glass-bridge-multi-function-display\\\/\",\"name\":\"Axiom XL 19 - 18.5\\\" Glass Bridge Multi-function Display - NavSystems Mereelektroonika\",\"isPartOf\":{\"@id\":\"https:\\\/\\\/raymarine.ee\\\/#website\"},\"primaryImageOfPage\":{\"@id\":\"https:\\\/\\\/raymarine.ee\\\/product\\\/axiom-xl-19-18-5-glass-bridge-multi-function-display\\\/#primaryimage\"},\"image\":{\"@id\":\"https:\\\/\\\/raymarine.ee\\\/product\\\/axiom-xl-19-18-5-glass-bridge-multi-function-display\\\/#primaryimage\"},\"thumbnailUrl\":\"https:\\\/\\\/raymarine.ee\\\/wp-content\\\/uploads\\\/2025\\\/01\\\/21827afe-690a-43d6-92b1-6dfbc8b0e9f9.webp\",\"datePublished\":\"2025-01-14T18:39:32+00:00\",\"dateModified\":\"2025-04-18T16:21:02+00:00\",\"description\":\"Raymarine Axiom XL 18.5\\\" \u2013 tipptasemel klaassilla kaardiplotter. IPS Full HD puuteekraan, radarite ja sonarite tugi, HDMI sisend\\\/v\u00e4ljund, WiFi ja nutijuhtimine. Premium valik professionaalseks navigeerimiseks.\",\"breadcrumb\":{\"@id\":\"https:\\\/\\\/raymarine.ee\\\/product\\\/axiom-xl-19-18-5-glass-bridge-multi-function-display\\\/#breadcrumb\"},\"inLanguage\":\"en-GB\",\"potentialAction\":[{\"@type\":\"ReadAction\",\"target\":[\"https:\\\/\\\/raymarine.ee\\\/product\\\/axiom-xl-19-18-5-glass-bridge-multi-function-display\\\/\"]}]},{\"@type\":\"ImageObject\",\"inLanguage\":\"en-GB\",\"@id\":\"https:\\\/\\\/raymarine.ee\\\/product\\\/axiom-xl-19-18-5-glass-bridge-multi-function-display\\\/#primaryimage\",\"url\":\"https:\\\/\\\/raymarine.ee\\\/wp-content\\\/uploads\\\/2025\\\/01\\\/21827afe-690a-43d6-92b1-6dfbc8b0e9f9.webp\",\"contentUrl\":\"https:\\\/\\\/raymarine.ee\\\/wp-content\\\/uploads\\\/2025\\\/01\\\/21827afe-690a-43d6-92b1-6dfbc8b0e9f9.webp\",\"width\":1024,\"height\":1024},{\"@type\":\"BreadcrumbList\",\"@id\":\"https:\\\/\\\/raymarine.ee\\\/product\\\/axiom-xl-19-18-5-glass-bridge-multi-function-display\\\/#breadcrumb\",\"itemListElement\":[{\"@type\":\"ListItem\",\"position\":1,\"name\":\"Home\",\"item\":\"https:\\\/\\\/raymarine.ee\\\/\"},{\"@type\":\"ListItem\",\"position\":2,\"name\":\"Tooted\",\"item\":\"https:\\\/\\\/raymarine.ee\\\/shop\\\/\"},{\"@type\":\"ListItem\",\"position\":3,\"name\":\"Axiom XL 19 &#8211; 18.5&#8243; Glass Bridge Multi-function Display\"}]},{\"@type\":\"WebSite\",\"@id\":\"https:\\\/\\\/raymarine.ee\\\/#website\",\"url\":\"https:\\\/\\\/raymarine.ee\\\/\",\"name\":\"www.raymarine.ee\",\"description\":\"Mereelektroonika, kaardiplotter, autopiloot, pinnipiloot, roolipiloot, radar, AIS, VHF, Smart Wind\",\"publisher\":{\"@id\":\"https:\\\/\\\/raymarine.ee\\\/#organization\"},\"alternateName\":\"Raymarine\",\"potentialAction\":[{\"@type\":\"SearchAction\",\"target\":{\"@type\":\"EntryPoint\",\"urlTemplate\":\"https:\\\/\\\/raymarine.ee\\\/?s={search_term_string}\"},\"query-input\":{\"@type\":\"PropertyValueSpecification\",\"valueRequired\":true,\"valueName\":\"search_term_string\"}}],\"inLanguage\":\"en-GB\"},{\"@type\":\"Organization\",\"@id\":\"https:\\\/\\\/raymarine.ee\\\/#organization\",\"name\":\"NavSystems O\u00dc\",\"url\":\"https:\\\/\\\/raymarine.ee\\\/\",\"logo\":{\"@type\":\"ImageObject\",\"inLanguage\":\"en-GB\",\"@id\":\"https:\\\/\\\/raymarine.ee\\\/#\\\/schema\\\/logo\\\/image\\\/\",\"url\":\"https:\\\/\\\/raymarine.ee\\\/wp-content\\\/uploads\\\/2024\\\/10\\\/Screenshot-2024-10-15-151324_bg_removed.webp\",\"contentUrl\":\"https:\\\/\\\/raymarine.ee\\\/wp-content\\\/uploads\\\/2024\\\/10\\\/Screenshot-2024-10-15-151324_bg_removed.webp\",\"width\":420,\"height\":276,\"caption\":\"NavSystems O\u00dc\"},\"image\":{\"@id\":\"https:\\\/\\\/raymarine.ee\\\/#\\\/schema\\\/logo\\\/image\\\/\"},\"sameAs\":[\"https:\\\/\\\/www.facebook.com\\\/NavSystems\"],\"legalName\":\"NavSystems O\u00dc\",\"foundingDate\":\"2011-05-03\",\"numberOfEmployees\":{\"@type\":\"QuantitativeValue\",\"minValue\":\"1\",\"maxValue\":\"10\"}}]}<\/script>\n<meta property=\"product:price:amount\" content=\"12120.00\" \/>\n<meta property=\"product:price:currency\" content=\"EUR\" \/>\n<meta property=\"og:availability\" content=\"out of stock\" \/>\n<meta property=\"product:availability\" content=\"out of stock\" \/>\n<meta property=\"product:retailer_item_id\" content=\"E70400\" \/>\n<meta property=\"product:condition\" content=\"new\" \/>\n<!-- \/ Yoast SEO Premium plugin. -->","yoast_head_json":{"title":"Axiom XL 19 - 18.5\" Glass Bridge Multi-function Display - NavSystems Mereelektroonika","description":"Raymarine Axiom XL 18.5\" \u2013 tipptasemel klaassilla kaardiplotter. IPS Full HD puuteekraan, radarite ja sonarite tugi, HDMI sisend\/v\u00e4ljund, WiFi ja nutijuhtimine. Premium valik professionaalseks navigeerimiseks.","robots":{"index":"index","follow":"follow","max-snippet":"max-snippet:-1","max-image-preview":"max-image-preview:large","max-video-preview":"max-video-preview:-1"},"canonical":"https:\/\/raymarine.ee\/en\/product\/axiom-xl-19-18-5-glass-bridge-multi-function-display\/","og_locale":"en_GB","og_type":"article","og_title":"Axiom XL 19 - 18.5\" Glass Bridge Multi-function Display","og_description":"Raymarine Axiom XL 18.5\" \u2013 tipptasemel klaassilla kaardiplotter. IPS Full HD puuteekraan, radarite ja sonarite tugi, HDMI sisend\/v\u00e4ljund, WiFi ja nutijuhtimine. Premium valik professionaalseks navigeerimiseks.","og_url":"https:\/\/raymarine.ee\/en\/product\/axiom-xl-19-18-5-glass-bridge-multi-function-display\/","og_site_name":"NavSystems","article_publisher":"https:\/\/www.facebook.com\/NavSystems","article_modified_time":"2025-04-18T16:21:02+00:00","og_image":[{"width":1024,"height":1024,"url":"https:\/\/raymarine.ee\/wp-content\/uploads\/2025\/01\/21827afe-690a-43d6-92b1-6dfbc8b0e9f9.webp","type":"image\/webp"}],"twitter_card":"summary_large_image","twitter_misc":{"Price":"12 120,00&nbsp;&euro;","Availability":"Out of stock"},"schema":{"@context":"https:\/\/schema.org","@graph":[{"@type":"WebPage","@id":"https:\/\/raymarine.ee\/product\/axiom-xl-19-18-5-glass-bridge-multi-function-display\/","url":"https:\/\/raymarine.ee\/product\/axiom-xl-19-18-5-glass-bridge-multi-function-display\/","name":"Axiom XL 19 - 18.5\" Glass Bridge Multi-function Display - NavSystems Mereelektroonika","isPartOf":{"@id":"https:\/\/raymarine.ee\/#website"},"primaryImageOfPage":{"@id":"https:\/\/raymarine.ee\/product\/axiom-xl-19-18-5-glass-bridge-multi-function-display\/#primaryimage"},"image":{"@id":"https:\/\/raymarine.ee\/product\/axiom-xl-19-18-5-glass-bridge-multi-function-display\/#primaryimage"},"thumbnailUrl":"https:\/\/raymarine.ee\/wp-content\/uploads\/2025\/01\/21827afe-690a-43d6-92b1-6dfbc8b0e9f9.webp","datePublished":"2025-01-14T18:39:32+00:00","dateModified":"2025-04-18T16:21:02+00:00","description":"Raymarine Axiom XL 18.5\" \u2013 tipptasemel klaassilla kaardiplotter. IPS Full HD puuteekraan, radarite ja sonarite tugi, HDMI sisend\/v\u00e4ljund, WiFi ja nutijuhtimine. Premium valik professionaalseks navigeerimiseks.","breadcrumb":{"@id":"https:\/\/raymarine.ee\/product\/axiom-xl-19-18-5-glass-bridge-multi-function-display\/#breadcrumb"},"inLanguage":"en-GB","potentialAction":[{"@type":"ReadAction","target":["https:\/\/raymarine.ee\/product\/axiom-xl-19-18-5-glass-bridge-multi-function-display\/"]}]},{"@type":"ImageObject","inLanguage":"en-GB","@id":"https:\/\/raymarine.ee\/product\/axiom-xl-19-18-5-glass-bridge-multi-function-display\/#primaryimage","url":"https:\/\/raymarine.ee\/wp-content\/uploads\/2025\/01\/21827afe-690a-43d6-92b1-6dfbc8b0e9f9.webp","contentUrl":"https:\/\/raymarine.ee\/wp-content\/uploads\/2025\/01\/21827afe-690a-43d6-92b1-6dfbc8b0e9f9.webp","width":1024,"height":1024},{"@type":"BreadcrumbList","@id":"https:\/\/raymarine.ee\/product\/axiom-xl-19-18-5-glass-bridge-multi-function-display\/#breadcrumb","itemListElement":[{"@type":"ListItem","position":1,"name":"Home","item":"https:\/\/raymarine.ee\/"},{"@type":"ListItem","position":2,"name":"Tooted","item":"https:\/\/raymarine.ee\/shop\/"},{"@type":"ListItem","position":3,"name":"Axiom XL 19 &#8211; 18.5&#8243; Glass Bridge Multi-function Display"}]},{"@type":"WebSite","@id":"https:\/\/raymarine.ee\/#website","url":"https:\/\/raymarine.ee\/","name":"www.raymarine.ee","description":"Mereelektroonika, kaardiplotter, autopiloot, pinnipiloot, roolipiloot, radar, AIS, VHF, Smart Wind","publisher":{"@id":"https:\/\/raymarine.ee\/#organization"},"alternateName":"Raymarine","potentialAction":[{"@type":"SearchAction","target":{"@type":"EntryPoint","urlTemplate":"https:\/\/raymarine.ee\/?s={search_term_string}"},"query-input":{"@type":"PropertyValueSpecification","valueRequired":true,"valueName":"search_term_string"}}],"inLanguage":"en-GB"},{"@type":"Organization","@id":"https:\/\/raymarine.ee\/#organization","name":"NavSystems O\u00dc","url":"https:\/\/raymarine.ee\/","logo":{"@type":"ImageObject","inLanguage":"en-GB","@id":"https:\/\/raymarine.ee\/#\/schema\/logo\/image\/","url":"https:\/\/raymarine.ee\/wp-content\/uploads\/2024\/10\/Screenshot-2024-10-15-151324_bg_removed.webp","contentUrl":"https:\/\/raymarine.ee\/wp-content\/uploads\/2024\/10\/Screenshot-2024-10-15-151324_bg_removed.webp","width":420,"height":276,"caption":"NavSystems O\u00dc"},"image":{"@id":"https:\/\/raymarine.ee\/#\/schema\/logo\/image\/"},"sameAs":["https:\/\/www.facebook.com\/NavSystems"],"legalName":"NavSystems O\u00dc","foundingDate":"2011-05-03","numberOfEmployees":{"@type":"QuantitativeValue","minValue":"1","maxValue":"10"}}]},"product_price_amount":"12120.00","product_price_currency":"EUR","og_availability":"out of stock","product_availability":"out of stock","product_retailer_item_id":"E70400","product_condition":"new"},"jetpack_sharing_enabled":true,"_links":{"self":[{"href":"https:\/\/raymarine.ee\/en\/wp-json\/wp\/v2\/product\/6379","targetHints":{"allow":["GET"]}}],"collection":[{"href":"https:\/\/raymarine.ee\/en\/wp-json\/wp\/v2\/product"}],"about":[{"href":"https:\/\/raymarine.ee\/en\/wp-json\/wp\/v2\/types\/product"}],"wp:featuredmedia":[{"embeddable":true,"href":"https:\/\/raymarine.ee\/en\/wp-json\/wp\/v2\/media\/7653"}],"wp:attachment":[{"href":"https:\/\/raymarine.ee\/en\/wp-json\/wp\/v2\/media?parent=6379"}],"wp:term":[{"taxonomy":"product_brand","embeddable":true,"href":"https:\/\/raymarine.ee\/en\/wp-json\/wp\/v2\/product_brand?post=6379"},{"taxonomy":"product_cat","embeddable":true,"href":"https:\/\/raymarine.ee\/en\/wp-json\/wp\/v2\/product_cat?post=6379"},{"taxonomy":"product_tag","embeddable":true,"href":"https:\/\/raymarine.ee\/en\/wp-json\/wp\/v2\/product_tag?post=6379"}],"curies":[{"name":"wp","href":"https:\/\/api.w.org\/{rel}","templated":true}]}}