{"id":6383,"date":"2025-01-14T18:34:13","date_gmt":"2025-01-14T18:34:13","guid":{"rendered":"https:\/\/raymarine.ee\/?post_type=product&#038;p=6383"},"modified":"2026-04-13T20:19:02","modified_gmt":"2026-04-13T17:19:02","slug":"raymarine-ga200-external-gnss-gps-glonass-antenna","status":"publish","type":"product","link":"https:\/\/raymarine.ee\/en\/product\/raymarine-ga200-external-gnss-gps-glonass-antenna\/","title":{"rendered":"Raymarine GA200 external GNSS (GPS \/ GLONASS) antenna"},"content":{"rendered":"<p data-start=\"32\" data-end=\"123\"><strong data-start=\"32\" data-end=\"123\">Raymarine GA200 GNSS GPS Antenn \u2013 T\u00e4psem Satelliitvastuv\u00f5tt Sinu Navigeerimiss\u00fcsteemile<\/strong><\/p>\n<p data-start=\"125\" data-end=\"504\">Raymarine GA200 on kvaliteetne v\u00e4line GNSS antenn, mis parandab oluliselt sisemiste GPS \/ GLONASS vastuv\u00f5tjate signaalitugevust ja asukohat\u00e4psust. See on ideaalne lahendus paatidele, kus sisseehitatud GNSS vastuv\u00f5tjad v\u00f5ivad j\u00e4\u00e4da varjatud v\u00f5i n\u00f5rga signaaliga aladele. GA200 t\u00f6\u00f6tab laitmatult koos Raymarine multifunktsionaalsete ekraanide (MFD), AIS seadmete ja VHF raadiotega.<\/p>\n<p data-start=\"506\" data-end=\"907\">GA200 on varustatud 10 meetrise eelseadistatud kaabliga, mida saab vajadusel pikendada kuni 20 meetrini. See annab paindlikkuse antenni paigaldamisel ja kindlustab usaldusv\u00e4\u00e4rse signaalivastuv\u00f5tu ka keerulisemates tingimustes. Antenn \u00fchildub mitmete Raymarine seadmetega, sealhulgas: aSeries, eS Series, Axiom Pro, Axiom XL, Ray53, Ray63, Ray73, Ray90, Ray91, AIS350, AIS650, AIS700, AIS4000, AIS5000.<\/p>\n<p data-start=\"909\" data-end=\"1087\">Kompaktne ja vastupidav GA200 antenn on lihtsalt paigaldatav ja varustatud t\u00e4pse GNSS vastuv\u00f5tutehnoloogiaga, et tagada kindel ja t\u00e4pne asukoham\u00e4\u00e4ramine nii avamerel kui sadamas.<\/p>","protected":false},"excerpt":{"rendered":"<p>The GA200 is an external antenna, suitable for improving the reception of the internal GNSS (GPS \/ GLONASS) receivers of compatible MFDs, AIS devices, and VHF radios. The GNSS antenna is supplied with a fitted 10 m (33 ft.) cable. The length of the antenna cable can be extended if required. The antenna cable length can be extended by up to 10 m (33 ft.), giving a total maximum cable length of 20 m (66 ft.) The antenna is compatible with the following Raymarine products: Multifunction displays (MFDs) AIS receivers VHF radios: a Series a95 \/ a97 \/ a98 \/ a125 \/ a127 \/ a128, AIS350 \/ AIS650, Ray53, Ray63, Ray73. eS Series: eS97 \/ eS98 \/ eS127 \/ eS128, AIS700, Ray90, Ray91, Axiom Pro \/ Axiom XL, AIS4000 \/ AIS5000.<\/p>","protected":false},"featured_media":8476,"template":"","meta":{"_acf_changed":false},"product_brand":[134],"product_cat":[58,59,18,103,75,74,53],"product_tag":[],"class_list":{"0":"post-6383","1":"product","2":"type-product","3":"status-publish","4":"has-post-thumbnail","6":"product_brand-raymarine","7":"product_cat-axiom_pro","8":"product_cat-axiom_xl","9":"product_cat-axiom-axiom2-kaardiplotter-axiom2-pro","10":"product_cat-raymarine","11":"product_cat-ais","12":"product_cat-ray_vhf","13":"product_cat-raadioside-ja-ais","15":"first","16":"instock","17":"sale","18":"featured","19":"taxable","20":"shipping-taxable","21":"purchasable","22":"product-type-simple"},"acf":[],"yoast_head":"<!-- This site is optimized with the Yoast SEO Premium plugin v27.5 (Yoast SEO v27.5) - https:\/\/yoast.com\/product\/yoast-seo-premium-wordpress\/ -->\n<title>GA200 GPS antenn \u2013 Axiom2 Pro ja Axiom2 XL kaardiplotteritele - NavSystems<\/title>\n<meta name=\"description\" content=\"Raymarine GA200 v\u00e4line GNSS GPS antenn parandab signaali tugevust ja t\u00e4psust! M\u00f5eldud Raymarine MFD, AIS ja VHF raadio jaoks. 10 m kaabel, hea signaal.\" \/>\n<meta name=\"robots\" content=\"index, follow, max-snippet:-1, max-image-preview:large, max-video-preview:-1\" \/>\n<link rel=\"canonical\" href=\"https:\/\/raymarine.ee\/en\/product\/raymarine-ga200-external-gnss-gps-glonass-antenna\/\" \/>\n<meta property=\"og:locale\" content=\"en_GB\" \/>\n<meta property=\"og:type\" content=\"article\" \/>\n<meta property=\"og:title\" content=\"Raymarine GA200 external GNSS (GPS \/ GLONASS) antenna\" \/>\n<meta property=\"og:description\" content=\"Raymarine GA200 v\u00e4line GNSS GPS antenn parandab signaali tugevust ja t\u00e4psust! M\u00f5eldud Raymarine MFD, AIS ja VHF raadio jaoks. 10 m kaabel, hea signaal.\" \/>\n<meta property=\"og:url\" content=\"https:\/\/raymarine.ee\/en\/product\/raymarine-ga200-external-gnss-gps-glonass-antenna\/\" \/>\n<meta property=\"og:site_name\" content=\"NavSystems\" \/>\n<meta property=\"article:publisher\" content=\"https:\/\/www.facebook.com\/NavSystems\" \/>\n<meta property=\"article:modified_time\" content=\"2026-04-13T17:19:02+00:00\" \/>\n<meta property=\"og:image\" content=\"https:\/\/raymarine.ee\/wp-content\/uploads\/2025\/01\/9fc07dc1-3219-4746-88fc-4ee7b4a7e253.jpg\" \/>\n\t<meta property=\"og:image:width\" content=\"1024\" \/>\n\t<meta property=\"og:image:height\" content=\"1024\" \/>\n\t<meta property=\"og:image:type\" content=\"image\/jpeg\" \/>\n<meta name=\"twitter:card\" content=\"summary_large_image\" \/>\n<meta name=\"twitter:label1\" content=\"Price\" \/>\n\t<meta name=\"twitter:data1\" content=\"166,00&nbsp;&euro;\" \/>\n\t<meta name=\"twitter:label2\" content=\"Availability\" \/>\n\t<meta name=\"twitter:data2\" content=\"In stock\" \/>\n<script type=\"application\/ld+json\" class=\"yoast-schema-graph\">{\"@context\":\"https:\\\/\\\/schema.org\",\"@graph\":[{\"@type\":\"WebPage\",\"@id\":\"https:\\\/\\\/raymarine.ee\\\/product\\\/raymarine-ga200-external-gnss-gps-glonass-antenna\\\/\",\"url\":\"https:\\\/\\\/raymarine.ee\\\/product\\\/raymarine-ga200-external-gnss-gps-glonass-antenna\\\/\",\"name\":\"GA200 GPS antenn \u2013 Axiom2 Pro ja Axiom2 XL kaardiplotteritele - NavSystems\",\"isPartOf\":{\"@id\":\"https:\\\/\\\/raymarine.ee\\\/#website\"},\"primaryImageOfPage\":{\"@id\":\"https:\\\/\\\/raymarine.ee\\\/product\\\/raymarine-ga200-external-gnss-gps-glonass-antenna\\\/#primaryimage\"},\"image\":{\"@id\":\"https:\\\/\\\/raymarine.ee\\\/product\\\/raymarine-ga200-external-gnss-gps-glonass-antenna\\\/#primaryimage\"},\"thumbnailUrl\":\"https:\\\/\\\/raymarine.ee\\\/wp-content\\\/uploads\\\/2025\\\/01\\\/9fc07dc1-3219-4746-88fc-4ee7b4a7e253.jpg\",\"datePublished\":\"2025-01-14T18:34:13+00:00\",\"dateModified\":\"2026-04-13T17:19:02+00:00\",\"description\":\"Raymarine GA200 v\u00e4line GNSS GPS antenn parandab signaali tugevust ja t\u00e4psust! M\u00f5eldud Raymarine MFD, AIS ja VHF raadio jaoks. 10 m kaabel, hea signaal.\",\"breadcrumb\":{\"@id\":\"https:\\\/\\\/raymarine.ee\\\/product\\\/raymarine-ga200-external-gnss-gps-glonass-antenna\\\/#breadcrumb\"},\"inLanguage\":\"en-GB\",\"potentialAction\":[{\"@type\":\"ReadAction\",\"target\":[\"https:\\\/\\\/raymarine.ee\\\/product\\\/raymarine-ga200-external-gnss-gps-glonass-antenna\\\/\"]}]},{\"@type\":\"ImageObject\",\"inLanguage\":\"en-GB\",\"@id\":\"https:\\\/\\\/raymarine.ee\\\/product\\\/raymarine-ga200-external-gnss-gps-glonass-antenna\\\/#primaryimage\",\"url\":\"https:\\\/\\\/raymarine.ee\\\/wp-content\\\/uploads\\\/2025\\\/01\\\/9fc07dc1-3219-4746-88fc-4ee7b4a7e253.jpg\",\"contentUrl\":\"https:\\\/\\\/raymarine.ee\\\/wp-content\\\/uploads\\\/2025\\\/01\\\/9fc07dc1-3219-4746-88fc-4ee7b4a7e253.jpg\",\"width\":1024,\"height\":1024},{\"@type\":\"BreadcrumbList\",\"@id\":\"https:\\\/\\\/raymarine.ee\\\/product\\\/raymarine-ga200-external-gnss-gps-glonass-antenna\\\/#breadcrumb\",\"itemListElement\":[{\"@type\":\"ListItem\",\"position\":1,\"name\":\"Home\",\"item\":\"https:\\\/\\\/raymarine.ee\\\/\"},{\"@type\":\"ListItem\",\"position\":2,\"name\":\"Tooted\",\"item\":\"https:\\\/\\\/raymarine.ee\\\/shop\\\/\"},{\"@type\":\"ListItem\",\"position\":3,\"name\":\"Raymarine GA200 external GNSS (GPS \\\/ GLONASS) antenna\"}]},{\"@type\":\"WebSite\",\"@id\":\"https:\\\/\\\/raymarine.ee\\\/#website\",\"url\":\"https:\\\/\\\/raymarine.ee\\\/\",\"name\":\"www.raymarine.ee\",\"description\":\"Mereelektroonika, kaardiplotter, autopiloot, pinnipiloot, roolipiloot, radar, AIS, VHF, Smart Wind\",\"publisher\":{\"@id\":\"https:\\\/\\\/raymarine.ee\\\/#organization\"},\"alternateName\":\"Raymarine\",\"potentialAction\":[{\"@type\":\"SearchAction\",\"target\":{\"@type\":\"EntryPoint\",\"urlTemplate\":\"https:\\\/\\\/raymarine.ee\\\/?s={search_term_string}\"},\"query-input\":{\"@type\":\"PropertyValueSpecification\",\"valueRequired\":true,\"valueName\":\"search_term_string\"}}],\"inLanguage\":\"en-GB\"},{\"@type\":\"Organization\",\"@id\":\"https:\\\/\\\/raymarine.ee\\\/#organization\",\"name\":\"NavSystems O\u00dc\",\"url\":\"https:\\\/\\\/raymarine.ee\\\/\",\"logo\":{\"@type\":\"ImageObject\",\"inLanguage\":\"en-GB\",\"@id\":\"https:\\\/\\\/raymarine.ee\\\/#\\\/schema\\\/logo\\\/image\\\/\",\"url\":\"https:\\\/\\\/raymarine.ee\\\/wp-content\\\/uploads\\\/2024\\\/10\\\/Screenshot-2024-10-15-151324_bg_removed.webp\",\"contentUrl\":\"https:\\\/\\\/raymarine.ee\\\/wp-content\\\/uploads\\\/2024\\\/10\\\/Screenshot-2024-10-15-151324_bg_removed.webp\",\"width\":420,\"height\":276,\"caption\":\"NavSystems O\u00dc\"},\"image\":{\"@id\":\"https:\\\/\\\/raymarine.ee\\\/#\\\/schema\\\/logo\\\/image\\\/\"},\"sameAs\":[\"https:\\\/\\\/www.facebook.com\\\/NavSystems\"],\"legalName\":\"NavSystems O\u00dc\",\"foundingDate\":\"2011-05-03\",\"numberOfEmployees\":{\"@type\":\"QuantitativeValue\",\"minValue\":\"1\",\"maxValue\":\"10\"}}]}<\/script>\n<meta property=\"product:price:amount\" content=\"166.00\" \/>\n<meta property=\"product:price:currency\" content=\"EUR\" \/>\n<meta property=\"og:availability\" content=\"instock\" \/>\n<meta property=\"product:availability\" content=\"instock\" \/>\n<meta property=\"product:retailer_item_id\" content=\"A80589\" \/>\n<meta property=\"product:condition\" content=\"new\" \/>\n<!-- \/ Yoast SEO Premium plugin. -->","yoast_head_json":{"title":"GA200 GPS antenn \u2013 Axiom2 Pro ja Axiom2 XL kaardiplotteritele - NavSystems","description":"Raymarine GA200 v\u00e4line GNSS GPS antenn parandab signaali tugevust ja t\u00e4psust! M\u00f5eldud Raymarine MFD, AIS ja VHF raadio jaoks. 10 m kaabel, hea signaal.","robots":{"index":"index","follow":"follow","max-snippet":"max-snippet:-1","max-image-preview":"max-image-preview:large","max-video-preview":"max-video-preview:-1"},"canonical":"https:\/\/raymarine.ee\/en\/product\/raymarine-ga200-external-gnss-gps-glonass-antenna\/","og_locale":"en_GB","og_type":"article","og_title":"Raymarine GA200 external GNSS (GPS \/ GLONASS) antenna","og_description":"Raymarine GA200 v\u00e4line GNSS GPS antenn parandab signaali tugevust ja t\u00e4psust! M\u00f5eldud Raymarine MFD, AIS ja VHF raadio jaoks. 10 m kaabel, hea signaal.","og_url":"https:\/\/raymarine.ee\/en\/product\/raymarine-ga200-external-gnss-gps-glonass-antenna\/","og_site_name":"NavSystems","article_publisher":"https:\/\/www.facebook.com\/NavSystems","article_modified_time":"2026-04-13T17:19:02+00:00","og_image":[{"width":1024,"height":1024,"url":"https:\/\/raymarine.ee\/wp-content\/uploads\/2025\/01\/9fc07dc1-3219-4746-88fc-4ee7b4a7e253.jpg","type":"image\/jpeg"}],"twitter_card":"summary_large_image","twitter_misc":{"Price":"166,00&nbsp;&euro;","Availability":"In stock"},"schema":{"@context":"https:\/\/schema.org","@graph":[{"@type":"WebPage","@id":"https:\/\/raymarine.ee\/product\/raymarine-ga200-external-gnss-gps-glonass-antenna\/","url":"https:\/\/raymarine.ee\/product\/raymarine-ga200-external-gnss-gps-glonass-antenna\/","name":"GA200 GPS antenn \u2013 Axiom2 Pro ja Axiom2 XL kaardiplotteritele - NavSystems","isPartOf":{"@id":"https:\/\/raymarine.ee\/#website"},"primaryImageOfPage":{"@id":"https:\/\/raymarine.ee\/product\/raymarine-ga200-external-gnss-gps-glonass-antenna\/#primaryimage"},"image":{"@id":"https:\/\/raymarine.ee\/product\/raymarine-ga200-external-gnss-gps-glonass-antenna\/#primaryimage"},"thumbnailUrl":"https:\/\/raymarine.ee\/wp-content\/uploads\/2025\/01\/9fc07dc1-3219-4746-88fc-4ee7b4a7e253.jpg","datePublished":"2025-01-14T18:34:13+00:00","dateModified":"2026-04-13T17:19:02+00:00","description":"Raymarine GA200 v\u00e4line GNSS GPS antenn parandab signaali tugevust ja t\u00e4psust! M\u00f5eldud Raymarine MFD, AIS ja VHF raadio jaoks. 10 m kaabel, hea signaal.","breadcrumb":{"@id":"https:\/\/raymarine.ee\/product\/raymarine-ga200-external-gnss-gps-glonass-antenna\/#breadcrumb"},"inLanguage":"en-GB","potentialAction":[{"@type":"ReadAction","target":["https:\/\/raymarine.ee\/product\/raymarine-ga200-external-gnss-gps-glonass-antenna\/"]}]},{"@type":"ImageObject","inLanguage":"en-GB","@id":"https:\/\/raymarine.ee\/product\/raymarine-ga200-external-gnss-gps-glonass-antenna\/#primaryimage","url":"https:\/\/raymarine.ee\/wp-content\/uploads\/2025\/01\/9fc07dc1-3219-4746-88fc-4ee7b4a7e253.jpg","contentUrl":"https:\/\/raymarine.ee\/wp-content\/uploads\/2025\/01\/9fc07dc1-3219-4746-88fc-4ee7b4a7e253.jpg","width":1024,"height":1024},{"@type":"BreadcrumbList","@id":"https:\/\/raymarine.ee\/product\/raymarine-ga200-external-gnss-gps-glonass-antenna\/#breadcrumb","itemListElement":[{"@type":"ListItem","position":1,"name":"Home","item":"https:\/\/raymarine.ee\/"},{"@type":"ListItem","position":2,"name":"Tooted","item":"https:\/\/raymarine.ee\/shop\/"},{"@type":"ListItem","position":3,"name":"Raymarine GA200 external GNSS (GPS \/ GLONASS) antenna"}]},{"@type":"WebSite","@id":"https:\/\/raymarine.ee\/#website","url":"https:\/\/raymarine.ee\/","name":"www.raymarine.ee","description":"Mereelektroonika, kaardiplotter, autopiloot, pinnipiloot, roolipiloot, radar, AIS, VHF, Smart Wind","publisher":{"@id":"https:\/\/raymarine.ee\/#organization"},"alternateName":"Raymarine","potentialAction":[{"@type":"SearchAction","target":{"@type":"EntryPoint","urlTemplate":"https:\/\/raymarine.ee\/?s={search_term_string}"},"query-input":{"@type":"PropertyValueSpecification","valueRequired":true,"valueName":"search_term_string"}}],"inLanguage":"en-GB"},{"@type":"Organization","@id":"https:\/\/raymarine.ee\/#organization","name":"NavSystems O\u00dc","url":"https:\/\/raymarine.ee\/","logo":{"@type":"ImageObject","inLanguage":"en-GB","@id":"https:\/\/raymarine.ee\/#\/schema\/logo\/image\/","url":"https:\/\/raymarine.ee\/wp-content\/uploads\/2024\/10\/Screenshot-2024-10-15-151324_bg_removed.webp","contentUrl":"https:\/\/raymarine.ee\/wp-content\/uploads\/2024\/10\/Screenshot-2024-10-15-151324_bg_removed.webp","width":420,"height":276,"caption":"NavSystems O\u00dc"},"image":{"@id":"https:\/\/raymarine.ee\/#\/schema\/logo\/image\/"},"sameAs":["https:\/\/www.facebook.com\/NavSystems"],"legalName":"NavSystems O\u00dc","foundingDate":"2011-05-03","numberOfEmployees":{"@type":"QuantitativeValue","minValue":"1","maxValue":"10"}}]},"product_price_amount":"166.00","product_price_currency":"EUR","og_availability":"instock","product_availability":"instock","product_retailer_item_id":"A80589","product_condition":"new"},"jetpack_sharing_enabled":true,"_links":{"self":[{"href":"https:\/\/raymarine.ee\/en\/wp-json\/wp\/v2\/product\/6383","targetHints":{"allow":["GET"]}}],"collection":[{"href":"https:\/\/raymarine.ee\/en\/wp-json\/wp\/v2\/product"}],"about":[{"href":"https:\/\/raymarine.ee\/en\/wp-json\/wp\/v2\/types\/product"}],"wp:featuredmedia":[{"embeddable":true,"href":"https:\/\/raymarine.ee\/en\/wp-json\/wp\/v2\/media\/8476"}],"wp:attachment":[{"href":"https:\/\/raymarine.ee\/en\/wp-json\/wp\/v2\/media?parent=6383"}],"wp:term":[{"taxonomy":"product_brand","embeddable":true,"href":"https:\/\/raymarine.ee\/en\/wp-json\/wp\/v2\/product_brand?post=6383"},{"taxonomy":"product_cat","embeddable":true,"href":"https:\/\/raymarine.ee\/en\/wp-json\/wp\/v2\/product_cat?post=6383"},{"taxonomy":"product_tag","embeddable":true,"href":"https:\/\/raymarine.ee\/en\/wp-json\/wp\/v2\/product_tag?post=6383"}],"curies":[{"name":"wp","href":"https:\/\/api.w.org\/{rel}","templated":true}]}}