{"id":6384,"date":"2025-01-14T18:36:36","date_gmt":"2025-01-14T18:36:36","guid":{"rendered":"https:\/\/raymarine.ee\/?post_type=product&#038;p=6384"},"modified":"2026-04-26T21:13:59","modified_gmt":"2026-04-26T18:13:59","slug":"element-9-hv-9-chart-plotter-with-chirp-sonar-hypervision-wi-fi-gps-hv-100-02-transducer-no-chart","status":"publish","type":"product","link":"https:\/\/raymarine.ee\/en\/product\/element-9-hv-9-chart-plotter-with-chirp-sonar-hypervision-wi-fi-gps-hv-100-02-transducer-no-chart\/","title":{"rendered":"Element 9 HV &#8211; 9\u201d Chart Plotter with CHIRP Sonar, HyperVision, Wi-Fi, GPS, HV-100.02 transducer, No Chart"},"content":{"rendered":"<p data-start=\"0\" data-end=\"87\"><strong data-start=\"0\" data-end=\"87\">Raymarine Element Seeria Kaardiplotterid ja Kalaleidjad<\/strong><\/p>\n<p data-start=\"89\" data-end=\"629\">Raymarine Element\u2122 seeria CHIRP sonar ja GPS kaardiplotterid on loodud t\u00f5sistele kalastushuvilistele, kes vajavad t\u00e4pset, kiiret ja kasutajas\u00f5bralikku sonari- ja navigeerimislahendust. HyperVision\u2122 tehnoloogia viib sonaripildi resolutsiooni t\u00e4iesti uuele tasemele, v\u00f5imaldades DownVision\u2122, SideVision\u2122 ja RealVision\u2122 3D sonari vaateid erakordse detailsusega. T\u00e4nu kiirele neljatuumalisele protsessorile pakub Element sujuvat 3D-sonarikuva, reaalajas kaardistamist RealBathy\u2122 abil ja kiirust, mida vajate kiirete otsuste tegemiseks veekogul.<\/p>\n<p data-start=\"631\" data-end=\"1100\">Elementi lihtne ja intuitiivne LightHouse Sport operatsioonis\u00fcsteem on optimeeritud klahvijuhtimiseks ja v\u00f5imaldab kiiret ligip\u00e4\u00e4su lemmikfunktsioonidele. Sisseehitatud WiFi, GPS ja NMEA2000 tugi tagavad laia integreerimisv\u00f5imaluse. Raymarine Element on saadaval 7&#8243;, 9&#8243; ja 12&#8243; ekraanidega ning t\u00f6\u00f6tab HV-100 k\u00f5ik-\u00fches anduriga, mis h\u00f5lmab CHIRP, DownVision\u2122, SideVision\u2122 ja 3D sonarit. Sobib ideaalselt kalade leidmiseks, s\u00fcvakaardistamiseks ja t\u00e4pseks navigeerimiseks.<\/p>","protected":false},"excerpt":{"rendered":"<p><span style=\"color: #ff9900;\"><strong>NB! Demotoode. <\/strong><\/span>Plotter on stendi peal kaupluses. Tegemist on t\u00f5en\u00e4oliselt viimaste Element 9 HV plotteritega Euroopas.<\/p>\n<p>Element seeria l\u00e4heb tootmisest maha. Saadaval on viimased erihinnaga mudelid 9&#8243; k\u00f5ik \u00fches ELEMENT HV kaardiplotter-kalaleidja koos HV-100 HyperVision 3D ahtrianduriga. Element seeria on varustatud p\u00e4ikese k\u00e4es h\u00e4sti n\u00e4htava mitte puutetundliku ekraaniga. Seadmel on ka eesti- ja venekeelne men\u00fc\u00fc. Kiireks ligip\u00e4\u00e4suks oma lemmiktoimingutele on seadme esipaneelil lisaks muudele ka kolm vastavalt oma soovile seadistatavat kiirnuppu. Seadmesse on integreeritud 10Hz GLONASS GPS, Bluetooth, WiFi ja (200 kHz\/350kHz\/1,2 MHz) HyperVision 3D sonar. Element seerial on ka NMEA200 liides. Quantum radari saab lisada WiFi liidese kaudu. Tarkvara on Axiom seeriast tuttava \u00fclesehitusega LightHouse 3-e modifikatsioon mis kannab nime Raymarine LightHouse 3 Sport. Element seeria seadmetes saab kasutada Raymarine LightHouse NC2, Navionics, C-MAP Essentials ja C-MAP 4D MAX+ elektroonilisi merekaarte. Lisavarustusena on saadaval ka j\u00e4\u00e4kalastuskomplekt.<\/p>","protected":false},"featured_media":7639,"template":"","meta":{"_acf_changed":false},"product_brand":[134],"product_cat":[77,18,54,343,103,60],"product_tag":[],"class_list":{"0":"post-6384","1":"product","2":"type-product","3":"status-publish","4":"has-post-thumbnail","6":"product_brand-raymarine","7":"product_cat-raymarine-kaardiplotter-kalaleidja","8":"product_cat-axiom-axiom2-kaardiplotter-axiom2-pro","9":"product_cat-kalaleidjad","10":"product_cat-kampaaniad","11":"product_cat-raymarine","12":"product_cat-element","13":"product_shipping_class-tavaline-pakk-kuni-25kg","15":"first","16":"instock","17":"sale","18":"taxable","19":"shipping-taxable","20":"purchasable","21":"product-type-simple"},"acf":[],"yoast_head":"<!-- This site is optimized with the Yoast SEO Premium plugin v27.5 (Yoast SEO v27.5) - https:\/\/yoast.com\/product\/yoast-seo-premium-wordpress\/ -->\n<title>Element 9 HV: K\u00f5ik \u00fches kaardiplotter-kalaleidja - NavSystems<\/title>\n<meta name=\"description\" content=\"Avasta Element 9 HV suurep\u00e4rase sonaritehnoloogia ja GPS lahendus, mis pakub kiiret ja t\u00e4pset navigeerimist. \u00dclimalt hea ja detailne sonaripilt. Telli n\u00fc\u00fcd!\" \/>\n<meta name=\"robots\" content=\"index, follow, max-snippet:-1, max-image-preview:large, max-video-preview:-1\" \/>\n<link rel=\"canonical\" href=\"https:\/\/raymarine.ee\/en\/product\/element-9-hv-9-chart-plotter-with-chirp-sonar-hypervision-wi-fi-gps-hv-100-02-transducer-no-chart\/\" \/>\n<meta property=\"og:locale\" content=\"en_GB\" \/>\n<meta property=\"og:type\" content=\"article\" \/>\n<meta property=\"og:title\" content=\"Element 9 HV - 9\u201d Chart Plotter with CHIRP Sonar, HyperVision, Wi-Fi, GPS, HV-100.02 transducer, No Chart\" \/>\n<meta property=\"og:description\" content=\"Avasta Element 9 HV suurep\u00e4rase sonaritehnoloogia ja GPS lahendus, mis pakub kiiret ja t\u00e4pset navigeerimist. \u00dclimalt hea ja detailne sonaripilt. Telli n\u00fc\u00fcd!\" \/>\n<meta property=\"og:url\" content=\"https:\/\/raymarine.ee\/en\/product\/element-9-hv-9-chart-plotter-with-chirp-sonar-hypervision-wi-fi-gps-hv-100-02-transducer-no-chart\/\" \/>\n<meta property=\"og:site_name\" content=\"NavSystems\" \/>\n<meta property=\"article:publisher\" content=\"https:\/\/www.facebook.com\/NavSystems\" \/>\n<meta property=\"article:modified_time\" content=\"2026-04-26T18:13:59+00:00\" \/>\n<meta property=\"og:image\" content=\"https:\/\/raymarine.ee\/wp-content\/uploads\/2025\/01\/bc17ae73-66d3-4f32-a0df-c608aa4c1e1b.webp\" \/>\n\t<meta property=\"og:image:width\" content=\"1024\" \/>\n\t<meta property=\"og:image:height\" content=\"1024\" \/>\n\t<meta property=\"og:image:type\" content=\"image\/webp\" \/>\n<meta name=\"twitter:card\" content=\"summary_large_image\" \/>\n<meta name=\"twitter:label1\" content=\"Price\" \/>\n\t<meta name=\"twitter:data1\" content=\"750,00&nbsp;&euro;\" \/>\n\t<meta name=\"twitter:label2\" content=\"Availability\" \/>\n\t<meta name=\"twitter:data2\" content=\"In stock\" \/>\n<script type=\"application\/ld+json\" class=\"yoast-schema-graph\">{\"@context\":\"https:\\\/\\\/schema.org\",\"@graph\":[{\"@type\":\"WebPage\",\"@id\":\"https:\\\/\\\/raymarine.ee\\\/product\\\/element-9-hv-9-chart-plotter-with-chirp-sonar-hypervision-wi-fi-gps-hv-100-02-transducer-no-chart\\\/\",\"url\":\"https:\\\/\\\/raymarine.ee\\\/product\\\/element-9-hv-9-chart-plotter-with-chirp-sonar-hypervision-wi-fi-gps-hv-100-02-transducer-no-chart\\\/\",\"name\":\"Element 9 HV: K\u00f5ik \u00fches kaardiplotter-kalaleidja - NavSystems\",\"isPartOf\":{\"@id\":\"https:\\\/\\\/raymarine.ee\\\/#website\"},\"primaryImageOfPage\":{\"@id\":\"https:\\\/\\\/raymarine.ee\\\/product\\\/element-9-hv-9-chart-plotter-with-chirp-sonar-hypervision-wi-fi-gps-hv-100-02-transducer-no-chart\\\/#primaryimage\"},\"image\":{\"@id\":\"https:\\\/\\\/raymarine.ee\\\/product\\\/element-9-hv-9-chart-plotter-with-chirp-sonar-hypervision-wi-fi-gps-hv-100-02-transducer-no-chart\\\/#primaryimage\"},\"thumbnailUrl\":\"https:\\\/\\\/raymarine.ee\\\/wp-content\\\/uploads\\\/2025\\\/01\\\/bc17ae73-66d3-4f32-a0df-c608aa4c1e1b.webp\",\"datePublished\":\"2025-01-14T18:36:36+00:00\",\"dateModified\":\"2026-04-26T18:13:59+00:00\",\"description\":\"Avasta Element 9 HV suurep\u00e4rase sonaritehnoloogia ja GPS lahendus, mis pakub kiiret ja t\u00e4pset navigeerimist. \u00dclimalt hea ja detailne sonaripilt. Telli n\u00fc\u00fcd!\",\"breadcrumb\":{\"@id\":\"https:\\\/\\\/raymarine.ee\\\/product\\\/element-9-hv-9-chart-plotter-with-chirp-sonar-hypervision-wi-fi-gps-hv-100-02-transducer-no-chart\\\/#breadcrumb\"},\"inLanguage\":\"en-GB\",\"potentialAction\":[{\"@type\":\"ReadAction\",\"target\":[\"https:\\\/\\\/raymarine.ee\\\/product\\\/element-9-hv-9-chart-plotter-with-chirp-sonar-hypervision-wi-fi-gps-hv-100-02-transducer-no-chart\\\/\"]}]},{\"@type\":\"ImageObject\",\"inLanguage\":\"en-GB\",\"@id\":\"https:\\\/\\\/raymarine.ee\\\/product\\\/element-9-hv-9-chart-plotter-with-chirp-sonar-hypervision-wi-fi-gps-hv-100-02-transducer-no-chart\\\/#primaryimage\",\"url\":\"https:\\\/\\\/raymarine.ee\\\/wp-content\\\/uploads\\\/2025\\\/01\\\/bc17ae73-66d3-4f32-a0df-c608aa4c1e1b.webp\",\"contentUrl\":\"https:\\\/\\\/raymarine.ee\\\/wp-content\\\/uploads\\\/2025\\\/01\\\/bc17ae73-66d3-4f32-a0df-c608aa4c1e1b.webp\",\"width\":1024,\"height\":1024},{\"@type\":\"BreadcrumbList\",\"@id\":\"https:\\\/\\\/raymarine.ee\\\/product\\\/element-9-hv-9-chart-plotter-with-chirp-sonar-hypervision-wi-fi-gps-hv-100-02-transducer-no-chart\\\/#breadcrumb\",\"itemListElement\":[{\"@type\":\"ListItem\",\"position\":1,\"name\":\"Home\",\"item\":\"https:\\\/\\\/raymarine.ee\\\/\"},{\"@type\":\"ListItem\",\"position\":2,\"name\":\"Tooted\",\"item\":\"https:\\\/\\\/raymarine.ee\\\/shop\\\/\"},{\"@type\":\"ListItem\",\"position\":3,\"name\":\"Element 9 HV &#8211; 9\u201d Chart Plotter with CHIRP Sonar, HyperVision, Wi-Fi, GPS, HV-100.02 transducer, No Chart\"}]},{\"@type\":\"WebSite\",\"@id\":\"https:\\\/\\\/raymarine.ee\\\/#website\",\"url\":\"https:\\\/\\\/raymarine.ee\\\/\",\"name\":\"www.raymarine.ee\",\"description\":\"Mereelektroonika, kaardiplotter, autopiloot, pinnipiloot, roolipiloot, radar, AIS, VHF, Smart Wind\",\"publisher\":{\"@id\":\"https:\\\/\\\/raymarine.ee\\\/#organization\"},\"alternateName\":\"Raymarine\",\"potentialAction\":[{\"@type\":\"SearchAction\",\"target\":{\"@type\":\"EntryPoint\",\"urlTemplate\":\"https:\\\/\\\/raymarine.ee\\\/?s={search_term_string}\"},\"query-input\":{\"@type\":\"PropertyValueSpecification\",\"valueRequired\":true,\"valueName\":\"search_term_string\"}}],\"inLanguage\":\"en-GB\"},{\"@type\":\"Organization\",\"@id\":\"https:\\\/\\\/raymarine.ee\\\/#organization\",\"name\":\"NavSystems O\u00dc\",\"url\":\"https:\\\/\\\/raymarine.ee\\\/\",\"logo\":{\"@type\":\"ImageObject\",\"inLanguage\":\"en-GB\",\"@id\":\"https:\\\/\\\/raymarine.ee\\\/#\\\/schema\\\/logo\\\/image\\\/\",\"url\":\"https:\\\/\\\/raymarine.ee\\\/wp-content\\\/uploads\\\/2024\\\/10\\\/Screenshot-2024-10-15-151324_bg_removed.webp\",\"contentUrl\":\"https:\\\/\\\/raymarine.ee\\\/wp-content\\\/uploads\\\/2024\\\/10\\\/Screenshot-2024-10-15-151324_bg_removed.webp\",\"width\":420,\"height\":276,\"caption\":\"NavSystems O\u00dc\"},\"image\":{\"@id\":\"https:\\\/\\\/raymarine.ee\\\/#\\\/schema\\\/logo\\\/image\\\/\"},\"sameAs\":[\"https:\\\/\\\/www.facebook.com\\\/NavSystems\"],\"legalName\":\"NavSystems O\u00dc\",\"foundingDate\":\"2011-05-03\",\"numberOfEmployees\":{\"@type\":\"QuantitativeValue\",\"minValue\":\"1\",\"maxValue\":\"10\"}}]}<\/script>\n<meta property=\"product:price:amount\" content=\"750.00\" \/>\n<meta property=\"product:price:currency\" content=\"EUR\" \/>\n<meta property=\"og:availability\" content=\"instock\" \/>\n<meta property=\"product:availability\" content=\"instock\" \/>\n<meta property=\"product:retailer_item_id\" content=\"E70645-05\" \/>\n<meta property=\"product:condition\" content=\"new\" \/>\n<!-- \/ Yoast SEO Premium plugin. -->","yoast_head_json":{"title":"Element 9 HV: K\u00f5ik \u00fches kaardiplotter-kalaleidja - NavSystems","description":"Avasta Element 9 HV suurep\u00e4rase sonaritehnoloogia ja GPS lahendus, mis pakub kiiret ja t\u00e4pset navigeerimist. \u00dclimalt hea ja detailne sonaripilt. Telli n\u00fc\u00fcd!","robots":{"index":"index","follow":"follow","max-snippet":"max-snippet:-1","max-image-preview":"max-image-preview:large","max-video-preview":"max-video-preview:-1"},"canonical":"https:\/\/raymarine.ee\/en\/product\/element-9-hv-9-chart-plotter-with-chirp-sonar-hypervision-wi-fi-gps-hv-100-02-transducer-no-chart\/","og_locale":"en_GB","og_type":"article","og_title":"Element 9 HV - 9\u201d Chart Plotter with CHIRP Sonar, HyperVision, Wi-Fi, GPS, HV-100.02 transducer, No Chart","og_description":"Avasta Element 9 HV suurep\u00e4rase sonaritehnoloogia ja GPS lahendus, mis pakub kiiret ja t\u00e4pset navigeerimist. \u00dclimalt hea ja detailne sonaripilt. Telli n\u00fc\u00fcd!","og_url":"https:\/\/raymarine.ee\/en\/product\/element-9-hv-9-chart-plotter-with-chirp-sonar-hypervision-wi-fi-gps-hv-100-02-transducer-no-chart\/","og_site_name":"NavSystems","article_publisher":"https:\/\/www.facebook.com\/NavSystems","article_modified_time":"2026-04-26T18:13:59+00:00","og_image":[{"width":1024,"height":1024,"url":"https:\/\/raymarine.ee\/wp-content\/uploads\/2025\/01\/bc17ae73-66d3-4f32-a0df-c608aa4c1e1b.webp","type":"image\/webp"}],"twitter_card":"summary_large_image","twitter_misc":{"Price":"750,00&nbsp;&euro;","Availability":"In stock"},"schema":{"@context":"https:\/\/schema.org","@graph":[{"@type":"WebPage","@id":"https:\/\/raymarine.ee\/product\/element-9-hv-9-chart-plotter-with-chirp-sonar-hypervision-wi-fi-gps-hv-100-02-transducer-no-chart\/","url":"https:\/\/raymarine.ee\/product\/element-9-hv-9-chart-plotter-with-chirp-sonar-hypervision-wi-fi-gps-hv-100-02-transducer-no-chart\/","name":"Element 9 HV: K\u00f5ik \u00fches kaardiplotter-kalaleidja - NavSystems","isPartOf":{"@id":"https:\/\/raymarine.ee\/#website"},"primaryImageOfPage":{"@id":"https:\/\/raymarine.ee\/product\/element-9-hv-9-chart-plotter-with-chirp-sonar-hypervision-wi-fi-gps-hv-100-02-transducer-no-chart\/#primaryimage"},"image":{"@id":"https:\/\/raymarine.ee\/product\/element-9-hv-9-chart-plotter-with-chirp-sonar-hypervision-wi-fi-gps-hv-100-02-transducer-no-chart\/#primaryimage"},"thumbnailUrl":"https:\/\/raymarine.ee\/wp-content\/uploads\/2025\/01\/bc17ae73-66d3-4f32-a0df-c608aa4c1e1b.webp","datePublished":"2025-01-14T18:36:36+00:00","dateModified":"2026-04-26T18:13:59+00:00","description":"Avasta Element 9 HV suurep\u00e4rase sonaritehnoloogia ja GPS lahendus, mis pakub kiiret ja t\u00e4pset navigeerimist. \u00dclimalt hea ja detailne sonaripilt. Telli n\u00fc\u00fcd!","breadcrumb":{"@id":"https:\/\/raymarine.ee\/product\/element-9-hv-9-chart-plotter-with-chirp-sonar-hypervision-wi-fi-gps-hv-100-02-transducer-no-chart\/#breadcrumb"},"inLanguage":"en-GB","potentialAction":[{"@type":"ReadAction","target":["https:\/\/raymarine.ee\/product\/element-9-hv-9-chart-plotter-with-chirp-sonar-hypervision-wi-fi-gps-hv-100-02-transducer-no-chart\/"]}]},{"@type":"ImageObject","inLanguage":"en-GB","@id":"https:\/\/raymarine.ee\/product\/element-9-hv-9-chart-plotter-with-chirp-sonar-hypervision-wi-fi-gps-hv-100-02-transducer-no-chart\/#primaryimage","url":"https:\/\/raymarine.ee\/wp-content\/uploads\/2025\/01\/bc17ae73-66d3-4f32-a0df-c608aa4c1e1b.webp","contentUrl":"https:\/\/raymarine.ee\/wp-content\/uploads\/2025\/01\/bc17ae73-66d3-4f32-a0df-c608aa4c1e1b.webp","width":1024,"height":1024},{"@type":"BreadcrumbList","@id":"https:\/\/raymarine.ee\/product\/element-9-hv-9-chart-plotter-with-chirp-sonar-hypervision-wi-fi-gps-hv-100-02-transducer-no-chart\/#breadcrumb","itemListElement":[{"@type":"ListItem","position":1,"name":"Home","item":"https:\/\/raymarine.ee\/"},{"@type":"ListItem","position":2,"name":"Tooted","item":"https:\/\/raymarine.ee\/shop\/"},{"@type":"ListItem","position":3,"name":"Element 9 HV &#8211; 9\u201d Chart Plotter with CHIRP Sonar, HyperVision, Wi-Fi, GPS, HV-100.02 transducer, No Chart"}]},{"@type":"WebSite","@id":"https:\/\/raymarine.ee\/#website","url":"https:\/\/raymarine.ee\/","name":"www.raymarine.ee","description":"Mereelektroonika, kaardiplotter, autopiloot, pinnipiloot, roolipiloot, radar, AIS, VHF, Smart Wind","publisher":{"@id":"https:\/\/raymarine.ee\/#organization"},"alternateName":"Raymarine","potentialAction":[{"@type":"SearchAction","target":{"@type":"EntryPoint","urlTemplate":"https:\/\/raymarine.ee\/?s={search_term_string}"},"query-input":{"@type":"PropertyValueSpecification","valueRequired":true,"valueName":"search_term_string"}}],"inLanguage":"en-GB"},{"@type":"Organization","@id":"https:\/\/raymarine.ee\/#organization","name":"NavSystems O\u00dc","url":"https:\/\/raymarine.ee\/","logo":{"@type":"ImageObject","inLanguage":"en-GB","@id":"https:\/\/raymarine.ee\/#\/schema\/logo\/image\/","url":"https:\/\/raymarine.ee\/wp-content\/uploads\/2024\/10\/Screenshot-2024-10-15-151324_bg_removed.webp","contentUrl":"https:\/\/raymarine.ee\/wp-content\/uploads\/2024\/10\/Screenshot-2024-10-15-151324_bg_removed.webp","width":420,"height":276,"caption":"NavSystems O\u00dc"},"image":{"@id":"https:\/\/raymarine.ee\/#\/schema\/logo\/image\/"},"sameAs":["https:\/\/www.facebook.com\/NavSystems"],"legalName":"NavSystems O\u00dc","foundingDate":"2011-05-03","numberOfEmployees":{"@type":"QuantitativeValue","minValue":"1","maxValue":"10"}}]},"product_price_amount":"750.00","product_price_currency":"EUR","og_availability":"instock","product_availability":"instock","product_retailer_item_id":"E70645-05","product_condition":"new"},"jetpack_sharing_enabled":true,"_links":{"self":[{"href":"https:\/\/raymarine.ee\/en\/wp-json\/wp\/v2\/product\/6384","targetHints":{"allow":["GET"]}}],"collection":[{"href":"https:\/\/raymarine.ee\/en\/wp-json\/wp\/v2\/product"}],"about":[{"href":"https:\/\/raymarine.ee\/en\/wp-json\/wp\/v2\/types\/product"}],"wp:featuredmedia":[{"embeddable":true,"href":"https:\/\/raymarine.ee\/en\/wp-json\/wp\/v2\/media\/7639"}],"wp:attachment":[{"href":"https:\/\/raymarine.ee\/en\/wp-json\/wp\/v2\/media?parent=6384"}],"wp:term":[{"taxonomy":"product_brand","embeddable":true,"href":"https:\/\/raymarine.ee\/en\/wp-json\/wp\/v2\/product_brand?post=6384"},{"taxonomy":"product_cat","embeddable":true,"href":"https:\/\/raymarine.ee\/en\/wp-json\/wp\/v2\/product_cat?post=6384"},{"taxonomy":"product_tag","embeddable":true,"href":"https:\/\/raymarine.ee\/en\/wp-json\/wp\/v2\/product_tag?post=6384"}],"curies":[{"name":"wp","href":"https:\/\/api.w.org\/{rel}","templated":true}]}}