{"id":6385,"date":"2025-01-14T18:35:37","date_gmt":"2025-01-14T18:35:37","guid":{"rendered":"https:\/\/raymarine.ee\/?post_type=product&#038;p=6385"},"modified":"2026-04-10T12:17:37","modified_gmt":"2026-04-10T09:17:37","slug":"element-12-hv-12-chart-plotter-with-chirp-sonar-hypervision-wi-fi-gps-hv-100-02-transducer-no-chart","status":"publish","type":"product","link":"https:\/\/raymarine.ee\/en\/product\/element-12-hv-12-chart-plotter-with-chirp-sonar-hypervision-wi-fi-gps-hv-100-02-transducer-no-chart\/","title":{"rendered":"Element 12 HV &#8211; 12\u201d Chart Plotter with CHIRP Sonar, HyperVision, Wi-Fi, GPS, HV-100.02 transducer, No Chart"},"content":{"rendered":"<p data-start=\"0\" data-end=\"572\">Raymarine Element\u2122 CHIRP sonar\/GPS seeria on m\u00f5eldud kalameestele, kes soovivad vee peal olla sammu v\u00f5rra ees. Element seeria pakub erakordset allveev\u00e4ljavaadet, kasutades HyperVision\u2122 1,2 megahertsi k\u00f5rglahutussonari tehnoloogiat. HyperVision viib DownVision, SideVision ja Raymarine RealVision\u2122 3D sonari t\u00e4psuse j\u00e4rgmisele tasemele, andes teile v\u00f5imaluse n\u00e4ha struktuure, taimestikku ja kalu fotolikult selgelt. Element pakub ka v\u00f5imsat kvadratuurse protsessoriga s\u00fcsteemi, mis v\u00f5imaldab kiiret kaardi v\u00e4rskendust, kiiret reageerimist ja sujuvat 3D-imagelist kuvamist.<\/p>\n<h3 data-start=\"574\" data-end=\"595\">Peamised omadused<\/h3>\n<ol data-start=\"597\" data-end=\"1968\">\n<li data-start=\"597\" data-end=\"713\">\n<p data-start=\"600\" data-end=\"620\"><strong data-start=\"600\" data-end=\"619\">Ekraani valikud<\/strong>:<\/p>\n<ul data-start=\"624\" data-end=\"713\">\n<li data-start=\"624\" data-end=\"713\">7&#8243;, 9&#8243; ja 12&#8243; p\u00e4ikesekaitsega ekraanid, tagades hea n\u00e4htavuse ka eredates valgusoludes.<\/li>\n<\/ul>\n<\/li>\n<li data-start=\"715\" data-end=\"1023\">\n<p data-start=\"718\" data-end=\"738\"><strong data-start=\"718\" data-end=\"737\">Sonari omadused<\/strong>:<\/p>\n<ul data-start=\"742\" data-end=\"1023\">\n<li data-start=\"742\" data-end=\"823\"><strong data-start=\"744\" data-end=\"778\">HyperVision\u2122 CHIRP tehnoloogia<\/strong> pakub erakordset k\u00f5rglahutussonari kuvamist.<\/li>\n<li data-start=\"827\" data-end=\"929\">Sisseehitatud <strong data-start=\"843\" data-end=\"867\">RealVision\u2122 3D sonar<\/strong> t\u00e4pseks allveestructuuride, taimestiku ja kalade m\u00e4\u00e4ramiseks.<\/li>\n<li data-start=\"933\" data-end=\"1023\"><strong data-start=\"935\" data-end=\"969\">Kiire kvadratuurse protsessori<\/strong> abil sujuv ja kiire kaardi v\u00e4rskendus ja 3D kuvamine.<\/li>\n<\/ul>\n<\/li>\n<li data-start=\"1025\" data-end=\"1224\">\n<p data-start=\"1028\" data-end=\"1054\"><strong data-start=\"1028\" data-end=\"1053\">Transduktori omadused<\/strong>:<\/p>\n<ul data-start=\"1058\" data-end=\"1224\">\n<li data-start=\"1058\" data-end=\"1224\"><strong data-start=\"1060\" data-end=\"1093\">HV-100 k\u00f5ik-\u00fches transd\u00fcktori<\/strong> lahendus, mis \u00fchendab mitu sonari kanalit (Hyper, Down, Side, RealVision ja traditsiooniline CHIRP sonar) lihtsa paigalduse jaoks.<\/li>\n<\/ul>\n<\/li>\n<li data-start=\"1226\" data-end=\"1569\">\n<p data-start=\"1229\" data-end=\"1264\"><strong data-start=\"1229\" data-end=\"1263\">Kaardistamine ja navigeerimine<\/strong>:<\/p>\n<ul data-start=\"1268\" data-end=\"1569\">\n<li data-start=\"1268\" data-end=\"1357\"><strong data-start=\"1270\" data-end=\"1284\">RealBathy\u2122<\/strong>: Kohandatud bath\u00fcmeetrilised kaardid reaalajas, 1 jalga s\u00fcgavusjoontega.<\/li>\n<li data-start=\"1361\" data-end=\"1471\">Tugi <strong data-start=\"1368\" data-end=\"1396\">Raymarine LightHouse NC2<\/strong>, <strong data-start=\"1398\" data-end=\"1411\">Navionics<\/strong>, <strong data-start=\"1413\" data-end=\"1422\">C-MAP<\/strong> ja teiste piirkondlike kaardistamisv\u00f5imalustega.<\/li>\n<li data-start=\"1475\" data-end=\"1569\"><strong data-start=\"1477\" data-end=\"1508\">Kasutaja m\u00e4\u00e4ratavad klahvid<\/strong> kiireks ligip\u00e4\u00e4suks sagedamini kasutatavatele seadistustele.<\/li>\n<\/ul>\n<\/li>\n<li data-start=\"1571\" data-end=\"1833\">\n<p data-start=\"1574\" data-end=\"1608\"><strong data-start=\"1574\" data-end=\"1607\">T\u00e4iendavad sonaritehnoloogiad<\/strong>:<\/p>\n<ul data-start=\"1612\" data-end=\"1833\">\n<li data-start=\"1612\" data-end=\"1737\">1,2 MHz <strong data-start=\"1622\" data-end=\"1643\">HyperVision sonar<\/strong> pakub k\u00f5rglahutuslikku kuvamist, ulatudes kuni 125 jalga DownVision ja SideVision re\u017eiimides.<\/li>\n<li data-start=\"1741\" data-end=\"1833\"><strong data-start=\"1743\" data-end=\"1761\">RealVision\u2122 3D<\/strong> re\u017eiim lisab t\u00e4iendava t\u00e4psuse ja positsioneerimise teadlikkuse taseme.<\/li>\n<\/ul>\n<\/li>\n<li data-start=\"1835\" data-end=\"1968\">\n<p data-start=\"1838\" data-end=\"1858\"><strong data-start=\"1838\" data-end=\"1857\">V\u00f5rgustiku tugi<\/strong>:<\/p>\n<ul data-start=\"1862\" data-end=\"1968\">\n<li data-start=\"1862\" data-end=\"1968\"><strong data-start=\"1864\" data-end=\"1886\">NMEA2000 \u00fchilduvus<\/strong> VHF raadiosaatjate, mootoriandurite ja teiste laevanduss\u00fcsteemidega \u00fchendamiseks.<\/li>\n<\/ul>\n<\/li>\n<\/ol>\n<h3 data-start=\"1970\" data-end=\"1993\">T\u00e4iendavad omadused<\/h3>\n<ul data-start=\"1994\" data-end=\"2383\">\n<li data-start=\"1994\" data-end=\"2138\"><strong data-start=\"1996\" data-end=\"2019\">LightHouse Sport OS<\/strong>: Optimeeritud operatsioonis\u00fcsteem, mis sisaldab kalap\u00fc\u00fcgi, kruiisimise ja muude tegevuste jaoks ettevalmistatud lehti.<\/li>\n<li data-start=\"2139\" data-end=\"2267\"><strong data-start=\"2141\" data-end=\"2176\">Waypointe ja marsuudi haldamine<\/strong>: Kuni 10 000 waypointe, 150 marsuudid ja 15 rada, millel on kuni 10 000 punkti igal rajal.<\/li>\n<li data-start=\"2268\" data-end=\"2383\"><strong data-start=\"2270\" data-end=\"2289\">Radarite toetus<\/strong>: Tugi <strong data-start=\"2296\" data-end=\"2323\">Raymarine Quantum Radar<\/strong> s\u00fcsteemidele, mis tagab t\u00e4iendava t\u00e4psuse ja navigeerimise.<\/li>\n<\/ul>\n<h3 data-start=\"2385\" data-end=\"2418\">Tehnilised spetsifikatsioonid<\/h3>\n<ul data-start=\"2419\" data-end=\"2833\">\n<li data-start=\"2419\" data-end=\"2492\"><strong data-start=\"2421\" data-end=\"2431\">Ekraan<\/strong>: Optiliselt \u00fchendatud 12&#8243; LCD, 1280 x 800 WXGA resolutsioon.<\/li>\n<li data-start=\"2493\" data-end=\"2719\"><strong data-start=\"2495\" data-end=\"2513\">Sonari s\u00fcgavus<\/strong>:\n<ul data-start=\"2517\" data-end=\"2719\">\n<li data-start=\"2517\" data-end=\"2550\"><strong data-start=\"2519\" data-end=\"2534\">CHIRP sonar<\/strong> s\u00fcgavus: 900ft.<\/li>\n<li data-start=\"2553\" data-end=\"2606\"><strong data-start=\"2555\" data-end=\"2569\">DownVision<\/strong> (Tavaline): 600ft, <strong data-start=\"2589\" data-end=\"2598\">Hyper<\/strong>: 100ft.<\/li>\n<li data-start=\"2609\" data-end=\"2662\"><strong data-start=\"2611\" data-end=\"2625\">SideVision<\/strong> (Tavaline): 300ft, <strong data-start=\"2645\" data-end=\"2654\">Hyper<\/strong>: 100ft.<\/li>\n<li data-start=\"2665\" data-end=\"2719\"><strong data-start=\"2667\" data-end=\"2685\">RealVision\u2122 3D<\/strong>: 300ft (Tavaline), 100ft (Hyper).<\/li>\n<\/ul>\n<\/li>\n<li data-start=\"2720\" data-end=\"2775\"><strong data-start=\"2722\" data-end=\"2733\">V\u00f5imsus<\/strong>: Maksimaalne energiatarve 25W 12V juures.<\/li>\n<li data-start=\"2776\" data-end=\"2833\"><strong data-start=\"2778\" data-end=\"2791\">\u00dchenduvus<\/strong>: Wi-Fi, Bluetooth 4.0, NMEA2000, SeaTalk.<\/li>\n<\/ul>\n<p data-start=\"2835\" data-end=\"2957\" data-is-last-node=\"\">See toode on ideaalne valik neile, kes vajavad usaldusv\u00e4\u00e4rset ja t\u00e4pset t\u00f6\u00f6riista kalap\u00fc\u00fcgiks ja veekogul navigeerimiseks.<\/p>","protected":false},"excerpt":{"rendered":"<p>Element seeria l\u00e4heb tootmisest maha. Saadaval on viimased erihinnaga mudelid 12&#8243; k\u00f5ik \u00fches ELEMENT HV kaardiplotter-kalaleidja koos HV-100 HyperVision 3D ahtrianduriga. Element seeria on varustatud p\u00e4ikese k\u00e4es h\u00e4sti n\u00e4htava mitte puutetundliku ekraaniga. Seadmel on ka eesti- ja venekeelne men\u00fc\u00fc. Kiireks ligip\u00e4\u00e4suks oma lemmiktoimingutele on seadme esipaneelil lisaks muudele ka kolm vastavalt oma soovile seadistatavat kiirnuppu. Seadmesse on integreeritud 10Hz GLONASS GPS, Bluetooth, WiFi ja (200 kHz\/350kHz\/1,2 MHz) HyperVision 3D sonar. Element seerial on ka NMEA200 liides. Quantum radari saab lisada WiFi liidese kaudu. Tarkvara on Axiom seeriast tuttava \u00fclesehitusega LightHouse 3-e modifikatsioon mis kannab nime Raymarine LightHouse 3 Sport. Element seeria seadmetes saab kasutada Raymarine LightHouse NC2, Navionics, C-MAP Essentials ja C-MAP 4D MAX+ elektroonilisi merekaarte. Lisavarustusena on saadaval ka j\u00e4\u00e4kalastuskomplekt.<\/p>","protected":false},"featured_media":7625,"template":"","meta":{"_acf_changed":false},"product_brand":[134],"product_cat":[77,18,54,343,103,60],"product_tag":[],"class_list":{"0":"post-6385","1":"product","2":"type-product","3":"status-publish","4":"has-post-thumbnail","6":"product_brand-raymarine","7":"product_cat-raymarine-kaardiplotter-kalaleidja","8":"product_cat-axiom-axiom2-kaardiplotter-axiom2-pro","9":"product_cat-kalaleidjad","10":"product_cat-kampaaniad","11":"product_cat-raymarine","12":"product_cat-element","14":"first","15":"instock","16":"sale","17":"taxable","18":"shipping-taxable","19":"purchasable","20":"product-type-simple"},"acf":[],"yoast_head":"<!-- This site is optimized with the Yoast SEO Premium plugin v27.5 (Yoast SEO v27.5) - https:\/\/yoast.com\/product\/yoast-seo-premium-wordpress\/ -->\n<title>Element 12 HV: K\u00f5rgtehnoloogia kalastajatele - NavSystems<\/title>\n<meta name=\"description\" content=\"Kasutage Element 12 HV eeliseid, et n\u00e4ha kalu ja struktuure kinla selgusega! Nautige v\u00f5imsat ja sujuvat 3D-pilti. Osta juba t\u00e4na!\" \/>\n<meta name=\"robots\" content=\"index, follow, max-snippet:-1, max-image-preview:large, max-video-preview:-1\" \/>\n<link rel=\"canonical\" href=\"https:\/\/raymarine.ee\/en\/product\/element-12-hv-12-chart-plotter-with-chirp-sonar-hypervision-wi-fi-gps-hv-100-02-transducer-no-chart\/\" \/>\n<meta property=\"og:locale\" content=\"en_GB\" \/>\n<meta property=\"og:type\" content=\"article\" \/>\n<meta property=\"og:title\" content=\"Element 12 HV - 12\u201d Chart Plotter with CHIRP Sonar, HyperVision, Wi-Fi, GPS, HV-100.02 transducer, No Chart\" \/>\n<meta property=\"og:description\" content=\"Kasutage Element 12 HV eeliseid, et n\u00e4ha kalu ja struktuure kinla selgusega! Nautige v\u00f5imsat ja sujuvat 3D-pilti. Osta juba t\u00e4na!\" \/>\n<meta property=\"og:url\" content=\"https:\/\/raymarine.ee\/en\/product\/element-12-hv-12-chart-plotter-with-chirp-sonar-hypervision-wi-fi-gps-hv-100-02-transducer-no-chart\/\" \/>\n<meta property=\"og:site_name\" content=\"NavSystems\" \/>\n<meta property=\"article:publisher\" content=\"https:\/\/www.facebook.com\/NavSystems\" \/>\n<meta property=\"article:modified_time\" content=\"2026-04-10T09:17:37+00:00\" \/>\n<meta property=\"og:image\" content=\"https:\/\/raymarine.ee\/wp-content\/uploads\/2025\/01\/ea3153f6-0493-40f4-947d-7b333a0f7576.webp\" \/>\n\t<meta property=\"og:image:width\" content=\"1024\" \/>\n\t<meta property=\"og:image:height\" content=\"1024\" \/>\n\t<meta property=\"og:image:type\" content=\"image\/webp\" \/>\n<meta name=\"twitter:card\" content=\"summary_large_image\" \/>\n<meta name=\"twitter:label1\" content=\"Price\" \/>\n\t<meta name=\"twitter:data1\" content=\"1 099,00&nbsp;&euro;\" \/>\n\t<meta name=\"twitter:label2\" content=\"Availability\" \/>\n\t<meta name=\"twitter:data2\" content=\"In stock\" \/>\n<script type=\"application\/ld+json\" class=\"yoast-schema-graph\">{\"@context\":\"https:\\\/\\\/schema.org\",\"@graph\":[{\"@type\":\"WebPage\",\"@id\":\"https:\\\/\\\/raymarine.ee\\\/product\\\/element-12-hv-12-chart-plotter-with-chirp-sonar-hypervision-wi-fi-gps-hv-100-02-transducer-no-chart\\\/\",\"url\":\"https:\\\/\\\/raymarine.ee\\\/product\\\/element-12-hv-12-chart-plotter-with-chirp-sonar-hypervision-wi-fi-gps-hv-100-02-transducer-no-chart\\\/\",\"name\":\"Element 12 HV: K\u00f5rgtehnoloogia kalastajatele - NavSystems\",\"isPartOf\":{\"@id\":\"https:\\\/\\\/raymarine.ee\\\/#website\"},\"primaryImageOfPage\":{\"@id\":\"https:\\\/\\\/raymarine.ee\\\/product\\\/element-12-hv-12-chart-plotter-with-chirp-sonar-hypervision-wi-fi-gps-hv-100-02-transducer-no-chart\\\/#primaryimage\"},\"image\":{\"@id\":\"https:\\\/\\\/raymarine.ee\\\/product\\\/element-12-hv-12-chart-plotter-with-chirp-sonar-hypervision-wi-fi-gps-hv-100-02-transducer-no-chart\\\/#primaryimage\"},\"thumbnailUrl\":\"https:\\\/\\\/raymarine.ee\\\/wp-content\\\/uploads\\\/2025\\\/01\\\/ea3153f6-0493-40f4-947d-7b333a0f7576.webp\",\"datePublished\":\"2025-01-14T18:35:37+00:00\",\"dateModified\":\"2026-04-10T09:17:37+00:00\",\"description\":\"Kasutage Element 12 HV eeliseid, et n\u00e4ha kalu ja struktuure kinla selgusega! Nautige v\u00f5imsat ja sujuvat 3D-pilti. Osta juba t\u00e4na!\",\"breadcrumb\":{\"@id\":\"https:\\\/\\\/raymarine.ee\\\/product\\\/element-12-hv-12-chart-plotter-with-chirp-sonar-hypervision-wi-fi-gps-hv-100-02-transducer-no-chart\\\/#breadcrumb\"},\"inLanguage\":\"en-GB\",\"potentialAction\":[{\"@type\":\"ReadAction\",\"target\":[\"https:\\\/\\\/raymarine.ee\\\/product\\\/element-12-hv-12-chart-plotter-with-chirp-sonar-hypervision-wi-fi-gps-hv-100-02-transducer-no-chart\\\/\"]}]},{\"@type\":\"ImageObject\",\"inLanguage\":\"en-GB\",\"@id\":\"https:\\\/\\\/raymarine.ee\\\/product\\\/element-12-hv-12-chart-plotter-with-chirp-sonar-hypervision-wi-fi-gps-hv-100-02-transducer-no-chart\\\/#primaryimage\",\"url\":\"https:\\\/\\\/raymarine.ee\\\/wp-content\\\/uploads\\\/2025\\\/01\\\/ea3153f6-0493-40f4-947d-7b333a0f7576.webp\",\"contentUrl\":\"https:\\\/\\\/raymarine.ee\\\/wp-content\\\/uploads\\\/2025\\\/01\\\/ea3153f6-0493-40f4-947d-7b333a0f7576.webp\",\"width\":1024,\"height\":1024},{\"@type\":\"BreadcrumbList\",\"@id\":\"https:\\\/\\\/raymarine.ee\\\/product\\\/element-12-hv-12-chart-plotter-with-chirp-sonar-hypervision-wi-fi-gps-hv-100-02-transducer-no-chart\\\/#breadcrumb\",\"itemListElement\":[{\"@type\":\"ListItem\",\"position\":1,\"name\":\"Home\",\"item\":\"https:\\\/\\\/raymarine.ee\\\/\"},{\"@type\":\"ListItem\",\"position\":2,\"name\":\"Tooted\",\"item\":\"https:\\\/\\\/raymarine.ee\\\/shop\\\/\"},{\"@type\":\"ListItem\",\"position\":3,\"name\":\"Element 12 HV &#8211; 12\u201d Chart Plotter with CHIRP Sonar, HyperVision, Wi-Fi, GPS, HV-100.02 transducer, No Chart\"}]},{\"@type\":\"WebSite\",\"@id\":\"https:\\\/\\\/raymarine.ee\\\/#website\",\"url\":\"https:\\\/\\\/raymarine.ee\\\/\",\"name\":\"www.raymarine.ee\",\"description\":\"Mereelektroonika, kaardiplotter, autopiloot, pinnipiloot, roolipiloot, radar, AIS, VHF, Smart Wind\",\"publisher\":{\"@id\":\"https:\\\/\\\/raymarine.ee\\\/#organization\"},\"alternateName\":\"Raymarine\",\"potentialAction\":[{\"@type\":\"SearchAction\",\"target\":{\"@type\":\"EntryPoint\",\"urlTemplate\":\"https:\\\/\\\/raymarine.ee\\\/?s={search_term_string}\"},\"query-input\":{\"@type\":\"PropertyValueSpecification\",\"valueRequired\":true,\"valueName\":\"search_term_string\"}}],\"inLanguage\":\"en-GB\"},{\"@type\":\"Organization\",\"@id\":\"https:\\\/\\\/raymarine.ee\\\/#organization\",\"name\":\"NavSystems O\u00dc\",\"url\":\"https:\\\/\\\/raymarine.ee\\\/\",\"logo\":{\"@type\":\"ImageObject\",\"inLanguage\":\"en-GB\",\"@id\":\"https:\\\/\\\/raymarine.ee\\\/#\\\/schema\\\/logo\\\/image\\\/\",\"url\":\"https:\\\/\\\/raymarine.ee\\\/wp-content\\\/uploads\\\/2024\\\/10\\\/Screenshot-2024-10-15-151324_bg_removed.webp\",\"contentUrl\":\"https:\\\/\\\/raymarine.ee\\\/wp-content\\\/uploads\\\/2024\\\/10\\\/Screenshot-2024-10-15-151324_bg_removed.webp\",\"width\":420,\"height\":276,\"caption\":\"NavSystems O\u00dc\"},\"image\":{\"@id\":\"https:\\\/\\\/raymarine.ee\\\/#\\\/schema\\\/logo\\\/image\\\/\"},\"sameAs\":[\"https:\\\/\\\/www.facebook.com\\\/NavSystems\"],\"legalName\":\"NavSystems O\u00dc\",\"foundingDate\":\"2011-05-03\",\"numberOfEmployees\":{\"@type\":\"QuantitativeValue\",\"minValue\":\"1\",\"maxValue\":\"10\"}}]}<\/script>\n<meta property=\"product:price:amount\" content=\"1099.00\" \/>\n<meta property=\"product:price:currency\" content=\"EUR\" \/>\n<meta property=\"og:availability\" content=\"instock\" \/>\n<meta property=\"product:availability\" content=\"instock\" \/>\n<meta property=\"product:retailer_item_id\" content=\"E70646-05\" \/>\n<meta property=\"product:condition\" content=\"new\" \/>\n<!-- \/ Yoast SEO Premium plugin. -->","yoast_head_json":{"title":"Element 12 HV: K\u00f5rgtehnoloogia kalastajatele - NavSystems","description":"Kasutage Element 12 HV eeliseid, et n\u00e4ha kalu ja struktuure kinla selgusega! Nautige v\u00f5imsat ja sujuvat 3D-pilti. Osta juba t\u00e4na!","robots":{"index":"index","follow":"follow","max-snippet":"max-snippet:-1","max-image-preview":"max-image-preview:large","max-video-preview":"max-video-preview:-1"},"canonical":"https:\/\/raymarine.ee\/en\/product\/element-12-hv-12-chart-plotter-with-chirp-sonar-hypervision-wi-fi-gps-hv-100-02-transducer-no-chart\/","og_locale":"en_GB","og_type":"article","og_title":"Element 12 HV - 12\u201d Chart Plotter with CHIRP Sonar, HyperVision, Wi-Fi, GPS, HV-100.02 transducer, No Chart","og_description":"Kasutage Element 12 HV eeliseid, et n\u00e4ha kalu ja struktuure kinla selgusega! Nautige v\u00f5imsat ja sujuvat 3D-pilti. Osta juba t\u00e4na!","og_url":"https:\/\/raymarine.ee\/en\/product\/element-12-hv-12-chart-plotter-with-chirp-sonar-hypervision-wi-fi-gps-hv-100-02-transducer-no-chart\/","og_site_name":"NavSystems","article_publisher":"https:\/\/www.facebook.com\/NavSystems","article_modified_time":"2026-04-10T09:17:37+00:00","og_image":[{"width":1024,"height":1024,"url":"https:\/\/raymarine.ee\/wp-content\/uploads\/2025\/01\/ea3153f6-0493-40f4-947d-7b333a0f7576.webp","type":"image\/webp"}],"twitter_card":"summary_large_image","twitter_misc":{"Price":"1 099,00&nbsp;&euro;","Availability":"In stock"},"schema":{"@context":"https:\/\/schema.org","@graph":[{"@type":"WebPage","@id":"https:\/\/raymarine.ee\/product\/element-12-hv-12-chart-plotter-with-chirp-sonar-hypervision-wi-fi-gps-hv-100-02-transducer-no-chart\/","url":"https:\/\/raymarine.ee\/product\/element-12-hv-12-chart-plotter-with-chirp-sonar-hypervision-wi-fi-gps-hv-100-02-transducer-no-chart\/","name":"Element 12 HV: K\u00f5rgtehnoloogia kalastajatele - NavSystems","isPartOf":{"@id":"https:\/\/raymarine.ee\/#website"},"primaryImageOfPage":{"@id":"https:\/\/raymarine.ee\/product\/element-12-hv-12-chart-plotter-with-chirp-sonar-hypervision-wi-fi-gps-hv-100-02-transducer-no-chart\/#primaryimage"},"image":{"@id":"https:\/\/raymarine.ee\/product\/element-12-hv-12-chart-plotter-with-chirp-sonar-hypervision-wi-fi-gps-hv-100-02-transducer-no-chart\/#primaryimage"},"thumbnailUrl":"https:\/\/raymarine.ee\/wp-content\/uploads\/2025\/01\/ea3153f6-0493-40f4-947d-7b333a0f7576.webp","datePublished":"2025-01-14T18:35:37+00:00","dateModified":"2026-04-10T09:17:37+00:00","description":"Kasutage Element 12 HV eeliseid, et n\u00e4ha kalu ja struktuure kinla selgusega! Nautige v\u00f5imsat ja sujuvat 3D-pilti. Osta juba t\u00e4na!","breadcrumb":{"@id":"https:\/\/raymarine.ee\/product\/element-12-hv-12-chart-plotter-with-chirp-sonar-hypervision-wi-fi-gps-hv-100-02-transducer-no-chart\/#breadcrumb"},"inLanguage":"en-GB","potentialAction":[{"@type":"ReadAction","target":["https:\/\/raymarine.ee\/product\/element-12-hv-12-chart-plotter-with-chirp-sonar-hypervision-wi-fi-gps-hv-100-02-transducer-no-chart\/"]}]},{"@type":"ImageObject","inLanguage":"en-GB","@id":"https:\/\/raymarine.ee\/product\/element-12-hv-12-chart-plotter-with-chirp-sonar-hypervision-wi-fi-gps-hv-100-02-transducer-no-chart\/#primaryimage","url":"https:\/\/raymarine.ee\/wp-content\/uploads\/2025\/01\/ea3153f6-0493-40f4-947d-7b333a0f7576.webp","contentUrl":"https:\/\/raymarine.ee\/wp-content\/uploads\/2025\/01\/ea3153f6-0493-40f4-947d-7b333a0f7576.webp","width":1024,"height":1024},{"@type":"BreadcrumbList","@id":"https:\/\/raymarine.ee\/product\/element-12-hv-12-chart-plotter-with-chirp-sonar-hypervision-wi-fi-gps-hv-100-02-transducer-no-chart\/#breadcrumb","itemListElement":[{"@type":"ListItem","position":1,"name":"Home","item":"https:\/\/raymarine.ee\/"},{"@type":"ListItem","position":2,"name":"Tooted","item":"https:\/\/raymarine.ee\/shop\/"},{"@type":"ListItem","position":3,"name":"Element 12 HV &#8211; 12\u201d Chart Plotter with CHIRP Sonar, HyperVision, Wi-Fi, GPS, HV-100.02 transducer, No Chart"}]},{"@type":"WebSite","@id":"https:\/\/raymarine.ee\/#website","url":"https:\/\/raymarine.ee\/","name":"www.raymarine.ee","description":"Mereelektroonika, kaardiplotter, autopiloot, pinnipiloot, roolipiloot, radar, AIS, VHF, Smart Wind","publisher":{"@id":"https:\/\/raymarine.ee\/#organization"},"alternateName":"Raymarine","potentialAction":[{"@type":"SearchAction","target":{"@type":"EntryPoint","urlTemplate":"https:\/\/raymarine.ee\/?s={search_term_string}"},"query-input":{"@type":"PropertyValueSpecification","valueRequired":true,"valueName":"search_term_string"}}],"inLanguage":"en-GB"},{"@type":"Organization","@id":"https:\/\/raymarine.ee\/#organization","name":"NavSystems O\u00dc","url":"https:\/\/raymarine.ee\/","logo":{"@type":"ImageObject","inLanguage":"en-GB","@id":"https:\/\/raymarine.ee\/#\/schema\/logo\/image\/","url":"https:\/\/raymarine.ee\/wp-content\/uploads\/2024\/10\/Screenshot-2024-10-15-151324_bg_removed.webp","contentUrl":"https:\/\/raymarine.ee\/wp-content\/uploads\/2024\/10\/Screenshot-2024-10-15-151324_bg_removed.webp","width":420,"height":276,"caption":"NavSystems O\u00dc"},"image":{"@id":"https:\/\/raymarine.ee\/#\/schema\/logo\/image\/"},"sameAs":["https:\/\/www.facebook.com\/NavSystems"],"legalName":"NavSystems O\u00dc","foundingDate":"2011-05-03","numberOfEmployees":{"@type":"QuantitativeValue","minValue":"1","maxValue":"10"}}]},"product_price_amount":"1099.00","product_price_currency":"EUR","og_availability":"instock","product_availability":"instock","product_retailer_item_id":"E70646-05","product_condition":"new"},"jetpack_sharing_enabled":true,"_links":{"self":[{"href":"https:\/\/raymarine.ee\/en\/wp-json\/wp\/v2\/product\/6385","targetHints":{"allow":["GET"]}}],"collection":[{"href":"https:\/\/raymarine.ee\/en\/wp-json\/wp\/v2\/product"}],"about":[{"href":"https:\/\/raymarine.ee\/en\/wp-json\/wp\/v2\/types\/product"}],"wp:featuredmedia":[{"embeddable":true,"href":"https:\/\/raymarine.ee\/en\/wp-json\/wp\/v2\/media\/7625"}],"wp:attachment":[{"href":"https:\/\/raymarine.ee\/en\/wp-json\/wp\/v2\/media?parent=6385"}],"wp:term":[{"taxonomy":"product_brand","embeddable":true,"href":"https:\/\/raymarine.ee\/en\/wp-json\/wp\/v2\/product_brand?post=6385"},{"taxonomy":"product_cat","embeddable":true,"href":"https:\/\/raymarine.ee\/en\/wp-json\/wp\/v2\/product_cat?post=6385"},{"taxonomy":"product_tag","embeddable":true,"href":"https:\/\/raymarine.ee\/en\/wp-json\/wp\/v2\/product_tag?post=6385"}],"curies":[{"name":"wp","href":"https:\/\/api.w.org\/{rel}","templated":true}]}}