{"id":6386,"date":"2025-01-14T18:31:40","date_gmt":"2025-01-14T18:31:40","guid":{"rendered":"https:\/\/raymarine.ee\/?post_type=product&#038;p=6386"},"modified":"2026-04-09T18:33:27","modified_gmt":"2026-04-09T15:33:27","slug":"raymarine-element-sonar-gps-seeria","status":"publish","type":"product","link":"https:\/\/raymarine.ee\/en\/product\/raymarine-element-sonar-gps-seeria\/","title":{"rendered":"Element 7 HV &#8211; 7&#8243; Chart Plotter with CHIRP Sonar, HyperVision, Wi-Fi &#038; GPS, No Chart &#038; No Transducer"},"content":{"rendered":"<h3>Raymarine Element seeria kaardiplotterid ja kalaleidjad<\/h3>\n<p><strong>Element\u2122 CHIRP sonar\/GPS seeria<\/strong> Raymarine&#8217;ilt pakub teadmist, mis muudab vee peal tegutsemise veelgi t\u00e4psemaks ja teadlikumaks. Selle seeria tooted on m\u00f5eldud kalastajatele, kes tahavad olla m\u00e4ngust samm ees. <strong>Element<\/strong> toob veealuse maailma \u00e4\u00e4rmiselt detailselt esile t\u00e4nu HyperVision\u2122 1,2 megahertsi \u00fcliresolutsiooniga sonari tehnoloogiale. HyperVision muudab DownVisioni, SideVisioni ja Raymarine&#8217;i RealVision 3D sonari veel t\u00e4psemaks, pakkudes fotorealistlikku pildi kvaliteeti, et n\u00e4ha struktuure, taimestikku ja kalu. Elementi sisseehitatud neljatuumaline protsessor tagab kiire kaardipildi v\u00e4rskendamise ja sujuva 3D-pildi kuvamise.<\/p>\n<p>Kalastajale m\u00f5eldud liides ja suurem waypointi nupp aitavad fokusseerida t\u00e4helepanu kalale, mitte roolimisele. Element sisaldab ka <strong>RealBathy\u2122<\/strong> isikliku s\u00fcvakaardistaja funktsiooni, et luua oma k\u00f5rglahutusega s\u00fcvakaarte reaalajas.<\/p>\n<h4>Peamised omadused:<\/h4>\n<ul>\n<li><strong>K\u00f5rge n\u00e4htavusega, p\u00e4ikese k\u00e4es loetavad ekraanid<\/strong>: 7\u201d, 9\u201d ja 12\u201d suurused ekraanid.<\/li>\n<li><strong>HyperVision\u2122 CHIRP tehnoloogia<\/strong>: \u00dclieresolutsiooniga sonari piltide kuvamine.<\/li>\n<li><strong>Sisseehitatud RealVision\u2122 3D sonar<\/strong>: T\u00e4pne v\u00f5imekus tuvastada ja lokaliseerida erinevaid veealuseid struktuure.<\/li>\n<li><strong>Kompaktne HV-100 k\u00f5ik-\u00fches transdutsioon<\/strong>: \u00dchendab HyperVision, DownVision, SideVision, RealVision ja tavalise CHIRP sonari kanalid lihtsa paigaldamisega.<\/li>\n<li><strong>Kiire neljatuumaline protsessor<\/strong>: Tagab kohese kaardi v\u00e4rskendamise ja sujuva 3D-piltide kuvamise, kasutades lihtsat ja kergesti \u00f5pitavat liidest.<\/li>\n<li><strong>1,2 MHz HyperVision sonar<\/strong>: Pakub suurep\u00e4rast resolutsiooni kuni 100&#8242; kaugusele, samas kui 350 kHz Down ja SideVision pakuvad fotorealistlikku pilti kuni 600&#8242; kaugusele.<\/li>\n<\/ul>\n<h4>T\u00e4iendavad omadused:<\/h4>\n<ul>\n<li><strong>3D sonar HyperVision re\u017eiimis<\/strong>: T\u00e4iustatud resolutsioon ja positsioonitundlikkus.<\/li>\n<li><strong>P\u00fchendatud nuppude juhtimine<\/strong>: Lihtne navigeerimine, suurem waypointi nupp lemmikkohtade salvestamiseks.<\/li>\n<li><strong>RealBathy\u2122 isiklik sonarikaardistaja ja Navionics SonarCharts Live tugi<\/strong>: Kasutajale v\u00f5imalus luua oma s\u00fcvakaarte.<\/li>\n<li><strong>Kohandatavad nupud<\/strong>: Kiire ligip\u00e4\u00e4s k\u00f5ige enam kasutatavatele seadistustele.<\/li>\n<li><strong>Toetab Raymarine LightHouse NC2, Navionics, C-MAP ja muid piirkondlikke kaardistamisv\u00f5imalusi<\/strong>.<\/li>\n<li><strong>NMEA2000 v\u00f5rgu\u00fchendus<\/strong>: Integreerige VHF, mootorite, paakide ja suunaandurite andmed.<\/li>\n<\/ul>\n<h4>HyperVision Sonari Tehnoloogia:<\/h4>\n<ul>\n<li><strong>1,2 MHz HyperVision\u2122<\/strong>: Pakub erakordset resolutsiooni DownVision ja SideVision re\u017eiimides ulatusega kuni 125 ft.<\/li>\n<li><strong>350 kHz Tavaline imaging<\/strong>: Pakub head resolutsiooni ja ulatust kuni 600 ft s\u00fcgavusele ja 300 ft k\u00fcljele.<\/li>\n<li><strong>200 kHz Traditsiooniline sonar<\/strong>: Kalade m\u00e4rkimiseks ja p\u00f5hja j\u00e4lgimiseks, ulatusega kuni 900 ft.<\/li>\n<\/ul>\n<h4>Alternatiivsed Transdutsioonide T\u00fc\u00fcbid:<\/h4>\n<ul>\n<li>Dragonfly transdutsioonide tugi (adapterkaabli kaudu)<\/li>\n<li>CPT-S\/CPT-DVS transdutsioonide tugi (adapterkaabli kaudu)<\/li>\n<li>MinnKota ja MotorGuide transdutsioonide tugi (adapterkaabli kaudu)<\/li>\n<\/ul>\n<h4>Uus LightHouse Sport OS:<\/h4>\n<ul>\n<li><strong>Tegevusele orienteeritud operatsioonis\u00fcsteem<\/strong>: Optimeeritud nuppude juhtimiseks, intuitiivne ja kiire \u00f5pitav.<\/li>\n<li><strong>Eelkonfigureeritud rakenduse lehed<\/strong>: Kalastamiseks ja s\u00f5iduks nagu viskamine, jigimine, trollimine, jne.<\/li>\n<li><strong>P\u00fchendatud nupud k\u00f5ige tavalisematele toimingutele<\/strong>: Waypointide m\u00e4\u00e4ramine, zoomimine, kauguse muutmine ja kohandatavad rakenduse nuppud.<\/li>\n<li><strong>Sissem\u00e4lu<\/strong>: Kuni 10 000 waypointi (kuni 200 gruppi), 150 marsuudid (kuni 250 waypointi iga\u00fcks), 15 rada (kuni 10 000 punkti iga).<\/li>\n<li><strong>Valguse ja pimeduse v\u00e4rvipaletid<\/strong>: Kohandatav v\u00e4rvilahendus.<\/li>\n<\/ul>\n<h4>RealBathy\u2122 Isiklik Sonari Kaardistaja:<\/h4>\n<ul>\n<li><strong>Reaalajas 1-jala kontuurid<\/strong>: \u00dclekatte l\u00e4bipaistvuse muutmine ja ohutu s\u00fcgavuse v\u00e4rvikoodimine.<\/li>\n<li><strong>MikroSD kaardi tugi<\/strong>: RealBathy t\u00f6\u00f6tab k\u00f5igi Element toodetega, kuid vajab microSD kaarti, millel on vaba ruumi.<\/li>\n<\/ul>\n<h4>Raymarine Quantum Radar:<\/h4>\n<ul>\n<li><strong>Quantum radar antenn<\/strong>: Saab \u00fchendada ELEMENT-S seadmega WiFi liidese kaudu. CHIRP radaritehnoloogia pakub teravat pildikvaliteeti nii l\u00fchikese kui pika vahemaa jaoks.<\/li>\n<\/ul>\n<h4>Tehnilised Spetsifikatsioonid:<\/h4>\n<ul>\n<li><strong>Ekraani suurus<\/strong>: 7,0&#8243; optiliselt liimitud LCD<\/li>\n<li><strong>Ekraani eraldusv\u00f5ime<\/strong>: 800 x 480 WVGA<\/li>\n<li><strong>Heledus<\/strong>: 1500 nits<\/li>\n<li><strong>Karmus<\/strong>: P\u00e4ikese k\u00e4es n\u00e4htav ja veekindel<\/li>\n<li><strong>T\u00f6\u00f6temperatuuri vahemik<\/strong>: -25\u00b0C kuni +55\u00b0C<\/li>\n<li><strong>Sisend \/ v\u00e4ljund<\/strong>: NMEA2000, SeaTalkng, WiFi, Bluetooth 4.0 + madal energia<\/li>\n<li><strong>GNSS \/ GPS<\/strong>: Sisseehitatud GNSS vastuv\u00f5tja: GPS \/ GLONASS- 10Hz<\/li>\n<\/ul>\n<p>Raymarine Element toob kalastajatele t\u00e4psuse, usaldusv\u00e4\u00e4rsuse ja uuenduslikkuse, et teha teadlikke valikuid ja j\u00f5uda oma eesm\u00e4rkideni veekogul.<\/p>","protected":false},"excerpt":{"rendered":"<p><span style=\"color: #ff9900;\"><strong>Element seeria l\u00e4heb tootmisest maha ja juurde tellida ei saa!<\/strong>\u00a0<\/span><\/p>\n<p>7&#8243; k\u00f5ik \u00fches ELEMENT HV kaardiplotter-kalaleidja ilma ahtriandurita. Element seeria on varustatud p\u00e4ikese k\u00e4es h\u00e4sti n\u00e4htava mitte puutetundliku ekraaniga. Kiireks ligip\u00e4\u00e4suks oma lemmiktoimingutele on seadme esipaneelil lisaks muudele ka kolm vastavalt oma soovile seadistatavat kiirnuppu. Seadmel on ka eesti- ja venekeelne men\u00fc\u00fc, integreeritud 10Hz GLONASS GPS, Bluetooth, WiFi ja (200 kHz\/350kHz\/1,2 MHz) HyperVision 3D sonar. Element seerial on ka NMEA200 liides. Quantum radari saab lisada WiFi liidese kaudu. Tarkvara on Axiom seeriast tuttava \u00fclesehitusega LightHouse 3-e modifikatsioon mis kannab nime Raymarine LightHouse 3 Sport. Element seeria seadmetes saab kasutada Raymarine LightHouse NC2, Navionics, C-MAP Essentials ja C-MAP 4D MAX+ elektroonilisi merekaarte. Lisavarustusena on saadaval ka j\u00e4\u00e4kalastuskomplekt.<\/p>","protected":false},"featured_media":7641,"template":"","meta":{"_acf_changed":false},"product_brand":[134],"product_cat":[77,18,54,103,60],"product_tag":[],"class_list":{"0":"post-6386","1":"product","2":"type-product","3":"status-publish","4":"has-post-thumbnail","6":"product_brand-raymarine","7":"product_cat-raymarine-kaardiplotter-kalaleidja","8":"product_cat-axiom-axiom2-kaardiplotter-axiom2-pro","9":"product_cat-kalaleidjad","10":"product_cat-raymarine","11":"product_cat-element","13":"first","14":"outofstock","15":"sale","16":"taxable","17":"shipping-taxable","18":"purchasable","19":"product-type-simple"},"acf":[],"yoast_head":"<!-- This site is optimized with the Yoast SEO Premium plugin v27.5 (Yoast SEO v27.5) - https:\/\/yoast.com\/product\/yoast-seo-premium-wordpress\/ -->\n<title>Element 7 HV: T\u00e4iustatud CHIRP Sonar ja GPS navigaator - NavSystems<\/title>\n<meta name=\"description\" content=\"Avastage veealune maailm Element 7 HV sonaritehnoloogia abil, mis toob esile k\u00f5ik detailid. Saage kalastajate liiga meistriteks!\" \/>\n<meta name=\"robots\" content=\"index, follow, max-snippet:-1, max-image-preview:large, max-video-preview:-1\" \/>\n<link rel=\"canonical\" href=\"https:\/\/raymarine.ee\/en\/product\/raymarine-element-sonar-gps-seeria\/\" \/>\n<meta property=\"og:locale\" content=\"en_GB\" \/>\n<meta property=\"og:type\" content=\"article\" \/>\n<meta property=\"og:title\" content=\"Element 7 HV - 7&quot; Chart Plotter with CHIRP Sonar, HyperVision, Wi-Fi &amp; GPS, No Chart &amp; No Transducer\" \/>\n<meta property=\"og:description\" content=\"Avastage veealune maailm Element 7 HV sonaritehnoloogia abil, mis toob esile k\u00f5ik detailid. Saage kalastajate liiga meistriteks!\" \/>\n<meta property=\"og:url\" content=\"https:\/\/raymarine.ee\/en\/product\/raymarine-element-sonar-gps-seeria\/\" \/>\n<meta property=\"og:site_name\" content=\"NavSystems\" \/>\n<meta property=\"article:publisher\" content=\"https:\/\/www.facebook.com\/NavSystems\" \/>\n<meta property=\"article:modified_time\" content=\"2026-04-09T15:33:27+00:00\" \/>\n<meta property=\"og:image\" content=\"https:\/\/raymarine.ee\/wp-content\/uploads\/2025\/01\/4217ed51-2bbc-4747-a13d-33fe3b6f0738.webp\" \/>\n\t<meta property=\"og:image:width\" content=\"1024\" \/>\n\t<meta property=\"og:image:height\" content=\"1024\" \/>\n\t<meta property=\"og:image:type\" content=\"image\/webp\" \/>\n<meta name=\"twitter:card\" content=\"summary_large_image\" \/>\n<meta name=\"twitter:label1\" content=\"Price\" \/>\n\t<meta name=\"twitter:data1\" content=\"605,00&nbsp;&euro;\" \/>\n\t<meta name=\"twitter:label2\" content=\"Availability\" \/>\n\t<meta name=\"twitter:data2\" content=\"Out of stock\" \/>\n<script type=\"application\/ld+json\" class=\"yoast-schema-graph\">{\"@context\":\"https:\\\/\\\/schema.org\",\"@graph\":[{\"@type\":\"WebPage\",\"@id\":\"https:\\\/\\\/raymarine.ee\\\/product\\\/raymarine-element-sonar-gps-seeria\\\/\",\"url\":\"https:\\\/\\\/raymarine.ee\\\/product\\\/raymarine-element-sonar-gps-seeria\\\/\",\"name\":\"Element 7 HV: T\u00e4iustatud CHIRP Sonar ja GPS navigaator - NavSystems\",\"isPartOf\":{\"@id\":\"https:\\\/\\\/raymarine.ee\\\/#website\"},\"primaryImageOfPage\":{\"@id\":\"https:\\\/\\\/raymarine.ee\\\/product\\\/raymarine-element-sonar-gps-seeria\\\/#primaryimage\"},\"image\":{\"@id\":\"https:\\\/\\\/raymarine.ee\\\/product\\\/raymarine-element-sonar-gps-seeria\\\/#primaryimage\"},\"thumbnailUrl\":\"https:\\\/\\\/raymarine.ee\\\/wp-content\\\/uploads\\\/2025\\\/01\\\/4217ed51-2bbc-4747-a13d-33fe3b6f0738.webp\",\"datePublished\":\"2025-01-14T18:31:40+00:00\",\"dateModified\":\"2026-04-09T15:33:27+00:00\",\"description\":\"Avastage veealune maailm Element 7 HV sonaritehnoloogia abil, mis toob esile k\u00f5ik detailid. Saage kalastajate liiga meistriteks!\",\"breadcrumb\":{\"@id\":\"https:\\\/\\\/raymarine.ee\\\/product\\\/raymarine-element-sonar-gps-seeria\\\/#breadcrumb\"},\"inLanguage\":\"en-GB\",\"potentialAction\":[{\"@type\":\"ReadAction\",\"target\":[\"https:\\\/\\\/raymarine.ee\\\/product\\\/raymarine-element-sonar-gps-seeria\\\/\"]}]},{\"@type\":\"ImageObject\",\"inLanguage\":\"en-GB\",\"@id\":\"https:\\\/\\\/raymarine.ee\\\/product\\\/raymarine-element-sonar-gps-seeria\\\/#primaryimage\",\"url\":\"https:\\\/\\\/raymarine.ee\\\/wp-content\\\/uploads\\\/2025\\\/01\\\/4217ed51-2bbc-4747-a13d-33fe3b6f0738.webp\",\"contentUrl\":\"https:\\\/\\\/raymarine.ee\\\/wp-content\\\/uploads\\\/2025\\\/01\\\/4217ed51-2bbc-4747-a13d-33fe3b6f0738.webp\",\"width\":1024,\"height\":1024},{\"@type\":\"BreadcrumbList\",\"@id\":\"https:\\\/\\\/raymarine.ee\\\/product\\\/raymarine-element-sonar-gps-seeria\\\/#breadcrumb\",\"itemListElement\":[{\"@type\":\"ListItem\",\"position\":1,\"name\":\"Home\",\"item\":\"https:\\\/\\\/raymarine.ee\\\/\"},{\"@type\":\"ListItem\",\"position\":2,\"name\":\"Tooted\",\"item\":\"https:\\\/\\\/raymarine.ee\\\/shop\\\/\"},{\"@type\":\"ListItem\",\"position\":3,\"name\":\"Element 7 HV &#8211; 7&#8243; Chart Plotter with CHIRP Sonar, HyperVision, Wi-Fi &#038; GPS, No Chart &#038; No Transducer\"}]},{\"@type\":\"WebSite\",\"@id\":\"https:\\\/\\\/raymarine.ee\\\/#website\",\"url\":\"https:\\\/\\\/raymarine.ee\\\/\",\"name\":\"www.raymarine.ee\",\"description\":\"Mereelektroonika, kaardiplotter, autopiloot, pinnipiloot, roolipiloot, radar, AIS, VHF, Smart Wind\",\"publisher\":{\"@id\":\"https:\\\/\\\/raymarine.ee\\\/#organization\"},\"alternateName\":\"Raymarine\",\"potentialAction\":[{\"@type\":\"SearchAction\",\"target\":{\"@type\":\"EntryPoint\",\"urlTemplate\":\"https:\\\/\\\/raymarine.ee\\\/?s={search_term_string}\"},\"query-input\":{\"@type\":\"PropertyValueSpecification\",\"valueRequired\":true,\"valueName\":\"search_term_string\"}}],\"inLanguage\":\"en-GB\"},{\"@type\":\"Organization\",\"@id\":\"https:\\\/\\\/raymarine.ee\\\/#organization\",\"name\":\"NavSystems O\u00dc\",\"url\":\"https:\\\/\\\/raymarine.ee\\\/\",\"logo\":{\"@type\":\"ImageObject\",\"inLanguage\":\"en-GB\",\"@id\":\"https:\\\/\\\/raymarine.ee\\\/#\\\/schema\\\/logo\\\/image\\\/\",\"url\":\"https:\\\/\\\/raymarine.ee\\\/wp-content\\\/uploads\\\/2024\\\/10\\\/Screenshot-2024-10-15-151324_bg_removed.webp\",\"contentUrl\":\"https:\\\/\\\/raymarine.ee\\\/wp-content\\\/uploads\\\/2024\\\/10\\\/Screenshot-2024-10-15-151324_bg_removed.webp\",\"width\":420,\"height\":276,\"caption\":\"NavSystems O\u00dc\"},\"image\":{\"@id\":\"https:\\\/\\\/raymarine.ee\\\/#\\\/schema\\\/logo\\\/image\\\/\"},\"sameAs\":[\"https:\\\/\\\/www.facebook.com\\\/NavSystems\"],\"legalName\":\"NavSystems O\u00dc\",\"foundingDate\":\"2011-05-03\",\"numberOfEmployees\":{\"@type\":\"QuantitativeValue\",\"minValue\":\"1\",\"maxValue\":\"10\"}}]}<\/script>\n<meta property=\"product:price:amount\" content=\"605.00\" \/>\n<meta property=\"product:price:currency\" content=\"EUR\" \/>\n<meta property=\"og:availability\" content=\"out of stock\" \/>\n<meta property=\"product:availability\" content=\"out of stock\" \/>\n<meta property=\"product:retailer_item_id\" content=\"E70532\" \/>\n<meta property=\"product:condition\" content=\"new\" \/>\n<!-- \/ Yoast SEO Premium plugin. -->","yoast_head_json":{"title":"Element 7 HV: T\u00e4iustatud CHIRP Sonar ja GPS navigaator - NavSystems","description":"Avastage veealune maailm Element 7 HV sonaritehnoloogia abil, mis toob esile k\u00f5ik detailid. Saage kalastajate liiga meistriteks!","robots":{"index":"index","follow":"follow","max-snippet":"max-snippet:-1","max-image-preview":"max-image-preview:large","max-video-preview":"max-video-preview:-1"},"canonical":"https:\/\/raymarine.ee\/en\/product\/raymarine-element-sonar-gps-seeria\/","og_locale":"en_GB","og_type":"article","og_title":"Element 7 HV - 7\" Chart Plotter with CHIRP Sonar, HyperVision, Wi-Fi & GPS, No Chart & No Transducer","og_description":"Avastage veealune maailm Element 7 HV sonaritehnoloogia abil, mis toob esile k\u00f5ik detailid. Saage kalastajate liiga meistriteks!","og_url":"https:\/\/raymarine.ee\/en\/product\/raymarine-element-sonar-gps-seeria\/","og_site_name":"NavSystems","article_publisher":"https:\/\/www.facebook.com\/NavSystems","article_modified_time":"2026-04-09T15:33:27+00:00","og_image":[{"width":1024,"height":1024,"url":"https:\/\/raymarine.ee\/wp-content\/uploads\/2025\/01\/4217ed51-2bbc-4747-a13d-33fe3b6f0738.webp","type":"image\/webp"}],"twitter_card":"summary_large_image","twitter_misc":{"Price":"605,00&nbsp;&euro;","Availability":"Out of stock"},"schema":{"@context":"https:\/\/schema.org","@graph":[{"@type":"WebPage","@id":"https:\/\/raymarine.ee\/product\/raymarine-element-sonar-gps-seeria\/","url":"https:\/\/raymarine.ee\/product\/raymarine-element-sonar-gps-seeria\/","name":"Element 7 HV: T\u00e4iustatud CHIRP Sonar ja GPS navigaator - NavSystems","isPartOf":{"@id":"https:\/\/raymarine.ee\/#website"},"primaryImageOfPage":{"@id":"https:\/\/raymarine.ee\/product\/raymarine-element-sonar-gps-seeria\/#primaryimage"},"image":{"@id":"https:\/\/raymarine.ee\/product\/raymarine-element-sonar-gps-seeria\/#primaryimage"},"thumbnailUrl":"https:\/\/raymarine.ee\/wp-content\/uploads\/2025\/01\/4217ed51-2bbc-4747-a13d-33fe3b6f0738.webp","datePublished":"2025-01-14T18:31:40+00:00","dateModified":"2026-04-09T15:33:27+00:00","description":"Avastage veealune maailm Element 7 HV sonaritehnoloogia abil, mis toob esile k\u00f5ik detailid. Saage kalastajate liiga meistriteks!","breadcrumb":{"@id":"https:\/\/raymarine.ee\/product\/raymarine-element-sonar-gps-seeria\/#breadcrumb"},"inLanguage":"en-GB","potentialAction":[{"@type":"ReadAction","target":["https:\/\/raymarine.ee\/product\/raymarine-element-sonar-gps-seeria\/"]}]},{"@type":"ImageObject","inLanguage":"en-GB","@id":"https:\/\/raymarine.ee\/product\/raymarine-element-sonar-gps-seeria\/#primaryimage","url":"https:\/\/raymarine.ee\/wp-content\/uploads\/2025\/01\/4217ed51-2bbc-4747-a13d-33fe3b6f0738.webp","contentUrl":"https:\/\/raymarine.ee\/wp-content\/uploads\/2025\/01\/4217ed51-2bbc-4747-a13d-33fe3b6f0738.webp","width":1024,"height":1024},{"@type":"BreadcrumbList","@id":"https:\/\/raymarine.ee\/product\/raymarine-element-sonar-gps-seeria\/#breadcrumb","itemListElement":[{"@type":"ListItem","position":1,"name":"Home","item":"https:\/\/raymarine.ee\/"},{"@type":"ListItem","position":2,"name":"Tooted","item":"https:\/\/raymarine.ee\/shop\/"},{"@type":"ListItem","position":3,"name":"Element 7 HV &#8211; 7&#8243; Chart Plotter with CHIRP Sonar, HyperVision, Wi-Fi &#038; GPS, No Chart &#038; No Transducer"}]},{"@type":"WebSite","@id":"https:\/\/raymarine.ee\/#website","url":"https:\/\/raymarine.ee\/","name":"www.raymarine.ee","description":"Mereelektroonika, kaardiplotter, autopiloot, pinnipiloot, roolipiloot, radar, AIS, VHF, Smart Wind","publisher":{"@id":"https:\/\/raymarine.ee\/#organization"},"alternateName":"Raymarine","potentialAction":[{"@type":"SearchAction","target":{"@type":"EntryPoint","urlTemplate":"https:\/\/raymarine.ee\/?s={search_term_string}"},"query-input":{"@type":"PropertyValueSpecification","valueRequired":true,"valueName":"search_term_string"}}],"inLanguage":"en-GB"},{"@type":"Organization","@id":"https:\/\/raymarine.ee\/#organization","name":"NavSystems O\u00dc","url":"https:\/\/raymarine.ee\/","logo":{"@type":"ImageObject","inLanguage":"en-GB","@id":"https:\/\/raymarine.ee\/#\/schema\/logo\/image\/","url":"https:\/\/raymarine.ee\/wp-content\/uploads\/2024\/10\/Screenshot-2024-10-15-151324_bg_removed.webp","contentUrl":"https:\/\/raymarine.ee\/wp-content\/uploads\/2024\/10\/Screenshot-2024-10-15-151324_bg_removed.webp","width":420,"height":276,"caption":"NavSystems O\u00dc"},"image":{"@id":"https:\/\/raymarine.ee\/#\/schema\/logo\/image\/"},"sameAs":["https:\/\/www.facebook.com\/NavSystems"],"legalName":"NavSystems O\u00dc","foundingDate":"2011-05-03","numberOfEmployees":{"@type":"QuantitativeValue","minValue":"1","maxValue":"10"}}]},"product_price_amount":"605.00","product_price_currency":"EUR","og_availability":"out of stock","product_availability":"out of stock","product_retailer_item_id":"E70532","product_condition":"new"},"jetpack_sharing_enabled":true,"_links":{"self":[{"href":"https:\/\/raymarine.ee\/en\/wp-json\/wp\/v2\/product\/6386","targetHints":{"allow":["GET"]}}],"collection":[{"href":"https:\/\/raymarine.ee\/en\/wp-json\/wp\/v2\/product"}],"about":[{"href":"https:\/\/raymarine.ee\/en\/wp-json\/wp\/v2\/types\/product"}],"wp:featuredmedia":[{"embeddable":true,"href":"https:\/\/raymarine.ee\/en\/wp-json\/wp\/v2\/media\/7641"}],"wp:attachment":[{"href":"https:\/\/raymarine.ee\/en\/wp-json\/wp\/v2\/media?parent=6386"}],"wp:term":[{"taxonomy":"product_brand","embeddable":true,"href":"https:\/\/raymarine.ee\/en\/wp-json\/wp\/v2\/product_brand?post=6386"},{"taxonomy":"product_cat","embeddable":true,"href":"https:\/\/raymarine.ee\/en\/wp-json\/wp\/v2\/product_cat?post=6386"},{"taxonomy":"product_tag","embeddable":true,"href":"https:\/\/raymarine.ee\/en\/wp-json\/wp\/v2\/product_tag?post=6386"}],"curies":[{"name":"wp","href":"https:\/\/api.w.org\/{rel}","templated":true}]}}