{"id":6387,"date":"2025-01-14T18:32:22","date_gmt":"2025-01-14T18:32:22","guid":{"rendered":"https:\/\/raymarine.ee\/?post_type=product&#038;p=6387"},"modified":"2026-04-26T18:40:53","modified_gmt":"2026-04-26T15:40:53","slug":"element-9-hv-9-chart-plotter-with-chirp-sonar-hypervision-wi-fi-gps-no-chart-no-transducer","status":"publish","type":"product","link":"https:\/\/raymarine.ee\/en\/product\/element-9-hv-9-chart-plotter-with-chirp-sonar-hypervision-wi-fi-gps-no-chart-no-transducer\/","title":{"rendered":"Element 9 HV &#8211; 9&#8243; Chart Plotter with CHIRP Sonar, HyperVision, Wi-Fi &#038; GPS, No Chart &#038; No Transducer"},"content":{"rendered":"<p>Raymarine Element\u2122 CHIRP sonar\/GPS seeria on loodud neile, kes tahavad saada t\u00e4pset ja selget \u00fclevaadet vee alt. See on ideaalne kalameestele, kes soovivad olla samm ees, pakkudes erakordset t\u00e4psust ja k\u00f5rglahutusega pildi kvaliteeti HyperVision\u2122 1,2 MHz tehnoloogia abil. Element \u00fchendab DownVision, SideVision ja Raymarine RealVision\u2122 3D sonari t\u00e4psuse, et pakkuda paremat \u00fclevaadet struktuuridest, taimestikust ja kalade asukohast, nagu pilt. Element on varustatud v\u00f5imsa kvadratuurse protsessoriga, mis tagab kiire kaardi v\u00e4rskenduse ja sujuva 3D kuvamise. Seeria kasutab lihtsaid nuppude juhtimist ja kalameestele kohandatud kasutajaliidest, et saaks keskenduda rohkem kalap\u00fc\u00fcgile ja v\u00e4hem seadistustele.<\/p>\n<h3>Peamised omadused:<\/h3>\n<ul>\n<li><strong>Ekraani valikud<\/strong>:\n<ul>\n<li>7&#8243;, 9&#8243; ja 12&#8243; p\u00e4ikesekaitsega ekraanid, mis pakuvad head n\u00e4htavust ka p\u00e4ikeselistes tingimustes.<\/li>\n<\/ul>\n<\/li>\n<li><strong>Sonari tehnoloogia<\/strong>:\n<ul>\n<li><strong>HyperVision CHIRP<\/strong> pakub erakordset resolutsiooni.<\/li>\n<li><strong>RealVision\u2122 3D sonar<\/strong> v\u00f5imaldab t\u00e4pselt tuvastada led\u017ee, kanalite voode ja muude s\u00fcgavusmuutuste asukohti.<\/li>\n<li><strong>HV-100 k\u00f5ik-\u00fches transd\u00fcktori<\/strong> lahendus \u00fchendab HyperVision, DownVision, SideVision, RealVision ja traditsioonilised CHIRP sonarikanalid \u00fchte lihtsasse paigaldusse.<\/li>\n<li><strong>Kiire kvadratuurne protsessor<\/strong> tagab kohese kaardi v\u00e4rskenduse ja sujuva 3D kuvamise.<\/li>\n<\/ul>\n<\/li>\n<li><strong>Sonari omadused<\/strong>:\n<ul>\n<li>1,2 MHz HyperVision sonar, mis tagab suurep\u00e4rase resolutsiooni kuni 100 jalga DownVision ja SideVision re\u017eiimides.<\/li>\n<li>350 kHz DownVision ja SideVision, mis pakuvad fotokujulist pildi kvaliteeti, ulatudes kuni 600 jalga.<\/li>\n<li>200 kHz traditsiooniline sonar, mis v\u00f5imaldab j\u00e4lgida kalu ja p\u00f5hja isegi suurel kiirusel.<\/li>\n<\/ul>\n<\/li>\n<li><strong>RealBathy\u2122<\/strong> isiklik kaardistamisfunktsioon, mis v\u00f5imaldab luua oma k\u00f5rgresolutsioonilised bath\u00fcmeetrilised kaardid reaalajas.<\/li>\n<\/ul>\n<h3>T\u00e4iendavad omadused:<\/h3>\n<ul>\n<li><strong>\u00dcksik nuppude juhtimise s\u00fcsteem<\/strong>: Erakordne lihtsus ja kasutusmugavus, samuti \u00fclem\u00e4\u00e4rased nupud lemmikkohtade salvestamiseks.<\/li>\n<li><strong>Raymarine LightHouse Sport OS<\/strong>: \u00dcksus on optimeeritud klaviatuuri juhtimiseks ja sisaldab valmisolekulehti igap\u00e4evaseks kalap\u00fc\u00fcgiks ja kruiisimiseks (nt Casting, Jigging, Trolling jne).<\/li>\n<li><strong>Lihtne operatsioon<\/strong>: Kiire ja intuitiivne, et saaks keskenduda kaladele ja mitte laevajuhtimisele.<\/li>\n<li><strong>T\u00e4iendavad \u00fchenduvusv\u00f5imalused<\/strong>: \u00dchilduvus Raymarine LightHouse NC2, Navionics, C-MAP ja teiste piirkondlike kaardistamisv\u00f5imalustega.<\/li>\n<li><strong>Radarite tugi<\/strong>: Toetab Raymarine <strong>Quantum Radar<\/strong> s\u00fcsteemi, tagades t\u00e4iendava t\u00e4psuse ja navigeerimise.<\/li>\n<li><strong>V\u00f5rgustiku tugi<\/strong>: NMEA2000 \u00fchenduvus, mis v\u00f5imaldab \u00fchendada VHF, mootoriandurid ja muid laevanduskomponente.<\/li>\n<\/ul>\n<h3>Tehnilised spetsifikatsioonid:<\/h3>\n<ul>\n<li><strong>Ekraan<\/strong>: Optiline LCD-ekraan, suurus 9&#8243; (800 x 480 WVGA resolutsioon).<\/li>\n<li><strong>Sonari s\u00fcgavus<\/strong>:\n<ul>\n<li><strong>CHIRP sonar<\/strong>: 900 jalga<\/li>\n<li><strong>DownVision<\/strong> (tavaline): 600 jalga, <strong>Hyper<\/strong>: 100 jalga.<\/li>\n<li><strong>SideVision<\/strong> (tavaline): 300 jalga, <strong>Hyper<\/strong>: 100 jalga.<\/li>\n<li><strong>RealVision\u2122 3D<\/strong>: 300 jalga (tavaline), 100 jalga (Hyper).<\/li>\n<\/ul>\n<\/li>\n<li><strong>Toide<\/strong>: 12V DC, maksimaalne energiatarve 20 W.<\/li>\n<li><strong>GNSS\/GPS<\/strong>: Sisseehitatud GNSS vastuv\u00f5tja, toetus GPS ja GLONASS.<\/li>\n<li><strong>\u00dchenduvus<\/strong>: Wi-Fi (802.11 b\/g\/n), Bluetooth 4.0.<\/li>\n<li><strong>Kartograafia<\/strong>: Tugi Raymarine LightHouse NC2, Navionics, C-MAP ja muud kaardistamisv\u00f5imalused.<\/li>\n<\/ul>\n<h3>Sonari transd\u00fcktorite variandid:<\/h3>\n<ul>\n<li><strong>HV-100 Transom<\/strong> (200kHz\/350kHz\/1.2MHz).<\/li>\n<li><strong>HV-300TH Plastic Thru-Hull<\/strong> (200kHz\/350kHz\/1.2MHz).<\/li>\n<li><strong>HV-300THP Plastic Thru-Hull Pair<\/strong> (200kHz\/350kHz\/1.2MHz).<\/li>\n<\/ul>\n<p>Element seeria on ideaalne kalameestele, kes otsivad t\u00e4pset ja usaldusv\u00e4\u00e4rset sonarit, mis aitab veekogul navigeerimisel ja kalade leidmisel.<\/p>","protected":false},"excerpt":{"rendered":"<p><span style=\"color: #ff9900;\"><strong>Element seeria l\u00e4heb tootmisest maha ja juurde tellida ei saa.<\/strong><\/span><\/p>\n<p>9&#8243; k\u00f5ik \u00fches ELEMENT HV kaardiplotter-kalaleidja ilma ahtriandurita. Element seeria on varustatud p\u00e4ikese k\u00e4es h\u00e4sti n\u00e4htava mitte puutetundliku ekraaniga. Kiireks ligip\u00e4\u00e4suks oma lemmiktoimingutele on seadme esipaneelil lisaks muudele ka kolm vastavalt oma soovile seadistatavat kiirnuppu. Seadmel on ka eesti- ja venekeelne men\u00fc\u00fc, integreeritud 10Hz GLONASS GPS, Bluetooth, WiFi ja (200 kHz\/350kHz\/1,2 MHz) HyperVision 3D sonar. Element seerial on ka NMEA200 liides. Quantum radari saab lisada WiFi liidese kaudu. Tarkvara on Axiom seeriast tuttava \u00fclesehitusega LightHouse 3-e modifikatsioon mis kannab nime Raymarine LightHouse 3 Sport. Element seeria seadmetes saab kasutada Raymarine LightHouse NC2, Navionics, C-MAP Essentials ja C-MAP 4D MAX+ elektroonilisi merekaarte. Lisavarustusena on saadaval ka j\u00e4\u00e4kalastuskomplekt.<\/p>","protected":false},"featured_media":7642,"template":"","meta":{"_acf_changed":false},"product_brand":[134],"product_cat":[77,18,54,103,60],"product_tag":[],"class_list":{"0":"post-6387","1":"product","2":"type-product","3":"status-publish","4":"has-post-thumbnail","6":"product_brand-raymarine","7":"product_cat-raymarine-kaardiplotter-kalaleidja","8":"product_cat-axiom-axiom2-kaardiplotter-axiom2-pro","9":"product_cat-kalaleidjad","10":"product_cat-raymarine","11":"product_cat-element","13":"first","14":"outofstock","15":"sale","16":"taxable","17":"shipping-taxable","18":"purchasable","19":"product-type-simple"},"acf":[],"yoast_head":"<!-- This site is optimized with the Yoast SEO Premium plugin v27.5 (Yoast SEO v27.5) - https:\/\/yoast.com\/product\/yoast-seo-premium-wordpress\/ -->\n<title>Element 9 HV: T\u00e4pne ja selge \u00fclevaade vee alll toimuvast. - NavSystems<\/title>\n<meta name=\"description\" content=\"Kalap\u00fc\u00fck pole kunagi olnud nii lihtne kui Element 9 HV abil. Koge erakordset pildikvaliteeti ja t\u00e4psust igal kalastusretkel!\" \/>\n<meta name=\"robots\" content=\"index, follow, max-snippet:-1, max-image-preview:large, max-video-preview:-1\" \/>\n<link rel=\"canonical\" href=\"https:\/\/raymarine.ee\/en\/product\/element-9-hv-9-chart-plotter-with-chirp-sonar-hypervision-wi-fi-gps-no-chart-no-transducer\/\" \/>\n<meta property=\"og:locale\" content=\"en_GB\" \/>\n<meta property=\"og:type\" content=\"article\" \/>\n<meta property=\"og:title\" content=\"Element 9 HV - 9&quot; Chart Plotter with CHIRP Sonar, HyperVision, Wi-Fi &amp; GPS, No Chart &amp; No Transducer\" \/>\n<meta property=\"og:description\" content=\"Kalap\u00fc\u00fck pole kunagi olnud nii lihtne kui Element 9 HV abil. Koge erakordset pildikvaliteeti ja t\u00e4psust igal kalastusretkel!\" \/>\n<meta property=\"og:url\" content=\"https:\/\/raymarine.ee\/en\/product\/element-9-hv-9-chart-plotter-with-chirp-sonar-hypervision-wi-fi-gps-no-chart-no-transducer\/\" \/>\n<meta property=\"og:site_name\" content=\"NavSystems\" \/>\n<meta property=\"article:publisher\" content=\"https:\/\/www.facebook.com\/NavSystems\" \/>\n<meta property=\"article:modified_time\" content=\"2026-04-26T15:40:53+00:00\" \/>\n<meta property=\"og:image\" content=\"https:\/\/raymarine.ee\/wp-content\/uploads\/2025\/01\/b1c25303-3b44-4e37-ac85-39fc78502d99.webp\" \/>\n\t<meta property=\"og:image:width\" content=\"1024\" \/>\n\t<meta property=\"og:image:height\" content=\"1024\" \/>\n\t<meta property=\"og:image:type\" content=\"image\/webp\" \/>\n<meta name=\"twitter:card\" content=\"summary_large_image\" \/>\n<meta name=\"twitter:label1\" content=\"Price\" \/>\n\t<meta name=\"twitter:data1\" content=\"520,00&nbsp;&euro;\" \/>\n\t<meta name=\"twitter:label2\" content=\"Availability\" \/>\n\t<meta name=\"twitter:data2\" content=\"Out of stock\" \/>\n<script type=\"application\/ld+json\" class=\"yoast-schema-graph\">{\"@context\":\"https:\\\/\\\/schema.org\",\"@graph\":[{\"@type\":\"WebPage\",\"@id\":\"https:\\\/\\\/raymarine.ee\\\/product\\\/element-9-hv-9-chart-plotter-with-chirp-sonar-hypervision-wi-fi-gps-no-chart-no-transducer\\\/\",\"url\":\"https:\\\/\\\/raymarine.ee\\\/product\\\/element-9-hv-9-chart-plotter-with-chirp-sonar-hypervision-wi-fi-gps-no-chart-no-transducer\\\/\",\"name\":\"Element 9 HV: T\u00e4pne ja selge \u00fclevaade vee alll toimuvast. - NavSystems\",\"isPartOf\":{\"@id\":\"https:\\\/\\\/raymarine.ee\\\/#website\"},\"primaryImageOfPage\":{\"@id\":\"https:\\\/\\\/raymarine.ee\\\/product\\\/element-9-hv-9-chart-plotter-with-chirp-sonar-hypervision-wi-fi-gps-no-chart-no-transducer\\\/#primaryimage\"},\"image\":{\"@id\":\"https:\\\/\\\/raymarine.ee\\\/product\\\/element-9-hv-9-chart-plotter-with-chirp-sonar-hypervision-wi-fi-gps-no-chart-no-transducer\\\/#primaryimage\"},\"thumbnailUrl\":\"https:\\\/\\\/raymarine.ee\\\/wp-content\\\/uploads\\\/2025\\\/01\\\/b1c25303-3b44-4e37-ac85-39fc78502d99.webp\",\"datePublished\":\"2025-01-14T18:32:22+00:00\",\"dateModified\":\"2026-04-26T15:40:53+00:00\",\"description\":\"Kalap\u00fc\u00fck pole kunagi olnud nii lihtne kui Element 9 HV abil. Koge erakordset pildikvaliteeti ja t\u00e4psust igal kalastusretkel!\",\"breadcrumb\":{\"@id\":\"https:\\\/\\\/raymarine.ee\\\/product\\\/element-9-hv-9-chart-plotter-with-chirp-sonar-hypervision-wi-fi-gps-no-chart-no-transducer\\\/#breadcrumb\"},\"inLanguage\":\"en-GB\",\"potentialAction\":[{\"@type\":\"ReadAction\",\"target\":[\"https:\\\/\\\/raymarine.ee\\\/product\\\/element-9-hv-9-chart-plotter-with-chirp-sonar-hypervision-wi-fi-gps-no-chart-no-transducer\\\/\"]}]},{\"@type\":\"ImageObject\",\"inLanguage\":\"en-GB\",\"@id\":\"https:\\\/\\\/raymarine.ee\\\/product\\\/element-9-hv-9-chart-plotter-with-chirp-sonar-hypervision-wi-fi-gps-no-chart-no-transducer\\\/#primaryimage\",\"url\":\"https:\\\/\\\/raymarine.ee\\\/wp-content\\\/uploads\\\/2025\\\/01\\\/b1c25303-3b44-4e37-ac85-39fc78502d99.webp\",\"contentUrl\":\"https:\\\/\\\/raymarine.ee\\\/wp-content\\\/uploads\\\/2025\\\/01\\\/b1c25303-3b44-4e37-ac85-39fc78502d99.webp\",\"width\":1024,\"height\":1024},{\"@type\":\"BreadcrumbList\",\"@id\":\"https:\\\/\\\/raymarine.ee\\\/product\\\/element-9-hv-9-chart-plotter-with-chirp-sonar-hypervision-wi-fi-gps-no-chart-no-transducer\\\/#breadcrumb\",\"itemListElement\":[{\"@type\":\"ListItem\",\"position\":1,\"name\":\"Home\",\"item\":\"https:\\\/\\\/raymarine.ee\\\/\"},{\"@type\":\"ListItem\",\"position\":2,\"name\":\"Tooted\",\"item\":\"https:\\\/\\\/raymarine.ee\\\/shop\\\/\"},{\"@type\":\"ListItem\",\"position\":3,\"name\":\"Element 9 HV &#8211; 9&#8243; Chart Plotter with CHIRP Sonar, HyperVision, Wi-Fi &#038; GPS, No Chart &#038; No Transducer\"}]},{\"@type\":\"WebSite\",\"@id\":\"https:\\\/\\\/raymarine.ee\\\/#website\",\"url\":\"https:\\\/\\\/raymarine.ee\\\/\",\"name\":\"www.raymarine.ee\",\"description\":\"Mereelektroonika, kaardiplotter, autopiloot, pinnipiloot, roolipiloot, radar, AIS, VHF, Smart Wind\",\"publisher\":{\"@id\":\"https:\\\/\\\/raymarine.ee\\\/#organization\"},\"alternateName\":\"Raymarine\",\"potentialAction\":[{\"@type\":\"SearchAction\",\"target\":{\"@type\":\"EntryPoint\",\"urlTemplate\":\"https:\\\/\\\/raymarine.ee\\\/?s={search_term_string}\"},\"query-input\":{\"@type\":\"PropertyValueSpecification\",\"valueRequired\":true,\"valueName\":\"search_term_string\"}}],\"inLanguage\":\"en-GB\"},{\"@type\":\"Organization\",\"@id\":\"https:\\\/\\\/raymarine.ee\\\/#organization\",\"name\":\"NavSystems O\u00dc\",\"url\":\"https:\\\/\\\/raymarine.ee\\\/\",\"logo\":{\"@type\":\"ImageObject\",\"inLanguage\":\"en-GB\",\"@id\":\"https:\\\/\\\/raymarine.ee\\\/#\\\/schema\\\/logo\\\/image\\\/\",\"url\":\"https:\\\/\\\/raymarine.ee\\\/wp-content\\\/uploads\\\/2024\\\/10\\\/Screenshot-2024-10-15-151324_bg_removed.webp\",\"contentUrl\":\"https:\\\/\\\/raymarine.ee\\\/wp-content\\\/uploads\\\/2024\\\/10\\\/Screenshot-2024-10-15-151324_bg_removed.webp\",\"width\":420,\"height\":276,\"caption\":\"NavSystems O\u00dc\"},\"image\":{\"@id\":\"https:\\\/\\\/raymarine.ee\\\/#\\\/schema\\\/logo\\\/image\\\/\"},\"sameAs\":[\"https:\\\/\\\/www.facebook.com\\\/NavSystems\"],\"legalName\":\"NavSystems O\u00dc\",\"foundingDate\":\"2011-05-03\",\"numberOfEmployees\":{\"@type\":\"QuantitativeValue\",\"minValue\":\"1\",\"maxValue\":\"10\"}}]}<\/script>\n<meta property=\"product:price:amount\" content=\"520.00\" \/>\n<meta property=\"product:price:currency\" content=\"EUR\" \/>\n<meta property=\"og:availability\" content=\"out of stock\" \/>\n<meta property=\"product:availability\" content=\"out of stock\" \/>\n<meta property=\"product:retailer_item_id\" content=\"E70534\" \/>\n<meta property=\"product:condition\" content=\"new\" \/>\n<!-- \/ Yoast SEO Premium plugin. -->","yoast_head_json":{"title":"Element 9 HV: T\u00e4pne ja selge \u00fclevaade vee alll toimuvast. - NavSystems","description":"Kalap\u00fc\u00fck pole kunagi olnud nii lihtne kui Element 9 HV abil. Koge erakordset pildikvaliteeti ja t\u00e4psust igal kalastusretkel!","robots":{"index":"index","follow":"follow","max-snippet":"max-snippet:-1","max-image-preview":"max-image-preview:large","max-video-preview":"max-video-preview:-1"},"canonical":"https:\/\/raymarine.ee\/en\/product\/element-9-hv-9-chart-plotter-with-chirp-sonar-hypervision-wi-fi-gps-no-chart-no-transducer\/","og_locale":"en_GB","og_type":"article","og_title":"Element 9 HV - 9\" Chart Plotter with CHIRP Sonar, HyperVision, Wi-Fi & GPS, No Chart & No Transducer","og_description":"Kalap\u00fc\u00fck pole kunagi olnud nii lihtne kui Element 9 HV abil. Koge erakordset pildikvaliteeti ja t\u00e4psust igal kalastusretkel!","og_url":"https:\/\/raymarine.ee\/en\/product\/element-9-hv-9-chart-plotter-with-chirp-sonar-hypervision-wi-fi-gps-no-chart-no-transducer\/","og_site_name":"NavSystems","article_publisher":"https:\/\/www.facebook.com\/NavSystems","article_modified_time":"2026-04-26T15:40:53+00:00","og_image":[{"width":1024,"height":1024,"url":"https:\/\/raymarine.ee\/wp-content\/uploads\/2025\/01\/b1c25303-3b44-4e37-ac85-39fc78502d99.webp","type":"image\/webp"}],"twitter_card":"summary_large_image","twitter_misc":{"Price":"520,00&nbsp;&euro;","Availability":"Out of stock"},"schema":{"@context":"https:\/\/schema.org","@graph":[{"@type":"WebPage","@id":"https:\/\/raymarine.ee\/product\/element-9-hv-9-chart-plotter-with-chirp-sonar-hypervision-wi-fi-gps-no-chart-no-transducer\/","url":"https:\/\/raymarine.ee\/product\/element-9-hv-9-chart-plotter-with-chirp-sonar-hypervision-wi-fi-gps-no-chart-no-transducer\/","name":"Element 9 HV: T\u00e4pne ja selge \u00fclevaade vee alll toimuvast. - NavSystems","isPartOf":{"@id":"https:\/\/raymarine.ee\/#website"},"primaryImageOfPage":{"@id":"https:\/\/raymarine.ee\/product\/element-9-hv-9-chart-plotter-with-chirp-sonar-hypervision-wi-fi-gps-no-chart-no-transducer\/#primaryimage"},"image":{"@id":"https:\/\/raymarine.ee\/product\/element-9-hv-9-chart-plotter-with-chirp-sonar-hypervision-wi-fi-gps-no-chart-no-transducer\/#primaryimage"},"thumbnailUrl":"https:\/\/raymarine.ee\/wp-content\/uploads\/2025\/01\/b1c25303-3b44-4e37-ac85-39fc78502d99.webp","datePublished":"2025-01-14T18:32:22+00:00","dateModified":"2026-04-26T15:40:53+00:00","description":"Kalap\u00fc\u00fck pole kunagi olnud nii lihtne kui Element 9 HV abil. Koge erakordset pildikvaliteeti ja t\u00e4psust igal kalastusretkel!","breadcrumb":{"@id":"https:\/\/raymarine.ee\/product\/element-9-hv-9-chart-plotter-with-chirp-sonar-hypervision-wi-fi-gps-no-chart-no-transducer\/#breadcrumb"},"inLanguage":"en-GB","potentialAction":[{"@type":"ReadAction","target":["https:\/\/raymarine.ee\/product\/element-9-hv-9-chart-plotter-with-chirp-sonar-hypervision-wi-fi-gps-no-chart-no-transducer\/"]}]},{"@type":"ImageObject","inLanguage":"en-GB","@id":"https:\/\/raymarine.ee\/product\/element-9-hv-9-chart-plotter-with-chirp-sonar-hypervision-wi-fi-gps-no-chart-no-transducer\/#primaryimage","url":"https:\/\/raymarine.ee\/wp-content\/uploads\/2025\/01\/b1c25303-3b44-4e37-ac85-39fc78502d99.webp","contentUrl":"https:\/\/raymarine.ee\/wp-content\/uploads\/2025\/01\/b1c25303-3b44-4e37-ac85-39fc78502d99.webp","width":1024,"height":1024},{"@type":"BreadcrumbList","@id":"https:\/\/raymarine.ee\/product\/element-9-hv-9-chart-plotter-with-chirp-sonar-hypervision-wi-fi-gps-no-chart-no-transducer\/#breadcrumb","itemListElement":[{"@type":"ListItem","position":1,"name":"Home","item":"https:\/\/raymarine.ee\/"},{"@type":"ListItem","position":2,"name":"Tooted","item":"https:\/\/raymarine.ee\/shop\/"},{"@type":"ListItem","position":3,"name":"Element 9 HV &#8211; 9&#8243; Chart Plotter with CHIRP Sonar, HyperVision, Wi-Fi &#038; GPS, No Chart &#038; No Transducer"}]},{"@type":"WebSite","@id":"https:\/\/raymarine.ee\/#website","url":"https:\/\/raymarine.ee\/","name":"www.raymarine.ee","description":"Mereelektroonika, kaardiplotter, autopiloot, pinnipiloot, roolipiloot, radar, AIS, VHF, Smart Wind","publisher":{"@id":"https:\/\/raymarine.ee\/#organization"},"alternateName":"Raymarine","potentialAction":[{"@type":"SearchAction","target":{"@type":"EntryPoint","urlTemplate":"https:\/\/raymarine.ee\/?s={search_term_string}"},"query-input":{"@type":"PropertyValueSpecification","valueRequired":true,"valueName":"search_term_string"}}],"inLanguage":"en-GB"},{"@type":"Organization","@id":"https:\/\/raymarine.ee\/#organization","name":"NavSystems O\u00dc","url":"https:\/\/raymarine.ee\/","logo":{"@type":"ImageObject","inLanguage":"en-GB","@id":"https:\/\/raymarine.ee\/#\/schema\/logo\/image\/","url":"https:\/\/raymarine.ee\/wp-content\/uploads\/2024\/10\/Screenshot-2024-10-15-151324_bg_removed.webp","contentUrl":"https:\/\/raymarine.ee\/wp-content\/uploads\/2024\/10\/Screenshot-2024-10-15-151324_bg_removed.webp","width":420,"height":276,"caption":"NavSystems O\u00dc"},"image":{"@id":"https:\/\/raymarine.ee\/#\/schema\/logo\/image\/"},"sameAs":["https:\/\/www.facebook.com\/NavSystems"],"legalName":"NavSystems O\u00dc","foundingDate":"2011-05-03","numberOfEmployees":{"@type":"QuantitativeValue","minValue":"1","maxValue":"10"}}]},"product_price_amount":"520.00","product_price_currency":"EUR","og_availability":"out of stock","product_availability":"out of stock","product_retailer_item_id":"E70534","product_condition":"new"},"jetpack_sharing_enabled":true,"_links":{"self":[{"href":"https:\/\/raymarine.ee\/en\/wp-json\/wp\/v2\/product\/6387","targetHints":{"allow":["GET"]}}],"collection":[{"href":"https:\/\/raymarine.ee\/en\/wp-json\/wp\/v2\/product"}],"about":[{"href":"https:\/\/raymarine.ee\/en\/wp-json\/wp\/v2\/types\/product"}],"wp:featuredmedia":[{"embeddable":true,"href":"https:\/\/raymarine.ee\/en\/wp-json\/wp\/v2\/media\/7642"}],"wp:attachment":[{"href":"https:\/\/raymarine.ee\/en\/wp-json\/wp\/v2\/media?parent=6387"}],"wp:term":[{"taxonomy":"product_brand","embeddable":true,"href":"https:\/\/raymarine.ee\/en\/wp-json\/wp\/v2\/product_brand?post=6387"},{"taxonomy":"product_cat","embeddable":true,"href":"https:\/\/raymarine.ee\/en\/wp-json\/wp\/v2\/product_cat?post=6387"},{"taxonomy":"product_tag","embeddable":true,"href":"https:\/\/raymarine.ee\/en\/wp-json\/wp\/v2\/product_tag?post=6387"}],"curies":[{"name":"wp","href":"https:\/\/api.w.org\/{rel}","templated":true}]}}