{"id":6388,"date":"2025-01-14T18:30:21","date_gmt":"2025-01-14T18:30:21","guid":{"rendered":"https:\/\/raymarine.ee\/?post_type=product&#038;p=6388"},"modified":"2026-04-09T18:41:12","modified_gmt":"2026-04-09T15:41:12","slug":"element-12-hv-12-chart-plotter-with-chirp-sonar-hypervision-wi-fi-gps-no-chart-no-transducer","status":"publish","type":"product","link":"https:\/\/raymarine.ee\/en\/product\/element-12-hv-12-chart-plotter-with-chirp-sonar-hypervision-wi-fi-gps-no-chart-no-transducer\/","title":{"rendered":"Element 12 HV &#8211; 12&#8243; Chart Plotter with CHIRP Sonar, HyperVision, Wi-Fi &#038; GPS, No Chart &#038; No Transducer"},"content":{"rendered":"<p>Raymarine Element<\/p>\n<p>Teadmine on v\u00f5im \u2013 ja Raymarine Element\u2122 CHIRP sonar\/GPS seeria annab teile v\u00f5imu teha veekogul targemaid otsuseid. Loodud kalastajatele, kes tahavad olla sammu v\u00f5rra ees, pakub Element k\u00f5ige teravamat vaadet veealusele maailmale, kasutades HyperVision\u2122 1,2 megahertsi \u00fclimalt k\u00f5rge resolutsiooniga sonari tehnoloogiat. HyperVision tehnoloogia viib DownVision, SideVision ja Raymarine RealVision 3D sonari t\u00e4psuskujunduse ja kalade tuvastamise uuele tasemele, v\u00f5imaldades teil n\u00e4ha struktuure, taimestikku ja kalu fotolikult selgelt. Ja Elementi v\u00f5imekus ei l\u00f5pe siin \u2013 pardal olev neljatuumaline protsessor v\u00f5imaldab hetkega kaarti uuesti joonistada, kiiret reageerimist ja sujuvat RealVision 3D kujutist. Et hoida teid sihtm\u00e4rgil, on Elementil lihtsad klaviatuurikontrollid ja kalastajas\u00f5bralik kasutajaliides, et saaksite keskenduda kaladele \u2013 mitte roolile. \u00dcks suurenenud tee t\u00e4hise nupp viib teid teie lemmikpaikadesse, ning Elementi RealBathy\u2122 isiklik s\u00fcgavuskaardi generaator v\u00f5imaldab teil kiiresti luua oma k\u00f5rglahutusega bat\u00fcmeetrilisi kaarte.<\/p>\n<h3>Peamised omadused<\/h3>\n<ul>\n<li>K\u00f5rge n\u00e4htavusega p\u00e4ikesekindlad 7\u201d, 9\u201d ja 12\u201d ekraanid<\/li>\n<li>HyperVision CHIRP tehnoloogia pakub \u00fclimalt k\u00f5rge resolutsiooniga sonari kujutist<\/li>\n<li>Sisseehitatud RealVision 3D sonar v\u00f5imaldab t\u00e4pselt m\u00e4\u00e4rata led\u017eide, kanalite ja muude kontuurimuutuste asukohad<\/li>\n<li>Kompaktne HV-100 k\u00f5ik-\u00fches andur \u00fchendab HyperVision, DownVision, SideVision, RealVision ja tavalised CHIRP sonari kanalid lihtsaks paigaldamiseks<\/li>\n<li>Kiire neljatuumaline protsessor v\u00f5imaldab kaardi kohest \u00fcmberjoonistamist ja sujuvat 3D-renderdust, samal ajal kui lihtne ja kergesti \u00f5pitav kasutajaliides t\u00f6\u00f6tab<\/li>\n<li>1,2 megahertsi HyperVision sonar pakub silmapaistvat resolutsiooni kuni 100\u2019 kauguselt, samal ajal kui 350kHz DownVision ja SideVision toovad fotolikud kujutised kuni 600\u2019 kauguselt<\/li>\n<\/ul>\n<h3>Veel omadusi<\/h3>\n<ul>\n<li>Viige 3D sonar j\u00e4rgmisele tasemele HyperVision re\u017eiimis, pakkudes enneolematut resolutsiooni ja positsiooniteadlikkust<\/li>\n<li>P\u00fchendatud klaviatuurikontrollid lihtsaks kasutamiseks, pluss suurenenud tee t\u00e4hise nupp, et salvestada lemmikpaiku<\/li>\n<li>Raymarine RealBathy\u2122 isiklik sonarikaardi genereerimine ja Navionics SonarCharts Live tugi<\/li>\n<li>Kasutajale programmeeritavad nupud v\u00f5imaldavad kiiret juurdep\u00e4\u00e4su k\u00f5ige rohkem kasutatavatele seadistustele<\/li>\n<li>Tugi Raymarine LightHouse NC2, Fishing Hot Spots, Navionics, C-MAP ja teiste piirkondlike kaardivalikute jaoks<\/li>\n<li>NMEA2000 v\u00f5rgustamine VHF, mootorite, paakide ja suunanurga anduri integreerimiseks<\/li>\n<\/ul>\n<h3>Koge resolutsiooni HyperVisioniga<\/h3>\n<p><strong>Element Sonari Tehnoloogia<\/strong> Silmapaistev resolutsioon koos t\u00e4psete positsiooniteabega pakub sonarifunktsionaalsuse taset, mida pole kunagi varem n\u00e4htud:<\/p>\n<ul>\n<li>1,2 MHz HyperVision\u2122 pakub \u00fclimalt k\u00f5rge resolutsiooniga kuvamist &#8211; ulatus: kuni 125 jala kauguselt DownVision ja SideVision re\u017eiimides<\/li>\n<li>350 kHz tavap\u00e4rane kuvamine suurep\u00e4rase resolutsiooniga ja erakorralise ulatusega &#8211; ulatus: kuni 600 jala s\u00fcgavus ja 300 jala k\u00fclgvaade<\/li>\n<li>200 kHz traditsiooniline sonar, et t\u00e4histada kalu ja j\u00e4lgida p\u00f5hja kiirusel &#8211; ulatus: kuni 900 jala s\u00fcgavus<\/li>\n<li>HyperVision\u2122 kihi peal RealVision 3D, pakkudes enneolematut resolutsiooni ja positsiooniteadlikkust<\/li>\n<li>Erinevalt Axiomist ei ole Elementil AHRS stabiliseeritud andurit, seega t\u00f6\u00f6tab RealVision 3D ainult kerimisre\u017eiimis<\/li>\n<\/ul>\n<p><strong>HyperVision Down<\/strong> \u00dclim k\u00f5rglahutusega HyperVision Down<\/p>\n<p><strong>HyperVision Side<\/strong> \u00dclim k\u00f5rglahutusega HyperVision Side<\/p>\n<p><strong>HyperVision Down, Side ja 3D<\/strong> \u00dclim k\u00f5rglahutusega HyperVision 3D<\/p>\n<p><strong>HyperVision CHIRP Andurid<\/strong><\/p>\n<ul>\n<li>HV-100 Transom (200kHz\/350kHz\/1.2MHz)<\/li>\n<li>HV-300TH Plastik Thru-Hull \u00dcksik (200kHz\/350kHz\/1.2MHz)<\/li>\n<li>HV-300THP Plastik Thru-Hull Paar (200kHz\/350kHz\/1.2MHz)<\/li>\n<\/ul>\n<h3>Toetatud alternatiivsed andurid<\/h3>\n<ul>\n<li>Dragonfly anduri tugi (adapterkaabli kaudu)<\/li>\n<li>CPT-S\/CPT-DVS anduri tugi (adapterkaabli kaudu)<\/li>\n<li>MinnKota anduri tugi (adapterkaabli kaudu)<\/li>\n<li>MotorGuide anduri tugi (adapterkaabli kaudu)<\/li>\n<\/ul>\n<h3>Uus OS LightHouse Sport<\/h3>\n<p><strong>LightHouse Sport OS omadused<\/strong><\/p>\n<ul>\n<li>Aktiivsusele orienteeritud operatsioonis\u00fcsteem<\/li>\n<li>Optimeeritud klaviatuurikontrollide jaoks<\/li>\n<li>Intuitiivne ja kiiresti \u00f5pitav<\/li>\n<li>Eelkonfigureeritud rakenduse lehed tavaliste kalastamis- ja paaditegevuste jaoks \u2013 Casting, Jigging, Trolling, Pitching, Flipping jne<\/li>\n<li>P\u00fchendatud nupud k\u00f5ige sagedasemate toimingute jaoks &#8211; tee t\u00e4histe viskamine &#8211; Zoom \/ ulatusmuutused &#8211; Kasutajale programmeeritavad rakenduse nupud kiireks lehtede vahetamiseks<\/li>\n<li>Uus \u201ehiljutine\u201c tee t\u00e4hise men\u00fc\u00fc \u2013 v\u00f5imaldab kiiret juurdep\u00e4\u00e4su k\u00f5ige sagedamini kasutatavatele tee t\u00e4hise s\u00fcmbolitele<\/li>\n<li>Sisemine m\u00e4lu &#8211; 10,000 tee t\u00e4histust (kuni 200 gruppi) &#8211; 150 marsuudid (kuni 250 tee t\u00e4histust iga\u00fcks) &#8211; 15 rada (kuni 10,000 punkti iga\u00fcks)<\/li>\n<li>Hele ja tume v\u00e4rvipalett<\/li>\n<li>Tugi Raymarine LightHouse NC2 kaartide jaoks, Fishing Hot Spots, Navionics, C-MAP ja teiste piirkondlike kaardivalikute jaoks<\/li>\n<\/ul>\n<h3>P\u00fchendatud nupud tavaliste toimingute jaoks<\/h3>\n<ul>\n<li>Tee t\u00e4histuste viskamine<\/li>\n<li>Zoomi \/ ulatuse muutused<\/li>\n<li>Kasutajale programmeeritavad rakenduse nupud kiireks lehtede vahetamiseks<\/li>\n<\/ul>\n<h3>Vahetatav v\u00e4rvipalett<\/h3>\n<ul>\n<li>Hele ja tume v\u00e4rvipalett<\/li>\n<\/ul>\n<p><strong>RealBathy \u2122 Isiklik Sonar Map Generaator<\/strong><\/p>\n<ul>\n<li>Reaalajas 1 jala kontuurid<\/li>\n<li>Muudetav kihi l\u00e4bipaistvus<\/li>\n<li>Turvaline s\u00fcgavus v\u00e4rviline<\/li>\n<\/ul>\n<p>RealBathy on saadaval k\u00f5ikidel Element toodetel ja ei vaja LNC2 kaardistamist, kuid see vajab mikrosd kaarti, millel on saadaval ruumi kaardilugeja sisestamiseks.<\/p>\n<h3>Raymarine Quantum Radar<\/h3>\n<p>Raymarine Quantum radar antenni saab \u00fchendada ELEMENT-S-iga integreeritud WiFi liidese kaudu. Raymarine QUANTUM on j\u00e4rgmise p\u00f5lvkonna meretehnoloogia radar antennid, millel on CHIRP tehnoloogia. QUANTUM pakub teravamaid pilte nii l\u00fchikese kui pika vahemaa tagant.<\/p>\n<h3>Tehnilised spetsifikatsioonid<\/h3>\n<ul>\n<li>Heledad ja vastupidavad | P\u00e4ikesekindlad ekraanid integreeritud GPS\/GNSS vastuv\u00f5tjaga.<\/li>\n<li>\u00dclim HyperVision\u2122 | 1,2 megahertsi CHIRP sonar tehnoloogia pakub palju k\u00f5rgemat resolutsiooniga kuvamist v\u00f5rreldes traditsiooniliste k\u00fclg- ja allavoolu skaneerivate sonari anduritega.<\/li>\n<li>RealVision\u2122 3D Sisseehitatud | T\u00e4pselt m\u00e4\u00e4rake led\u017eide, kanalite ja muude kontuurimuutuste asukohad.<\/li>\n<li>Kiire neljatuumaline protsessor | Hetkeline kaardi \u00fcmberjoonistamine ja terav 3D pilt.<\/li>\n<li>K\u00f5ik-\u00fches andur | \u00dchendab HyperVision, DownVision, SideVision, RealVision ja tavalised CHIRP sonarikanalid \u00fches lihtsas paigalduses.<\/li>\n<\/ul>\n<p><strong>Ekraani suurus:<\/strong> 12,0&#8243; optiliselt seotud LCD<br \/>\n<strong>Ekraani resolutsioon:<\/strong> 1280 x 800 WXGA<br \/>\n<strong>Ekraani t\u00fc\u00fcp:<\/strong> Mitte-puuteekraan<br \/>\n<strong>Heledus:<\/strong> 1,500 nits<br \/>\n<strong>Vaate nurk:<\/strong> \u00dcles 89\u00b0 \/ Alla 89\u00b0 \/ Vasak 89\u00b0 \/ Parem 89\u00b0<br \/>\n<strong>M\u00f5\u00f5tmed:<\/strong> 357 x 215 x 62mm (14,1 x 8,5 x 2,4 tolli) | L x K x S<br \/>\n<strong>Toote kaal (naela):<\/strong> 6,5<br \/>\n<strong>Veekindluse hinne:<\/strong> IPx6 ja IPx7<br \/>\n<strong>T\u00f6\u00f6tlemis temperatuuride vahemik:<\/strong> -25\u00b0C kuni +55\u00b0C (-13\u00b0F kuni 131\u00b0F)<br \/>\n<strong>Ladustamise temperatuuride vahemik:<\/strong> -30\u00b0C kuni +70\u00b0C (-22\u00b0F kuni 158\u00b0F)<br \/>\n<strong>Pinge:<\/strong> 12V DC (8V kuni 16V DC)<br \/>\n<strong>V\u00f5imsuse tarbimine (max 12V DC):<\/strong> 25 vatti<br \/>\n<strong>GNSS \/ GPS:<\/strong> Sisseehitatud GNSS vastuv\u00f5tja: GPS\/GLONASS- 10Hz<br \/>\n<strong>Sonari t\u00fc\u00fcp (sisseehitatud):<\/strong> Sisseehitatud CHIRP sonar | DownVision (tavaline ja Hyper) | SideVision (tavaline ja Hyper) | RealVision\u2122 3D (tavaline ja Hyper)<br \/>\n<strong>Sonari \u00fchendus:<\/strong> 15 pin HyperVision\u2122 t\u00fc\u00fcpi \u00fchendus<br \/>\n<strong>Sonari s\u00fcgavus:<\/strong> CHIRP Sonar = 274m (900 jalga) | DownVision\u2122 tavaline = 183m (600 jalga) | DownVision\u2122 Hyper = 30m (100 jalga) | SideVision\u2122 tavaline = 91m (300 jalga) | SideVision\u2122 Hyper = 30m (100 jalga) | RealVision\u2122 3D tavaline = 91m (300 jalga) | RealVision\u2122 3D Hyper = 30m (100 jalga)<\/p>","protected":false},"excerpt":{"rendered":"<p><span style=\"color: #ff9900;\"><strong>Element seeria l\u00e4heb tootmisest maha ja juurde tellida ei saa.<\/strong> <\/span><\/p>\n<p>Saada on veel m\u00f5ned erihinnaga mudelid. 12&#8243; k\u00f5ik \u00fches ELEMENT HV kaardiplotter-kalaleidja ilma ahtriandurita. Element seeria on varustatud p\u00e4ikese k\u00e4es h\u00e4sti n\u00e4htava mitte puutetundliku ekraaniga. Kiireks ligip\u00e4\u00e4suks oma lemmiktoimingutele on seadme esipaneelil lisaks muudele ka kolm vastavalt oma soovile seadistatavat kiirnuppu. Seadmel on ka eesti- ja venekeelne men\u00fc\u00fc, integreeritud 10Hz GLONASS GPS, Bluetooth, WiFi ja (200 kHz\/350kHz\/1,2 MHz) HyperVision 3D sonar. Element seerial on ka NMEA200 liides. Quantum radari saab lisada WiFi liidese kaudu. Tarkvara on Axiom seeriast tuttava \u00fclesehitusega LightHouse 3-e modifikatsioon mis kannab nime Raymarine LightHouse 3 Sport. Element seeria seadmetes saab kasutada Raymarine LightHouse NC2, Navionics, C-MAP Essentials ja C-MAP 4D MAX+ elektroonilisi merekaarte. Lisavarustusena on saadaval ka j\u00e4\u00e4kalastuskomplekt.<\/p>","protected":false},"featured_media":7643,"template":"","meta":{"_acf_changed":false},"product_brand":[],"product_cat":[77,18,54,103,60],"product_tag":[],"class_list":{"0":"post-6388","1":"product","2":"type-product","3":"status-publish","4":"has-post-thumbnail","6":"product_cat-raymarine-kaardiplotter-kalaleidja","7":"product_cat-axiom-axiom2-kaardiplotter-axiom2-pro","8":"product_cat-kalaleidjad","9":"product_cat-raymarine","10":"product_cat-element","12":"first","13":"outofstock","14":"sale","15":"taxable","16":"shipping-taxable","17":"purchasable","18":"product-type-simple"},"acf":[],"yoast_head":"<!-- This site is optimized with the Yoast SEO Premium plugin v27.5 (Yoast SEO v27.5) - https:\/\/yoast.com\/product\/yoast-seo-premium-wordpress\/ -->\n<title>Element 12 HV \u2013 Targem valik kalastamiseks - NavSystems<\/title>\n<meta name=\"description\" content=\"Avastage Element 12 HV, mis pakub t\u00e4helepanuv\u00e4\u00e4rset selgust kalastamiseks. Kasutage tehnoloogiat, et teha vee peal targemaid otsuseid!\" \/>\n<meta name=\"robots\" content=\"index, follow, max-snippet:-1, max-image-preview:large, max-video-preview:-1\" \/>\n<link rel=\"canonical\" href=\"https:\/\/raymarine.ee\/en\/product\/element-12-hv-12-chart-plotter-with-chirp-sonar-hypervision-wi-fi-gps-no-chart-no-transducer\/\" \/>\n<meta property=\"og:locale\" content=\"en_GB\" \/>\n<meta property=\"og:type\" content=\"article\" \/>\n<meta property=\"og:title\" content=\"Element 12 HV - 12&quot; Chart Plotter with CHIRP Sonar, HyperVision, Wi-Fi &amp; GPS, No Chart &amp; No Transducer\" \/>\n<meta property=\"og:description\" content=\"Avastage Element 12 HV, mis pakub t\u00e4helepanuv\u00e4\u00e4rset selgust kalastamiseks. Kasutage tehnoloogiat, et teha vee peal targemaid otsuseid!\" \/>\n<meta property=\"og:url\" content=\"https:\/\/raymarine.ee\/en\/product\/element-12-hv-12-chart-plotter-with-chirp-sonar-hypervision-wi-fi-gps-no-chart-no-transducer\/\" \/>\n<meta property=\"og:site_name\" content=\"NavSystems\" \/>\n<meta property=\"article:publisher\" content=\"https:\/\/www.facebook.com\/NavSystems\" \/>\n<meta property=\"article:modified_time\" content=\"2026-04-09T15:41:12+00:00\" \/>\n<meta property=\"og:image\" content=\"https:\/\/raymarine.ee\/wp-content\/uploads\/2025\/01\/1694e2f9-a110-4ac7-9176-fe41f0eaf2ff.webp\" \/>\n\t<meta property=\"og:image:width\" content=\"1024\" \/>\n\t<meta property=\"og:image:height\" content=\"1024\" \/>\n\t<meta property=\"og:image:type\" content=\"image\/webp\" \/>\n<meta name=\"twitter:card\" content=\"summary_large_image\" \/>\n<meta name=\"twitter:label1\" content=\"Price\" \/>\n\t<meta name=\"twitter:data1\" content=\"1 050,00&nbsp;&euro;\" \/>\n\t<meta name=\"twitter:label2\" content=\"Availability\" \/>\n\t<meta name=\"twitter:data2\" content=\"Out of stock\" \/>\n<script type=\"application\/ld+json\" class=\"yoast-schema-graph\">{\"@context\":\"https:\\\/\\\/schema.org\",\"@graph\":[{\"@type\":\"WebPage\",\"@id\":\"https:\\\/\\\/raymarine.ee\\\/product\\\/element-12-hv-12-chart-plotter-with-chirp-sonar-hypervision-wi-fi-gps-no-chart-no-transducer\\\/\",\"url\":\"https:\\\/\\\/raymarine.ee\\\/product\\\/element-12-hv-12-chart-plotter-with-chirp-sonar-hypervision-wi-fi-gps-no-chart-no-transducer\\\/\",\"name\":\"Element 12 HV \u2013 Targem valik kalastamiseks - NavSystems\",\"isPartOf\":{\"@id\":\"https:\\\/\\\/raymarine.ee\\\/#website\"},\"primaryImageOfPage\":{\"@id\":\"https:\\\/\\\/raymarine.ee\\\/product\\\/element-12-hv-12-chart-plotter-with-chirp-sonar-hypervision-wi-fi-gps-no-chart-no-transducer\\\/#primaryimage\"},\"image\":{\"@id\":\"https:\\\/\\\/raymarine.ee\\\/product\\\/element-12-hv-12-chart-plotter-with-chirp-sonar-hypervision-wi-fi-gps-no-chart-no-transducer\\\/#primaryimage\"},\"thumbnailUrl\":\"https:\\\/\\\/raymarine.ee\\\/wp-content\\\/uploads\\\/2025\\\/01\\\/1694e2f9-a110-4ac7-9176-fe41f0eaf2ff.webp\",\"datePublished\":\"2025-01-14T18:30:21+00:00\",\"dateModified\":\"2026-04-09T15:41:12+00:00\",\"description\":\"Avastage Element 12 HV, mis pakub t\u00e4helepanuv\u00e4\u00e4rset selgust kalastamiseks. Kasutage tehnoloogiat, et teha vee peal targemaid otsuseid!\",\"breadcrumb\":{\"@id\":\"https:\\\/\\\/raymarine.ee\\\/product\\\/element-12-hv-12-chart-plotter-with-chirp-sonar-hypervision-wi-fi-gps-no-chart-no-transducer\\\/#breadcrumb\"},\"inLanguage\":\"en-GB\",\"potentialAction\":[{\"@type\":\"ReadAction\",\"target\":[\"https:\\\/\\\/raymarine.ee\\\/product\\\/element-12-hv-12-chart-plotter-with-chirp-sonar-hypervision-wi-fi-gps-no-chart-no-transducer\\\/\"]}]},{\"@type\":\"ImageObject\",\"inLanguage\":\"en-GB\",\"@id\":\"https:\\\/\\\/raymarine.ee\\\/product\\\/element-12-hv-12-chart-plotter-with-chirp-sonar-hypervision-wi-fi-gps-no-chart-no-transducer\\\/#primaryimage\",\"url\":\"https:\\\/\\\/raymarine.ee\\\/wp-content\\\/uploads\\\/2025\\\/01\\\/1694e2f9-a110-4ac7-9176-fe41f0eaf2ff.webp\",\"contentUrl\":\"https:\\\/\\\/raymarine.ee\\\/wp-content\\\/uploads\\\/2025\\\/01\\\/1694e2f9-a110-4ac7-9176-fe41f0eaf2ff.webp\",\"width\":1024,\"height\":1024},{\"@type\":\"BreadcrumbList\",\"@id\":\"https:\\\/\\\/raymarine.ee\\\/product\\\/element-12-hv-12-chart-plotter-with-chirp-sonar-hypervision-wi-fi-gps-no-chart-no-transducer\\\/#breadcrumb\",\"itemListElement\":[{\"@type\":\"ListItem\",\"position\":1,\"name\":\"Home\",\"item\":\"https:\\\/\\\/raymarine.ee\\\/\"},{\"@type\":\"ListItem\",\"position\":2,\"name\":\"Tooted\",\"item\":\"https:\\\/\\\/raymarine.ee\\\/shop\\\/\"},{\"@type\":\"ListItem\",\"position\":3,\"name\":\"Element 12 HV &#8211; 12&#8243; Chart Plotter with CHIRP Sonar, HyperVision, Wi-Fi &#038; GPS, No Chart &#038; No Transducer\"}]},{\"@type\":\"WebSite\",\"@id\":\"https:\\\/\\\/raymarine.ee\\\/#website\",\"url\":\"https:\\\/\\\/raymarine.ee\\\/\",\"name\":\"www.raymarine.ee\",\"description\":\"Mereelektroonika, kaardiplotter, autopiloot, pinnipiloot, roolipiloot, radar, AIS, VHF, Smart Wind\",\"publisher\":{\"@id\":\"https:\\\/\\\/raymarine.ee\\\/#organization\"},\"alternateName\":\"Raymarine\",\"potentialAction\":[{\"@type\":\"SearchAction\",\"target\":{\"@type\":\"EntryPoint\",\"urlTemplate\":\"https:\\\/\\\/raymarine.ee\\\/?s={search_term_string}\"},\"query-input\":{\"@type\":\"PropertyValueSpecification\",\"valueRequired\":true,\"valueName\":\"search_term_string\"}}],\"inLanguage\":\"en-GB\"},{\"@type\":\"Organization\",\"@id\":\"https:\\\/\\\/raymarine.ee\\\/#organization\",\"name\":\"NavSystems O\u00dc\",\"url\":\"https:\\\/\\\/raymarine.ee\\\/\",\"logo\":{\"@type\":\"ImageObject\",\"inLanguage\":\"en-GB\",\"@id\":\"https:\\\/\\\/raymarine.ee\\\/#\\\/schema\\\/logo\\\/image\\\/\",\"url\":\"https:\\\/\\\/raymarine.ee\\\/wp-content\\\/uploads\\\/2024\\\/10\\\/Screenshot-2024-10-15-151324_bg_removed.webp\",\"contentUrl\":\"https:\\\/\\\/raymarine.ee\\\/wp-content\\\/uploads\\\/2024\\\/10\\\/Screenshot-2024-10-15-151324_bg_removed.webp\",\"width\":420,\"height\":276,\"caption\":\"NavSystems O\u00dc\"},\"image\":{\"@id\":\"https:\\\/\\\/raymarine.ee\\\/#\\\/schema\\\/logo\\\/image\\\/\"},\"sameAs\":[\"https:\\\/\\\/www.facebook.com\\\/NavSystems\"],\"legalName\":\"NavSystems O\u00dc\",\"foundingDate\":\"2011-05-03\",\"numberOfEmployees\":{\"@type\":\"QuantitativeValue\",\"minValue\":\"1\",\"maxValue\":\"10\"}}]}<\/script>\n<meta property=\"product:price:amount\" content=\"1050.00\" \/>\n<meta property=\"product:price:currency\" content=\"EUR\" \/>\n<meta property=\"og:availability\" content=\"out of stock\" \/>\n<meta property=\"product:availability\" content=\"out of stock\" \/>\n<meta property=\"product:retailer_item_id\" content=\"E70536\" \/>\n<meta property=\"product:condition\" content=\"new\" \/>\n<!-- \/ Yoast SEO Premium plugin. -->","yoast_head_json":{"title":"Element 12 HV \u2013 Targem valik kalastamiseks - NavSystems","description":"Avastage Element 12 HV, mis pakub t\u00e4helepanuv\u00e4\u00e4rset selgust kalastamiseks. Kasutage tehnoloogiat, et teha vee peal targemaid otsuseid!","robots":{"index":"index","follow":"follow","max-snippet":"max-snippet:-1","max-image-preview":"max-image-preview:large","max-video-preview":"max-video-preview:-1"},"canonical":"https:\/\/raymarine.ee\/en\/product\/element-12-hv-12-chart-plotter-with-chirp-sonar-hypervision-wi-fi-gps-no-chart-no-transducer\/","og_locale":"en_GB","og_type":"article","og_title":"Element 12 HV - 12\" Chart Plotter with CHIRP Sonar, HyperVision, Wi-Fi & GPS, No Chart & No Transducer","og_description":"Avastage Element 12 HV, mis pakub t\u00e4helepanuv\u00e4\u00e4rset selgust kalastamiseks. Kasutage tehnoloogiat, et teha vee peal targemaid otsuseid!","og_url":"https:\/\/raymarine.ee\/en\/product\/element-12-hv-12-chart-plotter-with-chirp-sonar-hypervision-wi-fi-gps-no-chart-no-transducer\/","og_site_name":"NavSystems","article_publisher":"https:\/\/www.facebook.com\/NavSystems","article_modified_time":"2026-04-09T15:41:12+00:00","og_image":[{"width":1024,"height":1024,"url":"https:\/\/raymarine.ee\/wp-content\/uploads\/2025\/01\/1694e2f9-a110-4ac7-9176-fe41f0eaf2ff.webp","type":"image\/webp"}],"twitter_card":"summary_large_image","twitter_misc":{"Price":"1 050,00&nbsp;&euro;","Availability":"Out of stock"},"schema":{"@context":"https:\/\/schema.org","@graph":[{"@type":"WebPage","@id":"https:\/\/raymarine.ee\/product\/element-12-hv-12-chart-plotter-with-chirp-sonar-hypervision-wi-fi-gps-no-chart-no-transducer\/","url":"https:\/\/raymarine.ee\/product\/element-12-hv-12-chart-plotter-with-chirp-sonar-hypervision-wi-fi-gps-no-chart-no-transducer\/","name":"Element 12 HV \u2013 Targem valik kalastamiseks - NavSystems","isPartOf":{"@id":"https:\/\/raymarine.ee\/#website"},"primaryImageOfPage":{"@id":"https:\/\/raymarine.ee\/product\/element-12-hv-12-chart-plotter-with-chirp-sonar-hypervision-wi-fi-gps-no-chart-no-transducer\/#primaryimage"},"image":{"@id":"https:\/\/raymarine.ee\/product\/element-12-hv-12-chart-plotter-with-chirp-sonar-hypervision-wi-fi-gps-no-chart-no-transducer\/#primaryimage"},"thumbnailUrl":"https:\/\/raymarine.ee\/wp-content\/uploads\/2025\/01\/1694e2f9-a110-4ac7-9176-fe41f0eaf2ff.webp","datePublished":"2025-01-14T18:30:21+00:00","dateModified":"2026-04-09T15:41:12+00:00","description":"Avastage Element 12 HV, mis pakub t\u00e4helepanuv\u00e4\u00e4rset selgust kalastamiseks. Kasutage tehnoloogiat, et teha vee peal targemaid otsuseid!","breadcrumb":{"@id":"https:\/\/raymarine.ee\/product\/element-12-hv-12-chart-plotter-with-chirp-sonar-hypervision-wi-fi-gps-no-chart-no-transducer\/#breadcrumb"},"inLanguage":"en-GB","potentialAction":[{"@type":"ReadAction","target":["https:\/\/raymarine.ee\/product\/element-12-hv-12-chart-plotter-with-chirp-sonar-hypervision-wi-fi-gps-no-chart-no-transducer\/"]}]},{"@type":"ImageObject","inLanguage":"en-GB","@id":"https:\/\/raymarine.ee\/product\/element-12-hv-12-chart-plotter-with-chirp-sonar-hypervision-wi-fi-gps-no-chart-no-transducer\/#primaryimage","url":"https:\/\/raymarine.ee\/wp-content\/uploads\/2025\/01\/1694e2f9-a110-4ac7-9176-fe41f0eaf2ff.webp","contentUrl":"https:\/\/raymarine.ee\/wp-content\/uploads\/2025\/01\/1694e2f9-a110-4ac7-9176-fe41f0eaf2ff.webp","width":1024,"height":1024},{"@type":"BreadcrumbList","@id":"https:\/\/raymarine.ee\/product\/element-12-hv-12-chart-plotter-with-chirp-sonar-hypervision-wi-fi-gps-no-chart-no-transducer\/#breadcrumb","itemListElement":[{"@type":"ListItem","position":1,"name":"Home","item":"https:\/\/raymarine.ee\/"},{"@type":"ListItem","position":2,"name":"Tooted","item":"https:\/\/raymarine.ee\/shop\/"},{"@type":"ListItem","position":3,"name":"Element 12 HV &#8211; 12&#8243; Chart Plotter with CHIRP Sonar, HyperVision, Wi-Fi &#038; GPS, No Chart &#038; No Transducer"}]},{"@type":"WebSite","@id":"https:\/\/raymarine.ee\/#website","url":"https:\/\/raymarine.ee\/","name":"www.raymarine.ee","description":"Mereelektroonika, kaardiplotter, autopiloot, pinnipiloot, roolipiloot, radar, AIS, VHF, Smart Wind","publisher":{"@id":"https:\/\/raymarine.ee\/#organization"},"alternateName":"Raymarine","potentialAction":[{"@type":"SearchAction","target":{"@type":"EntryPoint","urlTemplate":"https:\/\/raymarine.ee\/?s={search_term_string}"},"query-input":{"@type":"PropertyValueSpecification","valueRequired":true,"valueName":"search_term_string"}}],"inLanguage":"en-GB"},{"@type":"Organization","@id":"https:\/\/raymarine.ee\/#organization","name":"NavSystems O\u00dc","url":"https:\/\/raymarine.ee\/","logo":{"@type":"ImageObject","inLanguage":"en-GB","@id":"https:\/\/raymarine.ee\/#\/schema\/logo\/image\/","url":"https:\/\/raymarine.ee\/wp-content\/uploads\/2024\/10\/Screenshot-2024-10-15-151324_bg_removed.webp","contentUrl":"https:\/\/raymarine.ee\/wp-content\/uploads\/2024\/10\/Screenshot-2024-10-15-151324_bg_removed.webp","width":420,"height":276,"caption":"NavSystems O\u00dc"},"image":{"@id":"https:\/\/raymarine.ee\/#\/schema\/logo\/image\/"},"sameAs":["https:\/\/www.facebook.com\/NavSystems"],"legalName":"NavSystems O\u00dc","foundingDate":"2011-05-03","numberOfEmployees":{"@type":"QuantitativeValue","minValue":"1","maxValue":"10"}}]},"product_price_amount":"1050.00","product_price_currency":"EUR","og_availability":"out of stock","product_availability":"out of stock","product_retailer_item_id":"E70536","product_condition":"new"},"jetpack_sharing_enabled":true,"_links":{"self":[{"href":"https:\/\/raymarine.ee\/en\/wp-json\/wp\/v2\/product\/6388","targetHints":{"allow":["GET"]}}],"collection":[{"href":"https:\/\/raymarine.ee\/en\/wp-json\/wp\/v2\/product"}],"about":[{"href":"https:\/\/raymarine.ee\/en\/wp-json\/wp\/v2\/types\/product"}],"wp:featuredmedia":[{"embeddable":true,"href":"https:\/\/raymarine.ee\/en\/wp-json\/wp\/v2\/media\/7643"}],"wp:attachment":[{"href":"https:\/\/raymarine.ee\/en\/wp-json\/wp\/v2\/media?parent=6388"}],"wp:term":[{"taxonomy":"product_brand","embeddable":true,"href":"https:\/\/raymarine.ee\/en\/wp-json\/wp\/v2\/product_brand?post=6388"},{"taxonomy":"product_cat","embeddable":true,"href":"https:\/\/raymarine.ee\/en\/wp-json\/wp\/v2\/product_cat?post=6388"},{"taxonomy":"product_tag","embeddable":true,"href":"https:\/\/raymarine.ee\/en\/wp-json\/wp\/v2\/product_tag?post=6388"}],"curies":[{"name":"wp","href":"https:\/\/api.w.org\/{rel}","templated":true}]}}