{"id":6389,"date":"2025-01-14T18:29:16","date_gmt":"2025-01-14T18:29:16","guid":{"rendered":"https:\/\/raymarine.ee\/?post_type=product&#038;p=6389"},"modified":"2026-04-06T08:46:07","modified_gmt":"2026-04-06T06:46:07","slug":"raymarine-element-jaapuugi-komplekt","status":"publish","type":"product","link":"https:\/\/raymarine.ee\/en\/product\/raymarine-element-jaapuugi-komplekt\/","title":{"rendered":"Raymarine Element Ice Fishing Kit"},"content":{"rendered":"<p>Vaata\u00a0<a href=\"http:\/\/www.raymarine.eu\/element-series\/\" target=\"_blank\" rel=\"noopener\">ELEMENT seeria kaardiplotterite ja kalaleidjate<\/a>\u00a0ja\u00a0<a href=\"https:\/\/www.raymarine.eu\/view\/blog\/news\/details\/ultimate-ice-fishing-machine.html\" target=\"_blank\" rel=\"noopener\">Ice Fishing Kit<\/a>\u00a0tootetutvustust.<\/p>\n<p data-start=\"49\" data-end=\"125\"><strong data-start=\"49\" data-end=\"125\">Raymarine Elementi J\u00e4\u00e4p\u00fc\u00fcgi Komplekt (Kott, Aku, Laadija, Andur ja Ujuk)<\/strong><\/p>\n<p data-start=\"127\" data-end=\"801\">Raymarine Elementi j\u00e4\u00e4p\u00fc\u00fcgi komplekt on ideaalne valik k\u00f5igile talvisele kalastushuvilistele, kes tahavad oma Element sonarite t\u00e4ielikku potentsiaali j\u00e4\u00e4 peal kasutada. Komplektil on k\u00f5ik vajalik, et kalap\u00fc\u00fck k\u00fclmas ja karmides tingimustes oleks mugav ja usaldusv\u00e4\u00e4rne. Veekindla koti ja vastupidava alusega, mis on spetsiaalselt Elementi jaoks loodud, saab kogu vajalik varustus turvaliselt ja mugavalt kaasas kanda. Komplekt sisaldab laetavat 12V-7AH akut koos laadijaga, k\u00f5rgsageduslikku CHIRP CPT-S j\u00e4\u00e4p\u00fc\u00fcgi andurit ujukiga, samuti erinevaid lisatarvikuid nagu landikarpide panipaigad ja integreeritud ridvahoidjad, mis muudavad kogu varustuse lihtsaks kaasaskandmiseks.<\/p>\n<p data-start=\"803\" data-end=\"825\"><strong data-start=\"803\" data-end=\"825\">Peamised omadused:<\/strong><\/p>\n<ul data-start=\"827\" data-end=\"1411\">\n<li data-start=\"827\" data-end=\"966\">\n<p data-start=\"829\" data-end=\"966\"><strong data-start=\"829\" data-end=\"868\">K\u00f5rgsageduslik CHIRP CPT-S j\u00e4\u00e4andur<\/strong> tuvastab s\u00f6\u00f6da ja sihtkalad kuni 900 jala (274 m) s\u00fcgavuseni, tagades t\u00e4psed tulemused j\u00e4\u00e4p\u00fc\u00fcgil.<\/p>\n<\/li>\n<li data-start=\"967\" data-end=\"1084\">\n<p data-start=\"969\" data-end=\"1084\"><strong data-start=\"969\" data-end=\"1001\">Vastupidav ja veekindel kott<\/strong> hoiab kogu varustuse turvaliselt ning avatud hoidmisuksega on ekraan alati n\u00e4htav.<\/p>\n<\/li>\n<li data-start=\"1085\" data-end=\"1182\">\n<p data-start=\"1087\" data-end=\"1182\"><strong data-start=\"1087\" data-end=\"1116\">Eelpuuritud kinnituskohad<\/strong> Element 7 HV paigaldamiseks tagavad lihtsa ja kiire paigaldamise.<\/p>\n<\/li>\n<li data-start=\"1183\" data-end=\"1285\">\n<p data-start=\"1185\" data-end=\"1285\"><strong data-start=\"1185\" data-end=\"1213\">Lisaruumi landikarpidele<\/strong> ja integreeritud ridvahoidjad teevad varustuse kaasaskandmise mugavaks.<\/p>\n<\/li>\n<li data-start=\"1286\" data-end=\"1411\">\n<p data-start=\"1288\" data-end=\"1411\">Komplektil on k\u00f5ik vajalik: veekindel kott, aku koos laadijaga, alus, CPT-S j\u00e4\u00e4andur (2,5 m kaabel) ujukiga ja klambritega.<\/p>\n<\/li>\n<\/ul>\n<p data-start=\"1413\" data-end=\"1432\"><strong data-start=\"1413\" data-end=\"1432\">Komplekti sisu:<\/strong><\/p>\n<ul data-start=\"1434\" data-end=\"1697\">\n<li data-start=\"1434\" data-end=\"1459\">\n<p data-start=\"1436\" data-end=\"1459\">Raymarine j\u00e4\u00e4p\u00fc\u00fcgi kott<\/p>\n<\/li>\n<li data-start=\"1460\" data-end=\"1506\">\n<p data-start=\"1462\" data-end=\"1506\">J\u00e4\u00e4p\u00fc\u00fcgi alus koos integreeritud k\u00e4epidemega<\/p>\n<\/li>\n<li data-start=\"1507\" data-end=\"1550\">\n<p data-start=\"1509\" data-end=\"1550\">12V-7AH aku koos rahvusvahelise laadijaga<\/p>\n<\/li>\n<li data-start=\"1551\" data-end=\"1571\">\n<p data-start=\"1553\" data-end=\"1571\">Aku kinnitusrihmad<\/p>\n<\/li>\n<li data-start=\"1572\" data-end=\"1619\">\n<p data-start=\"1574\" data-end=\"1619\">CPT-S j\u00e4\u00e4andur (HV \u00fchendusega) 2,5 m kaabliga<\/p>\n<\/li>\n<li data-start=\"1620\" data-end=\"1626\">\n<p data-start=\"1622\" data-end=\"1626\">Ujuk<\/p>\n<\/li>\n<li data-start=\"1627\" data-end=\"1658\">\n<p data-start=\"1629\" data-end=\"1658\">Ujuki kinnitusklambrid (2 tk)<\/p>\n<\/li>\n<li data-start=\"1659\" data-end=\"1674\">\n<p data-start=\"1661\" data-end=\"1674\">Ferriitfilter<\/p>\n<\/li>\n<li data-start=\"1675\" data-end=\"1697\">\n<p data-start=\"1677\" data-end=\"1697\">Dokumentide komplekt<\/p>\n<\/li>\n<\/ul>\n<p data-start=\"1699\" data-end=\"1777\"><strong data-start=\"1699\" data-end=\"1710\">M\u00e4rkus:<\/strong> Element-seeria kajalood ja paigaldusalus EI OLE komplektis kaasas.<\/p>","protected":false},"excerpt":{"rendered":"<p>Raymarine Element j\u00e4\u00e4kalastuskomplekti kulub: Tugevast nailonist must ilmastikukindel lisataskute ja aasadega kott, 7Ah aku, 30Cm Element HV toitekaabel, laadija, taliandur 2,5m kaabliga ja anduri ujuk. Kotti mahub 7&#8243; Element HV kalaleidja. Element seeria kalaleidja ja kinnitusjalg ei kuulu komplekti.<\/p>","protected":false},"featured_media":7644,"template":"","meta":{"_acf_changed":false},"product_brand":[],"product_cat":[77,103,60],"product_tag":[],"class_list":{"0":"post-6389","1":"product","2":"type-product","3":"status-publish","4":"has-post-thumbnail","6":"product_cat-raymarine-kaardiplotter-kalaleidja","7":"product_cat-raymarine","8":"product_cat-element","10":"first","11":"instock","12":"sale","13":"taxable","14":"shipping-taxable","15":"purchasable","16":"product-type-simple"},"acf":[],"yoast_head":"<!-- This site is optimized with the Yoast SEO Premium plugin v27.5 (Yoast SEO v27.5) - https:\/\/yoast.com\/product\/yoast-seo-premium-wordpress\/ -->\n<title>Element seeria j\u00e4\u00e4kalastuskomplekt koos akuga, laadija ja anduriga - NavSystems<\/title>\n<meta name=\"description\" content=\"J\u00e4\u00e4kalastuskomplekt on ideaalne valik igale kalastushuvilisele. Olge valmis talveks ja nautige usaldusv\u00e4\u00e4rset varustust! \u2744\ufe0f\" \/>\n<meta name=\"robots\" content=\"index, follow, max-snippet:-1, max-image-preview:large, max-video-preview:-1\" \/>\n<link rel=\"canonical\" href=\"https:\/\/raymarine.ee\/en\/product\/raymarine-element-jaapuugi-komplekt\/\" \/>\n<meta property=\"og:locale\" content=\"en_GB\" \/>\n<meta property=\"og:type\" content=\"article\" \/>\n<meta property=\"og:title\" content=\"Raymarine Element Ice Fishing Kit\" \/>\n<meta property=\"og:description\" content=\"J\u00e4\u00e4kalastuskomplekt on ideaalne valik igale kalastushuvilisele. Olge valmis talveks ja nautige usaldusv\u00e4\u00e4rset varustust! \u2744\ufe0f\" \/>\n<meta property=\"og:url\" content=\"https:\/\/raymarine.ee\/en\/product\/raymarine-element-jaapuugi-komplekt\/\" \/>\n<meta property=\"og:site_name\" content=\"NavSystems\" \/>\n<meta property=\"article:publisher\" content=\"https:\/\/www.facebook.com\/NavSystems\" \/>\n<meta property=\"article:modified_time\" content=\"2026-04-06T06:46:07+00:00\" \/>\n<meta property=\"og:image\" content=\"https:\/\/raymarine.ee\/wp-content\/uploads\/2025\/01\/6c22818b-6c68-434b-9dd0-5a4040869309.webp\" \/>\n\t<meta property=\"og:image:width\" content=\"1024\" \/>\n\t<meta property=\"og:image:height\" content=\"1024\" \/>\n\t<meta property=\"og:image:type\" content=\"image\/webp\" \/>\n<meta name=\"twitter:card\" content=\"summary_large_image\" \/>\n<meta name=\"twitter:label1\" content=\"Price\" \/>\n\t<meta name=\"twitter:data1\" content=\"278,00&nbsp;&euro;\" \/>\n\t<meta name=\"twitter:label2\" content=\"Availability\" \/>\n\t<meta name=\"twitter:data2\" content=\"In stock\" \/>\n<script type=\"application\/ld+json\" class=\"yoast-schema-graph\">{\"@context\":\"https:\\\/\\\/schema.org\",\"@graph\":[{\"@type\":\"WebPage\",\"@id\":\"https:\\\/\\\/raymarine.ee\\\/product\\\/raymarine-element-jaapuugi-komplekt\\\/\",\"url\":\"https:\\\/\\\/raymarine.ee\\\/product\\\/raymarine-element-jaapuugi-komplekt\\\/\",\"name\":\"Element seeria j\u00e4\u00e4kalastuskomplekt koos akuga, laadija ja anduriga - NavSystems\",\"isPartOf\":{\"@id\":\"https:\\\/\\\/raymarine.ee\\\/#website\"},\"primaryImageOfPage\":{\"@id\":\"https:\\\/\\\/raymarine.ee\\\/product\\\/raymarine-element-jaapuugi-komplekt\\\/#primaryimage\"},\"image\":{\"@id\":\"https:\\\/\\\/raymarine.ee\\\/product\\\/raymarine-element-jaapuugi-komplekt\\\/#primaryimage\"},\"thumbnailUrl\":\"https:\\\/\\\/raymarine.ee\\\/wp-content\\\/uploads\\\/2025\\\/01\\\/6c22818b-6c68-434b-9dd0-5a4040869309.webp\",\"datePublished\":\"2025-01-14T18:29:16+00:00\",\"dateModified\":\"2026-04-06T06:46:07+00:00\",\"description\":\"J\u00e4\u00e4kalastuskomplekt on ideaalne valik igale kalastushuvilisele. Olge valmis talveks ja nautige usaldusv\u00e4\u00e4rset varustust! \u2744\ufe0f\",\"breadcrumb\":{\"@id\":\"https:\\\/\\\/raymarine.ee\\\/product\\\/raymarine-element-jaapuugi-komplekt\\\/#breadcrumb\"},\"inLanguage\":\"en-GB\",\"potentialAction\":[{\"@type\":\"ReadAction\",\"target\":[\"https:\\\/\\\/raymarine.ee\\\/product\\\/raymarine-element-jaapuugi-komplekt\\\/\"]}]},{\"@type\":\"ImageObject\",\"inLanguage\":\"en-GB\",\"@id\":\"https:\\\/\\\/raymarine.ee\\\/product\\\/raymarine-element-jaapuugi-komplekt\\\/#primaryimage\",\"url\":\"https:\\\/\\\/raymarine.ee\\\/wp-content\\\/uploads\\\/2025\\\/01\\\/6c22818b-6c68-434b-9dd0-5a4040869309.webp\",\"contentUrl\":\"https:\\\/\\\/raymarine.ee\\\/wp-content\\\/uploads\\\/2025\\\/01\\\/6c22818b-6c68-434b-9dd0-5a4040869309.webp\",\"width\":1024,\"height\":1024},{\"@type\":\"BreadcrumbList\",\"@id\":\"https:\\\/\\\/raymarine.ee\\\/product\\\/raymarine-element-jaapuugi-komplekt\\\/#breadcrumb\",\"itemListElement\":[{\"@type\":\"ListItem\",\"position\":1,\"name\":\"Home\",\"item\":\"https:\\\/\\\/raymarine.ee\\\/\"},{\"@type\":\"ListItem\",\"position\":2,\"name\":\"Tooted\",\"item\":\"https:\\\/\\\/raymarine.ee\\\/shop\\\/\"},{\"@type\":\"ListItem\",\"position\":3,\"name\":\"Raymarine Element Ice Fishing Kit\"}]},{\"@type\":\"WebSite\",\"@id\":\"https:\\\/\\\/raymarine.ee\\\/#website\",\"url\":\"https:\\\/\\\/raymarine.ee\\\/\",\"name\":\"www.raymarine.ee\",\"description\":\"Mereelektroonika, kaardiplotter, autopiloot, pinnipiloot, roolipiloot, radar, AIS, VHF, Smart Wind\",\"publisher\":{\"@id\":\"https:\\\/\\\/raymarine.ee\\\/#organization\"},\"alternateName\":\"Raymarine\",\"potentialAction\":[{\"@type\":\"SearchAction\",\"target\":{\"@type\":\"EntryPoint\",\"urlTemplate\":\"https:\\\/\\\/raymarine.ee\\\/?s={search_term_string}\"},\"query-input\":{\"@type\":\"PropertyValueSpecification\",\"valueRequired\":true,\"valueName\":\"search_term_string\"}}],\"inLanguage\":\"en-GB\"},{\"@type\":\"Organization\",\"@id\":\"https:\\\/\\\/raymarine.ee\\\/#organization\",\"name\":\"NavSystems O\u00dc\",\"url\":\"https:\\\/\\\/raymarine.ee\\\/\",\"logo\":{\"@type\":\"ImageObject\",\"inLanguage\":\"en-GB\",\"@id\":\"https:\\\/\\\/raymarine.ee\\\/#\\\/schema\\\/logo\\\/image\\\/\",\"url\":\"https:\\\/\\\/raymarine.ee\\\/wp-content\\\/uploads\\\/2024\\\/10\\\/Screenshot-2024-10-15-151324_bg_removed.webp\",\"contentUrl\":\"https:\\\/\\\/raymarine.ee\\\/wp-content\\\/uploads\\\/2024\\\/10\\\/Screenshot-2024-10-15-151324_bg_removed.webp\",\"width\":420,\"height\":276,\"caption\":\"NavSystems O\u00dc\"},\"image\":{\"@id\":\"https:\\\/\\\/raymarine.ee\\\/#\\\/schema\\\/logo\\\/image\\\/\"},\"sameAs\":[\"https:\\\/\\\/www.facebook.com\\\/NavSystems\"],\"legalName\":\"NavSystems O\u00dc\",\"foundingDate\":\"2011-05-03\",\"numberOfEmployees\":{\"@type\":\"QuantitativeValue\",\"minValue\":\"1\",\"maxValue\":\"10\"}}]}<\/script>\n<meta property=\"product:price:amount\" content=\"278.00\" \/>\n<meta property=\"product:price:currency\" content=\"EUR\" \/>\n<meta property=\"og:availability\" content=\"instock\" \/>\n<meta property=\"product:availability\" content=\"instock\" \/>\n<meta property=\"product:retailer_item_id\" content=\"A80581\" \/>\n<meta property=\"product:condition\" content=\"new\" \/>\n<!-- \/ Yoast SEO Premium plugin. -->","yoast_head_json":{"title":"Element seeria j\u00e4\u00e4kalastuskomplekt koos akuga, laadija ja anduriga - NavSystems","description":"J\u00e4\u00e4kalastuskomplekt on ideaalne valik igale kalastushuvilisele. Olge valmis talveks ja nautige usaldusv\u00e4\u00e4rset varustust! \u2744\ufe0f","robots":{"index":"index","follow":"follow","max-snippet":"max-snippet:-1","max-image-preview":"max-image-preview:large","max-video-preview":"max-video-preview:-1"},"canonical":"https:\/\/raymarine.ee\/en\/product\/raymarine-element-jaapuugi-komplekt\/","og_locale":"en_GB","og_type":"article","og_title":"Raymarine Element Ice Fishing Kit","og_description":"J\u00e4\u00e4kalastuskomplekt on ideaalne valik igale kalastushuvilisele. Olge valmis talveks ja nautige usaldusv\u00e4\u00e4rset varustust! \u2744\ufe0f","og_url":"https:\/\/raymarine.ee\/en\/product\/raymarine-element-jaapuugi-komplekt\/","og_site_name":"NavSystems","article_publisher":"https:\/\/www.facebook.com\/NavSystems","article_modified_time":"2026-04-06T06:46:07+00:00","og_image":[{"width":1024,"height":1024,"url":"https:\/\/raymarine.ee\/wp-content\/uploads\/2025\/01\/6c22818b-6c68-434b-9dd0-5a4040869309.webp","type":"image\/webp"}],"twitter_card":"summary_large_image","twitter_misc":{"Price":"278,00&nbsp;&euro;","Availability":"In stock"},"schema":{"@context":"https:\/\/schema.org","@graph":[{"@type":"WebPage","@id":"https:\/\/raymarine.ee\/product\/raymarine-element-jaapuugi-komplekt\/","url":"https:\/\/raymarine.ee\/product\/raymarine-element-jaapuugi-komplekt\/","name":"Element seeria j\u00e4\u00e4kalastuskomplekt koos akuga, laadija ja anduriga - NavSystems","isPartOf":{"@id":"https:\/\/raymarine.ee\/#website"},"primaryImageOfPage":{"@id":"https:\/\/raymarine.ee\/product\/raymarine-element-jaapuugi-komplekt\/#primaryimage"},"image":{"@id":"https:\/\/raymarine.ee\/product\/raymarine-element-jaapuugi-komplekt\/#primaryimage"},"thumbnailUrl":"https:\/\/raymarine.ee\/wp-content\/uploads\/2025\/01\/6c22818b-6c68-434b-9dd0-5a4040869309.webp","datePublished":"2025-01-14T18:29:16+00:00","dateModified":"2026-04-06T06:46:07+00:00","description":"J\u00e4\u00e4kalastuskomplekt on ideaalne valik igale kalastushuvilisele. Olge valmis talveks ja nautige usaldusv\u00e4\u00e4rset varustust! \u2744\ufe0f","breadcrumb":{"@id":"https:\/\/raymarine.ee\/product\/raymarine-element-jaapuugi-komplekt\/#breadcrumb"},"inLanguage":"en-GB","potentialAction":[{"@type":"ReadAction","target":["https:\/\/raymarine.ee\/product\/raymarine-element-jaapuugi-komplekt\/"]}]},{"@type":"ImageObject","inLanguage":"en-GB","@id":"https:\/\/raymarine.ee\/product\/raymarine-element-jaapuugi-komplekt\/#primaryimage","url":"https:\/\/raymarine.ee\/wp-content\/uploads\/2025\/01\/6c22818b-6c68-434b-9dd0-5a4040869309.webp","contentUrl":"https:\/\/raymarine.ee\/wp-content\/uploads\/2025\/01\/6c22818b-6c68-434b-9dd0-5a4040869309.webp","width":1024,"height":1024},{"@type":"BreadcrumbList","@id":"https:\/\/raymarine.ee\/product\/raymarine-element-jaapuugi-komplekt\/#breadcrumb","itemListElement":[{"@type":"ListItem","position":1,"name":"Home","item":"https:\/\/raymarine.ee\/"},{"@type":"ListItem","position":2,"name":"Tooted","item":"https:\/\/raymarine.ee\/shop\/"},{"@type":"ListItem","position":3,"name":"Raymarine Element Ice Fishing Kit"}]},{"@type":"WebSite","@id":"https:\/\/raymarine.ee\/#website","url":"https:\/\/raymarine.ee\/","name":"www.raymarine.ee","description":"Mereelektroonika, kaardiplotter, autopiloot, pinnipiloot, roolipiloot, radar, AIS, VHF, Smart Wind","publisher":{"@id":"https:\/\/raymarine.ee\/#organization"},"alternateName":"Raymarine","potentialAction":[{"@type":"SearchAction","target":{"@type":"EntryPoint","urlTemplate":"https:\/\/raymarine.ee\/?s={search_term_string}"},"query-input":{"@type":"PropertyValueSpecification","valueRequired":true,"valueName":"search_term_string"}}],"inLanguage":"en-GB"},{"@type":"Organization","@id":"https:\/\/raymarine.ee\/#organization","name":"NavSystems O\u00dc","url":"https:\/\/raymarine.ee\/","logo":{"@type":"ImageObject","inLanguage":"en-GB","@id":"https:\/\/raymarine.ee\/#\/schema\/logo\/image\/","url":"https:\/\/raymarine.ee\/wp-content\/uploads\/2024\/10\/Screenshot-2024-10-15-151324_bg_removed.webp","contentUrl":"https:\/\/raymarine.ee\/wp-content\/uploads\/2024\/10\/Screenshot-2024-10-15-151324_bg_removed.webp","width":420,"height":276,"caption":"NavSystems O\u00dc"},"image":{"@id":"https:\/\/raymarine.ee\/#\/schema\/logo\/image\/"},"sameAs":["https:\/\/www.facebook.com\/NavSystems"],"legalName":"NavSystems O\u00dc","foundingDate":"2011-05-03","numberOfEmployees":{"@type":"QuantitativeValue","minValue":"1","maxValue":"10"}}]},"product_price_amount":"278.00","product_price_currency":"EUR","og_availability":"instock","product_availability":"instock","product_retailer_item_id":"A80581","product_condition":"new"},"jetpack_sharing_enabled":true,"_links":{"self":[{"href":"https:\/\/raymarine.ee\/en\/wp-json\/wp\/v2\/product\/6389","targetHints":{"allow":["GET"]}}],"collection":[{"href":"https:\/\/raymarine.ee\/en\/wp-json\/wp\/v2\/product"}],"about":[{"href":"https:\/\/raymarine.ee\/en\/wp-json\/wp\/v2\/types\/product"}],"wp:featuredmedia":[{"embeddable":true,"href":"https:\/\/raymarine.ee\/en\/wp-json\/wp\/v2\/media\/7644"}],"wp:attachment":[{"href":"https:\/\/raymarine.ee\/en\/wp-json\/wp\/v2\/media?parent=6389"}],"wp:term":[{"taxonomy":"product_brand","embeddable":true,"href":"https:\/\/raymarine.ee\/en\/wp-json\/wp\/v2\/product_brand?post=6389"},{"taxonomy":"product_cat","embeddable":true,"href":"https:\/\/raymarine.ee\/en\/wp-json\/wp\/v2\/product_cat?post=6389"},{"taxonomy":"product_tag","embeddable":true,"href":"https:\/\/raymarine.ee\/en\/wp-json\/wp\/v2\/product_tag?post=6389"}],"curies":[{"name":"wp","href":"https:\/\/api.w.org\/{rel}","templated":true}]}}