{"id":6390,"date":"2025-01-14T18:26:17","date_gmt":"2025-01-14T18:26:17","guid":{"rendered":"https:\/\/raymarine.ee\/?post_type=product&#038;p=6390"},"modified":"2025-04-24T11:34:29","modified_gmt":"2025-04-24T09:34:29","slug":"element-seeria-paigaldusjalg","status":"publish","type":"product","link":"https:\/\/raymarine.ee\/en\/product\/element-seeria-paigaldusjalg\/","title":{"rendered":"ELEMENT seeria paigaldusjalg"},"content":{"rendered":"<p>Vaata\u00a0<a href=\"http:\/\/www.raymarine.eu\/element-series\/\" target=\"_blank\" rel=\"noopener\">ELEMENT seeria kaardiplotterite ja kalaleidjate<\/a>\u00a0tootetutvustust.<\/p>\n<p class=\"\" data-start=\"83\" data-end=\"499\">ELEMENT seeria paigaldusjalg on m\u00f5eldud paigaldamiseks Raymarine ELEMENT kaardiplotteritele. Vaikimisi on valitud 7&#8243; paigaldusjalg, kuid erinevate m\u00f5\u00f5tude valimiseks saate valida rippmen\u00fc\u00fcst sobiva valiku. ELEMENT HV ja ELEMENT S seeria m\u00f5\u00f5dud on samad ning vastavad paigaldusjalad sobivad m\u00f5lemale seeriale. Komplekt sisaldab \u00fchte harki (7&#8243; on plastikust, 9&#8243; ja 12&#8243; metallist) ja kahte plastikmutriga kinnituskruvi.<\/p>\n<p class=\"\" data-start=\"501\" data-end=\"523\"><strong data-start=\"501\" data-end=\"523\">Peamised omadused:<\/strong><\/p>\n<ul data-start=\"525\" data-end=\"825\">\n<li class=\"\" data-start=\"525\" data-end=\"619\">\n<p class=\"\" data-start=\"527\" data-end=\"619\"><strong data-start=\"527\" data-end=\"570\">Sobib ELEMENT seeria kaardiplotteritele<\/strong> (kaasaarvatud ELEMENT HV ja ELEMENT S seeriale).<\/p>\n<\/li>\n<li class=\"\" data-start=\"620\" data-end=\"690\">\n<p class=\"\" data-start=\"622\" data-end=\"690\"><strong data-start=\"622\" data-end=\"658\">Valik erinevaid m\u00f5\u00f5tude valikuid<\/strong> (7&#8243;, 9&#8243; ja 12&#8243; paigaldusjalad).<\/p>\n<\/li>\n<li class=\"\" data-start=\"691\" data-end=\"825\">\n<p class=\"\" data-start=\"693\" data-end=\"738\"><strong data-start=\"693\" data-end=\"738\">Komplekt sisaldab harki ja kinnituskruve.<\/strong><\/p>\n<ul data-start=\"741\" data-end=\"825\">\n<li class=\"\" data-start=\"741\" data-end=\"778\">\n<p class=\"\" data-start=\"743\" data-end=\"778\"><strong data-start=\"743\" data-end=\"778\">7&#8243; paigaldusjalg on plastikust.<\/strong><\/p>\n<\/li>\n<li class=\"\" data-start=\"781\" data-end=\"825\">\n<p class=\"\" data-start=\"783\" data-end=\"825\"><strong data-start=\"783\" data-end=\"825\">9&#8243; ja 12&#8243; paigaldusjalad on metallist.<\/strong><\/p>\n<\/li>\n<\/ul>\n<\/li>\n<\/ul>","protected":false},"excerpt":{"rendered":"<p>ELEMENT seeria paigaldusjalg. Vaikimisi on valitud ELEMENT 7&#8243; paigaldusjalg. Erinevate m\u00f5\u00f5tude valimiseks tee rippmen\u00fc\u00fcst vastav valik. ELEMENT HV ja ELEMENT S seeria m\u00f5\u00f5dud on samad ja ka paigaldusjalad on samad. Komplekt sisaldab \u00fchte harki (7&#8243; on plastikust, 9&#8243; ja 12&#8243; metallist) ja kahte plastik mutriga kinnituskruvi.<\/p>","protected":false},"featured_media":7645,"template":"","meta":{"_acf_changed":false},"product_brand":[],"product_cat":[18,103,60],"product_tag":[],"class_list":{"0":"post-6390","1":"product","2":"type-product","3":"status-publish","4":"has-post-thumbnail","6":"product_cat-axiom-axiom2-kaardiplotter-axiom2-pro","7":"product_cat-raymarine","8":"product_cat-element","10":"first","11":"instock","12":"taxable","13":"shipping-taxable","14":"purchasable","15":"product-type-simple"},"acf":[],"yoast_head":"<!-- This site is optimized with the Yoast SEO Premium plugin v27.5 (Yoast SEO v27.5) - https:\/\/yoast.com\/product\/yoast-seo-premium-wordpress\/ -->\n<title>ELEMENT seeria paigaldusjalg - NavSystems Mereelektroonika<\/title>\n<meta name=\"description\" content=\"Raymarine ELEMENT seeria paigaldusjalg, sobilik erinevate ELEMENT kaardiplotterite m\u00f5\u00f5tudega (7&quot;, 9&quot;, 12&quot;). Komplekt sisaldab plastikust v\u00f5i metallist harki ja kinnituskruve.\" \/>\n<meta name=\"robots\" content=\"index, follow, max-snippet:-1, max-image-preview:large, max-video-preview:-1\" \/>\n<link rel=\"canonical\" href=\"https:\/\/raymarine.ee\/en\/product\/element-seeria-paigaldusjalg\/\" \/>\n<meta property=\"og:locale\" content=\"en_GB\" \/>\n<meta property=\"og:type\" content=\"article\" \/>\n<meta property=\"og:title\" content=\"ELEMENT seeria paigaldusjalg\" \/>\n<meta property=\"og:description\" content=\"Raymarine ELEMENT seeria paigaldusjalg, sobilik erinevate ELEMENT kaardiplotterite m\u00f5\u00f5tudega (7&quot;, 9&quot;, 12&quot;). Komplekt sisaldab plastikust v\u00f5i metallist harki ja kinnituskruve.\" \/>\n<meta property=\"og:url\" content=\"https:\/\/raymarine.ee\/en\/product\/element-seeria-paigaldusjalg\/\" \/>\n<meta property=\"og:site_name\" content=\"NavSystems\" \/>\n<meta property=\"article:publisher\" content=\"https:\/\/www.facebook.com\/NavSystems\" \/>\n<meta property=\"article:modified_time\" content=\"2025-04-24T09:34:29+00:00\" \/>\n<meta property=\"og:image\" content=\"https:\/\/raymarine.ee\/wp-content\/uploads\/2025\/01\/5f2e67e5-a6a2-45ef-91ee-c4b9a5c3a498.webp\" \/>\n\t<meta property=\"og:image:width\" content=\"1024\" \/>\n\t<meta property=\"og:image:height\" content=\"1024\" \/>\n\t<meta property=\"og:image:type\" content=\"image\/webp\" \/>\n<meta name=\"twitter:card\" content=\"summary_large_image\" \/>\n<meta name=\"twitter:label1\" content=\"Price\" \/>\n\t<meta name=\"twitter:data1\" content=\"85,00&nbsp;&euro;\" \/>\n\t<meta name=\"twitter:label2\" content=\"Availability\" \/>\n\t<meta name=\"twitter:data2\" content=\"In stock\" \/>\n<script type=\"application\/ld+json\" class=\"yoast-schema-graph\">{\"@context\":\"https:\\\/\\\/schema.org\",\"@graph\":[{\"@type\":\"WebPage\",\"@id\":\"https:\\\/\\\/raymarine.ee\\\/product\\\/element-seeria-paigaldusjalg\\\/\",\"url\":\"https:\\\/\\\/raymarine.ee\\\/product\\\/element-seeria-paigaldusjalg\\\/\",\"name\":\"ELEMENT seeria paigaldusjalg - NavSystems Mereelektroonika\",\"isPartOf\":{\"@id\":\"https:\\\/\\\/raymarine.ee\\\/#website\"},\"primaryImageOfPage\":{\"@id\":\"https:\\\/\\\/raymarine.ee\\\/product\\\/element-seeria-paigaldusjalg\\\/#primaryimage\"},\"image\":{\"@id\":\"https:\\\/\\\/raymarine.ee\\\/product\\\/element-seeria-paigaldusjalg\\\/#primaryimage\"},\"thumbnailUrl\":\"https:\\\/\\\/raymarine.ee\\\/wp-content\\\/uploads\\\/2025\\\/01\\\/5f2e67e5-a6a2-45ef-91ee-c4b9a5c3a498.webp\",\"datePublished\":\"2025-01-14T18:26:17+00:00\",\"dateModified\":\"2025-04-24T09:34:29+00:00\",\"description\":\"Raymarine ELEMENT seeria paigaldusjalg, sobilik erinevate ELEMENT kaardiplotterite m\u00f5\u00f5tudega (7\\\", 9\\\", 12\\\"). Komplekt sisaldab plastikust v\u00f5i metallist harki ja kinnituskruve.\",\"breadcrumb\":{\"@id\":\"https:\\\/\\\/raymarine.ee\\\/product\\\/element-seeria-paigaldusjalg\\\/#breadcrumb\"},\"inLanguage\":\"en-GB\",\"potentialAction\":[{\"@type\":\"ReadAction\",\"target\":[\"https:\\\/\\\/raymarine.ee\\\/product\\\/element-seeria-paigaldusjalg\\\/\"]}]},{\"@type\":\"ImageObject\",\"inLanguage\":\"en-GB\",\"@id\":\"https:\\\/\\\/raymarine.ee\\\/product\\\/element-seeria-paigaldusjalg\\\/#primaryimage\",\"url\":\"https:\\\/\\\/raymarine.ee\\\/wp-content\\\/uploads\\\/2025\\\/01\\\/5f2e67e5-a6a2-45ef-91ee-c4b9a5c3a498.webp\",\"contentUrl\":\"https:\\\/\\\/raymarine.ee\\\/wp-content\\\/uploads\\\/2025\\\/01\\\/5f2e67e5-a6a2-45ef-91ee-c4b9a5c3a498.webp\",\"width\":1024,\"height\":1024},{\"@type\":\"BreadcrumbList\",\"@id\":\"https:\\\/\\\/raymarine.ee\\\/product\\\/element-seeria-paigaldusjalg\\\/#breadcrumb\",\"itemListElement\":[{\"@type\":\"ListItem\",\"position\":1,\"name\":\"Home\",\"item\":\"https:\\\/\\\/raymarine.ee\\\/\"},{\"@type\":\"ListItem\",\"position\":2,\"name\":\"Tooted\",\"item\":\"https:\\\/\\\/raymarine.ee\\\/shop\\\/\"},{\"@type\":\"ListItem\",\"position\":3,\"name\":\"ELEMENT seeria paigaldusjalg\"}]},{\"@type\":\"WebSite\",\"@id\":\"https:\\\/\\\/raymarine.ee\\\/#website\",\"url\":\"https:\\\/\\\/raymarine.ee\\\/\",\"name\":\"www.raymarine.ee\",\"description\":\"Mereelektroonika, kaardiplotter, autopiloot, pinnipiloot, roolipiloot, radar, AIS, VHF, Smart Wind\",\"publisher\":{\"@id\":\"https:\\\/\\\/raymarine.ee\\\/#organization\"},\"alternateName\":\"Raymarine\",\"potentialAction\":[{\"@type\":\"SearchAction\",\"target\":{\"@type\":\"EntryPoint\",\"urlTemplate\":\"https:\\\/\\\/raymarine.ee\\\/?s={search_term_string}\"},\"query-input\":{\"@type\":\"PropertyValueSpecification\",\"valueRequired\":true,\"valueName\":\"search_term_string\"}}],\"inLanguage\":\"en-GB\"},{\"@type\":\"Organization\",\"@id\":\"https:\\\/\\\/raymarine.ee\\\/#organization\",\"name\":\"NavSystems O\u00dc\",\"url\":\"https:\\\/\\\/raymarine.ee\\\/\",\"logo\":{\"@type\":\"ImageObject\",\"inLanguage\":\"en-GB\",\"@id\":\"https:\\\/\\\/raymarine.ee\\\/#\\\/schema\\\/logo\\\/image\\\/\",\"url\":\"https:\\\/\\\/raymarine.ee\\\/wp-content\\\/uploads\\\/2024\\\/10\\\/Screenshot-2024-10-15-151324_bg_removed.webp\",\"contentUrl\":\"https:\\\/\\\/raymarine.ee\\\/wp-content\\\/uploads\\\/2024\\\/10\\\/Screenshot-2024-10-15-151324_bg_removed.webp\",\"width\":420,\"height\":276,\"caption\":\"NavSystems O\u00dc\"},\"image\":{\"@id\":\"https:\\\/\\\/raymarine.ee\\\/#\\\/schema\\\/logo\\\/image\\\/\"},\"sameAs\":[\"https:\\\/\\\/www.facebook.com\\\/NavSystems\"],\"legalName\":\"NavSystems O\u00dc\",\"foundingDate\":\"2011-05-03\",\"numberOfEmployees\":{\"@type\":\"QuantitativeValue\",\"minValue\":\"1\",\"maxValue\":\"10\"}}]}<\/script>\n<meta property=\"product:price:amount\" content=\"85.00\" \/>\n<meta property=\"product:price:currency\" content=\"EUR\" \/>\n<meta property=\"og:availability\" content=\"instock\" \/>\n<meta property=\"product:availability\" content=\"instock\" \/>\n<meta property=\"product:retailer_item_id\" content=\"R70647\" \/>\n<meta property=\"product:condition\" content=\"new\" \/>\n<!-- \/ Yoast SEO Premium plugin. -->","yoast_head_json":{"title":"ELEMENT seeria paigaldusjalg - NavSystems Mereelektroonika","description":"Raymarine ELEMENT seeria paigaldusjalg, sobilik erinevate ELEMENT kaardiplotterite m\u00f5\u00f5tudega (7\", 9\", 12\"). Komplekt sisaldab plastikust v\u00f5i metallist harki ja kinnituskruve.","robots":{"index":"index","follow":"follow","max-snippet":"max-snippet:-1","max-image-preview":"max-image-preview:large","max-video-preview":"max-video-preview:-1"},"canonical":"https:\/\/raymarine.ee\/en\/product\/element-seeria-paigaldusjalg\/","og_locale":"en_GB","og_type":"article","og_title":"ELEMENT seeria paigaldusjalg","og_description":"Raymarine ELEMENT seeria paigaldusjalg, sobilik erinevate ELEMENT kaardiplotterite m\u00f5\u00f5tudega (7\", 9\", 12\"). Komplekt sisaldab plastikust v\u00f5i metallist harki ja kinnituskruve.","og_url":"https:\/\/raymarine.ee\/en\/product\/element-seeria-paigaldusjalg\/","og_site_name":"NavSystems","article_publisher":"https:\/\/www.facebook.com\/NavSystems","article_modified_time":"2025-04-24T09:34:29+00:00","og_image":[{"width":1024,"height":1024,"url":"https:\/\/raymarine.ee\/wp-content\/uploads\/2025\/01\/5f2e67e5-a6a2-45ef-91ee-c4b9a5c3a498.webp","type":"image\/webp"}],"twitter_card":"summary_large_image","twitter_misc":{"Price":"85,00&nbsp;&euro;","Availability":"In stock"},"schema":{"@context":"https:\/\/schema.org","@graph":[{"@type":"WebPage","@id":"https:\/\/raymarine.ee\/product\/element-seeria-paigaldusjalg\/","url":"https:\/\/raymarine.ee\/product\/element-seeria-paigaldusjalg\/","name":"ELEMENT seeria paigaldusjalg - NavSystems Mereelektroonika","isPartOf":{"@id":"https:\/\/raymarine.ee\/#website"},"primaryImageOfPage":{"@id":"https:\/\/raymarine.ee\/product\/element-seeria-paigaldusjalg\/#primaryimage"},"image":{"@id":"https:\/\/raymarine.ee\/product\/element-seeria-paigaldusjalg\/#primaryimage"},"thumbnailUrl":"https:\/\/raymarine.ee\/wp-content\/uploads\/2025\/01\/5f2e67e5-a6a2-45ef-91ee-c4b9a5c3a498.webp","datePublished":"2025-01-14T18:26:17+00:00","dateModified":"2025-04-24T09:34:29+00:00","description":"Raymarine ELEMENT seeria paigaldusjalg, sobilik erinevate ELEMENT kaardiplotterite m\u00f5\u00f5tudega (7\", 9\", 12\"). Komplekt sisaldab plastikust v\u00f5i metallist harki ja kinnituskruve.","breadcrumb":{"@id":"https:\/\/raymarine.ee\/product\/element-seeria-paigaldusjalg\/#breadcrumb"},"inLanguage":"en-GB","potentialAction":[{"@type":"ReadAction","target":["https:\/\/raymarine.ee\/product\/element-seeria-paigaldusjalg\/"]}]},{"@type":"ImageObject","inLanguage":"en-GB","@id":"https:\/\/raymarine.ee\/product\/element-seeria-paigaldusjalg\/#primaryimage","url":"https:\/\/raymarine.ee\/wp-content\/uploads\/2025\/01\/5f2e67e5-a6a2-45ef-91ee-c4b9a5c3a498.webp","contentUrl":"https:\/\/raymarine.ee\/wp-content\/uploads\/2025\/01\/5f2e67e5-a6a2-45ef-91ee-c4b9a5c3a498.webp","width":1024,"height":1024},{"@type":"BreadcrumbList","@id":"https:\/\/raymarine.ee\/product\/element-seeria-paigaldusjalg\/#breadcrumb","itemListElement":[{"@type":"ListItem","position":1,"name":"Home","item":"https:\/\/raymarine.ee\/"},{"@type":"ListItem","position":2,"name":"Tooted","item":"https:\/\/raymarine.ee\/shop\/"},{"@type":"ListItem","position":3,"name":"ELEMENT seeria paigaldusjalg"}]},{"@type":"WebSite","@id":"https:\/\/raymarine.ee\/#website","url":"https:\/\/raymarine.ee\/","name":"www.raymarine.ee","description":"Mereelektroonika, kaardiplotter, autopiloot, pinnipiloot, roolipiloot, radar, AIS, VHF, Smart Wind","publisher":{"@id":"https:\/\/raymarine.ee\/#organization"},"alternateName":"Raymarine","potentialAction":[{"@type":"SearchAction","target":{"@type":"EntryPoint","urlTemplate":"https:\/\/raymarine.ee\/?s={search_term_string}"},"query-input":{"@type":"PropertyValueSpecification","valueRequired":true,"valueName":"search_term_string"}}],"inLanguage":"en-GB"},{"@type":"Organization","@id":"https:\/\/raymarine.ee\/#organization","name":"NavSystems O\u00dc","url":"https:\/\/raymarine.ee\/","logo":{"@type":"ImageObject","inLanguage":"en-GB","@id":"https:\/\/raymarine.ee\/#\/schema\/logo\/image\/","url":"https:\/\/raymarine.ee\/wp-content\/uploads\/2024\/10\/Screenshot-2024-10-15-151324_bg_removed.webp","contentUrl":"https:\/\/raymarine.ee\/wp-content\/uploads\/2024\/10\/Screenshot-2024-10-15-151324_bg_removed.webp","width":420,"height":276,"caption":"NavSystems O\u00dc"},"image":{"@id":"https:\/\/raymarine.ee\/#\/schema\/logo\/image\/"},"sameAs":["https:\/\/www.facebook.com\/NavSystems"],"legalName":"NavSystems O\u00dc","foundingDate":"2011-05-03","numberOfEmployees":{"@type":"QuantitativeValue","minValue":"1","maxValue":"10"}}]},"product_price_amount":"85.00","product_price_currency":"EUR","og_availability":"instock","product_availability":"instock","product_retailer_item_id":"R70647","product_condition":"new"},"jetpack_sharing_enabled":true,"_links":{"self":[{"href":"https:\/\/raymarine.ee\/en\/wp-json\/wp\/v2\/product\/6390","targetHints":{"allow":["GET"]}}],"collection":[{"href":"https:\/\/raymarine.ee\/en\/wp-json\/wp\/v2\/product"}],"about":[{"href":"https:\/\/raymarine.ee\/en\/wp-json\/wp\/v2\/types\/product"}],"wp:featuredmedia":[{"embeddable":true,"href":"https:\/\/raymarine.ee\/en\/wp-json\/wp\/v2\/media\/7645"}],"wp:attachment":[{"href":"https:\/\/raymarine.ee\/en\/wp-json\/wp\/v2\/media?parent=6390"}],"wp:term":[{"taxonomy":"product_brand","embeddable":true,"href":"https:\/\/raymarine.ee\/en\/wp-json\/wp\/v2\/product_brand?post=6390"},{"taxonomy":"product_cat","embeddable":true,"href":"https:\/\/raymarine.ee\/en\/wp-json\/wp\/v2\/product_cat?post=6390"},{"taxonomy":"product_tag","embeddable":true,"href":"https:\/\/raymarine.ee\/en\/wp-json\/wp\/v2\/product_tag?post=6390"}],"curies":[{"name":"wp","href":"https:\/\/api.w.org\/{rel}","templated":true}]}}