{"id":6391,"date":"2025-01-14T18:27:40","date_gmt":"2025-01-14T18:27:40","guid":{"rendered":"https:\/\/raymarine.ee\/?post_type=product&#038;p=6391"},"modified":"2025-04-24T11:33:57","modified_gmt":"2025-04-24T09:33:57","slug":"hv-100-transom-transducer-bracket","status":"publish","type":"product","link":"https:\/\/raymarine.ee\/en\/product\/hv-100-transom-transducer-bracket\/","title":{"rendered":"HV-100 Transom Transducer Bracket"},"content":{"rendered":"<p class=\"\" data-start=\"49\" data-end=\"108\"><strong data-start=\"49\" data-end=\"108\">Raymarine HV-100 Transd\u00fcktori Transomi Paigaldusklamber<\/strong><\/p>\n<p class=\"\" data-start=\"110\" data-end=\"418\">Raymarine HV-100 Transd\u00fcktori transomi paigaldusklamber sisaldab k\u00f5iki vajalikke komponente HV-100 transd\u00fcktori paigaldamiseks paadi transomile. See klamber on ideaalne valik t\u00e4iendavaks v\u00f5i asendatavaks paigalduseks, pakkudes lihtsat ja mugavat lahendust, et kinnitada HV-100 transd\u00fcktori paadi tagak\u00fcljele.<\/p>\n<p class=\"\" data-start=\"420\" data-end=\"442\"><strong data-start=\"420\" data-end=\"442\">Peamised omadused:<\/strong><\/p>\n<ul data-start=\"444\" data-end=\"684\">\n<li class=\"\" data-start=\"444\" data-end=\"520\">\n<p class=\"\" data-start=\"446\" data-end=\"520\"><strong data-start=\"446\" data-end=\"520\">Teise v\u00f5i asendusena kasutatav transd\u00fcktori transomi paigaldusklamber.<\/strong><\/p>\n<\/li>\n<li class=\"\" data-start=\"521\" data-end=\"607\">\n<p class=\"\" data-start=\"523\" data-end=\"607\"><strong data-start=\"523\" data-end=\"573\">Kasutamiseks HV-100 HyperVision transd\u00fcktoriga<\/strong> (transd\u00fcktor ei kuulu komplekti).<\/p>\n<\/li>\n<li class=\"\" data-start=\"608\" data-end=\"684\">\n<p class=\"\" data-start=\"610\" data-end=\"684\"><strong data-start=\"610\" data-end=\"684\">Lihtne ja mugav paigaldada; kinnitatakse transd\u00fcktor paadi transomile.<\/strong><\/p>\n<\/li>\n<\/ul>","protected":false},"excerpt":{"rendered":"<p>Raymarine&#8217;s HV-100 Transducer Transom Bracket includes all of the necessary hardware needed to mount an HV-100 to a transom of a boat. Features: Secondary or replacement transducer transom mount bracket. For use with HV-100 HyperVision transducer (Transducer is Not Included). Simple and convenient to install; attaches transducer to transom.<\/p>","protected":false},"featured_media":7646,"template":"","meta":{"_acf_changed":false},"product_brand":[],"product_cat":[77,54,103,60,79],"product_tag":[],"class_list":{"0":"post-6391","1":"product","2":"type-product","3":"status-publish","4":"has-post-thumbnail","6":"product_cat-raymarine-kaardiplotter-kalaleidja","7":"product_cat-kalaleidjad","8":"product_cat-raymarine","9":"product_cat-element","10":"product_cat-kalaleidjate_andurid","12":"first","13":"instock","14":"sale","15":"taxable","16":"shipping-taxable","17":"purchasable","18":"product-type-simple"},"acf":[],"yoast_head":"<!-- This site is optimized with the Yoast SEO Premium plugin v27.5 (Yoast SEO v27.5) - https:\/\/yoast.com\/product\/yoast-seo-premium-wordpress\/ -->\n<title>HV-100 Transom Transducer Bracket - NavSystems Mereelektroonika<\/title>\n<meta name=\"description\" content=\"Raymarine HV-100 transd\u00fcktori transomi paigaldusklamber, mis sisaldab k\u00f5iki vajalikke komponente HV-100 transd\u00fcktori paigaldamiseks paadi tagak\u00fcljele. Lihtne paigaldus ja usaldusv\u00e4\u00e4rne lahendus.\" \/>\n<meta name=\"robots\" content=\"index, follow, max-snippet:-1, max-image-preview:large, max-video-preview:-1\" \/>\n<link rel=\"canonical\" href=\"https:\/\/raymarine.ee\/en\/product\/hv-100-transom-transducer-bracket\/\" \/>\n<meta property=\"og:locale\" content=\"en_GB\" \/>\n<meta property=\"og:type\" content=\"article\" \/>\n<meta property=\"og:title\" content=\"HV-100 Transom Transducer Bracket\" \/>\n<meta property=\"og:description\" content=\"Raymarine HV-100 transd\u00fcktori transomi paigaldusklamber, mis sisaldab k\u00f5iki vajalikke komponente HV-100 transd\u00fcktori paigaldamiseks paadi tagak\u00fcljele. Lihtne paigaldus ja usaldusv\u00e4\u00e4rne lahendus.\" \/>\n<meta property=\"og:url\" content=\"https:\/\/raymarine.ee\/en\/product\/hv-100-transom-transducer-bracket\/\" \/>\n<meta property=\"og:site_name\" content=\"NavSystems\" \/>\n<meta property=\"article:publisher\" content=\"https:\/\/www.facebook.com\/NavSystems\" \/>\n<meta property=\"article:modified_time\" content=\"2025-04-24T09:33:57+00:00\" \/>\n<meta property=\"og:image\" content=\"https:\/\/raymarine.ee\/wp-content\/uploads\/2025\/01\/17a41208-911d-4116-96c8-7271654ac500.webp\" \/>\n\t<meta property=\"og:image:width\" content=\"1024\" \/>\n\t<meta property=\"og:image:height\" content=\"1024\" \/>\n\t<meta property=\"og:image:type\" content=\"image\/webp\" \/>\n<meta name=\"twitter:card\" content=\"summary_large_image\" \/>\n<meta name=\"twitter:label1\" content=\"Price\" \/>\n\t<meta name=\"twitter:data1\" content=\"59,00&nbsp;&euro;\" \/>\n\t<meta name=\"twitter:label2\" content=\"Availability\" \/>\n\t<meta name=\"twitter:data2\" content=\"In stock\" \/>\n<script type=\"application\/ld+json\" class=\"yoast-schema-graph\">{\"@context\":\"https:\\\/\\\/schema.org\",\"@graph\":[{\"@type\":\"WebPage\",\"@id\":\"https:\\\/\\\/raymarine.ee\\\/product\\\/hv-100-transom-transducer-bracket\\\/\",\"url\":\"https:\\\/\\\/raymarine.ee\\\/product\\\/hv-100-transom-transducer-bracket\\\/\",\"name\":\"HV-100 Transom Transducer Bracket - NavSystems Mereelektroonika\",\"isPartOf\":{\"@id\":\"https:\\\/\\\/raymarine.ee\\\/#website\"},\"primaryImageOfPage\":{\"@id\":\"https:\\\/\\\/raymarine.ee\\\/product\\\/hv-100-transom-transducer-bracket\\\/#primaryimage\"},\"image\":{\"@id\":\"https:\\\/\\\/raymarine.ee\\\/product\\\/hv-100-transom-transducer-bracket\\\/#primaryimage\"},\"thumbnailUrl\":\"https:\\\/\\\/raymarine.ee\\\/wp-content\\\/uploads\\\/2025\\\/01\\\/17a41208-911d-4116-96c8-7271654ac500.webp\",\"datePublished\":\"2025-01-14T18:27:40+00:00\",\"dateModified\":\"2025-04-24T09:33:57+00:00\",\"description\":\"Raymarine HV-100 transd\u00fcktori transomi paigaldusklamber, mis sisaldab k\u00f5iki vajalikke komponente HV-100 transd\u00fcktori paigaldamiseks paadi tagak\u00fcljele. Lihtne paigaldus ja usaldusv\u00e4\u00e4rne lahendus.\",\"breadcrumb\":{\"@id\":\"https:\\\/\\\/raymarine.ee\\\/product\\\/hv-100-transom-transducer-bracket\\\/#breadcrumb\"},\"inLanguage\":\"en-GB\",\"potentialAction\":[{\"@type\":\"ReadAction\",\"target\":[\"https:\\\/\\\/raymarine.ee\\\/product\\\/hv-100-transom-transducer-bracket\\\/\"]}]},{\"@type\":\"ImageObject\",\"inLanguage\":\"en-GB\",\"@id\":\"https:\\\/\\\/raymarine.ee\\\/product\\\/hv-100-transom-transducer-bracket\\\/#primaryimage\",\"url\":\"https:\\\/\\\/raymarine.ee\\\/wp-content\\\/uploads\\\/2025\\\/01\\\/17a41208-911d-4116-96c8-7271654ac500.webp\",\"contentUrl\":\"https:\\\/\\\/raymarine.ee\\\/wp-content\\\/uploads\\\/2025\\\/01\\\/17a41208-911d-4116-96c8-7271654ac500.webp\",\"width\":1024,\"height\":1024},{\"@type\":\"BreadcrumbList\",\"@id\":\"https:\\\/\\\/raymarine.ee\\\/product\\\/hv-100-transom-transducer-bracket\\\/#breadcrumb\",\"itemListElement\":[{\"@type\":\"ListItem\",\"position\":1,\"name\":\"Home\",\"item\":\"https:\\\/\\\/raymarine.ee\\\/\"},{\"@type\":\"ListItem\",\"position\":2,\"name\":\"Tooted\",\"item\":\"https:\\\/\\\/raymarine.ee\\\/shop\\\/\"},{\"@type\":\"ListItem\",\"position\":3,\"name\":\"HV-100 Transom Transducer Bracket\"}]},{\"@type\":\"WebSite\",\"@id\":\"https:\\\/\\\/raymarine.ee\\\/#website\",\"url\":\"https:\\\/\\\/raymarine.ee\\\/\",\"name\":\"www.raymarine.ee\",\"description\":\"Mereelektroonika, kaardiplotter, autopiloot, pinnipiloot, roolipiloot, radar, AIS, VHF, Smart Wind\",\"publisher\":{\"@id\":\"https:\\\/\\\/raymarine.ee\\\/#organization\"},\"alternateName\":\"Raymarine\",\"potentialAction\":[{\"@type\":\"SearchAction\",\"target\":{\"@type\":\"EntryPoint\",\"urlTemplate\":\"https:\\\/\\\/raymarine.ee\\\/?s={search_term_string}\"},\"query-input\":{\"@type\":\"PropertyValueSpecification\",\"valueRequired\":true,\"valueName\":\"search_term_string\"}}],\"inLanguage\":\"en-GB\"},{\"@type\":\"Organization\",\"@id\":\"https:\\\/\\\/raymarine.ee\\\/#organization\",\"name\":\"NavSystems O\u00dc\",\"url\":\"https:\\\/\\\/raymarine.ee\\\/\",\"logo\":{\"@type\":\"ImageObject\",\"inLanguage\":\"en-GB\",\"@id\":\"https:\\\/\\\/raymarine.ee\\\/#\\\/schema\\\/logo\\\/image\\\/\",\"url\":\"https:\\\/\\\/raymarine.ee\\\/wp-content\\\/uploads\\\/2024\\\/10\\\/Screenshot-2024-10-15-151324_bg_removed.webp\",\"contentUrl\":\"https:\\\/\\\/raymarine.ee\\\/wp-content\\\/uploads\\\/2024\\\/10\\\/Screenshot-2024-10-15-151324_bg_removed.webp\",\"width\":420,\"height\":276,\"caption\":\"NavSystems O\u00dc\"},\"image\":{\"@id\":\"https:\\\/\\\/raymarine.ee\\\/#\\\/schema\\\/logo\\\/image\\\/\"},\"sameAs\":[\"https:\\\/\\\/www.facebook.com\\\/NavSystems\"],\"legalName\":\"NavSystems O\u00dc\",\"foundingDate\":\"2011-05-03\",\"numberOfEmployees\":{\"@type\":\"QuantitativeValue\",\"minValue\":\"1\",\"maxValue\":\"10\"}}]}<\/script>\n<meta property=\"product:price:amount\" content=\"59.00\" \/>\n<meta property=\"product:price:currency\" content=\"EUR\" \/>\n<meta property=\"og:availability\" content=\"instock\" \/>\n<meta property=\"product:availability\" content=\"instock\" \/>\n<meta property=\"product:retailer_item_id\" content=\"R70651\" \/>\n<meta property=\"product:condition\" content=\"new\" \/>\n<!-- \/ Yoast SEO Premium plugin. -->","yoast_head_json":{"title":"HV-100 Transom Transducer Bracket - NavSystems Mereelektroonika","description":"Raymarine HV-100 transd\u00fcktori transomi paigaldusklamber, mis sisaldab k\u00f5iki vajalikke komponente HV-100 transd\u00fcktori paigaldamiseks paadi tagak\u00fcljele. Lihtne paigaldus ja usaldusv\u00e4\u00e4rne lahendus.","robots":{"index":"index","follow":"follow","max-snippet":"max-snippet:-1","max-image-preview":"max-image-preview:large","max-video-preview":"max-video-preview:-1"},"canonical":"https:\/\/raymarine.ee\/en\/product\/hv-100-transom-transducer-bracket\/","og_locale":"en_GB","og_type":"article","og_title":"HV-100 Transom Transducer Bracket","og_description":"Raymarine HV-100 transd\u00fcktori transomi paigaldusklamber, mis sisaldab k\u00f5iki vajalikke komponente HV-100 transd\u00fcktori paigaldamiseks paadi tagak\u00fcljele. Lihtne paigaldus ja usaldusv\u00e4\u00e4rne lahendus.","og_url":"https:\/\/raymarine.ee\/en\/product\/hv-100-transom-transducer-bracket\/","og_site_name":"NavSystems","article_publisher":"https:\/\/www.facebook.com\/NavSystems","article_modified_time":"2025-04-24T09:33:57+00:00","og_image":[{"width":1024,"height":1024,"url":"https:\/\/raymarine.ee\/wp-content\/uploads\/2025\/01\/17a41208-911d-4116-96c8-7271654ac500.webp","type":"image\/webp"}],"twitter_card":"summary_large_image","twitter_misc":{"Price":"59,00&nbsp;&euro;","Availability":"In stock"},"schema":{"@context":"https:\/\/schema.org","@graph":[{"@type":"WebPage","@id":"https:\/\/raymarine.ee\/product\/hv-100-transom-transducer-bracket\/","url":"https:\/\/raymarine.ee\/product\/hv-100-transom-transducer-bracket\/","name":"HV-100 Transom Transducer Bracket - NavSystems Mereelektroonika","isPartOf":{"@id":"https:\/\/raymarine.ee\/#website"},"primaryImageOfPage":{"@id":"https:\/\/raymarine.ee\/product\/hv-100-transom-transducer-bracket\/#primaryimage"},"image":{"@id":"https:\/\/raymarine.ee\/product\/hv-100-transom-transducer-bracket\/#primaryimage"},"thumbnailUrl":"https:\/\/raymarine.ee\/wp-content\/uploads\/2025\/01\/17a41208-911d-4116-96c8-7271654ac500.webp","datePublished":"2025-01-14T18:27:40+00:00","dateModified":"2025-04-24T09:33:57+00:00","description":"Raymarine HV-100 transd\u00fcktori transomi paigaldusklamber, mis sisaldab k\u00f5iki vajalikke komponente HV-100 transd\u00fcktori paigaldamiseks paadi tagak\u00fcljele. Lihtne paigaldus ja usaldusv\u00e4\u00e4rne lahendus.","breadcrumb":{"@id":"https:\/\/raymarine.ee\/product\/hv-100-transom-transducer-bracket\/#breadcrumb"},"inLanguage":"en-GB","potentialAction":[{"@type":"ReadAction","target":["https:\/\/raymarine.ee\/product\/hv-100-transom-transducer-bracket\/"]}]},{"@type":"ImageObject","inLanguage":"en-GB","@id":"https:\/\/raymarine.ee\/product\/hv-100-transom-transducer-bracket\/#primaryimage","url":"https:\/\/raymarine.ee\/wp-content\/uploads\/2025\/01\/17a41208-911d-4116-96c8-7271654ac500.webp","contentUrl":"https:\/\/raymarine.ee\/wp-content\/uploads\/2025\/01\/17a41208-911d-4116-96c8-7271654ac500.webp","width":1024,"height":1024},{"@type":"BreadcrumbList","@id":"https:\/\/raymarine.ee\/product\/hv-100-transom-transducer-bracket\/#breadcrumb","itemListElement":[{"@type":"ListItem","position":1,"name":"Home","item":"https:\/\/raymarine.ee\/"},{"@type":"ListItem","position":2,"name":"Tooted","item":"https:\/\/raymarine.ee\/shop\/"},{"@type":"ListItem","position":3,"name":"HV-100 Transom Transducer Bracket"}]},{"@type":"WebSite","@id":"https:\/\/raymarine.ee\/#website","url":"https:\/\/raymarine.ee\/","name":"www.raymarine.ee","description":"Mereelektroonika, kaardiplotter, autopiloot, pinnipiloot, roolipiloot, radar, AIS, VHF, Smart Wind","publisher":{"@id":"https:\/\/raymarine.ee\/#organization"},"alternateName":"Raymarine","potentialAction":[{"@type":"SearchAction","target":{"@type":"EntryPoint","urlTemplate":"https:\/\/raymarine.ee\/?s={search_term_string}"},"query-input":{"@type":"PropertyValueSpecification","valueRequired":true,"valueName":"search_term_string"}}],"inLanguage":"en-GB"},{"@type":"Organization","@id":"https:\/\/raymarine.ee\/#organization","name":"NavSystems O\u00dc","url":"https:\/\/raymarine.ee\/","logo":{"@type":"ImageObject","inLanguage":"en-GB","@id":"https:\/\/raymarine.ee\/#\/schema\/logo\/image\/","url":"https:\/\/raymarine.ee\/wp-content\/uploads\/2024\/10\/Screenshot-2024-10-15-151324_bg_removed.webp","contentUrl":"https:\/\/raymarine.ee\/wp-content\/uploads\/2024\/10\/Screenshot-2024-10-15-151324_bg_removed.webp","width":420,"height":276,"caption":"NavSystems O\u00dc"},"image":{"@id":"https:\/\/raymarine.ee\/#\/schema\/logo\/image\/"},"sameAs":["https:\/\/www.facebook.com\/NavSystems"],"legalName":"NavSystems O\u00dc","foundingDate":"2011-05-03","numberOfEmployees":{"@type":"QuantitativeValue","minValue":"1","maxValue":"10"}}]},"product_price_amount":"59.00","product_price_currency":"EUR","og_availability":"instock","product_availability":"instock","product_retailer_item_id":"R70651","product_condition":"new"},"jetpack_sharing_enabled":true,"_links":{"self":[{"href":"https:\/\/raymarine.ee\/en\/wp-json\/wp\/v2\/product\/6391","targetHints":{"allow":["GET"]}}],"collection":[{"href":"https:\/\/raymarine.ee\/en\/wp-json\/wp\/v2\/product"}],"about":[{"href":"https:\/\/raymarine.ee\/en\/wp-json\/wp\/v2\/types\/product"}],"wp:featuredmedia":[{"embeddable":true,"href":"https:\/\/raymarine.ee\/en\/wp-json\/wp\/v2\/media\/7646"}],"wp:attachment":[{"href":"https:\/\/raymarine.ee\/en\/wp-json\/wp\/v2\/media?parent=6391"}],"wp:term":[{"taxonomy":"product_brand","embeddable":true,"href":"https:\/\/raymarine.ee\/en\/wp-json\/wp\/v2\/product_brand?post=6391"},{"taxonomy":"product_cat","embeddable":true,"href":"https:\/\/raymarine.ee\/en\/wp-json\/wp\/v2\/product_cat?post=6391"},{"taxonomy":"product_tag","embeddable":true,"href":"https:\/\/raymarine.ee\/en\/wp-json\/wp\/v2\/product_tag?post=6391"}],"curies":[{"name":"wp","href":"https:\/\/api.w.org\/{rel}","templated":true}]}}