{"id":6392,"date":"2025-01-14T18:24:40","date_gmt":"2025-01-14T18:24:40","guid":{"rendered":"https:\/\/raymarine.ee\/?post_type=product&#038;p=6392"},"modified":"2025-04-24T11:35:31","modified_gmt":"2025-04-24T09:35:31","slug":"hv-300-hypervision-plastik-uhte-pohja-andur-6m-kaabel","status":"publish","type":"product","link":"https:\/\/raymarine.ee\/en\/product\/hv-300-hypervision-plastik-uhte-pohja-andur-6m-kaabel\/","title":{"rendered":"HV-300 HyperVision Plastic Through Hull Transducer, 6m cable with fairing block to be cut from 0-25\u00b0"},"content":{"rendered":"<p>Vaata\u00a0<a href=\"http:\/\/www.raymarine.eu\/element-series\/\" target=\"_blank\" rel=\"noopener\">ELEMENT seeria kaardiplotterite ja kalaleidjate<\/a>\u00a0tootetutvustust.<\/p>\n<p class=\"\" data-start=\"49\" data-end=\"137\"><strong data-start=\"49\" data-end=\"137\">Raymarine HV-300 HyperVision Plastik Through Hull Andur, 6m Kaabel ja Paigaldusblokk<\/strong><\/p>\n<p class=\"\" data-start=\"139\" data-end=\"679\">Raymarine HV-300 HyperVision plastikust l\u00e4bi p\u00f5hja andur \u00fchendab k\u00f5rge sageduse (1,2 MHz) erakordsete CHIRP tehnoloogiatega, pakkudes t\u00e4pset ja kristallselget pildikvaliteeti Element seeria kuvarile. See kompaktne ja lihtne paigaldada andur ulatub kuni 30 meetri s\u00fcgavusele, pakkudes parimat v\u00f5imalikku resolutsiooni. Samuti saab muuta sagedust 350 kHz-le, et ulatuda kuni 180 meetrini. \u00dche anduriga, millel on 0\u00b0 surnud nurk, saab paigaldada koonuseta keredega paatidele. V-kujulistele keredele on tavaliselt vajalikud kahekordsed andurid.<\/p>\n<p class=\"\" data-start=\"681\" data-end=\"703\"><strong data-start=\"681\" data-end=\"703\">Peamised omadused:<\/strong><\/p>\n<ul data-start=\"705\" data-end=\"1170\">\n<li class=\"\" data-start=\"705\" data-end=\"793\">\n<p class=\"\" data-start=\"707\" data-end=\"793\"><strong data-start=\"707\" data-end=\"749\">1,2 MHz HyperVision\u2122 CHIRP tehnoloogia<\/strong> tagab \u00fclimalt k\u00f5rge resolutsiooniga pildid.<\/p>\n<\/li>\n<li class=\"\" data-start=\"794\" data-end=\"900\">\n<p class=\"\" data-start=\"796\" data-end=\"900\"><strong data-start=\"796\" data-end=\"822\">Ulatus kuni 30 meetrit<\/strong> HyperVision re\u017eiimis, vahetades 350 kHz sagedusele, ulatub kuni 180 meetrini.<\/p>\n<\/li>\n<li class=\"\" data-start=\"901\" data-end=\"990\">\n<p class=\"\" data-start=\"903\" data-end=\"990\"><strong data-start=\"903\" data-end=\"937\">Kompaktne ja lihtne paigaldada<\/strong> \u2013 sobib nii \u00fche kui ka kahekordse paigaldusvalikuga.<\/p>\n<\/li>\n<li class=\"\" data-start=\"991\" data-end=\"1099\">\n<p class=\"\" data-start=\"993\" data-end=\"1099\"><strong data-start=\"993\" data-end=\"1040\">\u00dche anduri paigaldus ilma kiiluta paatidele<\/strong> ja <strong data-start=\"1044\" data-end=\"1098\">kahekordne anduri paigaldus V-kujulistele keredele<\/strong>.<\/p>\n<\/li>\n<li class=\"\" data-start=\"1100\" data-end=\"1170\">\n<p class=\"\" data-start=\"1102\" data-end=\"1170\"><strong data-start=\"1102\" data-end=\"1123\">6-meetrine kaabel<\/strong> koos paigaldusblokiga lihtsaks paigaldamiseks.<\/p>\n<\/li>\n<\/ul>","protected":false},"excerpt":{"rendered":"<p>HyperVision combines the highest frequencies (1.2 MHz) with outstanding CHIRP technologies, setting a new level of precision! The HV-300TH thru-hull transducer from Raymarine sends crystal clear images to your Element series display. The easy-to-install and compact transducer reaches a depth of up to 30 meters with the best possible resolution. Change to the standard 350 kHz frequency to reach a range of up to 180 meters. Single transducers with 0\u00b0 dead rise are suitable for hulls without keel. A double transducer set is normally required for V hulls.<\/p>","protected":false},"featured_media":7723,"template":"","meta":{"_acf_changed":false},"product_brand":[],"product_cat":[54,103,79],"product_tag":[],"class_list":{"0":"post-6392","1":"product","2":"type-product","3":"status-publish","4":"has-post-thumbnail","6":"product_cat-kalaleidjad","7":"product_cat-raymarine","8":"product_cat-kalaleidjate_andurid","10":"first","11":"instock","12":"sale","13":"taxable","14":"shipping-taxable","15":"purchasable","16":"product-type-simple"},"acf":[],"yoast_head":"<!-- This site is optimized with the Yoast SEO Premium plugin v27.5 (Yoast SEO v27.5) - https:\/\/yoast.com\/product\/yoast-seo-premium-wordpress\/ -->\n<title>HV-300 HyperVision Plastic Through Hull Transducer, 6m cable with fairing block to be cut from 0-25\u00b0 - NavSystems Mereelektroonika<\/title>\n<meta name=\"description\" content=\"Raymarine HV-300 HyperVision plastikust l\u00e4bi p\u00f5hja andur pakub erakordset resolutsioonikvaliteeti 1,2 MHz sagedusel, ulatudes kuni 30 meetrini. Paigaldusblokk ja 6m kaabel lihtsaks paigaldamiseks. Idealne Element seeria kaardiplotteritega.\" \/>\n<meta name=\"robots\" content=\"index, follow, max-snippet:-1, max-image-preview:large, max-video-preview:-1\" \/>\n<link rel=\"canonical\" href=\"https:\/\/raymarine.ee\/en\/product\/hv-300-hypervision-plastik-uhte-pohja-andur-6m-kaabel\/\" \/>\n<meta property=\"og:locale\" content=\"en_GB\" \/>\n<meta property=\"og:type\" content=\"article\" \/>\n<meta property=\"og:title\" content=\"HV-300 HyperVision Plastic Through Hull Transducer, 6m cable with fairing block to be cut from 0-25\u00b0\" \/>\n<meta property=\"og:description\" content=\"Raymarine HV-300 HyperVision plastikust l\u00e4bi p\u00f5hja andur pakub erakordset resolutsioonikvaliteeti 1,2 MHz sagedusel, ulatudes kuni 30 meetrini. Paigaldusblokk ja 6m kaabel lihtsaks paigaldamiseks. Idealne Element seeria kaardiplotteritega.\" \/>\n<meta property=\"og:url\" content=\"https:\/\/raymarine.ee\/en\/product\/hv-300-hypervision-plastik-uhte-pohja-andur-6m-kaabel\/\" \/>\n<meta property=\"og:site_name\" content=\"NavSystems\" \/>\n<meta property=\"article:publisher\" content=\"https:\/\/www.facebook.com\/NavSystems\" \/>\n<meta property=\"article:modified_time\" content=\"2025-04-24T09:35:31+00:00\" \/>\n<meta property=\"og:image\" content=\"https:\/\/raymarine.ee\/wp-content\/uploads\/2025\/01\/03615da0-0738-4b05-8dcc-a3485db11f73.webp\" \/>\n\t<meta property=\"og:image:width\" content=\"1024\" \/>\n\t<meta property=\"og:image:height\" content=\"1024\" \/>\n\t<meta property=\"og:image:type\" content=\"image\/webp\" \/>\n<meta name=\"twitter:card\" content=\"summary_large_image\" \/>\n<meta name=\"twitter:label1\" content=\"Price\" \/>\n\t<meta name=\"twitter:data1\" content=\"402,00&nbsp;&euro;\" \/>\n\t<meta name=\"twitter:label2\" content=\"Availability\" \/>\n\t<meta name=\"twitter:data2\" content=\"In stock\" \/>\n<script type=\"application\/ld+json\" class=\"yoast-schema-graph\">{\"@context\":\"https:\\\/\\\/schema.org\",\"@graph\":[{\"@type\":\"WebPage\",\"@id\":\"https:\\\/\\\/raymarine.ee\\\/product\\\/hv-300-hypervision-plastik-uhte-pohja-andur-6m-kaabel\\\/\",\"url\":\"https:\\\/\\\/raymarine.ee\\\/product\\\/hv-300-hypervision-plastik-uhte-pohja-andur-6m-kaabel\\\/\",\"name\":\"HV-300 HyperVision Plastic Through Hull Transducer, 6m cable with fairing block to be cut from 0-25\u00b0 - NavSystems Mereelektroonika\",\"isPartOf\":{\"@id\":\"https:\\\/\\\/raymarine.ee\\\/#website\"},\"primaryImageOfPage\":{\"@id\":\"https:\\\/\\\/raymarine.ee\\\/product\\\/hv-300-hypervision-plastik-uhte-pohja-andur-6m-kaabel\\\/#primaryimage\"},\"image\":{\"@id\":\"https:\\\/\\\/raymarine.ee\\\/product\\\/hv-300-hypervision-plastik-uhte-pohja-andur-6m-kaabel\\\/#primaryimage\"},\"thumbnailUrl\":\"https:\\\/\\\/raymarine.ee\\\/wp-content\\\/uploads\\\/2025\\\/01\\\/03615da0-0738-4b05-8dcc-a3485db11f73.webp\",\"datePublished\":\"2025-01-14T18:24:40+00:00\",\"dateModified\":\"2025-04-24T09:35:31+00:00\",\"description\":\"Raymarine HV-300 HyperVision plastikust l\u00e4bi p\u00f5hja andur pakub erakordset resolutsioonikvaliteeti 1,2 MHz sagedusel, ulatudes kuni 30 meetrini. Paigaldusblokk ja 6m kaabel lihtsaks paigaldamiseks. Idealne Element seeria kaardiplotteritega.\",\"breadcrumb\":{\"@id\":\"https:\\\/\\\/raymarine.ee\\\/product\\\/hv-300-hypervision-plastik-uhte-pohja-andur-6m-kaabel\\\/#breadcrumb\"},\"inLanguage\":\"en-GB\",\"potentialAction\":[{\"@type\":\"ReadAction\",\"target\":[\"https:\\\/\\\/raymarine.ee\\\/product\\\/hv-300-hypervision-plastik-uhte-pohja-andur-6m-kaabel\\\/\"]}]},{\"@type\":\"ImageObject\",\"inLanguage\":\"en-GB\",\"@id\":\"https:\\\/\\\/raymarine.ee\\\/product\\\/hv-300-hypervision-plastik-uhte-pohja-andur-6m-kaabel\\\/#primaryimage\",\"url\":\"https:\\\/\\\/raymarine.ee\\\/wp-content\\\/uploads\\\/2025\\\/01\\\/03615da0-0738-4b05-8dcc-a3485db11f73.webp\",\"contentUrl\":\"https:\\\/\\\/raymarine.ee\\\/wp-content\\\/uploads\\\/2025\\\/01\\\/03615da0-0738-4b05-8dcc-a3485db11f73.webp\",\"width\":1024,\"height\":1024},{\"@type\":\"BreadcrumbList\",\"@id\":\"https:\\\/\\\/raymarine.ee\\\/product\\\/hv-300-hypervision-plastik-uhte-pohja-andur-6m-kaabel\\\/#breadcrumb\",\"itemListElement\":[{\"@type\":\"ListItem\",\"position\":1,\"name\":\"Home\",\"item\":\"https:\\\/\\\/raymarine.ee\\\/\"},{\"@type\":\"ListItem\",\"position\":2,\"name\":\"Tooted\",\"item\":\"https:\\\/\\\/raymarine.ee\\\/shop\\\/\"},{\"@type\":\"ListItem\",\"position\":3,\"name\":\"HV-300 HyperVision Plastic Through Hull Transducer, 6m cable with fairing block to be cut from 0-25\u00b0\"}]},{\"@type\":\"WebSite\",\"@id\":\"https:\\\/\\\/raymarine.ee\\\/#website\",\"url\":\"https:\\\/\\\/raymarine.ee\\\/\",\"name\":\"www.raymarine.ee\",\"description\":\"Mereelektroonika, kaardiplotter, autopiloot, pinnipiloot, roolipiloot, radar, AIS, VHF, Smart Wind\",\"publisher\":{\"@id\":\"https:\\\/\\\/raymarine.ee\\\/#organization\"},\"alternateName\":\"Raymarine\",\"potentialAction\":[{\"@type\":\"SearchAction\",\"target\":{\"@type\":\"EntryPoint\",\"urlTemplate\":\"https:\\\/\\\/raymarine.ee\\\/?s={search_term_string}\"},\"query-input\":{\"@type\":\"PropertyValueSpecification\",\"valueRequired\":true,\"valueName\":\"search_term_string\"}}],\"inLanguage\":\"en-GB\"},{\"@type\":\"Organization\",\"@id\":\"https:\\\/\\\/raymarine.ee\\\/#organization\",\"name\":\"NavSystems O\u00dc\",\"url\":\"https:\\\/\\\/raymarine.ee\\\/\",\"logo\":{\"@type\":\"ImageObject\",\"inLanguage\":\"en-GB\",\"@id\":\"https:\\\/\\\/raymarine.ee\\\/#\\\/schema\\\/logo\\\/image\\\/\",\"url\":\"https:\\\/\\\/raymarine.ee\\\/wp-content\\\/uploads\\\/2024\\\/10\\\/Screenshot-2024-10-15-151324_bg_removed.webp\",\"contentUrl\":\"https:\\\/\\\/raymarine.ee\\\/wp-content\\\/uploads\\\/2024\\\/10\\\/Screenshot-2024-10-15-151324_bg_removed.webp\",\"width\":420,\"height\":276,\"caption\":\"NavSystems O\u00dc\"},\"image\":{\"@id\":\"https:\\\/\\\/raymarine.ee\\\/#\\\/schema\\\/logo\\\/image\\\/\"},\"sameAs\":[\"https:\\\/\\\/www.facebook.com\\\/NavSystems\"],\"legalName\":\"NavSystems O\u00dc\",\"foundingDate\":\"2011-05-03\",\"numberOfEmployees\":{\"@type\":\"QuantitativeValue\",\"minValue\":\"1\",\"maxValue\":\"10\"}}]}<\/script>\n<meta property=\"product:price:amount\" content=\"402.00\" \/>\n<meta property=\"product:price:currency\" content=\"EUR\" \/>\n<meta property=\"og:availability\" content=\"instock\" \/>\n<meta property=\"product:availability\" content=\"instock\" \/>\n<meta property=\"product:retailer_item_id\" content=\"A80604\" \/>\n<meta property=\"product:condition\" content=\"new\" \/>\n<!-- \/ Yoast SEO Premium plugin. -->","yoast_head_json":{"title":"HV-300 HyperVision Plastic Through Hull Transducer, 6m cable with fairing block to be cut from 0-25\u00b0 - NavSystems Mereelektroonika","description":"Raymarine HV-300 HyperVision plastikust l\u00e4bi p\u00f5hja andur pakub erakordset resolutsioonikvaliteeti 1,2 MHz sagedusel, ulatudes kuni 30 meetrini. Paigaldusblokk ja 6m kaabel lihtsaks paigaldamiseks. Idealne Element seeria kaardiplotteritega.","robots":{"index":"index","follow":"follow","max-snippet":"max-snippet:-1","max-image-preview":"max-image-preview:large","max-video-preview":"max-video-preview:-1"},"canonical":"https:\/\/raymarine.ee\/en\/product\/hv-300-hypervision-plastik-uhte-pohja-andur-6m-kaabel\/","og_locale":"en_GB","og_type":"article","og_title":"HV-300 HyperVision Plastic Through Hull Transducer, 6m cable with fairing block to be cut from 0-25\u00b0","og_description":"Raymarine HV-300 HyperVision plastikust l\u00e4bi p\u00f5hja andur pakub erakordset resolutsioonikvaliteeti 1,2 MHz sagedusel, ulatudes kuni 30 meetrini. Paigaldusblokk ja 6m kaabel lihtsaks paigaldamiseks. Idealne Element seeria kaardiplotteritega.","og_url":"https:\/\/raymarine.ee\/en\/product\/hv-300-hypervision-plastik-uhte-pohja-andur-6m-kaabel\/","og_site_name":"NavSystems","article_publisher":"https:\/\/www.facebook.com\/NavSystems","article_modified_time":"2025-04-24T09:35:31+00:00","og_image":[{"width":1024,"height":1024,"url":"https:\/\/raymarine.ee\/wp-content\/uploads\/2025\/01\/03615da0-0738-4b05-8dcc-a3485db11f73.webp","type":"image\/webp"}],"twitter_card":"summary_large_image","twitter_misc":{"Price":"402,00&nbsp;&euro;","Availability":"In stock"},"schema":{"@context":"https:\/\/schema.org","@graph":[{"@type":"WebPage","@id":"https:\/\/raymarine.ee\/product\/hv-300-hypervision-plastik-uhte-pohja-andur-6m-kaabel\/","url":"https:\/\/raymarine.ee\/product\/hv-300-hypervision-plastik-uhte-pohja-andur-6m-kaabel\/","name":"HV-300 HyperVision Plastic Through Hull Transducer, 6m cable with fairing block to be cut from 0-25\u00b0 - NavSystems Mereelektroonika","isPartOf":{"@id":"https:\/\/raymarine.ee\/#website"},"primaryImageOfPage":{"@id":"https:\/\/raymarine.ee\/product\/hv-300-hypervision-plastik-uhte-pohja-andur-6m-kaabel\/#primaryimage"},"image":{"@id":"https:\/\/raymarine.ee\/product\/hv-300-hypervision-plastik-uhte-pohja-andur-6m-kaabel\/#primaryimage"},"thumbnailUrl":"https:\/\/raymarine.ee\/wp-content\/uploads\/2025\/01\/03615da0-0738-4b05-8dcc-a3485db11f73.webp","datePublished":"2025-01-14T18:24:40+00:00","dateModified":"2025-04-24T09:35:31+00:00","description":"Raymarine HV-300 HyperVision plastikust l\u00e4bi p\u00f5hja andur pakub erakordset resolutsioonikvaliteeti 1,2 MHz sagedusel, ulatudes kuni 30 meetrini. Paigaldusblokk ja 6m kaabel lihtsaks paigaldamiseks. Idealne Element seeria kaardiplotteritega.","breadcrumb":{"@id":"https:\/\/raymarine.ee\/product\/hv-300-hypervision-plastik-uhte-pohja-andur-6m-kaabel\/#breadcrumb"},"inLanguage":"en-GB","potentialAction":[{"@type":"ReadAction","target":["https:\/\/raymarine.ee\/product\/hv-300-hypervision-plastik-uhte-pohja-andur-6m-kaabel\/"]}]},{"@type":"ImageObject","inLanguage":"en-GB","@id":"https:\/\/raymarine.ee\/product\/hv-300-hypervision-plastik-uhte-pohja-andur-6m-kaabel\/#primaryimage","url":"https:\/\/raymarine.ee\/wp-content\/uploads\/2025\/01\/03615da0-0738-4b05-8dcc-a3485db11f73.webp","contentUrl":"https:\/\/raymarine.ee\/wp-content\/uploads\/2025\/01\/03615da0-0738-4b05-8dcc-a3485db11f73.webp","width":1024,"height":1024},{"@type":"BreadcrumbList","@id":"https:\/\/raymarine.ee\/product\/hv-300-hypervision-plastik-uhte-pohja-andur-6m-kaabel\/#breadcrumb","itemListElement":[{"@type":"ListItem","position":1,"name":"Home","item":"https:\/\/raymarine.ee\/"},{"@type":"ListItem","position":2,"name":"Tooted","item":"https:\/\/raymarine.ee\/shop\/"},{"@type":"ListItem","position":3,"name":"HV-300 HyperVision Plastic Through Hull Transducer, 6m cable with fairing block to be cut from 0-25\u00b0"}]},{"@type":"WebSite","@id":"https:\/\/raymarine.ee\/#website","url":"https:\/\/raymarine.ee\/","name":"www.raymarine.ee","description":"Mereelektroonika, kaardiplotter, autopiloot, pinnipiloot, roolipiloot, radar, AIS, VHF, Smart Wind","publisher":{"@id":"https:\/\/raymarine.ee\/#organization"},"alternateName":"Raymarine","potentialAction":[{"@type":"SearchAction","target":{"@type":"EntryPoint","urlTemplate":"https:\/\/raymarine.ee\/?s={search_term_string}"},"query-input":{"@type":"PropertyValueSpecification","valueRequired":true,"valueName":"search_term_string"}}],"inLanguage":"en-GB"},{"@type":"Organization","@id":"https:\/\/raymarine.ee\/#organization","name":"NavSystems O\u00dc","url":"https:\/\/raymarine.ee\/","logo":{"@type":"ImageObject","inLanguage":"en-GB","@id":"https:\/\/raymarine.ee\/#\/schema\/logo\/image\/","url":"https:\/\/raymarine.ee\/wp-content\/uploads\/2024\/10\/Screenshot-2024-10-15-151324_bg_removed.webp","contentUrl":"https:\/\/raymarine.ee\/wp-content\/uploads\/2024\/10\/Screenshot-2024-10-15-151324_bg_removed.webp","width":420,"height":276,"caption":"NavSystems O\u00dc"},"image":{"@id":"https:\/\/raymarine.ee\/#\/schema\/logo\/image\/"},"sameAs":["https:\/\/www.facebook.com\/NavSystems"],"legalName":"NavSystems O\u00dc","foundingDate":"2011-05-03","numberOfEmployees":{"@type":"QuantitativeValue","minValue":"1","maxValue":"10"}}]},"product_price_amount":"402.00","product_price_currency":"EUR","og_availability":"instock","product_availability":"instock","product_retailer_item_id":"A80604","product_condition":"new"},"jetpack_sharing_enabled":true,"_links":{"self":[{"href":"https:\/\/raymarine.ee\/en\/wp-json\/wp\/v2\/product\/6392","targetHints":{"allow":["GET"]}}],"collection":[{"href":"https:\/\/raymarine.ee\/en\/wp-json\/wp\/v2\/product"}],"about":[{"href":"https:\/\/raymarine.ee\/en\/wp-json\/wp\/v2\/types\/product"}],"wp:featuredmedia":[{"embeddable":true,"href":"https:\/\/raymarine.ee\/en\/wp-json\/wp\/v2\/media\/7723"}],"wp:attachment":[{"href":"https:\/\/raymarine.ee\/en\/wp-json\/wp\/v2\/media?parent=6392"}],"wp:term":[{"taxonomy":"product_brand","embeddable":true,"href":"https:\/\/raymarine.ee\/en\/wp-json\/wp\/v2\/product_brand?post=6392"},{"taxonomy":"product_cat","embeddable":true,"href":"https:\/\/raymarine.ee\/en\/wp-json\/wp\/v2\/product_cat?post=6392"},{"taxonomy":"product_tag","embeddable":true,"href":"https:\/\/raymarine.ee\/en\/wp-json\/wp\/v2\/product_tag?post=6392"}],"curies":[{"name":"wp","href":"https:\/\/api.w.org\/{rel}","templated":true}]}}