{"id":6394,"date":"2025-01-14T18:19:40","date_gmt":"2025-01-14T18:19:40","guid":{"rendered":"https:\/\/raymarine.ee\/?post_type=product&#038;p=6394"},"modified":"2025-04-24T11:36:09","modified_gmt":"2025-04-24T09:36:09","slug":"hypervision-transducer-extension-cable-4m","status":"publish","type":"product","link":"https:\/\/raymarine.ee\/en\/product\/hypervision-transducer-extension-cable-4m\/","title":{"rendered":"HyperVision Transducer Extension Cable 4M"},"content":{"rendered":"<p class=\"\" data-start=\"49\" data-end=\"119\"><strong data-start=\"49\" data-end=\"119\">Raymarine HV-100 ja HV-300 HyperVision Andurite Pikenduskaabel, 4m<\/strong><\/p>\n<p class=\"\" data-start=\"121\" data-end=\"355\">Raymarine HV-100 ja HV-300 HyperVision andurite jaoks m\u00f5eldud sobiv pikenduskaabel, mille pikkus on 4 meetrit. See kaabel tagab \u00fchenduse anduri ja seadme vahel, v\u00f5imaldades paigaldada andureid kaugemal kui algne kaabli pikkus ulatub.<\/p>\n<p class=\"\" data-start=\"357\" data-end=\"379\"><strong data-start=\"357\" data-end=\"379\">Peamised omadused:<\/strong><\/p>\n<ul data-start=\"381\" data-end=\"693\">\n<li class=\"\" data-start=\"381\" data-end=\"436\">\n<p class=\"\" data-start=\"383\" data-end=\"436\"><strong data-start=\"383\" data-end=\"436\">Sobib HV-100 ja HV-300 HyperVision andurite jaoks<\/strong><\/p>\n<\/li>\n<li class=\"\" data-start=\"437\" data-end=\"511\">\n<p class=\"\" data-start=\"439\" data-end=\"511\"><strong data-start=\"439\" data-end=\"460\">Pikkus: 4 meetrit<\/strong> &#8211; ideaalne paigaldamiseks kaugematesse kohtadesse.<\/p>\n<\/li>\n<li class=\"\" data-start=\"512\" data-end=\"588\">\n<p class=\"\" data-start=\"514\" data-end=\"588\"><strong data-start=\"514\" data-end=\"549\">Lihtne ja usaldusv\u00e4\u00e4rne \u00fchendus<\/strong> \u2013 tagab stabiilse signaali edastamise.<\/p>\n<\/li>\n<li class=\"\" data-start=\"589\" data-end=\"693\">\n<p class=\"\" data-start=\"591\" data-end=\"693\"><strong data-start=\"591\" data-end=\"637\">K\u00f5rge kvaliteedi ja vastupidavusega kaabel<\/strong>, mis sobib nii sise- kui v\u00e4listingimustes kasutamiseks.<\/p>\n<\/li>\n<\/ul>","protected":false},"excerpt":{"rendered":"<p>Pikenduskaabel Raymarine HV-100 ja HV-300 HyperVision anduritele. Kaabli pikkus on 4 m.<\/p>","protected":false},"featured_media":7827,"template":"","meta":{"_acf_changed":false},"product_brand":[],"product_cat":[54,103,79],"product_tag":[],"class_list":{"0":"post-6394","1":"product","2":"type-product","3":"status-publish","4":"has-post-thumbnail","6":"product_cat-kalaleidjad","7":"product_cat-raymarine","8":"product_cat-kalaleidjate_andurid","10":"first","11":"instock","12":"sale","13":"taxable","14":"shipping-taxable","15":"purchasable","16":"product-type-simple"},"acf":[],"yoast_head":"<!-- This site is optimized with the Yoast SEO Premium plugin v27.5 (Yoast SEO v27.5) - https:\/\/yoast.com\/product\/yoast-seo-premium-wordpress\/ -->\n<title>HyperVision Transducer Extension Cable 4M - NavSystems Mereelektroonika<\/title>\n<meta name=\"description\" content=\"Raymarine HV-100 ja HV-300 HyperVision andurite 4-meetrine pikenduskaabel tagab usaldusv\u00e4\u00e4rse \u00fchenduse ja paigalduspaindlikkuse. Lihtne paigaldada ja ideaalne lisaks kaugematesse asukohtadesse.\" \/>\n<meta name=\"robots\" content=\"index, follow, max-snippet:-1, max-image-preview:large, max-video-preview:-1\" \/>\n<link rel=\"canonical\" href=\"https:\/\/raymarine.ee\/en\/product\/hypervision-transducer-extension-cable-4m\/\" \/>\n<meta property=\"og:locale\" content=\"en_GB\" \/>\n<meta property=\"og:type\" content=\"article\" \/>\n<meta property=\"og:title\" content=\"HyperVision Transducer Extension Cable 4M\" \/>\n<meta property=\"og:description\" content=\"Raymarine HV-100 ja HV-300 HyperVision andurite 4-meetrine pikenduskaabel tagab usaldusv\u00e4\u00e4rse \u00fchenduse ja paigalduspaindlikkuse. Lihtne paigaldada ja ideaalne lisaks kaugematesse asukohtadesse.\" \/>\n<meta property=\"og:url\" content=\"https:\/\/raymarine.ee\/en\/product\/hypervision-transducer-extension-cable-4m\/\" \/>\n<meta property=\"og:site_name\" content=\"NavSystems\" \/>\n<meta property=\"article:publisher\" content=\"https:\/\/www.facebook.com\/NavSystems\" \/>\n<meta property=\"article:modified_time\" content=\"2025-04-24T09:36:09+00:00\" \/>\n<meta property=\"og:image\" content=\"https:\/\/raymarine.ee\/wp-content\/uploads\/2025\/01\/aff438e4-1f81-4a92-99d3-99450f237ad1.webp\" \/>\n\t<meta property=\"og:image:width\" content=\"1024\" \/>\n\t<meta property=\"og:image:height\" content=\"1024\" \/>\n\t<meta property=\"og:image:type\" content=\"image\/webp\" \/>\n<meta name=\"twitter:card\" content=\"summary_large_image\" \/>\n<meta name=\"twitter:label1\" content=\"Price\" \/>\n\t<meta name=\"twitter:data1\" content=\"99,00&nbsp;&euro;\" \/>\n\t<meta name=\"twitter:label2\" content=\"Availability\" \/>\n\t<meta name=\"twitter:data2\" content=\"In stock\" \/>\n<script type=\"application\/ld+json\" class=\"yoast-schema-graph\">{\"@context\":\"https:\\\/\\\/schema.org\",\"@graph\":[{\"@type\":\"WebPage\",\"@id\":\"https:\\\/\\\/raymarine.ee\\\/product\\\/hypervision-transducer-extension-cable-4m\\\/\",\"url\":\"https:\\\/\\\/raymarine.ee\\\/product\\\/hypervision-transducer-extension-cable-4m\\\/\",\"name\":\"HyperVision Transducer Extension Cable 4M - NavSystems Mereelektroonika\",\"isPartOf\":{\"@id\":\"https:\\\/\\\/raymarine.ee\\\/#website\"},\"primaryImageOfPage\":{\"@id\":\"https:\\\/\\\/raymarine.ee\\\/product\\\/hypervision-transducer-extension-cable-4m\\\/#primaryimage\"},\"image\":{\"@id\":\"https:\\\/\\\/raymarine.ee\\\/product\\\/hypervision-transducer-extension-cable-4m\\\/#primaryimage\"},\"thumbnailUrl\":\"https:\\\/\\\/raymarine.ee\\\/wp-content\\\/uploads\\\/2025\\\/01\\\/aff438e4-1f81-4a92-99d3-99450f237ad1.webp\",\"datePublished\":\"2025-01-14T18:19:40+00:00\",\"dateModified\":\"2025-04-24T09:36:09+00:00\",\"description\":\"Raymarine HV-100 ja HV-300 HyperVision andurite 4-meetrine pikenduskaabel tagab usaldusv\u00e4\u00e4rse \u00fchenduse ja paigalduspaindlikkuse. Lihtne paigaldada ja ideaalne lisaks kaugematesse asukohtadesse.\",\"breadcrumb\":{\"@id\":\"https:\\\/\\\/raymarine.ee\\\/product\\\/hypervision-transducer-extension-cable-4m\\\/#breadcrumb\"},\"inLanguage\":\"en-GB\",\"potentialAction\":[{\"@type\":\"ReadAction\",\"target\":[\"https:\\\/\\\/raymarine.ee\\\/product\\\/hypervision-transducer-extension-cable-4m\\\/\"]}]},{\"@type\":\"ImageObject\",\"inLanguage\":\"en-GB\",\"@id\":\"https:\\\/\\\/raymarine.ee\\\/product\\\/hypervision-transducer-extension-cable-4m\\\/#primaryimage\",\"url\":\"https:\\\/\\\/raymarine.ee\\\/wp-content\\\/uploads\\\/2025\\\/01\\\/aff438e4-1f81-4a92-99d3-99450f237ad1.webp\",\"contentUrl\":\"https:\\\/\\\/raymarine.ee\\\/wp-content\\\/uploads\\\/2025\\\/01\\\/aff438e4-1f81-4a92-99d3-99450f237ad1.webp\",\"width\":1024,\"height\":1024},{\"@type\":\"BreadcrumbList\",\"@id\":\"https:\\\/\\\/raymarine.ee\\\/product\\\/hypervision-transducer-extension-cable-4m\\\/#breadcrumb\",\"itemListElement\":[{\"@type\":\"ListItem\",\"position\":1,\"name\":\"Home\",\"item\":\"https:\\\/\\\/raymarine.ee\\\/\"},{\"@type\":\"ListItem\",\"position\":2,\"name\":\"Tooted\",\"item\":\"https:\\\/\\\/raymarine.ee\\\/shop\\\/\"},{\"@type\":\"ListItem\",\"position\":3,\"name\":\"HyperVision Transducer Extension Cable 4M\"}]},{\"@type\":\"WebSite\",\"@id\":\"https:\\\/\\\/raymarine.ee\\\/#website\",\"url\":\"https:\\\/\\\/raymarine.ee\\\/\",\"name\":\"www.raymarine.ee\",\"description\":\"Mereelektroonika, kaardiplotter, autopiloot, pinnipiloot, roolipiloot, radar, AIS, VHF, Smart Wind\",\"publisher\":{\"@id\":\"https:\\\/\\\/raymarine.ee\\\/#organization\"},\"alternateName\":\"Raymarine\",\"potentialAction\":[{\"@type\":\"SearchAction\",\"target\":{\"@type\":\"EntryPoint\",\"urlTemplate\":\"https:\\\/\\\/raymarine.ee\\\/?s={search_term_string}\"},\"query-input\":{\"@type\":\"PropertyValueSpecification\",\"valueRequired\":true,\"valueName\":\"search_term_string\"}}],\"inLanguage\":\"en-GB\"},{\"@type\":\"Organization\",\"@id\":\"https:\\\/\\\/raymarine.ee\\\/#organization\",\"name\":\"NavSystems O\u00dc\",\"url\":\"https:\\\/\\\/raymarine.ee\\\/\",\"logo\":{\"@type\":\"ImageObject\",\"inLanguage\":\"en-GB\",\"@id\":\"https:\\\/\\\/raymarine.ee\\\/#\\\/schema\\\/logo\\\/image\\\/\",\"url\":\"https:\\\/\\\/raymarine.ee\\\/wp-content\\\/uploads\\\/2024\\\/10\\\/Screenshot-2024-10-15-151324_bg_removed.webp\",\"contentUrl\":\"https:\\\/\\\/raymarine.ee\\\/wp-content\\\/uploads\\\/2024\\\/10\\\/Screenshot-2024-10-15-151324_bg_removed.webp\",\"width\":420,\"height\":276,\"caption\":\"NavSystems O\u00dc\"},\"image\":{\"@id\":\"https:\\\/\\\/raymarine.ee\\\/#\\\/schema\\\/logo\\\/image\\\/\"},\"sameAs\":[\"https:\\\/\\\/www.facebook.com\\\/NavSystems\"],\"legalName\":\"NavSystems O\u00dc\",\"foundingDate\":\"2011-05-03\",\"numberOfEmployees\":{\"@type\":\"QuantitativeValue\",\"minValue\":\"1\",\"maxValue\":\"10\"}}]}<\/script>\n<meta property=\"product:price:amount\" content=\"99.00\" \/>\n<meta property=\"product:price:currency\" content=\"EUR\" \/>\n<meta property=\"og:availability\" content=\"instock\" \/>\n<meta property=\"product:availability\" content=\"instock\" \/>\n<meta property=\"product:retailer_item_id\" content=\"A80562\" \/>\n<meta property=\"product:condition\" content=\"new\" \/>\n<!-- \/ Yoast SEO Premium plugin. -->","yoast_head_json":{"title":"HyperVision Transducer Extension Cable 4M - NavSystems Mereelektroonika","description":"Raymarine HV-100 ja HV-300 HyperVision andurite 4-meetrine pikenduskaabel tagab usaldusv\u00e4\u00e4rse \u00fchenduse ja paigalduspaindlikkuse. Lihtne paigaldada ja ideaalne lisaks kaugematesse asukohtadesse.","robots":{"index":"index","follow":"follow","max-snippet":"max-snippet:-1","max-image-preview":"max-image-preview:large","max-video-preview":"max-video-preview:-1"},"canonical":"https:\/\/raymarine.ee\/en\/product\/hypervision-transducer-extension-cable-4m\/","og_locale":"en_GB","og_type":"article","og_title":"HyperVision Transducer Extension Cable 4M","og_description":"Raymarine HV-100 ja HV-300 HyperVision andurite 4-meetrine pikenduskaabel tagab usaldusv\u00e4\u00e4rse \u00fchenduse ja paigalduspaindlikkuse. Lihtne paigaldada ja ideaalne lisaks kaugematesse asukohtadesse.","og_url":"https:\/\/raymarine.ee\/en\/product\/hypervision-transducer-extension-cable-4m\/","og_site_name":"NavSystems","article_publisher":"https:\/\/www.facebook.com\/NavSystems","article_modified_time":"2025-04-24T09:36:09+00:00","og_image":[{"width":1024,"height":1024,"url":"https:\/\/raymarine.ee\/wp-content\/uploads\/2025\/01\/aff438e4-1f81-4a92-99d3-99450f237ad1.webp","type":"image\/webp"}],"twitter_card":"summary_large_image","twitter_misc":{"Price":"99,00&nbsp;&euro;","Availability":"In stock"},"schema":{"@context":"https:\/\/schema.org","@graph":[{"@type":"WebPage","@id":"https:\/\/raymarine.ee\/product\/hypervision-transducer-extension-cable-4m\/","url":"https:\/\/raymarine.ee\/product\/hypervision-transducer-extension-cable-4m\/","name":"HyperVision Transducer Extension Cable 4M - NavSystems Mereelektroonika","isPartOf":{"@id":"https:\/\/raymarine.ee\/#website"},"primaryImageOfPage":{"@id":"https:\/\/raymarine.ee\/product\/hypervision-transducer-extension-cable-4m\/#primaryimage"},"image":{"@id":"https:\/\/raymarine.ee\/product\/hypervision-transducer-extension-cable-4m\/#primaryimage"},"thumbnailUrl":"https:\/\/raymarine.ee\/wp-content\/uploads\/2025\/01\/aff438e4-1f81-4a92-99d3-99450f237ad1.webp","datePublished":"2025-01-14T18:19:40+00:00","dateModified":"2025-04-24T09:36:09+00:00","description":"Raymarine HV-100 ja HV-300 HyperVision andurite 4-meetrine pikenduskaabel tagab usaldusv\u00e4\u00e4rse \u00fchenduse ja paigalduspaindlikkuse. Lihtne paigaldada ja ideaalne lisaks kaugematesse asukohtadesse.","breadcrumb":{"@id":"https:\/\/raymarine.ee\/product\/hypervision-transducer-extension-cable-4m\/#breadcrumb"},"inLanguage":"en-GB","potentialAction":[{"@type":"ReadAction","target":["https:\/\/raymarine.ee\/product\/hypervision-transducer-extension-cable-4m\/"]}]},{"@type":"ImageObject","inLanguage":"en-GB","@id":"https:\/\/raymarine.ee\/product\/hypervision-transducer-extension-cable-4m\/#primaryimage","url":"https:\/\/raymarine.ee\/wp-content\/uploads\/2025\/01\/aff438e4-1f81-4a92-99d3-99450f237ad1.webp","contentUrl":"https:\/\/raymarine.ee\/wp-content\/uploads\/2025\/01\/aff438e4-1f81-4a92-99d3-99450f237ad1.webp","width":1024,"height":1024},{"@type":"BreadcrumbList","@id":"https:\/\/raymarine.ee\/product\/hypervision-transducer-extension-cable-4m\/#breadcrumb","itemListElement":[{"@type":"ListItem","position":1,"name":"Home","item":"https:\/\/raymarine.ee\/"},{"@type":"ListItem","position":2,"name":"Tooted","item":"https:\/\/raymarine.ee\/shop\/"},{"@type":"ListItem","position":3,"name":"HyperVision Transducer Extension Cable 4M"}]},{"@type":"WebSite","@id":"https:\/\/raymarine.ee\/#website","url":"https:\/\/raymarine.ee\/","name":"www.raymarine.ee","description":"Mereelektroonika, kaardiplotter, autopiloot, pinnipiloot, roolipiloot, radar, AIS, VHF, Smart Wind","publisher":{"@id":"https:\/\/raymarine.ee\/#organization"},"alternateName":"Raymarine","potentialAction":[{"@type":"SearchAction","target":{"@type":"EntryPoint","urlTemplate":"https:\/\/raymarine.ee\/?s={search_term_string}"},"query-input":{"@type":"PropertyValueSpecification","valueRequired":true,"valueName":"search_term_string"}}],"inLanguage":"en-GB"},{"@type":"Organization","@id":"https:\/\/raymarine.ee\/#organization","name":"NavSystems O\u00dc","url":"https:\/\/raymarine.ee\/","logo":{"@type":"ImageObject","inLanguage":"en-GB","@id":"https:\/\/raymarine.ee\/#\/schema\/logo\/image\/","url":"https:\/\/raymarine.ee\/wp-content\/uploads\/2024\/10\/Screenshot-2024-10-15-151324_bg_removed.webp","contentUrl":"https:\/\/raymarine.ee\/wp-content\/uploads\/2024\/10\/Screenshot-2024-10-15-151324_bg_removed.webp","width":420,"height":276,"caption":"NavSystems O\u00dc"},"image":{"@id":"https:\/\/raymarine.ee\/#\/schema\/logo\/image\/"},"sameAs":["https:\/\/www.facebook.com\/NavSystems"],"legalName":"NavSystems O\u00dc","foundingDate":"2011-05-03","numberOfEmployees":{"@type":"QuantitativeValue","minValue":"1","maxValue":"10"}}]},"product_price_amount":"99.00","product_price_currency":"EUR","og_availability":"instock","product_availability":"instock","product_retailer_item_id":"A80562","product_condition":"new"},"jetpack_sharing_enabled":true,"_links":{"self":[{"href":"https:\/\/raymarine.ee\/en\/wp-json\/wp\/v2\/product\/6394","targetHints":{"allow":["GET"]}}],"collection":[{"href":"https:\/\/raymarine.ee\/en\/wp-json\/wp\/v2\/product"}],"about":[{"href":"https:\/\/raymarine.ee\/en\/wp-json\/wp\/v2\/types\/product"}],"wp:featuredmedia":[{"embeddable":true,"href":"https:\/\/raymarine.ee\/en\/wp-json\/wp\/v2\/media\/7827"}],"wp:attachment":[{"href":"https:\/\/raymarine.ee\/en\/wp-json\/wp\/v2\/media?parent=6394"}],"wp:term":[{"taxonomy":"product_brand","embeddable":true,"href":"https:\/\/raymarine.ee\/en\/wp-json\/wp\/v2\/product_brand?post=6394"},{"taxonomy":"product_cat","embeddable":true,"href":"https:\/\/raymarine.ee\/en\/wp-json\/wp\/v2\/product_cat?post=6394"},{"taxonomy":"product_tag","embeddable":true,"href":"https:\/\/raymarine.ee\/en\/wp-json\/wp\/v2\/product_tag?post=6394"}],"curies":[{"name":"wp","href":"https:\/\/api.w.org\/{rel}","templated":true}]}}