{"id":6399,"date":"2025-01-14T17:51:40","date_gmt":"2025-01-14T17:51:40","guid":{"rendered":"https:\/\/raymarine.ee\/?post_type=product&#038;p=6399"},"modified":"2026-04-12T15:38:32","modified_gmt":"2026-04-12T12:38:32","slug":"raymarine-ev-150-hudrauliline-autopiloot-t70330","status":"publish","type":"product","link":"https:\/\/raymarine.ee\/en\/product\/raymarine-ev-150-hudrauliline-autopiloot-t70330\/","title":{"rendered":"Autopiloot EV-150 Hydraulic"},"content":{"rendered":"<h5 data-start=\"55\" data-end=\"108\"><strong data-start=\"55\" data-end=\"108\">Raymarine EV-150 H\u00fcdrauliline Autopiloot (T70330)<\/strong><\/h5>\n<p data-start=\"110\" data-end=\"734\">Raymarine EV-150 h\u00fcdrauliline autopiloot on t\u00e4iuslik lahendus v\u00e4ikeste ja keskmise suurusega h\u00fcdrauliliste roolis\u00fcsteemidega kalastus- ja kruiisilaevadele. EV-150 s\u00fcsteem on loodud spetsiaalselt laevadele, mille roolis\u00fcsteemi t\u00f6\u00f6silindri maht on vahemikus 80cc kuni 230cc. Komplekt on m\u00f5eldud ainult 12-voldiste DC elektris\u00fcsteemidega laevadele ja sisaldab k\u00f5iki komponente, mis on vajalikud t\u00e4iuslikuks paigaldamiseks, sealhulgas p70Rs autopiloodi juhtimisseade, EV1 sensor, ACU150 t\u00e4iturmehhanismi juhtimisseade, Type 1 h\u00fcdrauliline pump ja Evolution autopiloodi kaablite stardikomplekt.<\/p>\n<p data-start=\"736\" data-end=\"758\"><strong data-start=\"736\" data-end=\"758\">Komplekt sisaldab:<\/strong><\/p>\n<ol data-start=\"760\" data-end=\"1961\">\n<li data-start=\"760\" data-end=\"1016\">\n<p data-start=\"763\" data-end=\"1016\"><strong data-start=\"763\" data-end=\"783\">EV1 Sensor Core:<\/strong> EV1 on m\u00f5eldud Evolution mehhaaniliste ja h\u00fcdrauliliste autopilootide s\u00fcsteemidele. SeaTalkng v\u00f5rgu\u00fchendus v\u00f5imaldab \u00fche kaabli \u00fchendust Evolution ACU (t\u00e4iturmehhanismi juhtimisseade) ja teiste SeaTalkng ja NMEA2000 v\u00f5rgustikega.<\/p>\n<\/li>\n<li data-start=\"1018\" data-end=\"1291\">\n<p data-start=\"1021\" data-end=\"1291\"><strong data-start=\"1021\" data-end=\"1033\">ACU-150:<\/strong> ACU-150 pakub v\u00f5imsust ja kontrolli Raymarine Type-1 h\u00fcdraulilise roolis\u00fcsteemi (M81120) \u00fcle. See \u00fchendub SeaTalkng v\u00f5rgu kaudu teiste komponentidega ja pakub \u00fchenduse v\u00f5imalust roolinurga andurile (m\u00fc\u00fcdud eraldi). T\u00f6\u00f6tleb ainult 12V DC s\u00fcsteemide puhul.<\/p>\n<\/li>\n<li data-start=\"1293\" data-end=\"1503\">\n<p data-start=\"1296\" data-end=\"1503\"><strong data-start=\"1296\" data-end=\"1339\">p70R \/ p70Rs Autopiloodi Juhtimisseade:<\/strong> p70R \/ p70Rs juhtimisseade on m\u00f5eldud mootorkaaludele ja sisaldab puutevajutusi ja p\u00f6\u00f6rdnuppu. See pakub t\u00e4pse LED taustvalgustuse ja laia vaatenurgaga ekraani.<\/p>\n<\/li>\n<li data-start=\"1505\" data-end=\"1813\">\n<p data-start=\"1508\" data-end=\"1813\"><strong data-start=\"1508\" data-end=\"1543\">Type 1 H\u00fcdrauliline Pump (12V):<\/strong> H\u00fcdrauliline pump t\u00f6\u00f6tab laeva roolis\u00fcsteemiga, tagades t\u00e4pset juhtimist Raymarine autopiloodi s\u00fcsteemi osana. Seda saab kasutada nii olemasolevate h\u00fcdrauliliste roolis\u00fcsteemide puhul kui ka mehaanilise roolis\u00fcsteemi puhul koos t\u00e4iendava roolinurga rammi lisamisega.<\/p>\n<\/li>\n<li data-start=\"1815\" data-end=\"1961\">\n<p data-start=\"1818\" data-end=\"1961\"><strong data-start=\"1818\" data-end=\"1859\">Evolution Kaabelduskomplekt &#8211; R70160:<\/strong> Kaabelduskomplekt sisaldab k\u00f5iki komponente, mis on vajalikud seadme \u00fchendamiseks SeaTalkng v\u00f5rku.<\/p>\n<\/li>\n<\/ol>\n<p><strong>Lae alla EV-150 h\u00fcdraulilise autopiloodi paigaldusjuhendid:<\/strong><\/p>\n<p>EV1 ja ACU <a href=\"https:\/\/raymarine.ee\/wp-content\/uploads\/2026\/04\/Evolution-EV-1-and-ACU-Installation-instructions-87180-Rev-7-EN.pdf\" target=\"_blank\" rel=\"noopener\">paigaldusjuhend<\/a><\/p>\n<p>Autopiloodi pumba <a href=\"https:\/\/raymarine.ee\/wp-content\/uploads\/2026\/04\/Hydraulic-Pump-E12139-M81119-M81120-M81121-M81122-M81123-M81124-Installation-Guide-81178-5-EN-2.pdf\" target=\"_blank\" rel=\"noopener\">paigaldusjuhend<\/a><\/p>\n<p>p70s ja p70Rs <a href=\"https:\/\/raymarine.ee\/wp-content\/uploads\/2026\/04\/p70s-p70Rs-Pilot-Controller-Installation-instructions-87424-Rev-3-EN.pdf\" target=\"_blank\" rel=\"noopener\">paigaldusjuhend<\/a><\/p>\n<p>Roolinurga anduri <a href=\"https:\/\/raymarine.ee\/wp-content\/uploads\/2026\/04\/Rudder-Angle-Sensor-M81105-Installation-instructions-87012-3-EN.pdf\" target=\"_blank\" rel=\"noopener\">paigaldusjuhend<\/a><\/p>\n<p>p70 ja p70Rs kaudu Evolution piloodi <a href=\"https:\/\/raymarine.ee\/wp-content\/uploads\/2026\/04\/p70-p70s-p70R-p70Rs-Pilot-Controller-Commissioning-Operation-instructions-81402-Rev-6-EN.pdf\" target=\"_blank\" rel=\"noopener\">seadistamis- ja kasutamisjuhend<\/a><\/p>\n<p><strong>Lisad:<\/strong><\/p>\n<p>Soovitame lisada ka roolinurga andur <a href=\"https:\/\/raymarine.ee\/en\/product\/raymarine-roolinurga-andur\/\">M81105<\/a>.<\/p>\n<p>Volvo-Penta veojalgade puhul v\u00f5ib roolinurga anduri \u00fchendamiseks vaja minna spetsiaalset <a href=\"https:\/\/raymarine.ee\/en\/product\/volvo-penta-rudder-indicator-kit-for-drive-units-dph-a-dph-b\/\">paigalduskomplekti<\/a><\/p>\n<p><a title=\"Find out more about the Evolution autopilot\" href=\"https:\/\/www.raymarine.com\/en-gb\/our-products\/boat-autopilots\/autopilot-packs\" target=\"_blank\" rel=\"noopener\">Find out more about the Evolution autopilot<\/a><\/p>","protected":false},"excerpt":{"rendered":"<p>EV-150 Hydraulic pilooti saab kasutada h\u00fcdraulilise juhtimiss\u00fcsteemiga mootorpaatides. EV-150 Hydraulic piloot on m\u00f5eldud huvilaevadele mille t\u00f6\u00f6silindri maht j\u00e4\u00e4b vahemikku 80cc-230cc ja toitepinge on 12V. Piloot koosneb Type1 h\u00fcdraulilisest pumbast, p70Rs kontrollseadmest, uuest \u00fcheksateljelisest sensorist EV-1 ja ACU-150 pumba juhtimisseadmest. Evolution seeria kursikompuutritel on \u00fcheksateljeline sensor koos AST funktsiooniga. Evolution autopiloodid toimivad ka ilma roolinurga andurita aga v\u00f5imaluse korral soovitame selle siiski lisada. Volvo-Penta veojalgade puhul tuleb roolinurga anduri \u00fchendamiseks lisada ka spetsiaalne paigalduskomplekt. Olge valmis ka selleks, et Teie paadis olevaid rooli h\u00fcdrovoolikuid tuleb natukene ringi ehitada. Tavaliselt tuleb lisada kolmikud pumba jaoks ja kolmas voolik viia pumbast tagasi rooliajamisse. Tutvu kindlasti ka selle komplekti juhenditega ja k\u00fcsimuste korral pea n\u00f5u meie spetsialistiga.<\/p>","protected":false},"featured_media":9289,"template":"","meta":{"_acf_changed":false},"product_brand":[134],"product_cat":[52,343,103,63],"product_tag":[],"class_list":{"0":"post-6399","1":"product","2":"type-product","3":"status-publish","4":"has-post-thumbnail","6":"product_brand-raymarine","7":"product_cat-autopiloot-autopiloodid","8":"product_cat-kampaaniad","9":"product_cat-raymarine","10":"product_cat-systeemipiloodid","12":"first","13":"instock","14":"sale","15":"taxable","16":"shipping-taxable","17":"purchasable","18":"product-type-simple"},"acf":[],"yoast_head":"<!-- This site is optimized with the Yoast SEO Premium plugin v27.5 (Yoast SEO v27.5) - https:\/\/yoast.com\/product\/yoast-seo-premium-wordpress\/ -->\n<title>Autopiloot: Raymarine EV-150 autopiloot h\u00fcdraulilisele juhtimisele NavSystems<\/title>\n<meta name=\"description\" content=\"Raymarine EV-150 h\u00fcdrauliline autopiloot on ideaalne lahendus kalastus- ja huvilaevadele. Uuri l\u00e4hemalt ja naudi muretut s\u00f5itu!\" \/>\n<meta name=\"robots\" content=\"index, follow, max-snippet:-1, max-image-preview:large, max-video-preview:-1\" \/>\n<link rel=\"canonical\" href=\"https:\/\/raymarine.ee\/en\/product\/raymarine-ev-150-hudrauliline-autopiloot-t70330\/\" \/>\n<meta property=\"og:locale\" content=\"en_GB\" \/>\n<meta property=\"og:type\" content=\"article\" \/>\n<meta property=\"og:title\" content=\"Autopiloot EV-150 Hydraulic\" \/>\n<meta property=\"og:description\" content=\"Raymarine EV-150 h\u00fcdrauliline autopiloot on ideaalne lahendus kalastus- ja huvilaevadele. Uuri l\u00e4hemalt ja naudi muretut s\u00f5itu!\" \/>\n<meta property=\"og:url\" content=\"https:\/\/raymarine.ee\/en\/product\/raymarine-ev-150-hudrauliline-autopiloot-t70330\/\" \/>\n<meta property=\"og:site_name\" content=\"NavSystems\" \/>\n<meta property=\"article:publisher\" content=\"https:\/\/www.facebook.com\/NavSystems\" \/>\n<meta property=\"article:modified_time\" content=\"2026-04-12T12:38:32+00:00\" \/>\n<meta property=\"og:image\" content=\"https:\/\/raymarine.ee\/wp-content\/uploads\/2025\/01\/f8a6e565-115c-4050-9ac6-a144695576e3.png\" \/>\n\t<meta property=\"og:image:width\" content=\"2000\" \/>\n\t<meta property=\"og:image:height\" content=\"2000\" \/>\n\t<meta property=\"og:image:type\" content=\"image\/png\" \/>\n<meta name=\"twitter:card\" content=\"summary_large_image\" \/>\n<meta name=\"twitter:label1\" content=\"Price\" \/>\n\t<meta name=\"twitter:data1\" content=\"1 825,00&nbsp;&euro;\" \/>\n\t<meta name=\"twitter:label2\" content=\"Availability\" \/>\n\t<meta name=\"twitter:data2\" content=\"In stock\" \/>\n<script type=\"application\/ld+json\" class=\"yoast-schema-graph\">{\"@context\":\"https:\\\/\\\/schema.org\",\"@graph\":[{\"@type\":\"WebPage\",\"@id\":\"https:\\\/\\\/raymarine.ee\\\/product\\\/raymarine-ev-150-hudrauliline-autopiloot-t70330\\\/\",\"url\":\"https:\\\/\\\/raymarine.ee\\\/product\\\/raymarine-ev-150-hudrauliline-autopiloot-t70330\\\/\",\"name\":\"Autopiloot: Raymarine EV-150 autopiloot h\u00fcdraulilisele juhtimisele NavSystems\",\"isPartOf\":{\"@id\":\"https:\\\/\\\/raymarine.ee\\\/#website\"},\"primaryImageOfPage\":{\"@id\":\"https:\\\/\\\/raymarine.ee\\\/product\\\/raymarine-ev-150-hudrauliline-autopiloot-t70330\\\/#primaryimage\"},\"image\":{\"@id\":\"https:\\\/\\\/raymarine.ee\\\/product\\\/raymarine-ev-150-hudrauliline-autopiloot-t70330\\\/#primaryimage\"},\"thumbnailUrl\":\"https:\\\/\\\/raymarine.ee\\\/wp-content\\\/uploads\\\/2025\\\/01\\\/f8a6e565-115c-4050-9ac6-a144695576e3.png\",\"datePublished\":\"2025-01-14T17:51:40+00:00\",\"dateModified\":\"2026-04-12T12:38:32+00:00\",\"description\":\"Raymarine EV-150 h\u00fcdrauliline autopiloot on ideaalne lahendus kalastus- ja huvilaevadele. Uuri l\u00e4hemalt ja naudi muretut s\u00f5itu!\",\"breadcrumb\":{\"@id\":\"https:\\\/\\\/raymarine.ee\\\/product\\\/raymarine-ev-150-hudrauliline-autopiloot-t70330\\\/#breadcrumb\"},\"inLanguage\":\"en-GB\",\"potentialAction\":[{\"@type\":\"ReadAction\",\"target\":[\"https:\\\/\\\/raymarine.ee\\\/product\\\/raymarine-ev-150-hudrauliline-autopiloot-t70330\\\/\"]}]},{\"@type\":\"ImageObject\",\"inLanguage\":\"en-GB\",\"@id\":\"https:\\\/\\\/raymarine.ee\\\/product\\\/raymarine-ev-150-hudrauliline-autopiloot-t70330\\\/#primaryimage\",\"url\":\"https:\\\/\\\/raymarine.ee\\\/wp-content\\\/uploads\\\/2025\\\/01\\\/f8a6e565-115c-4050-9ac6-a144695576e3.png\",\"contentUrl\":\"https:\\\/\\\/raymarine.ee\\\/wp-content\\\/uploads\\\/2025\\\/01\\\/f8a6e565-115c-4050-9ac6-a144695576e3.png\",\"width\":2000,\"height\":2000,\"caption\":\"EV-150-h\u00fcdrauliline-autopiloot\"},{\"@type\":\"BreadcrumbList\",\"@id\":\"https:\\\/\\\/raymarine.ee\\\/product\\\/raymarine-ev-150-hudrauliline-autopiloot-t70330\\\/#breadcrumb\",\"itemListElement\":[{\"@type\":\"ListItem\",\"position\":1,\"name\":\"Home\",\"item\":\"https:\\\/\\\/raymarine.ee\\\/\"},{\"@type\":\"ListItem\",\"position\":2,\"name\":\"Tooted\",\"item\":\"https:\\\/\\\/raymarine.ee\\\/shop\\\/\"},{\"@type\":\"ListItem\",\"position\":3,\"name\":\"Autopiloot EV-150 Hydraulic\"}]},{\"@type\":\"WebSite\",\"@id\":\"https:\\\/\\\/raymarine.ee\\\/#website\",\"url\":\"https:\\\/\\\/raymarine.ee\\\/\",\"name\":\"www.raymarine.ee\",\"description\":\"Mereelektroonika, kaardiplotter, autopiloot, pinnipiloot, roolipiloot, radar, AIS, VHF, Smart Wind\",\"publisher\":{\"@id\":\"https:\\\/\\\/raymarine.ee\\\/#organization\"},\"alternateName\":\"Raymarine\",\"potentialAction\":[{\"@type\":\"SearchAction\",\"target\":{\"@type\":\"EntryPoint\",\"urlTemplate\":\"https:\\\/\\\/raymarine.ee\\\/?s={search_term_string}\"},\"query-input\":{\"@type\":\"PropertyValueSpecification\",\"valueRequired\":true,\"valueName\":\"search_term_string\"}}],\"inLanguage\":\"en-GB\"},{\"@type\":\"Organization\",\"@id\":\"https:\\\/\\\/raymarine.ee\\\/#organization\",\"name\":\"NavSystems O\u00dc\",\"url\":\"https:\\\/\\\/raymarine.ee\\\/\",\"logo\":{\"@type\":\"ImageObject\",\"inLanguage\":\"en-GB\",\"@id\":\"https:\\\/\\\/raymarine.ee\\\/#\\\/schema\\\/logo\\\/image\\\/\",\"url\":\"https:\\\/\\\/raymarine.ee\\\/wp-content\\\/uploads\\\/2024\\\/10\\\/Screenshot-2024-10-15-151324_bg_removed.webp\",\"contentUrl\":\"https:\\\/\\\/raymarine.ee\\\/wp-content\\\/uploads\\\/2024\\\/10\\\/Screenshot-2024-10-15-151324_bg_removed.webp\",\"width\":420,\"height\":276,\"caption\":\"NavSystems O\u00dc\"},\"image\":{\"@id\":\"https:\\\/\\\/raymarine.ee\\\/#\\\/schema\\\/logo\\\/image\\\/\"},\"sameAs\":[\"https:\\\/\\\/www.facebook.com\\\/NavSystems\"],\"legalName\":\"NavSystems O\u00dc\",\"foundingDate\":\"2011-05-03\",\"numberOfEmployees\":{\"@type\":\"QuantitativeValue\",\"minValue\":\"1\",\"maxValue\":\"10\"}}]}<\/script>\n<meta property=\"product:price:amount\" content=\"1825.00\" \/>\n<meta property=\"product:price:currency\" content=\"EUR\" \/>\n<meta property=\"og:availability\" content=\"instock\" \/>\n<meta property=\"product:availability\" content=\"instock\" \/>\n<meta property=\"product:retailer_item_id\" content=\"T70330\" \/>\n<meta property=\"product:condition\" content=\"new\" \/>\n<!-- \/ Yoast SEO Premium plugin. -->","yoast_head_json":{"title":"Autopiloot: Raymarine EV-150 autopiloot h\u00fcdraulilisele juhtimisele NavSystems","description":"Raymarine EV-150 h\u00fcdrauliline autopiloot on ideaalne lahendus kalastus- ja huvilaevadele. Uuri l\u00e4hemalt ja naudi muretut s\u00f5itu!","robots":{"index":"index","follow":"follow","max-snippet":"max-snippet:-1","max-image-preview":"max-image-preview:large","max-video-preview":"max-video-preview:-1"},"canonical":"https:\/\/raymarine.ee\/en\/product\/raymarine-ev-150-hudrauliline-autopiloot-t70330\/","og_locale":"en_GB","og_type":"article","og_title":"Autopiloot EV-150 Hydraulic","og_description":"Raymarine EV-150 h\u00fcdrauliline autopiloot on ideaalne lahendus kalastus- ja huvilaevadele. Uuri l\u00e4hemalt ja naudi muretut s\u00f5itu!","og_url":"https:\/\/raymarine.ee\/en\/product\/raymarine-ev-150-hudrauliline-autopiloot-t70330\/","og_site_name":"NavSystems","article_publisher":"https:\/\/www.facebook.com\/NavSystems","article_modified_time":"2026-04-12T12:38:32+00:00","og_image":[{"width":2000,"height":2000,"url":"https:\/\/raymarine.ee\/wp-content\/uploads\/2025\/01\/f8a6e565-115c-4050-9ac6-a144695576e3.png","type":"image\/png"}],"twitter_card":"summary_large_image","twitter_misc":{"Price":"1 825,00&nbsp;&euro;","Availability":"In stock"},"schema":{"@context":"https:\/\/schema.org","@graph":[{"@type":"WebPage","@id":"https:\/\/raymarine.ee\/product\/raymarine-ev-150-hudrauliline-autopiloot-t70330\/","url":"https:\/\/raymarine.ee\/product\/raymarine-ev-150-hudrauliline-autopiloot-t70330\/","name":"Autopiloot: Raymarine EV-150 autopiloot h\u00fcdraulilisele juhtimisele NavSystems","isPartOf":{"@id":"https:\/\/raymarine.ee\/#website"},"primaryImageOfPage":{"@id":"https:\/\/raymarine.ee\/product\/raymarine-ev-150-hudrauliline-autopiloot-t70330\/#primaryimage"},"image":{"@id":"https:\/\/raymarine.ee\/product\/raymarine-ev-150-hudrauliline-autopiloot-t70330\/#primaryimage"},"thumbnailUrl":"https:\/\/raymarine.ee\/wp-content\/uploads\/2025\/01\/f8a6e565-115c-4050-9ac6-a144695576e3.png","datePublished":"2025-01-14T17:51:40+00:00","dateModified":"2026-04-12T12:38:32+00:00","description":"Raymarine EV-150 h\u00fcdrauliline autopiloot on ideaalne lahendus kalastus- ja huvilaevadele. Uuri l\u00e4hemalt ja naudi muretut s\u00f5itu!","breadcrumb":{"@id":"https:\/\/raymarine.ee\/product\/raymarine-ev-150-hudrauliline-autopiloot-t70330\/#breadcrumb"},"inLanguage":"en-GB","potentialAction":[{"@type":"ReadAction","target":["https:\/\/raymarine.ee\/product\/raymarine-ev-150-hudrauliline-autopiloot-t70330\/"]}]},{"@type":"ImageObject","inLanguage":"en-GB","@id":"https:\/\/raymarine.ee\/product\/raymarine-ev-150-hudrauliline-autopiloot-t70330\/#primaryimage","url":"https:\/\/raymarine.ee\/wp-content\/uploads\/2025\/01\/f8a6e565-115c-4050-9ac6-a144695576e3.png","contentUrl":"https:\/\/raymarine.ee\/wp-content\/uploads\/2025\/01\/f8a6e565-115c-4050-9ac6-a144695576e3.png","width":2000,"height":2000,"caption":"EV-150-h\u00fcdrauliline-autopiloot"},{"@type":"BreadcrumbList","@id":"https:\/\/raymarine.ee\/product\/raymarine-ev-150-hudrauliline-autopiloot-t70330\/#breadcrumb","itemListElement":[{"@type":"ListItem","position":1,"name":"Home","item":"https:\/\/raymarine.ee\/"},{"@type":"ListItem","position":2,"name":"Tooted","item":"https:\/\/raymarine.ee\/shop\/"},{"@type":"ListItem","position":3,"name":"Autopiloot EV-150 Hydraulic"}]},{"@type":"WebSite","@id":"https:\/\/raymarine.ee\/#website","url":"https:\/\/raymarine.ee\/","name":"www.raymarine.ee","description":"Mereelektroonika, kaardiplotter, autopiloot, pinnipiloot, roolipiloot, radar, AIS, VHF, Smart Wind","publisher":{"@id":"https:\/\/raymarine.ee\/#organization"},"alternateName":"Raymarine","potentialAction":[{"@type":"SearchAction","target":{"@type":"EntryPoint","urlTemplate":"https:\/\/raymarine.ee\/?s={search_term_string}"},"query-input":{"@type":"PropertyValueSpecification","valueRequired":true,"valueName":"search_term_string"}}],"inLanguage":"en-GB"},{"@type":"Organization","@id":"https:\/\/raymarine.ee\/#organization","name":"NavSystems O\u00dc","url":"https:\/\/raymarine.ee\/","logo":{"@type":"ImageObject","inLanguage":"en-GB","@id":"https:\/\/raymarine.ee\/#\/schema\/logo\/image\/","url":"https:\/\/raymarine.ee\/wp-content\/uploads\/2024\/10\/Screenshot-2024-10-15-151324_bg_removed.webp","contentUrl":"https:\/\/raymarine.ee\/wp-content\/uploads\/2024\/10\/Screenshot-2024-10-15-151324_bg_removed.webp","width":420,"height":276,"caption":"NavSystems O\u00dc"},"image":{"@id":"https:\/\/raymarine.ee\/#\/schema\/logo\/image\/"},"sameAs":["https:\/\/www.facebook.com\/NavSystems"],"legalName":"NavSystems O\u00dc","foundingDate":"2011-05-03","numberOfEmployees":{"@type":"QuantitativeValue","minValue":"1","maxValue":"10"}}]},"product_price_amount":"1825.00","product_price_currency":"EUR","og_availability":"instock","product_availability":"instock","product_retailer_item_id":"T70330","product_condition":"new"},"jetpack_sharing_enabled":true,"_links":{"self":[{"href":"https:\/\/raymarine.ee\/en\/wp-json\/wp\/v2\/product\/6399","targetHints":{"allow":["GET"]}}],"collection":[{"href":"https:\/\/raymarine.ee\/en\/wp-json\/wp\/v2\/product"}],"about":[{"href":"https:\/\/raymarine.ee\/en\/wp-json\/wp\/v2\/types\/product"}],"wp:featuredmedia":[{"embeddable":true,"href":"https:\/\/raymarine.ee\/en\/wp-json\/wp\/v2\/media\/9289"}],"wp:attachment":[{"href":"https:\/\/raymarine.ee\/en\/wp-json\/wp\/v2\/media?parent=6399"}],"wp:term":[{"taxonomy":"product_brand","embeddable":true,"href":"https:\/\/raymarine.ee\/en\/wp-json\/wp\/v2\/product_brand?post=6399"},{"taxonomy":"product_cat","embeddable":true,"href":"https:\/\/raymarine.ee\/en\/wp-json\/wp\/v2\/product_cat?post=6399"},{"taxonomy":"product_tag","embeddable":true,"href":"https:\/\/raymarine.ee\/en\/wp-json\/wp\/v2\/product_tag?post=6399"}],"curies":[{"name":"wp","href":"https:\/\/api.w.org\/{rel}","templated":true}]}}