{"id":6400,"date":"2025-01-14T17:49:56","date_gmt":"2025-01-14T17:49:56","guid":{"rendered":"https:\/\/raymarine.ee\/?post_type=product&#038;p=6400"},"modified":"2026-04-12T15:37:06","modified_gmt":"2026-04-12T12:37:06","slug":"raymarine-ev-200-hudrauliline-autopiloot-t70157","status":"publish","type":"product","link":"https:\/\/raymarine.ee\/en\/product\/raymarine-ev-200-hudrauliline-autopiloot-t70157\/","title":{"rendered":"Autopiloot EV-200 Hydraulic"},"content":{"rendered":"<h5 data-start=\"55\" data-end=\"108\"><strong data-start=\"55\" data-end=\"108\">Raymarine EV-200 H\u00fcdrauliline Autopiloot (T70157)<\/strong><\/h5>\n<p data-start=\"110\" data-end=\"518\">Raymarine EV-200 h\u00fcdrauliline autopiloot on t\u00e4iuslik lahendus v\u00e4ikeste ja keskmise suurusega laevadele, millel on h\u00fcdraulilised roolis\u00fcsteemid. EV-200 s\u00fcsteem on loodud spetsiaalselt laevadele, mille roolis\u00fcsteemi rammi maht j\u00e4\u00e4b vahemikku 4,9 kuupsentimeetrit (80cc) kuni 14,0 kuupsentimeetrit (230cc). See on ideaalne valik kalastus- ja kruiisilaevadele, tagades t\u00e4psuse ja usaldusv\u00e4\u00e4rsuse igal merereisil.<\/p>\n<h5 data-start=\"520\" data-end=\"564\"><strong data-start=\"520\" data-end=\"564\">EV-200 H\u00fcdrauliline Autopiloot Sisaldab:<\/strong><\/h5>\n<ol data-start=\"566\" data-end=\"1850\">\n<li data-start=\"566\" data-end=\"828\">\n<p data-start=\"569\" data-end=\"828\"><strong data-start=\"569\" data-end=\"589\">EV1 Sensor Core:<\/strong> EV1 on m\u00f5eldud Evolution mehhaaniliste ja h\u00fcdrauliliste autopilootide s\u00fcsteemide jaoks. SeaTalkng v\u00f5rgu\u00fchendus v\u00f5imaldab \u00fche kaabli \u00fchendust Evolution ACU (t\u00e4iturmehhanismi juhtimisseade) ja teiste SeaTalkng ning NMEA2000 v\u00f5rgustikega.<\/p>\n<\/li>\n<li data-start=\"830\" data-end=\"953\">\n<p data-start=\"833\" data-end=\"953\"><strong data-start=\"833\" data-end=\"845\">ACU-200:<\/strong> ACU-200 (T\u00e4iturmehhanismi Juhtimisseade) tagab usaldusv\u00e4\u00e4rse autopiloodi j\u00f5u ja toite SeaTalkng bussile.<\/p>\n<\/li>\n<li data-start=\"955\" data-end=\"1280\">\n<p data-start=\"958\" data-end=\"1280\"><strong data-start=\"958\" data-end=\"1013\">p70 \/ p70s Autopiloodi Juhtimisseade (Purjetamine):<\/strong> p70 \/ p70s juhtimisseade on m\u00f5eldud eelk\u00f5ige purjekatele, pakkudes lihtsat ja usaldusv\u00e4\u00e4rset nuppude juhtimist. T\u00e4iustatud LED taustvalgustus v\u00e4hese energiatarbimisega pakub elavat v\u00e4rvi ja kontrasti, v\u00f5imaldades ekraani mugavat vaatamist erinevates valgusoludes.<\/p>\n<\/li>\n<li data-start=\"1282\" data-end=\"1698\">\n<p data-start=\"1285\" data-end=\"1698\"><strong data-start=\"1285\" data-end=\"1329\">Type 1 Mehaaniline Lineaarne Juht (12V):<\/strong> Raymarine\u2019i mehaanilise lineaarse juhtimisseadme disain pakub kiiret ja vaikset t\u00f6\u00f6tamist, v\u00e4hendades tagasihoidlikku koormust, et autopiloot seisakure\u017eiimis ei m\u00f5juta laeva roolis\u00fcsteemi. Elektrimootor on kontrollitud elektromagnetilise turvavarre kaudu, kasutades tugevat rihm\u00fclekannet ja epits\u00fcklilist k\u00e4igukasti, tagades k\u00f5rge j\u00f5udluse ja madala voolutarbimise.<\/p>\n<\/li>\n<li data-start=\"1700\" data-end=\"1850\">\n<p data-start=\"1703\" data-end=\"1850\"><strong data-start=\"1703\" data-end=\"1744\">Evolution Kaabelduskomplekt &#8211; R70160:<\/strong> Kaabelduskomplekt sisaldab k\u00f5iki komponente, mis on vajalikud s\u00fcsteemi \u00fchendamiseks SeaTalkng v\u00f5rguga.<\/p>\n<\/li>\n<\/ol>\n<h5 data-start=\"1852\" data-end=\"1874\"><strong data-start=\"1852\" data-end=\"1874\">Komplekt sisaldab:<\/strong><\/h5>\n<ul data-start=\"1876\" data-end=\"2079\">\n<li data-start=\"1876\" data-end=\"1910\">\n<p data-start=\"1878\" data-end=\"1910\">1 x SeaTalkng Power Cable (0,4m)<\/p>\n<\/li>\n<li data-start=\"1911\" data-end=\"1946\">\n<p data-start=\"1913\" data-end=\"1946\">1 x SeaTalkng Backbone Cable (5m)<\/p>\n<\/li>\n<li data-start=\"1947\" data-end=\"1980\">\n<p data-start=\"1949\" data-end=\"1980\">1 x SeaTalkng Spur Cable (0,4m)<\/p>\n<\/li>\n<li data-start=\"1981\" data-end=\"2018\">\n<p data-start=\"1983\" data-end=\"2018\">1 x SeaTalkng 5-way Connector Block<\/p>\n<\/li>\n<li data-start=\"2019\" data-end=\"2052\">\n<p data-start=\"2021\" data-end=\"2052\">2 x SeaTalkng T-piece Connector<\/p>\n<\/li>\n<li data-start=\"2053\" data-end=\"2079\">\n<p data-start=\"2055\" data-end=\"2079\">2 x SeaTalkng Terminator<\/p>\n<\/li>\n<\/ul>\n<h5><strong>Lae alla EV-200 h\u00fcdraulilise autopiloodi paigaldusjuhendid:<\/strong><\/h5>\n<p>EV1 ja ACU <a href=\"https:\/\/raymarine.ee\/wp-content\/uploads\/2026\/04\/Evolution-EV-1-and-ACU-Installation-instructions-87180-Rev-7-EN.pdf\" target=\"_blank\" rel=\"noopener\">paigaldusjuhend<\/a><\/p>\n<p>Autopiloodi pumba <a href=\"https:\/\/raymarine.ee\/wp-content\/uploads\/2026\/04\/Hydraulic-Pump-E12139-M81119-M81120-M81121-M81122-M81123-M81124-Installation-Guide-81178-5-EN-2.pdf\" target=\"_blank\" rel=\"noopener\">paigaldusjuhend<\/a><\/p>\n<p>p70s ja p70Rs <a href=\"https:\/\/raymarine.ee\/wp-content\/uploads\/2026\/04\/p70s-p70Rs-Pilot-Controller-Installation-instructions-87424-Rev-3-EN.pdf\" target=\"_blank\" rel=\"noopener\">paigaldusjuhend<\/a><\/p>\n<p>Roolinurga anduri <a href=\"https:\/\/raymarine.ee\/wp-content\/uploads\/2026\/04\/Rudder-Angle-Sensor-M81105-Installation-instructions-87012-3-EN.pdf\" target=\"_blank\" rel=\"noopener\">paigaldusjuhend<\/a><\/p>\n<p>p70 ja p70Rs kaudu Evolution piloodi <a href=\"https:\/\/raymarine.ee\/wp-content\/uploads\/2026\/04\/p70-p70s-p70R-p70Rs-Pilot-Controller-Commissioning-Operation-instructions-81402-Rev-6-EN.pdf\" target=\"_blank\" rel=\"noopener\">seadistamis- ja kasutamisjuhend<\/a><\/p>\n<p><strong>Lisad:<\/strong><\/p>\n<p>Soovitame lisada ka roolinurga andur <a href=\"https:\/\/raymarine.ee\/en\/product\/raymarine-roolinurga-andur\/\">M81105<\/a>.<\/p>\n<p>Volvo-Penta veojalgade puhul v\u00f5ib roolinurga anduri \u00fchendamiseks vaja minna spetsiaalset <a href=\"https:\/\/raymarine.ee\/en\/product\/volvo-penta-rudder-indicator-kit-for-drive-units-dph-a-dph-b\/\">paigalduskomplekti<\/a><\/p>\n<p><a title=\"Find out more about the Evolution autopilot\" href=\"https:\/\/www.raymarine.com\/en-gb\/our-products\/boat-autopilots\/autopilot-packs\" target=\"_blank\" rel=\"noopener\">Find out more about the Evolution autopilot<\/a><\/p>","protected":false},"excerpt":{"rendered":"<p>EV-200 Hydraulic autopiloot koos p70Rs juhtseadmega on m\u00f5eldud h\u00fcdraulilise juhtimisega paatidele. Komplekti kuulub p70Rs juhtimisseade, EV-1 kursikompuuter, ACU-200 ajami juhtimisseade ja Type-1 12V h\u00fcdropump. Evolution seeria kursikompuutritel on \u00fcheksateljeline sensor koos AST funktsiooniga. Evolution autopiloodid toimivad ka ilma roolinurga andurita aga v\u00f5imaluse korral soovitame selle siiski lisada. Volvo-Penta veojalgade puhul tuleb roolinurga anduri \u00fchendamiseks lisada ka spetsiaalne paigalduskomplekt. Olge valmis ka selleks, et Teie paadis olevaid rooli h\u00fcdrovoolikuid tuleb natukene ringi ehitada. Tavaliselt tuleb lisada kolmikud pumba jaoks ja kolmas voolik viia pumbast tagasi rooliajamisse. Tutvu kindlasti ka selle komplekti juhenditega ja k\u00fcsimuste korral pea n\u00f5u meie spetsialistiga.<\/p>","protected":false},"featured_media":9288,"template":"","meta":{"_acf_changed":false},"product_brand":[134],"product_cat":[52,343,103,63],"product_tag":[],"class_list":{"0":"post-6400","1":"product","2":"type-product","3":"status-publish","4":"has-post-thumbnail","6":"product_brand-raymarine","7":"product_cat-autopiloot-autopiloodid","8":"product_cat-kampaaniad","9":"product_cat-raymarine","10":"product_cat-systeemipiloodid","12":"first","13":"instock","14":"sale","15":"taxable","16":"shipping-taxable","17":"purchasable","18":"product-type-simple"},"acf":[],"yoast_head":"<!-- This site is optimized with the Yoast SEO Premium plugin v27.5 (Yoast SEO v27.5) - https:\/\/yoast.com\/product\/yoast-seo-premium-wordpress\/ -->\n<title>EV-200 Autopiloot h\u00fcdrauliliste roolis\u00fcsteemide jaoks. - NavSystems<\/title>\n<meta name=\"description\" content=\"Raymarine EV-200 Autopiloot pakub t\u00e4psust ja usaldusv\u00e4\u00e4rsust teie kalastus- v\u00f5i huvilaevale! Uurige l\u00e4hemalt ja tehke oma merereis mugavaks!\" \/>\n<meta name=\"robots\" content=\"index, follow, max-snippet:-1, max-image-preview:large, max-video-preview:-1\" \/>\n<link rel=\"canonical\" href=\"https:\/\/raymarine.ee\/en\/product\/raymarine-ev-200-hudrauliline-autopiloot-t70157\/\" \/>\n<meta property=\"og:locale\" content=\"en_GB\" \/>\n<meta property=\"og:type\" content=\"article\" \/>\n<meta property=\"og:title\" content=\"Autopiloot EV-200 Hydraulic\" \/>\n<meta property=\"og:description\" content=\"Raymarine EV-200 Autopiloot pakub t\u00e4psust ja usaldusv\u00e4\u00e4rsust teie kalastus- v\u00f5i huvilaevale! Uurige l\u00e4hemalt ja tehke oma merereis mugavaks!\" \/>\n<meta property=\"og:url\" content=\"https:\/\/raymarine.ee\/en\/product\/raymarine-ev-200-hudrauliline-autopiloot-t70157\/\" \/>\n<meta property=\"og:site_name\" content=\"NavSystems\" \/>\n<meta property=\"article:publisher\" content=\"https:\/\/www.facebook.com\/NavSystems\" \/>\n<meta property=\"article:modified_time\" content=\"2026-04-12T12:37:06+00:00\" \/>\n<meta property=\"og:image\" content=\"https:\/\/raymarine.ee\/wp-content\/uploads\/2025\/01\/a368d5b7-21ea-48aa-9e4a-be1e996f727a.png\" \/>\n\t<meta property=\"og:image:width\" content=\"2000\" \/>\n\t<meta property=\"og:image:height\" content=\"2000\" \/>\n\t<meta property=\"og:image:type\" content=\"image\/png\" \/>\n<meta name=\"twitter:card\" content=\"summary_large_image\" \/>\n<meta name=\"twitter:label1\" content=\"Price\" \/>\n\t<meta name=\"twitter:data1\" content=\"2 925,80&nbsp;&euro;\" \/>\n\t<meta name=\"twitter:label2\" content=\"Availability\" \/>\n\t<meta name=\"twitter:data2\" content=\"In stock\" \/>\n<script type=\"application\/ld+json\" class=\"yoast-schema-graph\">{\"@context\":\"https:\\\/\\\/schema.org\",\"@graph\":[{\"@type\":\"WebPage\",\"@id\":\"https:\\\/\\\/raymarine.ee\\\/product\\\/raymarine-ev-200-hudrauliline-autopiloot-t70157\\\/\",\"url\":\"https:\\\/\\\/raymarine.ee\\\/product\\\/raymarine-ev-200-hudrauliline-autopiloot-t70157\\\/\",\"name\":\"EV-200 Autopiloot h\u00fcdrauliliste roolis\u00fcsteemide jaoks. - NavSystems\",\"isPartOf\":{\"@id\":\"https:\\\/\\\/raymarine.ee\\\/#website\"},\"primaryImageOfPage\":{\"@id\":\"https:\\\/\\\/raymarine.ee\\\/product\\\/raymarine-ev-200-hudrauliline-autopiloot-t70157\\\/#primaryimage\"},\"image\":{\"@id\":\"https:\\\/\\\/raymarine.ee\\\/product\\\/raymarine-ev-200-hudrauliline-autopiloot-t70157\\\/#primaryimage\"},\"thumbnailUrl\":\"https:\\\/\\\/raymarine.ee\\\/wp-content\\\/uploads\\\/2025\\\/01\\\/a368d5b7-21ea-48aa-9e4a-be1e996f727a.png\",\"datePublished\":\"2025-01-14T17:49:56+00:00\",\"dateModified\":\"2026-04-12T12:37:06+00:00\",\"description\":\"Raymarine EV-200 Autopiloot pakub t\u00e4psust ja usaldusv\u00e4\u00e4rsust teie kalastus- v\u00f5i huvilaevale! Uurige l\u00e4hemalt ja tehke oma merereis mugavaks!\",\"breadcrumb\":{\"@id\":\"https:\\\/\\\/raymarine.ee\\\/product\\\/raymarine-ev-200-hudrauliline-autopiloot-t70157\\\/#breadcrumb\"},\"inLanguage\":\"en-GB\",\"potentialAction\":[{\"@type\":\"ReadAction\",\"target\":[\"https:\\\/\\\/raymarine.ee\\\/product\\\/raymarine-ev-200-hudrauliline-autopiloot-t70157\\\/\"]}]},{\"@type\":\"ImageObject\",\"inLanguage\":\"en-GB\",\"@id\":\"https:\\\/\\\/raymarine.ee\\\/product\\\/raymarine-ev-200-hudrauliline-autopiloot-t70157\\\/#primaryimage\",\"url\":\"https:\\\/\\\/raymarine.ee\\\/wp-content\\\/uploads\\\/2025\\\/01\\\/a368d5b7-21ea-48aa-9e4a-be1e996f727a.png\",\"contentUrl\":\"https:\\\/\\\/raymarine.ee\\\/wp-content\\\/uploads\\\/2025\\\/01\\\/a368d5b7-21ea-48aa-9e4a-be1e996f727a.png\",\"width\":2000,\"height\":2000,\"caption\":\"ev-200-h\u00fcdrauliline-autopiloot\"},{\"@type\":\"BreadcrumbList\",\"@id\":\"https:\\\/\\\/raymarine.ee\\\/product\\\/raymarine-ev-200-hudrauliline-autopiloot-t70157\\\/#breadcrumb\",\"itemListElement\":[{\"@type\":\"ListItem\",\"position\":1,\"name\":\"Home\",\"item\":\"https:\\\/\\\/raymarine.ee\\\/\"},{\"@type\":\"ListItem\",\"position\":2,\"name\":\"Tooted\",\"item\":\"https:\\\/\\\/raymarine.ee\\\/shop\\\/\"},{\"@type\":\"ListItem\",\"position\":3,\"name\":\"Autopiloot EV-200 Hydraulic\"}]},{\"@type\":\"WebSite\",\"@id\":\"https:\\\/\\\/raymarine.ee\\\/#website\",\"url\":\"https:\\\/\\\/raymarine.ee\\\/\",\"name\":\"www.raymarine.ee\",\"description\":\"Mereelektroonika, kaardiplotter, autopiloot, pinnipiloot, roolipiloot, radar, AIS, VHF, Smart Wind\",\"publisher\":{\"@id\":\"https:\\\/\\\/raymarine.ee\\\/#organization\"},\"alternateName\":\"Raymarine\",\"potentialAction\":[{\"@type\":\"SearchAction\",\"target\":{\"@type\":\"EntryPoint\",\"urlTemplate\":\"https:\\\/\\\/raymarine.ee\\\/?s={search_term_string}\"},\"query-input\":{\"@type\":\"PropertyValueSpecification\",\"valueRequired\":true,\"valueName\":\"search_term_string\"}}],\"inLanguage\":\"en-GB\"},{\"@type\":\"Organization\",\"@id\":\"https:\\\/\\\/raymarine.ee\\\/#organization\",\"name\":\"NavSystems O\u00dc\",\"url\":\"https:\\\/\\\/raymarine.ee\\\/\",\"logo\":{\"@type\":\"ImageObject\",\"inLanguage\":\"en-GB\",\"@id\":\"https:\\\/\\\/raymarine.ee\\\/#\\\/schema\\\/logo\\\/image\\\/\",\"url\":\"https:\\\/\\\/raymarine.ee\\\/wp-content\\\/uploads\\\/2024\\\/10\\\/Screenshot-2024-10-15-151324_bg_removed.webp\",\"contentUrl\":\"https:\\\/\\\/raymarine.ee\\\/wp-content\\\/uploads\\\/2024\\\/10\\\/Screenshot-2024-10-15-151324_bg_removed.webp\",\"width\":420,\"height\":276,\"caption\":\"NavSystems O\u00dc\"},\"image\":{\"@id\":\"https:\\\/\\\/raymarine.ee\\\/#\\\/schema\\\/logo\\\/image\\\/\"},\"sameAs\":[\"https:\\\/\\\/www.facebook.com\\\/NavSystems\"],\"legalName\":\"NavSystems O\u00dc\",\"foundingDate\":\"2011-05-03\",\"numberOfEmployees\":{\"@type\":\"QuantitativeValue\",\"minValue\":\"1\",\"maxValue\":\"10\"}}]}<\/script>\n<meta property=\"product:price:amount\" content=\"2925.80\" \/>\n<meta property=\"product:price:currency\" content=\"EUR\" \/>\n<meta property=\"og:availability\" content=\"instock\" \/>\n<meta property=\"product:availability\" content=\"instock\" \/>\n<meta property=\"product:retailer_item_id\" content=\"T70157\" \/>\n<meta property=\"product:condition\" content=\"new\" \/>\n<!-- \/ Yoast SEO Premium plugin. -->","yoast_head_json":{"title":"EV-200 Autopiloot h\u00fcdrauliliste roolis\u00fcsteemide jaoks. - NavSystems","description":"Raymarine EV-200 Autopiloot pakub t\u00e4psust ja usaldusv\u00e4\u00e4rsust teie kalastus- v\u00f5i huvilaevale! Uurige l\u00e4hemalt ja tehke oma merereis mugavaks!","robots":{"index":"index","follow":"follow","max-snippet":"max-snippet:-1","max-image-preview":"max-image-preview:large","max-video-preview":"max-video-preview:-1"},"canonical":"https:\/\/raymarine.ee\/en\/product\/raymarine-ev-200-hudrauliline-autopiloot-t70157\/","og_locale":"en_GB","og_type":"article","og_title":"Autopiloot EV-200 Hydraulic","og_description":"Raymarine EV-200 Autopiloot pakub t\u00e4psust ja usaldusv\u00e4\u00e4rsust teie kalastus- v\u00f5i huvilaevale! Uurige l\u00e4hemalt ja tehke oma merereis mugavaks!","og_url":"https:\/\/raymarine.ee\/en\/product\/raymarine-ev-200-hudrauliline-autopiloot-t70157\/","og_site_name":"NavSystems","article_publisher":"https:\/\/www.facebook.com\/NavSystems","article_modified_time":"2026-04-12T12:37:06+00:00","og_image":[{"width":2000,"height":2000,"url":"https:\/\/raymarine.ee\/wp-content\/uploads\/2025\/01\/a368d5b7-21ea-48aa-9e4a-be1e996f727a.png","type":"image\/png"}],"twitter_card":"summary_large_image","twitter_misc":{"Price":"2 925,80&nbsp;&euro;","Availability":"In stock"},"schema":{"@context":"https:\/\/schema.org","@graph":[{"@type":"WebPage","@id":"https:\/\/raymarine.ee\/product\/raymarine-ev-200-hudrauliline-autopiloot-t70157\/","url":"https:\/\/raymarine.ee\/product\/raymarine-ev-200-hudrauliline-autopiloot-t70157\/","name":"EV-200 Autopiloot h\u00fcdrauliliste roolis\u00fcsteemide jaoks. - NavSystems","isPartOf":{"@id":"https:\/\/raymarine.ee\/#website"},"primaryImageOfPage":{"@id":"https:\/\/raymarine.ee\/product\/raymarine-ev-200-hudrauliline-autopiloot-t70157\/#primaryimage"},"image":{"@id":"https:\/\/raymarine.ee\/product\/raymarine-ev-200-hudrauliline-autopiloot-t70157\/#primaryimage"},"thumbnailUrl":"https:\/\/raymarine.ee\/wp-content\/uploads\/2025\/01\/a368d5b7-21ea-48aa-9e4a-be1e996f727a.png","datePublished":"2025-01-14T17:49:56+00:00","dateModified":"2026-04-12T12:37:06+00:00","description":"Raymarine EV-200 Autopiloot pakub t\u00e4psust ja usaldusv\u00e4\u00e4rsust teie kalastus- v\u00f5i huvilaevale! Uurige l\u00e4hemalt ja tehke oma merereis mugavaks!","breadcrumb":{"@id":"https:\/\/raymarine.ee\/product\/raymarine-ev-200-hudrauliline-autopiloot-t70157\/#breadcrumb"},"inLanguage":"en-GB","potentialAction":[{"@type":"ReadAction","target":["https:\/\/raymarine.ee\/product\/raymarine-ev-200-hudrauliline-autopiloot-t70157\/"]}]},{"@type":"ImageObject","inLanguage":"en-GB","@id":"https:\/\/raymarine.ee\/product\/raymarine-ev-200-hudrauliline-autopiloot-t70157\/#primaryimage","url":"https:\/\/raymarine.ee\/wp-content\/uploads\/2025\/01\/a368d5b7-21ea-48aa-9e4a-be1e996f727a.png","contentUrl":"https:\/\/raymarine.ee\/wp-content\/uploads\/2025\/01\/a368d5b7-21ea-48aa-9e4a-be1e996f727a.png","width":2000,"height":2000,"caption":"ev-200-h\u00fcdrauliline-autopiloot"},{"@type":"BreadcrumbList","@id":"https:\/\/raymarine.ee\/product\/raymarine-ev-200-hudrauliline-autopiloot-t70157\/#breadcrumb","itemListElement":[{"@type":"ListItem","position":1,"name":"Home","item":"https:\/\/raymarine.ee\/"},{"@type":"ListItem","position":2,"name":"Tooted","item":"https:\/\/raymarine.ee\/shop\/"},{"@type":"ListItem","position":3,"name":"Autopiloot EV-200 Hydraulic"}]},{"@type":"WebSite","@id":"https:\/\/raymarine.ee\/#website","url":"https:\/\/raymarine.ee\/","name":"www.raymarine.ee","description":"Mereelektroonika, kaardiplotter, autopiloot, pinnipiloot, roolipiloot, radar, AIS, VHF, Smart Wind","publisher":{"@id":"https:\/\/raymarine.ee\/#organization"},"alternateName":"Raymarine","potentialAction":[{"@type":"SearchAction","target":{"@type":"EntryPoint","urlTemplate":"https:\/\/raymarine.ee\/?s={search_term_string}"},"query-input":{"@type":"PropertyValueSpecification","valueRequired":true,"valueName":"search_term_string"}}],"inLanguage":"en-GB"},{"@type":"Organization","@id":"https:\/\/raymarine.ee\/#organization","name":"NavSystems O\u00dc","url":"https:\/\/raymarine.ee\/","logo":{"@type":"ImageObject","inLanguage":"en-GB","@id":"https:\/\/raymarine.ee\/#\/schema\/logo\/image\/","url":"https:\/\/raymarine.ee\/wp-content\/uploads\/2024\/10\/Screenshot-2024-10-15-151324_bg_removed.webp","contentUrl":"https:\/\/raymarine.ee\/wp-content\/uploads\/2024\/10\/Screenshot-2024-10-15-151324_bg_removed.webp","width":420,"height":276,"caption":"NavSystems O\u00dc"},"image":{"@id":"https:\/\/raymarine.ee\/#\/schema\/logo\/image\/"},"sameAs":["https:\/\/www.facebook.com\/NavSystems"],"legalName":"NavSystems O\u00dc","foundingDate":"2011-05-03","numberOfEmployees":{"@type":"QuantitativeValue","minValue":"1","maxValue":"10"}}]},"product_price_amount":"2925.80","product_price_currency":"EUR","og_availability":"instock","product_availability":"instock","product_retailer_item_id":"T70157","product_condition":"new"},"jetpack_sharing_enabled":true,"_links":{"self":[{"href":"https:\/\/raymarine.ee\/en\/wp-json\/wp\/v2\/product\/6400","targetHints":{"allow":["GET"]}}],"collection":[{"href":"https:\/\/raymarine.ee\/en\/wp-json\/wp\/v2\/product"}],"about":[{"href":"https:\/\/raymarine.ee\/en\/wp-json\/wp\/v2\/types\/product"}],"wp:featuredmedia":[{"embeddable":true,"href":"https:\/\/raymarine.ee\/en\/wp-json\/wp\/v2\/media\/9288"}],"wp:attachment":[{"href":"https:\/\/raymarine.ee\/en\/wp-json\/wp\/v2\/media?parent=6400"}],"wp:term":[{"taxonomy":"product_brand","embeddable":true,"href":"https:\/\/raymarine.ee\/en\/wp-json\/wp\/v2\/product_brand?post=6400"},{"taxonomy":"product_cat","embeddable":true,"href":"https:\/\/raymarine.ee\/en\/wp-json\/wp\/v2\/product_cat?post=6400"},{"taxonomy":"product_tag","embeddable":true,"href":"https:\/\/raymarine.ee\/en\/wp-json\/wp\/v2\/product_tag?post=6400"}],"curies":[{"name":"wp","href":"https:\/\/api.w.org\/{rel}","templated":true}]}}