{"id":6401,"date":"2025-01-14T17:45:46","date_gmt":"2025-01-14T17:45:46","guid":{"rendered":"https:\/\/raymarine.ee\/?post_type=product&#038;p=6401"},"modified":"2026-04-12T15:34:13","modified_gmt":"2026-04-12T12:34:13","slug":"ev-200-linear-autopiloot","status":"publish","type":"product","link":"https:\/\/raymarine.ee\/en\/product\/ev-200-linear-autopiloot\/","title":{"rendered":"Autopiloot EV-200 Linear"},"content":{"rendered":"<p>Vaata k\u00f5ikide <a href=\"https:\/\/www.raymarine.eu\/autopilot\/#products\" target=\"_blank\" rel=\"noopener\">Raymarine autopilootide<\/a> tvustust tootja kodulehelt.<\/p>\n<p data-start=\"55\" data-end=\"121\"><strong data-start=\"55\" data-end=\"121\">Raymarine EV1 Sensor Core ja Evolution Autopilooti Komponendid<\/strong><\/p>\n<p data-start=\"123\" data-end=\"142\"><strong data-start=\"123\" data-end=\"142\">EV1 Sensor Core<\/strong><\/p>\n<p data-start=\"144\" data-end=\"421\">EV-1 on m\u00f5eldud Evolution mehhaanilistele ja h\u00fcdraulilistele autopilootide s\u00fcsteemidele. SeaTalkng v\u00f5rgu\u00fchendus v\u00f5imaldab \u00fche kaabli\u00fchenduse kaudu toite ja andmete edastamist Evolution ACU (t\u00e4iturmehhanismi juhtimisseade) ja laiendatud SeaTalkng ning NMEA2000 v\u00f5rgustike vahel.<\/p>\n<p data-start=\"423\" data-end=\"467\"><strong data-start=\"423\" data-end=\"467\">ACU-200 (T\u00e4iturmehhanismi Juhtimisseade)<\/strong><\/p>\n<p data-start=\"469\" data-end=\"696\">ACU-200 on vastupidav t\u00e4iturmehhanismi juhtimisseade, mis pakub usaldusv\u00e4\u00e4rset autopiloodi t\u00f6\u00f6v\u00f5imet ning toite SeaTalkng bussile. Selle juhtimisseade tagab t\u00e4psed juhtimisfunktsioonid ja \u00fchendab s\u00fcsteemi teiste komponentidega.<\/p>\n<p data-start=\"698\" data-end=\"752\"><strong data-start=\"698\" data-end=\"752\">p70 \/ p70s Autopiloodi Juhtimisseade (Purjetamine)<\/strong><\/p>\n<p data-start=\"754\" data-end=\"1072\">p70 \/ p70s autopiloodi juhtimisseade on nuppudega juhitav seade, mis on loodud spetsiaalselt purjekatele. T\u00e4iustatud LED taustvalgustus pakub madalat energiatarbimist ja elavat v\u00e4rvi ning kontrasti. Laialdased horisontaalsed ja vertikaalsed vaatenurgad tagavad, et ekraani saab selgelt vaadata isegi \u00e4gedates nurkades.<\/p>\n<p data-start=\"1074\" data-end=\"1223\">p70 \/ p70s juhtimisseade sisaldab LightHouse kasutajaliidest ja alustamisviisardi funktsiooni, mis aitab kiiresti ja lihtsalt seadistada autopiloodi.<\/p>\n<p data-start=\"1225\" data-end=\"1268\"><strong data-start=\"1225\" data-end=\"1268\">Type 1 Mehaaniline Lineaarne Juht (12V)<\/strong><\/p>\n<p data-start=\"1270\" data-end=\"1332\">Raymarine\u2019i mehaanilise lineaarse juhtimisseadme disain pakub:<\/p>\n<ul data-start=\"1334\" data-end=\"1703\">\n<li data-start=\"1334\" data-end=\"1394\">\n<p data-start=\"1336\" data-end=\"1394\">Tugevat t\u00f5ukej\u00f5udu, kiiret t\u00f6\u00f6v\u00f5imet ja vaikset toimimist.<\/p>\n<\/li>\n<li data-start=\"1395\" data-end=\"1512\">\n<p data-start=\"1397\" data-end=\"1512\">Madalat tagasisuunaj\u00f5udu, et minimeerida juhtimisj\u00f5u m\u00f5ju laeva roolis\u00fcsteemile, kui autopiloot on seisakure\u017eiimis.<\/p>\n<\/li>\n<li data-start=\"1513\" data-end=\"1662\">\n<p data-start=\"1515\" data-end=\"1662\">V\u00f5imsa elektrimootori, mida juhib elektromagnetiline turvavarre s\u00fcsteem, kasutades k\u00f5rge pinget\u00f6\u00f6tlusega rihm\u00fclekannet ja epits\u00fcklilist k\u00e4igukasti.<\/p>\n<\/li>\n<li data-start=\"1663\" data-end=\"1703\">\n<p data-start=\"1665\" data-end=\"1703\">K\u00f5rge j\u00f5udlus madala voolutarbimisega.<\/p>\n<\/li>\n<\/ul>\n<p data-start=\"1705\" data-end=\"1745\"><strong data-start=\"1705\" data-end=\"1745\">Evolution Kaabelduskomplekt &#8211; R70160<\/strong><\/p>\n<p data-start=\"1747\" data-end=\"1794\">Evolution SeaTalkng kaabelduskomplekt sisaldab:<\/p>\n<ul data-start=\"1796\" data-end=\"1999\">\n<li data-start=\"1796\" data-end=\"1830\">\n<p data-start=\"1798\" data-end=\"1830\">1 x SeaTalkng Power Cable (0,4m)<\/p>\n<\/li>\n<li data-start=\"1831\" data-end=\"1866\">\n<p data-start=\"1833\" data-end=\"1866\">1 x SeaTalkng Backbone Cable (5m)<\/p>\n<\/li>\n<li data-start=\"1867\" data-end=\"1900\">\n<p data-start=\"1869\" data-end=\"1900\">1 x SeaTalkng Spur Cable (0,4m)<\/p>\n<\/li>\n<li data-start=\"1901\" data-end=\"1938\">\n<p data-start=\"1903\" data-end=\"1938\">1 x SeaTalkng 5-way Connector Block<\/p>\n<\/li>\n<li data-start=\"1939\" data-end=\"1972\">\n<p data-start=\"1941\" data-end=\"1972\">2 x SeaTalkng T-piece Connector<\/p>\n<\/li>\n<li data-start=\"1973\" data-end=\"1999\">\n<p data-start=\"1975\" data-end=\"1999\">2 x SeaTalkng Terminator<\/p>\n<\/li>\n<\/ul>\n<p><strong><span style=\"font-size: 16px;\">Lae alla EV-200 Linear autopiloodi <\/span>paigaldusjuhendid:<\/strong><\/p>\n<p>EV1 ja ACU <a href=\"https:\/\/raymarine.ee\/wp-content\/uploads\/2026\/04\/Evolution-EV-1-and-ACU-Installation-instructions-87180-Rev-7-EN.pdf\" target=\"_blank\" rel=\"noopener\">paigaldusjuhend<\/a><\/p>\n<p>Linear drive <a href=\"https:\/\/raymarine.ee\/wp-content\/uploads\/2026\/04\/Mechanical-Linear-Drive-M81130-M81131-M81132-M81133-M81134-Installation-instructions-81175-8-EN.pdf\" target=\"_blank\" rel=\"noopener\">paigaldusjuhend<\/a><\/p>\n<p>p70s ja p70Rs <a href=\"https:\/\/raymarine.ee\/wp-content\/uploads\/2026\/04\/p70s-p70Rs-Pilot-Controller-Installation-instructions-87424-Rev-3-EN.pdf\" target=\"_blank\" rel=\"noopener\">paigaldusjuhend<\/a><\/p>\n<p>Roolinurga anduri <a href=\"https:\/\/raymarine.ee\/wp-content\/uploads\/2026\/04\/Rudder-Angle-Sensor-M81105-Installation-instructions-87012-3-EN.pdf\" target=\"_blank\" rel=\"noopener\">paigaldusjuhend<\/a><\/p>\n<p>p70 ja p70Rs kaudu Evolution piloodi <a href=\"https:\/\/raymarine.ee\/wp-content\/uploads\/2026\/04\/p70-p70s-p70R-p70Rs-Pilot-Controller-Commissioning-Operation-instructions-81402-Rev-6-EN.pdf\" target=\"_blank\" rel=\"noopener\">seadistamis- ja kasutamisjuhend<\/a><\/p>","protected":false},"excerpt":{"rendered":"<p>EV-200 lineaarajamiga autopiloot koos p70s juhtseadmega on m\u00f5eldud purjepaatidele mille kaal ei \u00fcleta 11 000 kg. Komplekti kuulub p70s juhtimisseade, EV-1 kursikompuuter, ACU-200 ajami juhtimisseade ja Type-1 12V lineaarajam. Evolution seeria kursikompuutritel on \u00fcheksateljeline sensor koos AST funktsiooniga. Evolution autopiloodid toimivad ka ilma roolinurga andurita aga v\u00f5imaluse korral soovitame selle siiski lisada. Tutvu kindlasti ka selle komplekti juhenditega ja k\u00fcsimuste korral pea n\u00f5u meie spetsialistiga.<\/p>","protected":false},"featured_media":9281,"template":"","meta":{"_acf_changed":false},"product_brand":[134],"product_cat":[52,343,103,63],"product_tag":[],"class_list":{"0":"post-6401","1":"product","2":"type-product","3":"status-publish","4":"has-post-thumbnail","6":"product_brand-raymarine","7":"product_cat-autopiloot-autopiloodid","8":"product_cat-kampaaniad","9":"product_cat-raymarine","10":"product_cat-systeemipiloodid","12":"first","13":"instock","14":"sale","15":"taxable","16":"shipping-taxable","17":"purchasable","18":"product-type-simple"},"acf":[],"yoast_head":"<!-- This site is optimized with the Yoast SEO Premium plugin v27.5 (Yoast SEO v27.5) - https:\/\/yoast.com\/product\/yoast-seo-premium-wordpress\/ -->\n<title>EV-Sail Pilot: Usaldusv\u00e4\u00e4rne lineaarajamiga autopiloot purjepaadile - NavSystems<\/title>\n<meta name=\"description\" content=\"Avasta Raymarine EV sail pilot, mis tagab usaldusv\u00e4\u00e4rse ja mugava navigatsiooni. Liitu meiega ja koge innovatsiooni merereisidel!\" \/>\n<meta name=\"robots\" content=\"index, follow, max-snippet:-1, max-image-preview:large, max-video-preview:-1\" \/>\n<link rel=\"canonical\" href=\"https:\/\/raymarine.ee\/en\/product\/ev-200-linear-autopiloot\/\" \/>\n<meta property=\"og:locale\" content=\"en_GB\" \/>\n<meta property=\"og:type\" content=\"article\" \/>\n<meta property=\"og:title\" content=\"Autopiloot EV-200 Linear\" \/>\n<meta property=\"og:description\" content=\"Avasta Raymarine EV sail pilot, mis tagab usaldusv\u00e4\u00e4rse ja mugava navigatsiooni. Liitu meiega ja koge innovatsiooni merereisidel!\" \/>\n<meta property=\"og:url\" content=\"https:\/\/raymarine.ee\/en\/product\/ev-200-linear-autopiloot\/\" \/>\n<meta property=\"og:site_name\" content=\"NavSystems\" \/>\n<meta property=\"article:publisher\" content=\"https:\/\/www.facebook.com\/NavSystems\" \/>\n<meta property=\"article:modified_time\" content=\"2026-04-12T12:34:13+00:00\" \/>\n<meta property=\"og:image\" content=\"https:\/\/raymarine.ee\/wp-content\/uploads\/2025\/01\/88fb138f-7af8-4f15-8602-9b0e8ace34d4.png\" \/>\n\t<meta property=\"og:image:width\" content=\"2000\" \/>\n\t<meta property=\"og:image:height\" content=\"2000\" \/>\n\t<meta property=\"og:image:type\" content=\"image\/png\" \/>\n<meta name=\"twitter:card\" content=\"summary_large_image\" \/>\n<meta name=\"twitter:label1\" content=\"Price\" \/>\n\t<meta name=\"twitter:data1\" content=\"3 869,00&nbsp;&euro;\" \/>\n\t<meta name=\"twitter:label2\" content=\"Availability\" \/>\n\t<meta name=\"twitter:data2\" content=\"In stock\" \/>\n<script type=\"application\/ld+json\" class=\"yoast-schema-graph\">{\"@context\":\"https:\\\/\\\/schema.org\",\"@graph\":[{\"@type\":\"WebPage\",\"@id\":\"https:\\\/\\\/raymarine.ee\\\/product\\\/ev-200-linear-autopiloot\\\/\",\"url\":\"https:\\\/\\\/raymarine.ee\\\/product\\\/ev-200-linear-autopiloot\\\/\",\"name\":\"EV-Sail Pilot: Usaldusv\u00e4\u00e4rne lineaarajamiga autopiloot purjepaadile - NavSystems\",\"isPartOf\":{\"@id\":\"https:\\\/\\\/raymarine.ee\\\/#website\"},\"primaryImageOfPage\":{\"@id\":\"https:\\\/\\\/raymarine.ee\\\/product\\\/ev-200-linear-autopiloot\\\/#primaryimage\"},\"image\":{\"@id\":\"https:\\\/\\\/raymarine.ee\\\/product\\\/ev-200-linear-autopiloot\\\/#primaryimage\"},\"thumbnailUrl\":\"https:\\\/\\\/raymarine.ee\\\/wp-content\\\/uploads\\\/2025\\\/01\\\/88fb138f-7af8-4f15-8602-9b0e8ace34d4.png\",\"datePublished\":\"2025-01-14T17:45:46+00:00\",\"dateModified\":\"2026-04-12T12:34:13+00:00\",\"description\":\"Avasta Raymarine EV sail pilot, mis tagab usaldusv\u00e4\u00e4rse ja mugava navigatsiooni. Liitu meiega ja koge innovatsiooni merereisidel!\",\"breadcrumb\":{\"@id\":\"https:\\\/\\\/raymarine.ee\\\/product\\\/ev-200-linear-autopiloot\\\/#breadcrumb\"},\"inLanguage\":\"en-GB\",\"potentialAction\":[{\"@type\":\"ReadAction\",\"target\":[\"https:\\\/\\\/raymarine.ee\\\/product\\\/ev-200-linear-autopiloot\\\/\"]}]},{\"@type\":\"ImageObject\",\"inLanguage\":\"en-GB\",\"@id\":\"https:\\\/\\\/raymarine.ee\\\/product\\\/ev-200-linear-autopiloot\\\/#primaryimage\",\"url\":\"https:\\\/\\\/raymarine.ee\\\/wp-content\\\/uploads\\\/2025\\\/01\\\/88fb138f-7af8-4f15-8602-9b0e8ace34d4.png\",\"contentUrl\":\"https:\\\/\\\/raymarine.ee\\\/wp-content\\\/uploads\\\/2025\\\/01\\\/88fb138f-7af8-4f15-8602-9b0e8ace34d4.png\",\"width\":2000,\"height\":2000,\"caption\":\"ev-200-purjepaadi-autopiloot\"},{\"@type\":\"BreadcrumbList\",\"@id\":\"https:\\\/\\\/raymarine.ee\\\/product\\\/ev-200-linear-autopiloot\\\/#breadcrumb\",\"itemListElement\":[{\"@type\":\"ListItem\",\"position\":1,\"name\":\"Home\",\"item\":\"https:\\\/\\\/raymarine.ee\\\/\"},{\"@type\":\"ListItem\",\"position\":2,\"name\":\"Tooted\",\"item\":\"https:\\\/\\\/raymarine.ee\\\/shop\\\/\"},{\"@type\":\"ListItem\",\"position\":3,\"name\":\"Autopiloot EV-200 Linear\"}]},{\"@type\":\"WebSite\",\"@id\":\"https:\\\/\\\/raymarine.ee\\\/#website\",\"url\":\"https:\\\/\\\/raymarine.ee\\\/\",\"name\":\"www.raymarine.ee\",\"description\":\"Mereelektroonika, kaardiplotter, autopiloot, pinnipiloot, roolipiloot, radar, AIS, VHF, Smart Wind\",\"publisher\":{\"@id\":\"https:\\\/\\\/raymarine.ee\\\/#organization\"},\"alternateName\":\"Raymarine\",\"potentialAction\":[{\"@type\":\"SearchAction\",\"target\":{\"@type\":\"EntryPoint\",\"urlTemplate\":\"https:\\\/\\\/raymarine.ee\\\/?s={search_term_string}\"},\"query-input\":{\"@type\":\"PropertyValueSpecification\",\"valueRequired\":true,\"valueName\":\"search_term_string\"}}],\"inLanguage\":\"en-GB\"},{\"@type\":\"Organization\",\"@id\":\"https:\\\/\\\/raymarine.ee\\\/#organization\",\"name\":\"NavSystems O\u00dc\",\"url\":\"https:\\\/\\\/raymarine.ee\\\/\",\"logo\":{\"@type\":\"ImageObject\",\"inLanguage\":\"en-GB\",\"@id\":\"https:\\\/\\\/raymarine.ee\\\/#\\\/schema\\\/logo\\\/image\\\/\",\"url\":\"https:\\\/\\\/raymarine.ee\\\/wp-content\\\/uploads\\\/2024\\\/10\\\/Screenshot-2024-10-15-151324_bg_removed.webp\",\"contentUrl\":\"https:\\\/\\\/raymarine.ee\\\/wp-content\\\/uploads\\\/2024\\\/10\\\/Screenshot-2024-10-15-151324_bg_removed.webp\",\"width\":420,\"height\":276,\"caption\":\"NavSystems O\u00dc\"},\"image\":{\"@id\":\"https:\\\/\\\/raymarine.ee\\\/#\\\/schema\\\/logo\\\/image\\\/\"},\"sameAs\":[\"https:\\\/\\\/www.facebook.com\\\/NavSystems\"],\"legalName\":\"NavSystems O\u00dc\",\"foundingDate\":\"2011-05-03\",\"numberOfEmployees\":{\"@type\":\"QuantitativeValue\",\"minValue\":\"1\",\"maxValue\":\"10\"}}]}<\/script>\n<meta property=\"product:price:amount\" content=\"3869.00\" \/>\n<meta property=\"product:price:currency\" content=\"EUR\" \/>\n<meta property=\"og:availability\" content=\"instock\" \/>\n<meta property=\"product:availability\" content=\"instock\" \/>\n<meta property=\"product:retailer_item_id\" content=\"T70158\" \/>\n<meta property=\"product:condition\" content=\"new\" \/>\n<!-- \/ Yoast SEO Premium plugin. -->","yoast_head_json":{"title":"EV-Sail Pilot: Usaldusv\u00e4\u00e4rne lineaarajamiga autopiloot purjepaadile - NavSystems","description":"Avasta Raymarine EV sail pilot, mis tagab usaldusv\u00e4\u00e4rse ja mugava navigatsiooni. Liitu meiega ja koge innovatsiooni merereisidel!","robots":{"index":"index","follow":"follow","max-snippet":"max-snippet:-1","max-image-preview":"max-image-preview:large","max-video-preview":"max-video-preview:-1"},"canonical":"https:\/\/raymarine.ee\/en\/product\/ev-200-linear-autopiloot\/","og_locale":"en_GB","og_type":"article","og_title":"Autopiloot EV-200 Linear","og_description":"Avasta Raymarine EV sail pilot, mis tagab usaldusv\u00e4\u00e4rse ja mugava navigatsiooni. Liitu meiega ja koge innovatsiooni merereisidel!","og_url":"https:\/\/raymarine.ee\/en\/product\/ev-200-linear-autopiloot\/","og_site_name":"NavSystems","article_publisher":"https:\/\/www.facebook.com\/NavSystems","article_modified_time":"2026-04-12T12:34:13+00:00","og_image":[{"width":2000,"height":2000,"url":"https:\/\/raymarine.ee\/wp-content\/uploads\/2025\/01\/88fb138f-7af8-4f15-8602-9b0e8ace34d4.png","type":"image\/png"}],"twitter_card":"summary_large_image","twitter_misc":{"Price":"3 869,00&nbsp;&euro;","Availability":"In stock"},"schema":{"@context":"https:\/\/schema.org","@graph":[{"@type":"WebPage","@id":"https:\/\/raymarine.ee\/product\/ev-200-linear-autopiloot\/","url":"https:\/\/raymarine.ee\/product\/ev-200-linear-autopiloot\/","name":"EV-Sail Pilot: Usaldusv\u00e4\u00e4rne lineaarajamiga autopiloot purjepaadile - NavSystems","isPartOf":{"@id":"https:\/\/raymarine.ee\/#website"},"primaryImageOfPage":{"@id":"https:\/\/raymarine.ee\/product\/ev-200-linear-autopiloot\/#primaryimage"},"image":{"@id":"https:\/\/raymarine.ee\/product\/ev-200-linear-autopiloot\/#primaryimage"},"thumbnailUrl":"https:\/\/raymarine.ee\/wp-content\/uploads\/2025\/01\/88fb138f-7af8-4f15-8602-9b0e8ace34d4.png","datePublished":"2025-01-14T17:45:46+00:00","dateModified":"2026-04-12T12:34:13+00:00","description":"Avasta Raymarine EV sail pilot, mis tagab usaldusv\u00e4\u00e4rse ja mugava navigatsiooni. Liitu meiega ja koge innovatsiooni merereisidel!","breadcrumb":{"@id":"https:\/\/raymarine.ee\/product\/ev-200-linear-autopiloot\/#breadcrumb"},"inLanguage":"en-GB","potentialAction":[{"@type":"ReadAction","target":["https:\/\/raymarine.ee\/product\/ev-200-linear-autopiloot\/"]}]},{"@type":"ImageObject","inLanguage":"en-GB","@id":"https:\/\/raymarine.ee\/product\/ev-200-linear-autopiloot\/#primaryimage","url":"https:\/\/raymarine.ee\/wp-content\/uploads\/2025\/01\/88fb138f-7af8-4f15-8602-9b0e8ace34d4.png","contentUrl":"https:\/\/raymarine.ee\/wp-content\/uploads\/2025\/01\/88fb138f-7af8-4f15-8602-9b0e8ace34d4.png","width":2000,"height":2000,"caption":"ev-200-purjepaadi-autopiloot"},{"@type":"BreadcrumbList","@id":"https:\/\/raymarine.ee\/product\/ev-200-linear-autopiloot\/#breadcrumb","itemListElement":[{"@type":"ListItem","position":1,"name":"Home","item":"https:\/\/raymarine.ee\/"},{"@type":"ListItem","position":2,"name":"Tooted","item":"https:\/\/raymarine.ee\/shop\/"},{"@type":"ListItem","position":3,"name":"Autopiloot EV-200 Linear"}]},{"@type":"WebSite","@id":"https:\/\/raymarine.ee\/#website","url":"https:\/\/raymarine.ee\/","name":"www.raymarine.ee","description":"Mereelektroonika, kaardiplotter, autopiloot, pinnipiloot, roolipiloot, radar, AIS, VHF, Smart Wind","publisher":{"@id":"https:\/\/raymarine.ee\/#organization"},"alternateName":"Raymarine","potentialAction":[{"@type":"SearchAction","target":{"@type":"EntryPoint","urlTemplate":"https:\/\/raymarine.ee\/?s={search_term_string}"},"query-input":{"@type":"PropertyValueSpecification","valueRequired":true,"valueName":"search_term_string"}}],"inLanguage":"en-GB"},{"@type":"Organization","@id":"https:\/\/raymarine.ee\/#organization","name":"NavSystems O\u00dc","url":"https:\/\/raymarine.ee\/","logo":{"@type":"ImageObject","inLanguage":"en-GB","@id":"https:\/\/raymarine.ee\/#\/schema\/logo\/image\/","url":"https:\/\/raymarine.ee\/wp-content\/uploads\/2024\/10\/Screenshot-2024-10-15-151324_bg_removed.webp","contentUrl":"https:\/\/raymarine.ee\/wp-content\/uploads\/2024\/10\/Screenshot-2024-10-15-151324_bg_removed.webp","width":420,"height":276,"caption":"NavSystems O\u00dc"},"image":{"@id":"https:\/\/raymarine.ee\/#\/schema\/logo\/image\/"},"sameAs":["https:\/\/www.facebook.com\/NavSystems"],"legalName":"NavSystems O\u00dc","foundingDate":"2011-05-03","numberOfEmployees":{"@type":"QuantitativeValue","minValue":"1","maxValue":"10"}}]},"product_price_amount":"3869.00","product_price_currency":"EUR","og_availability":"instock","product_availability":"instock","product_retailer_item_id":"T70158","product_condition":"new"},"jetpack_sharing_enabled":true,"_links":{"self":[{"href":"https:\/\/raymarine.ee\/en\/wp-json\/wp\/v2\/product\/6401","targetHints":{"allow":["GET"]}}],"collection":[{"href":"https:\/\/raymarine.ee\/en\/wp-json\/wp\/v2\/product"}],"about":[{"href":"https:\/\/raymarine.ee\/en\/wp-json\/wp\/v2\/types\/product"}],"wp:featuredmedia":[{"embeddable":true,"href":"https:\/\/raymarine.ee\/en\/wp-json\/wp\/v2\/media\/9281"}],"wp:attachment":[{"href":"https:\/\/raymarine.ee\/en\/wp-json\/wp\/v2\/media?parent=6401"}],"wp:term":[{"taxonomy":"product_brand","embeddable":true,"href":"https:\/\/raymarine.ee\/en\/wp-json\/wp\/v2\/product_brand?post=6401"},{"taxonomy":"product_cat","embeddable":true,"href":"https:\/\/raymarine.ee\/en\/wp-json\/wp\/v2\/product_cat?post=6401"},{"taxonomy":"product_tag","embeddable":true,"href":"https:\/\/raymarine.ee\/en\/wp-json\/wp\/v2\/product_tag?post=6401"}],"curies":[{"name":"wp","href":"https:\/\/api.w.org\/{rel}","templated":true}]}}