{"id":6402,"date":"2025-01-14T17:47:37","date_gmt":"2025-01-14T17:47:37","guid":{"rendered":"https:\/\/raymarine.ee\/?post_type=product&#038;p=6402"},"modified":"2026-04-10T12:15:34","modified_gmt":"2026-04-10T09:15:34","slug":"ev-200-sail-ilma-ajamita","status":"publish","type":"product","link":"https:\/\/raymarine.ee\/en\/product\/ev-200-sail-ilma-ajamita\/","title":{"rendered":"Autopiloot EV-200 Sail (ilma ajamita)"},"content":{"rendered":"<p data-start=\"55\" data-end=\"121\"><strong data-start=\"55\" data-end=\"121\">Raymarine EV1 Sensor Core ja Evolution Autopilooti Komponendid<\/strong><\/p>\n<p data-start=\"123\" data-end=\"142\"><strong data-start=\"123\" data-end=\"142\">EV1 Sensor Core<\/strong><\/p>\n<p data-start=\"144\" data-end=\"413\">EV-1 on loodud Evolution mehhaaniliste ja h\u00fcdrauliliste autopilootide s\u00fcsteemide jaoks. SeaTalkng v\u00f5rgu\u00fchendus v\u00f5imaldab \u00fchte kaabli\u00fchendust toite ja andmete edastamiseks Evolution ACU (t\u00e4iturmehhanismi juhtimisseade) ja laiendatud SeaTalkng ning NMEA2000 v\u00f5rgustikega.<\/p>\n<p data-start=\"415\" data-end=\"459\"><strong data-start=\"415\" data-end=\"459\">ACU-200 (T\u00e4iturmehhanismi Juhtimisseade)<\/strong><\/p>\n<p data-start=\"461\" data-end=\"686\">ACU-200 on vastupidav t\u00e4iturmehhanismi juhtimisseade, mis tagab usaldusv\u00e4\u00e4rse autopiloodi t\u00f6\u00f6v\u00f5imekuse ja toite SeaTalkng bussile. Selle t\u00e4iturmehhanismi juhtimisseade on ette n\u00e4htud t\u00e4psete juhtimisfunktsioonide pakkumiseks.<\/p>\n<p data-start=\"688\" data-end=\"742\"><strong data-start=\"688\" data-end=\"742\">p70 \/ p70s Autopiloodi Juhtimisseade (Purjetamine)<\/strong><\/p>\n<p data-start=\"744\" data-end=\"1064\">p70 \/ p70s autopiloodi juhtimisseade on nuppude kaudu juhitav seade, mis on spetsiaalselt m\u00f5eldud purjekatele. T\u00e4iustatud LED taustvalgustus pakub madalat energiatarbimist ning elavat v\u00e4rvi ja kontrasti. Laialdased horisontaalsed ja vertikaalsed vaatenurgad tagavad, et ekraani saab selgelt vaadata ka \u00e4gedates nurkades.<\/p>\n<p data-start=\"1066\" data-end=\"1218\">p70 \/ p70s juhtimisseade sisaldab ka LightHouse kasutajaliidest ja alustamisviisardi funktsiooni, mis aitab kiiresti ja lihtsalt seadistada autopiloodi.<\/p>\n<p data-start=\"1220\" data-end=\"1263\"><strong data-start=\"1220\" data-end=\"1263\">Type 1 Mehaaniline Lineaarne Juht (12V)<\/strong><\/p>\n<p data-start=\"1265\" data-end=\"1327\">Raymarine\u2019i mehaanilise lineaarse juhtimisseadme disain pakub:<\/p>\n<ul data-start=\"1329\" data-end=\"1674\">\n<li data-start=\"1329\" data-end=\"1379\">\n<p data-start=\"1331\" data-end=\"1379\">Tugevat t\u00f5ukej\u00f5udu, kiiret ja vaikset t\u00f6\u00f6v\u00f5imet.<\/p>\n<\/li>\n<li data-start=\"1380\" data-end=\"1483\">\n<p data-start=\"1382\" data-end=\"1483\">Madalat tagasisuunaj\u00f5udu, et minimeerida juhi m\u00f5ju laeva roolis\u00fcsteemile autopiloodi seisakure\u017eiimis.<\/p>\n<\/li>\n<li data-start=\"1484\" data-end=\"1633\">\n<p data-start=\"1486\" data-end=\"1633\">V\u00f5imsa elektrimootori, mida juhib elektromagnetiline turvavarre s\u00fcsteem, kasutades k\u00f5rge pinget\u00f6\u00f6tlusega rihm\u00fclekannet ja epits\u00fcklilist k\u00e4igukasti.<\/p>\n<\/li>\n<li data-start=\"1634\" data-end=\"1674\">\n<p data-start=\"1636\" data-end=\"1674\">K\u00f5rge j\u00f5udlus madala voolutarbimisega.<\/p>\n<\/li>\n<\/ul>\n<p data-start=\"1676\" data-end=\"1716\"><strong data-start=\"1676\" data-end=\"1716\">Evolution Kaabelduskomplekt &#8211; R70160<\/strong><\/p>\n<p data-start=\"1718\" data-end=\"1765\">Evolution SeaTalkng kaabelduskomplekt sisaldab:<\/p>\n<ul data-start=\"1767\" data-end=\"1970\">\n<li data-start=\"1767\" data-end=\"1801\">\n<p data-start=\"1769\" data-end=\"1801\">1 x SeaTalkng Power Cable (0,4m)<\/p>\n<\/li>\n<li data-start=\"1802\" data-end=\"1837\">\n<p data-start=\"1804\" data-end=\"1837\">1 x SeaTalkng Backbone Cable (5m)<\/p>\n<\/li>\n<li data-start=\"1838\" data-end=\"1871\">\n<p data-start=\"1840\" data-end=\"1871\">1 x SeaTalkng Spur Cable (0,4m)<\/p>\n<\/li>\n<li data-start=\"1872\" data-end=\"1909\">\n<p data-start=\"1874\" data-end=\"1909\">1 x SeaTalkng 5-way Connector Block<\/p>\n<\/li>\n<li data-start=\"1910\" data-end=\"1943\">\n<p data-start=\"1912\" data-end=\"1943\">2 x SeaTalkng T-piece Connector<\/p>\n<\/li>\n<li data-start=\"1944\" data-end=\"1970\">\n<p data-start=\"1946\" data-end=\"1970\">2 x SeaTalkng Terminator<\/p>\n<\/li>\n<\/ul>\n<p><strong>Lae alla EV-200 autopiloodi paigaldusjuhendid:<\/strong><\/p>\n<p>EV1 ja ACU\u00a0<a href=\"https:\/\/raymarine.ee\/wp-content\/uploads\/2026\/04\/Evolution-EV-1-and-ACU-Installation-instructions-87180-Rev-7-EN.pdf\" target=\"_blank\" rel=\"noopener\" data-wpel-link=\"internal\">paigaldusjuhend<\/a><\/p>\n<p>Linear drive\u00a0<a href=\"https:\/\/raymarine.ee\/wp-content\/uploads\/2026\/04\/Mechanical-Linear-Drive-M81130-M81131-M81132-M81133-M81134-Installation-instructions-81175-8-EN.pdf\" target=\"_blank\" rel=\"noopener\" data-wpel-link=\"internal\">paigaldusjuhend<\/a><\/p>\n<p>Autopiloodi pumba\u00a0<a href=\"https:\/\/raymarine.ee\/wp-content\/uploads\/2026\/04\/Hydraulic-Pump-E12139-M81119-M81120-M81121-M81122-M81123-M81124-Installation-Guide-81178-5-EN-2.pdf\" target=\"_blank\" rel=\"noopener\" data-wpel-link=\"internal\">paigaldusjuhend<\/a><\/p>\n<p>p70s ja p70Rs <a href=\"https:\/\/raymarine.ee\/wp-content\/uploads\/2026\/04\/p70s-p70Rs-Pilot-Controller-Installation-instructions-87424-Rev-3-EN.pdf\" target=\"_blank\" rel=\"noopener\" data-wpel-link=\"internal\">paigaldusjuhend<\/a><\/p>\n<p>Roolinurga anduri\u00a0<a href=\"https:\/\/raymarine.ee\/wp-content\/uploads\/2026\/04\/Rudder-Angle-Sensor-M81105-Installation-instructions-87012-3-EN.pdf\" target=\"_blank\" rel=\"noopener\" data-wpel-link=\"internal\">paigaldusjuhend<\/a><\/p>\n<p>Volvo-Penta D4 ja D6 jaoks on vajalik spetsiaalne\u00a0<a href=\"https:\/\/raymarine.ee\/en\/product\/volvo-penta-rudder-indicator-kit-for-drive-units-dph-a-dph-b\/\" data-wpel-link=\"internal\">paigalduskomplekt<\/a>.<\/p>\n<p>p70 ja p70Rs kaudu Evolution piloodi\u00a0<a href=\"https:\/\/raymarine.ee\/wp-content\/uploads\/2026\/04\/p70-p70s-p70R-p70Rs-Pilot-Controller-Commissioning-Operation-instructions-81402-Rev-6-EN.pdf\" target=\"_blank\" rel=\"noopener\" data-wpel-link=\"internal\">seadistamis- ja kasutamisjuhend<\/a><\/p>\n<p>Vaata\u00a0Raymarine <a href=\"https:\/\/www.raymarine.com\/en-gb\/our-products\/boat-autopilots\/autopilot-packs\" target=\"_blank\" rel=\"noopener\">autopilootide<\/a>\u00a0tootetutvustust.<\/p>","protected":false},"excerpt":{"rendered":"<p>EV-200 autopiloot koos p70s juhtseadmega on m\u00f5eldud purjepaatidele millel on juba paigaldatud Type1 ajam. Komplekti kuulub p70s juhtimisseade, EV-1 kursikompuuter ja ACU-200 (Type1) ajami juhtimisseade. Evolution seeria kursikompuutritel on \u00fcheksateljeline sensor koos AST funktsiooniga. Evolution autopiloodid toimivad ka ilma roolinurga andurita aga v\u00f5imaluse korral soovitame selle siiski lisada. Tootekirjelduses olev nimi &#8220;Sail&#8221; t\u00e4hendab seda, et komplektis on p70s vajutatavate nuppudega juhtpaneel mida on mugavam kasutada purjepaatides, ACU-200 ise v\u00f5ib juhtida mistahes Type1 ajamit. Tutvu kindlasti ka selle komplekti juhenditega ja k\u00fcsimuste korral pea n\u00f5u meie spetsialistiga.<\/p>","protected":false},"featured_media":9287,"template":"","meta":{"_acf_changed":false},"product_brand":[134],"product_cat":[52,343,103,63],"product_tag":[],"class_list":{"0":"post-6402","1":"product","2":"type-product","3":"status-publish","4":"has-post-thumbnail","6":"product_brand-raymarine","7":"product_cat-autopiloot-autopiloodid","8":"product_cat-kampaaniad","9":"product_cat-raymarine","10":"product_cat-systeemipiloodid","12":"first","13":"instock","14":"sale","15":"taxable","16":"shipping-taxable","17":"purchasable","18":"product-type-simple"},"acf":[],"yoast_head":"<!-- This site is optimized with the Yoast SEO Premium plugin v27.5 (Yoast SEO v27.5) - https:\/\/yoast.com\/product\/yoast-seo-premium-wordpress\/ -->\n<title>Autopiloot EV-200: Innovatiivne lahendus purjepaadile<\/title>\n<meta name=\"description\" content=\"Avastage Raymarine EV1 Sensor Core! Autopilootide jaoks loodud seade tagab t\u00e4psuse ja usaldusv\u00e4\u00e4rsuse, et teie reis oleks sujuv. Ostke kohe!\" \/>\n<meta name=\"robots\" content=\"index, follow, max-snippet:-1, max-image-preview:large, max-video-preview:-1\" \/>\n<link rel=\"canonical\" href=\"https:\/\/raymarine.ee\/en\/product\/ev-200-sail-ilma-ajamita\/\" \/>\n<meta property=\"og:locale\" content=\"en_GB\" \/>\n<meta property=\"og:type\" content=\"article\" \/>\n<meta property=\"og:title\" content=\"Autopiloot EV-200 Sail (ilma ajamita)\" \/>\n<meta property=\"og:description\" content=\"Avastage Raymarine EV1 Sensor Core! Autopilootide jaoks loodud seade tagab t\u00e4psuse ja usaldusv\u00e4\u00e4rsuse, et teie reis oleks sujuv. Ostke kohe!\" \/>\n<meta property=\"og:url\" content=\"https:\/\/raymarine.ee\/en\/product\/ev-200-sail-ilma-ajamita\/\" \/>\n<meta property=\"og:site_name\" content=\"NavSystems\" \/>\n<meta property=\"article:publisher\" content=\"https:\/\/www.facebook.com\/NavSystems\" \/>\n<meta property=\"article:modified_time\" content=\"2026-04-10T09:15:34+00:00\" \/>\n<meta property=\"og:image\" content=\"https:\/\/raymarine.ee\/wp-content\/uploads\/2025\/01\/55eeb01a-cdbc-4279-b8e7-d886bdbf447e.png\" \/>\n\t<meta property=\"og:image:width\" content=\"2000\" \/>\n\t<meta property=\"og:image:height\" content=\"2000\" \/>\n\t<meta property=\"og:image:type\" content=\"image\/png\" \/>\n<meta name=\"twitter:card\" content=\"summary_large_image\" \/>\n<meta name=\"twitter:label1\" content=\"Price\" \/>\n\t<meta name=\"twitter:data1\" content=\"2 145,40&nbsp;&euro;\" \/>\n\t<meta name=\"twitter:label2\" content=\"Availability\" \/>\n\t<meta name=\"twitter:data2\" content=\"In stock\" \/>\n<script type=\"application\/ld+json\" class=\"yoast-schema-graph\">{\"@context\":\"https:\\\/\\\/schema.org\",\"@graph\":[{\"@type\":\"WebPage\",\"@id\":\"https:\\\/\\\/raymarine.ee\\\/product\\\/ev-200-sail-ilma-ajamita\\\/\",\"url\":\"https:\\\/\\\/raymarine.ee\\\/product\\\/ev-200-sail-ilma-ajamita\\\/\",\"name\":\"Autopiloot EV-200: Innovatiivne lahendus purjepaadile\",\"isPartOf\":{\"@id\":\"https:\\\/\\\/raymarine.ee\\\/#website\"},\"primaryImageOfPage\":{\"@id\":\"https:\\\/\\\/raymarine.ee\\\/product\\\/ev-200-sail-ilma-ajamita\\\/#primaryimage\"},\"image\":{\"@id\":\"https:\\\/\\\/raymarine.ee\\\/product\\\/ev-200-sail-ilma-ajamita\\\/#primaryimage\"},\"thumbnailUrl\":\"https:\\\/\\\/raymarine.ee\\\/wp-content\\\/uploads\\\/2025\\\/01\\\/55eeb01a-cdbc-4279-b8e7-d886bdbf447e.png\",\"datePublished\":\"2025-01-14T17:47:37+00:00\",\"dateModified\":\"2026-04-10T09:15:34+00:00\",\"description\":\"Avastage Raymarine EV1 Sensor Core! Autopilootide jaoks loodud seade tagab t\u00e4psuse ja usaldusv\u00e4\u00e4rsuse, et teie reis oleks sujuv. Ostke kohe!\",\"breadcrumb\":{\"@id\":\"https:\\\/\\\/raymarine.ee\\\/product\\\/ev-200-sail-ilma-ajamita\\\/#breadcrumb\"},\"inLanguage\":\"en-GB\",\"potentialAction\":[{\"@type\":\"ReadAction\",\"target\":[\"https:\\\/\\\/raymarine.ee\\\/product\\\/ev-200-sail-ilma-ajamita\\\/\"]}]},{\"@type\":\"ImageObject\",\"inLanguage\":\"en-GB\",\"@id\":\"https:\\\/\\\/raymarine.ee\\\/product\\\/ev-200-sail-ilma-ajamita\\\/#primaryimage\",\"url\":\"https:\\\/\\\/raymarine.ee\\\/wp-content\\\/uploads\\\/2025\\\/01\\\/55eeb01a-cdbc-4279-b8e7-d886bdbf447e.png\",\"contentUrl\":\"https:\\\/\\\/raymarine.ee\\\/wp-content\\\/uploads\\\/2025\\\/01\\\/55eeb01a-cdbc-4279-b8e7-d886bdbf447e.png\",\"width\":2000,\"height\":2000},{\"@type\":\"BreadcrumbList\",\"@id\":\"https:\\\/\\\/raymarine.ee\\\/product\\\/ev-200-sail-ilma-ajamita\\\/#breadcrumb\",\"itemListElement\":[{\"@type\":\"ListItem\",\"position\":1,\"name\":\"Home\",\"item\":\"https:\\\/\\\/raymarine.ee\\\/\"},{\"@type\":\"ListItem\",\"position\":2,\"name\":\"Tooted\",\"item\":\"https:\\\/\\\/raymarine.ee\\\/shop\\\/\"},{\"@type\":\"ListItem\",\"position\":3,\"name\":\"Autopiloot EV-200 Sail (ilma ajamita)\"}]},{\"@type\":\"WebSite\",\"@id\":\"https:\\\/\\\/raymarine.ee\\\/#website\",\"url\":\"https:\\\/\\\/raymarine.ee\\\/\",\"name\":\"www.raymarine.ee\",\"description\":\"Mereelektroonika, kaardiplotter, autopiloot, pinnipiloot, roolipiloot, radar, AIS, VHF, Smart Wind\",\"publisher\":{\"@id\":\"https:\\\/\\\/raymarine.ee\\\/#organization\"},\"alternateName\":\"Raymarine\",\"potentialAction\":[{\"@type\":\"SearchAction\",\"target\":{\"@type\":\"EntryPoint\",\"urlTemplate\":\"https:\\\/\\\/raymarine.ee\\\/?s={search_term_string}\"},\"query-input\":{\"@type\":\"PropertyValueSpecification\",\"valueRequired\":true,\"valueName\":\"search_term_string\"}}],\"inLanguage\":\"en-GB\"},{\"@type\":\"Organization\",\"@id\":\"https:\\\/\\\/raymarine.ee\\\/#organization\",\"name\":\"NavSystems O\u00dc\",\"url\":\"https:\\\/\\\/raymarine.ee\\\/\",\"logo\":{\"@type\":\"ImageObject\",\"inLanguage\":\"en-GB\",\"@id\":\"https:\\\/\\\/raymarine.ee\\\/#\\\/schema\\\/logo\\\/image\\\/\",\"url\":\"https:\\\/\\\/raymarine.ee\\\/wp-content\\\/uploads\\\/2024\\\/10\\\/Screenshot-2024-10-15-151324_bg_removed.webp\",\"contentUrl\":\"https:\\\/\\\/raymarine.ee\\\/wp-content\\\/uploads\\\/2024\\\/10\\\/Screenshot-2024-10-15-151324_bg_removed.webp\",\"width\":420,\"height\":276,\"caption\":\"NavSystems O\u00dc\"},\"image\":{\"@id\":\"https:\\\/\\\/raymarine.ee\\\/#\\\/schema\\\/logo\\\/image\\\/\"},\"sameAs\":[\"https:\\\/\\\/www.facebook.com\\\/NavSystems\"],\"legalName\":\"NavSystems O\u00dc\",\"foundingDate\":\"2011-05-03\",\"numberOfEmployees\":{\"@type\":\"QuantitativeValue\",\"minValue\":\"1\",\"maxValue\":\"10\"}}]}<\/script>\n<meta property=\"product:price:amount\" content=\"2145.40\" \/>\n<meta property=\"product:price:currency\" content=\"EUR\" \/>\n<meta property=\"og:availability\" content=\"instock\" \/>\n<meta property=\"product:availability\" content=\"instock\" \/>\n<meta property=\"product:retailer_item_id\" content=\"T70155\" \/>\n<meta property=\"product:condition\" content=\"new\" \/>\n<!-- \/ Yoast SEO Premium plugin. -->","yoast_head_json":{"title":"Autopiloot EV-200: Innovatiivne lahendus purjepaadile","description":"Avastage Raymarine EV1 Sensor Core! Autopilootide jaoks loodud seade tagab t\u00e4psuse ja usaldusv\u00e4\u00e4rsuse, et teie reis oleks sujuv. Ostke kohe!","robots":{"index":"index","follow":"follow","max-snippet":"max-snippet:-1","max-image-preview":"max-image-preview:large","max-video-preview":"max-video-preview:-1"},"canonical":"https:\/\/raymarine.ee\/en\/product\/ev-200-sail-ilma-ajamita\/","og_locale":"en_GB","og_type":"article","og_title":"Autopiloot EV-200 Sail (ilma ajamita)","og_description":"Avastage Raymarine EV1 Sensor Core! Autopilootide jaoks loodud seade tagab t\u00e4psuse ja usaldusv\u00e4\u00e4rsuse, et teie reis oleks sujuv. Ostke kohe!","og_url":"https:\/\/raymarine.ee\/en\/product\/ev-200-sail-ilma-ajamita\/","og_site_name":"NavSystems","article_publisher":"https:\/\/www.facebook.com\/NavSystems","article_modified_time":"2026-04-10T09:15:34+00:00","og_image":[{"width":2000,"height":2000,"url":"https:\/\/raymarine.ee\/wp-content\/uploads\/2025\/01\/55eeb01a-cdbc-4279-b8e7-d886bdbf447e.png","type":"image\/png"}],"twitter_card":"summary_large_image","twitter_misc":{"Price":"2 145,40&nbsp;&euro;","Availability":"In stock"},"schema":{"@context":"https:\/\/schema.org","@graph":[{"@type":"WebPage","@id":"https:\/\/raymarine.ee\/product\/ev-200-sail-ilma-ajamita\/","url":"https:\/\/raymarine.ee\/product\/ev-200-sail-ilma-ajamita\/","name":"Autopiloot EV-200: Innovatiivne lahendus purjepaadile","isPartOf":{"@id":"https:\/\/raymarine.ee\/#website"},"primaryImageOfPage":{"@id":"https:\/\/raymarine.ee\/product\/ev-200-sail-ilma-ajamita\/#primaryimage"},"image":{"@id":"https:\/\/raymarine.ee\/product\/ev-200-sail-ilma-ajamita\/#primaryimage"},"thumbnailUrl":"https:\/\/raymarine.ee\/wp-content\/uploads\/2025\/01\/55eeb01a-cdbc-4279-b8e7-d886bdbf447e.png","datePublished":"2025-01-14T17:47:37+00:00","dateModified":"2026-04-10T09:15:34+00:00","description":"Avastage Raymarine EV1 Sensor Core! Autopilootide jaoks loodud seade tagab t\u00e4psuse ja usaldusv\u00e4\u00e4rsuse, et teie reis oleks sujuv. Ostke kohe!","breadcrumb":{"@id":"https:\/\/raymarine.ee\/product\/ev-200-sail-ilma-ajamita\/#breadcrumb"},"inLanguage":"en-GB","potentialAction":[{"@type":"ReadAction","target":["https:\/\/raymarine.ee\/product\/ev-200-sail-ilma-ajamita\/"]}]},{"@type":"ImageObject","inLanguage":"en-GB","@id":"https:\/\/raymarine.ee\/product\/ev-200-sail-ilma-ajamita\/#primaryimage","url":"https:\/\/raymarine.ee\/wp-content\/uploads\/2025\/01\/55eeb01a-cdbc-4279-b8e7-d886bdbf447e.png","contentUrl":"https:\/\/raymarine.ee\/wp-content\/uploads\/2025\/01\/55eeb01a-cdbc-4279-b8e7-d886bdbf447e.png","width":2000,"height":2000},{"@type":"BreadcrumbList","@id":"https:\/\/raymarine.ee\/product\/ev-200-sail-ilma-ajamita\/#breadcrumb","itemListElement":[{"@type":"ListItem","position":1,"name":"Home","item":"https:\/\/raymarine.ee\/"},{"@type":"ListItem","position":2,"name":"Tooted","item":"https:\/\/raymarine.ee\/shop\/"},{"@type":"ListItem","position":3,"name":"Autopiloot EV-200 Sail (ilma ajamita)"}]},{"@type":"WebSite","@id":"https:\/\/raymarine.ee\/#website","url":"https:\/\/raymarine.ee\/","name":"www.raymarine.ee","description":"Mereelektroonika, kaardiplotter, autopiloot, pinnipiloot, roolipiloot, radar, AIS, VHF, Smart Wind","publisher":{"@id":"https:\/\/raymarine.ee\/#organization"},"alternateName":"Raymarine","potentialAction":[{"@type":"SearchAction","target":{"@type":"EntryPoint","urlTemplate":"https:\/\/raymarine.ee\/?s={search_term_string}"},"query-input":{"@type":"PropertyValueSpecification","valueRequired":true,"valueName":"search_term_string"}}],"inLanguage":"en-GB"},{"@type":"Organization","@id":"https:\/\/raymarine.ee\/#organization","name":"NavSystems O\u00dc","url":"https:\/\/raymarine.ee\/","logo":{"@type":"ImageObject","inLanguage":"en-GB","@id":"https:\/\/raymarine.ee\/#\/schema\/logo\/image\/","url":"https:\/\/raymarine.ee\/wp-content\/uploads\/2024\/10\/Screenshot-2024-10-15-151324_bg_removed.webp","contentUrl":"https:\/\/raymarine.ee\/wp-content\/uploads\/2024\/10\/Screenshot-2024-10-15-151324_bg_removed.webp","width":420,"height":276,"caption":"NavSystems O\u00dc"},"image":{"@id":"https:\/\/raymarine.ee\/#\/schema\/logo\/image\/"},"sameAs":["https:\/\/www.facebook.com\/NavSystems"],"legalName":"NavSystems O\u00dc","foundingDate":"2011-05-03","numberOfEmployees":{"@type":"QuantitativeValue","minValue":"1","maxValue":"10"}}]},"product_price_amount":"2145.40","product_price_currency":"EUR","og_availability":"instock","product_availability":"instock","product_retailer_item_id":"T70155","product_condition":"new"},"jetpack_sharing_enabled":true,"_links":{"self":[{"href":"https:\/\/raymarine.ee\/en\/wp-json\/wp\/v2\/product\/6402","targetHints":{"allow":["GET"]}}],"collection":[{"href":"https:\/\/raymarine.ee\/en\/wp-json\/wp\/v2\/product"}],"about":[{"href":"https:\/\/raymarine.ee\/en\/wp-json\/wp\/v2\/types\/product"}],"wp:featuredmedia":[{"embeddable":true,"href":"https:\/\/raymarine.ee\/en\/wp-json\/wp\/v2\/media\/9287"}],"wp:attachment":[{"href":"https:\/\/raymarine.ee\/en\/wp-json\/wp\/v2\/media?parent=6402"}],"wp:term":[{"taxonomy":"product_brand","embeddable":true,"href":"https:\/\/raymarine.ee\/en\/wp-json\/wp\/v2\/product_brand?post=6402"},{"taxonomy":"product_cat","embeddable":true,"href":"https:\/\/raymarine.ee\/en\/wp-json\/wp\/v2\/product_cat?post=6402"},{"taxonomy":"product_tag","embeddable":true,"href":"https:\/\/raymarine.ee\/en\/wp-json\/wp\/v2\/product_tag?post=6402"}],"curies":[{"name":"wp","href":"https:\/\/api.w.org\/{rel}","templated":true}]}}