{"id":6403,"date":"2025-01-14T17:48:37","date_gmt":"2025-01-14T17:48:37","guid":{"rendered":"https:\/\/raymarine.ee\/?post_type=product&#038;p=6403"},"modified":"2026-04-10T12:14:47","modified_gmt":"2026-04-10T09:14:47","slug":"ev-200-power-ilma-ajamita","status":"publish","type":"product","link":"https:\/\/raymarine.ee\/en\/product\/ev-200-power-ilma-ajamita\/","title":{"rendered":"Autopiloot EV-200 Power (ilma ajamita)"},"content":{"rendered":"<p data-start=\"55\" data-end=\"121\"><strong data-start=\"55\" data-end=\"121\">Raymarine EV1 Sensor Core ja Evolution Autopilooti Komponendid<\/strong><\/p>\n<p data-start=\"123\" data-end=\"142\"><strong data-start=\"123\" data-end=\"142\">EV1 Sensor Core<\/strong><\/p>\n<p data-start=\"144\" data-end=\"410\">EV-1 on m\u00f5eldud Evolution mehhaaniliste ja h\u00fcdrauliliste autopilootide s\u00fcsteemidele. SeaTalkng v\u00f5rgu\u00fchendus v\u00f5imaldab \u00fchte kaabli\u00fchendust toite ja andmete edastamiseks Evolution ACU (t\u00e4iturmehhanismi juhtimisseade) ja laiendatud SeaTalkng ning NMEA2000 v\u00f5rgustikega.<\/p>\n<p data-start=\"412\" data-end=\"456\"><strong data-start=\"412\" data-end=\"456\">ACU-200 (T\u00e4iturmehhanismi Juhtimisseade)<\/strong><\/p>\n<p data-start=\"458\" data-end=\"683\">ACU-200 on vastupidav t\u00e4iturmehhanismi juhtimisseade, mis tagab usaldusv\u00e4\u00e4rse autopiloodi t\u00f6\u00f6v\u00f5imekuse ja toite SeaTalkng bussile. Selle t\u00e4iturmehhanismi juhtimisseade on ette n\u00e4htud t\u00e4psete juhtimisfunktsioonide pakkumiseks.<\/p>\n<p data-start=\"685\" data-end=\"739\"><strong data-start=\"685\" data-end=\"739\">p70 \/ p70s Autopiloodi Juhtimisseade (Purjetamine)<\/strong><\/p>\n<p data-start=\"741\" data-end=\"1061\">p70 \/ p70s autopiloodi juhtimisseade on nuppude kaudu juhitav seade, mis on spetsiaalselt m\u00f5eldud purjekatele. T\u00e4iustatud LED taustvalgustus pakub madalat energiatarbimist ning elavat v\u00e4rvi ja kontrasti. Laialdased horisontaalsed ja vertikaalsed vaatenurgad tagavad, et ekraani saab selgelt vaadata ka \u00e4gedates nurkades.<\/p>\n<p data-start=\"1063\" data-end=\"1215\">p70 \/ p70s juhtimisseade sisaldab ka LightHouse kasutajaliidest ja alustamisviisardi funktsiooni, mis aitab kiiresti ja lihtsalt seadistada autopiloodi.<\/p>\n<p data-start=\"1217\" data-end=\"1260\"><strong data-start=\"1217\" data-end=\"1260\">Type 1 Mehaaniline Lineaarne Juht (12V)<\/strong><\/p>\n<p data-start=\"1262\" data-end=\"1324\">Raymarine\u2019i mehaanilise lineaarse juhtimisseadme disain pakub:<\/p>\n<ul data-start=\"1326\" data-end=\"1671\">\n<li data-start=\"1326\" data-end=\"1376\">\n<p data-start=\"1328\" data-end=\"1376\">Tugevat t\u00f5ukej\u00f5udu, kiiret ja vaikset t\u00f6\u00f6v\u00f5imet.<\/p>\n<\/li>\n<li data-start=\"1377\" data-end=\"1480\">\n<p data-start=\"1379\" data-end=\"1480\">Madalat tagasisuunaj\u00f5udu, et minimeerida juhi m\u00f5ju laeva roolis\u00fcsteemile autopiloodi seisakure\u017eiimis.<\/p>\n<\/li>\n<li data-start=\"1481\" data-end=\"1630\">\n<p data-start=\"1483\" data-end=\"1630\">V\u00f5imsa elektrimootori, mida juhib elektromagnetiline turvavarre s\u00fcsteem, kasutades k\u00f5rge pinget\u00f6\u00f6tlusega rihm\u00fclekannet ja epits\u00fcklilist k\u00e4igukasti.<\/p>\n<\/li>\n<li data-start=\"1631\" data-end=\"1671\">\n<p data-start=\"1633\" data-end=\"1671\">K\u00f5rge j\u00f5udlus madala voolutarbimisega.<\/p>\n<\/li>\n<\/ul>\n<p data-start=\"1673\" data-end=\"1713\"><strong data-start=\"1673\" data-end=\"1713\">Evolution Kaabelduskomplekt &#8211; R70160<\/strong><\/p>\n<p data-start=\"1715\" data-end=\"1762\">Evolution SeaTalkng kaabelduskomplekt sisaldab:<\/p>\n<ul data-start=\"1764\" data-end=\"1967\">\n<li data-start=\"1764\" data-end=\"1798\">\n<p data-start=\"1766\" data-end=\"1798\">1 x SeaTalkng Power Cable (0,4m)<\/p>\n<\/li>\n<li data-start=\"1799\" data-end=\"1834\">\n<p data-start=\"1801\" data-end=\"1834\">1 x SeaTalkng Backbone Cable (5m)<\/p>\n<\/li>\n<li data-start=\"1835\" data-end=\"1868\">\n<p data-start=\"1837\" data-end=\"1868\">1 x SeaTalkng Spur Cable (0,4m)<\/p>\n<\/li>\n<li data-start=\"1869\" data-end=\"1906\">\n<p data-start=\"1871\" data-end=\"1906\">1 x SeaTalkng 5-way Connector Block<\/p>\n<\/li>\n<li data-start=\"1907\" data-end=\"1940\">\n<p data-start=\"1909\" data-end=\"1940\">2 x SeaTalkng T-piece Connector<\/p>\n<\/li>\n<li data-start=\"1941\" data-end=\"1967\">\n<p data-start=\"1943\" data-end=\"1967\">2 x SeaTalkng Terminator<\/p>\n<\/li>\n<\/ul>\n<p><strong>Lae alla EV-200 autopiloodi paigaldusjuhendid:<\/strong><\/p>\n<p>EV1 ja ACU\u00a0<a href=\"https:\/\/raymarine.ee\/wp-content\/uploads\/2026\/04\/Evolution-EV-1-and-ACU-Installation-instructions-87180-Rev-7-EN.pdf\" target=\"_blank\" rel=\"noopener\" data-wpel-link=\"internal\">paigaldusjuhend<\/a><\/p>\n<p>Linear drive\u00a0<a href=\"https:\/\/raymarine.ee\/wp-content\/uploads\/2026\/04\/Mechanical-Linear-Drive-M81130-M81131-M81132-M81133-M81134-Installation-instructions-81175-8-EN.pdf\" target=\"_blank\" rel=\"noopener\" data-wpel-link=\"internal\">paigaldusjuhend<\/a><\/p>\n<p>Autopiloodi pumba\u00a0<a href=\"https:\/\/raymarine.ee\/wp-content\/uploads\/2026\/04\/Hydraulic-Pump-E12139-M81119-M81120-M81121-M81122-M81123-M81124-Installation-Guide-81178-5-EN-2.pdf\" target=\"_blank\" rel=\"noopener\" data-wpel-link=\"internal\">paigaldusjuhend<\/a><\/p>\n<p>p70s ja p70Rs <a href=\"https:\/\/raymarine.ee\/wp-content\/uploads\/2026\/04\/p70s-p70Rs-Pilot-Controller-Installation-instructions-87424-Rev-3-EN.pdf\" target=\"_blank\" rel=\"noopener\" data-wpel-link=\"internal\">paigaldusjuhend<\/a><\/p>\n<p>Roolinurga anduri\u00a0<a href=\"https:\/\/raymarine.ee\/wp-content\/uploads\/2026\/04\/Rudder-Angle-Sensor-M81105-Installation-instructions-87012-3-EN.pdf\" target=\"_blank\" rel=\"noopener\" data-wpel-link=\"internal\">paigaldusjuhend<\/a><\/p>\n<p>Volvo-Penta D4 ja D6 jaoks on vajalik spetsiaalne\u00a0<a href=\"https:\/\/raymarine.ee\/en\/product\/volvo-penta-rudder-indicator-kit-for-drive-units-dph-a-dph-b\/\" data-wpel-link=\"internal\">paigalduskomplekt<\/a>.<\/p>\n<p>p70 ja p70Rs kaudu Evolution piloodi\u00a0<a href=\"https:\/\/raymarine.ee\/wp-content\/uploads\/2026\/04\/p70-p70s-p70R-p70Rs-Pilot-Controller-Commissioning-Operation-instructions-81402-Rev-6-EN.pdf\" target=\"_blank\" rel=\"noopener\" data-wpel-link=\"internal\">seadistamis- ja kasutamisjuhend<\/a><\/p>\n<p>Vaata\u00a0Raymarine <a href=\"https:\/\/www.raymarine.com\/en-gb\/our-products\/boat-autopilots\/autopilot-packs\" target=\"_blank\" rel=\"noopener\">autopilootide<\/a>\u00a0tootetutvustust.<\/p>","protected":false},"excerpt":{"rendered":"<p>EV-200 Power autopiloot koos p70Rs juhtseadmega on m\u00f5eldud juba eelnevalt paigaldatud Type1 ajamiga paatidele. Komplekti kuulub p70Rs juhtimisseade, EV-1 kursikompuuter ja ACU-200 (Type1) ajami juhtimisseade. Evolution seeria kursikompuutritel on \u00fcheksateljeline sensor koos AST funktsiooniga. Evolution autopiloodid toimivad ka ilma roolinurga andurita aga v\u00f5imaluse korral soovitame selle siiski lisada. Volvo-Penta veojalgade puhul tuleb roolinurga anduri \u00fchendamiseks lisada ka spetsiaalne paigalduskomplekt. Tootekirjelduses olev nimi &#8220;Power&#8221; t\u00e4hendab seda, et komplektis on p70Rs p\u00f6\u00f6ratava nupuga juhtpaneel mida on mugavam kasutada mootorpaatides, ACU-200 ise v\u00f5ib juhtida mistahes Type1 ajamit. Tutvu kindlasti ka selle komplekti juhenditega ja k\u00fcsimuste korral pea n\u00f5u meie spetsialistiga.<\/p>","protected":false},"featured_media":9286,"template":"","meta":{"_acf_changed":false},"product_brand":[134],"product_cat":[52,343,103,63],"product_tag":[],"class_list":{"0":"post-6403","1":"product","2":"type-product","3":"status-publish","4":"has-post-thumbnail","6":"product_brand-raymarine","7":"product_cat-autopiloot-autopiloodid","8":"product_cat-kampaaniad","9":"product_cat-raymarine","10":"product_cat-systeemipiloodid","12":"first","13":"instock","14":"sale","15":"taxable","16":"shipping-taxable","17":"purchasable","18":"product-type-simple"},"acf":[],"yoast_head":"<!-- This site is optimized with the Yoast SEO Premium plugin v27.5 (Yoast SEO v27.5) - https:\/\/yoast.com\/product\/yoast-seo-premium-wordpress\/ -->\n<title>EV-200: T\u00e4pne p70Rs uhtimisseade ja EV1 Sensor Core - NavSystems<\/title>\n<meta name=\"description\" content=\"Raymarine EV-200 tagab t\u00e4psed juhtimisfunktsioonid igasugustes tingimustes. Investeeri oma merereiside kvaliteeti juba t\u00e4na!\" \/>\n<meta name=\"robots\" content=\"index, follow, max-snippet:-1, max-image-preview:large, max-video-preview:-1\" \/>\n<link rel=\"canonical\" href=\"https:\/\/raymarine.ee\/en\/product\/ev-200-power-ilma-ajamita\/\" \/>\n<meta property=\"og:locale\" content=\"en_GB\" \/>\n<meta property=\"og:type\" content=\"article\" \/>\n<meta property=\"og:title\" content=\"Autopiloot EV-200 Power (ilma ajamita)\" \/>\n<meta property=\"og:description\" content=\"Raymarine EV-200 tagab t\u00e4psed juhtimisfunktsioonid igasugustes tingimustes. Investeeri oma merereiside kvaliteeti juba t\u00e4na!\" \/>\n<meta property=\"og:url\" content=\"https:\/\/raymarine.ee\/en\/product\/ev-200-power-ilma-ajamita\/\" \/>\n<meta property=\"og:site_name\" content=\"NavSystems\" \/>\n<meta property=\"article:publisher\" content=\"https:\/\/www.facebook.com\/NavSystems\" \/>\n<meta property=\"article:modified_time\" content=\"2026-04-10T09:14:47+00:00\" \/>\n<meta property=\"og:image\" content=\"https:\/\/raymarine.ee\/wp-content\/uploads\/2025\/01\/a32f5a31-6ad7-4274-ba06-52c8b156a3ee.png\" \/>\n\t<meta property=\"og:image:width\" content=\"2000\" \/>\n\t<meta property=\"og:image:height\" content=\"2000\" \/>\n\t<meta property=\"og:image:type\" content=\"image\/png\" \/>\n<meta name=\"twitter:card\" content=\"summary_large_image\" \/>\n<meta name=\"twitter:label1\" content=\"Price\" \/>\n\t<meta name=\"twitter:data1\" content=\"2 445,00&nbsp;&euro;\" \/>\n\t<meta name=\"twitter:label2\" content=\"Availability\" \/>\n\t<meta name=\"twitter:data2\" content=\"In stock\" \/>\n<script type=\"application\/ld+json\" class=\"yoast-schema-graph\">{\"@context\":\"https:\\\/\\\/schema.org\",\"@graph\":[{\"@type\":\"WebPage\",\"@id\":\"https:\\\/\\\/raymarine.ee\\\/product\\\/ev-200-power-ilma-ajamita\\\/\",\"url\":\"https:\\\/\\\/raymarine.ee\\\/product\\\/ev-200-power-ilma-ajamita\\\/\",\"name\":\"EV-200: T\u00e4pne p70Rs uhtimisseade ja EV1 Sensor Core - NavSystems\",\"isPartOf\":{\"@id\":\"https:\\\/\\\/raymarine.ee\\\/#website\"},\"primaryImageOfPage\":{\"@id\":\"https:\\\/\\\/raymarine.ee\\\/product\\\/ev-200-power-ilma-ajamita\\\/#primaryimage\"},\"image\":{\"@id\":\"https:\\\/\\\/raymarine.ee\\\/product\\\/ev-200-power-ilma-ajamita\\\/#primaryimage\"},\"thumbnailUrl\":\"https:\\\/\\\/raymarine.ee\\\/wp-content\\\/uploads\\\/2025\\\/01\\\/a32f5a31-6ad7-4274-ba06-52c8b156a3ee.png\",\"datePublished\":\"2025-01-14T17:48:37+00:00\",\"dateModified\":\"2026-04-10T09:14:47+00:00\",\"description\":\"Raymarine EV-200 tagab t\u00e4psed juhtimisfunktsioonid igasugustes tingimustes. Investeeri oma merereiside kvaliteeti juba t\u00e4na!\",\"breadcrumb\":{\"@id\":\"https:\\\/\\\/raymarine.ee\\\/product\\\/ev-200-power-ilma-ajamita\\\/#breadcrumb\"},\"inLanguage\":\"en-GB\",\"potentialAction\":[{\"@type\":\"ReadAction\",\"target\":[\"https:\\\/\\\/raymarine.ee\\\/product\\\/ev-200-power-ilma-ajamita\\\/\"]}]},{\"@type\":\"ImageObject\",\"inLanguage\":\"en-GB\",\"@id\":\"https:\\\/\\\/raymarine.ee\\\/product\\\/ev-200-power-ilma-ajamita\\\/#primaryimage\",\"url\":\"https:\\\/\\\/raymarine.ee\\\/wp-content\\\/uploads\\\/2025\\\/01\\\/a32f5a31-6ad7-4274-ba06-52c8b156a3ee.png\",\"contentUrl\":\"https:\\\/\\\/raymarine.ee\\\/wp-content\\\/uploads\\\/2025\\\/01\\\/a32f5a31-6ad7-4274-ba06-52c8b156a3ee.png\",\"width\":2000,\"height\":2000},{\"@type\":\"BreadcrumbList\",\"@id\":\"https:\\\/\\\/raymarine.ee\\\/product\\\/ev-200-power-ilma-ajamita\\\/#breadcrumb\",\"itemListElement\":[{\"@type\":\"ListItem\",\"position\":1,\"name\":\"Home\",\"item\":\"https:\\\/\\\/raymarine.ee\\\/\"},{\"@type\":\"ListItem\",\"position\":2,\"name\":\"Tooted\",\"item\":\"https:\\\/\\\/raymarine.ee\\\/shop\\\/\"},{\"@type\":\"ListItem\",\"position\":3,\"name\":\"Autopiloot EV-200 Power (ilma ajamita)\"}]},{\"@type\":\"WebSite\",\"@id\":\"https:\\\/\\\/raymarine.ee\\\/#website\",\"url\":\"https:\\\/\\\/raymarine.ee\\\/\",\"name\":\"www.raymarine.ee\",\"description\":\"Mereelektroonika, kaardiplotter, autopiloot, pinnipiloot, roolipiloot, radar, AIS, VHF, Smart Wind\",\"publisher\":{\"@id\":\"https:\\\/\\\/raymarine.ee\\\/#organization\"},\"alternateName\":\"Raymarine\",\"potentialAction\":[{\"@type\":\"SearchAction\",\"target\":{\"@type\":\"EntryPoint\",\"urlTemplate\":\"https:\\\/\\\/raymarine.ee\\\/?s={search_term_string}\"},\"query-input\":{\"@type\":\"PropertyValueSpecification\",\"valueRequired\":true,\"valueName\":\"search_term_string\"}}],\"inLanguage\":\"en-GB\"},{\"@type\":\"Organization\",\"@id\":\"https:\\\/\\\/raymarine.ee\\\/#organization\",\"name\":\"NavSystems O\u00dc\",\"url\":\"https:\\\/\\\/raymarine.ee\\\/\",\"logo\":{\"@type\":\"ImageObject\",\"inLanguage\":\"en-GB\",\"@id\":\"https:\\\/\\\/raymarine.ee\\\/#\\\/schema\\\/logo\\\/image\\\/\",\"url\":\"https:\\\/\\\/raymarine.ee\\\/wp-content\\\/uploads\\\/2024\\\/10\\\/Screenshot-2024-10-15-151324_bg_removed.webp\",\"contentUrl\":\"https:\\\/\\\/raymarine.ee\\\/wp-content\\\/uploads\\\/2024\\\/10\\\/Screenshot-2024-10-15-151324_bg_removed.webp\",\"width\":420,\"height\":276,\"caption\":\"NavSystems O\u00dc\"},\"image\":{\"@id\":\"https:\\\/\\\/raymarine.ee\\\/#\\\/schema\\\/logo\\\/image\\\/\"},\"sameAs\":[\"https:\\\/\\\/www.facebook.com\\\/NavSystems\"],\"legalName\":\"NavSystems O\u00dc\",\"foundingDate\":\"2011-05-03\",\"numberOfEmployees\":{\"@type\":\"QuantitativeValue\",\"minValue\":\"1\",\"maxValue\":\"10\"}}]}<\/script>\n<meta property=\"product:price:amount\" content=\"2445.00\" \/>\n<meta property=\"product:price:currency\" content=\"EUR\" \/>\n<meta property=\"og:availability\" content=\"instock\" \/>\n<meta property=\"product:availability\" content=\"instock\" \/>\n<meta property=\"product:retailer_item_id\" content=\"T70156\" \/>\n<meta property=\"product:condition\" content=\"new\" \/>\n<!-- \/ Yoast SEO Premium plugin. -->","yoast_head_json":{"title":"EV-200: T\u00e4pne p70Rs uhtimisseade ja EV1 Sensor Core - NavSystems","description":"Raymarine EV-200 tagab t\u00e4psed juhtimisfunktsioonid igasugustes tingimustes. Investeeri oma merereiside kvaliteeti juba t\u00e4na!","robots":{"index":"index","follow":"follow","max-snippet":"max-snippet:-1","max-image-preview":"max-image-preview:large","max-video-preview":"max-video-preview:-1"},"canonical":"https:\/\/raymarine.ee\/en\/product\/ev-200-power-ilma-ajamita\/","og_locale":"en_GB","og_type":"article","og_title":"Autopiloot EV-200 Power (ilma ajamita)","og_description":"Raymarine EV-200 tagab t\u00e4psed juhtimisfunktsioonid igasugustes tingimustes. Investeeri oma merereiside kvaliteeti juba t\u00e4na!","og_url":"https:\/\/raymarine.ee\/en\/product\/ev-200-power-ilma-ajamita\/","og_site_name":"NavSystems","article_publisher":"https:\/\/www.facebook.com\/NavSystems","article_modified_time":"2026-04-10T09:14:47+00:00","og_image":[{"width":2000,"height":2000,"url":"https:\/\/raymarine.ee\/wp-content\/uploads\/2025\/01\/a32f5a31-6ad7-4274-ba06-52c8b156a3ee.png","type":"image\/png"}],"twitter_card":"summary_large_image","twitter_misc":{"Price":"2 445,00&nbsp;&euro;","Availability":"In stock"},"schema":{"@context":"https:\/\/schema.org","@graph":[{"@type":"WebPage","@id":"https:\/\/raymarine.ee\/product\/ev-200-power-ilma-ajamita\/","url":"https:\/\/raymarine.ee\/product\/ev-200-power-ilma-ajamita\/","name":"EV-200: T\u00e4pne p70Rs uhtimisseade ja EV1 Sensor Core - NavSystems","isPartOf":{"@id":"https:\/\/raymarine.ee\/#website"},"primaryImageOfPage":{"@id":"https:\/\/raymarine.ee\/product\/ev-200-power-ilma-ajamita\/#primaryimage"},"image":{"@id":"https:\/\/raymarine.ee\/product\/ev-200-power-ilma-ajamita\/#primaryimage"},"thumbnailUrl":"https:\/\/raymarine.ee\/wp-content\/uploads\/2025\/01\/a32f5a31-6ad7-4274-ba06-52c8b156a3ee.png","datePublished":"2025-01-14T17:48:37+00:00","dateModified":"2026-04-10T09:14:47+00:00","description":"Raymarine EV-200 tagab t\u00e4psed juhtimisfunktsioonid igasugustes tingimustes. Investeeri oma merereiside kvaliteeti juba t\u00e4na!","breadcrumb":{"@id":"https:\/\/raymarine.ee\/product\/ev-200-power-ilma-ajamita\/#breadcrumb"},"inLanguage":"en-GB","potentialAction":[{"@type":"ReadAction","target":["https:\/\/raymarine.ee\/product\/ev-200-power-ilma-ajamita\/"]}]},{"@type":"ImageObject","inLanguage":"en-GB","@id":"https:\/\/raymarine.ee\/product\/ev-200-power-ilma-ajamita\/#primaryimage","url":"https:\/\/raymarine.ee\/wp-content\/uploads\/2025\/01\/a32f5a31-6ad7-4274-ba06-52c8b156a3ee.png","contentUrl":"https:\/\/raymarine.ee\/wp-content\/uploads\/2025\/01\/a32f5a31-6ad7-4274-ba06-52c8b156a3ee.png","width":2000,"height":2000},{"@type":"BreadcrumbList","@id":"https:\/\/raymarine.ee\/product\/ev-200-power-ilma-ajamita\/#breadcrumb","itemListElement":[{"@type":"ListItem","position":1,"name":"Home","item":"https:\/\/raymarine.ee\/"},{"@type":"ListItem","position":2,"name":"Tooted","item":"https:\/\/raymarine.ee\/shop\/"},{"@type":"ListItem","position":3,"name":"Autopiloot EV-200 Power (ilma ajamita)"}]},{"@type":"WebSite","@id":"https:\/\/raymarine.ee\/#website","url":"https:\/\/raymarine.ee\/","name":"www.raymarine.ee","description":"Mereelektroonika, kaardiplotter, autopiloot, pinnipiloot, roolipiloot, radar, AIS, VHF, Smart Wind","publisher":{"@id":"https:\/\/raymarine.ee\/#organization"},"alternateName":"Raymarine","potentialAction":[{"@type":"SearchAction","target":{"@type":"EntryPoint","urlTemplate":"https:\/\/raymarine.ee\/?s={search_term_string}"},"query-input":{"@type":"PropertyValueSpecification","valueRequired":true,"valueName":"search_term_string"}}],"inLanguage":"en-GB"},{"@type":"Organization","@id":"https:\/\/raymarine.ee\/#organization","name":"NavSystems O\u00dc","url":"https:\/\/raymarine.ee\/","logo":{"@type":"ImageObject","inLanguage":"en-GB","@id":"https:\/\/raymarine.ee\/#\/schema\/logo\/image\/","url":"https:\/\/raymarine.ee\/wp-content\/uploads\/2024\/10\/Screenshot-2024-10-15-151324_bg_removed.webp","contentUrl":"https:\/\/raymarine.ee\/wp-content\/uploads\/2024\/10\/Screenshot-2024-10-15-151324_bg_removed.webp","width":420,"height":276,"caption":"NavSystems O\u00dc"},"image":{"@id":"https:\/\/raymarine.ee\/#\/schema\/logo\/image\/"},"sameAs":["https:\/\/www.facebook.com\/NavSystems"],"legalName":"NavSystems O\u00dc","foundingDate":"2011-05-03","numberOfEmployees":{"@type":"QuantitativeValue","minValue":"1","maxValue":"10"}}]},"product_price_amount":"2445.00","product_price_currency":"EUR","og_availability":"instock","product_availability":"instock","product_retailer_item_id":"T70156","product_condition":"new"},"jetpack_sharing_enabled":true,"_links":{"self":[{"href":"https:\/\/raymarine.ee\/en\/wp-json\/wp\/v2\/product\/6403","targetHints":{"allow":["GET"]}}],"collection":[{"href":"https:\/\/raymarine.ee\/en\/wp-json\/wp\/v2\/product"}],"about":[{"href":"https:\/\/raymarine.ee\/en\/wp-json\/wp\/v2\/types\/product"}],"wp:featuredmedia":[{"embeddable":true,"href":"https:\/\/raymarine.ee\/en\/wp-json\/wp\/v2\/media\/9286"}],"wp:attachment":[{"href":"https:\/\/raymarine.ee\/en\/wp-json\/wp\/v2\/media?parent=6403"}],"wp:term":[{"taxonomy":"product_brand","embeddable":true,"href":"https:\/\/raymarine.ee\/en\/wp-json\/wp\/v2\/product_brand?post=6403"},{"taxonomy":"product_cat","embeddable":true,"href":"https:\/\/raymarine.ee\/en\/wp-json\/wp\/v2\/product_cat?post=6403"},{"taxonomy":"product_tag","embeddable":true,"href":"https:\/\/raymarine.ee\/en\/wp-json\/wp\/v2\/product_tag?post=6403"}],"curies":[{"name":"wp","href":"https:\/\/api.w.org\/{rel}","templated":true}]}}