{"id":6404,"date":"2025-01-14T17:36:25","date_gmt":"2025-01-14T17:36:25","guid":{"rendered":"https:\/\/raymarine.ee\/?post_type=product&#038;p=6404"},"modified":"2026-04-12T15:42:00","modified_gmt":"2026-04-12T12:42:00","slug":"ev-400-sail-ilma-ajamita","status":"publish","type":"product","link":"https:\/\/raymarine.ee\/en\/product\/ev-400-sail-ilma-ajamita\/","title":{"rendered":"Autopiloot EV-400 Sail (ilma ajamita)"},"content":{"rendered":"<p>Vaata\u00a0<a href=\"http:\/\/www.raymarine.com\/autopilot.html\" target=\"_blank\" rel=\"noopener\">Raymarine autopilootide<\/a>\u00a0tootetutvustust.<\/p>\n<div class=\"col-sm-8\">\n<p data-start=\"55\" data-end=\"121\"><strong data-start=\"55\" data-end=\"121\">Raymarine EV1 Sensor Core ja Evolution Autopiloodi Komponendid<\/strong><\/p>\n<p data-start=\"123\" data-end=\"142\"><strong data-start=\"123\" data-end=\"142\">EV1 Sensor Core<\/strong><\/p>\n<p data-start=\"144\" data-end=\"413\">EV-1 on m\u00f5eldud Evolution mehhaaniliste ja h\u00fcdrauliliste autopiloodi s\u00fcsteemide jaoks. SeaTalkng v\u00f5rgustik v\u00f5imaldab \u00fche kaabli\u00fchenduse kaudu toite ja andmete edastamist Evolution ACU (t\u00e4iturmehhanismi juhtimisseade) ja laiendatud SeaTalkng ning NMEA2000 v\u00f5rkude vahel.<\/p>\n<p data-start=\"415\" data-end=\"426\"><strong data-start=\"415\" data-end=\"426\">ACU-400<\/strong><\/p>\n<p data-start=\"428\" data-end=\"651\">Vastupidav ACU (t\u00e4iturmehhanismi juhtimisseade) tagab usaldusv\u00e4\u00e4rse autopiloodi t\u00f6\u00f6v\u00f5ime ja varustab SeaTalkng bussi toiteallikaga. ACU \u00fchendub h\u00f5lpsalt teiste s\u00fcsteemidega, tagades t\u00e4psed juhtimisv\u00f5imalused ja t\u00f6\u00f6kindluse.<\/p>\n<p data-start=\"653\" data-end=\"700\"><strong data-start=\"653\" data-end=\"700\">p70 \/ p70s Autopiloodi Juhtimisseade (Sail)<\/strong><\/p>\n<p data-start=\"702\" data-end=\"965\">p70 \/ p70s autopiloodi juhtimisseade on spetsiaalselt m\u00f5eldud purjekatele ja pakub nupuvajutamise juhtimist. T\u00e4iustatud LED taustvalgustus pakub madalat energiatarbimist, samas kui elavad v\u00e4rvid ja kontrast tagavad ekraani selguse isegi \u00e4gedates vaatamisnurkades.<\/p>\n<p data-start=\"967\" data-end=\"1123\">p70 \/ p70s juhtimisseade sisaldab LightHouse kasutajaliidest ning k\u00e4ivitamisviisardi funktsiooni, et aidata teil autopiloodi kiirelt ja lihtsalt seadistada.<\/p>\n<p data-start=\"1125\" data-end=\"1186\"><strong data-start=\"1125\" data-end=\"1155\">Drive Ei Kuulu Komplektilt<\/strong><br data-start=\"1155\" data-end=\"1158\" \/><em data-start=\"1158\" data-end=\"1186\">Lisateave Drive\u2019ide kohta.<\/em><\/p>\n<p data-start=\"1188\" data-end=\"1228\"><strong data-start=\"1188\" data-end=\"1228\">Evolution Kaabelduskomplekt &#8211; R70160<\/strong><\/p>\n<p data-start=\"1230\" data-end=\"1277\">Evolution SeaTalkng kaabelduskomplekt sisaldab:<\/p>\n<ul data-start=\"1279\" data-end=\"1485\">\n<li data-start=\"1279\" data-end=\"1314\">\n<p data-start=\"1281\" data-end=\"1314\">1 x SeaTalkng Power Cable (0,4 m)<\/p>\n<\/li>\n<li data-start=\"1315\" data-end=\"1351\">\n<p data-start=\"1317\" data-end=\"1351\">1 x SeaTalkng Backbone Cable (5 m)<\/p>\n<\/li>\n<li data-start=\"1352\" data-end=\"1386\">\n<p data-start=\"1354\" data-end=\"1386\">1 x SeaTalkng Spur Cable (0,4 m)<\/p>\n<\/li>\n<li data-start=\"1387\" data-end=\"1424\">\n<p data-start=\"1389\" data-end=\"1424\">1 x SeaTalkng 5-way Connector Block<\/p>\n<\/li>\n<li data-start=\"1425\" data-end=\"1458\">\n<p data-start=\"1427\" data-end=\"1458\">2 x SeaTalkng T-piece Connector<\/p>\n<\/li>\n<li data-start=\"1459\" data-end=\"1485\">\n<p data-start=\"1461\" data-end=\"1485\">2 x SeaTalkng Terminator<\/p>\n<\/li>\n<\/ul>\n<\/div>\n<div class=\"col-sm-4\">\n<div class=\"col-sm-4\"><\/div>\n<\/div>","protected":false},"excerpt":{"rendered":"<p>EV-400 Sail autopiloot koos p70s juhtseadmega on m\u00f5eldud purjepaatidele kus kasutatakse Type 2 v\u00f5i Type 3 ajamit, ajam ei kuulu komplekti. Komplekti kuulub p70s juhtimisseade, EV-1 kursikompuuter ja ACU-400 autopiloodi ajami juhtimisseade. Evolution seeria kursikompuutritel EV-1 ja EV-2 on \u00fcheksateljeline sensor koos AST funktsiooniga. Evolution autopiloodid toimivad ka ilma roolinurga andurita aga v\u00f5imaluse korral soovitame selle siiski lisada.<\/p>","protected":false},"featured_media":9285,"template":"","meta":{"_acf_changed":false},"product_brand":[134],"product_cat":[52,103,63],"product_tag":[],"class_list":{"0":"post-6404","1":"product","2":"type-product","3":"status-publish","4":"has-post-thumbnail","6":"product_brand-raymarine","7":"product_cat-autopiloot-autopiloodid","8":"product_cat-raymarine","9":"product_cat-systeemipiloodid","11":"first","12":"instock","13":"sale","14":"taxable","15":"shipping-taxable","16":"purchasable","17":"product-type-simple"},"acf":[],"yoast_head":"<!-- This site is optimized with the Yoast SEO Premium plugin v27.5 (Yoast SEO v27.5) - https:\/\/yoast.com\/product\/yoast-seo-premium-wordpress\/ -->\n<title>Autopiloot EV-400: Usaldusv\u00e4\u00e4rne ja t\u00f5hus lahendus - NavSystems<\/title>\n<meta name=\"description\" content=\"Raymarine Autopiloot EV-400 tagab kompromissitu juhtimise Sinu paadile. Uuri l\u00e4hemalt ja k\u00fcsi n\u00f5u ja tee \u00f5ige valik juba selleks hooajaks! \u2693\" \/>\n<meta name=\"robots\" content=\"index, follow, max-snippet:-1, max-image-preview:large, max-video-preview:-1\" \/>\n<link rel=\"canonical\" href=\"https:\/\/raymarine.ee\/en\/product\/ev-400-sail-ilma-ajamita\/\" \/>\n<meta property=\"og:locale\" content=\"en_GB\" \/>\n<meta property=\"og:type\" content=\"article\" \/>\n<meta property=\"og:title\" content=\"Autopiloot EV-400 Sail (ilma ajamita)\" \/>\n<meta property=\"og:description\" content=\"Raymarine Autopiloot EV-400 tagab kompromissitu juhtimise Sinu paadile. Uuri l\u00e4hemalt ja k\u00fcsi n\u00f5u ja tee \u00f5ige valik juba selleks hooajaks! \u2693\" \/>\n<meta property=\"og:url\" content=\"https:\/\/raymarine.ee\/en\/product\/ev-400-sail-ilma-ajamita\/\" \/>\n<meta property=\"og:site_name\" content=\"NavSystems\" \/>\n<meta property=\"article:publisher\" content=\"https:\/\/www.facebook.com\/NavSystems\" \/>\n<meta property=\"article:modified_time\" content=\"2026-04-12T12:42:00+00:00\" \/>\n<meta property=\"og:image\" content=\"https:\/\/raymarine.ee\/wp-content\/uploads\/2025\/01\/3f38e4f3-ceac-47eb-9b1d-81eb2116fc40.png\" \/>\n\t<meta property=\"og:image:width\" content=\"2000\" \/>\n\t<meta property=\"og:image:height\" content=\"2000\" \/>\n\t<meta property=\"og:image:type\" content=\"image\/png\" \/>\n<meta name=\"twitter:card\" content=\"summary_large_image\" \/>\n<meta name=\"twitter:label1\" content=\"Price\" \/>\n\t<meta name=\"twitter:data1\" content=\"3 486,00&nbsp;&euro;\" \/>\n\t<meta name=\"twitter:label2\" content=\"Availability\" \/>\n\t<meta name=\"twitter:data2\" content=\"In stock\" \/>\n<script type=\"application\/ld+json\" class=\"yoast-schema-graph\">{\"@context\":\"https:\\\/\\\/schema.org\",\"@graph\":[{\"@type\":\"WebPage\",\"@id\":\"https:\\\/\\\/raymarine.ee\\\/product\\\/ev-400-sail-ilma-ajamita\\\/\",\"url\":\"https:\\\/\\\/raymarine.ee\\\/product\\\/ev-400-sail-ilma-ajamita\\\/\",\"name\":\"Autopiloot EV-400: Usaldusv\u00e4\u00e4rne ja t\u00f5hus lahendus - NavSystems\",\"isPartOf\":{\"@id\":\"https:\\\/\\\/raymarine.ee\\\/#website\"},\"primaryImageOfPage\":{\"@id\":\"https:\\\/\\\/raymarine.ee\\\/product\\\/ev-400-sail-ilma-ajamita\\\/#primaryimage\"},\"image\":{\"@id\":\"https:\\\/\\\/raymarine.ee\\\/product\\\/ev-400-sail-ilma-ajamita\\\/#primaryimage\"},\"thumbnailUrl\":\"https:\\\/\\\/raymarine.ee\\\/wp-content\\\/uploads\\\/2025\\\/01\\\/3f38e4f3-ceac-47eb-9b1d-81eb2116fc40.png\",\"datePublished\":\"2025-01-14T17:36:25+00:00\",\"dateModified\":\"2026-04-12T12:42:00+00:00\",\"description\":\"Raymarine Autopiloot EV-400 tagab kompromissitu juhtimise Sinu paadile. Uuri l\u00e4hemalt ja k\u00fcsi n\u00f5u ja tee \u00f5ige valik juba selleks hooajaks! \u2693\",\"breadcrumb\":{\"@id\":\"https:\\\/\\\/raymarine.ee\\\/product\\\/ev-400-sail-ilma-ajamita\\\/#breadcrumb\"},\"inLanguage\":\"en-GB\",\"potentialAction\":[{\"@type\":\"ReadAction\",\"target\":[\"https:\\\/\\\/raymarine.ee\\\/product\\\/ev-400-sail-ilma-ajamita\\\/\"]}]},{\"@type\":\"ImageObject\",\"inLanguage\":\"en-GB\",\"@id\":\"https:\\\/\\\/raymarine.ee\\\/product\\\/ev-400-sail-ilma-ajamita\\\/#primaryimage\",\"url\":\"https:\\\/\\\/raymarine.ee\\\/wp-content\\\/uploads\\\/2025\\\/01\\\/3f38e4f3-ceac-47eb-9b1d-81eb2116fc40.png\",\"contentUrl\":\"https:\\\/\\\/raymarine.ee\\\/wp-content\\\/uploads\\\/2025\\\/01\\\/3f38e4f3-ceac-47eb-9b1d-81eb2116fc40.png\",\"width\":2000,\"height\":2000,\"caption\":\"EV-400-sail-autopiloot-ilma-ajamita\"},{\"@type\":\"BreadcrumbList\",\"@id\":\"https:\\\/\\\/raymarine.ee\\\/product\\\/ev-400-sail-ilma-ajamita\\\/#breadcrumb\",\"itemListElement\":[{\"@type\":\"ListItem\",\"position\":1,\"name\":\"Home\",\"item\":\"https:\\\/\\\/raymarine.ee\\\/\"},{\"@type\":\"ListItem\",\"position\":2,\"name\":\"Tooted\",\"item\":\"https:\\\/\\\/raymarine.ee\\\/shop\\\/\"},{\"@type\":\"ListItem\",\"position\":3,\"name\":\"Autopiloot EV-400 Sail (ilma ajamita)\"}]},{\"@type\":\"WebSite\",\"@id\":\"https:\\\/\\\/raymarine.ee\\\/#website\",\"url\":\"https:\\\/\\\/raymarine.ee\\\/\",\"name\":\"www.raymarine.ee\",\"description\":\"Mereelektroonika, kaardiplotter, autopiloot, pinnipiloot, roolipiloot, radar, AIS, VHF, Smart Wind\",\"publisher\":{\"@id\":\"https:\\\/\\\/raymarine.ee\\\/#organization\"},\"alternateName\":\"Raymarine\",\"potentialAction\":[{\"@type\":\"SearchAction\",\"target\":{\"@type\":\"EntryPoint\",\"urlTemplate\":\"https:\\\/\\\/raymarine.ee\\\/?s={search_term_string}\"},\"query-input\":{\"@type\":\"PropertyValueSpecification\",\"valueRequired\":true,\"valueName\":\"search_term_string\"}}],\"inLanguage\":\"en-GB\"},{\"@type\":\"Organization\",\"@id\":\"https:\\\/\\\/raymarine.ee\\\/#organization\",\"name\":\"NavSystems O\u00dc\",\"url\":\"https:\\\/\\\/raymarine.ee\\\/\",\"logo\":{\"@type\":\"ImageObject\",\"inLanguage\":\"en-GB\",\"@id\":\"https:\\\/\\\/raymarine.ee\\\/#\\\/schema\\\/logo\\\/image\\\/\",\"url\":\"https:\\\/\\\/raymarine.ee\\\/wp-content\\\/uploads\\\/2024\\\/10\\\/Screenshot-2024-10-15-151324_bg_removed.webp\",\"contentUrl\":\"https:\\\/\\\/raymarine.ee\\\/wp-content\\\/uploads\\\/2024\\\/10\\\/Screenshot-2024-10-15-151324_bg_removed.webp\",\"width\":420,\"height\":276,\"caption\":\"NavSystems O\u00dc\"},\"image\":{\"@id\":\"https:\\\/\\\/raymarine.ee\\\/#\\\/schema\\\/logo\\\/image\\\/\"},\"sameAs\":[\"https:\\\/\\\/www.facebook.com\\\/NavSystems\"],\"legalName\":\"NavSystems O\u00dc\",\"foundingDate\":\"2011-05-03\",\"numberOfEmployees\":{\"@type\":\"QuantitativeValue\",\"minValue\":\"1\",\"maxValue\":\"10\"}}]}<\/script>\n<meta property=\"product:price:amount\" content=\"3486.00\" \/>\n<meta property=\"product:price:currency\" content=\"EUR\" \/>\n<meta property=\"og:availability\" content=\"instock\" \/>\n<meta property=\"product:availability\" content=\"instock\" \/>\n<meta property=\"product:retailer_item_id\" content=\"T70161\" \/>\n<meta property=\"product:condition\" content=\"new\" \/>\n<!-- \/ Yoast SEO Premium plugin. -->","yoast_head_json":{"title":"Autopiloot EV-400: Usaldusv\u00e4\u00e4rne ja t\u00f5hus lahendus - NavSystems","description":"Raymarine Autopiloot EV-400 tagab kompromissitu juhtimise Sinu paadile. Uuri l\u00e4hemalt ja k\u00fcsi n\u00f5u ja tee \u00f5ige valik juba selleks hooajaks! \u2693","robots":{"index":"index","follow":"follow","max-snippet":"max-snippet:-1","max-image-preview":"max-image-preview:large","max-video-preview":"max-video-preview:-1"},"canonical":"https:\/\/raymarine.ee\/en\/product\/ev-400-sail-ilma-ajamita\/","og_locale":"en_GB","og_type":"article","og_title":"Autopiloot EV-400 Sail (ilma ajamita)","og_description":"Raymarine Autopiloot EV-400 tagab kompromissitu juhtimise Sinu paadile. Uuri l\u00e4hemalt ja k\u00fcsi n\u00f5u ja tee \u00f5ige valik juba selleks hooajaks! \u2693","og_url":"https:\/\/raymarine.ee\/en\/product\/ev-400-sail-ilma-ajamita\/","og_site_name":"NavSystems","article_publisher":"https:\/\/www.facebook.com\/NavSystems","article_modified_time":"2026-04-12T12:42:00+00:00","og_image":[{"width":2000,"height":2000,"url":"https:\/\/raymarine.ee\/wp-content\/uploads\/2025\/01\/3f38e4f3-ceac-47eb-9b1d-81eb2116fc40.png","type":"image\/png"}],"twitter_card":"summary_large_image","twitter_misc":{"Price":"3 486,00&nbsp;&euro;","Availability":"In stock"},"schema":{"@context":"https:\/\/schema.org","@graph":[{"@type":"WebPage","@id":"https:\/\/raymarine.ee\/product\/ev-400-sail-ilma-ajamita\/","url":"https:\/\/raymarine.ee\/product\/ev-400-sail-ilma-ajamita\/","name":"Autopiloot EV-400: Usaldusv\u00e4\u00e4rne ja t\u00f5hus lahendus - NavSystems","isPartOf":{"@id":"https:\/\/raymarine.ee\/#website"},"primaryImageOfPage":{"@id":"https:\/\/raymarine.ee\/product\/ev-400-sail-ilma-ajamita\/#primaryimage"},"image":{"@id":"https:\/\/raymarine.ee\/product\/ev-400-sail-ilma-ajamita\/#primaryimage"},"thumbnailUrl":"https:\/\/raymarine.ee\/wp-content\/uploads\/2025\/01\/3f38e4f3-ceac-47eb-9b1d-81eb2116fc40.png","datePublished":"2025-01-14T17:36:25+00:00","dateModified":"2026-04-12T12:42:00+00:00","description":"Raymarine Autopiloot EV-400 tagab kompromissitu juhtimise Sinu paadile. Uuri l\u00e4hemalt ja k\u00fcsi n\u00f5u ja tee \u00f5ige valik juba selleks hooajaks! \u2693","breadcrumb":{"@id":"https:\/\/raymarine.ee\/product\/ev-400-sail-ilma-ajamita\/#breadcrumb"},"inLanguage":"en-GB","potentialAction":[{"@type":"ReadAction","target":["https:\/\/raymarine.ee\/product\/ev-400-sail-ilma-ajamita\/"]}]},{"@type":"ImageObject","inLanguage":"en-GB","@id":"https:\/\/raymarine.ee\/product\/ev-400-sail-ilma-ajamita\/#primaryimage","url":"https:\/\/raymarine.ee\/wp-content\/uploads\/2025\/01\/3f38e4f3-ceac-47eb-9b1d-81eb2116fc40.png","contentUrl":"https:\/\/raymarine.ee\/wp-content\/uploads\/2025\/01\/3f38e4f3-ceac-47eb-9b1d-81eb2116fc40.png","width":2000,"height":2000,"caption":"EV-400-sail-autopiloot-ilma-ajamita"},{"@type":"BreadcrumbList","@id":"https:\/\/raymarine.ee\/product\/ev-400-sail-ilma-ajamita\/#breadcrumb","itemListElement":[{"@type":"ListItem","position":1,"name":"Home","item":"https:\/\/raymarine.ee\/"},{"@type":"ListItem","position":2,"name":"Tooted","item":"https:\/\/raymarine.ee\/shop\/"},{"@type":"ListItem","position":3,"name":"Autopiloot EV-400 Sail (ilma ajamita)"}]},{"@type":"WebSite","@id":"https:\/\/raymarine.ee\/#website","url":"https:\/\/raymarine.ee\/","name":"www.raymarine.ee","description":"Mereelektroonika, kaardiplotter, autopiloot, pinnipiloot, roolipiloot, radar, AIS, VHF, Smart Wind","publisher":{"@id":"https:\/\/raymarine.ee\/#organization"},"alternateName":"Raymarine","potentialAction":[{"@type":"SearchAction","target":{"@type":"EntryPoint","urlTemplate":"https:\/\/raymarine.ee\/?s={search_term_string}"},"query-input":{"@type":"PropertyValueSpecification","valueRequired":true,"valueName":"search_term_string"}}],"inLanguage":"en-GB"},{"@type":"Organization","@id":"https:\/\/raymarine.ee\/#organization","name":"NavSystems O\u00dc","url":"https:\/\/raymarine.ee\/","logo":{"@type":"ImageObject","inLanguage":"en-GB","@id":"https:\/\/raymarine.ee\/#\/schema\/logo\/image\/","url":"https:\/\/raymarine.ee\/wp-content\/uploads\/2024\/10\/Screenshot-2024-10-15-151324_bg_removed.webp","contentUrl":"https:\/\/raymarine.ee\/wp-content\/uploads\/2024\/10\/Screenshot-2024-10-15-151324_bg_removed.webp","width":420,"height":276,"caption":"NavSystems O\u00dc"},"image":{"@id":"https:\/\/raymarine.ee\/#\/schema\/logo\/image\/"},"sameAs":["https:\/\/www.facebook.com\/NavSystems"],"legalName":"NavSystems O\u00dc","foundingDate":"2011-05-03","numberOfEmployees":{"@type":"QuantitativeValue","minValue":"1","maxValue":"10"}}]},"product_price_amount":"3486.00","product_price_currency":"EUR","og_availability":"instock","product_availability":"instock","product_retailer_item_id":"T70161","product_condition":"new"},"jetpack_sharing_enabled":true,"_links":{"self":[{"href":"https:\/\/raymarine.ee\/en\/wp-json\/wp\/v2\/product\/6404","targetHints":{"allow":["GET"]}}],"collection":[{"href":"https:\/\/raymarine.ee\/en\/wp-json\/wp\/v2\/product"}],"about":[{"href":"https:\/\/raymarine.ee\/en\/wp-json\/wp\/v2\/types\/product"}],"wp:featuredmedia":[{"embeddable":true,"href":"https:\/\/raymarine.ee\/en\/wp-json\/wp\/v2\/media\/9285"}],"wp:attachment":[{"href":"https:\/\/raymarine.ee\/en\/wp-json\/wp\/v2\/media?parent=6404"}],"wp:term":[{"taxonomy":"product_brand","embeddable":true,"href":"https:\/\/raymarine.ee\/en\/wp-json\/wp\/v2\/product_brand?post=6404"},{"taxonomy":"product_cat","embeddable":true,"href":"https:\/\/raymarine.ee\/en\/wp-json\/wp\/v2\/product_cat?post=6404"},{"taxonomy":"product_tag","embeddable":true,"href":"https:\/\/raymarine.ee\/en\/wp-json\/wp\/v2\/product_tag?post=6404"}],"curies":[{"name":"wp","href":"https:\/\/api.w.org\/{rel}","templated":true}]}}