{"id":6405,"date":"2025-01-14T17:42:46","date_gmt":"2025-01-14T17:42:46","guid":{"rendered":"https:\/\/raymarine.ee\/?post_type=product&#038;p=6405"},"modified":"2026-04-14T21:44:35","modified_gmt":"2026-04-14T18:44:35","slug":"ev-400-power-ilma-ajamita","status":"publish","type":"product","link":"https:\/\/raymarine.ee\/en\/product\/ev-400-power-ilma-ajamita\/","title":{"rendered":"Autopiloot EV-400 Power (ilma ajamita)"},"content":{"rendered":"<p><strong data-start=\"55\" data-end=\"121\">Raymarine EV1 Sensor Core ja Evolution Autopiloodi Komponendid<\/strong><\/p>\n<div class=\"col-sm-8\">\n<p data-start=\"123\" data-end=\"142\"><strong data-start=\"123\" data-end=\"142\">EV1 Sensor Core<\/strong><\/p>\n<p data-start=\"144\" data-end=\"418\">EV-1 on loodud Evolution mehhaanilistele ja h\u00fcdraulilistele autopilooti s\u00fcsteemidele. SeaTalkng v\u00f5rgu\u00fchendus v\u00f5imaldab \u00fche kaabli\u00fchenduse kaudu toite ja andmete edastamist Evolution ACU (t\u00e4iturmehhanismi juhtimisseade) ja laiendatud SeaTalkng ning NMEA2000 v\u00f5rgustike vahel.<\/p>\n<p data-start=\"420\" data-end=\"431\"><strong data-start=\"420\" data-end=\"431\">ACU-400<\/strong><\/p>\n<p data-start=\"433\" data-end=\"640\">Vastupidav ACU (t\u00e4iturmehhanismi juhtimisseade) tagab usaldusv\u00e4\u00e4rse autopiloodi t\u00f6\u00f6v\u00f5ime ning varustab SeaTalkng bussi toiteallikaga. See seade \u00fchendub lihtsalt teiste s\u00fcsteemidega ja pakub t\u00e4pset juhtimist.<\/p>\n<p data-start=\"642\" data-end=\"692\"><strong data-start=\"642\" data-end=\"692\">p70R \/ p70Rs Autopiloodi Juhtimisseade (Power)<\/strong><\/p>\n<p data-start=\"694\" data-end=\"1007\">p70R \/ p70Rs autopiloodi juhtimisseade on loodud s\u00f5idukitele, millel on nupud ja p\u00f6\u00f6ratav juhtimisnupp. T\u00e4iustatud LED-taustvalgustus pakub madalat energiatarbimist ja elavat v\u00e4rvi ning kontrasti. Laialdased horisontaalsed ja vertikaalsed vaatenurgad tagavad, et ekraani saab selgelt vaadata ka \u00e4gedates nurkades.<\/p>\n<p data-start=\"1009\" data-end=\"1160\">p70R \/ p70Rs juhtimisseade sisaldab LightHouse kasutajaliidest ja alustamisviisardi funktsiooni, mis aitab kiiresti ja lihtsalt seadistada autopiloodi.<\/p>\n<p data-start=\"1162\" data-end=\"1220\"><strong data-start=\"1162\" data-end=\"1190\">Drive ei kuulu komplekti<\/strong><br data-start=\"1190\" data-end=\"1193\" \/>Loe rohkem drive\u2019ide kohta.<\/p>\n<p data-start=\"1222\" data-end=\"1262\"><strong data-start=\"1222\" data-end=\"1262\">Evolution Kaabelduskomplekt &#8211; R70160<\/strong><\/p>\n<p data-start=\"1264\" data-end=\"1311\">Evolution SeaTalkng kaabelduskomplekt sisaldab:<\/p>\n<ul data-start=\"1313\" data-end=\"1516\">\n<li data-start=\"1313\" data-end=\"1347\">\n<p data-start=\"1315\" data-end=\"1347\">1 x SeaTalkng Power Cable (0,4m)<\/p>\n<\/li>\n<li data-start=\"1348\" data-end=\"1383\">\n<p data-start=\"1350\" data-end=\"1383\">1 x SeaTalkng Backbone Cable (5m)<\/p>\n<\/li>\n<li data-start=\"1384\" data-end=\"1417\">\n<p data-start=\"1386\" data-end=\"1417\">1 x SeaTalkng Spur Cable (0,4m)<\/p>\n<\/li>\n<li data-start=\"1418\" data-end=\"1455\">\n<p data-start=\"1420\" data-end=\"1455\">1 x SeaTalkng 5-way Connector Block<\/p>\n<\/li>\n<li data-start=\"1456\" data-end=\"1489\">\n<p data-start=\"1458\" data-end=\"1489\">2 x SeaTalkng T-piece Connector<\/p>\n<\/li>\n<li data-start=\"1490\" data-end=\"1516\">\n<p data-start=\"1492\" data-end=\"1516\">2 x SeaTalkng Terminator<\/p>\n<\/li>\n<\/ul>\n<\/div>\n<div class=\"col-sm-4\"><\/div>\n<div>\n<p><strong>Lae alla EV-400 autopiloodi paigaldusjuhendid:<\/strong><\/p>\n<p>EV1 ja ACU\u00a0<a href=\"https:\/\/raymarine.ee\/wp-content\/uploads\/2026\/04\/Evolution-EV-1-and-ACU-Installation-instructions-87180-Rev-7-EN.pdf\" target=\"_blank\" rel=\"noopener\" data-wpel-link=\"internal\">paigaldusjuhend<\/a><\/p>\n<p>Linear drive\u00a0<a href=\"https:\/\/raymarine.ee\/wp-content\/uploads\/2026\/04\/Mechanical-Linear-Drive-M81130-M81131-M81132-M81133-M81134-Installation-instructions-81175-8-EN.pdf\" target=\"_blank\" rel=\"noopener\" data-wpel-link=\"internal\">paigaldusjuhend<\/a><\/p>\n<p>Autopiloodi pumba\u00a0<a href=\"https:\/\/raymarine.ee\/wp-content\/uploads\/2026\/04\/Hydraulic-Pump-E12139-M81119-M81120-M81121-M81122-M81123-M81124-Installation-Guide-81178-5-EN-2.pdf\" target=\"_blank\" rel=\"noopener\" data-wpel-link=\"internal\">paigaldusjuhend<\/a><\/p>\n<p>p70s ja p70Rs\u00a0<a href=\"https:\/\/raymarine.ee\/wp-content\/uploads\/2026\/04\/p70s-p70Rs-Pilot-Controller-Installation-instructions-87424-Rev-3-EN.pdf\" target=\"_blank\" rel=\"noopener\" data-wpel-link=\"internal\">paigaldusjuhend<\/a><\/p>\n<p>Roolinurga anduri\u00a0<a href=\"https:\/\/raymarine.ee\/wp-content\/uploads\/2026\/04\/Rudder-Angle-Sensor-M81105-Installation-instructions-87012-3-EN.pdf\" target=\"_blank\" rel=\"noopener\" data-wpel-link=\"internal\">paigaldusjuhend<\/a><\/p>\n<p>Volvo-Penta D4 ja D6 jaoks on vajalik spetsiaalne\u00a0<a href=\"https:\/\/raymarine.ee\/en\/product\/volvo-penta-rudder-indicator-kit-for-drive-units-dph-a-dph-b\/\" data-wpel-link=\"internal\">paigalduskomplekt<\/a>.<\/p>\n<p>p70 ja p70Rs kaudu Evolution piloodi\u00a0<a href=\"https:\/\/raymarine.ee\/wp-content\/uploads\/2026\/04\/p70-p70s-p70R-p70Rs-Pilot-Controller-Commissioning-Operation-instructions-81402-Rev-6-EN.pdf\" target=\"_blank\" rel=\"noopener\" data-wpel-link=\"internal\">seadistamis- ja kasutamisjuhend<\/a><\/p>\n<p>Vaata\u00a0Raymarine\u00a0<a href=\"https:\/\/www.raymarine.com\/en-gb\/our-products\/boat-autopilots\/autopilot-packs\" target=\"_blank\" rel=\"noopener nofollow external noreferrer\" data-wpel-link=\"external\">autopilootide<\/a>\u00a0tootetutvustust.<\/p>\n<\/div>","protected":false},"excerpt":{"rendered":"<p>EV-400 Power autopiloot koos p70Rs juhtseadmega on m\u00f5eldud mootorpaatidele kus kasutatakse Type 2 v\u00f5i Type 3 ajamit, ajam ei kuulu komplekti. Komplekti kuulub p70Rs juhtimisseade, EV-1 kursikompuuter ja ACU-400 autopiloodi ajami juhtimisseade. Evolution seeria kursikompuutritel EV-1 ja EV-2 on \u00fcheksateljeline sensor koos AST funktsiooniga. Evolution autopiloodid toimivad ka ilma roolinurga andurita aga v\u00f5imaluse korral soovitame selle siiski lisada. Tutvu kindlasti ka selle komplekti\u00a0juhenditega\u00a0ja k\u00fcsimuste korral pea n\u00f5u meie spetsialistiga.<\/p>","protected":false},"featured_media":9283,"template":"","meta":{"_acf_changed":false},"product_brand":[134],"product_cat":[52,103,63],"product_tag":[],"class_list":{"0":"post-6405","1":"product","2":"type-product","3":"status-publish","4":"has-post-thumbnail","6":"product_brand-raymarine","7":"product_cat-autopiloot-autopiloodid","8":"product_cat-raymarine","9":"product_cat-systeemipiloodid","11":"first","12":"instock","13":"sale","14":"taxable","15":"shipping-taxable","16":"purchasable","17":"product-type-simple"},"acf":[],"yoast_head":"<!-- This site is optimized with the Yoast SEO Premium plugin v27.5 (Yoast SEO v27.5) - https:\/\/yoast.com\/product\/yoast-seo-premium-wordpress\/ -->\n<title>Autopiloot: Raymarine ACU400 t\u00fc\u00fcp 2 ja t\u00fc\u00fcp 3 ajamitele 12 ja 24v - NavSystems<\/title>\n<meta name=\"description\" content=\"Kogege kindlat navigatsiooni Raymarine Autopilootiga! T\u00e4pne kontroll ja \u00fchenduvus. SeaTalk ng kaabeldus muudab paigalduse lihtsaks ja arusaadavaks.\" \/>\n<meta name=\"robots\" content=\"index, follow, max-snippet:-1, max-image-preview:large, max-video-preview:-1\" \/>\n<link rel=\"canonical\" href=\"https:\/\/raymarine.ee\/en\/product\/ev-400-power-ilma-ajamita\/\" \/>\n<meta property=\"og:locale\" content=\"en_GB\" \/>\n<meta property=\"og:type\" content=\"article\" \/>\n<meta property=\"og:title\" content=\"Autopiloot EV-400 Power (ilma ajamita)\" \/>\n<meta property=\"og:description\" content=\"Kogege kindlat navigatsiooni Raymarine Autopilootiga! T\u00e4pne kontroll ja \u00fchenduvus. SeaTalk ng kaabeldus muudab paigalduse lihtsaks ja arusaadavaks.\" \/>\n<meta property=\"og:url\" content=\"https:\/\/raymarine.ee\/en\/product\/ev-400-power-ilma-ajamita\/\" \/>\n<meta property=\"og:site_name\" content=\"NavSystems\" \/>\n<meta property=\"article:publisher\" content=\"https:\/\/www.facebook.com\/NavSystems\" \/>\n<meta property=\"article:modified_time\" content=\"2026-04-14T18:44:35+00:00\" \/>\n<meta property=\"og:image\" content=\"https:\/\/raymarine.ee\/wp-content\/uploads\/2025\/01\/67708c8c-fd54-45ae-aa64-61307224f5e0.png\" \/>\n\t<meta property=\"og:image:width\" content=\"2000\" \/>\n\t<meta property=\"og:image:height\" content=\"2000\" \/>\n\t<meta property=\"og:image:type\" content=\"image\/png\" \/>\n<meta name=\"twitter:card\" content=\"summary_large_image\" \/>\n<meta name=\"twitter:label1\" content=\"Price\" \/>\n\t<meta name=\"twitter:data1\" content=\"3 486,00&nbsp;&euro;\" \/>\n\t<meta name=\"twitter:label2\" content=\"Availability\" \/>\n\t<meta name=\"twitter:data2\" content=\"In stock\" \/>\n<script type=\"application\/ld+json\" class=\"yoast-schema-graph\">{\"@context\":\"https:\\\/\\\/schema.org\",\"@graph\":[{\"@type\":\"WebPage\",\"@id\":\"https:\\\/\\\/raymarine.ee\\\/product\\\/ev-400-power-ilma-ajamita\\\/\",\"url\":\"https:\\\/\\\/raymarine.ee\\\/product\\\/ev-400-power-ilma-ajamita\\\/\",\"name\":\"Autopiloot: Raymarine ACU400 t\u00fc\u00fcp 2 ja t\u00fc\u00fcp 3 ajamitele 12 ja 24v - NavSystems\",\"isPartOf\":{\"@id\":\"https:\\\/\\\/raymarine.ee\\\/#website\"},\"primaryImageOfPage\":{\"@id\":\"https:\\\/\\\/raymarine.ee\\\/product\\\/ev-400-power-ilma-ajamita\\\/#primaryimage\"},\"image\":{\"@id\":\"https:\\\/\\\/raymarine.ee\\\/product\\\/ev-400-power-ilma-ajamita\\\/#primaryimage\"},\"thumbnailUrl\":\"https:\\\/\\\/raymarine.ee\\\/wp-content\\\/uploads\\\/2025\\\/01\\\/67708c8c-fd54-45ae-aa64-61307224f5e0.png\",\"datePublished\":\"2025-01-14T17:42:46+00:00\",\"dateModified\":\"2026-04-14T18:44:35+00:00\",\"description\":\"Kogege kindlat navigatsiooni Raymarine Autopilootiga! T\u00e4pne kontroll ja \u00fchenduvus. SeaTalk ng kaabeldus muudab paigalduse lihtsaks ja arusaadavaks.\",\"breadcrumb\":{\"@id\":\"https:\\\/\\\/raymarine.ee\\\/product\\\/ev-400-power-ilma-ajamita\\\/#breadcrumb\"},\"inLanguage\":\"en-GB\",\"potentialAction\":[{\"@type\":\"ReadAction\",\"target\":[\"https:\\\/\\\/raymarine.ee\\\/product\\\/ev-400-power-ilma-ajamita\\\/\"]}]},{\"@type\":\"ImageObject\",\"inLanguage\":\"en-GB\",\"@id\":\"https:\\\/\\\/raymarine.ee\\\/product\\\/ev-400-power-ilma-ajamita\\\/#primaryimage\",\"url\":\"https:\\\/\\\/raymarine.ee\\\/wp-content\\\/uploads\\\/2025\\\/01\\\/67708c8c-fd54-45ae-aa64-61307224f5e0.png\",\"contentUrl\":\"https:\\\/\\\/raymarine.ee\\\/wp-content\\\/uploads\\\/2025\\\/01\\\/67708c8c-fd54-45ae-aa64-61307224f5e0.png\",\"width\":2000,\"height\":2000,\"caption\":\"Autopiloot\"},{\"@type\":\"BreadcrumbList\",\"@id\":\"https:\\\/\\\/raymarine.ee\\\/product\\\/ev-400-power-ilma-ajamita\\\/#breadcrumb\",\"itemListElement\":[{\"@type\":\"ListItem\",\"position\":1,\"name\":\"Home\",\"item\":\"https:\\\/\\\/raymarine.ee\\\/\"},{\"@type\":\"ListItem\",\"position\":2,\"name\":\"Tooted\",\"item\":\"https:\\\/\\\/raymarine.ee\\\/shop\\\/\"},{\"@type\":\"ListItem\",\"position\":3,\"name\":\"Autopiloot EV-400 Power (ilma ajamita)\"}]},{\"@type\":\"WebSite\",\"@id\":\"https:\\\/\\\/raymarine.ee\\\/#website\",\"url\":\"https:\\\/\\\/raymarine.ee\\\/\",\"name\":\"www.raymarine.ee\",\"description\":\"Mereelektroonika, kaardiplotter, autopiloot, pinnipiloot, roolipiloot, radar, AIS, VHF, Smart Wind\",\"publisher\":{\"@id\":\"https:\\\/\\\/raymarine.ee\\\/#organization\"},\"alternateName\":\"Raymarine\",\"potentialAction\":[{\"@type\":\"SearchAction\",\"target\":{\"@type\":\"EntryPoint\",\"urlTemplate\":\"https:\\\/\\\/raymarine.ee\\\/?s={search_term_string}\"},\"query-input\":{\"@type\":\"PropertyValueSpecification\",\"valueRequired\":true,\"valueName\":\"search_term_string\"}}],\"inLanguage\":\"en-GB\"},{\"@type\":\"Organization\",\"@id\":\"https:\\\/\\\/raymarine.ee\\\/#organization\",\"name\":\"NavSystems O\u00dc\",\"url\":\"https:\\\/\\\/raymarine.ee\\\/\",\"logo\":{\"@type\":\"ImageObject\",\"inLanguage\":\"en-GB\",\"@id\":\"https:\\\/\\\/raymarine.ee\\\/#\\\/schema\\\/logo\\\/image\\\/\",\"url\":\"https:\\\/\\\/raymarine.ee\\\/wp-content\\\/uploads\\\/2024\\\/10\\\/Screenshot-2024-10-15-151324_bg_removed.webp\",\"contentUrl\":\"https:\\\/\\\/raymarine.ee\\\/wp-content\\\/uploads\\\/2024\\\/10\\\/Screenshot-2024-10-15-151324_bg_removed.webp\",\"width\":420,\"height\":276,\"caption\":\"NavSystems O\u00dc\"},\"image\":{\"@id\":\"https:\\\/\\\/raymarine.ee\\\/#\\\/schema\\\/logo\\\/image\\\/\"},\"sameAs\":[\"https:\\\/\\\/www.facebook.com\\\/NavSystems\"],\"legalName\":\"NavSystems O\u00dc\",\"foundingDate\":\"2011-05-03\",\"numberOfEmployees\":{\"@type\":\"QuantitativeValue\",\"minValue\":\"1\",\"maxValue\":\"10\"}}]}<\/script>\n<meta property=\"product:price:amount\" content=\"3486.00\" \/>\n<meta property=\"product:price:currency\" content=\"EUR\" \/>\n<meta property=\"og:availability\" content=\"instock\" \/>\n<meta property=\"product:availability\" content=\"instock\" \/>\n<meta property=\"product:retailer_item_id\" content=\"T70162\" \/>\n<meta property=\"product:condition\" content=\"new\" \/>\n<!-- \/ Yoast SEO Premium plugin. -->","yoast_head_json":{"title":"Autopiloot: Raymarine ACU400 t\u00fc\u00fcp 2 ja t\u00fc\u00fcp 3 ajamitele 12 ja 24v - NavSystems","description":"Kogege kindlat navigatsiooni Raymarine Autopilootiga! T\u00e4pne kontroll ja \u00fchenduvus. SeaTalk ng kaabeldus muudab paigalduse lihtsaks ja arusaadavaks.","robots":{"index":"index","follow":"follow","max-snippet":"max-snippet:-1","max-image-preview":"max-image-preview:large","max-video-preview":"max-video-preview:-1"},"canonical":"https:\/\/raymarine.ee\/en\/product\/ev-400-power-ilma-ajamita\/","og_locale":"en_GB","og_type":"article","og_title":"Autopiloot EV-400 Power (ilma ajamita)","og_description":"Kogege kindlat navigatsiooni Raymarine Autopilootiga! T\u00e4pne kontroll ja \u00fchenduvus. SeaTalk ng kaabeldus muudab paigalduse lihtsaks ja arusaadavaks.","og_url":"https:\/\/raymarine.ee\/en\/product\/ev-400-power-ilma-ajamita\/","og_site_name":"NavSystems","article_publisher":"https:\/\/www.facebook.com\/NavSystems","article_modified_time":"2026-04-14T18:44:35+00:00","og_image":[{"width":2000,"height":2000,"url":"https:\/\/raymarine.ee\/wp-content\/uploads\/2025\/01\/67708c8c-fd54-45ae-aa64-61307224f5e0.png","type":"image\/png"}],"twitter_card":"summary_large_image","twitter_misc":{"Price":"3 486,00&nbsp;&euro;","Availability":"In stock"},"schema":{"@context":"https:\/\/schema.org","@graph":[{"@type":"WebPage","@id":"https:\/\/raymarine.ee\/product\/ev-400-power-ilma-ajamita\/","url":"https:\/\/raymarine.ee\/product\/ev-400-power-ilma-ajamita\/","name":"Autopiloot: Raymarine ACU400 t\u00fc\u00fcp 2 ja t\u00fc\u00fcp 3 ajamitele 12 ja 24v - NavSystems","isPartOf":{"@id":"https:\/\/raymarine.ee\/#website"},"primaryImageOfPage":{"@id":"https:\/\/raymarine.ee\/product\/ev-400-power-ilma-ajamita\/#primaryimage"},"image":{"@id":"https:\/\/raymarine.ee\/product\/ev-400-power-ilma-ajamita\/#primaryimage"},"thumbnailUrl":"https:\/\/raymarine.ee\/wp-content\/uploads\/2025\/01\/67708c8c-fd54-45ae-aa64-61307224f5e0.png","datePublished":"2025-01-14T17:42:46+00:00","dateModified":"2026-04-14T18:44:35+00:00","description":"Kogege kindlat navigatsiooni Raymarine Autopilootiga! T\u00e4pne kontroll ja \u00fchenduvus. SeaTalk ng kaabeldus muudab paigalduse lihtsaks ja arusaadavaks.","breadcrumb":{"@id":"https:\/\/raymarine.ee\/product\/ev-400-power-ilma-ajamita\/#breadcrumb"},"inLanguage":"en-GB","potentialAction":[{"@type":"ReadAction","target":["https:\/\/raymarine.ee\/product\/ev-400-power-ilma-ajamita\/"]}]},{"@type":"ImageObject","inLanguage":"en-GB","@id":"https:\/\/raymarine.ee\/product\/ev-400-power-ilma-ajamita\/#primaryimage","url":"https:\/\/raymarine.ee\/wp-content\/uploads\/2025\/01\/67708c8c-fd54-45ae-aa64-61307224f5e0.png","contentUrl":"https:\/\/raymarine.ee\/wp-content\/uploads\/2025\/01\/67708c8c-fd54-45ae-aa64-61307224f5e0.png","width":2000,"height":2000,"caption":"Autopiloot"},{"@type":"BreadcrumbList","@id":"https:\/\/raymarine.ee\/product\/ev-400-power-ilma-ajamita\/#breadcrumb","itemListElement":[{"@type":"ListItem","position":1,"name":"Home","item":"https:\/\/raymarine.ee\/"},{"@type":"ListItem","position":2,"name":"Tooted","item":"https:\/\/raymarine.ee\/shop\/"},{"@type":"ListItem","position":3,"name":"Autopiloot EV-400 Power (ilma ajamita)"}]},{"@type":"WebSite","@id":"https:\/\/raymarine.ee\/#website","url":"https:\/\/raymarine.ee\/","name":"www.raymarine.ee","description":"Mereelektroonika, kaardiplotter, autopiloot, pinnipiloot, roolipiloot, radar, AIS, VHF, Smart Wind","publisher":{"@id":"https:\/\/raymarine.ee\/#organization"},"alternateName":"Raymarine","potentialAction":[{"@type":"SearchAction","target":{"@type":"EntryPoint","urlTemplate":"https:\/\/raymarine.ee\/?s={search_term_string}"},"query-input":{"@type":"PropertyValueSpecification","valueRequired":true,"valueName":"search_term_string"}}],"inLanguage":"en-GB"},{"@type":"Organization","@id":"https:\/\/raymarine.ee\/#organization","name":"NavSystems O\u00dc","url":"https:\/\/raymarine.ee\/","logo":{"@type":"ImageObject","inLanguage":"en-GB","@id":"https:\/\/raymarine.ee\/#\/schema\/logo\/image\/","url":"https:\/\/raymarine.ee\/wp-content\/uploads\/2024\/10\/Screenshot-2024-10-15-151324_bg_removed.webp","contentUrl":"https:\/\/raymarine.ee\/wp-content\/uploads\/2024\/10\/Screenshot-2024-10-15-151324_bg_removed.webp","width":420,"height":276,"caption":"NavSystems O\u00dc"},"image":{"@id":"https:\/\/raymarine.ee\/#\/schema\/logo\/image\/"},"sameAs":["https:\/\/www.facebook.com\/NavSystems"],"legalName":"NavSystems O\u00dc","foundingDate":"2011-05-03","numberOfEmployees":{"@type":"QuantitativeValue","minValue":"1","maxValue":"10"}}]},"product_price_amount":"3486.00","product_price_currency":"EUR","og_availability":"instock","product_availability":"instock","product_retailer_item_id":"T70162","product_condition":"new"},"jetpack_sharing_enabled":true,"_links":{"self":[{"href":"https:\/\/raymarine.ee\/en\/wp-json\/wp\/v2\/product\/6405","targetHints":{"allow":["GET"]}}],"collection":[{"href":"https:\/\/raymarine.ee\/en\/wp-json\/wp\/v2\/product"}],"about":[{"href":"https:\/\/raymarine.ee\/en\/wp-json\/wp\/v2\/types\/product"}],"wp:featuredmedia":[{"embeddable":true,"href":"https:\/\/raymarine.ee\/en\/wp-json\/wp\/v2\/media\/9283"}],"wp:attachment":[{"href":"https:\/\/raymarine.ee\/en\/wp-json\/wp\/v2\/media?parent=6405"}],"wp:term":[{"taxonomy":"product_brand","embeddable":true,"href":"https:\/\/raymarine.ee\/en\/wp-json\/wp\/v2\/product_brand?post=6405"},{"taxonomy":"product_cat","embeddable":true,"href":"https:\/\/raymarine.ee\/en\/wp-json\/wp\/v2\/product_cat?post=6405"},{"taxonomy":"product_tag","embeddable":true,"href":"https:\/\/raymarine.ee\/en\/wp-json\/wp\/v2\/product_tag?post=6405"}],"curies":[{"name":"wp","href":"https:\/\/api.w.org\/{rel}","templated":true}]}}