{"id":6406,"date":"2025-01-14T17:43:49","date_gmt":"2025-01-14T17:43:49","guid":{"rendered":"https:\/\/raymarine.ee\/?post_type=product&#038;p=6406"},"modified":"2026-04-12T15:40:02","modified_gmt":"2026-04-12T12:40:02","slug":"ev-300-solenoid","status":"publish","type":"product","link":"https:\/\/raymarine.ee\/en\/product\/ev-300-solenoid\/","title":{"rendered":"Autopiloot EV-300 Solenoid"},"content":{"rendered":"<p>Vaata\u00a0<a href=\"http:\/\/www.raymarine.com\/autopilot.html\" target=\"_blank\" rel=\"noopener\">Raymarine autopilootide<\/a>\u00a0tootetutvustust.<\/p>\n<div class=\"col-sm-8\">\n<p data-start=\"55\" data-end=\"121\"><strong data-start=\"55\" data-end=\"121\">Raymarine EV1 Sensor Core ja Evolution Autopiloodi Komponendid<\/strong><\/p>\n<p data-start=\"123\" data-end=\"142\"><strong data-start=\"123\" data-end=\"142\">EV1 Sensor Core<\/strong><\/p>\n<p data-start=\"144\" data-end=\"418\">EV-1 on loodud Evolution mehhaanilistele ja h\u00fcdraulilistele autopilooti s\u00fcsteemidele. SeaTalkng v\u00f5rgu\u00fchendus v\u00f5imaldab \u00fche kaabli\u00fchenduse kaudu toite ja andmete edastamist Evolution ACU (t\u00e4iturmehhanismi juhtimisseade) ja laiendatud SeaTalkng ning NMEA2000 v\u00f5rgustike vahel.<\/p>\n<p data-start=\"420\" data-end=\"431\"><strong data-start=\"420\" data-end=\"431\">ACU-300<\/strong><\/p>\n<p data-start=\"433\" data-end=\"640\">Vastupidav ACU (t\u00e4iturmehhanismi juhtimisseade) tagab usaldusv\u00e4\u00e4rse autopiloodi t\u00f6\u00f6v\u00f5ime ning varustab SeaTalkng bussi toiteallikaga. See seade \u00fchendub lihtsalt teiste s\u00fcsteemidega ja pakub t\u00e4pset juhtimist.<\/p>\n<p data-start=\"642\" data-end=\"692\"><strong data-start=\"642\" data-end=\"692\">p70R \/ p70Rs Autopiloodi Juhtimisseade (Power)<\/strong><\/p>\n<p data-start=\"694\" data-end=\"1007\">p70R \/ p70Rs autopiloodi juhtimisseade on loodud s\u00f5idukitele, millel on nupud ja p\u00f6\u00f6ratav juhtimisnupp. T\u00e4iustatud LED-taustvalgustus pakub madalat energiatarbimist ja elavat v\u00e4rvi ning kontrasti. Laialdased horisontaalsed ja vertikaalsed vaatenurgad tagavad, et ekraani saab selgelt vaadata ka \u00e4gedates nurkades.<\/p>\n<p data-start=\"1009\" data-end=\"1160\">p70R \/ p70Rs juhtimisseade sisaldab LightHouse kasutajaliidest ja alustamisviisardi funktsiooni, mis aitab kiiresti ja lihtsalt seadistada autopiloodi.<\/p>\n<p data-start=\"1162\" data-end=\"1202\"><strong data-start=\"1162\" data-end=\"1202\">Evolution Kaabelduskomplekt &#8211; R70160<\/strong><\/p>\n<p data-start=\"1204\" data-end=\"1251\">Evolution SeaTalkng kaabelduskomplekt sisaldab:<\/p>\n<ul data-start=\"1253\" data-end=\"1456\">\n<li data-start=\"1253\" data-end=\"1287\">\n<p data-start=\"1255\" data-end=\"1287\">1 x SeaTalkng Power Cable (0,4m)<\/p>\n<\/li>\n<li data-start=\"1288\" data-end=\"1323\">\n<p data-start=\"1290\" data-end=\"1323\">1 x SeaTalkng Backbone Cable (5m)<\/p>\n<\/li>\n<li data-start=\"1324\" data-end=\"1357\">\n<p data-start=\"1326\" data-end=\"1357\">1 x SeaTalkng Spur Cable (0,4m)<\/p>\n<\/li>\n<li data-start=\"1358\" data-end=\"1395\">\n<p data-start=\"1360\" data-end=\"1395\">1 x SeaTalkng 5-way Connector Block<\/p>\n<\/li>\n<li data-start=\"1396\" data-end=\"1429\">\n<p data-start=\"1398\" data-end=\"1429\">2 x SeaTalkng T-piece Connector<\/p>\n<\/li>\n<li data-start=\"1430\" data-end=\"1456\">\n<p data-start=\"1432\" data-end=\"1456\">2 x SeaTalkng Terminator<\/p>\n<\/li>\n<\/ul>\n<\/div>","protected":false},"excerpt":{"rendered":"<p>EV-300 Solenoid autopiloot koos p70Rs juhtseadmega on m\u00f5eldud mootorpaatidele kus kasutatakse roolisilindri juhtimiseks solenoid klappe. Komplekti kuulub p70Rs juhtimisseade, EV-1 kursikompuuter ja ACU-300 autopiloodi solenoidide juhtimisseade. Evolution seeria kursikompuutritel EV-1 ja EV-2 on \u00fcheksateljeline sensor koos AST funktsiooniga. Evolution autopiloodid toimivad ka ilma roolinurga andurita aga v\u00f5imaluse korral soovitame selle siiski lisada.<\/p>","protected":false},"featured_media":9284,"template":"","meta":{"_acf_changed":false},"product_brand":[134],"product_cat":[52,103,63],"product_tag":[],"class_list":{"0":"post-6406","1":"product","2":"type-product","3":"status-publish","4":"has-post-thumbnail","6":"product_brand-raymarine","7":"product_cat-autopiloot-autopiloodid","8":"product_cat-raymarine","9":"product_cat-systeemipiloodid","11":"first","12":"instock","13":"sale","14":"taxable","15":"shipping-taxable","16":"purchasable","17":"product-type-simple"},"acf":[],"yoast_head":"<!-- This site is optimized with the Yoast SEO Premium plugin v27.5 (Yoast SEO v27.5) - https:\/\/yoast.com\/product\/yoast-seo-premium-wordpress\/ -->\n<title>Autopiloot: Raymarine Evolution System Components - NavSystems<\/title>\n<meta name=\"description\" content=\"Kasutage Raymarine autopilooti ja nautige kindlat juhtimist. Evolution autopiloot ja ACU-300 annab teile usaldusv\u00e4\u00e4rse lahenduse solenoid s\u00fcsteemis!\" \/>\n<meta name=\"robots\" content=\"index, follow, max-snippet:-1, max-image-preview:large, max-video-preview:-1\" \/>\n<link rel=\"canonical\" href=\"https:\/\/raymarine.ee\/en\/product\/ev-300-solenoid\/\" \/>\n<meta property=\"og:locale\" content=\"en_GB\" \/>\n<meta property=\"og:type\" content=\"article\" \/>\n<meta property=\"og:title\" content=\"Autopiloot EV-300 Solenoid\" \/>\n<meta property=\"og:description\" content=\"Kasutage Raymarine autopilooti ja nautige kindlat juhtimist. Evolution autopiloot ja ACU-300 annab teile usaldusv\u00e4\u00e4rse lahenduse solenoid s\u00fcsteemis!\" \/>\n<meta property=\"og:url\" content=\"https:\/\/raymarine.ee\/en\/product\/ev-300-solenoid\/\" \/>\n<meta property=\"og:site_name\" content=\"NavSystems\" \/>\n<meta property=\"article:publisher\" content=\"https:\/\/www.facebook.com\/NavSystems\" \/>\n<meta property=\"article:modified_time\" content=\"2026-04-12T12:40:02+00:00\" \/>\n<meta property=\"og:image\" content=\"https:\/\/raymarine.ee\/wp-content\/uploads\/2025\/01\/45b001eb-1961-4ae7-a56b-82c4bb8447dd.png\" \/>\n\t<meta property=\"og:image:width\" content=\"2000\" \/>\n\t<meta property=\"og:image:height\" content=\"2000\" \/>\n\t<meta property=\"og:image:type\" content=\"image\/png\" \/>\n<meta name=\"twitter:card\" content=\"summary_large_image\" \/>\n<meta name=\"twitter:label1\" content=\"Price\" \/>\n\t<meta name=\"twitter:data1\" content=\"3 308,00&nbsp;&euro;\" \/>\n\t<meta name=\"twitter:label2\" content=\"Availability\" \/>\n\t<meta name=\"twitter:data2\" content=\"In stock\" \/>\n<script type=\"application\/ld+json\" class=\"yoast-schema-graph\">{\"@context\":\"https:\\\/\\\/schema.org\",\"@graph\":[{\"@type\":\"WebPage\",\"@id\":\"https:\\\/\\\/raymarine.ee\\\/product\\\/ev-300-solenoid\\\/\",\"url\":\"https:\\\/\\\/raymarine.ee\\\/product\\\/ev-300-solenoid\\\/\",\"name\":\"Autopiloot: Raymarine Evolution System Components - NavSystems\",\"isPartOf\":{\"@id\":\"https:\\\/\\\/raymarine.ee\\\/#website\"},\"primaryImageOfPage\":{\"@id\":\"https:\\\/\\\/raymarine.ee\\\/product\\\/ev-300-solenoid\\\/#primaryimage\"},\"image\":{\"@id\":\"https:\\\/\\\/raymarine.ee\\\/product\\\/ev-300-solenoid\\\/#primaryimage\"},\"thumbnailUrl\":\"https:\\\/\\\/raymarine.ee\\\/wp-content\\\/uploads\\\/2025\\\/01\\\/45b001eb-1961-4ae7-a56b-82c4bb8447dd.png\",\"datePublished\":\"2025-01-14T17:43:49+00:00\",\"dateModified\":\"2026-04-12T12:40:02+00:00\",\"description\":\"Kasutage Raymarine autopilooti ja nautige kindlat juhtimist. Evolution autopiloot ja ACU-300 annab teile usaldusv\u00e4\u00e4rse lahenduse solenoid s\u00fcsteemis!\",\"breadcrumb\":{\"@id\":\"https:\\\/\\\/raymarine.ee\\\/product\\\/ev-300-solenoid\\\/#breadcrumb\"},\"inLanguage\":\"en-GB\",\"potentialAction\":[{\"@type\":\"ReadAction\",\"target\":[\"https:\\\/\\\/raymarine.ee\\\/product\\\/ev-300-solenoid\\\/\"]}]},{\"@type\":\"ImageObject\",\"inLanguage\":\"en-GB\",\"@id\":\"https:\\\/\\\/raymarine.ee\\\/product\\\/ev-300-solenoid\\\/#primaryimage\",\"url\":\"https:\\\/\\\/raymarine.ee\\\/wp-content\\\/uploads\\\/2025\\\/01\\\/45b001eb-1961-4ae7-a56b-82c4bb8447dd.png\",\"contentUrl\":\"https:\\\/\\\/raymarine.ee\\\/wp-content\\\/uploads\\\/2025\\\/01\\\/45b001eb-1961-4ae7-a56b-82c4bb8447dd.png\",\"width\":2000,\"height\":2000,\"caption\":\"ev-300-solenoid-autopiloot\"},{\"@type\":\"BreadcrumbList\",\"@id\":\"https:\\\/\\\/raymarine.ee\\\/product\\\/ev-300-solenoid\\\/#breadcrumb\",\"itemListElement\":[{\"@type\":\"ListItem\",\"position\":1,\"name\":\"Home\",\"item\":\"https:\\\/\\\/raymarine.ee\\\/\"},{\"@type\":\"ListItem\",\"position\":2,\"name\":\"Tooted\",\"item\":\"https:\\\/\\\/raymarine.ee\\\/shop\\\/\"},{\"@type\":\"ListItem\",\"position\":3,\"name\":\"Autopiloot EV-300 Solenoid\"}]},{\"@type\":\"WebSite\",\"@id\":\"https:\\\/\\\/raymarine.ee\\\/#website\",\"url\":\"https:\\\/\\\/raymarine.ee\\\/\",\"name\":\"www.raymarine.ee\",\"description\":\"Mereelektroonika, kaardiplotter, autopiloot, pinnipiloot, roolipiloot, radar, AIS, VHF, Smart Wind\",\"publisher\":{\"@id\":\"https:\\\/\\\/raymarine.ee\\\/#organization\"},\"alternateName\":\"Raymarine\",\"potentialAction\":[{\"@type\":\"SearchAction\",\"target\":{\"@type\":\"EntryPoint\",\"urlTemplate\":\"https:\\\/\\\/raymarine.ee\\\/?s={search_term_string}\"},\"query-input\":{\"@type\":\"PropertyValueSpecification\",\"valueRequired\":true,\"valueName\":\"search_term_string\"}}],\"inLanguage\":\"en-GB\"},{\"@type\":\"Organization\",\"@id\":\"https:\\\/\\\/raymarine.ee\\\/#organization\",\"name\":\"NavSystems O\u00dc\",\"url\":\"https:\\\/\\\/raymarine.ee\\\/\",\"logo\":{\"@type\":\"ImageObject\",\"inLanguage\":\"en-GB\",\"@id\":\"https:\\\/\\\/raymarine.ee\\\/#\\\/schema\\\/logo\\\/image\\\/\",\"url\":\"https:\\\/\\\/raymarine.ee\\\/wp-content\\\/uploads\\\/2024\\\/10\\\/Screenshot-2024-10-15-151324_bg_removed.webp\",\"contentUrl\":\"https:\\\/\\\/raymarine.ee\\\/wp-content\\\/uploads\\\/2024\\\/10\\\/Screenshot-2024-10-15-151324_bg_removed.webp\",\"width\":420,\"height\":276,\"caption\":\"NavSystems O\u00dc\"},\"image\":{\"@id\":\"https:\\\/\\\/raymarine.ee\\\/#\\\/schema\\\/logo\\\/image\\\/\"},\"sameAs\":[\"https:\\\/\\\/www.facebook.com\\\/NavSystems\"],\"legalName\":\"NavSystems O\u00dc\",\"foundingDate\":\"2011-05-03\",\"numberOfEmployees\":{\"@type\":\"QuantitativeValue\",\"minValue\":\"1\",\"maxValue\":\"10\"}}]}<\/script>\n<meta property=\"product:price:amount\" content=\"3308.00\" \/>\n<meta property=\"product:price:currency\" content=\"EUR\" \/>\n<meta property=\"og:availability\" content=\"instock\" \/>\n<meta property=\"product:availability\" content=\"instock\" \/>\n<meta property=\"product:retailer_item_id\" content=\"T70160\" \/>\n<meta property=\"product:condition\" content=\"new\" \/>\n<!-- \/ Yoast SEO Premium plugin. -->","yoast_head_json":{"title":"Autopiloot: Raymarine Evolution System Components - NavSystems","description":"Kasutage Raymarine autopilooti ja nautige kindlat juhtimist. Evolution autopiloot ja ACU-300 annab teile usaldusv\u00e4\u00e4rse lahenduse solenoid s\u00fcsteemis!","robots":{"index":"index","follow":"follow","max-snippet":"max-snippet:-1","max-image-preview":"max-image-preview:large","max-video-preview":"max-video-preview:-1"},"canonical":"https:\/\/raymarine.ee\/en\/product\/ev-300-solenoid\/","og_locale":"en_GB","og_type":"article","og_title":"Autopiloot EV-300 Solenoid","og_description":"Kasutage Raymarine autopilooti ja nautige kindlat juhtimist. Evolution autopiloot ja ACU-300 annab teile usaldusv\u00e4\u00e4rse lahenduse solenoid s\u00fcsteemis!","og_url":"https:\/\/raymarine.ee\/en\/product\/ev-300-solenoid\/","og_site_name":"NavSystems","article_publisher":"https:\/\/www.facebook.com\/NavSystems","article_modified_time":"2026-04-12T12:40:02+00:00","og_image":[{"width":2000,"height":2000,"url":"https:\/\/raymarine.ee\/wp-content\/uploads\/2025\/01\/45b001eb-1961-4ae7-a56b-82c4bb8447dd.png","type":"image\/png"}],"twitter_card":"summary_large_image","twitter_misc":{"Price":"3 308,00&nbsp;&euro;","Availability":"In stock"},"schema":{"@context":"https:\/\/schema.org","@graph":[{"@type":"WebPage","@id":"https:\/\/raymarine.ee\/product\/ev-300-solenoid\/","url":"https:\/\/raymarine.ee\/product\/ev-300-solenoid\/","name":"Autopiloot: Raymarine Evolution System Components - NavSystems","isPartOf":{"@id":"https:\/\/raymarine.ee\/#website"},"primaryImageOfPage":{"@id":"https:\/\/raymarine.ee\/product\/ev-300-solenoid\/#primaryimage"},"image":{"@id":"https:\/\/raymarine.ee\/product\/ev-300-solenoid\/#primaryimage"},"thumbnailUrl":"https:\/\/raymarine.ee\/wp-content\/uploads\/2025\/01\/45b001eb-1961-4ae7-a56b-82c4bb8447dd.png","datePublished":"2025-01-14T17:43:49+00:00","dateModified":"2026-04-12T12:40:02+00:00","description":"Kasutage Raymarine autopilooti ja nautige kindlat juhtimist. Evolution autopiloot ja ACU-300 annab teile usaldusv\u00e4\u00e4rse lahenduse solenoid s\u00fcsteemis!","breadcrumb":{"@id":"https:\/\/raymarine.ee\/product\/ev-300-solenoid\/#breadcrumb"},"inLanguage":"en-GB","potentialAction":[{"@type":"ReadAction","target":["https:\/\/raymarine.ee\/product\/ev-300-solenoid\/"]}]},{"@type":"ImageObject","inLanguage":"en-GB","@id":"https:\/\/raymarine.ee\/product\/ev-300-solenoid\/#primaryimage","url":"https:\/\/raymarine.ee\/wp-content\/uploads\/2025\/01\/45b001eb-1961-4ae7-a56b-82c4bb8447dd.png","contentUrl":"https:\/\/raymarine.ee\/wp-content\/uploads\/2025\/01\/45b001eb-1961-4ae7-a56b-82c4bb8447dd.png","width":2000,"height":2000,"caption":"ev-300-solenoid-autopiloot"},{"@type":"BreadcrumbList","@id":"https:\/\/raymarine.ee\/product\/ev-300-solenoid\/#breadcrumb","itemListElement":[{"@type":"ListItem","position":1,"name":"Home","item":"https:\/\/raymarine.ee\/"},{"@type":"ListItem","position":2,"name":"Tooted","item":"https:\/\/raymarine.ee\/shop\/"},{"@type":"ListItem","position":3,"name":"Autopiloot EV-300 Solenoid"}]},{"@type":"WebSite","@id":"https:\/\/raymarine.ee\/#website","url":"https:\/\/raymarine.ee\/","name":"www.raymarine.ee","description":"Mereelektroonika, kaardiplotter, autopiloot, pinnipiloot, roolipiloot, radar, AIS, VHF, Smart Wind","publisher":{"@id":"https:\/\/raymarine.ee\/#organization"},"alternateName":"Raymarine","potentialAction":[{"@type":"SearchAction","target":{"@type":"EntryPoint","urlTemplate":"https:\/\/raymarine.ee\/?s={search_term_string}"},"query-input":{"@type":"PropertyValueSpecification","valueRequired":true,"valueName":"search_term_string"}}],"inLanguage":"en-GB"},{"@type":"Organization","@id":"https:\/\/raymarine.ee\/#organization","name":"NavSystems O\u00dc","url":"https:\/\/raymarine.ee\/","logo":{"@type":"ImageObject","inLanguage":"en-GB","@id":"https:\/\/raymarine.ee\/#\/schema\/logo\/image\/","url":"https:\/\/raymarine.ee\/wp-content\/uploads\/2024\/10\/Screenshot-2024-10-15-151324_bg_removed.webp","contentUrl":"https:\/\/raymarine.ee\/wp-content\/uploads\/2024\/10\/Screenshot-2024-10-15-151324_bg_removed.webp","width":420,"height":276,"caption":"NavSystems O\u00dc"},"image":{"@id":"https:\/\/raymarine.ee\/#\/schema\/logo\/image\/"},"sameAs":["https:\/\/www.facebook.com\/NavSystems"],"legalName":"NavSystems O\u00dc","foundingDate":"2011-05-03","numberOfEmployees":{"@type":"QuantitativeValue","minValue":"1","maxValue":"10"}}]},"product_price_amount":"3308.00","product_price_currency":"EUR","og_availability":"instock","product_availability":"instock","product_retailer_item_id":"T70160","product_condition":"new"},"jetpack_sharing_enabled":true,"_links":{"self":[{"href":"https:\/\/raymarine.ee\/en\/wp-json\/wp\/v2\/product\/6406","targetHints":{"allow":["GET"]}}],"collection":[{"href":"https:\/\/raymarine.ee\/en\/wp-json\/wp\/v2\/product"}],"about":[{"href":"https:\/\/raymarine.ee\/en\/wp-json\/wp\/v2\/types\/product"}],"wp:featuredmedia":[{"embeddable":true,"href":"https:\/\/raymarine.ee\/en\/wp-json\/wp\/v2\/media\/9284"}],"wp:attachment":[{"href":"https:\/\/raymarine.ee\/en\/wp-json\/wp\/v2\/media?parent=6406"}],"wp:term":[{"taxonomy":"product_brand","embeddable":true,"href":"https:\/\/raymarine.ee\/en\/wp-json\/wp\/v2\/product_brand?post=6406"},{"taxonomy":"product_cat","embeddable":true,"href":"https:\/\/raymarine.ee\/en\/wp-json\/wp\/v2\/product_cat?post=6406"},{"taxonomy":"product_tag","embeddable":true,"href":"https:\/\/raymarine.ee\/en\/wp-json\/wp\/v2\/product_tag?post=6406"}],"curies":[{"name":"wp","href":"https:\/\/api.w.org\/{rel}","templated":true}]}}