{"id":6407,"date":"2025-01-14T17:38:01","date_gmt":"2025-01-14T17:38:01","guid":{"rendered":"https:\/\/raymarine.ee\/?post_type=product&#038;p=6407"},"modified":"2026-04-25T11:23:46","modified_gmt":"2026-04-25T08:23:46","slug":"the-ev1-sensor-core","status":"publish","type":"product","link":"https:\/\/raymarine.ee\/en\/product\/the-ev1-sensor-core\/","title":{"rendered":"The EV1 Sensor Core"},"content":{"rendered":"<p data-start=\"55\" data-end=\"112\"><strong data-start=\"55\" data-end=\"112\">EV-1 Sensor Core ja Evolution Autopiloodi Komponendid<\/strong><\/p>\n<p data-start=\"114\" data-end=\"367\">EV-1 autopiloodid koosnevad juhtseadmest, EV-1 sensorist, autopiloodi juhtimisseadmest (ACU) ja liikumisseadmest. Liikumisseade (mehaaniline\/h\u00fcdrauliline v\u00f5i kokpitis paigaldatav) ja sobiv ACU s\u00f5ltuvad teie laeva juhtimiss\u00fcsteemist ja laeva kergsaatest.<\/p>\n<p data-start=\"369\" data-end=\"654\">Iga Evolution s\u00fcsteemi s\u00fcdames on intelligentne EV sensor core, 9-teljeline sensor, mis j\u00e4lgib laeva liikumist k\u00f5ikides kolmes dimensioonis. Uuenduslik EV sensor core \u00fchendab t\u00e4iustatud tahke riistvara sensorid ja Evolution autopiloodi protsessori \u00fches lihtsas paigaldatavast korpuses.<\/p>\n<p data-start=\"656\" data-end=\"822\">Paigaldage EV sensor core kohaselt \u00fcle v\u00f5i all tekki, sest vastupidav korpus on t\u00e4ielikult suletud ja vastab IPX6 ja IPX7 veekindluse ja allveekindluse standarditele.<\/p>\n<p data-start=\"824\" data-end=\"848\"><strong data-start=\"824\" data-end=\"848\">Cruising Performance<\/strong><\/p>\n<p data-start=\"850\" data-end=\"942\">Suurep\u00e4rane kurssi hoidmine ja teravad p\u00f6\u00f6rded k\u00f5igis tingimustes &#8211; Raymarine kapteni valik.<\/p>\n<p data-start=\"944\" data-end=\"967\"><strong data-start=\"944\" data-end=\"967\">Leisure Performance<\/strong><\/p>\n<p data-start=\"969\" data-end=\"1052\">L\u00f5\u00f5gastav paadindus, kui p\u00e4ikese nautimine on meeldivam kui t\u00e4psete kursi hoidmine.<\/p>\n<h3 data-start=\"1054\" data-end=\"1081\">EV Sensor Core eelised:<\/h3>\n<ul data-start=\"1083\" data-end=\"1693\">\n<li data-start=\"1083\" data-end=\"1226\">\n<p data-start=\"1085\" data-end=\"1226\">T\u00e4psus pea, kallutuse, rulli ja keeramise j\u00e4lgimine, v\u00f5imaldades autopiloodil kohaneda, kui mereolud ja laeva d\u00fcnaamiline k\u00e4itumine muutuvad.<\/p>\n<\/li>\n<li data-start=\"1227\" data-end=\"1290\">\n<p data-start=\"1229\" data-end=\"1290\">Paindlikud paigaldusv\u00f5imalused. Paigaldage \u00fcle v\u00f5i all tekki.<\/p>\n<\/li>\n<li data-start=\"1291\" data-end=\"1339\">\n<p data-start=\"1293\" data-end=\"1339\">Lihtne SeaTalkng \u00fchendus juhtseadme ja ACU-ga.<\/p>\n<\/li>\n<li data-start=\"1340\" data-end=\"1443\">\n<p data-start=\"1342\" data-end=\"1443\">Tahke riistvara sensorite tehnoloogia tagab d\u00fcnaamilise t\u00e4psuse 2 kraadi ulatuses k\u00f5igis tingimustes.<\/p>\n<\/li>\n<li data-start=\"1444\" data-end=\"1548\">\n<p data-start=\"1446\" data-end=\"1548\">Automaatne kompensatsioon laevanduse magnetv\u00e4ljadele ning usaldusv\u00e4\u00e4rne suuna t\u00e4psus p\u00f5hjas ja l\u00f5unas.<\/p>\n<\/li>\n<li data-start=\"1549\" data-end=\"1693\">\n<p data-start=\"1551\" data-end=\"1693\">Kiire ja usaldusv\u00e4\u00e4rne suunaandmete edastamine MARPA, radari kihistamise ja suuna re\u017eiimide jaoks Raymarine multifunktsionaalsetes ekraanides.<\/p>\n<\/li>\n<\/ul>\n<div class=\"col-sm-6 padding100\">\n<p data-start=\"1715\" data-end=\"2064\"><strong>Juhendid:<\/strong><\/p>\n<p data-start=\"1715\" data-end=\"2064\">Lae alla EV1 ja ACU <a href=\"https:\/\/raymarine.ee\/wp-content\/uploads\/2026\/04\/Evolution-EV-1-and-ACU-Installation-instructions-87180-Rev-7-EN.pdf\" target=\"_blank\" rel=\"noopener\">paigaldusjuhend<\/a><\/p>\n<p>Lae alla <a href=\"https:\/\/raymarine.ee\/wp-content\/uploads\/2026\/04\/SeaTalkng-Reference-manual-81300-1-EN-1.pdf\" target=\"_blank\" rel=\"noopener\" data-wpel-link=\"internal\">STNG v\u00f5rgu \u00fcldine juhend<\/a><\/p>\n<p data-start=\"1715\" data-end=\"2064\">p70 ja p70Rs kaudu Evolution piloodi <a href=\"https:\/\/raymarine.ee\/wp-content\/uploads\/2026\/04\/p70-p70s-p70R-p70Rs-Pilot-Controller-Commissioning-Operation-instructions-81402-Rev-6-EN.pdf\" target=\"_blank\" rel=\"noopener\">seadistamis- ja kasutamisjuhend<\/a><\/p>\n<p>p70 ja p70Rs kaudu Evolution piloodi <a href=\"https:\/\/raymarine.ee\/wp-content\/uploads\/2026\/04\/p70-p70s-p70R-p70Rs-Pilot-Controller-Commissioning-Operation-instructions-81402-Rev-6-EN.pdf\" target=\"_blank\" rel=\"noopener\">seadistamis- ja kasutamisjuhend<\/a><\/p>\n<p><a title=\"Find out more about the Evolution autopilot\" href=\"https:\/\/www.raymarine.eu\/autopilot\/\" target=\"_blank\" rel=\"noopener\">Find out more about the Evolution autopilot<\/a><\/p>\n<\/div>","protected":false},"excerpt":{"rendered":"<p>\u00dcheksateljeline EV1 sensor on Evolution autopiloodi aju. EV sensor m\u00f5\u00f5dab ja tunnetab laeva liikumist kolmem\u00f5\u00f5tmeliselt. EV1 sensoril on STNG liides lihtsaks integreerimiseks Raymarine STNG v\u00f5rguga. Lihtne korpus v\u00f5imaldab sensorit paigaldada nii sisse kui v\u00e4lja. EV1 vastab IPX6 and IPX7 standarditele. Paigaldamisel j\u00e4lgi, et sensori peal olev roheline nool vaataks s\u00f5idu suunas. Paigaldamisel tuleb silmas pidada, et sensor oleks eemal kaablitest ja metallesemetest t\u00e4pselt samamoodi nagu enne fluxgate kompassi puhul. Tutvu kindlasti ka selle toote\u00a0juhenditega\u00a0ja k\u00fcsimuste korral pea n\u00f5u meie spetsialistiga.<\/p>","protected":false},"featured_media":7672,"template":"","meta":{"_acf_changed":false},"product_brand":[],"product_cat":[67,52,103,83,63],"product_tag":[],"class_list":{"0":"post-6407","1":"product","2":"type-product","3":"status-publish","4":"has-post-thumbnail","6":"product_cat-kontrollerid","7":"product_cat-autopiloot-autopiloodid","8":"product_cat-raymarine","9":"product_cat-stng_tarvikud","10":"product_cat-systeemipiloodid","12":"first","13":"instock","14":"sale","15":"taxable","16":"shipping-taxable","17":"purchasable","18":"product-type-simple"},"acf":[],"yoast_head":"<!-- This site is optimized with the Yoast SEO Premium plugin v27.5 (Yoast SEO v27.5) - https:\/\/yoast.com\/product\/yoast-seo-premium-wordpress\/ -->\n<title>EV1 - Kvaliteetsed autopiloodi komponendid sinu laeva - NavSystems<\/title>\n<meta name=\"description\" content=\"Kogege t\u00e4pset navigeerimist EV1 autopiloodiga mis sisaldab intelligentset 9-sensorilist tuuma. EV1, p70s ja ACU garanteerivad kindla kontrolli.\" \/>\n<meta name=\"robots\" content=\"index, follow, max-snippet:-1, max-image-preview:large, max-video-preview:-1\" \/>\n<link rel=\"canonical\" href=\"https:\/\/raymarine.ee\/en\/product\/the-ev1-sensor-core\/\" \/>\n<meta property=\"og:locale\" content=\"en_GB\" \/>\n<meta property=\"og:type\" content=\"article\" \/>\n<meta property=\"og:title\" content=\"The EV1 Sensor Core\" \/>\n<meta property=\"og:description\" content=\"Kogege t\u00e4pset navigeerimist EV1 autopiloodiga mis sisaldab intelligentset 9-sensorilist tuuma. EV1, p70s ja ACU garanteerivad kindla kontrolli.\" \/>\n<meta property=\"og:url\" content=\"https:\/\/raymarine.ee\/en\/product\/the-ev1-sensor-core\/\" \/>\n<meta property=\"og:site_name\" content=\"NavSystems\" \/>\n<meta property=\"article:publisher\" content=\"https:\/\/www.facebook.com\/NavSystems\" \/>\n<meta property=\"article:modified_time\" content=\"2026-04-25T08:23:46+00:00\" \/>\n<meta property=\"og:image\" content=\"https:\/\/raymarine.ee\/wp-content\/uploads\/2025\/01\/c6deb13e-c5e0-4ee6-bcdb-c15048052ea7.webp\" \/>\n\t<meta property=\"og:image:width\" content=\"1024\" \/>\n\t<meta property=\"og:image:height\" content=\"1024\" \/>\n\t<meta property=\"og:image:type\" content=\"image\/webp\" \/>\n<meta name=\"twitter:card\" content=\"summary_large_image\" \/>\n<meta name=\"twitter:label1\" content=\"Price\" \/>\n\t<meta name=\"twitter:data1\" content=\"1 095,00&nbsp;&euro;\" \/>\n\t<meta name=\"twitter:label2\" content=\"Availability\" \/>\n\t<meta name=\"twitter:data2\" content=\"In stock\" \/>\n<script type=\"application\/ld+json\" class=\"yoast-schema-graph\">{\"@context\":\"https:\\\/\\\/schema.org\",\"@graph\":[{\"@type\":\"WebPage\",\"@id\":\"https:\\\/\\\/raymarine.ee\\\/product\\\/the-ev1-sensor-core\\\/\",\"url\":\"https:\\\/\\\/raymarine.ee\\\/product\\\/the-ev1-sensor-core\\\/\",\"name\":\"EV1 - Kvaliteetsed autopiloodi komponendid sinu laeva - NavSystems\",\"isPartOf\":{\"@id\":\"https:\\\/\\\/raymarine.ee\\\/#website\"},\"primaryImageOfPage\":{\"@id\":\"https:\\\/\\\/raymarine.ee\\\/product\\\/the-ev1-sensor-core\\\/#primaryimage\"},\"image\":{\"@id\":\"https:\\\/\\\/raymarine.ee\\\/product\\\/the-ev1-sensor-core\\\/#primaryimage\"},\"thumbnailUrl\":\"https:\\\/\\\/raymarine.ee\\\/wp-content\\\/uploads\\\/2025\\\/01\\\/c6deb13e-c5e0-4ee6-bcdb-c15048052ea7.webp\",\"datePublished\":\"2025-01-14T17:38:01+00:00\",\"dateModified\":\"2026-04-25T08:23:46+00:00\",\"description\":\"Kogege t\u00e4pset navigeerimist EV1 autopiloodiga mis sisaldab intelligentset 9-sensorilist tuuma. EV1, p70s ja ACU garanteerivad kindla kontrolli.\",\"breadcrumb\":{\"@id\":\"https:\\\/\\\/raymarine.ee\\\/product\\\/the-ev1-sensor-core\\\/#breadcrumb\"},\"inLanguage\":\"en-GB\",\"potentialAction\":[{\"@type\":\"ReadAction\",\"target\":[\"https:\\\/\\\/raymarine.ee\\\/product\\\/the-ev1-sensor-core\\\/\"]}]},{\"@type\":\"ImageObject\",\"inLanguage\":\"en-GB\",\"@id\":\"https:\\\/\\\/raymarine.ee\\\/product\\\/the-ev1-sensor-core\\\/#primaryimage\",\"url\":\"https:\\\/\\\/raymarine.ee\\\/wp-content\\\/uploads\\\/2025\\\/01\\\/c6deb13e-c5e0-4ee6-bcdb-c15048052ea7.webp\",\"contentUrl\":\"https:\\\/\\\/raymarine.ee\\\/wp-content\\\/uploads\\\/2025\\\/01\\\/c6deb13e-c5e0-4ee6-bcdb-c15048052ea7.webp\",\"width\":1024,\"height\":1024},{\"@type\":\"BreadcrumbList\",\"@id\":\"https:\\\/\\\/raymarine.ee\\\/product\\\/the-ev1-sensor-core\\\/#breadcrumb\",\"itemListElement\":[{\"@type\":\"ListItem\",\"position\":1,\"name\":\"Home\",\"item\":\"https:\\\/\\\/raymarine.ee\\\/\"},{\"@type\":\"ListItem\",\"position\":2,\"name\":\"Tooted\",\"item\":\"https:\\\/\\\/raymarine.ee\\\/shop\\\/\"},{\"@type\":\"ListItem\",\"position\":3,\"name\":\"The EV1 Sensor Core\"}]},{\"@type\":\"WebSite\",\"@id\":\"https:\\\/\\\/raymarine.ee\\\/#website\",\"url\":\"https:\\\/\\\/raymarine.ee\\\/\",\"name\":\"www.raymarine.ee\",\"description\":\"Mereelektroonika, kaardiplotter, autopiloot, pinnipiloot, roolipiloot, radar, AIS, VHF, Smart Wind\",\"publisher\":{\"@id\":\"https:\\\/\\\/raymarine.ee\\\/#organization\"},\"alternateName\":\"Raymarine\",\"potentialAction\":[{\"@type\":\"SearchAction\",\"target\":{\"@type\":\"EntryPoint\",\"urlTemplate\":\"https:\\\/\\\/raymarine.ee\\\/?s={search_term_string}\"},\"query-input\":{\"@type\":\"PropertyValueSpecification\",\"valueRequired\":true,\"valueName\":\"search_term_string\"}}],\"inLanguage\":\"en-GB\"},{\"@type\":\"Organization\",\"@id\":\"https:\\\/\\\/raymarine.ee\\\/#organization\",\"name\":\"NavSystems O\u00dc\",\"url\":\"https:\\\/\\\/raymarine.ee\\\/\",\"logo\":{\"@type\":\"ImageObject\",\"inLanguage\":\"en-GB\",\"@id\":\"https:\\\/\\\/raymarine.ee\\\/#\\\/schema\\\/logo\\\/image\\\/\",\"url\":\"https:\\\/\\\/raymarine.ee\\\/wp-content\\\/uploads\\\/2024\\\/10\\\/Screenshot-2024-10-15-151324_bg_removed.webp\",\"contentUrl\":\"https:\\\/\\\/raymarine.ee\\\/wp-content\\\/uploads\\\/2024\\\/10\\\/Screenshot-2024-10-15-151324_bg_removed.webp\",\"width\":420,\"height\":276,\"caption\":\"NavSystems O\u00dc\"},\"image\":{\"@id\":\"https:\\\/\\\/raymarine.ee\\\/#\\\/schema\\\/logo\\\/image\\\/\"},\"sameAs\":[\"https:\\\/\\\/www.facebook.com\\\/NavSystems\"],\"legalName\":\"NavSystems O\u00dc\",\"foundingDate\":\"2011-05-03\",\"numberOfEmployees\":{\"@type\":\"QuantitativeValue\",\"minValue\":\"1\",\"maxValue\":\"10\"}}]}<\/script>\n<meta property=\"product:price:amount\" content=\"1095.00\" \/>\n<meta property=\"product:price:currency\" content=\"EUR\" \/>\n<meta property=\"og:availability\" content=\"instock\" \/>\n<meta property=\"product:availability\" content=\"instock\" \/>\n<meta property=\"product:retailer_item_id\" content=\"E70096\" \/>\n<meta property=\"product:condition\" content=\"new\" \/>\n<!-- \/ Yoast SEO Premium plugin. -->","yoast_head_json":{"title":"EV1 - Kvaliteetsed autopiloodi komponendid sinu laeva - NavSystems","description":"Kogege t\u00e4pset navigeerimist EV1 autopiloodiga mis sisaldab intelligentset 9-sensorilist tuuma. EV1, p70s ja ACU garanteerivad kindla kontrolli.","robots":{"index":"index","follow":"follow","max-snippet":"max-snippet:-1","max-image-preview":"max-image-preview:large","max-video-preview":"max-video-preview:-1"},"canonical":"https:\/\/raymarine.ee\/en\/product\/the-ev1-sensor-core\/","og_locale":"en_GB","og_type":"article","og_title":"The EV1 Sensor Core","og_description":"Kogege t\u00e4pset navigeerimist EV1 autopiloodiga mis sisaldab intelligentset 9-sensorilist tuuma. EV1, p70s ja ACU garanteerivad kindla kontrolli.","og_url":"https:\/\/raymarine.ee\/en\/product\/the-ev1-sensor-core\/","og_site_name":"NavSystems","article_publisher":"https:\/\/www.facebook.com\/NavSystems","article_modified_time":"2026-04-25T08:23:46+00:00","og_image":[{"width":1024,"height":1024,"url":"https:\/\/raymarine.ee\/wp-content\/uploads\/2025\/01\/c6deb13e-c5e0-4ee6-bcdb-c15048052ea7.webp","type":"image\/webp"}],"twitter_card":"summary_large_image","twitter_misc":{"Price":"1 095,00&nbsp;&euro;","Availability":"In stock"},"schema":{"@context":"https:\/\/schema.org","@graph":[{"@type":"WebPage","@id":"https:\/\/raymarine.ee\/product\/the-ev1-sensor-core\/","url":"https:\/\/raymarine.ee\/product\/the-ev1-sensor-core\/","name":"EV1 - Kvaliteetsed autopiloodi komponendid sinu laeva - NavSystems","isPartOf":{"@id":"https:\/\/raymarine.ee\/#website"},"primaryImageOfPage":{"@id":"https:\/\/raymarine.ee\/product\/the-ev1-sensor-core\/#primaryimage"},"image":{"@id":"https:\/\/raymarine.ee\/product\/the-ev1-sensor-core\/#primaryimage"},"thumbnailUrl":"https:\/\/raymarine.ee\/wp-content\/uploads\/2025\/01\/c6deb13e-c5e0-4ee6-bcdb-c15048052ea7.webp","datePublished":"2025-01-14T17:38:01+00:00","dateModified":"2026-04-25T08:23:46+00:00","description":"Kogege t\u00e4pset navigeerimist EV1 autopiloodiga mis sisaldab intelligentset 9-sensorilist tuuma. EV1, p70s ja ACU garanteerivad kindla kontrolli.","breadcrumb":{"@id":"https:\/\/raymarine.ee\/product\/the-ev1-sensor-core\/#breadcrumb"},"inLanguage":"en-GB","potentialAction":[{"@type":"ReadAction","target":["https:\/\/raymarine.ee\/product\/the-ev1-sensor-core\/"]}]},{"@type":"ImageObject","inLanguage":"en-GB","@id":"https:\/\/raymarine.ee\/product\/the-ev1-sensor-core\/#primaryimage","url":"https:\/\/raymarine.ee\/wp-content\/uploads\/2025\/01\/c6deb13e-c5e0-4ee6-bcdb-c15048052ea7.webp","contentUrl":"https:\/\/raymarine.ee\/wp-content\/uploads\/2025\/01\/c6deb13e-c5e0-4ee6-bcdb-c15048052ea7.webp","width":1024,"height":1024},{"@type":"BreadcrumbList","@id":"https:\/\/raymarine.ee\/product\/the-ev1-sensor-core\/#breadcrumb","itemListElement":[{"@type":"ListItem","position":1,"name":"Home","item":"https:\/\/raymarine.ee\/"},{"@type":"ListItem","position":2,"name":"Tooted","item":"https:\/\/raymarine.ee\/shop\/"},{"@type":"ListItem","position":3,"name":"The EV1 Sensor Core"}]},{"@type":"WebSite","@id":"https:\/\/raymarine.ee\/#website","url":"https:\/\/raymarine.ee\/","name":"www.raymarine.ee","description":"Mereelektroonika, kaardiplotter, autopiloot, pinnipiloot, roolipiloot, radar, AIS, VHF, Smart Wind","publisher":{"@id":"https:\/\/raymarine.ee\/#organization"},"alternateName":"Raymarine","potentialAction":[{"@type":"SearchAction","target":{"@type":"EntryPoint","urlTemplate":"https:\/\/raymarine.ee\/?s={search_term_string}"},"query-input":{"@type":"PropertyValueSpecification","valueRequired":true,"valueName":"search_term_string"}}],"inLanguage":"en-GB"},{"@type":"Organization","@id":"https:\/\/raymarine.ee\/#organization","name":"NavSystems O\u00dc","url":"https:\/\/raymarine.ee\/","logo":{"@type":"ImageObject","inLanguage":"en-GB","@id":"https:\/\/raymarine.ee\/#\/schema\/logo\/image\/","url":"https:\/\/raymarine.ee\/wp-content\/uploads\/2024\/10\/Screenshot-2024-10-15-151324_bg_removed.webp","contentUrl":"https:\/\/raymarine.ee\/wp-content\/uploads\/2024\/10\/Screenshot-2024-10-15-151324_bg_removed.webp","width":420,"height":276,"caption":"NavSystems O\u00dc"},"image":{"@id":"https:\/\/raymarine.ee\/#\/schema\/logo\/image\/"},"sameAs":["https:\/\/www.facebook.com\/NavSystems"],"legalName":"NavSystems O\u00dc","foundingDate":"2011-05-03","numberOfEmployees":{"@type":"QuantitativeValue","minValue":"1","maxValue":"10"}}]},"product_price_amount":"1095.00","product_price_currency":"EUR","og_availability":"instock","product_availability":"instock","product_retailer_item_id":"E70096","product_condition":"new"},"jetpack_sharing_enabled":true,"_links":{"self":[{"href":"https:\/\/raymarine.ee\/en\/wp-json\/wp\/v2\/product\/6407","targetHints":{"allow":["GET"]}}],"collection":[{"href":"https:\/\/raymarine.ee\/en\/wp-json\/wp\/v2\/product"}],"about":[{"href":"https:\/\/raymarine.ee\/en\/wp-json\/wp\/v2\/types\/product"}],"wp:featuredmedia":[{"embeddable":true,"href":"https:\/\/raymarine.ee\/en\/wp-json\/wp\/v2\/media\/7672"}],"wp:attachment":[{"href":"https:\/\/raymarine.ee\/en\/wp-json\/wp\/v2\/media?parent=6407"}],"wp:term":[{"taxonomy":"product_brand","embeddable":true,"href":"https:\/\/raymarine.ee\/en\/wp-json\/wp\/v2\/product_brand?post=6407"},{"taxonomy":"product_cat","embeddable":true,"href":"https:\/\/raymarine.ee\/en\/wp-json\/wp\/v2\/product_cat?post=6407"},{"taxonomy":"product_tag","embeddable":true,"href":"https:\/\/raymarine.ee\/en\/wp-json\/wp\/v2\/product_tag?post=6407"}],"curies":[{"name":"wp","href":"https:\/\/api.w.org\/{rel}","templated":true}]}}