{"id":6408,"date":"2025-01-14T17:28:40","date_gmt":"2025-01-14T17:28:40","guid":{"rendered":"https:\/\/raymarine.ee\/?post_type=product&#038;p=6408"},"modified":"2026-04-09T19:11:10","modified_gmt":"2026-04-09T16:11:10","slug":"raymarine-ev2-p70-autopiloodi-juhtimisseadmed-ja-drive-by-wire-juhtimissusteemid","status":"publish","type":"product","link":"https:\/\/raymarine.ee\/en\/product\/raymarine-ev2-p70-autopiloodi-juhtimisseadmed-ja-drive-by-wire-juhtimissusteemid\/","title":{"rendered":"The EV2 Sensor Core"},"content":{"rendered":"<p data-start=\"55\" data-end=\"108\"><strong data-start=\"55\" data-end=\"108\">Raymarine EV-2 ja p70 Autopiloodi Juhtimisseadmed<\/strong><\/p>\n<p data-start=\"110\" data-end=\"118\"><strong data-start=\"110\" data-end=\"118\">EV-2<\/strong><\/p>\n<p data-start=\"120\" data-end=\"513\">EV-2 on loodud uusimate drive-by-wire juhtimiss\u00fcsteemide jaoks ja \u00fchendub otse Raymarine SeaTalkng bussiga. EV-2-l on ka eraldi CAN Bus port, et \u00fchendada juhtimiss\u00fcsteemide nagu ZF Pod Drive, Yamaha Helm Master, Volvo IPS ja SeaStar Solutions Optimus s\u00fcsteemidega. \u00dcksainus CAN Bus \u00fchendus EV-2-ga elimineerib vajaduse Autopiloodi Juhtimisseadme (ACU) j\u00e4rele, lihtsustades paigaldamist veelgi.<\/p>\n<p data-start=\"515\" data-end=\"562\"><strong data-start=\"515\" data-end=\"562\">p70 \/ p70s Autopiloodi Juhtimisseade (Sail)<\/strong><\/p>\n<p data-start=\"564\" data-end=\"895\">p70 \/ p70s autopiloodi juhtimisseade on spetsiaalselt purjekatele m\u00f5eldud nupuvajutamise juhtimisseade. T\u00e4iustatud LED taustvalgustus tagab madala energiatarbimise, pakkudes samas elavat v\u00e4rvi ja kontrasti. Laialdased horisontaalsed ja vertikaalsed vaatenurgad tagavad, et ekraani saab selgelt vaadata ka \u00e4gedates vaatamisnurkades.<\/p>\n<p data-start=\"897\" data-end=\"1052\">p70 \/ p70s juhtimisseade sisaldab LightHouse kasutajaliidest ja k\u00e4ivitamisviisardi funktsiooni, et aidata teil autopiloodi kiiresti ja lihtsalt seadistada.<\/p>\n<p data-start=\"1054\" data-end=\"1667\"><strong data-start=\"1054\" data-end=\"1145\">T\u00e4iendage oma Evolution autopiloodi s\u00fcsteemi p70 v\u00f5i p70R autopiloodi juhtimisseadmega.<\/strong> p70 ja p70R juhtimisseadmed pakuvad elavaid v\u00e4rviekraane ja on varustatud Raymarine intuitiivse LightHouse kasutajaliidesega. LightHouse korraldab k\u00f5ik valikud lihtsatesse men\u00fc\u00fcstruktuuridesse, ning Evolution kiire seadistamisprotsessiga on teie s\u00fcsteem t\u00f6\u00f6valmis vaid m\u00f5ne minutiga. p70 on m\u00f5eldud purjekatele ja pakub lihtsaid 1\u00b0 ja 10\u00b0 sirgjoonelisi suunamuutuse nuppe. p70R sisaldab p\u00f6\u00f6rdnuppu, mis on m\u00f5eldud mootorpaatide kasutamiseks, v\u00f5imaldades men\u00fc\u00fcde ja suundade muutmist v\u00f5i manuaalset juhtimist otse p70R-lt.<\/p>\n<p data-start=\"1669\" data-end=\"1713\"><strong data-start=\"1669\" data-end=\"1713\">Autopiloodi juhtimine Raymarine MFD-delt<\/strong><\/p>\n<p data-start=\"1715\" data-end=\"2064\">Kasutage oma Evolution autopiloodi juhtimiseks Raymarine Axiom seeria v\u00f5i vanemate aSeries, cSeries, eSeries v\u00f5i gS Series multifunktsionaalset ekraani. Pange t\u00e4hele, et teie multifunktsionaalne ekraan peab t\u00f6\u00f6tama Raymarine LightHouse 4 v\u00f5i 5 ja vanemate plotterite puhul LightHouse II tarkvaraga ja m\u00f5ned autopiloodi funktsioonid ei pruugi olla saadaval kui teie s\u00fcsteemil ei ole spetsiaalset autopiloodi juhtimisseadet.<\/p>\n<p data-start=\"1715\" data-end=\"2064\"><strong>Juhendid:<\/strong><\/p>\n<p data-start=\"1715\" data-end=\"2064\">Lae alla EV2 <a href=\"https:\/\/raymarine.ee\/wp-content\/uploads\/2026\/04\/Evolution-EV-2-Installation-Instructions-87181-Rev-5-EN.pdf\" target=\"_blank\" rel=\"noopener\" data-wpel-link=\"internal\">paigaldusjuhend<\/a><\/p>\n<p>Lae alla\u00a0<a href=\"https:\/\/raymarine.ee\/wp-content\/uploads\/2026\/04\/SeaTalkng-Reference-manual-81300-1-EN-1.pdf\" target=\"_blank\" rel=\"noopener\" data-wpel-link=\"internal\">STNG v\u00f5rgu \u00fcldine juhend<\/a><\/p>\n<p data-start=\"1715\" data-end=\"2064\">p70 ja p70Rs kaudu Evolution piloodi <a href=\"https:\/\/raymarine.ee\/wp-content\/uploads\/2026\/04\/p70-p70s-p70R-p70Rs-Pilot-Controller-Commissioning-Operation-instructions-81402-Rev-6-EN.pdf\" target=\"_blank\" rel=\"noopener\">seadistamis- ja kasutamisjuhend<\/a><\/p>\n<p data-start=\"1715\" data-end=\"2064\"><a title=\"Find out more about the Evolution autopilot\" href=\"https:\/\/www.raymarine.eu\/autopilot\/\" target=\"_blank\" rel=\"noopener\">Find out more about the Evolution autopilot<\/a><\/p>","protected":false},"excerpt":{"rendered":"<p>EV-2 for Drive-by-Wire Propulsion EV-2 has been designed for the latest drive-by-wire steering systems and connects directly to Raymarine&#8217;s SeaTalkng bus. EV-2 also has a dedicated CAN Bus port for direct connection to steer-by-wire steering systems &#8211; such as ZF Pod Drives, Yamaha Helm Master, Volvo IPS and SeaStar Solutions Optimus systems. A single CAN Bus connection to the EV-2 eliminates the need for an Autopilot Control Unit (ACU) further simplifying installation. Tutvu kindlasti ka selle toote\u00a0juhenditega\u00a0ja k\u00fcsimuste korral pea n\u00f5u meie spetsialistiga.<\/p>","protected":false},"featured_media":7688,"template":"","meta":{"_acf_changed":false},"product_brand":[134],"product_cat":[67,52,103,83,63],"product_tag":[],"class_list":{"0":"post-6408","1":"product","2":"type-product","3":"status-publish","4":"has-post-thumbnail","6":"product_brand-raymarine","7":"product_cat-kontrollerid","8":"product_cat-autopiloot-autopiloodid","9":"product_cat-raymarine","10":"product_cat-stng_tarvikud","11":"product_cat-systeemipiloodid","13":"first","14":"instock","15":"sale","16":"taxable","17":"shipping-taxable","18":"purchasable","19":"product-type-simple"},"acf":[],"yoast_head":"<!-- This site is optimized with the Yoast SEO Premium plugin v27.5 (Yoast SEO v27.5) - https:\/\/yoast.com\/product\/yoast-seo-premium-wordpress\/ -->\n<title>EV2: Lihtsalt paigaldatav autopiloodi aju - NavSystems<\/title>\n<meta name=\"description\" content=\"Tee oma paadi juhtimine mugavaks Raymarine EV2 abil! \u00dchenda see eraldi CAN Bus pordi kaudu ja naudi sujuvat Drive by Wire s\u00fcsteemi juhtimist. \ud83d\udea4\" \/>\n<meta name=\"robots\" content=\"index, follow, max-snippet:-1, max-image-preview:large, max-video-preview:-1\" \/>\n<link rel=\"canonical\" href=\"https:\/\/raymarine.ee\/en\/product\/raymarine-ev2-p70-autopiloodi-juhtimisseadmed-ja-drive-by-wire-juhtimissusteemid\/\" \/>\n<meta property=\"og:locale\" content=\"en_GB\" \/>\n<meta property=\"og:type\" content=\"article\" \/>\n<meta property=\"og:title\" content=\"The EV2 Sensor Core\" \/>\n<meta property=\"og:description\" content=\"Tee oma paadi juhtimine mugavaks Raymarine EV2 abil! \u00dchenda see eraldi CAN Bus pordi kaudu ja naudi sujuvat Drive by Wire s\u00fcsteemi juhtimist. \ud83d\udea4\" \/>\n<meta property=\"og:url\" content=\"https:\/\/raymarine.ee\/en\/product\/raymarine-ev2-p70-autopiloodi-juhtimisseadmed-ja-drive-by-wire-juhtimissusteemid\/\" \/>\n<meta property=\"og:site_name\" content=\"NavSystems\" \/>\n<meta property=\"article:publisher\" content=\"https:\/\/www.facebook.com\/NavSystems\" \/>\n<meta property=\"article:modified_time\" content=\"2026-04-09T16:11:10+00:00\" \/>\n<meta property=\"og:image\" content=\"https:\/\/raymarine.ee\/wp-content\/uploads\/2025\/01\/fe1063b8-6cc4-40a7-aa1a-bf1abc0cc9a7.webp\" \/>\n\t<meta property=\"og:image:width\" content=\"1024\" \/>\n\t<meta property=\"og:image:height\" content=\"1024\" \/>\n\t<meta property=\"og:image:type\" content=\"image\/webp\" \/>\n<meta name=\"twitter:card\" content=\"summary_large_image\" \/>\n<meta name=\"twitter:label1\" content=\"Price\" \/>\n\t<meta name=\"twitter:data1\" content=\"2 856,65&nbsp;&euro;\" \/>\n\t<meta name=\"twitter:label2\" content=\"Availability\" \/>\n\t<meta name=\"twitter:data2\" content=\"In stock\" \/>\n<script type=\"application\/ld+json\" class=\"yoast-schema-graph\">{\"@context\":\"https:\\\/\\\/schema.org\",\"@graph\":[{\"@type\":\"WebPage\",\"@id\":\"https:\\\/\\\/raymarine.ee\\\/product\\\/raymarine-ev2-p70-autopiloodi-juhtimisseadmed-ja-drive-by-wire-juhtimissusteemid\\\/\",\"url\":\"https:\\\/\\\/raymarine.ee\\\/product\\\/raymarine-ev2-p70-autopiloodi-juhtimisseadmed-ja-drive-by-wire-juhtimissusteemid\\\/\",\"name\":\"EV2: Lihtsalt paigaldatav autopiloodi aju - NavSystems\",\"isPartOf\":{\"@id\":\"https:\\\/\\\/raymarine.ee\\\/#website\"},\"primaryImageOfPage\":{\"@id\":\"https:\\\/\\\/raymarine.ee\\\/product\\\/raymarine-ev2-p70-autopiloodi-juhtimisseadmed-ja-drive-by-wire-juhtimissusteemid\\\/#primaryimage\"},\"image\":{\"@id\":\"https:\\\/\\\/raymarine.ee\\\/product\\\/raymarine-ev2-p70-autopiloodi-juhtimisseadmed-ja-drive-by-wire-juhtimissusteemid\\\/#primaryimage\"},\"thumbnailUrl\":\"https:\\\/\\\/raymarine.ee\\\/wp-content\\\/uploads\\\/2025\\\/01\\\/fe1063b8-6cc4-40a7-aa1a-bf1abc0cc9a7.webp\",\"datePublished\":\"2025-01-14T17:28:40+00:00\",\"dateModified\":\"2026-04-09T16:11:10+00:00\",\"description\":\"Tee oma paadi juhtimine mugavaks Raymarine EV2 abil! \u00dchenda see eraldi CAN Bus pordi kaudu ja naudi sujuvat Drive by Wire s\u00fcsteemi juhtimist. \ud83d\udea4\",\"breadcrumb\":{\"@id\":\"https:\\\/\\\/raymarine.ee\\\/product\\\/raymarine-ev2-p70-autopiloodi-juhtimisseadmed-ja-drive-by-wire-juhtimissusteemid\\\/#breadcrumb\"},\"inLanguage\":\"en-GB\",\"potentialAction\":[{\"@type\":\"ReadAction\",\"target\":[\"https:\\\/\\\/raymarine.ee\\\/product\\\/raymarine-ev2-p70-autopiloodi-juhtimisseadmed-ja-drive-by-wire-juhtimissusteemid\\\/\"]}]},{\"@type\":\"ImageObject\",\"inLanguage\":\"en-GB\",\"@id\":\"https:\\\/\\\/raymarine.ee\\\/product\\\/raymarine-ev2-p70-autopiloodi-juhtimisseadmed-ja-drive-by-wire-juhtimissusteemid\\\/#primaryimage\",\"url\":\"https:\\\/\\\/raymarine.ee\\\/wp-content\\\/uploads\\\/2025\\\/01\\\/fe1063b8-6cc4-40a7-aa1a-bf1abc0cc9a7.webp\",\"contentUrl\":\"https:\\\/\\\/raymarine.ee\\\/wp-content\\\/uploads\\\/2025\\\/01\\\/fe1063b8-6cc4-40a7-aa1a-bf1abc0cc9a7.webp\",\"width\":1024,\"height\":1024},{\"@type\":\"BreadcrumbList\",\"@id\":\"https:\\\/\\\/raymarine.ee\\\/product\\\/raymarine-ev2-p70-autopiloodi-juhtimisseadmed-ja-drive-by-wire-juhtimissusteemid\\\/#breadcrumb\",\"itemListElement\":[{\"@type\":\"ListItem\",\"position\":1,\"name\":\"Home\",\"item\":\"https:\\\/\\\/raymarine.ee\\\/\"},{\"@type\":\"ListItem\",\"position\":2,\"name\":\"Tooted\",\"item\":\"https:\\\/\\\/raymarine.ee\\\/shop\\\/\"},{\"@type\":\"ListItem\",\"position\":3,\"name\":\"The EV2 Sensor Core\"}]},{\"@type\":\"WebSite\",\"@id\":\"https:\\\/\\\/raymarine.ee\\\/#website\",\"url\":\"https:\\\/\\\/raymarine.ee\\\/\",\"name\":\"www.raymarine.ee\",\"description\":\"Mereelektroonika, kaardiplotter, autopiloot, pinnipiloot, roolipiloot, radar, AIS, VHF, Smart Wind\",\"publisher\":{\"@id\":\"https:\\\/\\\/raymarine.ee\\\/#organization\"},\"alternateName\":\"Raymarine\",\"potentialAction\":[{\"@type\":\"SearchAction\",\"target\":{\"@type\":\"EntryPoint\",\"urlTemplate\":\"https:\\\/\\\/raymarine.ee\\\/?s={search_term_string}\"},\"query-input\":{\"@type\":\"PropertyValueSpecification\",\"valueRequired\":true,\"valueName\":\"search_term_string\"}}],\"inLanguage\":\"en-GB\"},{\"@type\":\"Organization\",\"@id\":\"https:\\\/\\\/raymarine.ee\\\/#organization\",\"name\":\"NavSystems O\u00dc\",\"url\":\"https:\\\/\\\/raymarine.ee\\\/\",\"logo\":{\"@type\":\"ImageObject\",\"inLanguage\":\"en-GB\",\"@id\":\"https:\\\/\\\/raymarine.ee\\\/#\\\/schema\\\/logo\\\/image\\\/\",\"url\":\"https:\\\/\\\/raymarine.ee\\\/wp-content\\\/uploads\\\/2024\\\/10\\\/Screenshot-2024-10-15-151324_bg_removed.webp\",\"contentUrl\":\"https:\\\/\\\/raymarine.ee\\\/wp-content\\\/uploads\\\/2024\\\/10\\\/Screenshot-2024-10-15-151324_bg_removed.webp\",\"width\":420,\"height\":276,\"caption\":\"NavSystems O\u00dc\"},\"image\":{\"@id\":\"https:\\\/\\\/raymarine.ee\\\/#\\\/schema\\\/logo\\\/image\\\/\"},\"sameAs\":[\"https:\\\/\\\/www.facebook.com\\\/NavSystems\"],\"legalName\":\"NavSystems O\u00dc\",\"foundingDate\":\"2011-05-03\",\"numberOfEmployees\":{\"@type\":\"QuantitativeValue\",\"minValue\":\"1\",\"maxValue\":\"10\"}}]}<\/script>\n<meta property=\"product:price:amount\" content=\"2856.65\" \/>\n<meta property=\"product:price:currency\" content=\"EUR\" \/>\n<meta property=\"og:availability\" content=\"instock\" \/>\n<meta property=\"product:availability\" content=\"instock\" \/>\n<meta property=\"product:retailer_item_id\" content=\"E70097\" \/>\n<meta property=\"product:condition\" content=\"new\" \/>\n<!-- \/ Yoast SEO Premium plugin. -->","yoast_head_json":{"title":"EV2: Lihtsalt paigaldatav autopiloodi aju - NavSystems","description":"Tee oma paadi juhtimine mugavaks Raymarine EV2 abil! \u00dchenda see eraldi CAN Bus pordi kaudu ja naudi sujuvat Drive by Wire s\u00fcsteemi juhtimist. \ud83d\udea4","robots":{"index":"index","follow":"follow","max-snippet":"max-snippet:-1","max-image-preview":"max-image-preview:large","max-video-preview":"max-video-preview:-1"},"canonical":"https:\/\/raymarine.ee\/en\/product\/raymarine-ev2-p70-autopiloodi-juhtimisseadmed-ja-drive-by-wire-juhtimissusteemid\/","og_locale":"en_GB","og_type":"article","og_title":"The EV2 Sensor Core","og_description":"Tee oma paadi juhtimine mugavaks Raymarine EV2 abil! \u00dchenda see eraldi CAN Bus pordi kaudu ja naudi sujuvat Drive by Wire s\u00fcsteemi juhtimist. \ud83d\udea4","og_url":"https:\/\/raymarine.ee\/en\/product\/raymarine-ev2-p70-autopiloodi-juhtimisseadmed-ja-drive-by-wire-juhtimissusteemid\/","og_site_name":"NavSystems","article_publisher":"https:\/\/www.facebook.com\/NavSystems","article_modified_time":"2026-04-09T16:11:10+00:00","og_image":[{"width":1024,"height":1024,"url":"https:\/\/raymarine.ee\/wp-content\/uploads\/2025\/01\/fe1063b8-6cc4-40a7-aa1a-bf1abc0cc9a7.webp","type":"image\/webp"}],"twitter_card":"summary_large_image","twitter_misc":{"Price":"2 856,65&nbsp;&euro;","Availability":"In stock"},"schema":{"@context":"https:\/\/schema.org","@graph":[{"@type":"WebPage","@id":"https:\/\/raymarine.ee\/product\/raymarine-ev2-p70-autopiloodi-juhtimisseadmed-ja-drive-by-wire-juhtimissusteemid\/","url":"https:\/\/raymarine.ee\/product\/raymarine-ev2-p70-autopiloodi-juhtimisseadmed-ja-drive-by-wire-juhtimissusteemid\/","name":"EV2: Lihtsalt paigaldatav autopiloodi aju - NavSystems","isPartOf":{"@id":"https:\/\/raymarine.ee\/#website"},"primaryImageOfPage":{"@id":"https:\/\/raymarine.ee\/product\/raymarine-ev2-p70-autopiloodi-juhtimisseadmed-ja-drive-by-wire-juhtimissusteemid\/#primaryimage"},"image":{"@id":"https:\/\/raymarine.ee\/product\/raymarine-ev2-p70-autopiloodi-juhtimisseadmed-ja-drive-by-wire-juhtimissusteemid\/#primaryimage"},"thumbnailUrl":"https:\/\/raymarine.ee\/wp-content\/uploads\/2025\/01\/fe1063b8-6cc4-40a7-aa1a-bf1abc0cc9a7.webp","datePublished":"2025-01-14T17:28:40+00:00","dateModified":"2026-04-09T16:11:10+00:00","description":"Tee oma paadi juhtimine mugavaks Raymarine EV2 abil! \u00dchenda see eraldi CAN Bus pordi kaudu ja naudi sujuvat Drive by Wire s\u00fcsteemi juhtimist. \ud83d\udea4","breadcrumb":{"@id":"https:\/\/raymarine.ee\/product\/raymarine-ev2-p70-autopiloodi-juhtimisseadmed-ja-drive-by-wire-juhtimissusteemid\/#breadcrumb"},"inLanguage":"en-GB","potentialAction":[{"@type":"ReadAction","target":["https:\/\/raymarine.ee\/product\/raymarine-ev2-p70-autopiloodi-juhtimisseadmed-ja-drive-by-wire-juhtimissusteemid\/"]}]},{"@type":"ImageObject","inLanguage":"en-GB","@id":"https:\/\/raymarine.ee\/product\/raymarine-ev2-p70-autopiloodi-juhtimisseadmed-ja-drive-by-wire-juhtimissusteemid\/#primaryimage","url":"https:\/\/raymarine.ee\/wp-content\/uploads\/2025\/01\/fe1063b8-6cc4-40a7-aa1a-bf1abc0cc9a7.webp","contentUrl":"https:\/\/raymarine.ee\/wp-content\/uploads\/2025\/01\/fe1063b8-6cc4-40a7-aa1a-bf1abc0cc9a7.webp","width":1024,"height":1024},{"@type":"BreadcrumbList","@id":"https:\/\/raymarine.ee\/product\/raymarine-ev2-p70-autopiloodi-juhtimisseadmed-ja-drive-by-wire-juhtimissusteemid\/#breadcrumb","itemListElement":[{"@type":"ListItem","position":1,"name":"Home","item":"https:\/\/raymarine.ee\/"},{"@type":"ListItem","position":2,"name":"Tooted","item":"https:\/\/raymarine.ee\/shop\/"},{"@type":"ListItem","position":3,"name":"The EV2 Sensor Core"}]},{"@type":"WebSite","@id":"https:\/\/raymarine.ee\/#website","url":"https:\/\/raymarine.ee\/","name":"www.raymarine.ee","description":"Mereelektroonika, kaardiplotter, autopiloot, pinnipiloot, roolipiloot, radar, AIS, VHF, Smart Wind","publisher":{"@id":"https:\/\/raymarine.ee\/#organization"},"alternateName":"Raymarine","potentialAction":[{"@type":"SearchAction","target":{"@type":"EntryPoint","urlTemplate":"https:\/\/raymarine.ee\/?s={search_term_string}"},"query-input":{"@type":"PropertyValueSpecification","valueRequired":true,"valueName":"search_term_string"}}],"inLanguage":"en-GB"},{"@type":"Organization","@id":"https:\/\/raymarine.ee\/#organization","name":"NavSystems O\u00dc","url":"https:\/\/raymarine.ee\/","logo":{"@type":"ImageObject","inLanguage":"en-GB","@id":"https:\/\/raymarine.ee\/#\/schema\/logo\/image\/","url":"https:\/\/raymarine.ee\/wp-content\/uploads\/2024\/10\/Screenshot-2024-10-15-151324_bg_removed.webp","contentUrl":"https:\/\/raymarine.ee\/wp-content\/uploads\/2024\/10\/Screenshot-2024-10-15-151324_bg_removed.webp","width":420,"height":276,"caption":"NavSystems O\u00dc"},"image":{"@id":"https:\/\/raymarine.ee\/#\/schema\/logo\/image\/"},"sameAs":["https:\/\/www.facebook.com\/NavSystems"],"legalName":"NavSystems O\u00dc","foundingDate":"2011-05-03","numberOfEmployees":{"@type":"QuantitativeValue","minValue":"1","maxValue":"10"}}]},"product_price_amount":"2856.65","product_price_currency":"EUR","og_availability":"instock","product_availability":"instock","product_retailer_item_id":"E70097","product_condition":"new"},"jetpack_sharing_enabled":true,"_links":{"self":[{"href":"https:\/\/raymarine.ee\/en\/wp-json\/wp\/v2\/product\/6408","targetHints":{"allow":["GET"]}}],"collection":[{"href":"https:\/\/raymarine.ee\/en\/wp-json\/wp\/v2\/product"}],"about":[{"href":"https:\/\/raymarine.ee\/en\/wp-json\/wp\/v2\/types\/product"}],"wp:featuredmedia":[{"embeddable":true,"href":"https:\/\/raymarine.ee\/en\/wp-json\/wp\/v2\/media\/7688"}],"wp:attachment":[{"href":"https:\/\/raymarine.ee\/en\/wp-json\/wp\/v2\/media?parent=6408"}],"wp:term":[{"taxonomy":"product_brand","embeddable":true,"href":"https:\/\/raymarine.ee\/en\/wp-json\/wp\/v2\/product_brand?post=6408"},{"taxonomy":"product_cat","embeddable":true,"href":"https:\/\/raymarine.ee\/en\/wp-json\/wp\/v2\/product_cat?post=6408"},{"taxonomy":"product_tag","embeddable":true,"href":"https:\/\/raymarine.ee\/en\/wp-json\/wp\/v2\/product_tag?post=6408"}],"curies":[{"name":"wp","href":"https:\/\/api.w.org\/{rel}","templated":true}]}}