{"id":6409,"date":"2025-01-14T16:59:19","date_gmt":"2025-01-14T16:59:19","guid":{"rendered":"https:\/\/raymarine.ee\/?post_type=product&#038;p=6409"},"modified":"2026-04-22T22:11:04","modified_gmt":"2026-04-22T19:11:04","slug":"raymarine-p70s-autopilot-control-head","status":"publish","type":"product","link":"https:\/\/raymarine.ee\/en\/product\/raymarine-p70s-autopilot-control-head\/","title":{"rendered":"Raymarine p70s Autopilot Control Head"},"content":{"rendered":"<p>Vaata\u00a0<a href=\"https:\/\/www.raymarine.eu\/autopilot\/#types\" target=\"_blank\" rel=\"noopener\">Raymarine autopilootide<\/a>\u00a0tootetutvustust.<\/p>\n<p data-start=\"34\" data-end=\"116\"><strong data-start=\"34\" data-end=\"116\">Raymarine p70s autopiloodi juhtpaneel \u2013 purjetajatele loodud t\u00e4psus ja mugavus<\/strong><\/p>\n<p data-start=\"118\" data-end=\"406\">Raymarine p70s autopiloodi juhtpaneel jagab i70 sarja esmaklassilisi ekraanifunktsioone, olles kompaktses 3,5-tollises formaadis. Seade on m\u00f5eldud eelk\u00f5ige purjelaevadele ning selle intuitiivne kasutajaliides ja 1\u00b0 \/ 10\u00b0 nupup\u00f5hine juhtimine pakuvad suurep\u00e4rast kontrolli autopiloodi \u00fcle.<\/p>\n<p data-start=\"408\" data-end=\"752\">p70s juhtpaneel toetab mitmeid autopiloodi t\u00f6\u00f6re\u017eiime, sealhulgas Auto, Standby, Muster, Track ja Tuulep\u00f6\u00f6ris (Wind Vane). T\u00e4nu Raymarine LightHouse kasutajaliidesele ja k\u00e4ivitusviisardile on seadistamine kiire ja lihtne. Seade v\u00f5imaldab pilooditeabe kuvamist erinevates formaatides ning on t\u00e4ielikult kohandatav vastavalt kasutaja vajadustele.<\/p>\n<p data-start=\"754\" data-end=\"966\">\u00dchilduvus on tagatud Raymarine SPX, Evolution ja ST autopilootide (S1, S2, S3 ja G versioonid) s\u00fcsteemidega. T\u00e4nu NMEA2000 ja SeaTalkng \u00fchendustele integreerub p70s lihtsalt ka teiste mereelektroonika seadmetega.<\/p>\n<p data-start=\"968\" data-end=\"990\"><strong data-start=\"968\" data-end=\"990\">Tehnilised andmed:<\/strong><\/p>\n<ul data-start=\"991\" data-end=\"1516\">\n<li data-start=\"991\" data-end=\"1025\">\n<p data-start=\"993\" data-end=\"1025\">Mudel: Raymarine p70s (E70328)<\/p>\n<\/li>\n<li data-start=\"1026\" data-end=\"1074\">\n<p data-start=\"1028\" data-end=\"1074\">Ekraani suurus: 3.5\u201d optiliselt liimitud LCD<\/p>\n<\/li>\n<li data-start=\"1075\" data-end=\"1107\">\n<p data-start=\"1077\" data-end=\"1107\">Resolutsioon: 320 x 240 QVGA<\/p>\n<\/li>\n<li data-start=\"1108\" data-end=\"1177\">\n<p data-start=\"1110\" data-end=\"1177\">V\u00e4rvid: 64K v\u00e4rvi, 4 v\u00e4rvipaletti (p\u00e4ev, inversioon, punane\/must)<\/p>\n<\/li>\n<li data-start=\"1178\" data-end=\"1199\">\n<p data-start=\"1180\" data-end=\"1199\">Heledus: 1200 nit<\/p>\n<\/li>\n<li data-start=\"1200\" data-end=\"1249\">\n<p data-start=\"1202\" data-end=\"1249\">Toide: 12V DC (vahemik 9\u201316V), tarbimine 1.6W<\/p>\n<\/li>\n<li data-start=\"1250\" data-end=\"1305\">\n<p data-start=\"1252\" data-end=\"1305\">\u00dchendused: 1 x SeaTalkng (\u00fchilduv NMEA2000 v\u00f5rguga)<\/p>\n<\/li>\n<li data-start=\"1306\" data-end=\"1342\">\n<p data-start=\"1308\" data-end=\"1342\">T\u00f6\u00f6temperatuur: -25\u00b0C kuni +55\u00b0C<\/p>\n<\/li>\n<li data-start=\"1343\" data-end=\"1384\">\n<p data-start=\"1345\" data-end=\"1384\">S\u00e4ilitustemperatuur: -30\u00b0C kuni +70\u00b0C<\/p>\n<\/li>\n<li data-start=\"1385\" data-end=\"1419\">\n<p data-start=\"1387\" data-end=\"1419\">Suhteline \u00f5huniiskus: kuni 93%<\/p>\n<\/li>\n<li data-start=\"1420\" data-end=\"1440\">\n<p data-start=\"1422\" data-end=\"1440\">Veekindlus: IPX6<\/p>\n<\/li>\n<li data-start=\"1441\" data-end=\"1516\">\n<p data-start=\"1443\" data-end=\"1516\">Vastavus: Euroopa 2004\/108\/EC, Austraalia \/ Uus-Meremaa C-Tick (tase 2)<\/p>\n<\/li>\n<\/ul>\n<p>NB! p70s ja p70Rs autopiloodi kontrollerid saab kasutada ka vanade S1\/S1G, S2\/S2G, S3\/S3G autopilootidega.\u00a0Uute autopiloodi kontrollerite \u00fchendamiseks vanade S1\/S1G, S2\/S2G, S3\/S3G autopilootidega saab kasutada STNG to SeaTalk-1 konverterit.\u00a0\u00dchenduse saab teha ka otse vana kontrolleri kaabli otsa, turvalise \u00fchenduse tegemiseks kasuta A06073\u00a0adapterkaablit ja\u00a0D244\u00a03-Way Juncktion Box-i.<\/p>\n<p><a class=\"arrowLink\" title=\"Find out more about the p70 autopilot control head | Raymarine\" href=\"https:\/\/www.raymarine.eu\/autopilot\/control-heads\/p70s-and-p70rs\/\" target=\"_blank\" rel=\"noopener\">Find out more about the p70Rs autopilot control head<\/a><\/p>\n<h5><a href=\"https:\/\/raymarine.ee\/en\/public\/files\/Raymarine\/Juhendid\/Autopilots\/p70s-p70Rs-Installation-and-operation-instructions-81365-2-EN.pdf\/\" target=\"_blank\" rel=\"noopener\"><img decoding=\"async\" src=\"https:\/\/www.raymarine.ee\/public\/files\/Raymarine\/Juhendid\/Axiom%20MFD\/pdf.png\" alt=\"\" \/><\/a><strong>Lae alla p70s juhendid<\/strong><\/h5>\n<p>p70s ja p70Rs\u00a0<a href=\"https:\/\/raymarine.ee\/wp-content\/uploads\/2026\/04\/p70s-p70Rs-Pilot-Controller-Installation-instructions-87424-Rev-3-EN.pdf\" target=\"_blank\" rel=\"noopener\" data-wpel-link=\"internal\">paigaldusjuhend<\/a><\/p>\n<p>p70 ja p70Rs <a href=\"https:\/\/raymarine.ee\/wp-content\/uploads\/2026\/04\/Evolution-Autopilot-Set-up-and-Commissioning-with-p70s-p70Rs-p70-p70R-82285-Rev-7-EN-1.pdf\" target=\"_blank\" rel=\"noopener\">Set-Up kiirjuhend<\/a><\/p>\n<p>p70 ja p70Rs kaudu Evolution piloodi\u00a0<a href=\"https:\/\/raymarine.ee\/wp-content\/uploads\/2026\/04\/p70-p70s-p70R-p70Rs-Pilot-Controller-Commissioning-Operation-instructions-81402-Rev-6-EN.pdf\" target=\"_blank\" rel=\"noopener\" data-wpel-link=\"internal\">seadistamis- ja kasutamisjuhend<\/a><\/p>\n<p>Vaata Raymarine\u00a0<a href=\"https:\/\/www.raymarine.com\/en-gb\/our-products\/boat-autopilots\/autopilot-packs\" target=\"_blank\" rel=\"noopener external noreferrer nofollow\" data-wpel-link=\"external\">autopilootide<\/a>\u00a0tootetutvustust.<\/p>","protected":false},"excerpt":{"rendered":"<p>Raymarine p70s on 3,5&#8243; (320 x 240 pikselit) p\u00e4ikese k\u00e4es h\u00e4sti n\u00e4htava TFT LCD 16 bit QVGA v\u00e4rvilise ekraaniga uue p\u00f5lvkonna autopiloodi kontroller. p70s on disaini poolest m\u00f5eldud purjepaatidele. p70s v\u00f5imaldab hallata k\u00f5iki Evolution ja SPX seeria autopiloodi funktsioone. Vastavalt kasutaja soovile konfigureeritavad lehek\u00fcljed v\u00f5imaldavad kuvada k\u00f5iki navigeerimiseks vajalikke andmeid. p70s autopiloodi juhtimisseadmed \u00fchendatakse STNG (NMEA2000) v\u00f5rku. Pakendis on p70s, STNG harukaabel, tihend ja kinnituskruvid. Evolution ja SPX seeria autopiloot koos p70s kontrolleriga v\u00f5imaldab kasutada kalastus v\u00f5i l\u00f5bus\u00f5idu &#8220;mustreid&#8221;. See on funktsiooni kus paat teeb ringe, sikk-sakke, liblikaid, ovaale, spiraale, kaheksaid, lainelist joont jne. Tutvu kindlasti ka selle toote juhenditega\u00a0ja k\u00fcsimuste korral pea n\u00f5u meie spetsialistiga.<\/p>\n<div class=\"elementor-element elementor-element-b8849ec e-con-full e-flex e-con e-child\" data-id=\"b8849ec\" data-element_type=\"container\" data-e-type=\"container\">\n<div class=\"elementor-element elementor-element-0070333 elementor-add-to-cart--align-left elementor-widget__width-initial e-add-to-cart--show-quantity-yes elementor-widget elementor-widget-woocommerce-product-add-to-cart\" data-id=\"0070333\" data-element_type=\"widget\" data-e-type=\"widget\" data-widget_type=\"woocommerce-product-add-to-cart.default\">\n<div class=\"elementor-widget-container\">\n<div class=\"elementor-add-to-cart elementor-product-simple\"><\/div>\n<\/div>\n<\/div>\n<\/div>","protected":false},"featured_media":7689,"template":"","meta":{"_acf_changed":false},"product_brand":[],"product_cat":[67,52,103],"product_tag":[],"class_list":{"0":"post-6409","1":"product","2":"type-product","3":"status-publish","4":"has-post-thumbnail","6":"product_cat-kontrollerid","7":"product_cat-autopiloot-autopiloodid","8":"product_cat-raymarine","10":"first","11":"instock","12":"sale","13":"taxable","14":"shipping-taxable","15":"purchasable","16":"product-type-simple"},"acf":[],"yoast_head":"<!-- This site is optimized with the Yoast SEO Premium plugin v27.5 (Yoast SEO v27.5) - https:\/\/yoast.com\/product\/yoast-seo-premium-wordpress\/ -->\n<title>Raymarine p70s: Autopiloodi juhtimispaneel - NavSystems Mereelektroonika<\/title>\n<meta name=\"description\" content=\"Raymarine p70s autopiloodi juhtpaneel purjepaadile \u2013 intuitiivne, 3.5-tolline h\u00e4sti loetav ekraan mis \u00fchildub Evolution, SPX ja ST seeria autopilootidega.\" \/>\n<meta name=\"robots\" content=\"index, follow, max-snippet:-1, max-image-preview:large, max-video-preview:-1\" \/>\n<link rel=\"canonical\" href=\"https:\/\/raymarine.ee\/en\/product\/raymarine-p70s-autopilot-control-head\/\" \/>\n<meta property=\"og:locale\" content=\"en_GB\" \/>\n<meta property=\"og:type\" content=\"article\" \/>\n<meta property=\"og:title\" content=\"Raymarine p70s Autopilot Control Head\" \/>\n<meta property=\"og:description\" content=\"Raymarine p70s autopiloodi juhtpaneel purjepaadile \u2013 intuitiivne, 3.5-tolline h\u00e4sti loetav ekraan mis \u00fchildub Evolution, SPX ja ST seeria autopilootidega.\" \/>\n<meta property=\"og:url\" content=\"https:\/\/raymarine.ee\/en\/product\/raymarine-p70s-autopilot-control-head\/\" \/>\n<meta property=\"og:site_name\" content=\"NavSystems\" \/>\n<meta property=\"article:publisher\" content=\"https:\/\/www.facebook.com\/NavSystems\" \/>\n<meta property=\"article:modified_time\" content=\"2026-04-22T19:11:04+00:00\" \/>\n<meta property=\"og:image\" content=\"https:\/\/raymarine.ee\/wp-content\/uploads\/2025\/01\/7b4d61a9-c541-4aeb-8452-ccc6726696e2.webp\" \/>\n\t<meta property=\"og:image:width\" content=\"1024\" \/>\n\t<meta property=\"og:image:height\" content=\"1024\" \/>\n\t<meta property=\"og:image:type\" content=\"image\/webp\" \/>\n<meta name=\"twitter:card\" content=\"summary_large_image\" \/>\n<meta name=\"twitter:label1\" content=\"Price\" \/>\n\t<meta name=\"twitter:data1\" content=\"763,00&nbsp;&euro;\" \/>\n\t<meta name=\"twitter:label2\" content=\"Availability\" \/>\n\t<meta name=\"twitter:data2\" content=\"In stock\" \/>\n<script type=\"application\/ld+json\" class=\"yoast-schema-graph\">{\"@context\":\"https:\\\/\\\/schema.org\",\"@graph\":[{\"@type\":\"WebPage\",\"@id\":\"https:\\\/\\\/raymarine.ee\\\/product\\\/raymarine-p70s-autopilot-control-head\\\/\",\"url\":\"https:\\\/\\\/raymarine.ee\\\/product\\\/raymarine-p70s-autopilot-control-head\\\/\",\"name\":\"Raymarine p70s: Autopiloodi juhtimispaneel - NavSystems Mereelektroonika\",\"isPartOf\":{\"@id\":\"https:\\\/\\\/raymarine.ee\\\/#website\"},\"primaryImageOfPage\":{\"@id\":\"https:\\\/\\\/raymarine.ee\\\/product\\\/raymarine-p70s-autopilot-control-head\\\/#primaryimage\"},\"image\":{\"@id\":\"https:\\\/\\\/raymarine.ee\\\/product\\\/raymarine-p70s-autopilot-control-head\\\/#primaryimage\"},\"thumbnailUrl\":\"https:\\\/\\\/raymarine.ee\\\/wp-content\\\/uploads\\\/2025\\\/01\\\/7b4d61a9-c541-4aeb-8452-ccc6726696e2.webp\",\"datePublished\":\"2025-01-14T16:59:19+00:00\",\"dateModified\":\"2026-04-22T19:11:04+00:00\",\"description\":\"Raymarine p70s autopiloodi juhtpaneel purjepaadile \u2013 intuitiivne, 3.5-tolline h\u00e4sti loetav ekraan mis \u00fchildub Evolution, SPX ja ST seeria autopilootidega.\",\"breadcrumb\":{\"@id\":\"https:\\\/\\\/raymarine.ee\\\/product\\\/raymarine-p70s-autopilot-control-head\\\/#breadcrumb\"},\"inLanguage\":\"en-GB\",\"potentialAction\":[{\"@type\":\"ReadAction\",\"target\":[\"https:\\\/\\\/raymarine.ee\\\/product\\\/raymarine-p70s-autopilot-control-head\\\/\"]}]},{\"@type\":\"ImageObject\",\"inLanguage\":\"en-GB\",\"@id\":\"https:\\\/\\\/raymarine.ee\\\/product\\\/raymarine-p70s-autopilot-control-head\\\/#primaryimage\",\"url\":\"https:\\\/\\\/raymarine.ee\\\/wp-content\\\/uploads\\\/2025\\\/01\\\/7b4d61a9-c541-4aeb-8452-ccc6726696e2.webp\",\"contentUrl\":\"https:\\\/\\\/raymarine.ee\\\/wp-content\\\/uploads\\\/2025\\\/01\\\/7b4d61a9-c541-4aeb-8452-ccc6726696e2.webp\",\"width\":1024,\"height\":1024},{\"@type\":\"BreadcrumbList\",\"@id\":\"https:\\\/\\\/raymarine.ee\\\/product\\\/raymarine-p70s-autopilot-control-head\\\/#breadcrumb\",\"itemListElement\":[{\"@type\":\"ListItem\",\"position\":1,\"name\":\"Home\",\"item\":\"https:\\\/\\\/raymarine.ee\\\/\"},{\"@type\":\"ListItem\",\"position\":2,\"name\":\"Tooted\",\"item\":\"https:\\\/\\\/raymarine.ee\\\/shop\\\/\"},{\"@type\":\"ListItem\",\"position\":3,\"name\":\"Raymarine p70s Autopilot Control Head\"}]},{\"@type\":\"WebSite\",\"@id\":\"https:\\\/\\\/raymarine.ee\\\/#website\",\"url\":\"https:\\\/\\\/raymarine.ee\\\/\",\"name\":\"www.raymarine.ee\",\"description\":\"Mereelektroonika, kaardiplotter, autopiloot, pinnipiloot, roolipiloot, radar, AIS, VHF, Smart Wind\",\"publisher\":{\"@id\":\"https:\\\/\\\/raymarine.ee\\\/#organization\"},\"alternateName\":\"Raymarine\",\"potentialAction\":[{\"@type\":\"SearchAction\",\"target\":{\"@type\":\"EntryPoint\",\"urlTemplate\":\"https:\\\/\\\/raymarine.ee\\\/?s={search_term_string}\"},\"query-input\":{\"@type\":\"PropertyValueSpecification\",\"valueRequired\":true,\"valueName\":\"search_term_string\"}}],\"inLanguage\":\"en-GB\"},{\"@type\":\"Organization\",\"@id\":\"https:\\\/\\\/raymarine.ee\\\/#organization\",\"name\":\"NavSystems O\u00dc\",\"url\":\"https:\\\/\\\/raymarine.ee\\\/\",\"logo\":{\"@type\":\"ImageObject\",\"inLanguage\":\"en-GB\",\"@id\":\"https:\\\/\\\/raymarine.ee\\\/#\\\/schema\\\/logo\\\/image\\\/\",\"url\":\"https:\\\/\\\/raymarine.ee\\\/wp-content\\\/uploads\\\/2024\\\/10\\\/Screenshot-2024-10-15-151324_bg_removed.webp\",\"contentUrl\":\"https:\\\/\\\/raymarine.ee\\\/wp-content\\\/uploads\\\/2024\\\/10\\\/Screenshot-2024-10-15-151324_bg_removed.webp\",\"width\":420,\"height\":276,\"caption\":\"NavSystems O\u00dc\"},\"image\":{\"@id\":\"https:\\\/\\\/raymarine.ee\\\/#\\\/schema\\\/logo\\\/image\\\/\"},\"sameAs\":[\"https:\\\/\\\/www.facebook.com\\\/NavSystems\"],\"legalName\":\"NavSystems O\u00dc\",\"foundingDate\":\"2011-05-03\",\"numberOfEmployees\":{\"@type\":\"QuantitativeValue\",\"minValue\":\"1\",\"maxValue\":\"10\"}}]}<\/script>\n<meta property=\"product:price:amount\" content=\"763.00\" \/>\n<meta property=\"product:price:currency\" content=\"EUR\" \/>\n<meta property=\"og:availability\" content=\"instock\" \/>\n<meta property=\"product:availability\" content=\"instock\" \/>\n<meta property=\"product:retailer_item_id\" content=\"E70328\" \/>\n<meta property=\"product:condition\" content=\"new\" \/>\n<!-- \/ Yoast SEO Premium plugin. -->","yoast_head_json":{"title":"Raymarine p70s: Autopiloodi juhtimispaneel - NavSystems Mereelektroonika","description":"Raymarine p70s autopiloodi juhtpaneel purjepaadile \u2013 intuitiivne, 3.5-tolline h\u00e4sti loetav ekraan mis \u00fchildub Evolution, SPX ja ST seeria autopilootidega.","robots":{"index":"index","follow":"follow","max-snippet":"max-snippet:-1","max-image-preview":"max-image-preview:large","max-video-preview":"max-video-preview:-1"},"canonical":"https:\/\/raymarine.ee\/en\/product\/raymarine-p70s-autopilot-control-head\/","og_locale":"en_GB","og_type":"article","og_title":"Raymarine p70s Autopilot Control Head","og_description":"Raymarine p70s autopiloodi juhtpaneel purjepaadile \u2013 intuitiivne, 3.5-tolline h\u00e4sti loetav ekraan mis \u00fchildub Evolution, SPX ja ST seeria autopilootidega.","og_url":"https:\/\/raymarine.ee\/en\/product\/raymarine-p70s-autopilot-control-head\/","og_site_name":"NavSystems","article_publisher":"https:\/\/www.facebook.com\/NavSystems","article_modified_time":"2026-04-22T19:11:04+00:00","og_image":[{"width":1024,"height":1024,"url":"https:\/\/raymarine.ee\/wp-content\/uploads\/2025\/01\/7b4d61a9-c541-4aeb-8452-ccc6726696e2.webp","type":"image\/webp"}],"twitter_card":"summary_large_image","twitter_misc":{"Price":"763,00&nbsp;&euro;","Availability":"In stock"},"schema":{"@context":"https:\/\/schema.org","@graph":[{"@type":"WebPage","@id":"https:\/\/raymarine.ee\/product\/raymarine-p70s-autopilot-control-head\/","url":"https:\/\/raymarine.ee\/product\/raymarine-p70s-autopilot-control-head\/","name":"Raymarine p70s: Autopiloodi juhtimispaneel - NavSystems Mereelektroonika","isPartOf":{"@id":"https:\/\/raymarine.ee\/#website"},"primaryImageOfPage":{"@id":"https:\/\/raymarine.ee\/product\/raymarine-p70s-autopilot-control-head\/#primaryimage"},"image":{"@id":"https:\/\/raymarine.ee\/product\/raymarine-p70s-autopilot-control-head\/#primaryimage"},"thumbnailUrl":"https:\/\/raymarine.ee\/wp-content\/uploads\/2025\/01\/7b4d61a9-c541-4aeb-8452-ccc6726696e2.webp","datePublished":"2025-01-14T16:59:19+00:00","dateModified":"2026-04-22T19:11:04+00:00","description":"Raymarine p70s autopiloodi juhtpaneel purjepaadile \u2013 intuitiivne, 3.5-tolline h\u00e4sti loetav ekraan mis \u00fchildub Evolution, SPX ja ST seeria autopilootidega.","breadcrumb":{"@id":"https:\/\/raymarine.ee\/product\/raymarine-p70s-autopilot-control-head\/#breadcrumb"},"inLanguage":"en-GB","potentialAction":[{"@type":"ReadAction","target":["https:\/\/raymarine.ee\/product\/raymarine-p70s-autopilot-control-head\/"]}]},{"@type":"ImageObject","inLanguage":"en-GB","@id":"https:\/\/raymarine.ee\/product\/raymarine-p70s-autopilot-control-head\/#primaryimage","url":"https:\/\/raymarine.ee\/wp-content\/uploads\/2025\/01\/7b4d61a9-c541-4aeb-8452-ccc6726696e2.webp","contentUrl":"https:\/\/raymarine.ee\/wp-content\/uploads\/2025\/01\/7b4d61a9-c541-4aeb-8452-ccc6726696e2.webp","width":1024,"height":1024},{"@type":"BreadcrumbList","@id":"https:\/\/raymarine.ee\/product\/raymarine-p70s-autopilot-control-head\/#breadcrumb","itemListElement":[{"@type":"ListItem","position":1,"name":"Home","item":"https:\/\/raymarine.ee\/"},{"@type":"ListItem","position":2,"name":"Tooted","item":"https:\/\/raymarine.ee\/shop\/"},{"@type":"ListItem","position":3,"name":"Raymarine p70s Autopilot Control Head"}]},{"@type":"WebSite","@id":"https:\/\/raymarine.ee\/#website","url":"https:\/\/raymarine.ee\/","name":"www.raymarine.ee","description":"Mereelektroonika, kaardiplotter, autopiloot, pinnipiloot, roolipiloot, radar, AIS, VHF, Smart Wind","publisher":{"@id":"https:\/\/raymarine.ee\/#organization"},"alternateName":"Raymarine","potentialAction":[{"@type":"SearchAction","target":{"@type":"EntryPoint","urlTemplate":"https:\/\/raymarine.ee\/?s={search_term_string}"},"query-input":{"@type":"PropertyValueSpecification","valueRequired":true,"valueName":"search_term_string"}}],"inLanguage":"en-GB"},{"@type":"Organization","@id":"https:\/\/raymarine.ee\/#organization","name":"NavSystems O\u00dc","url":"https:\/\/raymarine.ee\/","logo":{"@type":"ImageObject","inLanguage":"en-GB","@id":"https:\/\/raymarine.ee\/#\/schema\/logo\/image\/","url":"https:\/\/raymarine.ee\/wp-content\/uploads\/2024\/10\/Screenshot-2024-10-15-151324_bg_removed.webp","contentUrl":"https:\/\/raymarine.ee\/wp-content\/uploads\/2024\/10\/Screenshot-2024-10-15-151324_bg_removed.webp","width":420,"height":276,"caption":"NavSystems O\u00dc"},"image":{"@id":"https:\/\/raymarine.ee\/#\/schema\/logo\/image\/"},"sameAs":["https:\/\/www.facebook.com\/NavSystems"],"legalName":"NavSystems O\u00dc","foundingDate":"2011-05-03","numberOfEmployees":{"@type":"QuantitativeValue","minValue":"1","maxValue":"10"}}]},"product_price_amount":"763.00","product_price_currency":"EUR","og_availability":"instock","product_availability":"instock","product_retailer_item_id":"E70328","product_condition":"new"},"jetpack_sharing_enabled":true,"_links":{"self":[{"href":"https:\/\/raymarine.ee\/en\/wp-json\/wp\/v2\/product\/6409","targetHints":{"allow":["GET"]}}],"collection":[{"href":"https:\/\/raymarine.ee\/en\/wp-json\/wp\/v2\/product"}],"about":[{"href":"https:\/\/raymarine.ee\/en\/wp-json\/wp\/v2\/types\/product"}],"wp:featuredmedia":[{"embeddable":true,"href":"https:\/\/raymarine.ee\/en\/wp-json\/wp\/v2\/media\/7689"}],"wp:attachment":[{"href":"https:\/\/raymarine.ee\/en\/wp-json\/wp\/v2\/media?parent=6409"}],"wp:term":[{"taxonomy":"product_brand","embeddable":true,"href":"https:\/\/raymarine.ee\/en\/wp-json\/wp\/v2\/product_brand?post=6409"},{"taxonomy":"product_cat","embeddable":true,"href":"https:\/\/raymarine.ee\/en\/wp-json\/wp\/v2\/product_cat?post=6409"},{"taxonomy":"product_tag","embeddable":true,"href":"https:\/\/raymarine.ee\/en\/wp-json\/wp\/v2\/product_tag?post=6409"}],"curies":[{"name":"wp","href":"https:\/\/api.w.org\/{rel}","templated":true}]}}