{"id":6410,"date":"2025-01-14T17:26:16","date_gmt":"2025-01-14T17:26:16","guid":{"rendered":"https:\/\/raymarine.ee\/?post_type=product&#038;p=6410"},"modified":"2025-04-24T12:00:37","modified_gmt":"2025-04-24T10:00:37","slug":"autopilot-follow-on-tiller-steer-control-head-standby-power-steer-standby","status":"publish","type":"product","link":"https:\/\/raymarine.ee\/en\/product\/autopilot-follow-on-tiller-steer-control-head-standby-power-steer-standby\/","title":{"rendered":"Autopilot Follow-On Tiller Steer Control Head (Standby &#8211; Power Steer &#8211; Standby)"},"content":{"rendered":"<p>Vaata\u00a0<a href=\"http:\/\/www.raymarine.com\/autopilot.html\" target=\"_blank\" rel=\"noopener\">Raymarine autopilootide<\/a>\u00a0tootetutvustust.<\/p>\n<p class=\"\" data-start=\"55\" data-end=\"99\"><strong data-start=\"55\" data-end=\"99\">Raymarine Follow-On Tiller Juhtimisseade<\/strong><\/p>\n<p class=\"\" data-start=\"101\" data-end=\"533\">Raymarine Follow-On Tiller autopiloodi juhtimisseade toob t\u00e4isfunktsionaalse rooliv\u00f5imendi k\u00f5ikjale laeva peal, pakkudes kaug- ja teiseste juhtimispunktide v\u00f5imalust. See on loodud purjejahtide v\u00f5i kaubalaevade jaoks ning on lihtne t\u00e4iendav juhtimisseade Raymarine Evolution autopiloodi s\u00fcsteemidele. \u00dche nupu vajutusega aktiveerib tiller Evolutioni Power Steer re\u017eiimi, v\u00f5imaldades kaptenil saata t\u00e4psed roolimise nurgad, kuni 35\u00b0.<\/p>\n<p class=\"\" data-start=\"535\" data-end=\"588\"><strong data-start=\"535\" data-end=\"559\">T\u00e4pne tootetutvustus<\/strong> leiate Raymarine kodulehelt.<\/p>\n<p class=\"\" data-start=\"590\" data-end=\"603\"><strong data-start=\"590\" data-end=\"603\">Omadused:<\/strong><\/p>\n<ul data-start=\"605\" data-end=\"829\">\n<li class=\"\" data-start=\"605\" data-end=\"685\">\n<p class=\"\" data-start=\"607\" data-end=\"685\">Rakendused: Raymarine Evolution Autopiloodi s\u00fcsteemid (ainult mootorpaatidele)<\/p>\n<\/li>\n<li class=\"\" data-start=\"686\" data-end=\"723\">\n<p class=\"\" data-start=\"688\" data-end=\"723\">Toiteallikas: 12V DC l\u00e4bi SeaTalkng<\/p>\n<\/li>\n<li class=\"\" data-start=\"724\" data-end=\"762\">\n<p class=\"\" data-start=\"726\" data-end=\"762\">Paigaldus: Lamedale, j\u00e4igale pinnale<\/p>\n<\/li>\n<li class=\"\" data-start=\"763\" data-end=\"785\">\n<p class=\"\" data-start=\"765\" data-end=\"785\">T\u00e4ielikult veekindel<\/p>\n<\/li>\n<li class=\"\" data-start=\"786\" data-end=\"829\">\n<p class=\"\" data-start=\"788\" data-end=\"829\">Kuni 4 Follow-On Tillerit saab paigaldada<\/p>\n<\/li>\n<\/ul>\n<p class=\"\" data-start=\"831\" data-end=\"853\"><strong data-start=\"831\" data-end=\"853\">Tehnilised andmed:<\/strong><\/p>\n<ul data-start=\"855\" data-end=\"934\">\n<li class=\"\" data-start=\"855\" data-end=\"867\">\n<p class=\"\" data-start=\"857\" data-end=\"867\">T\u00fc\u00fcp: Osad<\/p>\n<\/li>\n<li class=\"\" data-start=\"868\" data-end=\"918\">\n<p class=\"\" data-start=\"870\" data-end=\"918\">Karpide m\u00f5\u00f5dud: 3&#8243; k\u00f5rgus x 6&#8243; laius x 9&#8243; pikkus<\/p>\n<\/li>\n<li class=\"\" data-start=\"919\" data-end=\"934\">\n<p class=\"\" data-start=\"921\" data-end=\"934\">Kaal: 1,2 lbs<\/p>\n<\/li>\n<\/ul>","protected":false},"excerpt":{"rendered":"<p>Raymarine\u2019s Follow-On Tiller autopilot controller brings fully functional power steering to remote and secondary control stations anywhere onboard. Designed for cruising yachts or commercial vessels, the Follow-On Tiller is a simple add-on control unit for Raymarine Evolution autopilot systems. With a single button press, the tiller activates Evolution\u2019s Power Steer mode, enabling captains to send precise steering angle commands to the rudder, up to 35\u00b0<\/p>","protected":false},"featured_media":7691,"template":"","meta":{"_acf_changed":false},"product_brand":[],"product_cat":[67,52,103],"product_tag":[],"class_list":{"0":"post-6410","1":"product","2":"type-product","3":"status-publish","4":"has-post-thumbnail","6":"product_cat-kontrollerid","7":"product_cat-autopiloot-autopiloodid","8":"product_cat-raymarine","10":"first","11":"instock","12":"sale","13":"taxable","14":"shipping-taxable","15":"purchasable","16":"product-type-simple"},"acf":[],"yoast_head":"<!-- This site is optimized with the Yoast SEO Premium plugin v27.5 (Yoast SEO v27.5) - https:\/\/yoast.com\/product\/yoast-seo-premium-wordpress\/ -->\n<title>Autopilot Follow-On Tiller Steer Control Head (Standby - Power Steer - Standby) - NavSystems Mereelektroonika<\/title>\n<meta name=\"description\" content=\"Raymarine Follow-On Tiller autopiloodi juhtimisseade toob t\u00e4isfunktsionaalse rooliv\u00f5imendi k\u00f5ikjale laeva peal, v\u00f5imaldades t\u00e4pset juhtimist ja roolimise nurkade m\u00e4\u00e4ramist kuni 35\u00b0. T\u00e4iendage oma Raymarine Evolution autopiloodi s\u00fcsteemi.\" \/>\n<meta name=\"robots\" content=\"index, follow, max-snippet:-1, max-image-preview:large, max-video-preview:-1\" \/>\n<link rel=\"canonical\" href=\"https:\/\/raymarine.ee\/en\/product\/autopilot-follow-on-tiller-steer-control-head-standby-power-steer-standby\/\" \/>\n<meta property=\"og:locale\" content=\"en_GB\" \/>\n<meta property=\"og:type\" content=\"article\" \/>\n<meta property=\"og:title\" content=\"Autopilot Follow-On Tiller Steer Control Head (Standby - Power Steer - Standby)\" \/>\n<meta property=\"og:description\" content=\"Raymarine Follow-On Tiller autopiloodi juhtimisseade toob t\u00e4isfunktsionaalse rooliv\u00f5imendi k\u00f5ikjale laeva peal, v\u00f5imaldades t\u00e4pset juhtimist ja roolimise nurkade m\u00e4\u00e4ramist kuni 35\u00b0. T\u00e4iendage oma Raymarine Evolution autopiloodi s\u00fcsteemi.\" \/>\n<meta property=\"og:url\" content=\"https:\/\/raymarine.ee\/en\/product\/autopilot-follow-on-tiller-steer-control-head-standby-power-steer-standby\/\" \/>\n<meta property=\"og:site_name\" content=\"NavSystems\" \/>\n<meta property=\"article:publisher\" content=\"https:\/\/www.facebook.com\/NavSystems\" \/>\n<meta property=\"article:modified_time\" content=\"2025-04-24T10:00:37+00:00\" \/>\n<meta property=\"og:image\" content=\"https:\/\/raymarine.ee\/wp-content\/uploads\/2025\/01\/fd8424e7-400a-4e80-8d63-5f6958e6b785.webp\" \/>\n\t<meta property=\"og:image:width\" content=\"1024\" \/>\n\t<meta property=\"og:image:height\" content=\"1024\" \/>\n\t<meta property=\"og:image:type\" content=\"image\/webp\" \/>\n<meta name=\"twitter:card\" content=\"summary_large_image\" \/>\n<meta name=\"twitter:label1\" content=\"Price\" \/>\n\t<meta name=\"twitter:data1\" content=\"822,00&nbsp;&euro;\" \/>\n\t<meta name=\"twitter:label2\" content=\"Availability\" \/>\n\t<meta name=\"twitter:data2\" content=\"In stock\" \/>\n<script type=\"application\/ld+json\" class=\"yoast-schema-graph\">{\"@context\":\"https:\\\/\\\/schema.org\",\"@graph\":[{\"@type\":\"WebPage\",\"@id\":\"https:\\\/\\\/raymarine.ee\\\/product\\\/autopilot-follow-on-tiller-steer-control-head-standby-power-steer-standby\\\/\",\"url\":\"https:\\\/\\\/raymarine.ee\\\/product\\\/autopilot-follow-on-tiller-steer-control-head-standby-power-steer-standby\\\/\",\"name\":\"Autopilot Follow-On Tiller Steer Control Head (Standby - Power Steer - Standby) - NavSystems Mereelektroonika\",\"isPartOf\":{\"@id\":\"https:\\\/\\\/raymarine.ee\\\/#website\"},\"primaryImageOfPage\":{\"@id\":\"https:\\\/\\\/raymarine.ee\\\/product\\\/autopilot-follow-on-tiller-steer-control-head-standby-power-steer-standby\\\/#primaryimage\"},\"image\":{\"@id\":\"https:\\\/\\\/raymarine.ee\\\/product\\\/autopilot-follow-on-tiller-steer-control-head-standby-power-steer-standby\\\/#primaryimage\"},\"thumbnailUrl\":\"https:\\\/\\\/raymarine.ee\\\/wp-content\\\/uploads\\\/2025\\\/01\\\/fd8424e7-400a-4e80-8d63-5f6958e6b785.webp\",\"datePublished\":\"2025-01-14T17:26:16+00:00\",\"dateModified\":\"2025-04-24T10:00:37+00:00\",\"description\":\"Raymarine Follow-On Tiller autopiloodi juhtimisseade toob t\u00e4isfunktsionaalse rooliv\u00f5imendi k\u00f5ikjale laeva peal, v\u00f5imaldades t\u00e4pset juhtimist ja roolimise nurkade m\u00e4\u00e4ramist kuni 35\u00b0. T\u00e4iendage oma Raymarine Evolution autopiloodi s\u00fcsteemi.\",\"breadcrumb\":{\"@id\":\"https:\\\/\\\/raymarine.ee\\\/product\\\/autopilot-follow-on-tiller-steer-control-head-standby-power-steer-standby\\\/#breadcrumb\"},\"inLanguage\":\"en-GB\",\"potentialAction\":[{\"@type\":\"ReadAction\",\"target\":[\"https:\\\/\\\/raymarine.ee\\\/product\\\/autopilot-follow-on-tiller-steer-control-head-standby-power-steer-standby\\\/\"]}]},{\"@type\":\"ImageObject\",\"inLanguage\":\"en-GB\",\"@id\":\"https:\\\/\\\/raymarine.ee\\\/product\\\/autopilot-follow-on-tiller-steer-control-head-standby-power-steer-standby\\\/#primaryimage\",\"url\":\"https:\\\/\\\/raymarine.ee\\\/wp-content\\\/uploads\\\/2025\\\/01\\\/fd8424e7-400a-4e80-8d63-5f6958e6b785.webp\",\"contentUrl\":\"https:\\\/\\\/raymarine.ee\\\/wp-content\\\/uploads\\\/2025\\\/01\\\/fd8424e7-400a-4e80-8d63-5f6958e6b785.webp\",\"width\":1024,\"height\":1024},{\"@type\":\"BreadcrumbList\",\"@id\":\"https:\\\/\\\/raymarine.ee\\\/product\\\/autopilot-follow-on-tiller-steer-control-head-standby-power-steer-standby\\\/#breadcrumb\",\"itemListElement\":[{\"@type\":\"ListItem\",\"position\":1,\"name\":\"Home\",\"item\":\"https:\\\/\\\/raymarine.ee\\\/\"},{\"@type\":\"ListItem\",\"position\":2,\"name\":\"Tooted\",\"item\":\"https:\\\/\\\/raymarine.ee\\\/shop\\\/\"},{\"@type\":\"ListItem\",\"position\":3,\"name\":\"Autopilot Follow-On Tiller Steer Control Head (Standby &#8211; Power Steer &#8211; Standby)\"}]},{\"@type\":\"WebSite\",\"@id\":\"https:\\\/\\\/raymarine.ee\\\/#website\",\"url\":\"https:\\\/\\\/raymarine.ee\\\/\",\"name\":\"www.raymarine.ee\",\"description\":\"Mereelektroonika, kaardiplotter, autopiloot, pinnipiloot, roolipiloot, radar, AIS, VHF, Smart Wind\",\"publisher\":{\"@id\":\"https:\\\/\\\/raymarine.ee\\\/#organization\"},\"alternateName\":\"Raymarine\",\"potentialAction\":[{\"@type\":\"SearchAction\",\"target\":{\"@type\":\"EntryPoint\",\"urlTemplate\":\"https:\\\/\\\/raymarine.ee\\\/?s={search_term_string}\"},\"query-input\":{\"@type\":\"PropertyValueSpecification\",\"valueRequired\":true,\"valueName\":\"search_term_string\"}}],\"inLanguage\":\"en-GB\"},{\"@type\":\"Organization\",\"@id\":\"https:\\\/\\\/raymarine.ee\\\/#organization\",\"name\":\"NavSystems O\u00dc\",\"url\":\"https:\\\/\\\/raymarine.ee\\\/\",\"logo\":{\"@type\":\"ImageObject\",\"inLanguage\":\"en-GB\",\"@id\":\"https:\\\/\\\/raymarine.ee\\\/#\\\/schema\\\/logo\\\/image\\\/\",\"url\":\"https:\\\/\\\/raymarine.ee\\\/wp-content\\\/uploads\\\/2024\\\/10\\\/Screenshot-2024-10-15-151324_bg_removed.webp\",\"contentUrl\":\"https:\\\/\\\/raymarine.ee\\\/wp-content\\\/uploads\\\/2024\\\/10\\\/Screenshot-2024-10-15-151324_bg_removed.webp\",\"width\":420,\"height\":276,\"caption\":\"NavSystems O\u00dc\"},\"image\":{\"@id\":\"https:\\\/\\\/raymarine.ee\\\/#\\\/schema\\\/logo\\\/image\\\/\"},\"sameAs\":[\"https:\\\/\\\/www.facebook.com\\\/NavSystems\"],\"legalName\":\"NavSystems O\u00dc\",\"foundingDate\":\"2011-05-03\",\"numberOfEmployees\":{\"@type\":\"QuantitativeValue\",\"minValue\":\"1\",\"maxValue\":\"10\"}}]}<\/script>\n<meta property=\"product:price:amount\" content=\"822.00\" \/>\n<meta property=\"product:price:currency\" content=\"EUR\" \/>\n<meta property=\"og:availability\" content=\"instock\" \/>\n<meta property=\"product:availability\" content=\"instock\" \/>\n<meta property=\"product:retailer_item_id\" content=\"A80532\" \/>\n<meta property=\"product:condition\" content=\"new\" \/>\n<!-- \/ Yoast SEO Premium plugin. -->","yoast_head_json":{"title":"Autopilot Follow-On Tiller Steer Control Head (Standby - Power Steer - Standby) - NavSystems Mereelektroonika","description":"Raymarine Follow-On Tiller autopiloodi juhtimisseade toob t\u00e4isfunktsionaalse rooliv\u00f5imendi k\u00f5ikjale laeva peal, v\u00f5imaldades t\u00e4pset juhtimist ja roolimise nurkade m\u00e4\u00e4ramist kuni 35\u00b0. T\u00e4iendage oma Raymarine Evolution autopiloodi s\u00fcsteemi.","robots":{"index":"index","follow":"follow","max-snippet":"max-snippet:-1","max-image-preview":"max-image-preview:large","max-video-preview":"max-video-preview:-1"},"canonical":"https:\/\/raymarine.ee\/en\/product\/autopilot-follow-on-tiller-steer-control-head-standby-power-steer-standby\/","og_locale":"en_GB","og_type":"article","og_title":"Autopilot Follow-On Tiller Steer Control Head (Standby - Power Steer - Standby)","og_description":"Raymarine Follow-On Tiller autopiloodi juhtimisseade toob t\u00e4isfunktsionaalse rooliv\u00f5imendi k\u00f5ikjale laeva peal, v\u00f5imaldades t\u00e4pset juhtimist ja roolimise nurkade m\u00e4\u00e4ramist kuni 35\u00b0. T\u00e4iendage oma Raymarine Evolution autopiloodi s\u00fcsteemi.","og_url":"https:\/\/raymarine.ee\/en\/product\/autopilot-follow-on-tiller-steer-control-head-standby-power-steer-standby\/","og_site_name":"NavSystems","article_publisher":"https:\/\/www.facebook.com\/NavSystems","article_modified_time":"2025-04-24T10:00:37+00:00","og_image":[{"width":1024,"height":1024,"url":"https:\/\/raymarine.ee\/wp-content\/uploads\/2025\/01\/fd8424e7-400a-4e80-8d63-5f6958e6b785.webp","type":"image\/webp"}],"twitter_card":"summary_large_image","twitter_misc":{"Price":"822,00&nbsp;&euro;","Availability":"In stock"},"schema":{"@context":"https:\/\/schema.org","@graph":[{"@type":"WebPage","@id":"https:\/\/raymarine.ee\/product\/autopilot-follow-on-tiller-steer-control-head-standby-power-steer-standby\/","url":"https:\/\/raymarine.ee\/product\/autopilot-follow-on-tiller-steer-control-head-standby-power-steer-standby\/","name":"Autopilot Follow-On Tiller Steer Control Head (Standby - Power Steer - Standby) - NavSystems Mereelektroonika","isPartOf":{"@id":"https:\/\/raymarine.ee\/#website"},"primaryImageOfPage":{"@id":"https:\/\/raymarine.ee\/product\/autopilot-follow-on-tiller-steer-control-head-standby-power-steer-standby\/#primaryimage"},"image":{"@id":"https:\/\/raymarine.ee\/product\/autopilot-follow-on-tiller-steer-control-head-standby-power-steer-standby\/#primaryimage"},"thumbnailUrl":"https:\/\/raymarine.ee\/wp-content\/uploads\/2025\/01\/fd8424e7-400a-4e80-8d63-5f6958e6b785.webp","datePublished":"2025-01-14T17:26:16+00:00","dateModified":"2025-04-24T10:00:37+00:00","description":"Raymarine Follow-On Tiller autopiloodi juhtimisseade toob t\u00e4isfunktsionaalse rooliv\u00f5imendi k\u00f5ikjale laeva peal, v\u00f5imaldades t\u00e4pset juhtimist ja roolimise nurkade m\u00e4\u00e4ramist kuni 35\u00b0. T\u00e4iendage oma Raymarine Evolution autopiloodi s\u00fcsteemi.","breadcrumb":{"@id":"https:\/\/raymarine.ee\/product\/autopilot-follow-on-tiller-steer-control-head-standby-power-steer-standby\/#breadcrumb"},"inLanguage":"en-GB","potentialAction":[{"@type":"ReadAction","target":["https:\/\/raymarine.ee\/product\/autopilot-follow-on-tiller-steer-control-head-standby-power-steer-standby\/"]}]},{"@type":"ImageObject","inLanguage":"en-GB","@id":"https:\/\/raymarine.ee\/product\/autopilot-follow-on-tiller-steer-control-head-standby-power-steer-standby\/#primaryimage","url":"https:\/\/raymarine.ee\/wp-content\/uploads\/2025\/01\/fd8424e7-400a-4e80-8d63-5f6958e6b785.webp","contentUrl":"https:\/\/raymarine.ee\/wp-content\/uploads\/2025\/01\/fd8424e7-400a-4e80-8d63-5f6958e6b785.webp","width":1024,"height":1024},{"@type":"BreadcrumbList","@id":"https:\/\/raymarine.ee\/product\/autopilot-follow-on-tiller-steer-control-head-standby-power-steer-standby\/#breadcrumb","itemListElement":[{"@type":"ListItem","position":1,"name":"Home","item":"https:\/\/raymarine.ee\/"},{"@type":"ListItem","position":2,"name":"Tooted","item":"https:\/\/raymarine.ee\/shop\/"},{"@type":"ListItem","position":3,"name":"Autopilot Follow-On Tiller Steer Control Head (Standby &#8211; Power Steer &#8211; Standby)"}]},{"@type":"WebSite","@id":"https:\/\/raymarine.ee\/#website","url":"https:\/\/raymarine.ee\/","name":"www.raymarine.ee","description":"Mereelektroonika, kaardiplotter, autopiloot, pinnipiloot, roolipiloot, radar, AIS, VHF, Smart Wind","publisher":{"@id":"https:\/\/raymarine.ee\/#organization"},"alternateName":"Raymarine","potentialAction":[{"@type":"SearchAction","target":{"@type":"EntryPoint","urlTemplate":"https:\/\/raymarine.ee\/?s={search_term_string}"},"query-input":{"@type":"PropertyValueSpecification","valueRequired":true,"valueName":"search_term_string"}}],"inLanguage":"en-GB"},{"@type":"Organization","@id":"https:\/\/raymarine.ee\/#organization","name":"NavSystems O\u00dc","url":"https:\/\/raymarine.ee\/","logo":{"@type":"ImageObject","inLanguage":"en-GB","@id":"https:\/\/raymarine.ee\/#\/schema\/logo\/image\/","url":"https:\/\/raymarine.ee\/wp-content\/uploads\/2024\/10\/Screenshot-2024-10-15-151324_bg_removed.webp","contentUrl":"https:\/\/raymarine.ee\/wp-content\/uploads\/2024\/10\/Screenshot-2024-10-15-151324_bg_removed.webp","width":420,"height":276,"caption":"NavSystems O\u00dc"},"image":{"@id":"https:\/\/raymarine.ee\/#\/schema\/logo\/image\/"},"sameAs":["https:\/\/www.facebook.com\/NavSystems"],"legalName":"NavSystems O\u00dc","foundingDate":"2011-05-03","numberOfEmployees":{"@type":"QuantitativeValue","minValue":"1","maxValue":"10"}}]},"product_price_amount":"822.00","product_price_currency":"EUR","og_availability":"instock","product_availability":"instock","product_retailer_item_id":"A80532","product_condition":"new"},"jetpack_sharing_enabled":true,"_links":{"self":[{"href":"https:\/\/raymarine.ee\/en\/wp-json\/wp\/v2\/product\/6410","targetHints":{"allow":["GET"]}}],"collection":[{"href":"https:\/\/raymarine.ee\/en\/wp-json\/wp\/v2\/product"}],"about":[{"href":"https:\/\/raymarine.ee\/en\/wp-json\/wp\/v2\/types\/product"}],"wp:featuredmedia":[{"embeddable":true,"href":"https:\/\/raymarine.ee\/en\/wp-json\/wp\/v2\/media\/7691"}],"wp:attachment":[{"href":"https:\/\/raymarine.ee\/en\/wp-json\/wp\/v2\/media?parent=6410"}],"wp:term":[{"taxonomy":"product_brand","embeddable":true,"href":"https:\/\/raymarine.ee\/en\/wp-json\/wp\/v2\/product_brand?post=6410"},{"taxonomy":"product_cat","embeddable":true,"href":"https:\/\/raymarine.ee\/en\/wp-json\/wp\/v2\/product_cat?post=6410"},{"taxonomy":"product_tag","embeddable":true,"href":"https:\/\/raymarine.ee\/en\/wp-json\/wp\/v2\/product_tag?post=6410"}],"curies":[{"name":"wp","href":"https:\/\/api.w.org\/{rel}","templated":true}]}}