{"id":6411,"date":"2025-01-14T17:21:36","date_gmt":"2025-01-14T17:21:36","guid":{"rendered":"https:\/\/raymarine.ee\/?post_type=product&#038;p=6411"},"modified":"2025-04-24T12:02:21","modified_gmt":"2025-04-24T10:02:21","slug":"autopilot-follow-on-tiller-steer-control-head-auto-power-steer-auto","status":"publish","type":"product","link":"https:\/\/raymarine.ee\/en\/product\/autopilot-follow-on-tiller-steer-control-head-auto-power-steer-auto\/","title":{"rendered":"Autopilot Follow-On Tiller Steer Control Head (Auto &#8211; Power Steer &#8211; Auto)"},"content":{"rendered":"<p>Vaata\u00a0<a href=\"http:\/\/www.raymarine.com\/autopilot.html\" target=\"_blank\" rel=\"noopener\">Raymarine autopilootide<\/a>\u00a0tootetutvustust.<\/p>\n<p class=\"\" data-start=\"55\" data-end=\"104\"><strong data-start=\"55\" data-end=\"104\">Raymarine Follow-On Tiller Steer Control Head<\/strong><\/p>\n<p class=\"\" data-start=\"106\" data-end=\"523\">Raymarine&#8217;i Follow-On Tiller autopiloodi juhtimisseade toob t\u00e4isfunktsionaalse roolis\u00fcsteemi kaug- ja k\u00f5rvaljuhtimisjaamadesse k\u00f5ikjal laeva peal. Kavandatud kruiisilaevadele ja kaubalaevadele, on Follow-On Tiller lihtne lisand, mis sobib Raymarine Evolution autopiloodi s\u00fcsteemide jaoks. \u00dche nupuvajutusega aktiveerib tiller Evolutioni Power Steer re\u017eiimi, v\u00f5imaldades kaptenil saata t\u00e4psed roolimisnurgad, kuni 35\u00b0.<\/p>\n<p class=\"\" data-start=\"525\" data-end=\"538\"><strong data-start=\"525\" data-end=\"538\">Omadused:<\/strong><\/p>\n<ul data-start=\"540\" data-end=\"771\">\n<li class=\"\" data-start=\"540\" data-end=\"624\">\n<p class=\"\" data-start=\"542\" data-end=\"624\"><strong data-start=\"542\" data-end=\"557\">Rakendused:<\/strong> Raymarine Evolution autopiloodi s\u00fcsteemid (ainult mootorpaatidele)<\/p>\n<\/li>\n<li class=\"\" data-start=\"625\" data-end=\"665\">\n<p class=\"\" data-start=\"627\" data-end=\"665\"><strong data-start=\"627\" data-end=\"637\">Toide:<\/strong> 12V DC l\u00e4bi SeaTalkng v\u00f5rgu<\/p>\n<\/li>\n<li class=\"\" data-start=\"666\" data-end=\"701\">\n<p class=\"\" data-start=\"668\" data-end=\"701\"><strong data-start=\"668\" data-end=\"682\">Paigaldus:<\/strong> \u00dchtlane, j\u00e4ik pind<\/p>\n<\/li>\n<li class=\"\" data-start=\"702\" data-end=\"728\">\n<p class=\"\" data-start=\"704\" data-end=\"728\"><strong data-start=\"704\" data-end=\"728\">T\u00e4ielikult veekindel<\/strong><\/p>\n<\/li>\n<li class=\"\" data-start=\"729\" data-end=\"771\">\n<p class=\"\" data-start=\"731\" data-end=\"771\">Kuni 4 Follow-On Tillers saab paigaldada<\/p>\n<\/li>\n<\/ul>\n<p class=\"\" data-start=\"773\" data-end=\"795\"><strong data-start=\"773\" data-end=\"795\">Tehnilised andmed:<\/strong><\/p>\n<ul data-start=\"797\" data-end=\"868\">\n<li class=\"\" data-start=\"797\" data-end=\"813\">\n<p class=\"\" data-start=\"799\" data-end=\"813\"><strong data-start=\"799\" data-end=\"808\">T\u00fc\u00fcp:<\/strong> Osad<\/p>\n<\/li>\n<li class=\"\" data-start=\"814\" data-end=\"848\">\n<p class=\"\" data-start=\"816\" data-end=\"848\"><strong data-start=\"816\" data-end=\"832\">Karbim\u00f5\u00f5dud:<\/strong> 3&#8243;H x 6&#8243;W x 9&#8243;L<\/p>\n<\/li>\n<li class=\"\" data-start=\"849\" data-end=\"868\">\n<p class=\"\" data-start=\"851\" data-end=\"868\"><strong data-start=\"851\" data-end=\"860\">Kaal:<\/strong> 1.2 lbs<\/p>\n<\/li>\n<\/ul>","protected":false},"excerpt":{"rendered":"<p>Raymarine\u2019s Follow-On Tiller autopilot controller brings fully functional power steering to remote and secondary control stations anywhere onboard. Designed for cruising yachts or commercial vessels, the Follow-On Tiller is a simple add-on control unit for Raymarine Evolution autopilot systems. With a single button press, the tiller activates Evolution\u2019s Power Steer mode, enabling captains to send precise steering angle commands to the rudder, up to 35\u00b0.<\/p>","protected":false},"featured_media":7690,"template":"","meta":{"_acf_changed":false},"product_brand":[],"product_cat":[67,52,103],"product_tag":[],"class_list":{"0":"post-6411","1":"product","2":"type-product","3":"status-publish","4":"has-post-thumbnail","6":"product_cat-kontrollerid","7":"product_cat-autopiloot-autopiloodid","8":"product_cat-raymarine","10":"first","11":"instock","12":"sale","13":"taxable","14":"shipping-taxable","15":"purchasable","16":"product-type-simple"},"acf":[],"yoast_head":"<!-- This site is optimized with the Yoast SEO Premium plugin v27.5 (Yoast SEO v27.5) - https:\/\/yoast.com\/product\/yoast-seo-premium-wordpress\/ -->\n<title>Autopilot Follow-On Tiller Steer Control Head (Auto - Power Steer - Auto) - NavSystems Mereelektroonika<\/title>\n<meta name=\"description\" content=\"Raymarine Follow-On Tiller autopiloodi juhtimisseade pakub t\u00e4isfunktsionaalset roolis\u00fcsteemi, mis toob t\u00e4psed roolimisnurgad k\u00f5ikjale laeva peal. \u00dchildub Raymarine Evolution s\u00fcsteemidega ja paigaldatav kuni nelja juhtimispunktiga.\" \/>\n<meta name=\"robots\" content=\"index, follow, max-snippet:-1, max-image-preview:large, max-video-preview:-1\" \/>\n<link rel=\"canonical\" href=\"https:\/\/raymarine.ee\/en\/product\/autopilot-follow-on-tiller-steer-control-head-auto-power-steer-auto\/\" \/>\n<meta property=\"og:locale\" content=\"en_GB\" \/>\n<meta property=\"og:type\" content=\"article\" \/>\n<meta property=\"og:title\" content=\"Autopilot Follow-On Tiller Steer Control Head (Auto - Power Steer - Auto)\" \/>\n<meta property=\"og:description\" content=\"Raymarine Follow-On Tiller autopiloodi juhtimisseade pakub t\u00e4isfunktsionaalset roolis\u00fcsteemi, mis toob t\u00e4psed roolimisnurgad k\u00f5ikjale laeva peal. \u00dchildub Raymarine Evolution s\u00fcsteemidega ja paigaldatav kuni nelja juhtimispunktiga.\" \/>\n<meta property=\"og:url\" content=\"https:\/\/raymarine.ee\/en\/product\/autopilot-follow-on-tiller-steer-control-head-auto-power-steer-auto\/\" \/>\n<meta property=\"og:site_name\" content=\"NavSystems\" \/>\n<meta property=\"article:publisher\" content=\"https:\/\/www.facebook.com\/NavSystems\" \/>\n<meta property=\"article:modified_time\" content=\"2025-04-24T10:02:21+00:00\" \/>\n<meta property=\"og:image\" content=\"https:\/\/raymarine.ee\/wp-content\/uploads\/2025\/01\/b7fc059e-3ef1-4863-bce2-decd3afb32c2.webp\" \/>\n\t<meta property=\"og:image:width\" content=\"1024\" \/>\n\t<meta property=\"og:image:height\" content=\"1024\" \/>\n\t<meta property=\"og:image:type\" content=\"image\/webp\" \/>\n<meta name=\"twitter:card\" content=\"summary_large_image\" \/>\n<meta name=\"twitter:label1\" content=\"Price\" \/>\n\t<meta name=\"twitter:data1\" content=\"822,00&nbsp;&euro;\" \/>\n\t<meta name=\"twitter:label2\" content=\"Availability\" \/>\n\t<meta name=\"twitter:data2\" content=\"In stock\" \/>\n<script type=\"application\/ld+json\" class=\"yoast-schema-graph\">{\"@context\":\"https:\\\/\\\/schema.org\",\"@graph\":[{\"@type\":\"WebPage\",\"@id\":\"https:\\\/\\\/raymarine.ee\\\/product\\\/autopilot-follow-on-tiller-steer-control-head-auto-power-steer-auto\\\/\",\"url\":\"https:\\\/\\\/raymarine.ee\\\/product\\\/autopilot-follow-on-tiller-steer-control-head-auto-power-steer-auto\\\/\",\"name\":\"Autopilot Follow-On Tiller Steer Control Head (Auto - Power Steer - Auto) - NavSystems Mereelektroonika\",\"isPartOf\":{\"@id\":\"https:\\\/\\\/raymarine.ee\\\/#website\"},\"primaryImageOfPage\":{\"@id\":\"https:\\\/\\\/raymarine.ee\\\/product\\\/autopilot-follow-on-tiller-steer-control-head-auto-power-steer-auto\\\/#primaryimage\"},\"image\":{\"@id\":\"https:\\\/\\\/raymarine.ee\\\/product\\\/autopilot-follow-on-tiller-steer-control-head-auto-power-steer-auto\\\/#primaryimage\"},\"thumbnailUrl\":\"https:\\\/\\\/raymarine.ee\\\/wp-content\\\/uploads\\\/2025\\\/01\\\/b7fc059e-3ef1-4863-bce2-decd3afb32c2.webp\",\"datePublished\":\"2025-01-14T17:21:36+00:00\",\"dateModified\":\"2025-04-24T10:02:21+00:00\",\"description\":\"Raymarine Follow-On Tiller autopiloodi juhtimisseade pakub t\u00e4isfunktsionaalset roolis\u00fcsteemi, mis toob t\u00e4psed roolimisnurgad k\u00f5ikjale laeva peal. \u00dchildub Raymarine Evolution s\u00fcsteemidega ja paigaldatav kuni nelja juhtimispunktiga.\",\"breadcrumb\":{\"@id\":\"https:\\\/\\\/raymarine.ee\\\/product\\\/autopilot-follow-on-tiller-steer-control-head-auto-power-steer-auto\\\/#breadcrumb\"},\"inLanguage\":\"en-GB\",\"potentialAction\":[{\"@type\":\"ReadAction\",\"target\":[\"https:\\\/\\\/raymarine.ee\\\/product\\\/autopilot-follow-on-tiller-steer-control-head-auto-power-steer-auto\\\/\"]}]},{\"@type\":\"ImageObject\",\"inLanguage\":\"en-GB\",\"@id\":\"https:\\\/\\\/raymarine.ee\\\/product\\\/autopilot-follow-on-tiller-steer-control-head-auto-power-steer-auto\\\/#primaryimage\",\"url\":\"https:\\\/\\\/raymarine.ee\\\/wp-content\\\/uploads\\\/2025\\\/01\\\/b7fc059e-3ef1-4863-bce2-decd3afb32c2.webp\",\"contentUrl\":\"https:\\\/\\\/raymarine.ee\\\/wp-content\\\/uploads\\\/2025\\\/01\\\/b7fc059e-3ef1-4863-bce2-decd3afb32c2.webp\",\"width\":1024,\"height\":1024},{\"@type\":\"BreadcrumbList\",\"@id\":\"https:\\\/\\\/raymarine.ee\\\/product\\\/autopilot-follow-on-tiller-steer-control-head-auto-power-steer-auto\\\/#breadcrumb\",\"itemListElement\":[{\"@type\":\"ListItem\",\"position\":1,\"name\":\"Home\",\"item\":\"https:\\\/\\\/raymarine.ee\\\/\"},{\"@type\":\"ListItem\",\"position\":2,\"name\":\"Tooted\",\"item\":\"https:\\\/\\\/raymarine.ee\\\/shop\\\/\"},{\"@type\":\"ListItem\",\"position\":3,\"name\":\"Autopilot Follow-On Tiller Steer Control Head (Auto &#8211; Power Steer &#8211; Auto)\"}]},{\"@type\":\"WebSite\",\"@id\":\"https:\\\/\\\/raymarine.ee\\\/#website\",\"url\":\"https:\\\/\\\/raymarine.ee\\\/\",\"name\":\"www.raymarine.ee\",\"description\":\"Mereelektroonika, kaardiplotter, autopiloot, pinnipiloot, roolipiloot, radar, AIS, VHF, Smart Wind\",\"publisher\":{\"@id\":\"https:\\\/\\\/raymarine.ee\\\/#organization\"},\"alternateName\":\"Raymarine\",\"potentialAction\":[{\"@type\":\"SearchAction\",\"target\":{\"@type\":\"EntryPoint\",\"urlTemplate\":\"https:\\\/\\\/raymarine.ee\\\/?s={search_term_string}\"},\"query-input\":{\"@type\":\"PropertyValueSpecification\",\"valueRequired\":true,\"valueName\":\"search_term_string\"}}],\"inLanguage\":\"en-GB\"},{\"@type\":\"Organization\",\"@id\":\"https:\\\/\\\/raymarine.ee\\\/#organization\",\"name\":\"NavSystems O\u00dc\",\"url\":\"https:\\\/\\\/raymarine.ee\\\/\",\"logo\":{\"@type\":\"ImageObject\",\"inLanguage\":\"en-GB\",\"@id\":\"https:\\\/\\\/raymarine.ee\\\/#\\\/schema\\\/logo\\\/image\\\/\",\"url\":\"https:\\\/\\\/raymarine.ee\\\/wp-content\\\/uploads\\\/2024\\\/10\\\/Screenshot-2024-10-15-151324_bg_removed.webp\",\"contentUrl\":\"https:\\\/\\\/raymarine.ee\\\/wp-content\\\/uploads\\\/2024\\\/10\\\/Screenshot-2024-10-15-151324_bg_removed.webp\",\"width\":420,\"height\":276,\"caption\":\"NavSystems O\u00dc\"},\"image\":{\"@id\":\"https:\\\/\\\/raymarine.ee\\\/#\\\/schema\\\/logo\\\/image\\\/\"},\"sameAs\":[\"https:\\\/\\\/www.facebook.com\\\/NavSystems\"],\"legalName\":\"NavSystems O\u00dc\",\"foundingDate\":\"2011-05-03\",\"numberOfEmployees\":{\"@type\":\"QuantitativeValue\",\"minValue\":\"1\",\"maxValue\":\"10\"}}]}<\/script>\n<meta property=\"product:price:amount\" content=\"822.00\" \/>\n<meta property=\"product:price:currency\" content=\"EUR\" \/>\n<meta property=\"og:availability\" content=\"instock\" \/>\n<meta property=\"product:availability\" content=\"instock\" \/>\n<meta property=\"product:retailer_item_id\" content=\"A80602\" \/>\n<meta property=\"product:condition\" content=\"new\" \/>\n<!-- \/ Yoast SEO Premium plugin. -->","yoast_head_json":{"title":"Autopilot Follow-On Tiller Steer Control Head (Auto - Power Steer - Auto) - NavSystems Mereelektroonika","description":"Raymarine Follow-On Tiller autopiloodi juhtimisseade pakub t\u00e4isfunktsionaalset roolis\u00fcsteemi, mis toob t\u00e4psed roolimisnurgad k\u00f5ikjale laeva peal. \u00dchildub Raymarine Evolution s\u00fcsteemidega ja paigaldatav kuni nelja juhtimispunktiga.","robots":{"index":"index","follow":"follow","max-snippet":"max-snippet:-1","max-image-preview":"max-image-preview:large","max-video-preview":"max-video-preview:-1"},"canonical":"https:\/\/raymarine.ee\/en\/product\/autopilot-follow-on-tiller-steer-control-head-auto-power-steer-auto\/","og_locale":"en_GB","og_type":"article","og_title":"Autopilot Follow-On Tiller Steer Control Head (Auto - Power Steer - Auto)","og_description":"Raymarine Follow-On Tiller autopiloodi juhtimisseade pakub t\u00e4isfunktsionaalset roolis\u00fcsteemi, mis toob t\u00e4psed roolimisnurgad k\u00f5ikjale laeva peal. \u00dchildub Raymarine Evolution s\u00fcsteemidega ja paigaldatav kuni nelja juhtimispunktiga.","og_url":"https:\/\/raymarine.ee\/en\/product\/autopilot-follow-on-tiller-steer-control-head-auto-power-steer-auto\/","og_site_name":"NavSystems","article_publisher":"https:\/\/www.facebook.com\/NavSystems","article_modified_time":"2025-04-24T10:02:21+00:00","og_image":[{"width":1024,"height":1024,"url":"https:\/\/raymarine.ee\/wp-content\/uploads\/2025\/01\/b7fc059e-3ef1-4863-bce2-decd3afb32c2.webp","type":"image\/webp"}],"twitter_card":"summary_large_image","twitter_misc":{"Price":"822,00&nbsp;&euro;","Availability":"In stock"},"schema":{"@context":"https:\/\/schema.org","@graph":[{"@type":"WebPage","@id":"https:\/\/raymarine.ee\/product\/autopilot-follow-on-tiller-steer-control-head-auto-power-steer-auto\/","url":"https:\/\/raymarine.ee\/product\/autopilot-follow-on-tiller-steer-control-head-auto-power-steer-auto\/","name":"Autopilot Follow-On Tiller Steer Control Head (Auto - Power Steer - Auto) - NavSystems Mereelektroonika","isPartOf":{"@id":"https:\/\/raymarine.ee\/#website"},"primaryImageOfPage":{"@id":"https:\/\/raymarine.ee\/product\/autopilot-follow-on-tiller-steer-control-head-auto-power-steer-auto\/#primaryimage"},"image":{"@id":"https:\/\/raymarine.ee\/product\/autopilot-follow-on-tiller-steer-control-head-auto-power-steer-auto\/#primaryimage"},"thumbnailUrl":"https:\/\/raymarine.ee\/wp-content\/uploads\/2025\/01\/b7fc059e-3ef1-4863-bce2-decd3afb32c2.webp","datePublished":"2025-01-14T17:21:36+00:00","dateModified":"2025-04-24T10:02:21+00:00","description":"Raymarine Follow-On Tiller autopiloodi juhtimisseade pakub t\u00e4isfunktsionaalset roolis\u00fcsteemi, mis toob t\u00e4psed roolimisnurgad k\u00f5ikjale laeva peal. \u00dchildub Raymarine Evolution s\u00fcsteemidega ja paigaldatav kuni nelja juhtimispunktiga.","breadcrumb":{"@id":"https:\/\/raymarine.ee\/product\/autopilot-follow-on-tiller-steer-control-head-auto-power-steer-auto\/#breadcrumb"},"inLanguage":"en-GB","potentialAction":[{"@type":"ReadAction","target":["https:\/\/raymarine.ee\/product\/autopilot-follow-on-tiller-steer-control-head-auto-power-steer-auto\/"]}]},{"@type":"ImageObject","inLanguage":"en-GB","@id":"https:\/\/raymarine.ee\/product\/autopilot-follow-on-tiller-steer-control-head-auto-power-steer-auto\/#primaryimage","url":"https:\/\/raymarine.ee\/wp-content\/uploads\/2025\/01\/b7fc059e-3ef1-4863-bce2-decd3afb32c2.webp","contentUrl":"https:\/\/raymarine.ee\/wp-content\/uploads\/2025\/01\/b7fc059e-3ef1-4863-bce2-decd3afb32c2.webp","width":1024,"height":1024},{"@type":"BreadcrumbList","@id":"https:\/\/raymarine.ee\/product\/autopilot-follow-on-tiller-steer-control-head-auto-power-steer-auto\/#breadcrumb","itemListElement":[{"@type":"ListItem","position":1,"name":"Home","item":"https:\/\/raymarine.ee\/"},{"@type":"ListItem","position":2,"name":"Tooted","item":"https:\/\/raymarine.ee\/shop\/"},{"@type":"ListItem","position":3,"name":"Autopilot Follow-On Tiller Steer Control Head (Auto &#8211; Power Steer &#8211; Auto)"}]},{"@type":"WebSite","@id":"https:\/\/raymarine.ee\/#website","url":"https:\/\/raymarine.ee\/","name":"www.raymarine.ee","description":"Mereelektroonika, kaardiplotter, autopiloot, pinnipiloot, roolipiloot, radar, AIS, VHF, Smart Wind","publisher":{"@id":"https:\/\/raymarine.ee\/#organization"},"alternateName":"Raymarine","potentialAction":[{"@type":"SearchAction","target":{"@type":"EntryPoint","urlTemplate":"https:\/\/raymarine.ee\/?s={search_term_string}"},"query-input":{"@type":"PropertyValueSpecification","valueRequired":true,"valueName":"search_term_string"}}],"inLanguage":"en-GB"},{"@type":"Organization","@id":"https:\/\/raymarine.ee\/#organization","name":"NavSystems O\u00dc","url":"https:\/\/raymarine.ee\/","logo":{"@type":"ImageObject","inLanguage":"en-GB","@id":"https:\/\/raymarine.ee\/#\/schema\/logo\/image\/","url":"https:\/\/raymarine.ee\/wp-content\/uploads\/2024\/10\/Screenshot-2024-10-15-151324_bg_removed.webp","contentUrl":"https:\/\/raymarine.ee\/wp-content\/uploads\/2024\/10\/Screenshot-2024-10-15-151324_bg_removed.webp","width":420,"height":276,"caption":"NavSystems O\u00dc"},"image":{"@id":"https:\/\/raymarine.ee\/#\/schema\/logo\/image\/"},"sameAs":["https:\/\/www.facebook.com\/NavSystems"],"legalName":"NavSystems O\u00dc","foundingDate":"2011-05-03","numberOfEmployees":{"@type":"QuantitativeValue","minValue":"1","maxValue":"10"}}]},"product_price_amount":"822.00","product_price_currency":"EUR","og_availability":"instock","product_availability":"instock","product_retailer_item_id":"A80602","product_condition":"new"},"jetpack_sharing_enabled":true,"_links":{"self":[{"href":"https:\/\/raymarine.ee\/en\/wp-json\/wp\/v2\/product\/6411","targetHints":{"allow":["GET"]}}],"collection":[{"href":"https:\/\/raymarine.ee\/en\/wp-json\/wp\/v2\/product"}],"about":[{"href":"https:\/\/raymarine.ee\/en\/wp-json\/wp\/v2\/types\/product"}],"wp:featuredmedia":[{"embeddable":true,"href":"https:\/\/raymarine.ee\/en\/wp-json\/wp\/v2\/media\/7690"}],"wp:attachment":[{"href":"https:\/\/raymarine.ee\/en\/wp-json\/wp\/v2\/media?parent=6411"}],"wp:term":[{"taxonomy":"product_brand","embeddable":true,"href":"https:\/\/raymarine.ee\/en\/wp-json\/wp\/v2\/product_brand?post=6411"},{"taxonomy":"product_cat","embeddable":true,"href":"https:\/\/raymarine.ee\/en\/wp-json\/wp\/v2\/product_cat?post=6411"},{"taxonomy":"product_tag","embeddable":true,"href":"https:\/\/raymarine.ee\/en\/wp-json\/wp\/v2\/product_tag?post=6411"}],"curies":[{"name":"wp","href":"https:\/\/api.w.org\/{rel}","templated":true}]}}