{"id":6412,"date":"2025-01-14T17:20:05","date_gmt":"2025-01-14T17:20:05","guid":{"rendered":"https:\/\/raymarine.ee\/?post_type=product&#038;p=6412"},"modified":"2026-04-03T15:24:53","modified_gmt":"2026-04-03T13:24:53","slug":"s100-wireless-autopilot-remote","status":"publish","type":"product","link":"https:\/\/raymarine.ee\/en\/product\/s100-wireless-autopilot-remote\/","title":{"rendered":"S100 Wireless Autopilot Remote"},"content":{"rendered":"<p>Vaata\u00a0<a href=\"https:\/\/www.raymarine.com\/en-gb\/our-products\/boat-autopilots\" target=\"_blank\" rel=\"noopener\">Raymarine autopilootide<\/a>\u00a0tootetutvustust.<\/p>\n<p data-start=\"55\" data-end=\"122\"><strong data-start=\"55\" data-end=\"122\">Raymarine S100 Juhtmevaba Kaugjuhtimispult ja Baasjaam (E15024)<\/strong><\/p>\n<p data-start=\"124\" data-end=\"632\">Kompaktne ja kerge S100 kaugjuhtimispult pakub juhtmevaba kontrolli igale Raymarine SeaTalk\u00ae autopiloodile. Erakordselt selge ekraan, mis on lihtne lugeda, kuvab kahte rida teksti ja graafilist autopiloodi re\u017eiimi indikaatorit. Viie nupuga ergonoomiline klaviatuur ja intuitiivne men\u00fc\u00fcsstruktuur tagavad lihtsa kasutamise ning kiire ligip\u00e4\u00e4su t\u00e4iendavatele funktsioonidele. Vastupidav ja veekindel S100 mahub taskusse v\u00f5i kinnitub v\u00f6\u00f6kohale, hoides t\u00e4isfunktsionaalse autopiloodi juhtimise alati k\u00e4eulatuses.<\/p>\n<p data-start=\"634\" data-end=\"647\"><strong data-start=\"634\" data-end=\"647\">Omadused:<\/strong><\/p>\n<ul data-start=\"649\" data-end=\"945\">\n<li data-start=\"649\" data-end=\"720\">\n<p data-start=\"651\" data-end=\"720\"><strong data-start=\"651\" data-end=\"673\">Kaks rida ekraanil<\/strong> koos graafilise autopiloodi olekuindikaatoriga<\/p>\n<\/li>\n<li data-start=\"721\" data-end=\"779\">\n<p data-start=\"723\" data-end=\"779\">Selge ja k\u00f5rge kontrastsusega 24 x 127 t\u00e4ppide kuvaskeem<\/p>\n<\/li>\n<li data-start=\"780\" data-end=\"806\">\n<p data-start=\"782\" data-end=\"806\">Taustvalgustusega ekraan<\/p>\n<\/li>\n<li data-start=\"807\" data-end=\"879\">\n<p data-start=\"809\" data-end=\"879\">T\u00f5stetud nupp Standby oleku jaoks, et seda pimedas kergemini tuvastada<\/p>\n<\/li>\n<li data-start=\"880\" data-end=\"904\">\n<p data-start=\"882\" data-end=\"904\"><strong data-start=\"882\" data-end=\"904\">Keylock turvalisus<\/strong><\/p>\n<\/li>\n<li data-start=\"905\" data-end=\"945\">\n<p data-start=\"907\" data-end=\"945\">Mugavad ja asendatavad AAA alusel akud<\/p>\n<\/li>\n<\/ul>\n<p data-start=\"947\" data-end=\"971\"><strong data-start=\"947\" data-end=\"971\">Juhtmevaba Omadused:<\/strong><\/p>\n<ul data-start=\"973\" data-end=\"1157\">\n<li data-start=\"973\" data-end=\"1032\">\n<p data-start=\"975\" data-end=\"1032\">Kuni 32 jala (10 meetri) juhtmevaba t\u00f6\u00f6ulatus baasjaamast<\/p>\n<\/li>\n<li data-start=\"1033\" data-end=\"1063\">\n<p data-start=\"1035\" data-end=\"1063\">Signaali tugevuse indikaator<\/p>\n<\/li>\n<li data-start=\"1064\" data-end=\"1157\">\n<p data-start=\"1066\" data-end=\"1157\"><strong data-start=\"1066\" data-end=\"1087\">Eelregistreeritud<\/strong> \u2013 iga seade lahkub tehasev\u00e4ravast juba baasjaama jaoks registreeritud<\/p>\n<\/li>\n<\/ul>\n<p data-start=\"1159\" data-end=\"1419\"><strong data-start=\"1159\" data-end=\"1204\">Juhtmevaba S100 kaugjuhtimispult (E15024)<\/strong> saab integreerida vanadele ST1000, ST2000, ST3000, ST4000, ST5000, S1\/S1G, S2\/S2G, S3\/S3G, SPX5, SPX10, SPX30, SPX SOL s\u00fcsteemidele, samuti k\u00f5igile uutele Evolution autopilootidele l\u00e4bi SeaTalk1 to STNG konverteri.<\/p>\n<p data-start=\"1421\" data-end=\"1600\">Kui vajad ainult juhtmevaba Smart kontrolleri pulti v\u00f5i ainult baasjaama, vali rippmen\u00fc\u00fcst sobiv valik. Vaikimisi on valitud toode: <strong data-start=\"1553\" data-end=\"1600\">E15024 S100 Wireless Remote &amp; Base Station.<\/strong><\/p>","protected":false},"excerpt":{"rendered":"<p><span style=\"color: #ff0000;\">See toode pole enam saadaval!<\/span><\/p>\n<p>S100 Wireless Autopilot Remote koos baasjaamaga Raymarine autopilootidele. V\u00f5imaldab l\u00fclitada autopilooti sisse ja v\u00e4lja, n\u00e4itab kurssi ja v\u00f5imaldab seda muuta. Saab kasutada Tracking, Auto, Wind, Fishing ja Pattern re\u017eiimime (s\u00f5ltub autopiloodi komplektsusest ja v\u00f5imekusest). \u00dchenda lihtsalt komplektis olev baasjaam Seatalk v\u00f5rku ja ongi k\u00f5ik. Komplektis olev baasjaam on juba eelseadistatud sama komplekti kaugjuhtimisseadmega. Evolution seeria autopilootidel puudub SeaTalk1 liides ja baasjaama integreerimiseks STNG v\u00f5rku vajad lisaks veel SeaTalk1 to Seatalk NG konverterit.<\/p>","protected":false},"featured_media":7686,"template":"","meta":{"_acf_changed":false},"product_brand":[],"product_cat":[67,52,103],"product_tag":[],"class_list":{"0":"post-6412","1":"product","2":"type-product","3":"status-publish","4":"has-post-thumbnail","6":"product_cat-kontrollerid","7":"product_cat-autopiloot-autopiloodid","8":"product_cat-raymarine","10":"first","11":"outofstock","12":"sale","13":"taxable","14":"shipping-taxable","15":"purchasable","16":"product-type-simple"},"acf":[],"yoast_head":"<!-- This site is optimized with the Yoast SEO Premium plugin v27.5 (Yoast SEO v27.5) - https:\/\/yoast.com\/product\/yoast-seo-premium-wordpress\/ -->\n<title>S100 Wireless Autopilot Remote - NavSystems Mereelektroonika<\/title>\n<meta name=\"description\" content=\"Raymarine S100 juhtmevaba kaugjuhtimispult ja baasjaam pakuvad lihtsat juhtimist k\u00f5igi SeaTalk autopilootide jaoks. Kompaktne ja veekindel disain, 32 jala t\u00f6\u00f6ulatus ja intuitiivne men\u00fc\u00fc, mis teeb juhtimise mugavaks.\" \/>\n<meta name=\"robots\" content=\"index, follow, max-snippet:-1, max-image-preview:large, max-video-preview:-1\" \/>\n<link rel=\"canonical\" href=\"https:\/\/raymarine.ee\/en\/product\/s100-wireless-autopilot-remote\/\" \/>\n<meta property=\"og:locale\" content=\"en_GB\" \/>\n<meta property=\"og:type\" content=\"article\" \/>\n<meta property=\"og:title\" content=\"S100 Wireless Autopilot Remote\" \/>\n<meta property=\"og:description\" content=\"Raymarine S100 juhtmevaba kaugjuhtimispult ja baasjaam pakuvad lihtsat juhtimist k\u00f5igi SeaTalk autopilootide jaoks. Kompaktne ja veekindel disain, 32 jala t\u00f6\u00f6ulatus ja intuitiivne men\u00fc\u00fc, mis teeb juhtimise mugavaks.\" \/>\n<meta property=\"og:url\" content=\"https:\/\/raymarine.ee\/en\/product\/s100-wireless-autopilot-remote\/\" \/>\n<meta property=\"og:site_name\" content=\"NavSystems\" \/>\n<meta property=\"article:publisher\" content=\"https:\/\/www.facebook.com\/NavSystems\" \/>\n<meta property=\"article:modified_time\" content=\"2026-04-03T13:24:53+00:00\" \/>\n<meta property=\"og:image\" content=\"https:\/\/raymarine.ee\/wp-content\/uploads\/2025\/01\/ff2176cd-fa63-499f-8ddd-c9d276ceb730.webp\" \/>\n\t<meta property=\"og:image:width\" content=\"1024\" \/>\n\t<meta property=\"og:image:height\" content=\"1024\" \/>\n\t<meta property=\"og:image:type\" content=\"image\/webp\" \/>\n<meta name=\"twitter:card\" content=\"summary_large_image\" \/>\n<meta name=\"twitter:label1\" content=\"Price\" \/>\n\t<meta name=\"twitter:data1\" content=\"586,00&nbsp;&euro;\" \/>\n\t<meta name=\"twitter:label2\" content=\"Availability\" \/>\n\t<meta name=\"twitter:data2\" content=\"Out of stock\" \/>\n<script type=\"application\/ld+json\" class=\"yoast-schema-graph\">{\"@context\":\"https:\\\/\\\/schema.org\",\"@graph\":[{\"@type\":\"WebPage\",\"@id\":\"https:\\\/\\\/raymarine.ee\\\/product\\\/s100-wireless-autopilot-remote\\\/\",\"url\":\"https:\\\/\\\/raymarine.ee\\\/product\\\/s100-wireless-autopilot-remote\\\/\",\"name\":\"S100 Wireless Autopilot Remote - NavSystems Mereelektroonika\",\"isPartOf\":{\"@id\":\"https:\\\/\\\/raymarine.ee\\\/#website\"},\"primaryImageOfPage\":{\"@id\":\"https:\\\/\\\/raymarine.ee\\\/product\\\/s100-wireless-autopilot-remote\\\/#primaryimage\"},\"image\":{\"@id\":\"https:\\\/\\\/raymarine.ee\\\/product\\\/s100-wireless-autopilot-remote\\\/#primaryimage\"},\"thumbnailUrl\":\"https:\\\/\\\/raymarine.ee\\\/wp-content\\\/uploads\\\/2025\\\/01\\\/ff2176cd-fa63-499f-8ddd-c9d276ceb730.webp\",\"datePublished\":\"2025-01-14T17:20:05+00:00\",\"dateModified\":\"2026-04-03T13:24:53+00:00\",\"description\":\"Raymarine S100 juhtmevaba kaugjuhtimispult ja baasjaam pakuvad lihtsat juhtimist k\u00f5igi SeaTalk autopilootide jaoks. Kompaktne ja veekindel disain, 32 jala t\u00f6\u00f6ulatus ja intuitiivne men\u00fc\u00fc, mis teeb juhtimise mugavaks.\",\"breadcrumb\":{\"@id\":\"https:\\\/\\\/raymarine.ee\\\/product\\\/s100-wireless-autopilot-remote\\\/#breadcrumb\"},\"inLanguage\":\"en-GB\",\"potentialAction\":[{\"@type\":\"ReadAction\",\"target\":[\"https:\\\/\\\/raymarine.ee\\\/product\\\/s100-wireless-autopilot-remote\\\/\"]}]},{\"@type\":\"ImageObject\",\"inLanguage\":\"en-GB\",\"@id\":\"https:\\\/\\\/raymarine.ee\\\/product\\\/s100-wireless-autopilot-remote\\\/#primaryimage\",\"url\":\"https:\\\/\\\/raymarine.ee\\\/wp-content\\\/uploads\\\/2025\\\/01\\\/ff2176cd-fa63-499f-8ddd-c9d276ceb730.webp\",\"contentUrl\":\"https:\\\/\\\/raymarine.ee\\\/wp-content\\\/uploads\\\/2025\\\/01\\\/ff2176cd-fa63-499f-8ddd-c9d276ceb730.webp\",\"width\":1024,\"height\":1024},{\"@type\":\"BreadcrumbList\",\"@id\":\"https:\\\/\\\/raymarine.ee\\\/product\\\/s100-wireless-autopilot-remote\\\/#breadcrumb\",\"itemListElement\":[{\"@type\":\"ListItem\",\"position\":1,\"name\":\"Home\",\"item\":\"https:\\\/\\\/raymarine.ee\\\/\"},{\"@type\":\"ListItem\",\"position\":2,\"name\":\"Tooted\",\"item\":\"https:\\\/\\\/raymarine.ee\\\/shop\\\/\"},{\"@type\":\"ListItem\",\"position\":3,\"name\":\"S100 Wireless Autopilot Remote\"}]},{\"@type\":\"WebSite\",\"@id\":\"https:\\\/\\\/raymarine.ee\\\/#website\",\"url\":\"https:\\\/\\\/raymarine.ee\\\/\",\"name\":\"www.raymarine.ee\",\"description\":\"Mereelektroonika, kaardiplotter, autopiloot, pinnipiloot, roolipiloot, radar, AIS, VHF, Smart Wind\",\"publisher\":{\"@id\":\"https:\\\/\\\/raymarine.ee\\\/#organization\"},\"alternateName\":\"Raymarine\",\"potentialAction\":[{\"@type\":\"SearchAction\",\"target\":{\"@type\":\"EntryPoint\",\"urlTemplate\":\"https:\\\/\\\/raymarine.ee\\\/?s={search_term_string}\"},\"query-input\":{\"@type\":\"PropertyValueSpecification\",\"valueRequired\":true,\"valueName\":\"search_term_string\"}}],\"inLanguage\":\"en-GB\"},{\"@type\":\"Organization\",\"@id\":\"https:\\\/\\\/raymarine.ee\\\/#organization\",\"name\":\"NavSystems O\u00dc\",\"url\":\"https:\\\/\\\/raymarine.ee\\\/\",\"logo\":{\"@type\":\"ImageObject\",\"inLanguage\":\"en-GB\",\"@id\":\"https:\\\/\\\/raymarine.ee\\\/#\\\/schema\\\/logo\\\/image\\\/\",\"url\":\"https:\\\/\\\/raymarine.ee\\\/wp-content\\\/uploads\\\/2024\\\/10\\\/Screenshot-2024-10-15-151324_bg_removed.webp\",\"contentUrl\":\"https:\\\/\\\/raymarine.ee\\\/wp-content\\\/uploads\\\/2024\\\/10\\\/Screenshot-2024-10-15-151324_bg_removed.webp\",\"width\":420,\"height\":276,\"caption\":\"NavSystems O\u00dc\"},\"image\":{\"@id\":\"https:\\\/\\\/raymarine.ee\\\/#\\\/schema\\\/logo\\\/image\\\/\"},\"sameAs\":[\"https:\\\/\\\/www.facebook.com\\\/NavSystems\"],\"legalName\":\"NavSystems O\u00dc\",\"foundingDate\":\"2011-05-03\",\"numberOfEmployees\":{\"@type\":\"QuantitativeValue\",\"minValue\":\"1\",\"maxValue\":\"10\"}}]}<\/script>\n<meta property=\"product:price:amount\" content=\"586.00\" \/>\n<meta property=\"product:price:currency\" content=\"EUR\" \/>\n<meta property=\"og:availability\" content=\"out of stock\" \/>\n<meta property=\"product:availability\" content=\"out of stock\" \/>\n<meta property=\"product:retailer_item_id\" content=\"E15024\" \/>\n<meta property=\"product:condition\" content=\"new\" \/>\n<!-- \/ Yoast SEO Premium plugin. -->","yoast_head_json":{"title":"S100 Wireless Autopilot Remote - NavSystems Mereelektroonika","description":"Raymarine S100 juhtmevaba kaugjuhtimispult ja baasjaam pakuvad lihtsat juhtimist k\u00f5igi SeaTalk autopilootide jaoks. Kompaktne ja veekindel disain, 32 jala t\u00f6\u00f6ulatus ja intuitiivne men\u00fc\u00fc, mis teeb juhtimise mugavaks.","robots":{"index":"index","follow":"follow","max-snippet":"max-snippet:-1","max-image-preview":"max-image-preview:large","max-video-preview":"max-video-preview:-1"},"canonical":"https:\/\/raymarine.ee\/en\/product\/s100-wireless-autopilot-remote\/","og_locale":"en_GB","og_type":"article","og_title":"S100 Wireless Autopilot Remote","og_description":"Raymarine S100 juhtmevaba kaugjuhtimispult ja baasjaam pakuvad lihtsat juhtimist k\u00f5igi SeaTalk autopilootide jaoks. Kompaktne ja veekindel disain, 32 jala t\u00f6\u00f6ulatus ja intuitiivne men\u00fc\u00fc, mis teeb juhtimise mugavaks.","og_url":"https:\/\/raymarine.ee\/en\/product\/s100-wireless-autopilot-remote\/","og_site_name":"NavSystems","article_publisher":"https:\/\/www.facebook.com\/NavSystems","article_modified_time":"2026-04-03T13:24:53+00:00","og_image":[{"width":1024,"height":1024,"url":"https:\/\/raymarine.ee\/wp-content\/uploads\/2025\/01\/ff2176cd-fa63-499f-8ddd-c9d276ceb730.webp","type":"image\/webp"}],"twitter_card":"summary_large_image","twitter_misc":{"Price":"586,00&nbsp;&euro;","Availability":"Out of stock"},"schema":{"@context":"https:\/\/schema.org","@graph":[{"@type":"WebPage","@id":"https:\/\/raymarine.ee\/product\/s100-wireless-autopilot-remote\/","url":"https:\/\/raymarine.ee\/product\/s100-wireless-autopilot-remote\/","name":"S100 Wireless Autopilot Remote - NavSystems Mereelektroonika","isPartOf":{"@id":"https:\/\/raymarine.ee\/#website"},"primaryImageOfPage":{"@id":"https:\/\/raymarine.ee\/product\/s100-wireless-autopilot-remote\/#primaryimage"},"image":{"@id":"https:\/\/raymarine.ee\/product\/s100-wireless-autopilot-remote\/#primaryimage"},"thumbnailUrl":"https:\/\/raymarine.ee\/wp-content\/uploads\/2025\/01\/ff2176cd-fa63-499f-8ddd-c9d276ceb730.webp","datePublished":"2025-01-14T17:20:05+00:00","dateModified":"2026-04-03T13:24:53+00:00","description":"Raymarine S100 juhtmevaba kaugjuhtimispult ja baasjaam pakuvad lihtsat juhtimist k\u00f5igi SeaTalk autopilootide jaoks. Kompaktne ja veekindel disain, 32 jala t\u00f6\u00f6ulatus ja intuitiivne men\u00fc\u00fc, mis teeb juhtimise mugavaks.","breadcrumb":{"@id":"https:\/\/raymarine.ee\/product\/s100-wireless-autopilot-remote\/#breadcrumb"},"inLanguage":"en-GB","potentialAction":[{"@type":"ReadAction","target":["https:\/\/raymarine.ee\/product\/s100-wireless-autopilot-remote\/"]}]},{"@type":"ImageObject","inLanguage":"en-GB","@id":"https:\/\/raymarine.ee\/product\/s100-wireless-autopilot-remote\/#primaryimage","url":"https:\/\/raymarine.ee\/wp-content\/uploads\/2025\/01\/ff2176cd-fa63-499f-8ddd-c9d276ceb730.webp","contentUrl":"https:\/\/raymarine.ee\/wp-content\/uploads\/2025\/01\/ff2176cd-fa63-499f-8ddd-c9d276ceb730.webp","width":1024,"height":1024},{"@type":"BreadcrumbList","@id":"https:\/\/raymarine.ee\/product\/s100-wireless-autopilot-remote\/#breadcrumb","itemListElement":[{"@type":"ListItem","position":1,"name":"Home","item":"https:\/\/raymarine.ee\/"},{"@type":"ListItem","position":2,"name":"Tooted","item":"https:\/\/raymarine.ee\/shop\/"},{"@type":"ListItem","position":3,"name":"S100 Wireless Autopilot Remote"}]},{"@type":"WebSite","@id":"https:\/\/raymarine.ee\/#website","url":"https:\/\/raymarine.ee\/","name":"www.raymarine.ee","description":"Mereelektroonika, kaardiplotter, autopiloot, pinnipiloot, roolipiloot, radar, AIS, VHF, Smart Wind","publisher":{"@id":"https:\/\/raymarine.ee\/#organization"},"alternateName":"Raymarine","potentialAction":[{"@type":"SearchAction","target":{"@type":"EntryPoint","urlTemplate":"https:\/\/raymarine.ee\/?s={search_term_string}"},"query-input":{"@type":"PropertyValueSpecification","valueRequired":true,"valueName":"search_term_string"}}],"inLanguage":"en-GB"},{"@type":"Organization","@id":"https:\/\/raymarine.ee\/#organization","name":"NavSystems O\u00dc","url":"https:\/\/raymarine.ee\/","logo":{"@type":"ImageObject","inLanguage":"en-GB","@id":"https:\/\/raymarine.ee\/#\/schema\/logo\/image\/","url":"https:\/\/raymarine.ee\/wp-content\/uploads\/2024\/10\/Screenshot-2024-10-15-151324_bg_removed.webp","contentUrl":"https:\/\/raymarine.ee\/wp-content\/uploads\/2024\/10\/Screenshot-2024-10-15-151324_bg_removed.webp","width":420,"height":276,"caption":"NavSystems O\u00dc"},"image":{"@id":"https:\/\/raymarine.ee\/#\/schema\/logo\/image\/"},"sameAs":["https:\/\/www.facebook.com\/NavSystems"],"legalName":"NavSystems O\u00dc","foundingDate":"2011-05-03","numberOfEmployees":{"@type":"QuantitativeValue","minValue":"1","maxValue":"10"}}]},"product_price_amount":"586.00","product_price_currency":"EUR","og_availability":"out of stock","product_availability":"out of stock","product_retailer_item_id":"E15024","product_condition":"new"},"jetpack_sharing_enabled":true,"_links":{"self":[{"href":"https:\/\/raymarine.ee\/en\/wp-json\/wp\/v2\/product\/6412","targetHints":{"allow":["GET"]}}],"collection":[{"href":"https:\/\/raymarine.ee\/en\/wp-json\/wp\/v2\/product"}],"about":[{"href":"https:\/\/raymarine.ee\/en\/wp-json\/wp\/v2\/types\/product"}],"wp:featuredmedia":[{"embeddable":true,"href":"https:\/\/raymarine.ee\/en\/wp-json\/wp\/v2\/media\/7686"}],"wp:attachment":[{"href":"https:\/\/raymarine.ee\/en\/wp-json\/wp\/v2\/media?parent=6412"}],"wp:term":[{"taxonomy":"product_brand","embeddable":true,"href":"https:\/\/raymarine.ee\/en\/wp-json\/wp\/v2\/product_brand?post=6412"},{"taxonomy":"product_cat","embeddable":true,"href":"https:\/\/raymarine.ee\/en\/wp-json\/wp\/v2\/product_cat?post=6412"},{"taxonomy":"product_tag","embeddable":true,"href":"https:\/\/raymarine.ee\/en\/wp-json\/wp\/v2\/product_tag?post=6412"}],"curies":[{"name":"wp","href":"https:\/\/api.w.org\/{rel}","templated":true}]}}