{"id":6413,"date":"2025-01-14T17:25:03","date_gmt":"2025-01-14T17:25:03","guid":{"rendered":"https:\/\/raymarine.ee\/?post_type=product&#038;p=6413"},"modified":"2026-04-05T10:18:30","modified_gmt":"2026-04-05T08:18:30","slug":"smartcontroller-wireless-remote","status":"publish","type":"product","link":"https:\/\/raymarine.ee\/en\/product\/smartcontroller-wireless-remote\/","title":{"rendered":"SmartController Wireless Remote"},"content":{"rendered":"<p>Vaata\u00a0<a href=\"https:\/\/www.raymarine.com\/en-gb\/our-products\/boat-autopilots\" target=\"_blank\" rel=\"noopener\">Raymarine autopilootide<\/a>\u00a0tootetutvustust.<\/p>\n<p data-start=\"55\" data-end=\"131\"><strong data-start=\"55\" data-end=\"131\">Raymarine SmartController Juhtmevaba Kaugjuhtimispult ja Baasjaam E15023<\/strong><\/p>\n<p data-start=\"133\" data-end=\"598\">V\u00f5ta Raymarine SeaTalk\u00ae v\u00f5rgus\u00fcsteemi kontroll oma k\u00e4tte SmartController juhtmevaba kaugjuhtimispuldi abil. M\u00e4\u00e4ra uus kursus v\u00f5i j\u00e4lgi olulist navigatsiooni- ja instrumentide andmeid \u2013 k\u00f5ik sinu k\u00e4eulatuses. T\u00e4isfunktsionaalne SmartController on veekindel, kerge ja kompaktne, pakkudes mugavat k\u00e4sitlemist. Ergonoomilise klaviatuuriga ja heledalt tagasil\u00e4idetud ekraaniga seade pakub lihtsat kasutamist ning juurdep\u00e4\u00e4su kuni kaheksale kasutaja m\u00e4\u00e4ratud andmelehele.<\/p>\n<p data-start=\"600\" data-end=\"681\">SmartControlleri aku on laaditav, kasutades lihtsalt SeaTalk\u00ae v\u00f5rgu toiteallikat.<\/p>\n<p data-start=\"683\" data-end=\"867\"><strong data-start=\"683\" data-end=\"721\">Kuidas juhtmevaba v\u00f5rk paigaldada:<\/strong><br data-start=\"721\" data-end=\"724\" \/>\u00dcksus on lihtne integreerida olemasolevasse SeaTalk v\u00f5rku \u2013 lihtsalt \u00fchenda juhtmevaba baasjaam oma olemasoleva SeaTalk v\u00f5rku ja oledki valmis!<\/p>\n<p data-start=\"869\" data-end=\"882\"><strong data-start=\"869\" data-end=\"882\">Omadused:<\/strong><\/p>\n<ul data-start=\"884\" data-end=\"1371\">\n<li data-start=\"884\" data-end=\"937\">\n<p data-start=\"886\" data-end=\"937\">\u00dclimalt kontrastne 64 x 127 t\u00e4ppide maatrikseksraan<\/p>\n<\/li>\n<li data-start=\"938\" data-end=\"979\">\n<p data-start=\"940\" data-end=\"979\">Tagasil\u00e4iget andev ekraan ja klaviatuur<\/p>\n<\/li>\n<li data-start=\"980\" data-end=\"1025\">\n<p data-start=\"982\" data-end=\"1025\">Kuni kaheksa kasutaja m\u00e4\u00e4ratavat andmelehte<\/p>\n<\/li>\n<li data-start=\"1026\" data-end=\"1081\">\n<p data-start=\"1028\" data-end=\"1081\">\u00dcksiku, kahekordse v\u00f5i neljarealised andmete kuvamine<\/p>\n<\/li>\n<li data-start=\"1082\" data-end=\"1120\">\n<p data-start=\"1084\" data-end=\"1120\">Graafiline CDI (kursimuutuse n\u00e4idik)<\/p>\n<\/li>\n<li data-start=\"1121\" data-end=\"1181\">\n<p data-start=\"1123\" data-end=\"1181\">Erilise profiiliga seismisnupp lihtsaks leidmiseks pimedas<\/p>\n<\/li>\n<li data-start=\"1182\" data-end=\"1207\">\n<p data-start=\"1184\" data-end=\"1207\">Klahvikaitse turvalisus<\/p>\n<\/li>\n<li data-start=\"1208\" data-end=\"1237\">\n<p data-start=\"1210\" data-end=\"1237\">Laetav SeaTalk\u00ae v\u00f5rgu kaudu<\/p>\n<\/li>\n<li data-start=\"1238\" data-end=\"1291\">\n<p data-start=\"1240\" data-end=\"1291\">Lisage t\u00e4iendavad baasjaamad, et suurendada ulatust<\/p>\n<\/li>\n<li data-start=\"1292\" data-end=\"1371\">\n<p data-start=\"1294\" data-end=\"1371\">Lisage k\u00e4epidemeid t\u00e4iendavate kasutajate jaoks ja kohandage igale kasutajale<\/p>\n<\/li>\n<\/ul>\n<p data-start=\"1373\" data-end=\"1404\"><strong data-start=\"1373\" data-end=\"1404\">Juhtmevaba Funktsionaalsus:<\/strong><\/p>\n<ul data-start=\"1406\" data-end=\"1575\">\n<li data-start=\"1406\" data-end=\"1468\">\n<p data-start=\"1408\" data-end=\"1468\">Kuni 32 jalga (10 meetrit) juhtmevaba t\u00f6\u00f6raadius baasjaamast<\/p>\n<\/li>\n<li data-start=\"1469\" data-end=\"1499\">\n<p data-start=\"1471\" data-end=\"1499\">Signaali tugevuse indikaator<\/p>\n<\/li>\n<li data-start=\"1500\" data-end=\"1575\">\n<p data-start=\"1502\" data-end=\"1575\">Eelregistreeritud \u2013 iga seade on juba tehasest baasjaamaga registreeritud<\/p>\n<\/li>\n<\/ul>\n<p data-start=\"1577\" data-end=\"1591\"><strong data-start=\"1577\" data-end=\"1591\">\u00dchilduvus:<\/strong><\/p>\n<p data-start=\"1593\" data-end=\"1832\">SmartControlleri (E15023) saab integreerida k\u00f5igi vanade ST1000, ST2000, ST3000, ST4000, ST5000, S1\/S1G, S2\/S2G, S3\/S3G, SPX5, SPX10, SPX30, SPX SOL s\u00fcsteemidega ning k\u00f5ikide uute Evolution autopilootidega l\u00e4bi SeaTalk1 to STNG konverteri.<\/p>\n<p data-start=\"1834\" data-end=\"2021\"><strong data-start=\"1834\" data-end=\"2021\">Kui vajad ainult juhtmevaba SmartControlleri pulti v\u00f5i ainult baasjaama, siis vali rippmen\u00fc\u00fcst sobiv valik. Vaikimisi on valitud E15023 SmartController Wireless Remote &amp; Base Station.<\/strong><\/p>","protected":false},"excerpt":{"rendered":"<p><span style=\"color: #ff0000;\">See toode pole enam saadaval!<\/span><\/p>\n<p>SmartController Wireless Remote koos baasjaamaga Raymarine autopilootidele. V\u00f5imaldab l\u00fclitada autopilooti sisse ja v\u00e4lja, n\u00e4itab kurssi ja v\u00f5imaldab seda muuta. Saab kasutada Tracking, Auto, Wind, Fishing ja Pattern re\u017eiimime (s\u00f5ltub autopiloodi komplektsusest ja v\u00f5imekusest). \u00dchenda lihtsalt komplektis olev baasjaam Seatalk v\u00f5rku ja ongi k\u00f5ik. Komplektis olev baasjaam on juba eelseadistatud sama komplekti kaugjuhtimisseadmega. Wireless Remote t\u00f6\u00f6tab ka kui multin\u00e4idik mis n\u00e4itab kiirust, tuult, s\u00fcgavust, temperatuuri jne. Evolution seeria autopilootidel puudub SeaTalk1 liides ja baasjaama integreerimiseks STNG v\u00f5rku vajad lisaks veel SeaTalk1 to Seatalk NG konverterit<\/p>","protected":false},"featured_media":7687,"template":"","meta":{"_acf_changed":false},"product_brand":[],"product_cat":[67,52,103],"product_tag":[],"class_list":{"0":"post-6413","1":"product","2":"type-product","3":"status-publish","4":"has-post-thumbnail","6":"product_cat-kontrollerid","7":"product_cat-autopiloot-autopiloodid","8":"product_cat-raymarine","10":"first","11":"outofstock","12":"sale","13":"taxable","14":"shipping-taxable","15":"purchasable","16":"product-type-simple"},"acf":[],"yoast_head":"<!-- This site is optimized with the Yoast SEO Premium plugin v27.5 (Yoast SEO v27.5) - https:\/\/yoast.com\/product\/yoast-seo-premium-wordpress\/ -->\n<title>SmartController Wireless Remote - NavSystems Mereelektroonika<\/title>\n<meta name=\"description\" content=\"Koge mugavust ja t\u00f5husust Raymarine autopiloodi kaugjuhtimispuldiga. Kontrolli navigatsiooni mugavalt distantsilt ja seikle julgelt!\" \/>\n<meta name=\"robots\" content=\"index, follow, max-snippet:-1, max-image-preview:large, max-video-preview:-1\" \/>\n<link rel=\"canonical\" href=\"https:\/\/raymarine.ee\/en\/product\/smartcontroller-wireless-remote\/\" \/>\n<meta property=\"og:locale\" content=\"en_GB\" \/>\n<meta property=\"og:type\" content=\"article\" \/>\n<meta property=\"og:title\" content=\"SmartController Wireless Remote\" \/>\n<meta property=\"og:description\" content=\"Koge mugavust ja t\u00f5husust Raymarine autopiloodi kaugjuhtimispuldiga. Kontrolli navigatsiooni mugavalt distantsilt ja seikle julgelt!\" \/>\n<meta property=\"og:url\" content=\"https:\/\/raymarine.ee\/en\/product\/smartcontroller-wireless-remote\/\" \/>\n<meta property=\"og:site_name\" content=\"NavSystems\" \/>\n<meta property=\"article:publisher\" content=\"https:\/\/www.facebook.com\/NavSystems\" \/>\n<meta property=\"article:modified_time\" content=\"2026-04-05T08:18:30+00:00\" \/>\n<meta property=\"og:image\" content=\"https:\/\/raymarine.ee\/wp-content\/uploads\/2025\/01\/ce83943c-cfb2-4a7c-8610-0b0a711d7511.webp\" \/>\n\t<meta property=\"og:image:width\" content=\"1024\" \/>\n\t<meta property=\"og:image:height\" content=\"1024\" \/>\n\t<meta property=\"og:image:type\" content=\"image\/webp\" \/>\n<meta name=\"twitter:card\" content=\"summary_large_image\" \/>\n<meta name=\"twitter:label1\" content=\"Price\" \/>\n\t<meta name=\"twitter:data1\" content=\"763,00&nbsp;&euro;\" \/>\n\t<meta name=\"twitter:label2\" content=\"Availability\" \/>\n\t<meta name=\"twitter:data2\" content=\"Out of stock\" \/>\n<script type=\"application\/ld+json\" class=\"yoast-schema-graph\">{\"@context\":\"https:\\\/\\\/schema.org\",\"@graph\":[{\"@type\":\"WebPage\",\"@id\":\"https:\\\/\\\/raymarine.ee\\\/product\\\/smartcontroller-wireless-remote\\\/\",\"url\":\"https:\\\/\\\/raymarine.ee\\\/product\\\/smartcontroller-wireless-remote\\\/\",\"name\":\"SmartController Wireless Remote - NavSystems Mereelektroonika\",\"isPartOf\":{\"@id\":\"https:\\\/\\\/raymarine.ee\\\/#website\"},\"primaryImageOfPage\":{\"@id\":\"https:\\\/\\\/raymarine.ee\\\/product\\\/smartcontroller-wireless-remote\\\/#primaryimage\"},\"image\":{\"@id\":\"https:\\\/\\\/raymarine.ee\\\/product\\\/smartcontroller-wireless-remote\\\/#primaryimage\"},\"thumbnailUrl\":\"https:\\\/\\\/raymarine.ee\\\/wp-content\\\/uploads\\\/2025\\\/01\\\/ce83943c-cfb2-4a7c-8610-0b0a711d7511.webp\",\"datePublished\":\"2025-01-14T17:25:03+00:00\",\"dateModified\":\"2026-04-05T08:18:30+00:00\",\"description\":\"Koge mugavust ja t\u00f5husust Raymarine autopiloodi kaugjuhtimispuldiga. Kontrolli navigatsiooni mugavalt distantsilt ja seikle julgelt!\",\"breadcrumb\":{\"@id\":\"https:\\\/\\\/raymarine.ee\\\/product\\\/smartcontroller-wireless-remote\\\/#breadcrumb\"},\"inLanguage\":\"en-GB\",\"potentialAction\":[{\"@type\":\"ReadAction\",\"target\":[\"https:\\\/\\\/raymarine.ee\\\/product\\\/smartcontroller-wireless-remote\\\/\"]}]},{\"@type\":\"ImageObject\",\"inLanguage\":\"en-GB\",\"@id\":\"https:\\\/\\\/raymarine.ee\\\/product\\\/smartcontroller-wireless-remote\\\/#primaryimage\",\"url\":\"https:\\\/\\\/raymarine.ee\\\/wp-content\\\/uploads\\\/2025\\\/01\\\/ce83943c-cfb2-4a7c-8610-0b0a711d7511.webp\",\"contentUrl\":\"https:\\\/\\\/raymarine.ee\\\/wp-content\\\/uploads\\\/2025\\\/01\\\/ce83943c-cfb2-4a7c-8610-0b0a711d7511.webp\",\"width\":1024,\"height\":1024},{\"@type\":\"BreadcrumbList\",\"@id\":\"https:\\\/\\\/raymarine.ee\\\/product\\\/smartcontroller-wireless-remote\\\/#breadcrumb\",\"itemListElement\":[{\"@type\":\"ListItem\",\"position\":1,\"name\":\"Home\",\"item\":\"https:\\\/\\\/raymarine.ee\\\/\"},{\"@type\":\"ListItem\",\"position\":2,\"name\":\"Tooted\",\"item\":\"https:\\\/\\\/raymarine.ee\\\/shop\\\/\"},{\"@type\":\"ListItem\",\"position\":3,\"name\":\"SmartController Wireless Remote\"}]},{\"@type\":\"WebSite\",\"@id\":\"https:\\\/\\\/raymarine.ee\\\/#website\",\"url\":\"https:\\\/\\\/raymarine.ee\\\/\",\"name\":\"www.raymarine.ee\",\"description\":\"Mereelektroonika, kaardiplotter, autopiloot, pinnipiloot, roolipiloot, radar, AIS, VHF, Smart Wind\",\"publisher\":{\"@id\":\"https:\\\/\\\/raymarine.ee\\\/#organization\"},\"alternateName\":\"Raymarine\",\"potentialAction\":[{\"@type\":\"SearchAction\",\"target\":{\"@type\":\"EntryPoint\",\"urlTemplate\":\"https:\\\/\\\/raymarine.ee\\\/?s={search_term_string}\"},\"query-input\":{\"@type\":\"PropertyValueSpecification\",\"valueRequired\":true,\"valueName\":\"search_term_string\"}}],\"inLanguage\":\"en-GB\"},{\"@type\":\"Organization\",\"@id\":\"https:\\\/\\\/raymarine.ee\\\/#organization\",\"name\":\"NavSystems O\u00dc\",\"url\":\"https:\\\/\\\/raymarine.ee\\\/\",\"logo\":{\"@type\":\"ImageObject\",\"inLanguage\":\"en-GB\",\"@id\":\"https:\\\/\\\/raymarine.ee\\\/#\\\/schema\\\/logo\\\/image\\\/\",\"url\":\"https:\\\/\\\/raymarine.ee\\\/wp-content\\\/uploads\\\/2024\\\/10\\\/Screenshot-2024-10-15-151324_bg_removed.webp\",\"contentUrl\":\"https:\\\/\\\/raymarine.ee\\\/wp-content\\\/uploads\\\/2024\\\/10\\\/Screenshot-2024-10-15-151324_bg_removed.webp\",\"width\":420,\"height\":276,\"caption\":\"NavSystems O\u00dc\"},\"image\":{\"@id\":\"https:\\\/\\\/raymarine.ee\\\/#\\\/schema\\\/logo\\\/image\\\/\"},\"sameAs\":[\"https:\\\/\\\/www.facebook.com\\\/NavSystems\"],\"legalName\":\"NavSystems O\u00dc\",\"foundingDate\":\"2011-05-03\",\"numberOfEmployees\":{\"@type\":\"QuantitativeValue\",\"minValue\":\"1\",\"maxValue\":\"10\"}}]}<\/script>\n<meta property=\"product:price:amount\" content=\"763.00\" \/>\n<meta property=\"product:price:currency\" content=\"EUR\" \/>\n<meta property=\"og:availability\" content=\"out of stock\" \/>\n<meta property=\"product:availability\" content=\"out of stock\" \/>\n<meta property=\"product:retailer_item_id\" content=\"E15023\" \/>\n<meta property=\"product:condition\" content=\"new\" \/>\n<!-- \/ Yoast SEO Premium plugin. -->","yoast_head_json":{"title":"SmartController Wireless Remote - NavSystems Mereelektroonika","description":"Koge mugavust ja t\u00f5husust Raymarine autopiloodi kaugjuhtimispuldiga. Kontrolli navigatsiooni mugavalt distantsilt ja seikle julgelt!","robots":{"index":"index","follow":"follow","max-snippet":"max-snippet:-1","max-image-preview":"max-image-preview:large","max-video-preview":"max-video-preview:-1"},"canonical":"https:\/\/raymarine.ee\/en\/product\/smartcontroller-wireless-remote\/","og_locale":"en_GB","og_type":"article","og_title":"SmartController Wireless Remote","og_description":"Koge mugavust ja t\u00f5husust Raymarine autopiloodi kaugjuhtimispuldiga. Kontrolli navigatsiooni mugavalt distantsilt ja seikle julgelt!","og_url":"https:\/\/raymarine.ee\/en\/product\/smartcontroller-wireless-remote\/","og_site_name":"NavSystems","article_publisher":"https:\/\/www.facebook.com\/NavSystems","article_modified_time":"2026-04-05T08:18:30+00:00","og_image":[{"width":1024,"height":1024,"url":"https:\/\/raymarine.ee\/wp-content\/uploads\/2025\/01\/ce83943c-cfb2-4a7c-8610-0b0a711d7511.webp","type":"image\/webp"}],"twitter_card":"summary_large_image","twitter_misc":{"Price":"763,00&nbsp;&euro;","Availability":"Out of stock"},"schema":{"@context":"https:\/\/schema.org","@graph":[{"@type":"WebPage","@id":"https:\/\/raymarine.ee\/product\/smartcontroller-wireless-remote\/","url":"https:\/\/raymarine.ee\/product\/smartcontroller-wireless-remote\/","name":"SmartController Wireless Remote - NavSystems Mereelektroonika","isPartOf":{"@id":"https:\/\/raymarine.ee\/#website"},"primaryImageOfPage":{"@id":"https:\/\/raymarine.ee\/product\/smartcontroller-wireless-remote\/#primaryimage"},"image":{"@id":"https:\/\/raymarine.ee\/product\/smartcontroller-wireless-remote\/#primaryimage"},"thumbnailUrl":"https:\/\/raymarine.ee\/wp-content\/uploads\/2025\/01\/ce83943c-cfb2-4a7c-8610-0b0a711d7511.webp","datePublished":"2025-01-14T17:25:03+00:00","dateModified":"2026-04-05T08:18:30+00:00","description":"Koge mugavust ja t\u00f5husust Raymarine autopiloodi kaugjuhtimispuldiga. Kontrolli navigatsiooni mugavalt distantsilt ja seikle julgelt!","breadcrumb":{"@id":"https:\/\/raymarine.ee\/product\/smartcontroller-wireless-remote\/#breadcrumb"},"inLanguage":"en-GB","potentialAction":[{"@type":"ReadAction","target":["https:\/\/raymarine.ee\/product\/smartcontroller-wireless-remote\/"]}]},{"@type":"ImageObject","inLanguage":"en-GB","@id":"https:\/\/raymarine.ee\/product\/smartcontroller-wireless-remote\/#primaryimage","url":"https:\/\/raymarine.ee\/wp-content\/uploads\/2025\/01\/ce83943c-cfb2-4a7c-8610-0b0a711d7511.webp","contentUrl":"https:\/\/raymarine.ee\/wp-content\/uploads\/2025\/01\/ce83943c-cfb2-4a7c-8610-0b0a711d7511.webp","width":1024,"height":1024},{"@type":"BreadcrumbList","@id":"https:\/\/raymarine.ee\/product\/smartcontroller-wireless-remote\/#breadcrumb","itemListElement":[{"@type":"ListItem","position":1,"name":"Home","item":"https:\/\/raymarine.ee\/"},{"@type":"ListItem","position":2,"name":"Tooted","item":"https:\/\/raymarine.ee\/shop\/"},{"@type":"ListItem","position":3,"name":"SmartController Wireless Remote"}]},{"@type":"WebSite","@id":"https:\/\/raymarine.ee\/#website","url":"https:\/\/raymarine.ee\/","name":"www.raymarine.ee","description":"Mereelektroonika, kaardiplotter, autopiloot, pinnipiloot, roolipiloot, radar, AIS, VHF, Smart Wind","publisher":{"@id":"https:\/\/raymarine.ee\/#organization"},"alternateName":"Raymarine","potentialAction":[{"@type":"SearchAction","target":{"@type":"EntryPoint","urlTemplate":"https:\/\/raymarine.ee\/?s={search_term_string}"},"query-input":{"@type":"PropertyValueSpecification","valueRequired":true,"valueName":"search_term_string"}}],"inLanguage":"en-GB"},{"@type":"Organization","@id":"https:\/\/raymarine.ee\/#organization","name":"NavSystems O\u00dc","url":"https:\/\/raymarine.ee\/","logo":{"@type":"ImageObject","inLanguage":"en-GB","@id":"https:\/\/raymarine.ee\/#\/schema\/logo\/image\/","url":"https:\/\/raymarine.ee\/wp-content\/uploads\/2024\/10\/Screenshot-2024-10-15-151324_bg_removed.webp","contentUrl":"https:\/\/raymarine.ee\/wp-content\/uploads\/2024\/10\/Screenshot-2024-10-15-151324_bg_removed.webp","width":420,"height":276,"caption":"NavSystems O\u00dc"},"image":{"@id":"https:\/\/raymarine.ee\/#\/schema\/logo\/image\/"},"sameAs":["https:\/\/www.facebook.com\/NavSystems"],"legalName":"NavSystems O\u00dc","foundingDate":"2011-05-03","numberOfEmployees":{"@type":"QuantitativeValue","minValue":"1","maxValue":"10"}}]},"product_price_amount":"763.00","product_price_currency":"EUR","og_availability":"out of stock","product_availability":"out of stock","product_retailer_item_id":"E15023","product_condition":"new"},"jetpack_sharing_enabled":true,"_links":{"self":[{"href":"https:\/\/raymarine.ee\/en\/wp-json\/wp\/v2\/product\/6413","targetHints":{"allow":["GET"]}}],"collection":[{"href":"https:\/\/raymarine.ee\/en\/wp-json\/wp\/v2\/product"}],"about":[{"href":"https:\/\/raymarine.ee\/en\/wp-json\/wp\/v2\/types\/product"}],"wp:featuredmedia":[{"embeddable":true,"href":"https:\/\/raymarine.ee\/en\/wp-json\/wp\/v2\/media\/7687"}],"wp:attachment":[{"href":"https:\/\/raymarine.ee\/en\/wp-json\/wp\/v2\/media?parent=6413"}],"wp:term":[{"taxonomy":"product_brand","embeddable":true,"href":"https:\/\/raymarine.ee\/en\/wp-json\/wp\/v2\/product_brand?post=6413"},{"taxonomy":"product_cat","embeddable":true,"href":"https:\/\/raymarine.ee\/en\/wp-json\/wp\/v2\/product_cat?post=6413"},{"taxonomy":"product_tag","embeddable":true,"href":"https:\/\/raymarine.ee\/en\/wp-json\/wp\/v2\/product_tag?post=6413"}],"curies":[{"name":"wp","href":"https:\/\/api.w.org\/{rel}","templated":true}]}}