{"id":6416,"date":"2025-01-14T17:11:11","date_gmt":"2025-01-14T17:11:11","guid":{"rendered":"https:\/\/raymarine.ee\/?post_type=product&#038;p=6416"},"modified":"2026-04-06T20:37:41","modified_gmt":"2026-04-06T17:37:41","slug":"raymarine-acu-200-actuator-control-unit","status":"publish","type":"product","link":"https:\/\/raymarine.ee\/en\/product\/raymarine-acu-200-actuator-control-unit\/","title":{"rendered":"Raymarine ACU-200 Actuator Control Unit"},"content":{"rendered":"<p data-start=\"155\" data-end=\"625\">Raymarine ACU-200 on usaldusv\u00e4\u00e4rne autopiloodi juhtseade, mis on m\u00f5eldud Type 1 h\u00fcdraulilistele v\u00f5i mehaanilistele ajamitele. See Evolution\u2122 autopiloodis\u00fcsteemi komponent tagab pideva 15 A v\u00e4ljundvoolu ning sobib 12 V ja 24 V elektris\u00fcsteemidega. ACU-200 \u00fchendub SeaTalkng v\u00f5rku, v\u00f5imaldades sujuvat andmeside suhtlust teiste autopiloodis\u00fcsteemi komponentidega. T\u00e4nu veekindlale ja vastupidavale korpusele sobib see ideaalselt paigaldamiseks ka karmides meretingimustes.<\/p>\n<p data-start=\"627\" data-end=\"649\"><strong data-start=\"627\" data-end=\"649\">Olulised omadused:<\/strong><\/p>\n<ul data-start=\"651\" data-end=\"970\">\n<li data-start=\"651\" data-end=\"677\">\n<p data-start=\"653\" data-end=\"677\">\u00dchilduv Type 1 ajamitega<\/p>\n<\/li>\n<li data-start=\"678\" data-end=\"708\">\n<p data-start=\"680\" data-end=\"708\">Max pidev voolutugevus: 15 A<\/p>\n<\/li>\n<li data-start=\"709\" data-end=\"749\">\n<p data-start=\"711\" data-end=\"749\">Siduri v\u00e4ljund: kuni 2 A (12 V \/ 24 V)<\/p>\n<\/li>\n<li data-start=\"750\" data-end=\"829\">\n<p data-start=\"752\" data-end=\"829\">\u00dchendused: rooliandur, une-re\u017eiimi l\u00fcliti, vool, ajami mootor, sidur, maandus<\/p>\n<\/li>\n<li data-start=\"830\" data-end=\"863\">\n<p data-start=\"832\" data-end=\"863\">\u00dchilduvusv\u00f5rk: SeaTalkng, LEN 1<\/p>\n<\/li>\n<li data-start=\"864\" data-end=\"898\">\n<p data-start=\"866\" data-end=\"898\">T\u00f6\u00f6temperatuur: -20\u00b0C kuni +55\u00b0C<\/p>\n<\/li>\n<li data-start=\"899\" data-end=\"931\">\n<p data-start=\"901\" data-end=\"931\">M\u00f5\u00f5tmed: 285 x 211,5 x 64,5 mm<\/p>\n<\/li>\n<li data-start=\"932\" data-end=\"946\">\n<p data-start=\"934\" data-end=\"946\">Kaal: 2,2 kg<\/p>\n<\/li>\n<li data-start=\"947\" data-end=\"970\">\n<p data-start=\"949\" data-end=\"970\">IP-klass: Tilgakindel<\/p>\n<\/li>\n<\/ul>\n<p data-start=\"972\" data-end=\"1121\">ACU-200 sobib ideaalselt v\u00e4ikestele ja keskmise suurusega paatidele ning on loodud pakkuma suurep\u00e4rast kursi hoidmist ka keerulistes ilmastikuoludes.<\/p>\n<h5>Lae alla Evolution autopiloodi paigaldusjuhendid:<\/h5>\n<p>EV1 ja ACU\u00a0<a href=\"https:\/\/raymarine.ee\/wp-content\/uploads\/2026\/04\/Evolution-EV-1-and-ACU-Installation-instructions-87180-Rev-7-EN.pdf\" target=\"_blank\" rel=\"noopener\" data-wpel-link=\"internal\">paigaldusjuhend<\/a><\/p>\n<p>Autopiloodi pumba\u00a0<a href=\"https:\/\/raymarine.ee\/wp-content\/uploads\/2026\/04\/Hydraulic-Pump-E12139-M81119-M81120-M81121-M81122-M81123-M81124-Installation-Guide-81178-5-EN-2.pdf\" target=\"_blank\" rel=\"noopener\" data-wpel-link=\"internal\">paigaldusjuhend<\/a><\/p>\n<p>p70s ja p70Rs\u00a0<a href=\"https:\/\/raymarine.ee\/wp-content\/uploads\/2026\/04\/p70s-p70Rs-Pilot-Controller-Installation-instructions-87424-Rev-3-EN.pdf\" target=\"_blank\" rel=\"noopener\" data-wpel-link=\"internal\">paigaldusjuhend<\/a><\/p>\n<p>Roolinurga anduri\u00a0<a href=\"https:\/\/raymarine.ee\/wp-content\/uploads\/2026\/04\/Rudder-Angle-Sensor-M81105-Installation-instructions-87012-3-EN.pdf\" target=\"_blank\" rel=\"noopener\" data-wpel-link=\"internal\">paigaldusjuhend<\/a><\/p>\n<p>p70 ja p70Rs kaudu Evolution piloodi\u00a0<a href=\"https:\/\/raymarine.ee\/wp-content\/uploads\/2026\/04\/p70-p70s-p70R-p70Rs-Pilot-Controller-Commissioning-Operation-instructions-81402-Rev-6-EN.pdf\" target=\"_blank\" rel=\"noopener\" data-wpel-link=\"internal\">seadistamis- ja kasutamisjuhend<\/a><\/p>","protected":false},"excerpt":{"rendered":"<p>\u2022Drive Current Output: Maximum continuous 15 A at supply voltage \u2022Drive Clutch Output: Up to 2.0 A continuous, selectable between 12 \/24 V \u2022Connections:\u2022Rudder reference sensor \u2022Sleep switch \u2022Power \u2022Drive motor \u2022Drive clutch \u2022Ground \u2022Nominal Supply Voltage: 12 V or 24 V \u2022Operating voltage range: 10.8 V to 31.2 V dc \u2022Power consumption (standby) &#8211; main power supply: 300 mA (12\/24 V) \u2022Power consumption (standby) &#8211; SeaTalkng power supply: 20 mA (12V) \u2022SeaTalkng LEN (Load Equivalency Number): 1 \u2022SeaTalkng Power out: 3 A at 12 V (fuse protected at 3 A) \u2022Data connections: SeaTalkng. Tutvu kindlasti ka selle komplekti\u00a0juhenditega\u00a0ja k\u00fcsimuste korral pea n\u00f5u meie spetsialistiga.<\/p>","protected":false},"featured_media":9555,"template":"","meta":{"_acf_changed":false},"product_brand":[],"product_cat":[66,52,103],"product_tag":[],"class_list":{"0":"post-6416","1":"product","2":"type-product","3":"status-publish","4":"has-post-thumbnail","6":"product_cat-ajamid","7":"product_cat-autopiloot-autopiloodid","8":"product_cat-raymarine","10":"first","11":"instock","12":"sale","13":"taxable","14":"shipping-taxable","15":"purchasable","16":"product-type-simple"},"acf":[],"yoast_head":"<!-- This site is optimized with the Yoast SEO Premium plugin v27.5 (Yoast SEO v27.5) - https:\/\/yoast.com\/product\/yoast-seo-premium-wordpress\/ -->\n<title>Raymarine ACU-200 Actuator Control Unit - NavSystems Mereelektroonika<\/title>\n<meta name=\"description\" content=\"Raymarine ACU-200 autopiloodi juhtseade Type 1 ajamitele. V\u00f5imas ja t\u00f6\u00f6kindel komponent Evolution autopiloodis\u00fcsteemi jaoks. Sobib 12\/24V s\u00fcsteemidele ja SeaTalkng v\u00f5rguga.\" \/>\n<meta name=\"robots\" content=\"index, follow, max-snippet:-1, max-image-preview:large, max-video-preview:-1\" \/>\n<link rel=\"canonical\" href=\"https:\/\/raymarine.ee\/en\/product\/raymarine-acu-200-actuator-control-unit\/\" \/>\n<meta property=\"og:locale\" content=\"en_GB\" \/>\n<meta property=\"og:type\" content=\"article\" \/>\n<meta property=\"og:title\" content=\"Raymarine ACU-200 Actuator Control Unit\" \/>\n<meta property=\"og:description\" content=\"Raymarine ACU-200 autopiloodi juhtseade Type 1 ajamitele. V\u00f5imas ja t\u00f6\u00f6kindel komponent Evolution autopiloodis\u00fcsteemi jaoks. Sobib 12\/24V s\u00fcsteemidele ja SeaTalkng v\u00f5rguga.\" \/>\n<meta property=\"og:url\" content=\"https:\/\/raymarine.ee\/en\/product\/raymarine-acu-200-actuator-control-unit\/\" \/>\n<meta property=\"og:site_name\" content=\"NavSystems\" \/>\n<meta property=\"article:publisher\" content=\"https:\/\/www.facebook.com\/NavSystems\" \/>\n<meta property=\"article:modified_time\" content=\"2026-04-06T17:37:41+00:00\" \/>\n<meta property=\"og:image\" content=\"https:\/\/raymarine.ee\/wp-content\/uploads\/2025\/01\/77c7e9a0-d03d-4fdd-a741-2c8d1e898f7a.png\" \/>\n\t<meta property=\"og:image:width\" content=\"2000\" \/>\n\t<meta property=\"og:image:height\" content=\"2000\" \/>\n\t<meta property=\"og:image:type\" content=\"image\/png\" \/>\n<meta name=\"twitter:card\" content=\"summary_large_image\" \/>\n<meta name=\"twitter:label1\" content=\"Price\" \/>\n\t<meta name=\"twitter:data1\" content=\"1 177,00&nbsp;&euro;\" \/>\n\t<meta name=\"twitter:label2\" content=\"Availability\" \/>\n\t<meta name=\"twitter:data2\" content=\"In stock\" \/>\n<script type=\"application\/ld+json\" class=\"yoast-schema-graph\">{\"@context\":\"https:\\\/\\\/schema.org\",\"@graph\":[{\"@type\":\"WebPage\",\"@id\":\"https:\\\/\\\/raymarine.ee\\\/product\\\/raymarine-acu-200-actuator-control-unit\\\/\",\"url\":\"https:\\\/\\\/raymarine.ee\\\/product\\\/raymarine-acu-200-actuator-control-unit\\\/\",\"name\":\"Raymarine ACU-200 Actuator Control Unit - NavSystems Mereelektroonika\",\"isPartOf\":{\"@id\":\"https:\\\/\\\/raymarine.ee\\\/#website\"},\"primaryImageOfPage\":{\"@id\":\"https:\\\/\\\/raymarine.ee\\\/product\\\/raymarine-acu-200-actuator-control-unit\\\/#primaryimage\"},\"image\":{\"@id\":\"https:\\\/\\\/raymarine.ee\\\/product\\\/raymarine-acu-200-actuator-control-unit\\\/#primaryimage\"},\"thumbnailUrl\":\"https:\\\/\\\/raymarine.ee\\\/wp-content\\\/uploads\\\/2025\\\/01\\\/77c7e9a0-d03d-4fdd-a741-2c8d1e898f7a.png\",\"datePublished\":\"2025-01-14T17:11:11+00:00\",\"dateModified\":\"2026-04-06T17:37:41+00:00\",\"description\":\"Raymarine ACU-200 autopiloodi juhtseade Type 1 ajamitele. V\u00f5imas ja t\u00f6\u00f6kindel komponent Evolution autopiloodis\u00fcsteemi jaoks. Sobib 12\\\/24V s\u00fcsteemidele ja SeaTalkng v\u00f5rguga.\",\"breadcrumb\":{\"@id\":\"https:\\\/\\\/raymarine.ee\\\/product\\\/raymarine-acu-200-actuator-control-unit\\\/#breadcrumb\"},\"inLanguage\":\"en-GB\",\"potentialAction\":[{\"@type\":\"ReadAction\",\"target\":[\"https:\\\/\\\/raymarine.ee\\\/product\\\/raymarine-acu-200-actuator-control-unit\\\/\"]}]},{\"@type\":\"ImageObject\",\"inLanguage\":\"en-GB\",\"@id\":\"https:\\\/\\\/raymarine.ee\\\/product\\\/raymarine-acu-200-actuator-control-unit\\\/#primaryimage\",\"url\":\"https:\\\/\\\/raymarine.ee\\\/wp-content\\\/uploads\\\/2025\\\/01\\\/77c7e9a0-d03d-4fdd-a741-2c8d1e898f7a.png\",\"contentUrl\":\"https:\\\/\\\/raymarine.ee\\\/wp-content\\\/uploads\\\/2025\\\/01\\\/77c7e9a0-d03d-4fdd-a741-2c8d1e898f7a.png\",\"width\":2000,\"height\":2000,\"caption\":\"Autopiloot\"},{\"@type\":\"BreadcrumbList\",\"@id\":\"https:\\\/\\\/raymarine.ee\\\/product\\\/raymarine-acu-200-actuator-control-unit\\\/#breadcrumb\",\"itemListElement\":[{\"@type\":\"ListItem\",\"position\":1,\"name\":\"Home\",\"item\":\"https:\\\/\\\/raymarine.ee\\\/\"},{\"@type\":\"ListItem\",\"position\":2,\"name\":\"Tooted\",\"item\":\"https:\\\/\\\/raymarine.ee\\\/shop\\\/\"},{\"@type\":\"ListItem\",\"position\":3,\"name\":\"Raymarine ACU-200 Actuator Control Unit\"}]},{\"@type\":\"WebSite\",\"@id\":\"https:\\\/\\\/raymarine.ee\\\/#website\",\"url\":\"https:\\\/\\\/raymarine.ee\\\/\",\"name\":\"www.raymarine.ee\",\"description\":\"Mereelektroonika, kaardiplotter, autopiloot, pinnipiloot, roolipiloot, radar, AIS, VHF, Smart Wind\",\"publisher\":{\"@id\":\"https:\\\/\\\/raymarine.ee\\\/#organization\"},\"alternateName\":\"Raymarine\",\"potentialAction\":[{\"@type\":\"SearchAction\",\"target\":{\"@type\":\"EntryPoint\",\"urlTemplate\":\"https:\\\/\\\/raymarine.ee\\\/?s={search_term_string}\"},\"query-input\":{\"@type\":\"PropertyValueSpecification\",\"valueRequired\":true,\"valueName\":\"search_term_string\"}}],\"inLanguage\":\"en-GB\"},{\"@type\":\"Organization\",\"@id\":\"https:\\\/\\\/raymarine.ee\\\/#organization\",\"name\":\"NavSystems O\u00dc\",\"url\":\"https:\\\/\\\/raymarine.ee\\\/\",\"logo\":{\"@type\":\"ImageObject\",\"inLanguage\":\"en-GB\",\"@id\":\"https:\\\/\\\/raymarine.ee\\\/#\\\/schema\\\/logo\\\/image\\\/\",\"url\":\"https:\\\/\\\/raymarine.ee\\\/wp-content\\\/uploads\\\/2024\\\/10\\\/Screenshot-2024-10-15-151324_bg_removed.webp\",\"contentUrl\":\"https:\\\/\\\/raymarine.ee\\\/wp-content\\\/uploads\\\/2024\\\/10\\\/Screenshot-2024-10-15-151324_bg_removed.webp\",\"width\":420,\"height\":276,\"caption\":\"NavSystems O\u00dc\"},\"image\":{\"@id\":\"https:\\\/\\\/raymarine.ee\\\/#\\\/schema\\\/logo\\\/image\\\/\"},\"sameAs\":[\"https:\\\/\\\/www.facebook.com\\\/NavSystems\"],\"legalName\":\"NavSystems O\u00dc\",\"foundingDate\":\"2011-05-03\",\"numberOfEmployees\":{\"@type\":\"QuantitativeValue\",\"minValue\":\"1\",\"maxValue\":\"10\"}}]}<\/script>\n<meta property=\"product:price:amount\" content=\"1177.00\" \/>\n<meta property=\"product:price:currency\" content=\"EUR\" \/>\n<meta property=\"og:availability\" content=\"instock\" \/>\n<meta property=\"product:availability\" content=\"instock\" \/>\n<meta property=\"product:retailer_item_id\" content=\"E70099\" \/>\n<meta property=\"product:condition\" content=\"new\" \/>\n<!-- \/ Yoast SEO Premium plugin. -->","yoast_head_json":{"title":"Raymarine ACU-200 Actuator Control Unit - NavSystems Mereelektroonika","description":"Raymarine ACU-200 autopiloodi juhtseade Type 1 ajamitele. V\u00f5imas ja t\u00f6\u00f6kindel komponent Evolution autopiloodis\u00fcsteemi jaoks. Sobib 12\/24V s\u00fcsteemidele ja SeaTalkng v\u00f5rguga.","robots":{"index":"index","follow":"follow","max-snippet":"max-snippet:-1","max-image-preview":"max-image-preview:large","max-video-preview":"max-video-preview:-1"},"canonical":"https:\/\/raymarine.ee\/en\/product\/raymarine-acu-200-actuator-control-unit\/","og_locale":"en_GB","og_type":"article","og_title":"Raymarine ACU-200 Actuator Control Unit","og_description":"Raymarine ACU-200 autopiloodi juhtseade Type 1 ajamitele. V\u00f5imas ja t\u00f6\u00f6kindel komponent Evolution autopiloodis\u00fcsteemi jaoks. Sobib 12\/24V s\u00fcsteemidele ja SeaTalkng v\u00f5rguga.","og_url":"https:\/\/raymarine.ee\/en\/product\/raymarine-acu-200-actuator-control-unit\/","og_site_name":"NavSystems","article_publisher":"https:\/\/www.facebook.com\/NavSystems","article_modified_time":"2026-04-06T17:37:41+00:00","og_image":[{"width":2000,"height":2000,"url":"https:\/\/raymarine.ee\/wp-content\/uploads\/2025\/01\/77c7e9a0-d03d-4fdd-a741-2c8d1e898f7a.png","type":"image\/png"}],"twitter_card":"summary_large_image","twitter_misc":{"Price":"1 177,00&nbsp;&euro;","Availability":"In stock"},"schema":{"@context":"https:\/\/schema.org","@graph":[{"@type":"WebPage","@id":"https:\/\/raymarine.ee\/product\/raymarine-acu-200-actuator-control-unit\/","url":"https:\/\/raymarine.ee\/product\/raymarine-acu-200-actuator-control-unit\/","name":"Raymarine ACU-200 Actuator Control Unit - NavSystems Mereelektroonika","isPartOf":{"@id":"https:\/\/raymarine.ee\/#website"},"primaryImageOfPage":{"@id":"https:\/\/raymarine.ee\/product\/raymarine-acu-200-actuator-control-unit\/#primaryimage"},"image":{"@id":"https:\/\/raymarine.ee\/product\/raymarine-acu-200-actuator-control-unit\/#primaryimage"},"thumbnailUrl":"https:\/\/raymarine.ee\/wp-content\/uploads\/2025\/01\/77c7e9a0-d03d-4fdd-a741-2c8d1e898f7a.png","datePublished":"2025-01-14T17:11:11+00:00","dateModified":"2026-04-06T17:37:41+00:00","description":"Raymarine ACU-200 autopiloodi juhtseade Type 1 ajamitele. V\u00f5imas ja t\u00f6\u00f6kindel komponent Evolution autopiloodis\u00fcsteemi jaoks. Sobib 12\/24V s\u00fcsteemidele ja SeaTalkng v\u00f5rguga.","breadcrumb":{"@id":"https:\/\/raymarine.ee\/product\/raymarine-acu-200-actuator-control-unit\/#breadcrumb"},"inLanguage":"en-GB","potentialAction":[{"@type":"ReadAction","target":["https:\/\/raymarine.ee\/product\/raymarine-acu-200-actuator-control-unit\/"]}]},{"@type":"ImageObject","inLanguage":"en-GB","@id":"https:\/\/raymarine.ee\/product\/raymarine-acu-200-actuator-control-unit\/#primaryimage","url":"https:\/\/raymarine.ee\/wp-content\/uploads\/2025\/01\/77c7e9a0-d03d-4fdd-a741-2c8d1e898f7a.png","contentUrl":"https:\/\/raymarine.ee\/wp-content\/uploads\/2025\/01\/77c7e9a0-d03d-4fdd-a741-2c8d1e898f7a.png","width":2000,"height":2000,"caption":"Autopiloot"},{"@type":"BreadcrumbList","@id":"https:\/\/raymarine.ee\/product\/raymarine-acu-200-actuator-control-unit\/#breadcrumb","itemListElement":[{"@type":"ListItem","position":1,"name":"Home","item":"https:\/\/raymarine.ee\/"},{"@type":"ListItem","position":2,"name":"Tooted","item":"https:\/\/raymarine.ee\/shop\/"},{"@type":"ListItem","position":3,"name":"Raymarine ACU-200 Actuator Control Unit"}]},{"@type":"WebSite","@id":"https:\/\/raymarine.ee\/#website","url":"https:\/\/raymarine.ee\/","name":"www.raymarine.ee","description":"Mereelektroonika, kaardiplotter, autopiloot, pinnipiloot, roolipiloot, radar, AIS, VHF, Smart Wind","publisher":{"@id":"https:\/\/raymarine.ee\/#organization"},"alternateName":"Raymarine","potentialAction":[{"@type":"SearchAction","target":{"@type":"EntryPoint","urlTemplate":"https:\/\/raymarine.ee\/?s={search_term_string}"},"query-input":{"@type":"PropertyValueSpecification","valueRequired":true,"valueName":"search_term_string"}}],"inLanguage":"en-GB"},{"@type":"Organization","@id":"https:\/\/raymarine.ee\/#organization","name":"NavSystems O\u00dc","url":"https:\/\/raymarine.ee\/","logo":{"@type":"ImageObject","inLanguage":"en-GB","@id":"https:\/\/raymarine.ee\/#\/schema\/logo\/image\/","url":"https:\/\/raymarine.ee\/wp-content\/uploads\/2024\/10\/Screenshot-2024-10-15-151324_bg_removed.webp","contentUrl":"https:\/\/raymarine.ee\/wp-content\/uploads\/2024\/10\/Screenshot-2024-10-15-151324_bg_removed.webp","width":420,"height":276,"caption":"NavSystems O\u00dc"},"image":{"@id":"https:\/\/raymarine.ee\/#\/schema\/logo\/image\/"},"sameAs":["https:\/\/www.facebook.com\/NavSystems"],"legalName":"NavSystems O\u00dc","foundingDate":"2011-05-03","numberOfEmployees":{"@type":"QuantitativeValue","minValue":"1","maxValue":"10"}}]},"product_price_amount":"1177.00","product_price_currency":"EUR","og_availability":"instock","product_availability":"instock","product_retailer_item_id":"E70099","product_condition":"new"},"jetpack_sharing_enabled":true,"_links":{"self":[{"href":"https:\/\/raymarine.ee\/en\/wp-json\/wp\/v2\/product\/6416","targetHints":{"allow":["GET"]}}],"collection":[{"href":"https:\/\/raymarine.ee\/en\/wp-json\/wp\/v2\/product"}],"about":[{"href":"https:\/\/raymarine.ee\/en\/wp-json\/wp\/v2\/types\/product"}],"wp:featuredmedia":[{"embeddable":true,"href":"https:\/\/raymarine.ee\/en\/wp-json\/wp\/v2\/media\/9555"}],"wp:attachment":[{"href":"https:\/\/raymarine.ee\/en\/wp-json\/wp\/v2\/media?parent=6416"}],"wp:term":[{"taxonomy":"product_brand","embeddable":true,"href":"https:\/\/raymarine.ee\/en\/wp-json\/wp\/v2\/product_brand?post=6416"},{"taxonomy":"product_cat","embeddable":true,"href":"https:\/\/raymarine.ee\/en\/wp-json\/wp\/v2\/product_cat?post=6416"},{"taxonomy":"product_tag","embeddable":true,"href":"https:\/\/raymarine.ee\/en\/wp-json\/wp\/v2\/product_tag?post=6416"}],"curies":[{"name":"wp","href":"https:\/\/api.w.org\/{rel}","templated":true}]}}