{"id":6417,"date":"2025-01-14T17:15:19","date_gmt":"2025-01-14T17:15:19","guid":{"rendered":"https:\/\/raymarine.ee\/?post_type=product&#038;p=6417"},"modified":"2026-04-06T20:39:20","modified_gmt":"2026-04-06T17:39:20","slug":"raymarine-acu-300-actuator-control-unit","status":"publish","type":"product","link":"https:\/\/raymarine.ee\/en\/product\/raymarine-acu-300-actuator-control-unit\/","title":{"rendered":"Raymarine ACU-300 Actuator Control Unit"},"content":{"rendered":"<p data-start=\"58\" data-end=\"155\"><strong data-start=\"58\" data-end=\"155\">Raymarine ACU-300 T\u00e4iturmehhanismi Juhtimisseade (ainult solenoidventiilidele, ilma sidurita)<\/strong><\/p>\n<p data-start=\"157\" data-end=\"504\">Raymarine ACU-300 on vastupidav t\u00e4iturmehhanismi juhtimisseade, mis tagab t\u00f6\u00f6kindla autopiloodi juhtv\u00f5imsuse ning varustab SeaTalkng v\u00f5rgu toitega. See on m\u00f5eldud kasutamiseks solenoidventiilidega juhitavate autopiloodis\u00fcsteemidega ning sobib ideaalselt keskmise kuni suure suurusega vees\u00f5idukitele, mis vajavad t\u00e4pset ja usaldusv\u00e4\u00e4rset juhtimist.<\/p>\n<p data-start=\"506\" data-end=\"528\"><strong data-start=\"506\" data-end=\"528\">Peamised omadused:<\/strong><\/p>\n<ul data-start=\"529\" data-end=\"1070\">\n<li data-start=\"529\" data-end=\"557\">\n<p data-start=\"531\" data-end=\"557\"><em data-start=\"531\" data-end=\"542\">T\u00f6\u00f6pinge:<\/em> 12V v\u00f5i 24V DC<\/p>\n<\/li>\n<li data-start=\"558\" data-end=\"617\">\n<p data-start=\"560\" data-end=\"617\"><em data-start=\"560\" data-end=\"599\">Pidev voolutugevus solenoidi ajamile:<\/em> maksimaalselt 5 A<\/p>\n<\/li>\n<li data-start=\"618\" data-end=\"644\">\n<p data-start=\"620\" data-end=\"644\"><em data-start=\"620\" data-end=\"637\">Siduri v\u00e4ljund:<\/em> puudub<\/p>\n<\/li>\n<li data-start=\"645\" data-end=\"674\">\n<p data-start=\"647\" data-end=\"674\"><em data-start=\"647\" data-end=\"659\">Andmeside:<\/em> SeaTalkng v\u00f5rk<\/p>\n<\/li>\n<li data-start=\"675\" data-end=\"745\">\n<p data-start=\"677\" data-end=\"745\"><em data-start=\"677\" data-end=\"703\">SeaTalkng toite v\u00e4ljund:<\/em> 3 A (12 V juures), kaitstud 3 A kaitsmega<\/p>\n<\/li>\n<li data-start=\"746\" data-end=\"833\">\n<p data-start=\"748\" data-end=\"833\"><em data-start=\"748\" data-end=\"760\">\u00dchendused:<\/em> rooliasendiandur, toide, solenoidi juhtimine, maandus, unere\u017eiimi l\u00fcliti<\/p>\n<\/li>\n<li data-start=\"834\" data-end=\"904\">\n<p data-start=\"836\" data-end=\"904\"><em data-start=\"836\" data-end=\"856\">Paigalduskeskkond:<\/em> veekindel, IP-klass tilgapidav (drip resistant)<\/p>\n<\/li>\n<li data-start=\"905\" data-end=\"941\">\n<p data-start=\"907\" data-end=\"941\"><em data-start=\"907\" data-end=\"924\">T\u00f6\u00f6temperatuur:<\/em> -20\u00b0C kuni +55\u00b0C<\/p>\n<\/li>\n<li data-start=\"942\" data-end=\"983\">\n<p data-start=\"944\" data-end=\"983\"><em data-start=\"944\" data-end=\"966\">S\u00e4ilitustemperatuur:<\/em> -30\u00b0C kuni +70\u00b0C<\/p>\n<\/li>\n<li data-start=\"984\" data-end=\"1018\">\n<p data-start=\"986\" data-end=\"1018\"><em data-start=\"986\" data-end=\"1009\">Suhteline \u00f5huniiskus:<\/em> kuni 93%<\/p>\n<\/li>\n<li data-start=\"1019\" data-end=\"1053\">\n<p data-start=\"1021\" data-end=\"1053\"><em data-start=\"1021\" data-end=\"1031\">M\u00f5\u00f5tmed:<\/em> 285 x 211,5 x 64,5 mm<\/p>\n<\/li>\n<li data-start=\"1054\" data-end=\"1070\">\n<p data-start=\"1056\" data-end=\"1070\"><em data-start=\"1056\" data-end=\"1063\">Kaal:<\/em> 2,2 kg<\/p>\n<\/li>\n<\/ul>\n<p data-start=\"1072\" data-end=\"1419\">ACU-300 \u00fchildub Raymarine Evolution autopilootide s\u00fcsteemidega ja pakub lihtsalt paigaldatavat lahendust, mis v\u00e4hendab juhtmestiku keerukust ning tagab usaldusv\u00e4\u00e4rse s\u00fcsteemit\u00f6\u00f6. T\u00e4nu SeaTalkng v\u00f5rgu\u00fchendusele on \u00fchendamine lihtne ja paindlik, v\u00f5imaldades integreerida ka teisi Raymarine seadmeid, nagu andurid, juhtpaneelid ja rooliasendiandurid.<\/p>\n<h5>Lae alla Evolution autopiloodi paigaldusjuhendid:<\/h5>\n<p>EV1 ja ACU\u00a0<a href=\"https:\/\/raymarine.ee\/wp-content\/uploads\/2026\/04\/Evolution-EV-1-and-ACU-Installation-instructions-87180-Rev-7-EN.pdf\" target=\"_blank\" rel=\"noopener\" data-wpel-link=\"internal\">paigaldusjuhend<\/a><\/p>\n<p>Autopiloodi pumba\u00a0<a href=\"https:\/\/raymarine.ee\/wp-content\/uploads\/2026\/04\/Hydraulic-Pump-E12139-M81119-M81120-M81121-M81122-M81123-M81124-Installation-Guide-81178-5-EN-2.pdf\" target=\"_blank\" rel=\"noopener\" data-wpel-link=\"internal\">paigaldusjuhend<\/a><\/p>\n<p>p70s ja p70Rs\u00a0<a href=\"https:\/\/raymarine.ee\/wp-content\/uploads\/2026\/04\/p70s-p70Rs-Pilot-Controller-Installation-instructions-87424-Rev-3-EN.pdf\" target=\"_blank\" rel=\"noopener\" data-wpel-link=\"internal\">paigaldusjuhend<\/a><\/p>\n<p>Roolinurga anduri\u00a0<a href=\"https:\/\/raymarine.ee\/wp-content\/uploads\/2026\/04\/Rudder-Angle-Sensor-M81105-Installation-instructions-87012-3-EN.pdf\" target=\"_blank\" rel=\"noopener\" data-wpel-link=\"internal\">paigaldusjuhend<\/a><\/p>\n<p>p70 ja p70Rs kaudu Evolution piloodi\u00a0<a href=\"https:\/\/raymarine.ee\/wp-content\/uploads\/2026\/04\/p70-p70s-p70R-p70Rs-Pilot-Controller-Commissioning-Operation-instructions-81402-Rev-6-EN.pdf\" target=\"_blank\" rel=\"noopener\" data-wpel-link=\"internal\">seadistamis- ja kasutamisjuhend<\/a><\/p>","protected":false},"excerpt":{"rendered":"<p>The rugged ACU (Actuator Control Unit) delivers reliable autopilot drive power and also provides power to the SeaTalkng bus. \u2022Drive current output: Maximum continuous 5 A at supply voltage \u2022Drive clutch output: No clutch connection. Tutvu kindlasti ka selle komplekti\u00a0juhenditega\u00a0ja k\u00fcsimuste korral pea n\u00f5u meie spetsialistiga.<\/p>","protected":false},"featured_media":9558,"template":"","meta":{"_acf_changed":false},"product_brand":[],"product_cat":[66,52,103],"product_tag":[],"class_list":{"0":"post-6417","1":"product","2":"type-product","3":"status-publish","4":"has-post-thumbnail","6":"product_cat-ajamid","7":"product_cat-autopiloot-autopiloodid","8":"product_cat-raymarine","10":"first","11":"instock","12":"sale","13":"taxable","14":"shipping-taxable","15":"purchasable","16":"product-type-simple"},"acf":[],"yoast_head":"<!-- This site is optimized with the Yoast SEO Premium plugin v27.5 (Yoast SEO v27.5) - https:\/\/yoast.com\/product\/yoast-seo-premium-wordpress\/ -->\n<title>Raymarine ACU-300 Actuator Control Unit - NavSystems Mereelektroonika<\/title>\n<meta name=\"description\" content=\"Raymarine ACU-300 on solenoidventiilidele m\u00f5eldud autopiloodi juhtimisseade, mis pakub t\u00f6\u00f6kindlat juhtimist ja SeaTalkng v\u00f5rgu\u00fchendust. Ideaalne paatidele 12V ja 24V s\u00fcsteemides.\" \/>\n<meta name=\"robots\" content=\"index, follow, max-snippet:-1, max-image-preview:large, max-video-preview:-1\" \/>\n<link rel=\"canonical\" href=\"https:\/\/raymarine.ee\/en\/product\/raymarine-acu-300-actuator-control-unit\/\" \/>\n<meta property=\"og:locale\" content=\"en_GB\" \/>\n<meta property=\"og:type\" content=\"article\" \/>\n<meta property=\"og:title\" content=\"Raymarine ACU-300 Actuator Control Unit\" \/>\n<meta property=\"og:description\" content=\"Raymarine ACU-300 on solenoidventiilidele m\u00f5eldud autopiloodi juhtimisseade, mis pakub t\u00f6\u00f6kindlat juhtimist ja SeaTalkng v\u00f5rgu\u00fchendust. Ideaalne paatidele 12V ja 24V s\u00fcsteemides.\" \/>\n<meta property=\"og:url\" content=\"https:\/\/raymarine.ee\/en\/product\/raymarine-acu-300-actuator-control-unit\/\" \/>\n<meta property=\"og:site_name\" content=\"NavSystems\" \/>\n<meta property=\"article:publisher\" content=\"https:\/\/www.facebook.com\/NavSystems\" \/>\n<meta property=\"article:modified_time\" content=\"2026-04-06T17:39:20+00:00\" \/>\n<meta property=\"og:image\" content=\"https:\/\/raymarine.ee\/wp-content\/uploads\/2025\/01\/88362138-b51e-411f-a84b-a1fbf2481887.png\" \/>\n\t<meta property=\"og:image:width\" content=\"2000\" \/>\n\t<meta property=\"og:image:height\" content=\"2000\" \/>\n\t<meta property=\"og:image:type\" content=\"image\/png\" \/>\n<meta name=\"twitter:card\" content=\"summary_large_image\" \/>\n<meta name=\"twitter:label1\" content=\"Price\" \/>\n\t<meta name=\"twitter:data1\" content=\"2 526,81&nbsp;&euro;\" \/>\n\t<meta name=\"twitter:label2\" content=\"Availability\" \/>\n\t<meta name=\"twitter:data2\" content=\"In stock\" \/>\n<script type=\"application\/ld+json\" class=\"yoast-schema-graph\">{\"@context\":\"https:\\\/\\\/schema.org\",\"@graph\":[{\"@type\":\"WebPage\",\"@id\":\"https:\\\/\\\/raymarine.ee\\\/product\\\/raymarine-acu-300-actuator-control-unit\\\/\",\"url\":\"https:\\\/\\\/raymarine.ee\\\/product\\\/raymarine-acu-300-actuator-control-unit\\\/\",\"name\":\"Raymarine ACU-300 Actuator Control Unit - NavSystems Mereelektroonika\",\"isPartOf\":{\"@id\":\"https:\\\/\\\/raymarine.ee\\\/#website\"},\"primaryImageOfPage\":{\"@id\":\"https:\\\/\\\/raymarine.ee\\\/product\\\/raymarine-acu-300-actuator-control-unit\\\/#primaryimage\"},\"image\":{\"@id\":\"https:\\\/\\\/raymarine.ee\\\/product\\\/raymarine-acu-300-actuator-control-unit\\\/#primaryimage\"},\"thumbnailUrl\":\"https:\\\/\\\/raymarine.ee\\\/wp-content\\\/uploads\\\/2025\\\/01\\\/88362138-b51e-411f-a84b-a1fbf2481887.png\",\"datePublished\":\"2025-01-14T17:15:19+00:00\",\"dateModified\":\"2026-04-06T17:39:20+00:00\",\"description\":\"Raymarine ACU-300 on solenoidventiilidele m\u00f5eldud autopiloodi juhtimisseade, mis pakub t\u00f6\u00f6kindlat juhtimist ja SeaTalkng v\u00f5rgu\u00fchendust. Ideaalne paatidele 12V ja 24V s\u00fcsteemides.\",\"breadcrumb\":{\"@id\":\"https:\\\/\\\/raymarine.ee\\\/product\\\/raymarine-acu-300-actuator-control-unit\\\/#breadcrumb\"},\"inLanguage\":\"en-GB\",\"potentialAction\":[{\"@type\":\"ReadAction\",\"target\":[\"https:\\\/\\\/raymarine.ee\\\/product\\\/raymarine-acu-300-actuator-control-unit\\\/\"]}]},{\"@type\":\"ImageObject\",\"inLanguage\":\"en-GB\",\"@id\":\"https:\\\/\\\/raymarine.ee\\\/product\\\/raymarine-acu-300-actuator-control-unit\\\/#primaryimage\",\"url\":\"https:\\\/\\\/raymarine.ee\\\/wp-content\\\/uploads\\\/2025\\\/01\\\/88362138-b51e-411f-a84b-a1fbf2481887.png\",\"contentUrl\":\"https:\\\/\\\/raymarine.ee\\\/wp-content\\\/uploads\\\/2025\\\/01\\\/88362138-b51e-411f-a84b-a1fbf2481887.png\",\"width\":2000,\"height\":2000,\"caption\":\"Autopiloot\"},{\"@type\":\"BreadcrumbList\",\"@id\":\"https:\\\/\\\/raymarine.ee\\\/product\\\/raymarine-acu-300-actuator-control-unit\\\/#breadcrumb\",\"itemListElement\":[{\"@type\":\"ListItem\",\"position\":1,\"name\":\"Home\",\"item\":\"https:\\\/\\\/raymarine.ee\\\/\"},{\"@type\":\"ListItem\",\"position\":2,\"name\":\"Tooted\",\"item\":\"https:\\\/\\\/raymarine.ee\\\/shop\\\/\"},{\"@type\":\"ListItem\",\"position\":3,\"name\":\"Raymarine ACU-300 Actuator Control Unit\"}]},{\"@type\":\"WebSite\",\"@id\":\"https:\\\/\\\/raymarine.ee\\\/#website\",\"url\":\"https:\\\/\\\/raymarine.ee\\\/\",\"name\":\"www.raymarine.ee\",\"description\":\"Mereelektroonika, kaardiplotter, autopiloot, pinnipiloot, roolipiloot, radar, AIS, VHF, Smart Wind\",\"publisher\":{\"@id\":\"https:\\\/\\\/raymarine.ee\\\/#organization\"},\"alternateName\":\"Raymarine\",\"potentialAction\":[{\"@type\":\"SearchAction\",\"target\":{\"@type\":\"EntryPoint\",\"urlTemplate\":\"https:\\\/\\\/raymarine.ee\\\/?s={search_term_string}\"},\"query-input\":{\"@type\":\"PropertyValueSpecification\",\"valueRequired\":true,\"valueName\":\"search_term_string\"}}],\"inLanguage\":\"en-GB\"},{\"@type\":\"Organization\",\"@id\":\"https:\\\/\\\/raymarine.ee\\\/#organization\",\"name\":\"NavSystems O\u00dc\",\"url\":\"https:\\\/\\\/raymarine.ee\\\/\",\"logo\":{\"@type\":\"ImageObject\",\"inLanguage\":\"en-GB\",\"@id\":\"https:\\\/\\\/raymarine.ee\\\/#\\\/schema\\\/logo\\\/image\\\/\",\"url\":\"https:\\\/\\\/raymarine.ee\\\/wp-content\\\/uploads\\\/2024\\\/10\\\/Screenshot-2024-10-15-151324_bg_removed.webp\",\"contentUrl\":\"https:\\\/\\\/raymarine.ee\\\/wp-content\\\/uploads\\\/2024\\\/10\\\/Screenshot-2024-10-15-151324_bg_removed.webp\",\"width\":420,\"height\":276,\"caption\":\"NavSystems O\u00dc\"},\"image\":{\"@id\":\"https:\\\/\\\/raymarine.ee\\\/#\\\/schema\\\/logo\\\/image\\\/\"},\"sameAs\":[\"https:\\\/\\\/www.facebook.com\\\/NavSystems\"],\"legalName\":\"NavSystems O\u00dc\",\"foundingDate\":\"2011-05-03\",\"numberOfEmployees\":{\"@type\":\"QuantitativeValue\",\"minValue\":\"1\",\"maxValue\":\"10\"}}]}<\/script>\n<meta property=\"product:price:amount\" content=\"2526.81\" \/>\n<meta property=\"product:price:currency\" content=\"EUR\" \/>\n<meta property=\"og:availability\" content=\"instock\" \/>\n<meta property=\"product:availability\" content=\"instock\" \/>\n<meta property=\"product:retailer_item_id\" content=\"E70139\" \/>\n<meta property=\"product:condition\" content=\"new\" \/>\n<!-- \/ Yoast SEO Premium plugin. -->","yoast_head_json":{"title":"Raymarine ACU-300 Actuator Control Unit - NavSystems Mereelektroonika","description":"Raymarine ACU-300 on solenoidventiilidele m\u00f5eldud autopiloodi juhtimisseade, mis pakub t\u00f6\u00f6kindlat juhtimist ja SeaTalkng v\u00f5rgu\u00fchendust. Ideaalne paatidele 12V ja 24V s\u00fcsteemides.","robots":{"index":"index","follow":"follow","max-snippet":"max-snippet:-1","max-image-preview":"max-image-preview:large","max-video-preview":"max-video-preview:-1"},"canonical":"https:\/\/raymarine.ee\/en\/product\/raymarine-acu-300-actuator-control-unit\/","og_locale":"en_GB","og_type":"article","og_title":"Raymarine ACU-300 Actuator Control Unit","og_description":"Raymarine ACU-300 on solenoidventiilidele m\u00f5eldud autopiloodi juhtimisseade, mis pakub t\u00f6\u00f6kindlat juhtimist ja SeaTalkng v\u00f5rgu\u00fchendust. Ideaalne paatidele 12V ja 24V s\u00fcsteemides.","og_url":"https:\/\/raymarine.ee\/en\/product\/raymarine-acu-300-actuator-control-unit\/","og_site_name":"NavSystems","article_publisher":"https:\/\/www.facebook.com\/NavSystems","article_modified_time":"2026-04-06T17:39:20+00:00","og_image":[{"width":2000,"height":2000,"url":"https:\/\/raymarine.ee\/wp-content\/uploads\/2025\/01\/88362138-b51e-411f-a84b-a1fbf2481887.png","type":"image\/png"}],"twitter_card":"summary_large_image","twitter_misc":{"Price":"2 526,81&nbsp;&euro;","Availability":"In stock"},"schema":{"@context":"https:\/\/schema.org","@graph":[{"@type":"WebPage","@id":"https:\/\/raymarine.ee\/product\/raymarine-acu-300-actuator-control-unit\/","url":"https:\/\/raymarine.ee\/product\/raymarine-acu-300-actuator-control-unit\/","name":"Raymarine ACU-300 Actuator Control Unit - NavSystems Mereelektroonika","isPartOf":{"@id":"https:\/\/raymarine.ee\/#website"},"primaryImageOfPage":{"@id":"https:\/\/raymarine.ee\/product\/raymarine-acu-300-actuator-control-unit\/#primaryimage"},"image":{"@id":"https:\/\/raymarine.ee\/product\/raymarine-acu-300-actuator-control-unit\/#primaryimage"},"thumbnailUrl":"https:\/\/raymarine.ee\/wp-content\/uploads\/2025\/01\/88362138-b51e-411f-a84b-a1fbf2481887.png","datePublished":"2025-01-14T17:15:19+00:00","dateModified":"2026-04-06T17:39:20+00:00","description":"Raymarine ACU-300 on solenoidventiilidele m\u00f5eldud autopiloodi juhtimisseade, mis pakub t\u00f6\u00f6kindlat juhtimist ja SeaTalkng v\u00f5rgu\u00fchendust. Ideaalne paatidele 12V ja 24V s\u00fcsteemides.","breadcrumb":{"@id":"https:\/\/raymarine.ee\/product\/raymarine-acu-300-actuator-control-unit\/#breadcrumb"},"inLanguage":"en-GB","potentialAction":[{"@type":"ReadAction","target":["https:\/\/raymarine.ee\/product\/raymarine-acu-300-actuator-control-unit\/"]}]},{"@type":"ImageObject","inLanguage":"en-GB","@id":"https:\/\/raymarine.ee\/product\/raymarine-acu-300-actuator-control-unit\/#primaryimage","url":"https:\/\/raymarine.ee\/wp-content\/uploads\/2025\/01\/88362138-b51e-411f-a84b-a1fbf2481887.png","contentUrl":"https:\/\/raymarine.ee\/wp-content\/uploads\/2025\/01\/88362138-b51e-411f-a84b-a1fbf2481887.png","width":2000,"height":2000,"caption":"Autopiloot"},{"@type":"BreadcrumbList","@id":"https:\/\/raymarine.ee\/product\/raymarine-acu-300-actuator-control-unit\/#breadcrumb","itemListElement":[{"@type":"ListItem","position":1,"name":"Home","item":"https:\/\/raymarine.ee\/"},{"@type":"ListItem","position":2,"name":"Tooted","item":"https:\/\/raymarine.ee\/shop\/"},{"@type":"ListItem","position":3,"name":"Raymarine ACU-300 Actuator Control Unit"}]},{"@type":"WebSite","@id":"https:\/\/raymarine.ee\/#website","url":"https:\/\/raymarine.ee\/","name":"www.raymarine.ee","description":"Mereelektroonika, kaardiplotter, autopiloot, pinnipiloot, roolipiloot, radar, AIS, VHF, Smart Wind","publisher":{"@id":"https:\/\/raymarine.ee\/#organization"},"alternateName":"Raymarine","potentialAction":[{"@type":"SearchAction","target":{"@type":"EntryPoint","urlTemplate":"https:\/\/raymarine.ee\/?s={search_term_string}"},"query-input":{"@type":"PropertyValueSpecification","valueRequired":true,"valueName":"search_term_string"}}],"inLanguage":"en-GB"},{"@type":"Organization","@id":"https:\/\/raymarine.ee\/#organization","name":"NavSystems O\u00dc","url":"https:\/\/raymarine.ee\/","logo":{"@type":"ImageObject","inLanguage":"en-GB","@id":"https:\/\/raymarine.ee\/#\/schema\/logo\/image\/","url":"https:\/\/raymarine.ee\/wp-content\/uploads\/2024\/10\/Screenshot-2024-10-15-151324_bg_removed.webp","contentUrl":"https:\/\/raymarine.ee\/wp-content\/uploads\/2024\/10\/Screenshot-2024-10-15-151324_bg_removed.webp","width":420,"height":276,"caption":"NavSystems O\u00dc"},"image":{"@id":"https:\/\/raymarine.ee\/#\/schema\/logo\/image\/"},"sameAs":["https:\/\/www.facebook.com\/NavSystems"],"legalName":"NavSystems O\u00dc","foundingDate":"2011-05-03","numberOfEmployees":{"@type":"QuantitativeValue","minValue":"1","maxValue":"10"}}]},"product_price_amount":"2526.81","product_price_currency":"EUR","og_availability":"instock","product_availability":"instock","product_retailer_item_id":"E70139","product_condition":"new"},"jetpack_sharing_enabled":true,"_links":{"self":[{"href":"https:\/\/raymarine.ee\/en\/wp-json\/wp\/v2\/product\/6417","targetHints":{"allow":["GET"]}}],"collection":[{"href":"https:\/\/raymarine.ee\/en\/wp-json\/wp\/v2\/product"}],"about":[{"href":"https:\/\/raymarine.ee\/en\/wp-json\/wp\/v2\/types\/product"}],"wp:featuredmedia":[{"embeddable":true,"href":"https:\/\/raymarine.ee\/en\/wp-json\/wp\/v2\/media\/9558"}],"wp:attachment":[{"href":"https:\/\/raymarine.ee\/en\/wp-json\/wp\/v2\/media?parent=6417"}],"wp:term":[{"taxonomy":"product_brand","embeddable":true,"href":"https:\/\/raymarine.ee\/en\/wp-json\/wp\/v2\/product_brand?post=6417"},{"taxonomy":"product_cat","embeddable":true,"href":"https:\/\/raymarine.ee\/en\/wp-json\/wp\/v2\/product_cat?post=6417"},{"taxonomy":"product_tag","embeddable":true,"href":"https:\/\/raymarine.ee\/en\/wp-json\/wp\/v2\/product_tag?post=6417"}],"curies":[{"name":"wp","href":"https:\/\/api.w.org\/{rel}","templated":true}]}}