{"id":6418,"date":"2025-01-14T17:08:48","date_gmt":"2025-01-14T17:08:48","guid":{"rendered":"https:\/\/raymarine.ee\/?post_type=product&#038;p=6418"},"modified":"2026-04-06T20:42:55","modified_gmt":"2026-04-06T17:42:55","slug":"raymarine-acu-400-actuator-control-unit","status":"publish","type":"product","link":"https:\/\/raymarine.ee\/en\/product\/raymarine-acu-400-actuator-control-unit\/","title":{"rendered":"Raymarine ACU-400 Actuator Control Unit"},"content":{"rendered":"<p data-start=\"82\" data-end=\"168\"><strong data-start=\"82\" data-end=\"147\">Raymarine ACU-400 Aktuaatori Juhtseade (t\u00fc\u00fcp 2 &amp; 3 ajamitele)<\/strong><br data-start=\"147\" data-end=\"150\" \/><strong data-start=\"150\" data-end=\"168\">Tootekirjeldus<\/strong><\/p>\n<p data-start=\"170\" data-end=\"252\"><strong data-start=\"170\" data-end=\"202\">Ajami voolutugevuse v\u00e4ljund:<\/strong><br data-start=\"202\" data-end=\"205\" \/>Maksimaalne pidev voolutugevus 30 A toitepingel<\/p>\n<p data-start=\"254\" data-end=\"404\"><strong data-start=\"254\" data-end=\"273\">Siduri v\u00e4ljund:<\/strong><br data-start=\"273\" data-end=\"276\" \/>Kuni 4 A pidev vool 12 V s\u00fcsteemidel<br data-start=\"312\" data-end=\"315\" \/>Kuni 4 A pidev vool 24 V s\u00fcsteemidel<br data-start=\"351\" data-end=\"354\" \/>Kuni 4 A pidev vool 12 V sidurile 24 V s\u00fcsteemides<\/p>\n<p data-start=\"406\" data-end=\"422\"><strong data-start=\"406\" data-end=\"420\">\u00dchendused:<\/strong><\/p>\n<ul data-start=\"423\" data-end=\"559\">\n<li data-start=\"423\" data-end=\"444\">\n<p data-start=\"425\" data-end=\"444\">Rooliasendi andur<\/p>\n<\/li>\n<li data-start=\"445\" data-end=\"467\">\n<p data-start=\"447\" data-end=\"467\">Une (sleep) l\u00fcliti<\/p>\n<\/li>\n<li data-start=\"468\" data-end=\"477\">\n<p data-start=\"470\" data-end=\"477\">Toide<\/p>\n<\/li>\n<li data-start=\"478\" data-end=\"494\">\n<p data-start=\"480\" data-end=\"494\">Ajami mootor<\/p>\n<\/li>\n<li data-start=\"495\" data-end=\"510\">\n<p data-start=\"497\" data-end=\"510\">Ajami sidur<\/p>\n<\/li>\n<li data-start=\"511\" data-end=\"525\">\n<p data-start=\"513\" data-end=\"525\">Maa\u00fchendus<\/p>\n<\/li>\n<li data-start=\"526\" data-end=\"559\">\n<p data-start=\"528\" data-end=\"559\">Digitaalne sisend\/v\u00e4ljund (DIO)<\/p>\n<\/li>\n<\/ul>\n<p data-start=\"561\" data-end=\"928\"><strong data-start=\"561\" data-end=\"575\">Nimipinge:<\/strong> 12 V v\u00f5i 24 V<br data-start=\"589\" data-end=\"592\" \/><strong data-start=\"592\" data-end=\"613\">T\u00f6\u00f6pinge vahemik:<\/strong> 10.8 V kuni 31.2 V DC<br data-start=\"635\" data-end=\"638\" \/><strong data-start=\"638\" data-end=\"685\">Toite tarbimine (ootere\u017eiimis) \u2013 p\u00f5hitoide:<\/strong> 300 mA (12\/24 V)<br data-start=\"702\" data-end=\"705\" \/><strong data-start=\"705\" data-end=\"758\">Toite tarbimine (ootere\u017eiimis) \u2013 SeaTalkng toide:<\/strong> 20 mA (12 V)<br data-start=\"771\" data-end=\"774\" \/><strong data-start=\"774\" data-end=\"818\">SeaTalkng koormuse ekvivalentsarv (LEN):<\/strong> 1<br data-start=\"820\" data-end=\"823\" \/><strong data-start=\"823\" data-end=\"852\">SeaTalkng v\u00e4ljundv\u00f5imsus:<\/strong> 3 A 12 V juures (kaitstud 3 A kaitsmega)<br data-start=\"893\" data-end=\"896\" \/><strong data-start=\"896\" data-end=\"918\" data-is-only-node=\"\">Andmeside \u00fchendus:<\/strong> SeaTalkng<\/p>\n<p data-start=\"930\" data-end=\"954\"><strong data-start=\"930\" data-end=\"952\">Paigalduskeskkond:<\/strong><\/p>\n<ul data-start=\"955\" data-end=\"1114\">\n<li data-start=\"955\" data-end=\"998\">\n<p data-start=\"957\" data-end=\"998\">T\u00f6\u00f6tamistemperatuur: -20 \u00baC kuni +55 \u00baC<\/p>\n<\/li>\n<li data-start=\"999\" data-end=\"1044\">\n<p data-start=\"1001\" data-end=\"1044\">Hoiustamistemperatuur: -30 \u00baC kuni +70 \u00baC<\/p>\n<\/li>\n<li data-start=\"1045\" data-end=\"1088\">\n<p data-start=\"1047\" data-end=\"1088\">Suhteline \u00f5huniiskus: maksimaalselt 93%<\/p>\n<\/li>\n<li data-start=\"1089\" data-end=\"1114\">\n<p data-start=\"1091\" data-end=\"1114\">Veekindlus: tilkekindel<\/p>\n<\/li>\n<\/ul>\n<p data-start=\"1116\" data-end=\"1279\"><strong data-start=\"1116\" data-end=\"1140\">M\u00f5\u00f5tmed (L x K x S):<\/strong><br data-start=\"1140\" data-end=\"1143\" \/>285 mm x 211,5 mm x 64,5 mm<br data-start=\"1170\" data-end=\"1173\" \/>(11.2 in x 8.3 in x 2.5 in)<br data-start=\"1200\" data-end=\"1203\" \/><strong data-start=\"1203\" data-end=\"1212\">Kaal:<\/strong> 2.2 kg (4.84 lbs)<br data-start=\"1230\" data-end=\"1233\" \/><strong data-start=\"1233\" data-end=\"1246\">Vastavus:<\/strong> Euroopa direktiivile 2004\/108\/EC<\/p>\n<h5>Lae alla Evolution autopiloodi paigaldusjuhendid:<\/h5>\n<p>EV1 ja ACU\u00a0<a href=\"https:\/\/raymarine.ee\/wp-content\/uploads\/2026\/04\/Evolution-EV-1-and-ACU-Installation-instructions-87180-Rev-7-EN.pdf\" target=\"_blank\" rel=\"noopener\" data-wpel-link=\"internal\">paigaldusjuhend<\/a><\/p>\n<p>Autopiloodi pumba\u00a0<a href=\"https:\/\/raymarine.ee\/wp-content\/uploads\/2026\/04\/Hydraulic-Pump-E12139-M81119-M81120-M81121-M81122-M81123-M81124-Installation-Guide-81178-5-EN-2.pdf\" target=\"_blank\" rel=\"noopener\" data-wpel-link=\"internal\">paigaldusjuhend<\/a><\/p>\n<p>p70s ja p70Rs\u00a0<a href=\"https:\/\/raymarine.ee\/wp-content\/uploads\/2026\/04\/p70s-p70Rs-Pilot-Controller-Installation-instructions-87424-Rev-3-EN.pdf\" target=\"_blank\" rel=\"noopener\" data-wpel-link=\"internal\">paigaldusjuhend<\/a><\/p>\n<p>Roolinurga anduri\u00a0<a href=\"https:\/\/raymarine.ee\/wp-content\/uploads\/2026\/04\/Rudder-Angle-Sensor-M81105-Installation-instructions-87012-3-EN.pdf\" target=\"_blank\" rel=\"noopener\" data-wpel-link=\"internal\">paigaldusjuhend<\/a><\/p>\n<p>p70 ja p70Rs kaudu Evolution piloodi\u00a0<a href=\"https:\/\/raymarine.ee\/wp-content\/uploads\/2026\/04\/p70-p70s-p70R-p70Rs-Pilot-Controller-Commissioning-Operation-instructions-81402-Rev-6-EN.pdf\" target=\"_blank\" rel=\"noopener\" data-wpel-link=\"internal\">seadistamis- ja kasutamisjuhend<\/a><\/p>","protected":false},"excerpt":{"rendered":"<p>\u2022Drive Current Output: \u2022Maximum continuous 30 A at supply voltage \u2022Drive Clutch Output: \u2022Up to 4 A continuous at 12 V on 12 V systems, \u2022Up to 4 A continuous at 24 V on 24 V systems, \u2022Up to 4 A continuous at 12 V on 24 V systems \u2022Connections:\u2022Rudder reference sensor \u2022Sleep switch \u2022Power \u2022Drive motor \u2022Drive clutch \u2022Ground \u2022Digital Input \/ Output (DIO) \u2022Nominal supply voltage: 12 V or 24 V \u2022Operating voltage range: 10.8 V to 31.2 V dc \u2022Power consumption (standby) &#8211; main power supply: 300 mA (12\/24 V) \u2022Power consumption (standby) &#8211; SeaTalkng power supply: 20 mA (12V) \u2022SeaTalkng LEN (Load Equivalency Number): 1 \u2022SeaTalkng Power out: 3 A at 12 V (fuse protected at 3 A) \u2022Data connections: SeaTalkng. Tutvu kindlasti ka selle komplekti\u00a0juhenditega\u00a0ja k\u00fcsimuste korral pea n\u00f5u meie spetsialistiga.<\/p>","protected":false},"featured_media":9559,"template":"","meta":{"_acf_changed":false},"product_brand":[],"product_cat":[66,52,103],"product_tag":[],"class_list":{"0":"post-6418","1":"product","2":"type-product","3":"status-publish","4":"has-post-thumbnail","6":"product_cat-ajamid","7":"product_cat-autopiloot-autopiloodid","8":"product_cat-raymarine","10":"first","11":"instock","12":"sale","13":"taxable","14":"shipping-taxable","15":"purchasable","16":"product-type-simple"},"acf":[],"yoast_head":"<!-- This site is optimized with the Yoast SEO Premium plugin v27.5 (Yoast SEO v27.5) - https:\/\/yoast.com\/product\/yoast-seo-premium-wordpress\/ -->\n<title>Autopiloot: Raymarine ACU-400 Juhtseade Info - NavSystems<\/title>\n<meta name=\"description\" content=\"Tutvu Raymarine ACU-400 Autopiloot s\u00fcsteemiga, mis sobib t\u00fc\u00fcp 2 ja 3 ajamitele. \u00dchendus ja juhtimine on lihtne ja efektiivne!\" \/>\n<meta name=\"robots\" content=\"index, follow, max-snippet:-1, max-image-preview:large, max-video-preview:-1\" \/>\n<link rel=\"canonical\" href=\"https:\/\/raymarine.ee\/en\/product\/raymarine-acu-400-actuator-control-unit\/\" \/>\n<meta property=\"og:locale\" content=\"en_GB\" \/>\n<meta property=\"og:type\" content=\"article\" \/>\n<meta property=\"og:title\" content=\"Raymarine ACU-400 Actuator Control Unit\" \/>\n<meta property=\"og:description\" content=\"Tutvu Raymarine ACU-400 Autopiloot s\u00fcsteemiga, mis sobib t\u00fc\u00fcp 2 ja 3 ajamitele. \u00dchendus ja juhtimine on lihtne ja efektiivne!\" \/>\n<meta property=\"og:url\" content=\"https:\/\/raymarine.ee\/en\/product\/raymarine-acu-400-actuator-control-unit\/\" \/>\n<meta property=\"og:site_name\" content=\"NavSystems\" \/>\n<meta property=\"article:publisher\" content=\"https:\/\/www.facebook.com\/NavSystems\" \/>\n<meta property=\"article:modified_time\" content=\"2026-04-06T17:42:55+00:00\" \/>\n<meta property=\"og:image\" content=\"https:\/\/raymarine.ee\/wp-content\/uploads\/2025\/01\/57258856-3922-4be9-8f0b-f29f1979b408.png\" \/>\n\t<meta property=\"og:image:width\" content=\"2000\" \/>\n\t<meta property=\"og:image:height\" content=\"2000\" \/>\n\t<meta property=\"og:image:type\" content=\"image\/png\" \/>\n<meta name=\"twitter:card\" content=\"summary_large_image\" \/>\n<meta name=\"twitter:label1\" content=\"Price\" \/>\n\t<meta name=\"twitter:data1\" content=\"2 538,00&nbsp;&euro;\" \/>\n\t<meta name=\"twitter:label2\" content=\"Availability\" \/>\n\t<meta name=\"twitter:data2\" content=\"In stock\" \/>\n<script type=\"application\/ld+json\" class=\"yoast-schema-graph\">{\"@context\":\"https:\\\/\\\/schema.org\",\"@graph\":[{\"@type\":\"WebPage\",\"@id\":\"https:\\\/\\\/raymarine.ee\\\/product\\\/raymarine-acu-400-actuator-control-unit\\\/\",\"url\":\"https:\\\/\\\/raymarine.ee\\\/product\\\/raymarine-acu-400-actuator-control-unit\\\/\",\"name\":\"Autopiloot: Raymarine ACU-400 Juhtseade Info - NavSystems\",\"isPartOf\":{\"@id\":\"https:\\\/\\\/raymarine.ee\\\/#website\"},\"primaryImageOfPage\":{\"@id\":\"https:\\\/\\\/raymarine.ee\\\/product\\\/raymarine-acu-400-actuator-control-unit\\\/#primaryimage\"},\"image\":{\"@id\":\"https:\\\/\\\/raymarine.ee\\\/product\\\/raymarine-acu-400-actuator-control-unit\\\/#primaryimage\"},\"thumbnailUrl\":\"https:\\\/\\\/raymarine.ee\\\/wp-content\\\/uploads\\\/2025\\\/01\\\/57258856-3922-4be9-8f0b-f29f1979b408.png\",\"datePublished\":\"2025-01-14T17:08:48+00:00\",\"dateModified\":\"2026-04-06T17:42:55+00:00\",\"description\":\"Tutvu Raymarine ACU-400 Autopiloot s\u00fcsteemiga, mis sobib t\u00fc\u00fcp 2 ja 3 ajamitele. \u00dchendus ja juhtimine on lihtne ja efektiivne!\",\"breadcrumb\":{\"@id\":\"https:\\\/\\\/raymarine.ee\\\/product\\\/raymarine-acu-400-actuator-control-unit\\\/#breadcrumb\"},\"inLanguage\":\"en-GB\",\"potentialAction\":[{\"@type\":\"ReadAction\",\"target\":[\"https:\\\/\\\/raymarine.ee\\\/product\\\/raymarine-acu-400-actuator-control-unit\\\/\"]}]},{\"@type\":\"ImageObject\",\"inLanguage\":\"en-GB\",\"@id\":\"https:\\\/\\\/raymarine.ee\\\/product\\\/raymarine-acu-400-actuator-control-unit\\\/#primaryimage\",\"url\":\"https:\\\/\\\/raymarine.ee\\\/wp-content\\\/uploads\\\/2025\\\/01\\\/57258856-3922-4be9-8f0b-f29f1979b408.png\",\"contentUrl\":\"https:\\\/\\\/raymarine.ee\\\/wp-content\\\/uploads\\\/2025\\\/01\\\/57258856-3922-4be9-8f0b-f29f1979b408.png\",\"width\":2000,\"height\":2000,\"caption\":\"Autopiloot\"},{\"@type\":\"BreadcrumbList\",\"@id\":\"https:\\\/\\\/raymarine.ee\\\/product\\\/raymarine-acu-400-actuator-control-unit\\\/#breadcrumb\",\"itemListElement\":[{\"@type\":\"ListItem\",\"position\":1,\"name\":\"Home\",\"item\":\"https:\\\/\\\/raymarine.ee\\\/\"},{\"@type\":\"ListItem\",\"position\":2,\"name\":\"Tooted\",\"item\":\"https:\\\/\\\/raymarine.ee\\\/shop\\\/\"},{\"@type\":\"ListItem\",\"position\":3,\"name\":\"Raymarine ACU-400 Actuator Control Unit\"}]},{\"@type\":\"WebSite\",\"@id\":\"https:\\\/\\\/raymarine.ee\\\/#website\",\"url\":\"https:\\\/\\\/raymarine.ee\\\/\",\"name\":\"www.raymarine.ee\",\"description\":\"Mereelektroonika, kaardiplotter, autopiloot, pinnipiloot, roolipiloot, radar, AIS, VHF, Smart Wind\",\"publisher\":{\"@id\":\"https:\\\/\\\/raymarine.ee\\\/#organization\"},\"alternateName\":\"Raymarine\",\"potentialAction\":[{\"@type\":\"SearchAction\",\"target\":{\"@type\":\"EntryPoint\",\"urlTemplate\":\"https:\\\/\\\/raymarine.ee\\\/?s={search_term_string}\"},\"query-input\":{\"@type\":\"PropertyValueSpecification\",\"valueRequired\":true,\"valueName\":\"search_term_string\"}}],\"inLanguage\":\"en-GB\"},{\"@type\":\"Organization\",\"@id\":\"https:\\\/\\\/raymarine.ee\\\/#organization\",\"name\":\"NavSystems O\u00dc\",\"url\":\"https:\\\/\\\/raymarine.ee\\\/\",\"logo\":{\"@type\":\"ImageObject\",\"inLanguage\":\"en-GB\",\"@id\":\"https:\\\/\\\/raymarine.ee\\\/#\\\/schema\\\/logo\\\/image\\\/\",\"url\":\"https:\\\/\\\/raymarine.ee\\\/wp-content\\\/uploads\\\/2024\\\/10\\\/Screenshot-2024-10-15-151324_bg_removed.webp\",\"contentUrl\":\"https:\\\/\\\/raymarine.ee\\\/wp-content\\\/uploads\\\/2024\\\/10\\\/Screenshot-2024-10-15-151324_bg_removed.webp\",\"width\":420,\"height\":276,\"caption\":\"NavSystems O\u00dc\"},\"image\":{\"@id\":\"https:\\\/\\\/raymarine.ee\\\/#\\\/schema\\\/logo\\\/image\\\/\"},\"sameAs\":[\"https:\\\/\\\/www.facebook.com\\\/NavSystems\"],\"legalName\":\"NavSystems O\u00dc\",\"foundingDate\":\"2011-05-03\",\"numberOfEmployees\":{\"@type\":\"QuantitativeValue\",\"minValue\":\"1\",\"maxValue\":\"10\"}}]}<\/script>\n<meta property=\"product:price:amount\" content=\"2538.00\" \/>\n<meta property=\"product:price:currency\" content=\"EUR\" \/>\n<meta property=\"og:availability\" content=\"instock\" \/>\n<meta property=\"product:availability\" content=\"instock\" \/>\n<meta property=\"product:retailer_item_id\" content=\"E70100\" \/>\n<meta property=\"product:condition\" content=\"new\" \/>\n<!-- \/ Yoast SEO Premium plugin. -->","yoast_head_json":{"title":"Autopiloot: Raymarine ACU-400 Juhtseade Info - NavSystems","description":"Tutvu Raymarine ACU-400 Autopiloot s\u00fcsteemiga, mis sobib t\u00fc\u00fcp 2 ja 3 ajamitele. \u00dchendus ja juhtimine on lihtne ja efektiivne!","robots":{"index":"index","follow":"follow","max-snippet":"max-snippet:-1","max-image-preview":"max-image-preview:large","max-video-preview":"max-video-preview:-1"},"canonical":"https:\/\/raymarine.ee\/en\/product\/raymarine-acu-400-actuator-control-unit\/","og_locale":"en_GB","og_type":"article","og_title":"Raymarine ACU-400 Actuator Control Unit","og_description":"Tutvu Raymarine ACU-400 Autopiloot s\u00fcsteemiga, mis sobib t\u00fc\u00fcp 2 ja 3 ajamitele. \u00dchendus ja juhtimine on lihtne ja efektiivne!","og_url":"https:\/\/raymarine.ee\/en\/product\/raymarine-acu-400-actuator-control-unit\/","og_site_name":"NavSystems","article_publisher":"https:\/\/www.facebook.com\/NavSystems","article_modified_time":"2026-04-06T17:42:55+00:00","og_image":[{"width":2000,"height":2000,"url":"https:\/\/raymarine.ee\/wp-content\/uploads\/2025\/01\/57258856-3922-4be9-8f0b-f29f1979b408.png","type":"image\/png"}],"twitter_card":"summary_large_image","twitter_misc":{"Price":"2 538,00&nbsp;&euro;","Availability":"In stock"},"schema":{"@context":"https:\/\/schema.org","@graph":[{"@type":"WebPage","@id":"https:\/\/raymarine.ee\/product\/raymarine-acu-400-actuator-control-unit\/","url":"https:\/\/raymarine.ee\/product\/raymarine-acu-400-actuator-control-unit\/","name":"Autopiloot: Raymarine ACU-400 Juhtseade Info - NavSystems","isPartOf":{"@id":"https:\/\/raymarine.ee\/#website"},"primaryImageOfPage":{"@id":"https:\/\/raymarine.ee\/product\/raymarine-acu-400-actuator-control-unit\/#primaryimage"},"image":{"@id":"https:\/\/raymarine.ee\/product\/raymarine-acu-400-actuator-control-unit\/#primaryimage"},"thumbnailUrl":"https:\/\/raymarine.ee\/wp-content\/uploads\/2025\/01\/57258856-3922-4be9-8f0b-f29f1979b408.png","datePublished":"2025-01-14T17:08:48+00:00","dateModified":"2026-04-06T17:42:55+00:00","description":"Tutvu Raymarine ACU-400 Autopiloot s\u00fcsteemiga, mis sobib t\u00fc\u00fcp 2 ja 3 ajamitele. \u00dchendus ja juhtimine on lihtne ja efektiivne!","breadcrumb":{"@id":"https:\/\/raymarine.ee\/product\/raymarine-acu-400-actuator-control-unit\/#breadcrumb"},"inLanguage":"en-GB","potentialAction":[{"@type":"ReadAction","target":["https:\/\/raymarine.ee\/product\/raymarine-acu-400-actuator-control-unit\/"]}]},{"@type":"ImageObject","inLanguage":"en-GB","@id":"https:\/\/raymarine.ee\/product\/raymarine-acu-400-actuator-control-unit\/#primaryimage","url":"https:\/\/raymarine.ee\/wp-content\/uploads\/2025\/01\/57258856-3922-4be9-8f0b-f29f1979b408.png","contentUrl":"https:\/\/raymarine.ee\/wp-content\/uploads\/2025\/01\/57258856-3922-4be9-8f0b-f29f1979b408.png","width":2000,"height":2000,"caption":"Autopiloot"},{"@type":"BreadcrumbList","@id":"https:\/\/raymarine.ee\/product\/raymarine-acu-400-actuator-control-unit\/#breadcrumb","itemListElement":[{"@type":"ListItem","position":1,"name":"Home","item":"https:\/\/raymarine.ee\/"},{"@type":"ListItem","position":2,"name":"Tooted","item":"https:\/\/raymarine.ee\/shop\/"},{"@type":"ListItem","position":3,"name":"Raymarine ACU-400 Actuator Control Unit"}]},{"@type":"WebSite","@id":"https:\/\/raymarine.ee\/#website","url":"https:\/\/raymarine.ee\/","name":"www.raymarine.ee","description":"Mereelektroonika, kaardiplotter, autopiloot, pinnipiloot, roolipiloot, radar, AIS, VHF, Smart Wind","publisher":{"@id":"https:\/\/raymarine.ee\/#organization"},"alternateName":"Raymarine","potentialAction":[{"@type":"SearchAction","target":{"@type":"EntryPoint","urlTemplate":"https:\/\/raymarine.ee\/?s={search_term_string}"},"query-input":{"@type":"PropertyValueSpecification","valueRequired":true,"valueName":"search_term_string"}}],"inLanguage":"en-GB"},{"@type":"Organization","@id":"https:\/\/raymarine.ee\/#organization","name":"NavSystems O\u00dc","url":"https:\/\/raymarine.ee\/","logo":{"@type":"ImageObject","inLanguage":"en-GB","@id":"https:\/\/raymarine.ee\/#\/schema\/logo\/image\/","url":"https:\/\/raymarine.ee\/wp-content\/uploads\/2024\/10\/Screenshot-2024-10-15-151324_bg_removed.webp","contentUrl":"https:\/\/raymarine.ee\/wp-content\/uploads\/2024\/10\/Screenshot-2024-10-15-151324_bg_removed.webp","width":420,"height":276,"caption":"NavSystems O\u00dc"},"image":{"@id":"https:\/\/raymarine.ee\/#\/schema\/logo\/image\/"},"sameAs":["https:\/\/www.facebook.com\/NavSystems"],"legalName":"NavSystems O\u00dc","foundingDate":"2011-05-03","numberOfEmployees":{"@type":"QuantitativeValue","minValue":"1","maxValue":"10"}}]},"product_price_amount":"2538.00","product_price_currency":"EUR","og_availability":"instock","product_availability":"instock","product_retailer_item_id":"E70100","product_condition":"new"},"jetpack_sharing_enabled":true,"_links":{"self":[{"href":"https:\/\/raymarine.ee\/en\/wp-json\/wp\/v2\/product\/6418","targetHints":{"allow":["GET"]}}],"collection":[{"href":"https:\/\/raymarine.ee\/en\/wp-json\/wp\/v2\/product"}],"about":[{"href":"https:\/\/raymarine.ee\/en\/wp-json\/wp\/v2\/types\/product"}],"wp:featuredmedia":[{"embeddable":true,"href":"https:\/\/raymarine.ee\/en\/wp-json\/wp\/v2\/media\/9559"}],"wp:attachment":[{"href":"https:\/\/raymarine.ee\/en\/wp-json\/wp\/v2\/media?parent=6418"}],"wp:term":[{"taxonomy":"product_brand","embeddable":true,"href":"https:\/\/raymarine.ee\/en\/wp-json\/wp\/v2\/product_brand?post=6418"},{"taxonomy":"product_cat","embeddable":true,"href":"https:\/\/raymarine.ee\/en\/wp-json\/wp\/v2\/product_cat?post=6418"},{"taxonomy":"product_tag","embeddable":true,"href":"https:\/\/raymarine.ee\/en\/wp-json\/wp\/v2\/product_tag?post=6418"}],"curies":[{"name":"wp","href":"https:\/\/api.w.org\/{rel}","templated":true}]}}