{"id":6419,"date":"2025-01-14T17:03:06","date_gmt":"2025-01-14T17:03:06","guid":{"rendered":"https:\/\/raymarine.ee\/?post_type=product&#038;p=6419"},"modified":"2026-04-16T16:59:49","modified_gmt":"2026-04-16T13:59:49","slug":"ev-100-pinnipiloot-purjepaatidele-ilma-kontrollerita","status":"publish","type":"product","link":"https:\/\/raymarine.ee\/en\/product\/ev-100-pinnipiloot-purjepaatidele-ilma-kontrollerita\/","title":{"rendered":"EV-100 Pinnipiloot purjepaatidele (ilma p70s kontrollerita)"},"content":{"rendered":"<p data-start=\"34\" data-end=\"93\"><strong data-start=\"34\" data-end=\"93\">EV1 Sensor Core \u2013 kursiarvuti Evolution autopilootidele<\/strong><\/p>\n<p data-start=\"95\" data-end=\"460\">EV-1 sensor on loodud spetsiaalselt Evolution seeria mehaanilistele ja h\u00fcdraulilistele autopilootidele. See sisaldab endas 9-teljelist andurit ja Evolution tarkvaraga kursikompuutrit mis tagab \u00fclit\u00e4pse suunatunde igas olukorras. SeaTalkng v\u00f5rgu\u00fchendus v\u00f5imaldab seadmete lihtsat integreerimist ACU ja laiendatud SeaTalkng\/NMEA2000 v\u00f5rkudega \u00fche kaabli kaudu.<\/p>\n<hr class=\"\" data-start=\"462\" data-end=\"465\" \/>\n<p data-start=\"924\" data-end=\"991\"><strong data-start=\"924\" data-end=\"991\">ACU-100 \u2013 Evolution autopiloodi juhtseade v\u00e4iksematele alustele<\/strong><\/p>\n<p data-start=\"993\" data-end=\"1331\">ACU-100 toob Evolution autopilootide t\u00e4pse ja t\u00f6\u00f6kindla j\u00f5udluse sportpaatidesse, v\u00e4iksematesse jahtidesse ning rooliratta- ja pinniga juhitavatele alustele. Seade pakub tugevat ja turvalist \u00fchendust roolis\u00fcsteemi ja EV-1 kursikompuutri vahel. T\u00e4ielikult tihendatud korpus v\u00f5imaldab paigaldust ka niisketesse kohtadesse \u2013 ideaalne kitsastes tingimustes.<\/p>\n<hr class=\"\" data-start=\"1333\" data-end=\"1336\" \/>\n<p data-start=\"1338\" data-end=\"1409\"><strong data-start=\"1338\" data-end=\"1409\">Tiller Drive \u2013 autopiloodi ajam roolipinniga juhitavatele jahtidele<\/strong><\/p>\n<p data-start=\"1411\" data-end=\"1645\">Raymarine EV-100 Tiller autopiloodid sobivad ideaalselt pinniga juhitavatele jahtidele, mille veev\u00e4ljasurve on kuni 6000 kg. Kompaktne ja tagasihoidliku disainiga pinniajam on hinnatud ka maailmatasemel solopurjetajate seas.<\/p>\n<hr class=\"\" data-start=\"1647\" data-end=\"1650\" \/>\n<p data-start=\"1652\" data-end=\"1692\"><strong data-start=\"1652\" data-end=\"1692\">Evolution kaablite komplekt \u2013 R70160<\/strong><\/p>\n<p data-start=\"1694\" data-end=\"1784\">Komplekt sisaldab j\u00e4rgnevaid SeaTalkng tarvikuid:<\/p>\n<ul data-start=\"1786\" data-end=\"2012\">\n<li data-start=\"1786\" data-end=\"1823\">\n<p data-start=\"1788\" data-end=\"1823\">1 x SeaTalkng toitekaabel (0,4 m)<\/p>\n<\/li>\n<li data-start=\"1824\" data-end=\"1861\">\n<p data-start=\"1826\" data-end=\"1861\">1 x SeaTalkng selgrookaabel (5 m)<\/p>\n<\/li>\n<li data-start=\"1862\" data-end=\"1898\">\n<p data-start=\"1864\" data-end=\"1898\">1 x SeaTalkng harukaabel (0,4 m)<\/p>\n<\/li>\n<li data-start=\"1899\" data-end=\"1940\">\n<p data-start=\"1901\" data-end=\"1940\">1 x SeaTalkng 5-Way liitmik<\/p>\n<\/li>\n<li data-start=\"1941\" data-end=\"1977\">\n<p data-start=\"1943\" data-end=\"1977\">2 x SeaTalkng T-liitmik<\/p>\n<\/li>\n<li data-start=\"1978\" data-end=\"2012\">\n<p data-start=\"1980\" data-end=\"2012\">2 x SeaTalkng l\u00f5pp-terminaator<\/p>\n<\/li>\n<\/ul>\n<p><strong>Included<\/strong><\/p>\n<ul>\n<li>Tiller control drive unit Q047<\/li>\n<li>ACU-100 Drive Control Unit<\/li>\n<li>Sensor EV-1<\/li>\n<li>1 x SeaTalkng Power Cable<\/li>\n<li>1 x SeaTalkng Backbone cable 5 m)<\/li>\n<li>1 x SeaTalkng Spur Cable (1.0 m)<\/li>\n<li>1 x SeaTalkng 5-way Connector Block<\/li>\n<li>2 x SeaTalkng T-piece Connector<\/li>\n<li>2 x SeaTalkng Terminator<\/li>\n<\/ul>\n<p>&nbsp;<\/p>\n<ul>\n<li><strong>Technical data drive unit Q047<\/strong><\/li>\n<\/ul>\n<table class=\"ordinary\">\n<tbody>\n<tr>\n<td>Max. displacement<\/td>\n<td>6000 kg<\/td>\n<\/tr>\n<tr>\n<td>Hard over time<\/td>\n<td>4 secs<\/td>\n<\/tr>\n<tr>\n<td>Operating temperature<\/td>\n<td>0 to +60 \u00b0C<\/td>\n<\/tr>\n<tr>\n<td>Length<\/td>\n<td>620 mm<\/td>\n<\/tr>\n<tr>\n<td>Diameter<\/td>\n<td>44 mm<\/td>\n<\/tr>\n<\/tbody>\n<\/table>\n<p><strong>Technical Data EV-1<\/strong><\/p>\n<table class=\"ordinary\">\n<tbody>\n<tr>\n<td>Nominal on-board voltage<\/td>\n<td>12 V (power supply via SeaTalkng)<\/td>\n<\/tr>\n<tr>\n<td>Operating voltage range<\/td>\n<td>10.8 to 15.6 V DC<\/td>\n<\/tr>\n<tr>\n<td>Current consumption<\/td>\n<td>30 mA<\/td>\n<\/tr>\n<tr>\n<td>Sensors<\/td>\n<td>Three-axis digital accelerometer,<br \/>\nThree-axis digital compass and<br \/>\nthree-axis digital angular rate sensor<\/td>\n<\/tr>\n<tr>\n<td>Data connection<\/td>\n<td>SeaTalkng<\/td>\n<\/tr>\n<tr>\n<td>Operating temperature<\/td>\n<td>-20 to +55 \u00b0C<\/td>\n<\/tr>\n<tr>\n<td>Storage temperature<\/td>\n<td>-30 to +70 \u00b0C<\/td>\n<\/tr>\n<tr>\n<td>Relative humidity<\/td>\n<td>max. 93%<\/td>\n<\/tr>\n<tr>\n<td>Water rating<\/td>\n<td>IPX6<\/td>\n<\/tr>\n<tr>\n<td>Diameter<\/td>\n<td>140 mm<\/td>\n<\/tr>\n<tr>\n<td>Depth<\/td>\n<td>35 mm (including housing)<br \/>\n95 mm (including bracket)<\/td>\n<\/tr>\n<tr>\n<td>Weight:<\/td>\n<td>0.29 kg<\/td>\n<\/tr>\n<\/tbody>\n<\/table>\n<p><strong>Lae alla EV-100 roolipiloodi paigaldusjuhendid:<\/strong><\/p>\n<p>EV1 ja ACU\u00a0<a href=\"https:\/\/raymarine.ee\/wp-content\/uploads\/2026\/04\/Evolution-EV-1-and-ACU-Installation-instructions-87180-Rev-7-EN.pdf\" target=\"_blank\" rel=\"noopener\" data-wpel-link=\"internal\">paigaldusjuhend<\/a><\/p>\n<p>ST4000 pinniajami\u00a0<a href=\"https:\/\/raymarine.ee\/wp-content\/uploads\/2026\/04\/Tiller-Drive-Q047-Installation-instructions-87279-3-EN.pdf\" target=\"_blank\" rel=\"noopener\" data-wpel-link=\"internal\">paigaldusjuhend<\/a><\/p>\n<p>p70s ja p70Rs\u00a0<a href=\"https:\/\/raymarine.ee\/wp-content\/uploads\/2026\/04\/p70s-p70Rs-Pilot-Controller-Installation-instructions-87424-Rev-3-EN.pdf\" target=\"_blank\" rel=\"noopener\" data-wpel-link=\"internal\">paigaldusjuhend<\/a><\/p>\n<p>Roolinurga anduri\u00a0<a href=\"https:\/\/raymarine.ee\/wp-content\/uploads\/2026\/04\/Rudder-Angle-Sensor-M81105-Installation-instructions-87012-3-EN.pdf\" target=\"_blank\" rel=\"noopener\" data-wpel-link=\"internal\">paigaldusjuhend<\/a><\/p>\n<p>p70 ja p70Rs kaudu Evolution piloodi\u00a0<a href=\"https:\/\/raymarine.ee\/wp-content\/uploads\/2026\/04\/p70-p70s-p70R-p70Rs-Pilot-Controller-Commissioning-Operation-instructions-81402-Rev-6-EN.pdf\" target=\"_blank\" rel=\"noopener\" data-wpel-link=\"internal\">seadistamis- ja kasutamisjuhend<\/a><\/p>\n<p><strong>Lisad:<\/strong><\/p>\n<p>Soovitame lisada ka roolinurga andur\u00a0<a href=\"https:\/\/raymarine.ee\/en\/product\/raymarine-roolinurga-andur\/\" data-wpel-link=\"internal\">M81105<\/a>.<\/p>\n<p><a title=\"Find out more about the Evolution autopilot\" href=\"https:\/\/www.raymarine.com\/en-gb\/our-products\/boat-autopilots\/autopilot-packs\" target=\"_blank\" rel=\"noopener nofollow external noreferrer\" data-wpel-link=\"external\">Find out more about the Evolution autopilot<\/a><\/p>","protected":false},"excerpt":{"rendered":"<p>EV-100 pinnipilooti saab kasutada purjepaatides mida juhitakse roolipinniga. Pinnipiloot on m\u00f5eldud huvilaevadele mille kogukaal ei \u00fcleta 6000 kg. Soovituslik on j\u00e4tta v\u00e4hemalt 20% varu. Piloot koosneb spetsiaalselt purjepaadi roolipinni jaoks disainitud lineaarsest ajamist, p70 kontrollseadmest, uuest \u00fcheksateljelisest sensorist EV-1 ja ACU-100 aktuaatori juhtimisseadmest. <strong>NB! Komplektist puudub p70s kontroller.<\/strong> Axiom seeria ja vanema a, c, e, eS, gS kaardiplotteri olemasolu korral saab pilooti juhtida otse kaardiplotterist ja p70 kontrolleri olemasolu pole h\u00e4davajalik. Tutvu kindlasti ka selle komplekti juhenditega ja k\u00fcsimuste korral pea n\u00f5u meie spetsialistiga.<\/p>","protected":false},"featured_media":9291,"template":"","meta":{"_acf_changed":false},"product_brand":[134],"product_cat":[52,343,64,103],"product_tag":[],"class_list":{"0":"post-6419","1":"product","2":"type-product","3":"status-publish","4":"has-post-thumbnail","6":"product_brand-raymarine","7":"product_cat-autopiloot-autopiloodid","8":"product_cat-kampaaniad","9":"product_cat-pinnipiloodid","10":"product_cat-raymarine","12":"first","13":"instock","14":"sale","15":"taxable","16":"shipping-taxable","17":"purchasable","18":"product-type-simple"},"acf":[],"yoast_head":"<!-- This site is optimized with the Yoast SEO Premium plugin v27.5 (Yoast SEO v27.5) - https:\/\/yoast.com\/product\/yoast-seo-premium-wordpress\/ -->\n<title>EV-100 Pinnipiloot koos 9-teljelise EV1 Anduriga. - NavSystems Mereelektroonika<\/title>\n<meta name=\"description\" content=\"Mugavuse ja ohutuse nimel valige EV-100 Pinnipiloot. Ideaalne valik v\u00e4iksematele alustele, et muuta navigeerimine lihtsaks! NB! p70s nupud pole komplektis.\" \/>\n<meta name=\"robots\" content=\"index, follow, max-snippet:-1, max-image-preview:large, max-video-preview:-1\" \/>\n<link rel=\"canonical\" href=\"https:\/\/raymarine.ee\/en\/product\/ev-100-pinnipiloot-purjepaatidele-ilma-kontrollerita\/\" \/>\n<meta property=\"og:locale\" content=\"en_GB\" \/>\n<meta property=\"og:type\" content=\"article\" \/>\n<meta property=\"og:title\" content=\"EV-100 Pinnipiloot purjepaatidele (ilma p70s kontrollerita)\" \/>\n<meta property=\"og:description\" content=\"Mugavuse ja ohutuse nimel valige EV-100 Pinnipiloot. Ideaalne valik v\u00e4iksematele alustele, et muuta navigeerimine lihtsaks! NB! p70s nupud pole komplektis.\" \/>\n<meta property=\"og:url\" content=\"https:\/\/raymarine.ee\/en\/product\/ev-100-pinnipiloot-purjepaatidele-ilma-kontrollerita\/\" \/>\n<meta property=\"og:site_name\" content=\"NavSystems\" \/>\n<meta property=\"article:publisher\" content=\"https:\/\/www.facebook.com\/NavSystems\" \/>\n<meta property=\"article:modified_time\" content=\"2026-04-16T13:59:49+00:00\" \/>\n<meta property=\"og:image\" content=\"https:\/\/raymarine.ee\/wp-content\/uploads\/2025\/01\/b729191a-45ad-4e31-a105-3287ecd1a315.png\" \/>\n\t<meta property=\"og:image:width\" content=\"2000\" \/>\n\t<meta property=\"og:image:height\" content=\"2000\" \/>\n\t<meta property=\"og:image:type\" content=\"image\/png\" \/>\n<meta name=\"twitter:card\" content=\"summary_large_image\" \/>\n<meta name=\"twitter:label1\" content=\"Price\" \/>\n\t<meta name=\"twitter:data1\" content=\"1 681,13&nbsp;&euro;\" \/>\n\t<meta name=\"twitter:label2\" content=\"Availability\" \/>\n\t<meta name=\"twitter:data2\" content=\"In stock\" \/>\n<script type=\"application\/ld+json\" class=\"yoast-schema-graph\">{\"@context\":\"https:\\\/\\\/schema.org\",\"@graph\":[{\"@type\":\"WebPage\",\"@id\":\"https:\\\/\\\/raymarine.ee\\\/product\\\/ev-100-pinnipiloot-purjepaatidele-ilma-kontrollerita\\\/\",\"url\":\"https:\\\/\\\/raymarine.ee\\\/product\\\/ev-100-pinnipiloot-purjepaatidele-ilma-kontrollerita\\\/\",\"name\":\"EV-100 Pinnipiloot koos 9-teljelise EV1 Anduriga. - NavSystems Mereelektroonika\",\"isPartOf\":{\"@id\":\"https:\\\/\\\/raymarine.ee\\\/#website\"},\"primaryImageOfPage\":{\"@id\":\"https:\\\/\\\/raymarine.ee\\\/product\\\/ev-100-pinnipiloot-purjepaatidele-ilma-kontrollerita\\\/#primaryimage\"},\"image\":{\"@id\":\"https:\\\/\\\/raymarine.ee\\\/product\\\/ev-100-pinnipiloot-purjepaatidele-ilma-kontrollerita\\\/#primaryimage\"},\"thumbnailUrl\":\"https:\\\/\\\/raymarine.ee\\\/wp-content\\\/uploads\\\/2025\\\/01\\\/b729191a-45ad-4e31-a105-3287ecd1a315.png\",\"datePublished\":\"2025-01-14T17:03:06+00:00\",\"dateModified\":\"2026-04-16T13:59:49+00:00\",\"description\":\"Mugavuse ja ohutuse nimel valige EV-100 Pinnipiloot. Ideaalne valik v\u00e4iksematele alustele, et muuta navigeerimine lihtsaks! NB! p70s nupud pole komplektis.\",\"breadcrumb\":{\"@id\":\"https:\\\/\\\/raymarine.ee\\\/product\\\/ev-100-pinnipiloot-purjepaatidele-ilma-kontrollerita\\\/#breadcrumb\"},\"inLanguage\":\"en-GB\",\"potentialAction\":[{\"@type\":\"ReadAction\",\"target\":[\"https:\\\/\\\/raymarine.ee\\\/product\\\/ev-100-pinnipiloot-purjepaatidele-ilma-kontrollerita\\\/\"]}]},{\"@type\":\"ImageObject\",\"inLanguage\":\"en-GB\",\"@id\":\"https:\\\/\\\/raymarine.ee\\\/product\\\/ev-100-pinnipiloot-purjepaatidele-ilma-kontrollerita\\\/#primaryimage\",\"url\":\"https:\\\/\\\/raymarine.ee\\\/wp-content\\\/uploads\\\/2025\\\/01\\\/b729191a-45ad-4e31-a105-3287ecd1a315.png\",\"contentUrl\":\"https:\\\/\\\/raymarine.ee\\\/wp-content\\\/uploads\\\/2025\\\/01\\\/b729191a-45ad-4e31-a105-3287ecd1a315.png\",\"width\":2000,\"height\":2000,\"caption\":\"ev-100-pinnipiloot-kontrollerita\"},{\"@type\":\"BreadcrumbList\",\"@id\":\"https:\\\/\\\/raymarine.ee\\\/product\\\/ev-100-pinnipiloot-purjepaatidele-ilma-kontrollerita\\\/#breadcrumb\",\"itemListElement\":[{\"@type\":\"ListItem\",\"position\":1,\"name\":\"Home\",\"item\":\"https:\\\/\\\/raymarine.ee\\\/\"},{\"@type\":\"ListItem\",\"position\":2,\"name\":\"Tooted\",\"item\":\"https:\\\/\\\/raymarine.ee\\\/shop\\\/\"},{\"@type\":\"ListItem\",\"position\":3,\"name\":\"EV-100 Pinnipiloot purjepaatidele (ilma p70s kontrollerita)\"}]},{\"@type\":\"WebSite\",\"@id\":\"https:\\\/\\\/raymarine.ee\\\/#website\",\"url\":\"https:\\\/\\\/raymarine.ee\\\/\",\"name\":\"www.raymarine.ee\",\"description\":\"Mereelektroonika, kaardiplotter, autopiloot, pinnipiloot, roolipiloot, radar, AIS, VHF, Smart Wind\",\"publisher\":{\"@id\":\"https:\\\/\\\/raymarine.ee\\\/#organization\"},\"alternateName\":\"Raymarine\",\"potentialAction\":[{\"@type\":\"SearchAction\",\"target\":{\"@type\":\"EntryPoint\",\"urlTemplate\":\"https:\\\/\\\/raymarine.ee\\\/?s={search_term_string}\"},\"query-input\":{\"@type\":\"PropertyValueSpecification\",\"valueRequired\":true,\"valueName\":\"search_term_string\"}}],\"inLanguage\":\"en-GB\"},{\"@type\":\"Organization\",\"@id\":\"https:\\\/\\\/raymarine.ee\\\/#organization\",\"name\":\"NavSystems O\u00dc\",\"url\":\"https:\\\/\\\/raymarine.ee\\\/\",\"logo\":{\"@type\":\"ImageObject\",\"inLanguage\":\"en-GB\",\"@id\":\"https:\\\/\\\/raymarine.ee\\\/#\\\/schema\\\/logo\\\/image\\\/\",\"url\":\"https:\\\/\\\/raymarine.ee\\\/wp-content\\\/uploads\\\/2024\\\/10\\\/Screenshot-2024-10-15-151324_bg_removed.webp\",\"contentUrl\":\"https:\\\/\\\/raymarine.ee\\\/wp-content\\\/uploads\\\/2024\\\/10\\\/Screenshot-2024-10-15-151324_bg_removed.webp\",\"width\":420,\"height\":276,\"caption\":\"NavSystems O\u00dc\"},\"image\":{\"@id\":\"https:\\\/\\\/raymarine.ee\\\/#\\\/schema\\\/logo\\\/image\\\/\"},\"sameAs\":[\"https:\\\/\\\/www.facebook.com\\\/NavSystems\"],\"legalName\":\"NavSystems O\u00dc\",\"foundingDate\":\"2011-05-03\",\"numberOfEmployees\":{\"@type\":\"QuantitativeValue\",\"minValue\":\"1\",\"maxValue\":\"10\"}}]}<\/script>\n<meta property=\"product:price:amount\" content=\"1681.13\" \/>\n<meta property=\"product:price:currency\" content=\"EUR\" \/>\n<meta property=\"og:availability\" content=\"instock\" \/>\n<meta property=\"product:availability\" content=\"instock\" \/>\n<meta property=\"product:retailer_item_id\" content=\"T70249\" \/>\n<meta property=\"product:condition\" content=\"new\" \/>\n<!-- \/ Yoast SEO Premium plugin. -->","yoast_head_json":{"title":"EV-100 Pinnipiloot koos 9-teljelise EV1 Anduriga. - NavSystems Mereelektroonika","description":"Mugavuse ja ohutuse nimel valige EV-100 Pinnipiloot. Ideaalne valik v\u00e4iksematele alustele, et muuta navigeerimine lihtsaks! NB! p70s nupud pole komplektis.","robots":{"index":"index","follow":"follow","max-snippet":"max-snippet:-1","max-image-preview":"max-image-preview:large","max-video-preview":"max-video-preview:-1"},"canonical":"https:\/\/raymarine.ee\/en\/product\/ev-100-pinnipiloot-purjepaatidele-ilma-kontrollerita\/","og_locale":"en_GB","og_type":"article","og_title":"EV-100 Pinnipiloot purjepaatidele (ilma p70s kontrollerita)","og_description":"Mugavuse ja ohutuse nimel valige EV-100 Pinnipiloot. Ideaalne valik v\u00e4iksematele alustele, et muuta navigeerimine lihtsaks! NB! p70s nupud pole komplektis.","og_url":"https:\/\/raymarine.ee\/en\/product\/ev-100-pinnipiloot-purjepaatidele-ilma-kontrollerita\/","og_site_name":"NavSystems","article_publisher":"https:\/\/www.facebook.com\/NavSystems","article_modified_time":"2026-04-16T13:59:49+00:00","og_image":[{"width":2000,"height":2000,"url":"https:\/\/raymarine.ee\/wp-content\/uploads\/2025\/01\/b729191a-45ad-4e31-a105-3287ecd1a315.png","type":"image\/png"}],"twitter_card":"summary_large_image","twitter_misc":{"Price":"1 681,13&nbsp;&euro;","Availability":"In stock"},"schema":{"@context":"https:\/\/schema.org","@graph":[{"@type":"WebPage","@id":"https:\/\/raymarine.ee\/product\/ev-100-pinnipiloot-purjepaatidele-ilma-kontrollerita\/","url":"https:\/\/raymarine.ee\/product\/ev-100-pinnipiloot-purjepaatidele-ilma-kontrollerita\/","name":"EV-100 Pinnipiloot koos 9-teljelise EV1 Anduriga. - NavSystems Mereelektroonika","isPartOf":{"@id":"https:\/\/raymarine.ee\/#website"},"primaryImageOfPage":{"@id":"https:\/\/raymarine.ee\/product\/ev-100-pinnipiloot-purjepaatidele-ilma-kontrollerita\/#primaryimage"},"image":{"@id":"https:\/\/raymarine.ee\/product\/ev-100-pinnipiloot-purjepaatidele-ilma-kontrollerita\/#primaryimage"},"thumbnailUrl":"https:\/\/raymarine.ee\/wp-content\/uploads\/2025\/01\/b729191a-45ad-4e31-a105-3287ecd1a315.png","datePublished":"2025-01-14T17:03:06+00:00","dateModified":"2026-04-16T13:59:49+00:00","description":"Mugavuse ja ohutuse nimel valige EV-100 Pinnipiloot. Ideaalne valik v\u00e4iksematele alustele, et muuta navigeerimine lihtsaks! NB! p70s nupud pole komplektis.","breadcrumb":{"@id":"https:\/\/raymarine.ee\/product\/ev-100-pinnipiloot-purjepaatidele-ilma-kontrollerita\/#breadcrumb"},"inLanguage":"en-GB","potentialAction":[{"@type":"ReadAction","target":["https:\/\/raymarine.ee\/product\/ev-100-pinnipiloot-purjepaatidele-ilma-kontrollerita\/"]}]},{"@type":"ImageObject","inLanguage":"en-GB","@id":"https:\/\/raymarine.ee\/product\/ev-100-pinnipiloot-purjepaatidele-ilma-kontrollerita\/#primaryimage","url":"https:\/\/raymarine.ee\/wp-content\/uploads\/2025\/01\/b729191a-45ad-4e31-a105-3287ecd1a315.png","contentUrl":"https:\/\/raymarine.ee\/wp-content\/uploads\/2025\/01\/b729191a-45ad-4e31-a105-3287ecd1a315.png","width":2000,"height":2000,"caption":"ev-100-pinnipiloot-kontrollerita"},{"@type":"BreadcrumbList","@id":"https:\/\/raymarine.ee\/product\/ev-100-pinnipiloot-purjepaatidele-ilma-kontrollerita\/#breadcrumb","itemListElement":[{"@type":"ListItem","position":1,"name":"Home","item":"https:\/\/raymarine.ee\/"},{"@type":"ListItem","position":2,"name":"Tooted","item":"https:\/\/raymarine.ee\/shop\/"},{"@type":"ListItem","position":3,"name":"EV-100 Pinnipiloot purjepaatidele (ilma p70s kontrollerita)"}]},{"@type":"WebSite","@id":"https:\/\/raymarine.ee\/#website","url":"https:\/\/raymarine.ee\/","name":"www.raymarine.ee","description":"Mereelektroonika, kaardiplotter, autopiloot, pinnipiloot, roolipiloot, radar, AIS, VHF, Smart Wind","publisher":{"@id":"https:\/\/raymarine.ee\/#organization"},"alternateName":"Raymarine","potentialAction":[{"@type":"SearchAction","target":{"@type":"EntryPoint","urlTemplate":"https:\/\/raymarine.ee\/?s={search_term_string}"},"query-input":{"@type":"PropertyValueSpecification","valueRequired":true,"valueName":"search_term_string"}}],"inLanguage":"en-GB"},{"@type":"Organization","@id":"https:\/\/raymarine.ee\/#organization","name":"NavSystems O\u00dc","url":"https:\/\/raymarine.ee\/","logo":{"@type":"ImageObject","inLanguage":"en-GB","@id":"https:\/\/raymarine.ee\/#\/schema\/logo\/image\/","url":"https:\/\/raymarine.ee\/wp-content\/uploads\/2024\/10\/Screenshot-2024-10-15-151324_bg_removed.webp","contentUrl":"https:\/\/raymarine.ee\/wp-content\/uploads\/2024\/10\/Screenshot-2024-10-15-151324_bg_removed.webp","width":420,"height":276,"caption":"NavSystems O\u00dc"},"image":{"@id":"https:\/\/raymarine.ee\/#\/schema\/logo\/image\/"},"sameAs":["https:\/\/www.facebook.com\/NavSystems"],"legalName":"NavSystems O\u00dc","foundingDate":"2011-05-03","numberOfEmployees":{"@type":"QuantitativeValue","minValue":"1","maxValue":"10"}}]},"product_price_amount":"1681.13","product_price_currency":"EUR","og_availability":"instock","product_availability":"instock","product_retailer_item_id":"T70249","product_condition":"new"},"jetpack_sharing_enabled":true,"_links":{"self":[{"href":"https:\/\/raymarine.ee\/en\/wp-json\/wp\/v2\/product\/6419","targetHints":{"allow":["GET"]}}],"collection":[{"href":"https:\/\/raymarine.ee\/en\/wp-json\/wp\/v2\/product"}],"about":[{"href":"https:\/\/raymarine.ee\/en\/wp-json\/wp\/v2\/types\/product"}],"wp:featuredmedia":[{"embeddable":true,"href":"https:\/\/raymarine.ee\/en\/wp-json\/wp\/v2\/media\/9291"}],"wp:attachment":[{"href":"https:\/\/raymarine.ee\/en\/wp-json\/wp\/v2\/media?parent=6419"}],"wp:term":[{"taxonomy":"product_brand","embeddable":true,"href":"https:\/\/raymarine.ee\/en\/wp-json\/wp\/v2\/product_brand?post=6419"},{"taxonomy":"product_cat","embeddable":true,"href":"https:\/\/raymarine.ee\/en\/wp-json\/wp\/v2\/product_cat?post=6419"},{"taxonomy":"product_tag","embeddable":true,"href":"https:\/\/raymarine.ee\/en\/wp-json\/wp\/v2\/product_tag?post=6419"}],"curies":[{"name":"wp","href":"https:\/\/api.w.org\/{rel}","templated":true}]}}