{"id":6420,"date":"2025-01-14T17:06:30","date_gmt":"2025-01-14T17:06:30","guid":{"rendered":"https:\/\/raymarine.ee\/?post_type=product&#038;p=6420"},"modified":"2026-04-06T06:54:48","modified_gmt":"2026-04-06T04:54:48","slug":"st1000-plus-pinnipiloot","status":"publish","type":"product","link":"https:\/\/raymarine.ee\/en\/product\/st1000-plus-pinnipiloot\/","title":{"rendered":"ST1000 Plus pinnipiloot"},"content":{"rendered":"<h5><strong data-start=\"37\" data-end=\"93\">Raymarine ST1000 Plus Tiller Pilot \u2013 automaatrool v\u00e4ikelaevadele<\/strong><\/h5>\n<div id=\"esctl_799073\" class=\"element-tabs-panel-outer element-tabs-alpha\">\n<div class=\"element-tabs-panel-inner\">\n<div class=\"ContentEditor\">\n<p data-start=\"95\" data-end=\"484\">Algselt toodetud Inglise firma Nautech poolt 1973 aastal ja tuntud Autohelm nime all. Hiljem omandas Autohelmi kaubam\u00e4rgi Raytheon ja sellest sai Raymarine mis toodab t\u00e4naseni selle algse 1973. aasta seadme t\u00e4nap\u00e4evasemaid j\u00e4reltulijaid. Tiller Pilot olnud \u00fcks maailma populaarseimad autopiloote pakkudes enneolematut t\u00f6\u00f6kindlust, j\u00f5udlust ja kasutusmugavust. ST1000 Plus pinnipiloodid on m\u00f5eldud purjepaatidele kaaluga kuni 3000 kg.<\/p>\n<p data-start=\"486\" data-end=\"672\">Kasutatav nii iseseisva piloodina kui ka SeaTalk\/NMEA GPS-\u00fchendusega. Taustavalgustusega LCD-ekraan ja kuuenupuline juhtpaneel muudavad kasutamise turvaliseks ja lihtsaks igas olukorras.<\/p>\n<h5 data-start=\"674\" data-end=\"695\"><strong data-start=\"674\" data-end=\"695\">P\u00f5hifunktsioonid:<\/strong><\/h5>\n<ul data-start=\"696\" data-end=\"1339\">\n<li data-start=\"696\" data-end=\"759\">\n<p data-start=\"698\" data-end=\"759\">Kasutajapoolne kalibreerimine parima j\u00f5udluse saavutamiseks<\/p>\n<\/li>\n<li data-start=\"760\" data-end=\"792\">\n<p data-start=\"762\" data-end=\"792\">Lihtne juhtimine kuue nupuga<\/p>\n<\/li>\n<li data-start=\"793\" data-end=\"880\">\n<p data-start=\"795\" data-end=\"880\">Taustavalgustusega LCD-ekraan n\u00e4itab suunda, lukustatud kurssi ja navigeerimisinfot<\/p>\n<\/li>\n<li data-start=\"881\" data-end=\"921\">\n<p data-start=\"883\" data-end=\"921\">Nutikas ja energias\u00e4\u00e4stlik roolimine<\/p>\n<\/li>\n<li data-start=\"922\" data-end=\"956\">\n<p data-start=\"924\" data-end=\"956\">Sisseehitatud fluxgate-kompass<\/p>\n<\/li>\n<li data-start=\"957\" data-end=\"992\">\n<p data-start=\"959\" data-end=\"992\">Automaatne p\u00f6\u00f6ramine (AutoTack)<\/p>\n<\/li>\n<li data-start=\"993\" data-end=\"1041\">\n<p data-start=\"995\" data-end=\"1041\">Automaatne ja k\u00e4sitsi seastate ning autotrim<\/p>\n<\/li>\n<li data-start=\"1042\" data-end=\"1073\">\n<p data-start=\"1044\" data-end=\"1073\">Waypoint advance funktsioon<\/p>\n<\/li>\n<li data-start=\"1074\" data-end=\"1110\">\n<p data-start=\"1076\" data-end=\"1110\">P\u00f5hja\/L\u00f5una suuna kompensatsioon<\/p>\n<\/li>\n<li data-start=\"1111\" data-end=\"1159\">\n<p data-start=\"1113\" data-end=\"1159\">Automaatne suunak\u00f5ikumise piiraja (deadband)<\/p>\n<\/li>\n<li data-start=\"1160\" data-end=\"1205\">\n<p data-start=\"1162\" data-end=\"1205\">WindTrim-funktsioon tuulep\u00f5hises re\u017eiimis<\/p>\n<\/li>\n<li data-start=\"1206\" data-end=\"1247\">\n<p data-start=\"1208\" data-end=\"1247\">Automaatne kompassi kaldekorrektsioon<\/p>\n<\/li>\n<li data-start=\"1248\" data-end=\"1304\">\n<p data-start=\"1250\" data-end=\"1304\">V\u00f5imalus \u00fchendada kaugjuhtimispult ja v\u00e4line kompass<\/p>\n<\/li>\n<li data-start=\"1305\" data-end=\"1339\">\n<p data-start=\"1307\" data-end=\"1339\">Kohandatavad seaded ja alarmid<\/p>\n<\/li>\n<\/ul>\n<h5 data-start=\"1341\" data-end=\"1363\"><strong data-start=\"1341\" data-end=\"1363\">Tehnilised andmed:<\/strong><\/h5>\n<ul data-start=\"1364\" data-end=\"1973\">\n<li data-start=\"1364\" data-end=\"1395\">\n<p data-start=\"1366\" data-end=\"1395\">SeaTalk1 ja NMEA 0183 sisend<\/p>\n<\/li>\n<li data-start=\"1396\" data-end=\"1466\">\n<p data-start=\"1398\" data-end=\"1466\">Taustavalgustusega LCD-ekraan n\u00e4itab kursi ja navigeerimisandmed<\/p>\n<\/li>\n<li data-start=\"1467\" data-end=\"1508\">\n<p data-start=\"1469\" data-end=\"1508\">M\u00f5\u00f5tmed (L x K x S): 450 x 73 x 95 mm<\/p>\n<\/li>\n<li data-start=\"1509\" data-end=\"1530\">\n<p data-start=\"1511\" data-end=\"1530\">T\u00f6\u00f6pinge: 12 V DC<\/p>\n<\/li>\n<li data-start=\"1531\" data-end=\"1558\">\n<p data-start=\"1533\" data-end=\"1558\">Pingepiirid: 10\u201316 V DC<\/p>\n<\/li>\n<li data-start=\"1559\" data-end=\"1593\">\n<p data-start=\"1561\" data-end=\"1593\">Voolutarve ootere\u017eiimis: 40 mA<\/p>\n<\/li>\n<li data-start=\"1594\" data-end=\"1611\">\n<p data-start=\"1596\" data-end=\"1611\">Kaal: 1,53 kg<\/p>\n<\/li>\n<li data-start=\"1612\" data-end=\"1657\">\n<p data-start=\"1614\" data-end=\"1657\">Paigaldus: p\u00f6\u00f6ratav vasakule v\u00f5i paremale<\/p>\n<\/li>\n<li data-start=\"1658\" data-end=\"1683\">\n<p data-start=\"1660\" data-end=\"1683\">Juhtimine: 6-nupuline<\/p>\n<\/li>\n<li data-start=\"1684\" data-end=\"1728\">\n<p data-start=\"1686\" data-end=\"1728\">Ekraani suurus: 45 mm segmenteeritud LCD<\/p>\n<\/li>\n<li data-start=\"1729\" data-end=\"1767\">\n<p data-start=\"1731\" data-end=\"1767\">Maksimaalne t\u00e4hem\u00e4rgi suurus: 9 mm<\/p>\n<\/li>\n<li data-start=\"1768\" data-end=\"1815\">\n<p data-start=\"1770\" data-end=\"1815\">Ekraani valgustus: 3 taset + v\u00e4ljal\u00fclitatud<\/p>\n<\/li>\n<li data-start=\"1816\" data-end=\"1836\">\n<p data-start=\"1818\" data-end=\"1836\">T\u00f5ukej\u00f5ud: 57 kg<\/p>\n<\/li>\n<li data-start=\"1837\" data-end=\"1869\">\n<p data-start=\"1839\" data-end=\"1869\">Liikumisulatus: 254 mm (10&#8243;)<\/p>\n<\/li>\n<li data-start=\"1870\" data-end=\"1921\">\n<p data-start=\"1872\" data-end=\"1921\">Maks. soovituslik koormatud paadi kaal: 3000 kg<\/p>\n<\/li>\n<li data-start=\"1922\" data-end=\"1973\">\n<p data-start=\"1924\" data-end=\"1973\">Tugev ja t\u00f5hus veomehhanism veekindlas korpuses<\/p>\n<\/li>\n<\/ul>\n<\/div>\n<p>ST1000 Plus pinnipiloodi integreerimiseks uue STNG (NMEA2000)<\/p>\n<p>v\u00f5rguga\u00a0vajad Sa STNG &gt; <a href=\"https:\/\/raymarine.ee\/en\/product\/raymarine-seatalk1-seatalkng-converter-kit\/\">SeaTalk1 konverterit<\/a>.<\/p>\n<\/div>\n<\/div>\n<div id=\"esctl_799075\" class=\"element-tabs-panel-outer element-tabs-gamma\">\n<div class=\"element-tabs-panel-inner\">\n<div class=\"ContentEditor\">\n<p><strong>Juhendid:\u00a0<\/strong><\/p>\n<p>Lae alla ST1000+ ST2000+ pinnipiloodi\u00a0<a href=\"https:\/\/raymarine.ee\/wp-content\/uploads\/2026\/04\/ST1000-ST2000-A12004-A12005-Quick-start-guide-86022-2-EN.pdf\" target=\"_blank\" rel=\"noopener\" data-wpel-link=\"internal\">kiirjuhend<\/a><\/p>\n<p>Lae alla ST1000+ ST2000+\u00a0<a href=\"https:\/\/raymarine.ee\/wp-content\/uploads\/2026\/04\/S1000-S2000-Owner-handbook-81130-7-EN.pdf\" target=\"_blank\" rel=\"noopener\" data-wpel-link=\"internal\">paigaldus ja kasutusjuhend<\/a><\/p>\n<p>Vaata\u00a0<a href=\"https:\/\/www.raymarine.com\/en-gb\/our-products\/boat-autopilots\/autopilot-packs\" target=\"_blank\" rel=\"noopener\">Raymarine autopilootide<\/a>\u00a0tootetutvustust.<\/p>\n<\/div>\n<\/div>\n<\/div>","protected":false},"excerpt":{"rendered":"<p>ST1000 Plus pinnipiloot on m\u00f5eldud purjepaatidele mida juhitakse roolipinniga. See on ilmselt v\u00e4iksemate roolipinniga purjepaatide omanike seas h\u00e4sti teada ja tuntud toode. Annab v\u00f5imaluse paadis vabamalt ringi liikuda ja suures piires tuleb oma \u00fclesandega toime. Kui ilm v\u00e4ga rajuks l\u00e4heb, siis on m\u00f5istlik paati ise juhtida. Maksimaalne paadi kaal kuni 3000 kg. Paigaldamine on lihtne ja kui juhend l\u00e4bi lugeda saab enamus paadiomanikest sellega ise hakkama. Enne valiku tegemist laadige alla juhend ja m\u00f5\u00f5tke \u00e4ra oma paadi pinni pikkus, k\u00f5rgus p\u00f5randast ja kaugus l\u00e4himast toetuspunktist. Sellega selgub kohe milliseid lisatarvikuid Sa vajad, et paigaldus sujuks ilma probleemideta. Pinnipilootidel on nii Seatalk 1 kui ka NMEA 0183 \u00fchendus, seega on ta v\u00f5imeline lugema teekonnainfot kaardiplotterist ja andmeid muudelt instrumentidelt. Tutvu kindlasti ka selle toote\u00a0juhenditega\u00a0ja k\u00fcsimuste korral pea n\u00f5u meie spetsialistiga.<\/p>","protected":false},"featured_media":9324,"template":"","meta":{"_acf_changed":false},"product_brand":[134],"product_cat":[52,64,103],"product_tag":[],"class_list":{"0":"post-6420","1":"product","2":"type-product","3":"status-publish","4":"has-post-thumbnail","6":"product_brand-raymarine","7":"product_cat-autopiloot-autopiloodid","8":"product_cat-pinnipiloodid","9":"product_cat-raymarine","11":"first","12":"onbackorder","13":"sale","14":"taxable","15":"shipping-taxable","16":"purchasable","17":"product-type-simple"},"acf":[],"yoast_head":"<!-- This site is optimized with the Yoast SEO Premium plugin v27.5 (Yoast SEO v27.5) - https:\/\/yoast.com\/product\/yoast-seo-premium-wordpress\/ -->\n<title>ST1000 Plus pinnipiloot - NavSystems Mereelektroonika<\/title>\n<meta name=\"description\" content=\"Raymarine Tiller Pilot \u2013 usaldusv\u00e4\u00e4rne ja nutikas autopiloot. T\u00e4pne juhtimine, energias\u00e4\u00e4st ja lihtne kasutamine igas olukorras.\" \/>\n<meta name=\"robots\" content=\"index, follow, max-snippet:-1, max-image-preview:large, max-video-preview:-1\" \/>\n<link rel=\"canonical\" href=\"https:\/\/raymarine.ee\/en\/product\/st1000-plus-pinnipiloot\/\" \/>\n<meta property=\"og:locale\" content=\"en_GB\" \/>\n<meta property=\"og:type\" content=\"article\" \/>\n<meta property=\"og:title\" content=\"ST1000 Plus pinnipiloot\" \/>\n<meta property=\"og:description\" content=\"Raymarine Tiller Pilot \u2013 usaldusv\u00e4\u00e4rne ja nutikas autopiloot. T\u00e4pne juhtimine, energias\u00e4\u00e4st ja lihtne kasutamine igas olukorras.\" \/>\n<meta property=\"og:url\" content=\"https:\/\/raymarine.ee\/en\/product\/st1000-plus-pinnipiloot\/\" \/>\n<meta property=\"og:site_name\" content=\"NavSystems\" \/>\n<meta property=\"article:publisher\" content=\"https:\/\/www.facebook.com\/NavSystems\" \/>\n<meta property=\"article:modified_time\" content=\"2026-04-06T04:54:48+00:00\" \/>\n<meta property=\"og:image\" content=\"https:\/\/raymarine.ee\/wp-content\/uploads\/2025\/01\/ST1000-Plus.jpg\" \/>\n\t<meta property=\"og:image:width\" content=\"600\" \/>\n\t<meta property=\"og:image:height\" content=\"600\" \/>\n\t<meta property=\"og:image:type\" content=\"image\/jpeg\" \/>\n<meta name=\"twitter:card\" content=\"summary_large_image\" \/>\n<meta name=\"twitter:label1\" content=\"Price\" \/>\n\t<meta name=\"twitter:data1\" content=\"665,57&nbsp;&euro;\" \/>\n\t<meta name=\"twitter:label2\" content=\"Availability\" \/>\n\t<meta name=\"twitter:data2\" content=\"On back order\" \/>\n<script type=\"application\/ld+json\" class=\"yoast-schema-graph\">{\"@context\":\"https:\\\/\\\/schema.org\",\"@graph\":[{\"@type\":\"WebPage\",\"@id\":\"https:\\\/\\\/raymarine.ee\\\/product\\\/st1000-plus-pinnipiloot\\\/\",\"url\":\"https:\\\/\\\/raymarine.ee\\\/product\\\/st1000-plus-pinnipiloot\\\/\",\"name\":\"ST1000 Plus pinnipiloot - NavSystems Mereelektroonika\",\"isPartOf\":{\"@id\":\"https:\\\/\\\/raymarine.ee\\\/#website\"},\"primaryImageOfPage\":{\"@id\":\"https:\\\/\\\/raymarine.ee\\\/product\\\/st1000-plus-pinnipiloot\\\/#primaryimage\"},\"image\":{\"@id\":\"https:\\\/\\\/raymarine.ee\\\/product\\\/st1000-plus-pinnipiloot\\\/#primaryimage\"},\"thumbnailUrl\":\"https:\\\/\\\/raymarine.ee\\\/wp-content\\\/uploads\\\/2025\\\/01\\\/ST1000-Plus.jpg\",\"datePublished\":\"2025-01-14T17:06:30+00:00\",\"dateModified\":\"2026-04-06T04:54:48+00:00\",\"description\":\"Raymarine Tiller Pilot \u2013 usaldusv\u00e4\u00e4rne ja nutikas autopiloot. T\u00e4pne juhtimine, energias\u00e4\u00e4st ja lihtne kasutamine igas olukorras.\",\"breadcrumb\":{\"@id\":\"https:\\\/\\\/raymarine.ee\\\/product\\\/st1000-plus-pinnipiloot\\\/#breadcrumb\"},\"inLanguage\":\"en-GB\",\"potentialAction\":[{\"@type\":\"ReadAction\",\"target\":[\"https:\\\/\\\/raymarine.ee\\\/product\\\/st1000-plus-pinnipiloot\\\/\"]}]},{\"@type\":\"ImageObject\",\"inLanguage\":\"en-GB\",\"@id\":\"https:\\\/\\\/raymarine.ee\\\/product\\\/st1000-plus-pinnipiloot\\\/#primaryimage\",\"url\":\"https:\\\/\\\/raymarine.ee\\\/wp-content\\\/uploads\\\/2025\\\/01\\\/ST1000-Plus.jpg\",\"contentUrl\":\"https:\\\/\\\/raymarine.ee\\\/wp-content\\\/uploads\\\/2025\\\/01\\\/ST1000-Plus.jpg\",\"width\":600,\"height\":600,\"caption\":\"ST1000 Plus ST2000 Plus\"},{\"@type\":\"BreadcrumbList\",\"@id\":\"https:\\\/\\\/raymarine.ee\\\/product\\\/st1000-plus-pinnipiloot\\\/#breadcrumb\",\"itemListElement\":[{\"@type\":\"ListItem\",\"position\":1,\"name\":\"Home\",\"item\":\"https:\\\/\\\/raymarine.ee\\\/\"},{\"@type\":\"ListItem\",\"position\":2,\"name\":\"Tooted\",\"item\":\"https:\\\/\\\/raymarine.ee\\\/shop\\\/\"},{\"@type\":\"ListItem\",\"position\":3,\"name\":\"ST1000 Plus pinnipiloot\"}]},{\"@type\":\"WebSite\",\"@id\":\"https:\\\/\\\/raymarine.ee\\\/#website\",\"url\":\"https:\\\/\\\/raymarine.ee\\\/\",\"name\":\"www.raymarine.ee\",\"description\":\"Mereelektroonika, kaardiplotter, autopiloot, pinnipiloot, roolipiloot, radar, AIS, VHF, Smart Wind\",\"publisher\":{\"@id\":\"https:\\\/\\\/raymarine.ee\\\/#organization\"},\"alternateName\":\"Raymarine\",\"potentialAction\":[{\"@type\":\"SearchAction\",\"target\":{\"@type\":\"EntryPoint\",\"urlTemplate\":\"https:\\\/\\\/raymarine.ee\\\/?s={search_term_string}\"},\"query-input\":{\"@type\":\"PropertyValueSpecification\",\"valueRequired\":true,\"valueName\":\"search_term_string\"}}],\"inLanguage\":\"en-GB\"},{\"@type\":\"Organization\",\"@id\":\"https:\\\/\\\/raymarine.ee\\\/#organization\",\"name\":\"NavSystems O\u00dc\",\"url\":\"https:\\\/\\\/raymarine.ee\\\/\",\"logo\":{\"@type\":\"ImageObject\",\"inLanguage\":\"en-GB\",\"@id\":\"https:\\\/\\\/raymarine.ee\\\/#\\\/schema\\\/logo\\\/image\\\/\",\"url\":\"https:\\\/\\\/raymarine.ee\\\/wp-content\\\/uploads\\\/2024\\\/10\\\/Screenshot-2024-10-15-151324_bg_removed.webp\",\"contentUrl\":\"https:\\\/\\\/raymarine.ee\\\/wp-content\\\/uploads\\\/2024\\\/10\\\/Screenshot-2024-10-15-151324_bg_removed.webp\",\"width\":420,\"height\":276,\"caption\":\"NavSystems O\u00dc\"},\"image\":{\"@id\":\"https:\\\/\\\/raymarine.ee\\\/#\\\/schema\\\/logo\\\/image\\\/\"},\"sameAs\":[\"https:\\\/\\\/www.facebook.com\\\/NavSystems\"],\"legalName\":\"NavSystems O\u00dc\",\"foundingDate\":\"2011-05-03\",\"numberOfEmployees\":{\"@type\":\"QuantitativeValue\",\"minValue\":\"1\",\"maxValue\":\"10\"}}]}<\/script>\n<meta property=\"product:price:amount\" content=\"665.57\" \/>\n<meta property=\"product:price:currency\" content=\"EUR\" \/>\n<meta property=\"og:availability\" content=\"backorder\" \/>\n<meta property=\"product:availability\" content=\"available for order\" \/>\n<meta property=\"product:retailer_item_id\" content=\"A12004\" \/>\n<meta property=\"product:condition\" content=\"new\" \/>\n<!-- \/ Yoast SEO Premium plugin. -->","yoast_head_json":{"title":"ST1000 Plus pinnipiloot - NavSystems Mereelektroonika","description":"Raymarine Tiller Pilot \u2013 usaldusv\u00e4\u00e4rne ja nutikas autopiloot. T\u00e4pne juhtimine, energias\u00e4\u00e4st ja lihtne kasutamine igas olukorras.","robots":{"index":"index","follow":"follow","max-snippet":"max-snippet:-1","max-image-preview":"max-image-preview:large","max-video-preview":"max-video-preview:-1"},"canonical":"https:\/\/raymarine.ee\/en\/product\/st1000-plus-pinnipiloot\/","og_locale":"en_GB","og_type":"article","og_title":"ST1000 Plus pinnipiloot","og_description":"Raymarine Tiller Pilot \u2013 usaldusv\u00e4\u00e4rne ja nutikas autopiloot. T\u00e4pne juhtimine, energias\u00e4\u00e4st ja lihtne kasutamine igas olukorras.","og_url":"https:\/\/raymarine.ee\/en\/product\/st1000-plus-pinnipiloot\/","og_site_name":"NavSystems","article_publisher":"https:\/\/www.facebook.com\/NavSystems","article_modified_time":"2026-04-06T04:54:48+00:00","og_image":[{"width":600,"height":600,"url":"https:\/\/raymarine.ee\/wp-content\/uploads\/2025\/01\/ST1000-Plus.jpg","type":"image\/jpeg"}],"twitter_card":"summary_large_image","twitter_misc":{"Price":"665,57&nbsp;&euro;","Availability":"On back order"},"schema":{"@context":"https:\/\/schema.org","@graph":[{"@type":"WebPage","@id":"https:\/\/raymarine.ee\/product\/st1000-plus-pinnipiloot\/","url":"https:\/\/raymarine.ee\/product\/st1000-plus-pinnipiloot\/","name":"ST1000 Plus pinnipiloot - NavSystems Mereelektroonika","isPartOf":{"@id":"https:\/\/raymarine.ee\/#website"},"primaryImageOfPage":{"@id":"https:\/\/raymarine.ee\/product\/st1000-plus-pinnipiloot\/#primaryimage"},"image":{"@id":"https:\/\/raymarine.ee\/product\/st1000-plus-pinnipiloot\/#primaryimage"},"thumbnailUrl":"https:\/\/raymarine.ee\/wp-content\/uploads\/2025\/01\/ST1000-Plus.jpg","datePublished":"2025-01-14T17:06:30+00:00","dateModified":"2026-04-06T04:54:48+00:00","description":"Raymarine Tiller Pilot \u2013 usaldusv\u00e4\u00e4rne ja nutikas autopiloot. T\u00e4pne juhtimine, energias\u00e4\u00e4st ja lihtne kasutamine igas olukorras.","breadcrumb":{"@id":"https:\/\/raymarine.ee\/product\/st1000-plus-pinnipiloot\/#breadcrumb"},"inLanguage":"en-GB","potentialAction":[{"@type":"ReadAction","target":["https:\/\/raymarine.ee\/product\/st1000-plus-pinnipiloot\/"]}]},{"@type":"ImageObject","inLanguage":"en-GB","@id":"https:\/\/raymarine.ee\/product\/st1000-plus-pinnipiloot\/#primaryimage","url":"https:\/\/raymarine.ee\/wp-content\/uploads\/2025\/01\/ST1000-Plus.jpg","contentUrl":"https:\/\/raymarine.ee\/wp-content\/uploads\/2025\/01\/ST1000-Plus.jpg","width":600,"height":600,"caption":"ST1000 Plus ST2000 Plus"},{"@type":"BreadcrumbList","@id":"https:\/\/raymarine.ee\/product\/st1000-plus-pinnipiloot\/#breadcrumb","itemListElement":[{"@type":"ListItem","position":1,"name":"Home","item":"https:\/\/raymarine.ee\/"},{"@type":"ListItem","position":2,"name":"Tooted","item":"https:\/\/raymarine.ee\/shop\/"},{"@type":"ListItem","position":3,"name":"ST1000 Plus pinnipiloot"}]},{"@type":"WebSite","@id":"https:\/\/raymarine.ee\/#website","url":"https:\/\/raymarine.ee\/","name":"www.raymarine.ee","description":"Mereelektroonika, kaardiplotter, autopiloot, pinnipiloot, roolipiloot, radar, AIS, VHF, Smart Wind","publisher":{"@id":"https:\/\/raymarine.ee\/#organization"},"alternateName":"Raymarine","potentialAction":[{"@type":"SearchAction","target":{"@type":"EntryPoint","urlTemplate":"https:\/\/raymarine.ee\/?s={search_term_string}"},"query-input":{"@type":"PropertyValueSpecification","valueRequired":true,"valueName":"search_term_string"}}],"inLanguage":"en-GB"},{"@type":"Organization","@id":"https:\/\/raymarine.ee\/#organization","name":"NavSystems O\u00dc","url":"https:\/\/raymarine.ee\/","logo":{"@type":"ImageObject","inLanguage":"en-GB","@id":"https:\/\/raymarine.ee\/#\/schema\/logo\/image\/","url":"https:\/\/raymarine.ee\/wp-content\/uploads\/2024\/10\/Screenshot-2024-10-15-151324_bg_removed.webp","contentUrl":"https:\/\/raymarine.ee\/wp-content\/uploads\/2024\/10\/Screenshot-2024-10-15-151324_bg_removed.webp","width":420,"height":276,"caption":"NavSystems O\u00dc"},"image":{"@id":"https:\/\/raymarine.ee\/#\/schema\/logo\/image\/"},"sameAs":["https:\/\/www.facebook.com\/NavSystems"],"legalName":"NavSystems O\u00dc","foundingDate":"2011-05-03","numberOfEmployees":{"@type":"QuantitativeValue","minValue":"1","maxValue":"10"}}]},"product_price_amount":"665.57","product_price_currency":"EUR","og_availability":"backorder","product_availability":"available for order","product_retailer_item_id":"A12004","product_condition":"new"},"jetpack_sharing_enabled":true,"_links":{"self":[{"href":"https:\/\/raymarine.ee\/en\/wp-json\/wp\/v2\/product\/6420","targetHints":{"allow":["GET"]}}],"collection":[{"href":"https:\/\/raymarine.ee\/en\/wp-json\/wp\/v2\/product"}],"about":[{"href":"https:\/\/raymarine.ee\/en\/wp-json\/wp\/v2\/types\/product"}],"wp:featuredmedia":[{"embeddable":true,"href":"https:\/\/raymarine.ee\/en\/wp-json\/wp\/v2\/media\/9324"}],"wp:attachment":[{"href":"https:\/\/raymarine.ee\/en\/wp-json\/wp\/v2\/media?parent=6420"}],"wp:term":[{"taxonomy":"product_brand","embeddable":true,"href":"https:\/\/raymarine.ee\/en\/wp-json\/wp\/v2\/product_brand?post=6420"},{"taxonomy":"product_cat","embeddable":true,"href":"https:\/\/raymarine.ee\/en\/wp-json\/wp\/v2\/product_cat?post=6420"},{"taxonomy":"product_tag","embeddable":true,"href":"https:\/\/raymarine.ee\/en\/wp-json\/wp\/v2\/product_tag?post=6420"}],"curies":[{"name":"wp","href":"https:\/\/api.w.org\/{rel}","templated":true}]}}