{"id":6421,"date":"2025-01-14T16:54:31","date_gmt":"2025-01-14T16:54:31","guid":{"rendered":"https:\/\/raymarine.ee\/?post_type=product&#038;p=6421"},"modified":"2026-04-12T15:25:03","modified_gmt":"2026-04-12T12:25:03","slug":"st2000-plus-pinnipiloot","status":"publish","type":"product","link":"https:\/\/raymarine.ee\/en\/product\/st2000-plus-pinnipiloot\/","title":{"rendered":"ST2000 Plus pinnipiloot"},"content":{"rendered":"<h5><strong data-start=\"34\" data-end=\"115\">Raymarine Tiller Pilot \u2013 populaarseim autopiloot roolipinniga juhitavatele jahtidele<\/strong><\/h5>\n<div id=\"esctl_800440\" class=\"element-tabs-panel-outer element-tabs-alpha\">\n<div class=\"element-tabs-panel-inner\">\n<div class=\"ContentEditor\">\n<p data-start=\"117\" data-end=\"398\">Algselt toodetud Inglise firma Nautech poolt 1973 aastal ja tuntud Autohelm nime all. Hiljem omandas Autohelmi kaubam\u00e4rgi Raytheon ja sellest sai Raymarine mis toodab t\u00e4naseni selle algse 1973. aasta seadme t\u00e4nap\u00e4evasemaid j\u00e4reltulijaid. Tiller Pilot olnud \u00fcks maailma populaarseimad autopiloote pakkudes enneolematut t\u00f6\u00f6kindlust, j\u00f5udlust ja kasutusmugavust. ST2000 Plus pinnipiloodid on m\u00f5eldud purjepaatidele kaaluga kuni 4,500 kg.<\/p>\n<p data-start=\"400\" data-end=\"716\">T\u00e4nu nutikatele funktsioonidele nagu <strong data-start=\"437\" data-end=\"449\">AutoTack<\/strong> ja <strong data-start=\"453\" data-end=\"469\">AutoSeastate<\/strong> on purjetamine veelgi lihtsam \u2013 piloot p\u00f6\u00f6rab paati ja hoiab kurssi s\u00e4\u00e4stes samas energiat. LCD-ekraan koos 6-nupulise juhtpaneeliga muudab seadme intuitiivseks ja lihtsaks kasutada nii iseseisvalt kui ka koos SeaTalk\/NMEA GPS-s\u00fcsteemidega.<\/p>\n<h5 data-start=\"718\" data-end=\"731\"><strong data-start=\"718\" data-end=\"731\">Omadused:<\/strong><\/h5>\n<ul data-start=\"732\" data-end=\"1309\">\n<li data-start=\"732\" data-end=\"813\">\n<p data-start=\"734\" data-end=\"813\">AutoTack-funktsioon v\u00f5imaldab teha paute<\/p>\n<\/li>\n<li data-start=\"814\" data-end=\"890\">\n<p data-start=\"816\" data-end=\"890\">AutoSeastate kohandub mereseisuga hoides kurssi ja v\u00e4hendades energiakulu<\/p>\n<\/li>\n<li data-start=\"891\" data-end=\"964\">\n<p data-start=\"893\" data-end=\"964\">Intuitiivne 6-nupuline juhtpaneel koos taustavalgustusega LCD-ekraaniga<\/p>\n<\/li>\n<li data-start=\"965\" data-end=\"1017\">\n<p data-start=\"967\" data-end=\"1017\">K\u00e4sitsi ja automaatne seastate ja trimmi-funktsioon<\/p>\n<\/li>\n<li data-start=\"1018\" data-end=\"1050\">\n<p data-start=\"1020\" data-end=\"1050\">Tuulekompensatsioon (WindTrim)<\/p>\n<\/li>\n<li data-start=\"1051\" data-end=\"1099\">\n<p data-start=\"1053\" data-end=\"1099\">Kompassi k\u00f5rvalekallete automaatne korrektsioon<\/p>\n<\/li>\n<li data-start=\"1100\" data-end=\"1141\">\n<p data-start=\"1102\" data-end=\"1141\">Kalibreeritav kasutaja eelistuste j\u00e4rgi<\/p>\n<\/li>\n<li data-start=\"1142\" data-end=\"1202\">\n<p data-start=\"1144\" data-end=\"1202\">Suunakompenatsioon p\u00f5hja\/l\u00f5una suunaliseks navigeerimiseks<\/p>\n<\/li>\n<li data-start=\"1203\" data-end=\"1255\">\n<p data-start=\"1205\" data-end=\"1255\">V\u00f5imalik lisada kaugjuhtimispult ja v\u00e4line kompass<\/p>\n<\/li>\n<li data-start=\"1256\" data-end=\"1309\">\n<p data-start=\"1258\" data-end=\"1309\">Waypoint-uuenduse funktsioon marsruudil liikumiseks<\/p>\n<\/li>\n<\/ul>\n<h5 data-start=\"1311\" data-end=\"1333\"><strong data-start=\"1311\" data-end=\"1333\">Tehnilised andmed:<\/strong><\/h5>\n<ul data-start=\"1334\" data-end=\"1690\">\n<li data-start=\"1334\" data-end=\"1380\">\n<p data-start=\"1336\" data-end=\"1380\">Maksimaalne paadi kaal: 4,500 kg (10,000 lb)<\/p>\n<\/li>\n<li data-start=\"1422\" data-end=\"1452\">\n<p data-start=\"1424\" data-end=\"1452\">T\u00f5ukej\u00f5ud: 77 kg (170 lb)<\/p>\n<\/li>\n<li data-start=\"1453\" data-end=\"1485\">\n<p data-start=\"1455\" data-end=\"1485\">Sisseehitatud fluxgate-kompass<\/p>\n<\/li>\n<li data-start=\"1486\" data-end=\"1526\">\n<p data-start=\"1488\" data-end=\"1526\">\u00dchendused: SeaTalk1 ja NMEA 0183 sisend<\/p>\n<\/li>\n<li data-start=\"1527\" data-end=\"1555\">\n<p data-start=\"1529\" data-end=\"1555\">Toitepinge: 10 V \u2013 15 V DC<\/p>\n<\/li>\n<li data-start=\"1556\" data-end=\"1638\">\n<p data-start=\"1558\" data-end=\"1638\">Energiatarve: ootere\u017eiimis 40 mA (t\u00e4isvalgustusega 90 mA), t\u00f6\u00f6re\u017eiimis 0.5\u20131.5 A<\/p>\n<\/li>\n<li data-start=\"1639\" data-end=\"1671\">\n<p data-start=\"1641\" data-end=\"1671\">T\u00f6\u00f6temperatuur: 0\u00b0C kuni +70\u00b0C<\/p>\n<\/li>\n<li data-start=\"1672\" data-end=\"1690\">\n<p data-start=\"1674\" data-end=\"1690\">Veekindel korpus<\/p>\n<\/li>\n<\/ul>\n<p data-start=\"1692\" data-end=\"1842\">Raymarine Tiller Pilot on ideaalne kaaslane igale v\u00e4iksemale purjejahile mis vajab t\u00e4pset ja t\u00f6\u00f6kindlat automaatset juhtimist.<\/p>\n<p data-start=\"1692\" data-end=\"1842\">ST2000 Plus pinnipiloodi integreerimiseks uue STNG (NMEA2000)<\/p>\n<p data-start=\"1692\" data-end=\"1842\">v\u00f5rguga vajad Sa STNG &gt; <a href=\"https:\/\/raymarine.ee\/en\/product\/raymarine-seatalk1-seatalkng-converter-kit\/\">SeaTalk1 konverterit<\/a>.<\/p>\n<\/div>\n<\/div>\n<\/div>\n<p><strong>Juhendid:\u00a0<\/strong><\/p>\n<p>Lae alla ST1000+ ST2000+ pinnipiloodi <a href=\"https:\/\/raymarine.ee\/wp-content\/uploads\/2026\/04\/ST1000-ST2000-A12004-A12005-Quick-start-guide-86022-2-EN.pdf\" target=\"_blank\" rel=\"noopener\">kiirjuhend<\/a><\/p>\n<p>Lae alla ST1000+ ST2000+ <a href=\"https:\/\/raymarine.ee\/wp-content\/uploads\/2026\/04\/S1000-S2000-Owner-handbook-81130-7-EN.pdf\" target=\"_blank\" rel=\"noopener\">paigaldus ja kasutusjuhend<\/a><\/p>","protected":false},"excerpt":{"rendered":"<p>ST2000 Plus pinnipiloot on m\u00f5eldud purjepaatidele mida juhitakse roolipinniga. See on ilmselt v\u00e4iksemate roolipinniga purjepaatide omanike seas h\u00e4sti teada ja tuntud toode. Annab v\u00f5imaluse paadis vabamalt ringi liikuda ja suures piires tuleb oma \u00fclesandega toime. Kui ilm v\u00e4ga rajuks l\u00e4heb, siis on m\u00f5istlik paati ise juhtida. Maksimaalne paadi kaal on kuni 4500 kg. Soovitatav on j\u00e4tta 20% varu. Paigaldamine on lihtne ja kui juhend l\u00e4bi lugeda saab enamus paadiomanikest sellega ise hakkama. Enne valiku tegemist laadige alla juhend ja m\u00f5\u00f5tke \u00e4ra oma paadi pinni pikkus, k\u00f5rgus p\u00f5randast ja kaugus l\u00e4himast toetuspunktist. Sellega selgub kohe milliseid lisatarvikuid Sa vajad, et paigaldus sujuks ilma probleemideta. Pinnipilootidel on nii Seatalk 1 kui ka NMEA 0183 \u00fchendus, seega on ta v\u00f5imeline lugema teekonnainfot kaardiplotterist ja andmeid muudelt instrumentidelt. Tutvu kindlasti ka selle toote\u00a0juhenditega ja k\u00fcsimuste korral pea n\u00f5u meie spetsialistiga.<\/p>","protected":false},"featured_media":9324,"template":"","meta":{"_acf_changed":false},"product_brand":[134],"product_cat":[52,343,64,103],"product_tag":[],"class_list":{"0":"post-6421","1":"product","2":"type-product","3":"status-publish","4":"has-post-thumbnail","6":"product_brand-raymarine","7":"product_cat-autopiloot-autopiloodid","8":"product_cat-kampaaniad","9":"product_cat-pinnipiloodid","10":"product_cat-raymarine","12":"first","13":"instock","14":"sale","15":"taxable","16":"shipping-taxable","17":"purchasable","18":"product-type-simple"},"acf":[],"yoast_head":"<!-- This site is optimized with the Yoast SEO Premium plugin v27.5 (Yoast SEO v27.5) - https:\/\/yoast.com\/product\/yoast-seo-premium-wordpress\/ -->\n<title>Pinnipiloot: Usaldusv\u00e4\u00e4rne autopiloot purjepaatidele - NavSystems<\/title>\n<meta name=\"description\" content=\"Raymarine Tiller Pilot on parim valik jahtidele, tagades usaldusv\u00e4\u00e4rsuse ja mugavuse. Avasta ST2000+ Pinnipiloot ja naudi muretut purjetamist!\" \/>\n<meta name=\"robots\" content=\"index, follow, max-snippet:-1, max-image-preview:large, max-video-preview:-1\" \/>\n<link rel=\"canonical\" href=\"https:\/\/raymarine.ee\/en\/product\/st2000-plus-pinnipiloot\/\" \/>\n<meta property=\"og:locale\" content=\"en_GB\" \/>\n<meta property=\"og:type\" content=\"article\" \/>\n<meta property=\"og:title\" content=\"pinnipiloot ST2000 Plus purjepaatidele jahtidele Pinnipiloot\" \/>\n<meta property=\"og:description\" content=\"Tutvu ST2000 Plus pinnipiloogiga, mis pakub erakordset t\u00f6\u00f6kindlust ja mugavust. Telli praegu ja naudi sujuvat purjetamist!\" \/>\n<meta property=\"og:url\" content=\"https:\/\/raymarine.ee\/en\/product\/st2000-plus-pinnipiloot\/\" \/>\n<meta property=\"og:site_name\" content=\"NavSystems\" \/>\n<meta property=\"article:publisher\" content=\"https:\/\/www.facebook.com\/NavSystems\" \/>\n<meta property=\"article:modified_time\" content=\"2026-04-12T12:25:03+00:00\" \/>\n<meta property=\"og:image\" content=\"https:\/\/raymarine.ee\/wp-content\/uploads\/2025\/01\/ST1000-Plus.jpg\" \/>\n\t<meta property=\"og:image:width\" content=\"600\" \/>\n\t<meta property=\"og:image:height\" content=\"600\" \/>\n\t<meta property=\"og:image:type\" content=\"image\/jpeg\" \/>\n<meta name=\"twitter:card\" content=\"summary_large_image\" \/>\n<meta name=\"twitter:title\" content=\"ST2000 Plus pinnipiloot\" \/>\n<meta name=\"twitter:label1\" content=\"Price\" \/>\n\t<meta name=\"twitter:data1\" content=\"595,00&nbsp;&euro;\" \/>\n\t<meta name=\"twitter:label2\" content=\"Availability\" \/>\n\t<meta name=\"twitter:data2\" content=\"In stock\" \/>\n<script type=\"application\/ld+json\" class=\"yoast-schema-graph\">{\"@context\":\"https:\\\/\\\/schema.org\",\"@graph\":[{\"@type\":\"WebPage\",\"@id\":\"https:\\\/\\\/raymarine.ee\\\/product\\\/st2000-plus-pinnipiloot\\\/\",\"url\":\"https:\\\/\\\/raymarine.ee\\\/product\\\/st2000-plus-pinnipiloot\\\/\",\"name\":\"Pinnipiloot: Usaldusv\u00e4\u00e4rne autopiloot purjepaatidele - NavSystems\",\"isPartOf\":{\"@id\":\"https:\\\/\\\/raymarine.ee\\\/#website\"},\"primaryImageOfPage\":{\"@id\":\"https:\\\/\\\/raymarine.ee\\\/product\\\/st2000-plus-pinnipiloot\\\/#primaryimage\"},\"image\":{\"@id\":\"https:\\\/\\\/raymarine.ee\\\/product\\\/st2000-plus-pinnipiloot\\\/#primaryimage\"},\"thumbnailUrl\":\"https:\\\/\\\/raymarine.ee\\\/wp-content\\\/uploads\\\/2025\\\/01\\\/ST1000-Plus.jpg\",\"datePublished\":\"2025-01-14T16:54:31+00:00\",\"dateModified\":\"2026-04-12T12:25:03+00:00\",\"description\":\"Raymarine Tiller Pilot on parim valik jahtidele, tagades usaldusv\u00e4\u00e4rsuse ja mugavuse. Avasta ST2000+ Pinnipiloot ja naudi muretut purjetamist!\",\"breadcrumb\":{\"@id\":\"https:\\\/\\\/raymarine.ee\\\/product\\\/st2000-plus-pinnipiloot\\\/#breadcrumb\"},\"inLanguage\":\"en-GB\",\"potentialAction\":[{\"@type\":\"ReadAction\",\"target\":[\"https:\\\/\\\/raymarine.ee\\\/product\\\/st2000-plus-pinnipiloot\\\/\"]}]},{\"@type\":\"ImageObject\",\"inLanguage\":\"en-GB\",\"@id\":\"https:\\\/\\\/raymarine.ee\\\/product\\\/st2000-plus-pinnipiloot\\\/#primaryimage\",\"url\":\"https:\\\/\\\/raymarine.ee\\\/wp-content\\\/uploads\\\/2025\\\/01\\\/ST1000-Plus.jpg\",\"contentUrl\":\"https:\\\/\\\/raymarine.ee\\\/wp-content\\\/uploads\\\/2025\\\/01\\\/ST1000-Plus.jpg\",\"width\":600,\"height\":600,\"caption\":\"ST1000 Plus ST2000 Plus\"},{\"@type\":\"BreadcrumbList\",\"@id\":\"https:\\\/\\\/raymarine.ee\\\/product\\\/st2000-plus-pinnipiloot\\\/#breadcrumb\",\"itemListElement\":[{\"@type\":\"ListItem\",\"position\":1,\"name\":\"Home\",\"item\":\"https:\\\/\\\/raymarine.ee\\\/\"},{\"@type\":\"ListItem\",\"position\":2,\"name\":\"Tooted\",\"item\":\"https:\\\/\\\/raymarine.ee\\\/shop\\\/\"},{\"@type\":\"ListItem\",\"position\":3,\"name\":\"ST2000 Plus pinnipiloot\"}]},{\"@type\":\"WebSite\",\"@id\":\"https:\\\/\\\/raymarine.ee\\\/#website\",\"url\":\"https:\\\/\\\/raymarine.ee\\\/\",\"name\":\"www.raymarine.ee\",\"description\":\"Mereelektroonika, kaardiplotter, autopiloot, pinnipiloot, roolipiloot, radar, AIS, VHF, Smart Wind\",\"publisher\":{\"@id\":\"https:\\\/\\\/raymarine.ee\\\/#organization\"},\"alternateName\":\"Raymarine\",\"potentialAction\":[{\"@type\":\"SearchAction\",\"target\":{\"@type\":\"EntryPoint\",\"urlTemplate\":\"https:\\\/\\\/raymarine.ee\\\/?s={search_term_string}\"},\"query-input\":{\"@type\":\"PropertyValueSpecification\",\"valueRequired\":true,\"valueName\":\"search_term_string\"}}],\"inLanguage\":\"en-GB\"},{\"@type\":\"Organization\",\"@id\":\"https:\\\/\\\/raymarine.ee\\\/#organization\",\"name\":\"NavSystems O\u00dc\",\"url\":\"https:\\\/\\\/raymarine.ee\\\/\",\"logo\":{\"@type\":\"ImageObject\",\"inLanguage\":\"en-GB\",\"@id\":\"https:\\\/\\\/raymarine.ee\\\/#\\\/schema\\\/logo\\\/image\\\/\",\"url\":\"https:\\\/\\\/raymarine.ee\\\/wp-content\\\/uploads\\\/2024\\\/10\\\/Screenshot-2024-10-15-151324_bg_removed.webp\",\"contentUrl\":\"https:\\\/\\\/raymarine.ee\\\/wp-content\\\/uploads\\\/2024\\\/10\\\/Screenshot-2024-10-15-151324_bg_removed.webp\",\"width\":420,\"height\":276,\"caption\":\"NavSystems O\u00dc\"},\"image\":{\"@id\":\"https:\\\/\\\/raymarine.ee\\\/#\\\/schema\\\/logo\\\/image\\\/\"},\"sameAs\":[\"https:\\\/\\\/www.facebook.com\\\/NavSystems\"],\"legalName\":\"NavSystems O\u00dc\",\"foundingDate\":\"2011-05-03\",\"numberOfEmployees\":{\"@type\":\"QuantitativeValue\",\"minValue\":\"1\",\"maxValue\":\"10\"}}]}<\/script>\n<meta property=\"product:price:amount\" content=\"595.00\" \/>\n<meta property=\"product:price:currency\" content=\"EUR\" \/>\n<meta property=\"og:availability\" content=\"instock\" \/>\n<meta property=\"product:availability\" content=\"instock\" \/>\n<meta property=\"product:retailer_item_id\" content=\"A12005\" \/>\n<meta property=\"product:condition\" content=\"new\" \/>\n<!-- \/ Yoast SEO Premium plugin. -->","yoast_head_json":{"title":"Pinnipiloot: Usaldusv\u00e4\u00e4rne autopiloot purjepaatidele - NavSystems","description":"Raymarine Tiller Pilot on parim valik jahtidele, tagades usaldusv\u00e4\u00e4rsuse ja mugavuse. Avasta ST2000+ Pinnipiloot ja naudi muretut purjetamist!","robots":{"index":"index","follow":"follow","max-snippet":"max-snippet:-1","max-image-preview":"max-image-preview:large","max-video-preview":"max-video-preview:-1"},"canonical":"https:\/\/raymarine.ee\/en\/product\/st2000-plus-pinnipiloot\/","og_locale":"en_GB","og_type":"article","og_title":"pinnipiloot ST2000 Plus purjepaatidele jahtidele Pinnipiloot","og_description":"Tutvu ST2000 Plus pinnipiloogiga, mis pakub erakordset t\u00f6\u00f6kindlust ja mugavust. Telli praegu ja naudi sujuvat purjetamist!","og_url":"https:\/\/raymarine.ee\/en\/product\/st2000-plus-pinnipiloot\/","og_site_name":"NavSystems","article_publisher":"https:\/\/www.facebook.com\/NavSystems","article_modified_time":"2026-04-12T12:25:03+00:00","og_image":[{"width":600,"height":600,"url":"https:\/\/raymarine.ee\/wp-content\/uploads\/2025\/01\/ST1000-Plus.jpg","type":"image\/jpeg"}],"twitter_card":"summary_large_image","twitter_title":"ST2000 Plus pinnipiloot","twitter_misc":{"Price":"595,00&nbsp;&euro;","Availability":"In stock"},"schema":{"@context":"https:\/\/schema.org","@graph":[{"@type":"WebPage","@id":"https:\/\/raymarine.ee\/product\/st2000-plus-pinnipiloot\/","url":"https:\/\/raymarine.ee\/product\/st2000-plus-pinnipiloot\/","name":"Pinnipiloot: Usaldusv\u00e4\u00e4rne autopiloot purjepaatidele - NavSystems","isPartOf":{"@id":"https:\/\/raymarine.ee\/#website"},"primaryImageOfPage":{"@id":"https:\/\/raymarine.ee\/product\/st2000-plus-pinnipiloot\/#primaryimage"},"image":{"@id":"https:\/\/raymarine.ee\/product\/st2000-plus-pinnipiloot\/#primaryimage"},"thumbnailUrl":"https:\/\/raymarine.ee\/wp-content\/uploads\/2025\/01\/ST1000-Plus.jpg","datePublished":"2025-01-14T16:54:31+00:00","dateModified":"2026-04-12T12:25:03+00:00","description":"Raymarine Tiller Pilot on parim valik jahtidele, tagades usaldusv\u00e4\u00e4rsuse ja mugavuse. Avasta ST2000+ Pinnipiloot ja naudi muretut purjetamist!","breadcrumb":{"@id":"https:\/\/raymarine.ee\/product\/st2000-plus-pinnipiloot\/#breadcrumb"},"inLanguage":"en-GB","potentialAction":[{"@type":"ReadAction","target":["https:\/\/raymarine.ee\/product\/st2000-plus-pinnipiloot\/"]}]},{"@type":"ImageObject","inLanguage":"en-GB","@id":"https:\/\/raymarine.ee\/product\/st2000-plus-pinnipiloot\/#primaryimage","url":"https:\/\/raymarine.ee\/wp-content\/uploads\/2025\/01\/ST1000-Plus.jpg","contentUrl":"https:\/\/raymarine.ee\/wp-content\/uploads\/2025\/01\/ST1000-Plus.jpg","width":600,"height":600,"caption":"ST1000 Plus ST2000 Plus"},{"@type":"BreadcrumbList","@id":"https:\/\/raymarine.ee\/product\/st2000-plus-pinnipiloot\/#breadcrumb","itemListElement":[{"@type":"ListItem","position":1,"name":"Home","item":"https:\/\/raymarine.ee\/"},{"@type":"ListItem","position":2,"name":"Tooted","item":"https:\/\/raymarine.ee\/shop\/"},{"@type":"ListItem","position":3,"name":"ST2000 Plus pinnipiloot"}]},{"@type":"WebSite","@id":"https:\/\/raymarine.ee\/#website","url":"https:\/\/raymarine.ee\/","name":"www.raymarine.ee","description":"Mereelektroonika, kaardiplotter, autopiloot, pinnipiloot, roolipiloot, radar, AIS, VHF, Smart Wind","publisher":{"@id":"https:\/\/raymarine.ee\/#organization"},"alternateName":"Raymarine","potentialAction":[{"@type":"SearchAction","target":{"@type":"EntryPoint","urlTemplate":"https:\/\/raymarine.ee\/?s={search_term_string}"},"query-input":{"@type":"PropertyValueSpecification","valueRequired":true,"valueName":"search_term_string"}}],"inLanguage":"en-GB"},{"@type":"Organization","@id":"https:\/\/raymarine.ee\/#organization","name":"NavSystems O\u00dc","url":"https:\/\/raymarine.ee\/","logo":{"@type":"ImageObject","inLanguage":"en-GB","@id":"https:\/\/raymarine.ee\/#\/schema\/logo\/image\/","url":"https:\/\/raymarine.ee\/wp-content\/uploads\/2024\/10\/Screenshot-2024-10-15-151324_bg_removed.webp","contentUrl":"https:\/\/raymarine.ee\/wp-content\/uploads\/2024\/10\/Screenshot-2024-10-15-151324_bg_removed.webp","width":420,"height":276,"caption":"NavSystems O\u00dc"},"image":{"@id":"https:\/\/raymarine.ee\/#\/schema\/logo\/image\/"},"sameAs":["https:\/\/www.facebook.com\/NavSystems"],"legalName":"NavSystems O\u00dc","foundingDate":"2011-05-03","numberOfEmployees":{"@type":"QuantitativeValue","minValue":"1","maxValue":"10"}}]},"product_price_amount":"595.00","product_price_currency":"EUR","og_availability":"instock","product_availability":"instock","product_retailer_item_id":"A12005","product_condition":"new"},"jetpack_sharing_enabled":true,"_links":{"self":[{"href":"https:\/\/raymarine.ee\/en\/wp-json\/wp\/v2\/product\/6421","targetHints":{"allow":["GET"]}}],"collection":[{"href":"https:\/\/raymarine.ee\/en\/wp-json\/wp\/v2\/product"}],"about":[{"href":"https:\/\/raymarine.ee\/en\/wp-json\/wp\/v2\/types\/product"}],"wp:featuredmedia":[{"embeddable":true,"href":"https:\/\/raymarine.ee\/en\/wp-json\/wp\/v2\/media\/9324"}],"wp:attachment":[{"href":"https:\/\/raymarine.ee\/en\/wp-json\/wp\/v2\/media?parent=6421"}],"wp:term":[{"taxonomy":"product_brand","embeddable":true,"href":"https:\/\/raymarine.ee\/en\/wp-json\/wp\/v2\/product_brand?post=6421"},{"taxonomy":"product_cat","embeddable":true,"href":"https:\/\/raymarine.ee\/en\/wp-json\/wp\/v2\/product_cat?post=6421"},{"taxonomy":"product_tag","embeddable":true,"href":"https:\/\/raymarine.ee\/en\/wp-json\/wp\/v2\/product_tag?post=6421"}],"curies":[{"name":"wp","href":"https:\/\/api.w.org\/{rel}","templated":true}]}}