{"id":6422,"date":"2025-01-14T16:57:57","date_gmt":"2025-01-14T16:57:57","guid":{"rendered":"https:\/\/raymarine.ee\/?post_type=product&#038;p=6422"},"modified":"2026-04-12T15:29:20","modified_gmt":"2026-04-12T12:29:20","slug":"ev-100-roolipiloot-purjepaadile-p70s-ilma-kontrollerita","status":"publish","type":"product","link":"https:\/\/raymarine.ee\/en\/product\/ev-100-roolipiloot-purjepaadile-p70s-ilma-kontrollerita\/","title":{"rendered":"EV-100 Roolipiloot purjepaadile (ilma p70s kontrollerita)"},"content":{"rendered":"<p data-start=\"34\" data-end=\"126\"><strong data-start=\"34\" data-end=\"126\">Raymarine EV-100 Wheel Pilot \u2013 t\u00e4ielik autopiloodis\u00fcsteem rooliga juhitavatele jahtidele<\/strong><\/p>\n<p data-start=\"128\" data-end=\"496\">Raymarine EV-100 Wheel Pilot s\u00fcsteem on ideaalne valik v\u00e4iksematele purje- ja mootorpaatidele, pakkudes k\u00f5rgetasemelist Evolution autopilooditehnoloogiat kompaktses ja lihtsasti paigaldatavas lahenduses. S\u00fcsteem sisaldab EV1 andurituuma, ACU-100 juht\u00fcksust, rattaajamit ja SeaTalkng kaablite komplekti \u2013 k\u00f5ik, mida vajad professionaalseks automaatseks kursihoidmiseks.<\/p>\n<p data-start=\"498\" data-end=\"747\"><strong data-start=\"498\" data-end=\"517\">EV1 Sensor Core<\/strong><br data-start=\"517\" data-end=\"520\" \/>EV1 andurituum on loodud Evolution autopiloodis\u00fcsteemidele (mehaanilistele ja h\u00fcdraulilistele). See kasutab 9-teljelist liikumisandurit ja kursiarvutit, tuvastades t\u00e4pselt kursimuutusi ning optimeerides autopiloodi reaktsiooni.<\/p>\n<p data-start=\"749\" data-end=\"1027\"><strong data-start=\"749\" data-end=\"784\">ACU-100 (Actuator Control Unit)<\/strong><br data-start=\"784\" data-end=\"787\" \/>ACU-100 on Evolution autopilootide s\u00fcdameks v\u00e4iksemates paatides. See on t\u00e4ielikult tihendatud ja v\u00f5imaldab paigaldust ka teki peale, kus ruumi napib. \u00dchendub EV1 kursiarvuti ja rattaajamiga, pakkudes v\u00f5imast ja t\u00f6\u00f6kindlat juhtimissignaali.<\/p>\n<p data-start=\"1029\" data-end=\"1207\"><strong data-start=\"1029\" data-end=\"1044\">Wheel Drive<\/strong><br data-start=\"1044\" data-end=\"1047\" \/>Rattaajam on t\u00e4ielikult suletud ja sobib enamikule rooliratastele. Lihtne siduri mehhanism v\u00f5imaldab kiiret \u00fchendust ja lahti\u00fchendust, tagades sujuva juhtimise.<\/p>\n<p data-start=\"1209\" data-end=\"1231\"><strong data-start=\"1209\" data-end=\"1231\">Tehnilised andmed:<\/strong><\/p>\n<ul data-start=\"1232\" data-end=\"1403\">\n<li data-start=\"1232\" data-end=\"1291\">\n<p data-start=\"1234\" data-end=\"1291\">Maks. soovituslik koormatud paadi deplacement: 7,500 kg<\/p>\n<\/li>\n<li data-start=\"1292\" data-end=\"1321\">\n<p data-start=\"1294\" data-end=\"1321\">P\u00f6\u00f6rdeid minutis (rpm): 9<\/p>\n<\/li>\n<li data-start=\"1322\" data-end=\"1345\">\n<p data-start=\"1324\" data-end=\"1345\">P\u00f6\u00f6rdemoment: 30 Nm<\/p>\n<\/li>\n<li data-start=\"1346\" data-end=\"1403\">\n<p data-start=\"1348\" data-end=\"1403\">\u00dchendused: 1 x SeaTalkng, NMEA2000 adapterkaabli abil<\/p>\n<\/li>\n<\/ul>\n<p data-start=\"1405\" data-end=\"1465\"><strong data-start=\"1405\" data-end=\"1465\">SeaTalkng Evolution kaablite komplekt (R70160) sisaldab:<\/strong><\/p>\n<ul data-start=\"1466\" data-end=\"1675\">\n<li data-start=\"1466\" data-end=\"1503\">\n<p data-start=\"1468\" data-end=\"1503\">1 x SeaTalkng toitekaabel (0,4 m)<\/p>\n<\/li>\n<li data-start=\"1504\" data-end=\"1538\">\n<p data-start=\"1506\" data-end=\"1538\">1 x SeaTalkng p\u00f5hikaabel (5 m)<\/p>\n<\/li>\n<li data-start=\"1539\" data-end=\"1575\">\n<p data-start=\"1541\" data-end=\"1575\">1 x SeaTalkng harukaabel (0,4 m)<\/p>\n<\/li>\n<li data-start=\"1576\" data-end=\"1617\">\n<p data-start=\"1578\" data-end=\"1617\">1 x SeaTalkng 5-haruline \u00fchendusblokk<\/p>\n<\/li>\n<li data-start=\"1618\" data-end=\"1647\">\n<p data-start=\"1620\" data-end=\"1647\">2 x SeaTalkng T-liitmikku<\/p>\n<\/li>\n<li data-start=\"1648\" data-end=\"1675\">\n<p data-start=\"1650\" data-end=\"1675\">2 x SeaTalkng l\u00f5petajat<\/p>\n<\/li>\n<\/ul>\n<p data-start=\"1677\" data-end=\"1818\">Raymarine EV-100 Wheel Pilot on usaldusv\u00e4\u00e4rne ja nutikas valik iga v\u00e4iksema paadi kaptenile, kes soovib lihtsamat ja t\u00f5husamat navigeerimist.<\/p>\n<p><strong>Lae alla EV-100 roolipiloodi paigaldusjuhendid:<\/strong><\/p>\n<p>EV1 ja ACU\u00a0<a href=\"https:\/\/raymarine.ee\/wp-content\/uploads\/2026\/04\/Evolution-EV-1-and-ACU-Installation-instructions-87180-Rev-7-EN.pdf\" target=\"_blank\" rel=\"noopener\" data-wpel-link=\"internal\">paigaldusjuhend<\/a><\/p>\n<p>ST4000 pinniajami\u00a0<a href=\"https:\/\/raymarine.ee\/wp-content\/uploads\/2026\/04\/Tiller-Drive-Q047-Installation-instructions-87279-3-EN.pdf\" target=\"_blank\" rel=\"noopener\" data-wpel-link=\"internal\">paigaldusjuhend<\/a><\/p>\n<p>p70s ja p70Rs\u00a0<a href=\"https:\/\/raymarine.ee\/wp-content\/uploads\/2026\/04\/p70s-p70Rs-Pilot-Controller-Installation-instructions-87424-Rev-3-EN.pdf\" target=\"_blank\" rel=\"noopener\" data-wpel-link=\"internal\">paigaldusjuhend<\/a><\/p>\n<p>Roolinurga anduri\u00a0<a href=\"https:\/\/raymarine.ee\/wp-content\/uploads\/2026\/04\/Rudder-Angle-Sensor-M81105-Installation-instructions-87012-3-EN.pdf\" target=\"_blank\" rel=\"noopener\" data-wpel-link=\"internal\">paigaldusjuhend<\/a><\/p>\n<p>p70 ja p70Rs kaudu Evolution piloodi\u00a0<a href=\"https:\/\/raymarine.ee\/wp-content\/uploads\/2026\/04\/p70-p70s-p70R-p70Rs-Pilot-Controller-Commissioning-Operation-instructions-81402-Rev-6-EN.pdf\" target=\"_blank\" rel=\"noopener\" data-wpel-link=\"internal\">seadistamis- ja kasutamisjuhend<\/a><\/p>\n<p><strong>Lisad:<\/strong><\/p>\n<p>Soovitame lisada ka roolinurga andur\u00a0<a href=\"https:\/\/raymarine.ee\/en\/product\/raymarine-roolinurga-andur\/\" data-wpel-link=\"internal\">M81105<\/a>.<\/p>\n<p><a title=\"Find out more about the Evolution autopilot\" href=\"https:\/\/www.raymarine.com\/en-gb\/our-products\/boat-autopilots\/autopilot-packs\" target=\"_blank\" rel=\"noopener nofollow external noreferrer\" data-wpel-link=\"external\">Find out more about the Evolution autopilot<\/a><\/p>","protected":false},"excerpt":{"rendered":"<p>EV-100 roolipilooti saab kasutada purjepaatides mida juhitakse roolirattaga. Roolipiloot on m\u00f5eldud huvilaevadele mille kogukaal ei \u00fcleta 7500 kg. Soovituslik on j\u00e4tta v\u00e4hemalt 20% varu. Piloot koosneb spetsiaalselt purjepaadi rooliratta jaoks disainitud ajamist ST4000 MK II, uuest \u00fcheksateljelisest sensorist EV-1 ja ACU-100 aktuaatori juhtimisseadmest. <strong>Sellel komplektil p70s kontroller puudub.<\/strong> Tutvu kindlasti ka selle komplekti juhenditega ja k\u00fcsimuste korral pea n\u00f5u meie spetsialistiga.<\/p>","protected":false},"featured_media":9294,"template":"","meta":{"_acf_changed":false},"product_brand":[134],"product_cat":[52,343,103,65],"product_tag":[],"class_list":{"0":"post-6422","1":"product","2":"type-product","3":"status-publish","4":"has-post-thumbnail","6":"product_brand-raymarine","7":"product_cat-autopiloot-autopiloodid","8":"product_cat-kampaaniad","9":"product_cat-raymarine","10":"product_cat-roolipiloodid","12":"first","13":"instock","14":"sale","15":"taxable","16":"shipping-taxable","17":"purchasable","18":"product-type-simple"},"acf":[],"yoast_head":"<!-- This site is optimized with the Yoast SEO Premium plugin v27.5 (Yoast SEO v27.5) - https:\/\/yoast.com\/product\/yoast-seo-premium-wordpress\/ -->\n<title>Roolipiloot ilma p70s kontrollerita \u2013 Lihtne paigaldada ja kasutada. - NavSystems<\/title>\n<meta name=\"description\" content=\"Raymarine EV-100 Wheel Pilot pakub parimat autopilooditehnoloogiat, ideaalne valik v\u00e4iksematele purjepaatidele. NB! Ilma p70s nuppude paneelita.\" \/>\n<meta name=\"robots\" content=\"index, follow, max-snippet:-1, max-image-preview:large, max-video-preview:-1\" \/>\n<link rel=\"canonical\" href=\"https:\/\/raymarine.ee\/en\/product\/ev-100-roolipiloot-purjepaadile-p70s-ilma-kontrollerita\/\" \/>\n<meta property=\"og:locale\" content=\"en_GB\" \/>\n<meta property=\"og:type\" content=\"article\" \/>\n<meta property=\"og:title\" content=\"EV-100 Roolipiloot purjepaadile (ilma p70s kontrollerita)\" \/>\n<meta property=\"og:description\" content=\"Raymarine EV-100 Wheel Pilot pakub parimat autopilooditehnoloogiat, ideaalne valik v\u00e4iksematele purjepaatidele. NB! Ilma p70s nuppude paneelita.\" \/>\n<meta property=\"og:url\" content=\"https:\/\/raymarine.ee\/en\/product\/ev-100-roolipiloot-purjepaadile-p70s-ilma-kontrollerita\/\" \/>\n<meta property=\"og:site_name\" content=\"NavSystems\" \/>\n<meta property=\"article:publisher\" content=\"https:\/\/www.facebook.com\/NavSystems\" \/>\n<meta property=\"article:modified_time\" content=\"2026-04-12T12:29:20+00:00\" \/>\n<meta property=\"og:image\" content=\"https:\/\/raymarine.ee\/wp-content\/uploads\/2025\/01\/82630fa9-06e5-43d2-a2b3-15c721edb5d4.png\" \/>\n\t<meta property=\"og:image:width\" content=\"2000\" \/>\n\t<meta property=\"og:image:height\" content=\"2000\" \/>\n\t<meta property=\"og:image:type\" content=\"image\/png\" \/>\n<meta name=\"twitter:card\" content=\"summary_large_image\" \/>\n<meta name=\"twitter:label1\" content=\"Price\" \/>\n\t<meta name=\"twitter:data1\" content=\"1 695,00&nbsp;&euro;\" \/>\n\t<meta name=\"twitter:label2\" content=\"Availability\" \/>\n\t<meta name=\"twitter:data2\" content=\"In stock\" \/>\n<script type=\"application\/ld+json\" class=\"yoast-schema-graph\">{\"@context\":\"https:\\\/\\\/schema.org\",\"@graph\":[{\"@type\":\"WebPage\",\"@id\":\"https:\\\/\\\/raymarine.ee\\\/product\\\/ev-100-roolipiloot-purjepaadile-p70s-ilma-kontrollerita\\\/\",\"url\":\"https:\\\/\\\/raymarine.ee\\\/product\\\/ev-100-roolipiloot-purjepaadile-p70s-ilma-kontrollerita\\\/\",\"name\":\"Roolipiloot ilma p70s kontrollerita \u2013 Lihtne paigaldada ja kasutada. - NavSystems\",\"isPartOf\":{\"@id\":\"https:\\\/\\\/raymarine.ee\\\/#website\"},\"primaryImageOfPage\":{\"@id\":\"https:\\\/\\\/raymarine.ee\\\/product\\\/ev-100-roolipiloot-purjepaadile-p70s-ilma-kontrollerita\\\/#primaryimage\"},\"image\":{\"@id\":\"https:\\\/\\\/raymarine.ee\\\/product\\\/ev-100-roolipiloot-purjepaadile-p70s-ilma-kontrollerita\\\/#primaryimage\"},\"thumbnailUrl\":\"https:\\\/\\\/raymarine.ee\\\/wp-content\\\/uploads\\\/2025\\\/01\\\/82630fa9-06e5-43d2-a2b3-15c721edb5d4.png\",\"datePublished\":\"2025-01-14T16:57:57+00:00\",\"dateModified\":\"2026-04-12T12:29:20+00:00\",\"description\":\"Raymarine EV-100 Wheel Pilot pakub parimat autopilooditehnoloogiat, ideaalne valik v\u00e4iksematele purjepaatidele. NB! Ilma p70s nuppude paneelita.\",\"breadcrumb\":{\"@id\":\"https:\\\/\\\/raymarine.ee\\\/product\\\/ev-100-roolipiloot-purjepaadile-p70s-ilma-kontrollerita\\\/#breadcrumb\"},\"inLanguage\":\"en-GB\",\"potentialAction\":[{\"@type\":\"ReadAction\",\"target\":[\"https:\\\/\\\/raymarine.ee\\\/product\\\/ev-100-roolipiloot-purjepaadile-p70s-ilma-kontrollerita\\\/\"]}]},{\"@type\":\"ImageObject\",\"inLanguage\":\"en-GB\",\"@id\":\"https:\\\/\\\/raymarine.ee\\\/product\\\/ev-100-roolipiloot-purjepaadile-p70s-ilma-kontrollerita\\\/#primaryimage\",\"url\":\"https:\\\/\\\/raymarine.ee\\\/wp-content\\\/uploads\\\/2025\\\/01\\\/82630fa9-06e5-43d2-a2b3-15c721edb5d4.png\",\"contentUrl\":\"https:\\\/\\\/raymarine.ee\\\/wp-content\\\/uploads\\\/2025\\\/01\\\/82630fa9-06e5-43d2-a2b3-15c721edb5d4.png\",\"width\":2000,\"height\":2000,\"caption\":\"ev-100-roolipiloot-kontrollerita\"},{\"@type\":\"BreadcrumbList\",\"@id\":\"https:\\\/\\\/raymarine.ee\\\/product\\\/ev-100-roolipiloot-purjepaadile-p70s-ilma-kontrollerita\\\/#breadcrumb\",\"itemListElement\":[{\"@type\":\"ListItem\",\"position\":1,\"name\":\"Home\",\"item\":\"https:\\\/\\\/raymarine.ee\\\/\"},{\"@type\":\"ListItem\",\"position\":2,\"name\":\"Tooted\",\"item\":\"https:\\\/\\\/raymarine.ee\\\/shop\\\/\"},{\"@type\":\"ListItem\",\"position\":3,\"name\":\"EV-100 Roolipiloot purjepaadile (ilma p70s kontrollerita)\"}]},{\"@type\":\"WebSite\",\"@id\":\"https:\\\/\\\/raymarine.ee\\\/#website\",\"url\":\"https:\\\/\\\/raymarine.ee\\\/\",\"name\":\"www.raymarine.ee\",\"description\":\"Mereelektroonika, kaardiplotter, autopiloot, pinnipiloot, roolipiloot, radar, AIS, VHF, Smart Wind\",\"publisher\":{\"@id\":\"https:\\\/\\\/raymarine.ee\\\/#organization\"},\"alternateName\":\"Raymarine\",\"potentialAction\":[{\"@type\":\"SearchAction\",\"target\":{\"@type\":\"EntryPoint\",\"urlTemplate\":\"https:\\\/\\\/raymarine.ee\\\/?s={search_term_string}\"},\"query-input\":{\"@type\":\"PropertyValueSpecification\",\"valueRequired\":true,\"valueName\":\"search_term_string\"}}],\"inLanguage\":\"en-GB\"},{\"@type\":\"Organization\",\"@id\":\"https:\\\/\\\/raymarine.ee\\\/#organization\",\"name\":\"NavSystems O\u00dc\",\"url\":\"https:\\\/\\\/raymarine.ee\\\/\",\"logo\":{\"@type\":\"ImageObject\",\"inLanguage\":\"en-GB\",\"@id\":\"https:\\\/\\\/raymarine.ee\\\/#\\\/schema\\\/logo\\\/image\\\/\",\"url\":\"https:\\\/\\\/raymarine.ee\\\/wp-content\\\/uploads\\\/2024\\\/10\\\/Screenshot-2024-10-15-151324_bg_removed.webp\",\"contentUrl\":\"https:\\\/\\\/raymarine.ee\\\/wp-content\\\/uploads\\\/2024\\\/10\\\/Screenshot-2024-10-15-151324_bg_removed.webp\",\"width\":420,\"height\":276,\"caption\":\"NavSystems O\u00dc\"},\"image\":{\"@id\":\"https:\\\/\\\/raymarine.ee\\\/#\\\/schema\\\/logo\\\/image\\\/\"},\"sameAs\":[\"https:\\\/\\\/www.facebook.com\\\/NavSystems\"],\"legalName\":\"NavSystems O\u00dc\",\"foundingDate\":\"2011-05-03\",\"numberOfEmployees\":{\"@type\":\"QuantitativeValue\",\"minValue\":\"1\",\"maxValue\":\"10\"}}]}<\/script>\n<meta property=\"product:price:amount\" content=\"1695.00\" \/>\n<meta property=\"product:price:currency\" content=\"EUR\" \/>\n<meta property=\"og:availability\" content=\"instock\" \/>\n<meta property=\"product:availability\" content=\"instock\" \/>\n<meta property=\"product:retailer_item_id\" content=\"T70248\" \/>\n<meta property=\"product:condition\" content=\"new\" \/>\n<!-- \/ Yoast SEO Premium plugin. -->","yoast_head_json":{"title":"Roolipiloot ilma p70s kontrollerita \u2013 Lihtne paigaldada ja kasutada. - NavSystems","description":"Raymarine EV-100 Wheel Pilot pakub parimat autopilooditehnoloogiat, ideaalne valik v\u00e4iksematele purjepaatidele. NB! Ilma p70s nuppude paneelita.","robots":{"index":"index","follow":"follow","max-snippet":"max-snippet:-1","max-image-preview":"max-image-preview:large","max-video-preview":"max-video-preview:-1"},"canonical":"https:\/\/raymarine.ee\/en\/product\/ev-100-roolipiloot-purjepaadile-p70s-ilma-kontrollerita\/","og_locale":"en_GB","og_type":"article","og_title":"EV-100 Roolipiloot purjepaadile (ilma p70s kontrollerita)","og_description":"Raymarine EV-100 Wheel Pilot pakub parimat autopilooditehnoloogiat, ideaalne valik v\u00e4iksematele purjepaatidele. NB! Ilma p70s nuppude paneelita.","og_url":"https:\/\/raymarine.ee\/en\/product\/ev-100-roolipiloot-purjepaadile-p70s-ilma-kontrollerita\/","og_site_name":"NavSystems","article_publisher":"https:\/\/www.facebook.com\/NavSystems","article_modified_time":"2026-04-12T12:29:20+00:00","og_image":[{"width":2000,"height":2000,"url":"https:\/\/raymarine.ee\/wp-content\/uploads\/2025\/01\/82630fa9-06e5-43d2-a2b3-15c721edb5d4.png","type":"image\/png"}],"twitter_card":"summary_large_image","twitter_misc":{"Price":"1 695,00&nbsp;&euro;","Availability":"In stock"},"schema":{"@context":"https:\/\/schema.org","@graph":[{"@type":"WebPage","@id":"https:\/\/raymarine.ee\/product\/ev-100-roolipiloot-purjepaadile-p70s-ilma-kontrollerita\/","url":"https:\/\/raymarine.ee\/product\/ev-100-roolipiloot-purjepaadile-p70s-ilma-kontrollerita\/","name":"Roolipiloot ilma p70s kontrollerita \u2013 Lihtne paigaldada ja kasutada. - NavSystems","isPartOf":{"@id":"https:\/\/raymarine.ee\/#website"},"primaryImageOfPage":{"@id":"https:\/\/raymarine.ee\/product\/ev-100-roolipiloot-purjepaadile-p70s-ilma-kontrollerita\/#primaryimage"},"image":{"@id":"https:\/\/raymarine.ee\/product\/ev-100-roolipiloot-purjepaadile-p70s-ilma-kontrollerita\/#primaryimage"},"thumbnailUrl":"https:\/\/raymarine.ee\/wp-content\/uploads\/2025\/01\/82630fa9-06e5-43d2-a2b3-15c721edb5d4.png","datePublished":"2025-01-14T16:57:57+00:00","dateModified":"2026-04-12T12:29:20+00:00","description":"Raymarine EV-100 Wheel Pilot pakub parimat autopilooditehnoloogiat, ideaalne valik v\u00e4iksematele purjepaatidele. NB! Ilma p70s nuppude paneelita.","breadcrumb":{"@id":"https:\/\/raymarine.ee\/product\/ev-100-roolipiloot-purjepaadile-p70s-ilma-kontrollerita\/#breadcrumb"},"inLanguage":"en-GB","potentialAction":[{"@type":"ReadAction","target":["https:\/\/raymarine.ee\/product\/ev-100-roolipiloot-purjepaadile-p70s-ilma-kontrollerita\/"]}]},{"@type":"ImageObject","inLanguage":"en-GB","@id":"https:\/\/raymarine.ee\/product\/ev-100-roolipiloot-purjepaadile-p70s-ilma-kontrollerita\/#primaryimage","url":"https:\/\/raymarine.ee\/wp-content\/uploads\/2025\/01\/82630fa9-06e5-43d2-a2b3-15c721edb5d4.png","contentUrl":"https:\/\/raymarine.ee\/wp-content\/uploads\/2025\/01\/82630fa9-06e5-43d2-a2b3-15c721edb5d4.png","width":2000,"height":2000,"caption":"ev-100-roolipiloot-kontrollerita"},{"@type":"BreadcrumbList","@id":"https:\/\/raymarine.ee\/product\/ev-100-roolipiloot-purjepaadile-p70s-ilma-kontrollerita\/#breadcrumb","itemListElement":[{"@type":"ListItem","position":1,"name":"Home","item":"https:\/\/raymarine.ee\/"},{"@type":"ListItem","position":2,"name":"Tooted","item":"https:\/\/raymarine.ee\/shop\/"},{"@type":"ListItem","position":3,"name":"EV-100 Roolipiloot purjepaadile (ilma p70s kontrollerita)"}]},{"@type":"WebSite","@id":"https:\/\/raymarine.ee\/#website","url":"https:\/\/raymarine.ee\/","name":"www.raymarine.ee","description":"Mereelektroonika, kaardiplotter, autopiloot, pinnipiloot, roolipiloot, radar, AIS, VHF, Smart Wind","publisher":{"@id":"https:\/\/raymarine.ee\/#organization"},"alternateName":"Raymarine","potentialAction":[{"@type":"SearchAction","target":{"@type":"EntryPoint","urlTemplate":"https:\/\/raymarine.ee\/?s={search_term_string}"},"query-input":{"@type":"PropertyValueSpecification","valueRequired":true,"valueName":"search_term_string"}}],"inLanguage":"en-GB"},{"@type":"Organization","@id":"https:\/\/raymarine.ee\/#organization","name":"NavSystems O\u00dc","url":"https:\/\/raymarine.ee\/","logo":{"@type":"ImageObject","inLanguage":"en-GB","@id":"https:\/\/raymarine.ee\/#\/schema\/logo\/image\/","url":"https:\/\/raymarine.ee\/wp-content\/uploads\/2024\/10\/Screenshot-2024-10-15-151324_bg_removed.webp","contentUrl":"https:\/\/raymarine.ee\/wp-content\/uploads\/2024\/10\/Screenshot-2024-10-15-151324_bg_removed.webp","width":420,"height":276,"caption":"NavSystems O\u00dc"},"image":{"@id":"https:\/\/raymarine.ee\/#\/schema\/logo\/image\/"},"sameAs":["https:\/\/www.facebook.com\/NavSystems"],"legalName":"NavSystems O\u00dc","foundingDate":"2011-05-03","numberOfEmployees":{"@type":"QuantitativeValue","minValue":"1","maxValue":"10"}}]},"product_price_amount":"1695.00","product_price_currency":"EUR","og_availability":"instock","product_availability":"instock","product_retailer_item_id":"T70248","product_condition":"new"},"jetpack_sharing_enabled":true,"_links":{"self":[{"href":"https:\/\/raymarine.ee\/en\/wp-json\/wp\/v2\/product\/6422","targetHints":{"allow":["GET"]}}],"collection":[{"href":"https:\/\/raymarine.ee\/en\/wp-json\/wp\/v2\/product"}],"about":[{"href":"https:\/\/raymarine.ee\/en\/wp-json\/wp\/v2\/types\/product"}],"wp:featuredmedia":[{"embeddable":true,"href":"https:\/\/raymarine.ee\/en\/wp-json\/wp\/v2\/media\/9294"}],"wp:attachment":[{"href":"https:\/\/raymarine.ee\/en\/wp-json\/wp\/v2\/media?parent=6422"}],"wp:term":[{"taxonomy":"product_brand","embeddable":true,"href":"https:\/\/raymarine.ee\/en\/wp-json\/wp\/v2\/product_brand?post=6422"},{"taxonomy":"product_cat","embeddable":true,"href":"https:\/\/raymarine.ee\/en\/wp-json\/wp\/v2\/product_cat?post=6422"},{"taxonomy":"product_tag","embeddable":true,"href":"https:\/\/raymarine.ee\/en\/wp-json\/wp\/v2\/product_tag?post=6422"}],"curies":[{"name":"wp","href":"https:\/\/api.w.org\/{rel}","templated":true}]}}