{"id":6424,"date":"2025-01-14T16:43:12","date_gmt":"2025-01-14T16:43:12","guid":{"rendered":"https:\/\/raymarine.ee\/?post_type=product&#038;p=6424"},"modified":"2026-04-06T20:05:33","modified_gmt":"2026-04-06T17:05:33","slug":"raymarine-type-1-rotary-drive-12v","status":"publish","type":"product","link":"https:\/\/raymarine.ee\/en\/product\/raymarine-type-1-rotary-drive-12v\/","title":{"rendered":"Raymarine Type 1 Rotary Drive 12V"},"content":{"rendered":"<p data-start=\"34\" data-end=\"86\"><strong data-start=\"34\" data-end=\"86\">Raymarine Rotary Drive &#8211; Roolimiss\u00fcsteemide ajam<\/strong><\/p>\n<p data-start=\"88\" data-end=\"352\">Raymarine Rotary Drive on loodud roolimiss\u00fcsteemidele, mida saab juhtida roolikohast l\u00e4bi keti ja hammasratta (n\u00e4iteks kaabli- ja vardat\u00fc\u00fcpi roolimiss\u00fcsteemid). Rotary Drive ajami silmapaistev disain tagab sujuva, v\u00f5imsa ja vaikse autopiloodiga juhitava roolimise.<\/p>\n<p data-start=\"354\" data-end=\"367\"><strong data-start=\"354\" data-end=\"367\">Omadused:<\/strong><\/p>\n<ul data-start=\"368\" data-end=\"536\">\n<li data-start=\"368\" data-end=\"462\">\n<p data-start=\"370\" data-end=\"462\">Tugev elektrimootor, mis ajab t\u00e4pset planetaarreduktorit l\u00e4bi k\u00f5rge tugevusega rihm\u00fclekande.<\/p>\n<\/li>\n<li data-start=\"463\" data-end=\"536\">\n<p data-start=\"465\" data-end=\"536\">Elektromagnetiline sidur, mis edastab suurt p\u00f6\u00f6rdemomenti libisemiseta.<\/p>\n<\/li>\n<\/ul>\n<p data-start=\"538\" data-end=\"560\"><strong data-start=\"538\" data-end=\"560\">Tehnilised andmed:<\/strong><\/p>\n<ul data-start=\"561\" data-end=\"785\">\n<li data-start=\"561\" data-end=\"625\">\n<p data-start=\"563\" data-end=\"625\">Maksimaalne lubatud aluse deplasseering: 10 000 kg (22 000 lb)<\/p>\n<\/li>\n<li data-start=\"626\" data-end=\"649\">\n<p data-start=\"628\" data-end=\"649\">Energiatarve: 24\u201348 W<\/p>\n<\/li>\n<li data-start=\"650\" data-end=\"705\">\n<p data-start=\"652\" data-end=\"705\">Soovitatav t\u00e4isp\u00f6\u00f6rdest t\u00e4isp\u00f6\u00f6rdeni aeg: 10 sekundit<\/p>\n<\/li>\n<li data-start=\"706\" data-end=\"739\">\n<p data-start=\"708\" data-end=\"739\">Tippetugevus: 20 Nm (180 lb.in)<\/p>\n<\/li>\n<li data-start=\"740\" data-end=\"785\">\n<p data-start=\"742\" data-end=\"785\">Maksimaalne v\u00f5lli p\u00f6\u00f6rlemiskiirus: 33 p\/min<\/p>\n<\/li>\n<\/ul>\n<p><strong>Juhendid:<\/strong><\/p>\n<p>Lae alla\u00a0<a href=\"https:\/\/raymarine.ee\/wp-content\/uploads\/2026\/04\/Rotary-Drive-Installation-instructions-81174-5-EN.pdf\" target=\"_blank\" rel=\"noopener\" data-wpel-link=\"internal\">Rotary Drive\u00a0paigaldusjuhend<\/a><\/p>","protected":false},"excerpt":{"rendered":"<p>Raymarine Rotary ajam on m\u00f5eldud purjepaatidele mille rooli\u00fclekanne on ketiga. V\u00f5lli peale paigaldatakse lisaks olemasolevale veel teine hammasratas ja teine kett. V\u00f5imaldab v\u00e4ga j\u00f5ulist ja vaikset juhtimist. Ajami sobivust Sinu paadile vaata paadi spetsifikatsioonist v\u00f5i pea n\u00f5u meie spetsialistiga. Kui asendad juba olemasolevat ajamit uuega siis on asi lihtsam, vaata vana ajami pealt t\u00fc\u00fcp ja t\u00f6\u00f6pinge v\u00f5i seerianumber. Hammasrattad ja kett ei kuulu komplekti. Tutvu kindlasti ka selle toote\u00a0juhenditega\u00a0ja k\u00fcsimuste korral pea n\u00f5u meie spetsialistiga.<\/p>","protected":false},"featured_media":9546,"template":"","meta":{"_acf_changed":false},"product_brand":[134],"product_cat":[66,52,103],"product_tag":[],"class_list":{"0":"post-6424","1":"product","2":"type-product","3":"status-publish","4":"has-post-thumbnail","6":"product_brand-raymarine","7":"product_cat-ajamid","8":"product_cat-autopiloot-autopiloodid","9":"product_cat-raymarine","11":"first","12":"onbackorder","13":"sale","14":"taxable","15":"shipping-taxable","16":"purchasable","17":"product-type-simple"},"acf":[],"yoast_head":"<!-- This site is optimized with the Yoast SEO Premium plugin v27.5 (Yoast SEO v27.5) - https:\/\/yoast.com\/product\/yoast-seo-premium-wordpress\/ -->\n<title>Raymarine Type 1 Rotary Drive 12V - NavSystems Mereelektroonika<\/title>\n<meta name=\"description\" content=\"Raymarine Rotary Drive ajam tagab sujuva ja v\u00f5imsa autopiloodiga roolimiss\u00fcsteemi t\u00f6\u00f6, sobides keti ja hammasratastega juhitavatele s\u00fcsteemidele.\" \/>\n<meta name=\"robots\" content=\"index, follow, max-snippet:-1, max-image-preview:large, max-video-preview:-1\" \/>\n<link rel=\"canonical\" href=\"https:\/\/raymarine.ee\/en\/product\/raymarine-type-1-rotary-drive-12v\/\" \/>\n<meta property=\"og:locale\" content=\"en_GB\" \/>\n<meta property=\"og:type\" content=\"article\" \/>\n<meta property=\"og:title\" content=\"Raymarine Type 1 Rotary Drive 12V\" \/>\n<meta property=\"og:description\" content=\"Raymarine Rotary Drive ajam tagab sujuva ja v\u00f5imsa autopiloodiga roolimiss\u00fcsteemi t\u00f6\u00f6, sobides keti ja hammasratastega juhitavatele s\u00fcsteemidele.\" \/>\n<meta property=\"og:url\" content=\"https:\/\/raymarine.ee\/en\/product\/raymarine-type-1-rotary-drive-12v\/\" \/>\n<meta property=\"og:site_name\" content=\"NavSystems\" \/>\n<meta property=\"article:publisher\" content=\"https:\/\/www.facebook.com\/NavSystems\" \/>\n<meta property=\"article:modified_time\" content=\"2026-04-06T17:05:33+00:00\" \/>\n<meta property=\"og:image\" content=\"https:\/\/raymarine.ee\/wp-content\/uploads\/2025\/01\/raymarine-mechanical-rotary-drive2.jpg\" \/>\n\t<meta property=\"og:image:width\" content=\"840\" \/>\n\t<meta property=\"og:image:height\" content=\"600\" \/>\n\t<meta property=\"og:image:type\" content=\"image\/jpeg\" \/>\n<meta name=\"twitter:card\" content=\"summary_large_image\" \/>\n<meta name=\"twitter:label1\" content=\"Price\" \/>\n\t<meta name=\"twitter:data1\" content=\"2 243,00&nbsp;&euro;\" \/>\n\t<meta name=\"twitter:label2\" content=\"Availability\" \/>\n\t<meta name=\"twitter:data2\" content=\"On back order\" \/>\n<script type=\"application\/ld+json\" class=\"yoast-schema-graph\">{\"@context\":\"https:\\\/\\\/schema.org\",\"@graph\":[{\"@type\":\"WebPage\",\"@id\":\"https:\\\/\\\/raymarine.ee\\\/product\\\/raymarine-type-1-rotary-drive-12v\\\/\",\"url\":\"https:\\\/\\\/raymarine.ee\\\/product\\\/raymarine-type-1-rotary-drive-12v\\\/\",\"name\":\"Raymarine Type 1 Rotary Drive 12V - NavSystems Mereelektroonika\",\"isPartOf\":{\"@id\":\"https:\\\/\\\/raymarine.ee\\\/#website\"},\"primaryImageOfPage\":{\"@id\":\"https:\\\/\\\/raymarine.ee\\\/product\\\/raymarine-type-1-rotary-drive-12v\\\/#primaryimage\"},\"image\":{\"@id\":\"https:\\\/\\\/raymarine.ee\\\/product\\\/raymarine-type-1-rotary-drive-12v\\\/#primaryimage\"},\"thumbnailUrl\":\"https:\\\/\\\/raymarine.ee\\\/wp-content\\\/uploads\\\/2025\\\/01\\\/raymarine-mechanical-rotary-drive2.jpg\",\"datePublished\":\"2025-01-14T16:43:12+00:00\",\"dateModified\":\"2026-04-06T17:05:33+00:00\",\"description\":\"Raymarine Rotary Drive ajam tagab sujuva ja v\u00f5imsa autopiloodiga roolimiss\u00fcsteemi t\u00f6\u00f6, sobides keti ja hammasratastega juhitavatele s\u00fcsteemidele.\",\"breadcrumb\":{\"@id\":\"https:\\\/\\\/raymarine.ee\\\/product\\\/raymarine-type-1-rotary-drive-12v\\\/#breadcrumb\"},\"inLanguage\":\"en-GB\",\"potentialAction\":[{\"@type\":\"ReadAction\",\"target\":[\"https:\\\/\\\/raymarine.ee\\\/product\\\/raymarine-type-1-rotary-drive-12v\\\/\"]}]},{\"@type\":\"ImageObject\",\"inLanguage\":\"en-GB\",\"@id\":\"https:\\\/\\\/raymarine.ee\\\/product\\\/raymarine-type-1-rotary-drive-12v\\\/#primaryimage\",\"url\":\"https:\\\/\\\/raymarine.ee\\\/wp-content\\\/uploads\\\/2025\\\/01\\\/raymarine-mechanical-rotary-drive2.jpg\",\"contentUrl\":\"https:\\\/\\\/raymarine.ee\\\/wp-content\\\/uploads\\\/2025\\\/01\\\/raymarine-mechanical-rotary-drive2.jpg\",\"width\":840,\"height\":600},{\"@type\":\"BreadcrumbList\",\"@id\":\"https:\\\/\\\/raymarine.ee\\\/product\\\/raymarine-type-1-rotary-drive-12v\\\/#breadcrumb\",\"itemListElement\":[{\"@type\":\"ListItem\",\"position\":1,\"name\":\"Home\",\"item\":\"https:\\\/\\\/raymarine.ee\\\/\"},{\"@type\":\"ListItem\",\"position\":2,\"name\":\"Tooted\",\"item\":\"https:\\\/\\\/raymarine.ee\\\/shop\\\/\"},{\"@type\":\"ListItem\",\"position\":3,\"name\":\"Raymarine Type 1 Rotary Drive 12V\"}]},{\"@type\":\"WebSite\",\"@id\":\"https:\\\/\\\/raymarine.ee\\\/#website\",\"url\":\"https:\\\/\\\/raymarine.ee\\\/\",\"name\":\"www.raymarine.ee\",\"description\":\"Mereelektroonika, kaardiplotter, autopiloot, pinnipiloot, roolipiloot, radar, AIS, VHF, Smart Wind\",\"publisher\":{\"@id\":\"https:\\\/\\\/raymarine.ee\\\/#organization\"},\"alternateName\":\"Raymarine\",\"potentialAction\":[{\"@type\":\"SearchAction\",\"target\":{\"@type\":\"EntryPoint\",\"urlTemplate\":\"https:\\\/\\\/raymarine.ee\\\/?s={search_term_string}\"},\"query-input\":{\"@type\":\"PropertyValueSpecification\",\"valueRequired\":true,\"valueName\":\"search_term_string\"}}],\"inLanguage\":\"en-GB\"},{\"@type\":\"Organization\",\"@id\":\"https:\\\/\\\/raymarine.ee\\\/#organization\",\"name\":\"NavSystems O\u00dc\",\"url\":\"https:\\\/\\\/raymarine.ee\\\/\",\"logo\":{\"@type\":\"ImageObject\",\"inLanguage\":\"en-GB\",\"@id\":\"https:\\\/\\\/raymarine.ee\\\/#\\\/schema\\\/logo\\\/image\\\/\",\"url\":\"https:\\\/\\\/raymarine.ee\\\/wp-content\\\/uploads\\\/2024\\\/10\\\/Screenshot-2024-10-15-151324_bg_removed.webp\",\"contentUrl\":\"https:\\\/\\\/raymarine.ee\\\/wp-content\\\/uploads\\\/2024\\\/10\\\/Screenshot-2024-10-15-151324_bg_removed.webp\",\"width\":420,\"height\":276,\"caption\":\"NavSystems O\u00dc\"},\"image\":{\"@id\":\"https:\\\/\\\/raymarine.ee\\\/#\\\/schema\\\/logo\\\/image\\\/\"},\"sameAs\":[\"https:\\\/\\\/www.facebook.com\\\/NavSystems\"],\"legalName\":\"NavSystems O\u00dc\",\"foundingDate\":\"2011-05-03\",\"numberOfEmployees\":{\"@type\":\"QuantitativeValue\",\"minValue\":\"1\",\"maxValue\":\"10\"}}]}<\/script>\n<meta property=\"product:price:amount\" content=\"2243.00\" \/>\n<meta property=\"product:price:currency\" content=\"EUR\" \/>\n<meta property=\"og:availability\" content=\"backorder\" \/>\n<meta property=\"product:availability\" content=\"available for order\" \/>\n<meta property=\"product:retailer_item_id\" content=\"M81135\" \/>\n<meta property=\"product:condition\" content=\"new\" \/>\n<!-- \/ Yoast SEO Premium plugin. -->","yoast_head_json":{"title":"Raymarine Type 1 Rotary Drive 12V - NavSystems Mereelektroonika","description":"Raymarine Rotary Drive ajam tagab sujuva ja v\u00f5imsa autopiloodiga roolimiss\u00fcsteemi t\u00f6\u00f6, sobides keti ja hammasratastega juhitavatele s\u00fcsteemidele.","robots":{"index":"index","follow":"follow","max-snippet":"max-snippet:-1","max-image-preview":"max-image-preview:large","max-video-preview":"max-video-preview:-1"},"canonical":"https:\/\/raymarine.ee\/en\/product\/raymarine-type-1-rotary-drive-12v\/","og_locale":"en_GB","og_type":"article","og_title":"Raymarine Type 1 Rotary Drive 12V","og_description":"Raymarine Rotary Drive ajam tagab sujuva ja v\u00f5imsa autopiloodiga roolimiss\u00fcsteemi t\u00f6\u00f6, sobides keti ja hammasratastega juhitavatele s\u00fcsteemidele.","og_url":"https:\/\/raymarine.ee\/en\/product\/raymarine-type-1-rotary-drive-12v\/","og_site_name":"NavSystems","article_publisher":"https:\/\/www.facebook.com\/NavSystems","article_modified_time":"2026-04-06T17:05:33+00:00","og_image":[{"width":840,"height":600,"url":"https:\/\/raymarine.ee\/wp-content\/uploads\/2025\/01\/raymarine-mechanical-rotary-drive2.jpg","type":"image\/jpeg"}],"twitter_card":"summary_large_image","twitter_misc":{"Price":"2 243,00&nbsp;&euro;","Availability":"On back order"},"schema":{"@context":"https:\/\/schema.org","@graph":[{"@type":"WebPage","@id":"https:\/\/raymarine.ee\/product\/raymarine-type-1-rotary-drive-12v\/","url":"https:\/\/raymarine.ee\/product\/raymarine-type-1-rotary-drive-12v\/","name":"Raymarine Type 1 Rotary Drive 12V - NavSystems Mereelektroonika","isPartOf":{"@id":"https:\/\/raymarine.ee\/#website"},"primaryImageOfPage":{"@id":"https:\/\/raymarine.ee\/product\/raymarine-type-1-rotary-drive-12v\/#primaryimage"},"image":{"@id":"https:\/\/raymarine.ee\/product\/raymarine-type-1-rotary-drive-12v\/#primaryimage"},"thumbnailUrl":"https:\/\/raymarine.ee\/wp-content\/uploads\/2025\/01\/raymarine-mechanical-rotary-drive2.jpg","datePublished":"2025-01-14T16:43:12+00:00","dateModified":"2026-04-06T17:05:33+00:00","description":"Raymarine Rotary Drive ajam tagab sujuva ja v\u00f5imsa autopiloodiga roolimiss\u00fcsteemi t\u00f6\u00f6, sobides keti ja hammasratastega juhitavatele s\u00fcsteemidele.","breadcrumb":{"@id":"https:\/\/raymarine.ee\/product\/raymarine-type-1-rotary-drive-12v\/#breadcrumb"},"inLanguage":"en-GB","potentialAction":[{"@type":"ReadAction","target":["https:\/\/raymarine.ee\/product\/raymarine-type-1-rotary-drive-12v\/"]}]},{"@type":"ImageObject","inLanguage":"en-GB","@id":"https:\/\/raymarine.ee\/product\/raymarine-type-1-rotary-drive-12v\/#primaryimage","url":"https:\/\/raymarine.ee\/wp-content\/uploads\/2025\/01\/raymarine-mechanical-rotary-drive2.jpg","contentUrl":"https:\/\/raymarine.ee\/wp-content\/uploads\/2025\/01\/raymarine-mechanical-rotary-drive2.jpg","width":840,"height":600},{"@type":"BreadcrumbList","@id":"https:\/\/raymarine.ee\/product\/raymarine-type-1-rotary-drive-12v\/#breadcrumb","itemListElement":[{"@type":"ListItem","position":1,"name":"Home","item":"https:\/\/raymarine.ee\/"},{"@type":"ListItem","position":2,"name":"Tooted","item":"https:\/\/raymarine.ee\/shop\/"},{"@type":"ListItem","position":3,"name":"Raymarine Type 1 Rotary Drive 12V"}]},{"@type":"WebSite","@id":"https:\/\/raymarine.ee\/#website","url":"https:\/\/raymarine.ee\/","name":"www.raymarine.ee","description":"Mereelektroonika, kaardiplotter, autopiloot, pinnipiloot, roolipiloot, radar, AIS, VHF, Smart Wind","publisher":{"@id":"https:\/\/raymarine.ee\/#organization"},"alternateName":"Raymarine","potentialAction":[{"@type":"SearchAction","target":{"@type":"EntryPoint","urlTemplate":"https:\/\/raymarine.ee\/?s={search_term_string}"},"query-input":{"@type":"PropertyValueSpecification","valueRequired":true,"valueName":"search_term_string"}}],"inLanguage":"en-GB"},{"@type":"Organization","@id":"https:\/\/raymarine.ee\/#organization","name":"NavSystems O\u00dc","url":"https:\/\/raymarine.ee\/","logo":{"@type":"ImageObject","inLanguage":"en-GB","@id":"https:\/\/raymarine.ee\/#\/schema\/logo\/image\/","url":"https:\/\/raymarine.ee\/wp-content\/uploads\/2024\/10\/Screenshot-2024-10-15-151324_bg_removed.webp","contentUrl":"https:\/\/raymarine.ee\/wp-content\/uploads\/2024\/10\/Screenshot-2024-10-15-151324_bg_removed.webp","width":420,"height":276,"caption":"NavSystems O\u00dc"},"image":{"@id":"https:\/\/raymarine.ee\/#\/schema\/logo\/image\/"},"sameAs":["https:\/\/www.facebook.com\/NavSystems"],"legalName":"NavSystems O\u00dc","foundingDate":"2011-05-03","numberOfEmployees":{"@type":"QuantitativeValue","minValue":"1","maxValue":"10"}}]},"product_price_amount":"2243.00","product_price_currency":"EUR","og_availability":"backorder","product_availability":"available for order","product_retailer_item_id":"M81135","product_condition":"new"},"jetpack_sharing_enabled":true,"_links":{"self":[{"href":"https:\/\/raymarine.ee\/en\/wp-json\/wp\/v2\/product\/6424","targetHints":{"allow":["GET"]}}],"collection":[{"href":"https:\/\/raymarine.ee\/en\/wp-json\/wp\/v2\/product"}],"about":[{"href":"https:\/\/raymarine.ee\/en\/wp-json\/wp\/v2\/types\/product"}],"wp:featuredmedia":[{"embeddable":true,"href":"https:\/\/raymarine.ee\/en\/wp-json\/wp\/v2\/media\/9546"}],"wp:attachment":[{"href":"https:\/\/raymarine.ee\/en\/wp-json\/wp\/v2\/media?parent=6424"}],"wp:term":[{"taxonomy":"product_brand","embeddable":true,"href":"https:\/\/raymarine.ee\/en\/wp-json\/wp\/v2\/product_brand?post=6424"},{"taxonomy":"product_cat","embeddable":true,"href":"https:\/\/raymarine.ee\/en\/wp-json\/wp\/v2\/product_cat?post=6424"},{"taxonomy":"product_tag","embeddable":true,"href":"https:\/\/raymarine.ee\/en\/wp-json\/wp\/v2\/product_tag?post=6424"}],"curies":[{"name":"wp","href":"https:\/\/api.w.org\/{rel}","templated":true}]}}