{"id":6426,"date":"2025-01-14T16:49:42","date_gmt":"2025-01-14T16:49:42","guid":{"rendered":"https:\/\/raymarine.ee\/?post_type=product&#038;p=6426"},"modified":"2026-04-06T20:01:56","modified_gmt":"2026-04-06T17:01:56","slug":"raymarine-type-2-rotary-drive-24v","status":"publish","type":"product","link":"https:\/\/raymarine.ee\/en\/product\/raymarine-type-2-rotary-drive-24v\/","title":{"rendered":"Raymarine Type 2 Rotary Drive 24V"},"content":{"rendered":"<p data-start=\"34\" data-end=\"114\"><strong data-start=\"34\" data-end=\"114\">Raymarine Rotary Drive \u2013 v\u00f5imas ja vaikne autopiloodi ajam roolis\u00fcsteemidele<\/strong><\/p>\n<p data-start=\"116\" data-end=\"382\">Raymarine Rotary Drive on loodud sellistele roolis\u00fcsteemidele, mida saab juhtida roolimispunktist keti ja hammasrataste abil (n\u00e4iteks kaabel- ja vardap\u00f5hised s\u00fcsteemid). See seade on ideaalne valik, kui soovid oma autopiloodile sujuvat, tugevat ja vaikset juhtimist.<\/p>\n<p data-start=\"384\" data-end=\"557\">Rotary Drive&#8217;i silmapaistev konstruktsioon tagab t\u00e4pse ja usaldusv\u00e4\u00e4rse roolimise isegi keerulistes tingimustes, muutes selle ideaalseks suurematele ja raskematele alustele.<\/p>\n<p data-start=\"559\" data-end=\"572\"><strong data-start=\"559\" data-end=\"572\">Omadused:<\/strong><\/p>\n<ul data-start=\"573\" data-end=\"826\">\n<li data-start=\"573\" data-end=\"676\">\n<p data-start=\"575\" data-end=\"676\">Vastupidav elektrimootor, mis t\u00f6\u00f6tab k\u00f5rgekvaliteedilise hammasrihma ja t\u00e4ppisplaneetk\u00e4igukasti kaudu<\/p>\n<\/li>\n<li data-start=\"677\" data-end=\"771\">\n<p data-start=\"679\" data-end=\"771\">Elektromagnetiline sidur, mis v\u00f5imaldab suurte p\u00f6\u00f6rdemomentide \u00fclekandmist ilma libisemiseta<\/p>\n<\/li>\n<li data-start=\"772\" data-end=\"826\">\n<p data-start=\"774\" data-end=\"826\">Vaikne t\u00f6\u00f6 ja sujuv roolimine autopiloodi juhtimisel<\/p>\n<\/li>\n<\/ul>\n<p data-start=\"828\" data-end=\"850\"><strong data-start=\"828\" data-end=\"850\">Tehnilised andmed:<\/strong><\/p>\n<ul data-start=\"851\" data-end=\"1125\">\n<li data-start=\"851\" data-end=\"907\">\n<p data-start=\"853\" data-end=\"907\">Soovituslik roolist roolini p\u00f6\u00f6ramise aeg: 10 sekundit<\/p>\n<\/li>\n<li data-start=\"908\" data-end=\"975\">\n<p data-start=\"910\" data-end=\"975\">Energiatarve: 60\u201384 W (12 V s\u00fcsteemis), 72\u2013120 W (24 V s\u00fcsteemis)<\/p>\n<\/li>\n<li data-start=\"976\" data-end=\"1040\">\n<p data-start=\"978\" data-end=\"1040\">Maksimaalne lubatud paadi veev\u00e4ljasurve: 20 000 kg (44 000 lb)<\/p>\n<\/li>\n<li data-start=\"1041\" data-end=\"1079\">\n<p data-start=\"1043\" data-end=\"1079\">T\u00f6\u00f6tip\u00f6\u00f6rdemoment: 34 Nm (300 lb.in)<\/p>\n<\/li>\n<li data-start=\"1080\" data-end=\"1125\">\n<p data-start=\"1082\" data-end=\"1125\">Maksimaalne v\u00f5lli p\u00f6\u00f6rlemiskiirus: 33 p\/min<\/p>\n<\/li>\n<\/ul>\n<p data-start=\"1127\" data-end=\"1292\">Raymarine Rotary Drive \u00fchendab endas j\u00f5u, t\u00e4psuse ja t\u00f6\u00f6kindluse, olles ideaalne lahendus roolis\u00fcsteemidele, kus on vaja tugevat ja stabiilset autopiloodi juhtimist.<\/p>\n<p><strong>Juhendid:<\/strong><\/p>\n<p>Lae alla\u00a0<a href=\"https:\/\/raymarine.ee\/wp-content\/uploads\/2026\/04\/Rotary-Drive-Installation-instructions-81174-5-EN.pdf\" target=\"_blank\" rel=\"noopener\">Rotary Drive\u00a0paigaldusjuhend<\/a><\/p>","protected":false},"excerpt":{"rendered":"<p>Raymarine Rotary ajam on m\u00f5eldud purjepaatidele mille rooli\u00fclekanne on ketiga. V\u00f5lli peale paigaldatakse lisaks olemasolevale veel teine hammasratas ja teine kett. V\u00f5imaldab v\u00e4ga j\u00f5ulist ja vaikset juhtimist. Ajami sobivust Sinu paadile vaata paadi spetsifikatsioonist v\u00f5i pea n\u00f5u meie spetsialistiga. Kui asendad juba olemasolevat ajamit uuega siis on asi lihtsam, vaata vana ajami pealt t\u00fc\u00fcp ja t\u00f6\u00f6pinge v\u00f5i seerianumber. Hammasrattad ja kett ei kuulu komplekti. Tutvu kindlasti ka selle toote\u00a0juhenditega\u00a0ja k\u00fcsimuste korral pea n\u00f5u meie spetsialistiga.<\/p>","protected":false},"featured_media":9546,"template":"","meta":{"_acf_changed":false},"product_brand":[134],"product_cat":[66,52,103],"product_tag":[],"class_list":{"0":"post-6426","1":"product","2":"type-product","3":"status-publish","4":"has-post-thumbnail","6":"product_brand-raymarine","7":"product_cat-ajamid","8":"product_cat-autopiloot-autopiloodid","9":"product_cat-raymarine","11":"first","12":"onbackorder","13":"sale","14":"taxable","15":"shipping-taxable","16":"purchasable","17":"product-type-simple"},"acf":[],"yoast_head":"<!-- This site is optimized with the Yoast SEO Premium plugin v27.5 (Yoast SEO v27.5) - https:\/\/yoast.com\/product\/yoast-seo-premium-wordpress\/ -->\n<title>Raymarine Type 2 Rotary Drive 24V - NavSystems Mereelektroonika<\/title>\n<meta name=\"description\" content=\"Raymarine Rotary Drive pakub sujuvat ja vaikset autopiloodi juhtimist roolis\u00fcsteemidele, sobib kuni 20 000 kg kaaluvatele alustele.\" \/>\n<meta name=\"robots\" content=\"index, follow, max-snippet:-1, max-image-preview:large, max-video-preview:-1\" \/>\n<link rel=\"canonical\" href=\"https:\/\/raymarine.ee\/en\/product\/raymarine-type-2-rotary-drive-24v\/\" \/>\n<meta property=\"og:locale\" content=\"en_GB\" \/>\n<meta property=\"og:type\" content=\"article\" \/>\n<meta property=\"og:title\" content=\"Raymarine Type 2 Rotary Drive 24V\" \/>\n<meta property=\"og:description\" content=\"Raymarine Rotary Drive pakub sujuvat ja vaikset autopiloodi juhtimist roolis\u00fcsteemidele, sobib kuni 20 000 kg kaaluvatele alustele.\" \/>\n<meta property=\"og:url\" content=\"https:\/\/raymarine.ee\/en\/product\/raymarine-type-2-rotary-drive-24v\/\" \/>\n<meta property=\"og:site_name\" content=\"NavSystems\" \/>\n<meta property=\"article:publisher\" content=\"https:\/\/www.facebook.com\/NavSystems\" \/>\n<meta property=\"article:modified_time\" content=\"2026-04-06T17:01:56+00:00\" \/>\n<meta property=\"og:image\" content=\"https:\/\/raymarine.ee\/wp-content\/uploads\/2025\/01\/raymarine-mechanical-rotary-drive2.jpg\" \/>\n\t<meta property=\"og:image:width\" content=\"840\" \/>\n\t<meta property=\"og:image:height\" content=\"600\" \/>\n\t<meta property=\"og:image:type\" content=\"image\/jpeg\" \/>\n<meta name=\"twitter:card\" content=\"summary_large_image\" \/>\n<meta name=\"twitter:label1\" content=\"Price\" \/>\n\t<meta name=\"twitter:data1\" content=\"2 479,00&nbsp;&euro;\" \/>\n\t<meta name=\"twitter:label2\" content=\"Availability\" \/>\n\t<meta name=\"twitter:data2\" content=\"On back order\" \/>\n<script type=\"application\/ld+json\" class=\"yoast-schema-graph\">{\"@context\":\"https:\\\/\\\/schema.org\",\"@graph\":[{\"@type\":\"WebPage\",\"@id\":\"https:\\\/\\\/raymarine.ee\\\/product\\\/raymarine-type-2-rotary-drive-24v\\\/\",\"url\":\"https:\\\/\\\/raymarine.ee\\\/product\\\/raymarine-type-2-rotary-drive-24v\\\/\",\"name\":\"Raymarine Type 2 Rotary Drive 24V - NavSystems Mereelektroonika\",\"isPartOf\":{\"@id\":\"https:\\\/\\\/raymarine.ee\\\/#website\"},\"primaryImageOfPage\":{\"@id\":\"https:\\\/\\\/raymarine.ee\\\/product\\\/raymarine-type-2-rotary-drive-24v\\\/#primaryimage\"},\"image\":{\"@id\":\"https:\\\/\\\/raymarine.ee\\\/product\\\/raymarine-type-2-rotary-drive-24v\\\/#primaryimage\"},\"thumbnailUrl\":\"https:\\\/\\\/raymarine.ee\\\/wp-content\\\/uploads\\\/2025\\\/01\\\/raymarine-mechanical-rotary-drive2.jpg\",\"datePublished\":\"2025-01-14T16:49:42+00:00\",\"dateModified\":\"2026-04-06T17:01:56+00:00\",\"description\":\"Raymarine Rotary Drive pakub sujuvat ja vaikset autopiloodi juhtimist roolis\u00fcsteemidele, sobib kuni 20 000 kg kaaluvatele alustele.\",\"breadcrumb\":{\"@id\":\"https:\\\/\\\/raymarine.ee\\\/product\\\/raymarine-type-2-rotary-drive-24v\\\/#breadcrumb\"},\"inLanguage\":\"en-GB\",\"potentialAction\":[{\"@type\":\"ReadAction\",\"target\":[\"https:\\\/\\\/raymarine.ee\\\/product\\\/raymarine-type-2-rotary-drive-24v\\\/\"]}]},{\"@type\":\"ImageObject\",\"inLanguage\":\"en-GB\",\"@id\":\"https:\\\/\\\/raymarine.ee\\\/product\\\/raymarine-type-2-rotary-drive-24v\\\/#primaryimage\",\"url\":\"https:\\\/\\\/raymarine.ee\\\/wp-content\\\/uploads\\\/2025\\\/01\\\/raymarine-mechanical-rotary-drive2.jpg\",\"contentUrl\":\"https:\\\/\\\/raymarine.ee\\\/wp-content\\\/uploads\\\/2025\\\/01\\\/raymarine-mechanical-rotary-drive2.jpg\",\"width\":840,\"height\":600},{\"@type\":\"BreadcrumbList\",\"@id\":\"https:\\\/\\\/raymarine.ee\\\/product\\\/raymarine-type-2-rotary-drive-24v\\\/#breadcrumb\",\"itemListElement\":[{\"@type\":\"ListItem\",\"position\":1,\"name\":\"Home\",\"item\":\"https:\\\/\\\/raymarine.ee\\\/\"},{\"@type\":\"ListItem\",\"position\":2,\"name\":\"Tooted\",\"item\":\"https:\\\/\\\/raymarine.ee\\\/shop\\\/\"},{\"@type\":\"ListItem\",\"position\":3,\"name\":\"Raymarine Type 2 Rotary Drive 24V\"}]},{\"@type\":\"WebSite\",\"@id\":\"https:\\\/\\\/raymarine.ee\\\/#website\",\"url\":\"https:\\\/\\\/raymarine.ee\\\/\",\"name\":\"www.raymarine.ee\",\"description\":\"Mereelektroonika, kaardiplotter, autopiloot, pinnipiloot, roolipiloot, radar, AIS, VHF, Smart Wind\",\"publisher\":{\"@id\":\"https:\\\/\\\/raymarine.ee\\\/#organization\"},\"alternateName\":\"Raymarine\",\"potentialAction\":[{\"@type\":\"SearchAction\",\"target\":{\"@type\":\"EntryPoint\",\"urlTemplate\":\"https:\\\/\\\/raymarine.ee\\\/?s={search_term_string}\"},\"query-input\":{\"@type\":\"PropertyValueSpecification\",\"valueRequired\":true,\"valueName\":\"search_term_string\"}}],\"inLanguage\":\"en-GB\"},{\"@type\":\"Organization\",\"@id\":\"https:\\\/\\\/raymarine.ee\\\/#organization\",\"name\":\"NavSystems O\u00dc\",\"url\":\"https:\\\/\\\/raymarine.ee\\\/\",\"logo\":{\"@type\":\"ImageObject\",\"inLanguage\":\"en-GB\",\"@id\":\"https:\\\/\\\/raymarine.ee\\\/#\\\/schema\\\/logo\\\/image\\\/\",\"url\":\"https:\\\/\\\/raymarine.ee\\\/wp-content\\\/uploads\\\/2024\\\/10\\\/Screenshot-2024-10-15-151324_bg_removed.webp\",\"contentUrl\":\"https:\\\/\\\/raymarine.ee\\\/wp-content\\\/uploads\\\/2024\\\/10\\\/Screenshot-2024-10-15-151324_bg_removed.webp\",\"width\":420,\"height\":276,\"caption\":\"NavSystems O\u00dc\"},\"image\":{\"@id\":\"https:\\\/\\\/raymarine.ee\\\/#\\\/schema\\\/logo\\\/image\\\/\"},\"sameAs\":[\"https:\\\/\\\/www.facebook.com\\\/NavSystems\"],\"legalName\":\"NavSystems O\u00dc\",\"foundingDate\":\"2011-05-03\",\"numberOfEmployees\":{\"@type\":\"QuantitativeValue\",\"minValue\":\"1\",\"maxValue\":\"10\"}}]}<\/script>\n<meta property=\"product:price:amount\" content=\"2479.00\" \/>\n<meta property=\"product:price:currency\" content=\"EUR\" \/>\n<meta property=\"og:availability\" content=\"backorder\" \/>\n<meta property=\"product:availability\" content=\"available for order\" \/>\n<meta property=\"product:retailer_item_id\" content=\"M81137\" \/>\n<meta property=\"product:condition\" content=\"new\" \/>\n<!-- \/ Yoast SEO Premium plugin. -->","yoast_head_json":{"title":"Raymarine Type 2 Rotary Drive 24V - NavSystems Mereelektroonika","description":"Raymarine Rotary Drive pakub sujuvat ja vaikset autopiloodi juhtimist roolis\u00fcsteemidele, sobib kuni 20 000 kg kaaluvatele alustele.","robots":{"index":"index","follow":"follow","max-snippet":"max-snippet:-1","max-image-preview":"max-image-preview:large","max-video-preview":"max-video-preview:-1"},"canonical":"https:\/\/raymarine.ee\/en\/product\/raymarine-type-2-rotary-drive-24v\/","og_locale":"en_GB","og_type":"article","og_title":"Raymarine Type 2 Rotary Drive 24V","og_description":"Raymarine Rotary Drive pakub sujuvat ja vaikset autopiloodi juhtimist roolis\u00fcsteemidele, sobib kuni 20 000 kg kaaluvatele alustele.","og_url":"https:\/\/raymarine.ee\/en\/product\/raymarine-type-2-rotary-drive-24v\/","og_site_name":"NavSystems","article_publisher":"https:\/\/www.facebook.com\/NavSystems","article_modified_time":"2026-04-06T17:01:56+00:00","og_image":[{"width":840,"height":600,"url":"https:\/\/raymarine.ee\/wp-content\/uploads\/2025\/01\/raymarine-mechanical-rotary-drive2.jpg","type":"image\/jpeg"}],"twitter_card":"summary_large_image","twitter_misc":{"Price":"2 479,00&nbsp;&euro;","Availability":"On back order"},"schema":{"@context":"https:\/\/schema.org","@graph":[{"@type":"WebPage","@id":"https:\/\/raymarine.ee\/product\/raymarine-type-2-rotary-drive-24v\/","url":"https:\/\/raymarine.ee\/product\/raymarine-type-2-rotary-drive-24v\/","name":"Raymarine Type 2 Rotary Drive 24V - NavSystems Mereelektroonika","isPartOf":{"@id":"https:\/\/raymarine.ee\/#website"},"primaryImageOfPage":{"@id":"https:\/\/raymarine.ee\/product\/raymarine-type-2-rotary-drive-24v\/#primaryimage"},"image":{"@id":"https:\/\/raymarine.ee\/product\/raymarine-type-2-rotary-drive-24v\/#primaryimage"},"thumbnailUrl":"https:\/\/raymarine.ee\/wp-content\/uploads\/2025\/01\/raymarine-mechanical-rotary-drive2.jpg","datePublished":"2025-01-14T16:49:42+00:00","dateModified":"2026-04-06T17:01:56+00:00","description":"Raymarine Rotary Drive pakub sujuvat ja vaikset autopiloodi juhtimist roolis\u00fcsteemidele, sobib kuni 20 000 kg kaaluvatele alustele.","breadcrumb":{"@id":"https:\/\/raymarine.ee\/product\/raymarine-type-2-rotary-drive-24v\/#breadcrumb"},"inLanguage":"en-GB","potentialAction":[{"@type":"ReadAction","target":["https:\/\/raymarine.ee\/product\/raymarine-type-2-rotary-drive-24v\/"]}]},{"@type":"ImageObject","inLanguage":"en-GB","@id":"https:\/\/raymarine.ee\/product\/raymarine-type-2-rotary-drive-24v\/#primaryimage","url":"https:\/\/raymarine.ee\/wp-content\/uploads\/2025\/01\/raymarine-mechanical-rotary-drive2.jpg","contentUrl":"https:\/\/raymarine.ee\/wp-content\/uploads\/2025\/01\/raymarine-mechanical-rotary-drive2.jpg","width":840,"height":600},{"@type":"BreadcrumbList","@id":"https:\/\/raymarine.ee\/product\/raymarine-type-2-rotary-drive-24v\/#breadcrumb","itemListElement":[{"@type":"ListItem","position":1,"name":"Home","item":"https:\/\/raymarine.ee\/"},{"@type":"ListItem","position":2,"name":"Tooted","item":"https:\/\/raymarine.ee\/shop\/"},{"@type":"ListItem","position":3,"name":"Raymarine Type 2 Rotary Drive 24V"}]},{"@type":"WebSite","@id":"https:\/\/raymarine.ee\/#website","url":"https:\/\/raymarine.ee\/","name":"www.raymarine.ee","description":"Mereelektroonika, kaardiplotter, autopiloot, pinnipiloot, roolipiloot, radar, AIS, VHF, Smart Wind","publisher":{"@id":"https:\/\/raymarine.ee\/#organization"},"alternateName":"Raymarine","potentialAction":[{"@type":"SearchAction","target":{"@type":"EntryPoint","urlTemplate":"https:\/\/raymarine.ee\/?s={search_term_string}"},"query-input":{"@type":"PropertyValueSpecification","valueRequired":true,"valueName":"search_term_string"}}],"inLanguage":"en-GB"},{"@type":"Organization","@id":"https:\/\/raymarine.ee\/#organization","name":"NavSystems O\u00dc","url":"https:\/\/raymarine.ee\/","logo":{"@type":"ImageObject","inLanguage":"en-GB","@id":"https:\/\/raymarine.ee\/#\/schema\/logo\/image\/","url":"https:\/\/raymarine.ee\/wp-content\/uploads\/2024\/10\/Screenshot-2024-10-15-151324_bg_removed.webp","contentUrl":"https:\/\/raymarine.ee\/wp-content\/uploads\/2024\/10\/Screenshot-2024-10-15-151324_bg_removed.webp","width":420,"height":276,"caption":"NavSystems O\u00dc"},"image":{"@id":"https:\/\/raymarine.ee\/#\/schema\/logo\/image\/"},"sameAs":["https:\/\/www.facebook.com\/NavSystems"],"legalName":"NavSystems O\u00dc","foundingDate":"2011-05-03","numberOfEmployees":{"@type":"QuantitativeValue","minValue":"1","maxValue":"10"}}]},"product_price_amount":"2479.00","product_price_currency":"EUR","og_availability":"backorder","product_availability":"available for order","product_retailer_item_id":"M81137","product_condition":"new"},"jetpack_sharing_enabled":true,"_links":{"self":[{"href":"https:\/\/raymarine.ee\/en\/wp-json\/wp\/v2\/product\/6426","targetHints":{"allow":["GET"]}}],"collection":[{"href":"https:\/\/raymarine.ee\/en\/wp-json\/wp\/v2\/product"}],"about":[{"href":"https:\/\/raymarine.ee\/en\/wp-json\/wp\/v2\/types\/product"}],"wp:featuredmedia":[{"embeddable":true,"href":"https:\/\/raymarine.ee\/en\/wp-json\/wp\/v2\/media\/9546"}],"wp:attachment":[{"href":"https:\/\/raymarine.ee\/en\/wp-json\/wp\/v2\/media?parent=6426"}],"wp:term":[{"taxonomy":"product_brand","embeddable":true,"href":"https:\/\/raymarine.ee\/en\/wp-json\/wp\/v2\/product_brand?post=6426"},{"taxonomy":"product_cat","embeddable":true,"href":"https:\/\/raymarine.ee\/en\/wp-json\/wp\/v2\/product_cat?post=6426"},{"taxonomy":"product_tag","embeddable":true,"href":"https:\/\/raymarine.ee\/en\/wp-json\/wp\/v2\/product_tag?post=6426"}],"curies":[{"name":"wp","href":"https:\/\/api.w.org\/{rel}","templated":true}]}}