{"id":6427,"date":"2025-01-03T21:38:25","date_gmt":"2025-01-03T21:38:25","guid":{"rendered":"https:\/\/raymarine.ee\/?post_type=product&#038;p=6427"},"modified":"2026-04-09T15:51:17","modified_gmt":"2026-04-09T12:51:17","slug":"raymarine-type-2-linear-drive-12-v","status":"publish","type":"product","link":"https:\/\/raymarine.ee\/en\/product\/raymarine-type-2-linear-drive-12-v\/","title":{"rendered":"Raymarine Type 2 Linear Drive 12 V"},"content":{"rendered":"<p data-start=\"34\" data-end=\"124\"><strong data-start=\"34\" data-end=\"124\">Raymarine Mechanical Linear Drive &#8211; Mehhaaniline Lineaarajam (kuni 15 000 kg alustele)<\/strong><\/p>\n<p data-start=\"126\" data-end=\"351\">Raymarine Mechanical Linear Drive on loodud olemasoleva mehhaanilise roolis\u00fcsteemiga paatidele. See ajam pakub v\u00f5imsat t\u00f5ukej\u00f5udu, kiiret t\u00e4isp\u00f6\u00f6ret ja vaikset t\u00f6\u00f6re\u017eiimi, tagades t\u00e4pse ja usaldusv\u00e4\u00e4rse autopiloodi juhtimise.<\/p>\n<p data-start=\"353\" data-end=\"366\"><strong data-start=\"353\" data-end=\"366\">Omadused:<\/strong><\/p>\n<ul data-start=\"367\" data-end=\"626\">\n<li data-start=\"367\" data-end=\"443\">\n<p data-start=\"369\" data-end=\"443\">Madal vastuj\u00f5ud roolile, minimeerides ajami m\u00f5ju roolimisele ootere\u017eiimis.<\/p>\n<\/li>\n<li data-start=\"444\" data-end=\"574\">\n<p data-start=\"446\" data-end=\"574\">V\u00f5imas elektrimootor, mida juhib elektromagnetiline turvasidur, kasutades k\u00f5rge tugevusega rihm\u00fclekannet ja planetaarreduktorit.<\/p>\n<\/li>\n<li data-start=\"575\" data-end=\"626\">\n<p data-start=\"577\" data-end=\"626\">K\u00f5rge j\u00f5udlus koos minimaalse energiatarbimisega.<\/p>\n<\/li>\n<\/ul>\n<p data-start=\"628\" data-end=\"650\"><strong data-start=\"628\" data-end=\"650\">Tehnilised andmed:<\/strong><\/p>\n<ul data-start=\"651\" data-end=\"953\">\n<li data-start=\"651\" data-end=\"711\">\n<p data-start=\"653\" data-end=\"711\">Roolikiirus (t\u00e4isp\u00f6\u00f6re \u00b135\u00b0, ilma koormuseta): 11 sekundit<\/p>\n<\/li>\n<li data-start=\"712\" data-end=\"774\">\n<p data-start=\"714\" data-end=\"774\">Maksimaalne rooliv\u00f5lli p\u00f6\u00f6rdemoment: 1 190 Nm (10 500 lb.in)<\/p>\n<\/li>\n<li data-start=\"775\" data-end=\"817\">\n<p data-start=\"777\" data-end=\"817\">Maksimaalne kolvik\u00e4ik: 300 mm (12 tolli)<\/p>\n<\/li>\n<li data-start=\"818\" data-end=\"874\">\n<p data-start=\"820\" data-end=\"874\">Maksimaalne aluse deplasseering: 15 000 kg (33 000 lb)<\/p>\n<\/li>\n<li data-start=\"875\" data-end=\"905\">\n<p data-start=\"877\" data-end=\"905\">T\u00f5ukej\u00f5ud: 480 kg (1 050 lb)<\/p>\n<\/li>\n<li data-start=\"906\" data-end=\"953\">\n<p data-start=\"908\" data-end=\"953\">Energiatarve: 48\u201372 W (12 V) \/ 66\u201396 W (24 V)<\/p>\n<\/li>\n<\/ul>\n<p><strong>Juhendid<\/strong>:<\/p>\n<p>Lae alla Raymarine\u00a0<a href=\"https:\/\/raymarine.ee\/wp-content\/uploads\/2026\/04\/Mechanical-Linear-Drive-Installation-instructions-81175-6-EN.pdf\" target=\"_blank\" rel=\"noopener\" data-wpel-link=\"internal\">Linear Drive paigaldusjuhend<\/a><\/p>","protected":false},"excerpt":{"rendered":"<p>Raymarine Linear Drive on m\u00f5eldud mehaanilise juhtimisega paatidele. Lineaarne ajam pakub suurt j\u00f5udlust v\u00e4ikese energiakuluga. Vaikne t\u00f6\u00f6, kiire reageerimine ja pikk t\u00f6\u00f6iga. Ajami sobivust Sinu paadile vaata paadi spetsifikatsioonist v\u00f5i pea n\u00f5u meie spetsialistiga. Kui asendad juba olemasolevat ajamit uuega siis on asi lihtsam, vaata vana ajami pealt t\u00fc\u00fcp ja t\u00f6\u00f6pinge v\u00f5i seerianumber. Tutvu kindlasti ka selle toote\u00a0juhenditega\u00a0ja k\u00fcsimuste korral pea n\u00f5u meie spetsialistiga.<\/p>","protected":false},"featured_media":9542,"template":"","meta":{"_acf_changed":false},"product_brand":[134],"product_cat":[66,52,103],"product_tag":[],"class_list":{"0":"post-6427","1":"product","2":"type-product","3":"status-publish","4":"has-post-thumbnail","6":"product_brand-raymarine","7":"product_cat-ajamid","8":"product_cat-autopiloot-autopiloodid","9":"product_cat-raymarine","11":"first","12":"onbackorder","13":"sale","14":"taxable","15":"shipping-taxable","16":"purchasable","17":"product-type-simple"},"acf":[],"yoast_head":"<!-- This site is optimized with the Yoast SEO Premium plugin v27.5 (Yoast SEO v27.5) - https:\/\/yoast.com\/product\/yoast-seo-premium-wordpress\/ -->\n<title>Raymarine Type 2 Linear Drive 12 V - NavSystems Mereelektroonika<\/title>\n<meta name=\"description\" content=\"Raymarine Mechanical Linear Drive pakub vaikset ja v\u00f5imsat autopiloodi juhtimist kuni 15 000 kg deplasseeringuga paatidele, minimaalse energiatarbimise ja kiire roolireaktsiooniga.\" \/>\n<meta name=\"robots\" content=\"index, follow, max-snippet:-1, max-image-preview:large, max-video-preview:-1\" \/>\n<link rel=\"canonical\" href=\"https:\/\/raymarine.ee\/en\/product\/raymarine-type-2-linear-drive-12-v\/\" \/>\n<meta property=\"og:locale\" content=\"en_GB\" \/>\n<meta property=\"og:type\" content=\"article\" \/>\n<meta property=\"og:title\" content=\"Raymarine Type 2 Linear Drive 12 V\" \/>\n<meta property=\"og:description\" content=\"Raymarine Mechanical Linear Drive pakub vaikset ja v\u00f5imsat autopiloodi juhtimist kuni 15 000 kg deplasseeringuga paatidele, minimaalse energiatarbimise ja kiire roolireaktsiooniga.\" \/>\n<meta property=\"og:url\" content=\"https:\/\/raymarine.ee\/en\/product\/raymarine-type-2-linear-drive-12-v\/\" \/>\n<meta property=\"og:site_name\" content=\"NavSystems\" \/>\n<meta property=\"article:publisher\" content=\"https:\/\/www.facebook.com\/NavSystems\" \/>\n<meta property=\"article:modified_time\" content=\"2026-04-09T12:51:17+00:00\" \/>\n<meta property=\"og:image\" content=\"https:\/\/raymarine.ee\/wp-content\/uploads\/2024\/10\/de3b7d35-6460-4bb5-ba75-90aa08598615.png\" \/>\n\t<meta property=\"og:image:width\" content=\"2000\" \/>\n\t<meta property=\"og:image:height\" content=\"2000\" \/>\n\t<meta property=\"og:image:type\" content=\"image\/png\" \/>\n<meta name=\"twitter:card\" content=\"summary_large_image\" \/>\n<meta name=\"twitter:label1\" content=\"Price\" \/>\n\t<meta name=\"twitter:data1\" content=\"2 716,00&nbsp;&euro;\" \/>\n\t<meta name=\"twitter:label2\" content=\"Availability\" \/>\n\t<meta name=\"twitter:data2\" content=\"On back order\" \/>\n<script type=\"application\/ld+json\" class=\"yoast-schema-graph\">{\"@context\":\"https:\\\/\\\/schema.org\",\"@graph\":[{\"@type\":\"WebPage\",\"@id\":\"https:\\\/\\\/raymarine.ee\\\/product\\\/raymarine-type-2-linear-drive-12-v\\\/\",\"url\":\"https:\\\/\\\/raymarine.ee\\\/product\\\/raymarine-type-2-linear-drive-12-v\\\/\",\"name\":\"Raymarine Type 2 Linear Drive 12 V - NavSystems Mereelektroonika\",\"isPartOf\":{\"@id\":\"https:\\\/\\\/raymarine.ee\\\/#website\"},\"primaryImageOfPage\":{\"@id\":\"https:\\\/\\\/raymarine.ee\\\/product\\\/raymarine-type-2-linear-drive-12-v\\\/#primaryimage\"},\"image\":{\"@id\":\"https:\\\/\\\/raymarine.ee\\\/product\\\/raymarine-type-2-linear-drive-12-v\\\/#primaryimage\"},\"thumbnailUrl\":\"https:\\\/\\\/raymarine.ee\\\/wp-content\\\/uploads\\\/2024\\\/10\\\/de3b7d35-6460-4bb5-ba75-90aa08598615.png\",\"datePublished\":\"2025-01-03T21:38:25+00:00\",\"dateModified\":\"2026-04-09T12:51:17+00:00\",\"description\":\"Raymarine Mechanical Linear Drive pakub vaikset ja v\u00f5imsat autopiloodi juhtimist kuni 15 000 kg deplasseeringuga paatidele, minimaalse energiatarbimise ja kiire roolireaktsiooniga.\",\"breadcrumb\":{\"@id\":\"https:\\\/\\\/raymarine.ee\\\/product\\\/raymarine-type-2-linear-drive-12-v\\\/#breadcrumb\"},\"inLanguage\":\"en-GB\",\"potentialAction\":[{\"@type\":\"ReadAction\",\"target\":[\"https:\\\/\\\/raymarine.ee\\\/product\\\/raymarine-type-2-linear-drive-12-v\\\/\"]}]},{\"@type\":\"ImageObject\",\"inLanguage\":\"en-GB\",\"@id\":\"https:\\\/\\\/raymarine.ee\\\/product\\\/raymarine-type-2-linear-drive-12-v\\\/#primaryimage\",\"url\":\"https:\\\/\\\/raymarine.ee\\\/wp-content\\\/uploads\\\/2024\\\/10\\\/de3b7d35-6460-4bb5-ba75-90aa08598615.png\",\"contentUrl\":\"https:\\\/\\\/raymarine.ee\\\/wp-content\\\/uploads\\\/2024\\\/10\\\/de3b7d35-6460-4bb5-ba75-90aa08598615.png\",\"width\":2000,\"height\":2000},{\"@type\":\"BreadcrumbList\",\"@id\":\"https:\\\/\\\/raymarine.ee\\\/product\\\/raymarine-type-2-linear-drive-12-v\\\/#breadcrumb\",\"itemListElement\":[{\"@type\":\"ListItem\",\"position\":1,\"name\":\"Home\",\"item\":\"https:\\\/\\\/raymarine.ee\\\/\"},{\"@type\":\"ListItem\",\"position\":2,\"name\":\"Tooted\",\"item\":\"https:\\\/\\\/raymarine.ee\\\/shop\\\/\"},{\"@type\":\"ListItem\",\"position\":3,\"name\":\"Raymarine Type 2 Linear Drive 12 V\"}]},{\"@type\":\"WebSite\",\"@id\":\"https:\\\/\\\/raymarine.ee\\\/#website\",\"url\":\"https:\\\/\\\/raymarine.ee\\\/\",\"name\":\"www.raymarine.ee\",\"description\":\"Mereelektroonika, kaardiplotter, autopiloot, pinnipiloot, roolipiloot, radar, AIS, VHF, Smart Wind\",\"publisher\":{\"@id\":\"https:\\\/\\\/raymarine.ee\\\/#organization\"},\"alternateName\":\"Raymarine\",\"potentialAction\":[{\"@type\":\"SearchAction\",\"target\":{\"@type\":\"EntryPoint\",\"urlTemplate\":\"https:\\\/\\\/raymarine.ee\\\/?s={search_term_string}\"},\"query-input\":{\"@type\":\"PropertyValueSpecification\",\"valueRequired\":true,\"valueName\":\"search_term_string\"}}],\"inLanguage\":\"en-GB\"},{\"@type\":\"Organization\",\"@id\":\"https:\\\/\\\/raymarine.ee\\\/#organization\",\"name\":\"NavSystems O\u00dc\",\"url\":\"https:\\\/\\\/raymarine.ee\\\/\",\"logo\":{\"@type\":\"ImageObject\",\"inLanguage\":\"en-GB\",\"@id\":\"https:\\\/\\\/raymarine.ee\\\/#\\\/schema\\\/logo\\\/image\\\/\",\"url\":\"https:\\\/\\\/raymarine.ee\\\/wp-content\\\/uploads\\\/2024\\\/10\\\/Screenshot-2024-10-15-151324_bg_removed.webp\",\"contentUrl\":\"https:\\\/\\\/raymarine.ee\\\/wp-content\\\/uploads\\\/2024\\\/10\\\/Screenshot-2024-10-15-151324_bg_removed.webp\",\"width\":420,\"height\":276,\"caption\":\"NavSystems O\u00dc\"},\"image\":{\"@id\":\"https:\\\/\\\/raymarine.ee\\\/#\\\/schema\\\/logo\\\/image\\\/\"},\"sameAs\":[\"https:\\\/\\\/www.facebook.com\\\/NavSystems\"],\"legalName\":\"NavSystems O\u00dc\",\"foundingDate\":\"2011-05-03\",\"numberOfEmployees\":{\"@type\":\"QuantitativeValue\",\"minValue\":\"1\",\"maxValue\":\"10\"}}]}<\/script>\n<meta property=\"product:price:amount\" content=\"2716.00\" \/>\n<meta property=\"product:price:currency\" content=\"EUR\" \/>\n<meta property=\"og:availability\" content=\"backorder\" \/>\n<meta property=\"product:availability\" content=\"available for order\" \/>\n<meta property=\"product:retailer_item_id\" content=\"M81131\" \/>\n<meta property=\"product:condition\" content=\"new\" \/>\n<!-- \/ Yoast SEO Premium plugin. -->","yoast_head_json":{"title":"Raymarine Type 2 Linear Drive 12 V - NavSystems Mereelektroonika","description":"Raymarine Mechanical Linear Drive pakub vaikset ja v\u00f5imsat autopiloodi juhtimist kuni 15 000 kg deplasseeringuga paatidele, minimaalse energiatarbimise ja kiire roolireaktsiooniga.","robots":{"index":"index","follow":"follow","max-snippet":"max-snippet:-1","max-image-preview":"max-image-preview:large","max-video-preview":"max-video-preview:-1"},"canonical":"https:\/\/raymarine.ee\/en\/product\/raymarine-type-2-linear-drive-12-v\/","og_locale":"en_GB","og_type":"article","og_title":"Raymarine Type 2 Linear Drive 12 V","og_description":"Raymarine Mechanical Linear Drive pakub vaikset ja v\u00f5imsat autopiloodi juhtimist kuni 15 000 kg deplasseeringuga paatidele, minimaalse energiatarbimise ja kiire roolireaktsiooniga.","og_url":"https:\/\/raymarine.ee\/en\/product\/raymarine-type-2-linear-drive-12-v\/","og_site_name":"NavSystems","article_publisher":"https:\/\/www.facebook.com\/NavSystems","article_modified_time":"2026-04-09T12:51:17+00:00","og_image":[{"width":2000,"height":2000,"url":"https:\/\/raymarine.ee\/wp-content\/uploads\/2024\/10\/de3b7d35-6460-4bb5-ba75-90aa08598615.png","type":"image\/png"}],"twitter_card":"summary_large_image","twitter_misc":{"Price":"2 716,00&nbsp;&euro;","Availability":"On back order"},"schema":{"@context":"https:\/\/schema.org","@graph":[{"@type":"WebPage","@id":"https:\/\/raymarine.ee\/product\/raymarine-type-2-linear-drive-12-v\/","url":"https:\/\/raymarine.ee\/product\/raymarine-type-2-linear-drive-12-v\/","name":"Raymarine Type 2 Linear Drive 12 V - NavSystems Mereelektroonika","isPartOf":{"@id":"https:\/\/raymarine.ee\/#website"},"primaryImageOfPage":{"@id":"https:\/\/raymarine.ee\/product\/raymarine-type-2-linear-drive-12-v\/#primaryimage"},"image":{"@id":"https:\/\/raymarine.ee\/product\/raymarine-type-2-linear-drive-12-v\/#primaryimage"},"thumbnailUrl":"https:\/\/raymarine.ee\/wp-content\/uploads\/2024\/10\/de3b7d35-6460-4bb5-ba75-90aa08598615.png","datePublished":"2025-01-03T21:38:25+00:00","dateModified":"2026-04-09T12:51:17+00:00","description":"Raymarine Mechanical Linear Drive pakub vaikset ja v\u00f5imsat autopiloodi juhtimist kuni 15 000 kg deplasseeringuga paatidele, minimaalse energiatarbimise ja kiire roolireaktsiooniga.","breadcrumb":{"@id":"https:\/\/raymarine.ee\/product\/raymarine-type-2-linear-drive-12-v\/#breadcrumb"},"inLanguage":"en-GB","potentialAction":[{"@type":"ReadAction","target":["https:\/\/raymarine.ee\/product\/raymarine-type-2-linear-drive-12-v\/"]}]},{"@type":"ImageObject","inLanguage":"en-GB","@id":"https:\/\/raymarine.ee\/product\/raymarine-type-2-linear-drive-12-v\/#primaryimage","url":"https:\/\/raymarine.ee\/wp-content\/uploads\/2024\/10\/de3b7d35-6460-4bb5-ba75-90aa08598615.png","contentUrl":"https:\/\/raymarine.ee\/wp-content\/uploads\/2024\/10\/de3b7d35-6460-4bb5-ba75-90aa08598615.png","width":2000,"height":2000},{"@type":"BreadcrumbList","@id":"https:\/\/raymarine.ee\/product\/raymarine-type-2-linear-drive-12-v\/#breadcrumb","itemListElement":[{"@type":"ListItem","position":1,"name":"Home","item":"https:\/\/raymarine.ee\/"},{"@type":"ListItem","position":2,"name":"Tooted","item":"https:\/\/raymarine.ee\/shop\/"},{"@type":"ListItem","position":3,"name":"Raymarine Type 2 Linear Drive 12 V"}]},{"@type":"WebSite","@id":"https:\/\/raymarine.ee\/#website","url":"https:\/\/raymarine.ee\/","name":"www.raymarine.ee","description":"Mereelektroonika, kaardiplotter, autopiloot, pinnipiloot, roolipiloot, radar, AIS, VHF, Smart Wind","publisher":{"@id":"https:\/\/raymarine.ee\/#organization"},"alternateName":"Raymarine","potentialAction":[{"@type":"SearchAction","target":{"@type":"EntryPoint","urlTemplate":"https:\/\/raymarine.ee\/?s={search_term_string}"},"query-input":{"@type":"PropertyValueSpecification","valueRequired":true,"valueName":"search_term_string"}}],"inLanguage":"en-GB"},{"@type":"Organization","@id":"https:\/\/raymarine.ee\/#organization","name":"NavSystems O\u00dc","url":"https:\/\/raymarine.ee\/","logo":{"@type":"ImageObject","inLanguage":"en-GB","@id":"https:\/\/raymarine.ee\/#\/schema\/logo\/image\/","url":"https:\/\/raymarine.ee\/wp-content\/uploads\/2024\/10\/Screenshot-2024-10-15-151324_bg_removed.webp","contentUrl":"https:\/\/raymarine.ee\/wp-content\/uploads\/2024\/10\/Screenshot-2024-10-15-151324_bg_removed.webp","width":420,"height":276,"caption":"NavSystems O\u00dc"},"image":{"@id":"https:\/\/raymarine.ee\/#\/schema\/logo\/image\/"},"sameAs":["https:\/\/www.facebook.com\/NavSystems"],"legalName":"NavSystems O\u00dc","foundingDate":"2011-05-03","numberOfEmployees":{"@type":"QuantitativeValue","minValue":"1","maxValue":"10"}}]},"product_price_amount":"2716.00","product_price_currency":"EUR","og_availability":"backorder","product_availability":"available for order","product_retailer_item_id":"M81131","product_condition":"new"},"jetpack_sharing_enabled":true,"_links":{"self":[{"href":"https:\/\/raymarine.ee\/en\/wp-json\/wp\/v2\/product\/6427","targetHints":{"allow":["GET"]}}],"collection":[{"href":"https:\/\/raymarine.ee\/en\/wp-json\/wp\/v2\/product"}],"about":[{"href":"https:\/\/raymarine.ee\/en\/wp-json\/wp\/v2\/types\/product"}],"wp:featuredmedia":[{"embeddable":true,"href":"https:\/\/raymarine.ee\/en\/wp-json\/wp\/v2\/media\/9542"}],"wp:attachment":[{"href":"https:\/\/raymarine.ee\/en\/wp-json\/wp\/v2\/media?parent=6427"}],"wp:term":[{"taxonomy":"product_brand","embeddable":true,"href":"https:\/\/raymarine.ee\/en\/wp-json\/wp\/v2\/product_brand?post=6427"},{"taxonomy":"product_cat","embeddable":true,"href":"https:\/\/raymarine.ee\/en\/wp-json\/wp\/v2\/product_cat?post=6427"},{"taxonomy":"product_tag","embeddable":true,"href":"https:\/\/raymarine.ee\/en\/wp-json\/wp\/v2\/product_tag?post=6427"}],"curies":[{"name":"wp","href":"https:\/\/api.w.org\/{rel}","templated":true}]}}