{"id":6429,"date":"2025-01-03T21:39:13","date_gmt":"2025-01-03T21:39:13","guid":{"rendered":"https:\/\/raymarine.ee\/?post_type=product&#038;p=6429"},"modified":"2026-04-08T10:49:23","modified_gmt":"2026-04-08T07:49:23","slug":"raymarine-type-2-linear-drive-24-v","status":"publish","type":"product","link":"https:\/\/raymarine.ee\/en\/product\/raymarine-type-2-linear-drive-24-v\/","title":{"rendered":"Raymarine Type 2 Linear Drive 24 V"},"content":{"rendered":"<p data-start=\"34\" data-end=\"124\"><strong data-start=\"34\" data-end=\"124\">Raymarine Mechanical Linear Drive &#8211; Mehhaaniline Lineaarajam (kuni 15 000 kg alustele)<\/strong><\/p>\n<p data-start=\"126\" data-end=\"311\">Raymarine Mechanical Linear Drive on loodud paatidele, millel on olemasolev mehhaaniline roolis\u00fcsteem. See ajam tagab v\u00f5imsa t\u00f5ukej\u00f5u, kiired t\u00e4isp\u00f6\u00f6rete ajad ja v\u00e4ga vaikse t\u00f6\u00f6re\u017eiimi.<\/p>\n<p data-start=\"313\" data-end=\"326\"><strong data-start=\"313\" data-end=\"326\">Omadused:<\/strong><\/p>\n<ul data-start=\"327\" data-end=\"596\">\n<li data-start=\"327\" data-end=\"426\">\n<p data-start=\"329\" data-end=\"426\">Madal vastuj\u00f5ud roolile, et v\u00e4hendada ajami m\u00f5ju roolis\u00fcsteemile, kui autopiloot on ootere\u017eiimis.<\/p>\n<\/li>\n<li data-start=\"427\" data-end=\"552\">\n<p data-start=\"429\" data-end=\"552\">V\u00f5imas elektrimootor, mida juhib elektromagnetiline turvasidur, koos k\u00f5rge tugevusega rihm\u00fclekande ja planetaarreduktoriga.<\/p>\n<\/li>\n<li data-start=\"553\" data-end=\"596\">\n<p data-start=\"555\" data-end=\"596\">K\u00f5rge j\u00f5udlus v\u00e4ikese energiatarbimisega.<\/p>\n<\/li>\n<\/ul>\n<p data-start=\"598\" data-end=\"620\"><strong data-start=\"598\" data-end=\"620\">Tehnilised andmed:<\/strong><\/p>\n<ul data-start=\"621\" data-end=\"946\">\n<li data-start=\"621\" data-end=\"670\">\n<p data-start=\"623\" data-end=\"670\">Energiatarve: 48\u201372 W (12 V) v\u00f5i 66\u201396 W (24 V)<\/p>\n<\/li>\n<li data-start=\"671\" data-end=\"713\">\n<p data-start=\"673\" data-end=\"713\">Maksimaalne t\u00f5ukej\u00f5ud: 480 kg (1 050 lb)<\/p>\n<\/li>\n<li data-start=\"714\" data-end=\"770\">\n<p data-start=\"716\" data-end=\"770\">Maksimaalne aluse deplasseering: 15 000 kg (33 000 lb)<\/p>\n<\/li>\n<li data-start=\"771\" data-end=\"813\">\n<p data-start=\"773\" data-end=\"813\">Maksimaalne kolvik\u00e4ik: 300 mm (12 tolli)<\/p>\n<\/li>\n<li data-start=\"814\" data-end=\"883\">\n<p data-start=\"816\" data-end=\"883\">Rooli liikumiskiirus (t\u00e4isp\u00f6\u00f6re \u00b135\u00b0, ilma koormuseta): 11 sekundit<\/p>\n<\/li>\n<li data-start=\"884\" data-end=\"946\">\n<p data-start=\"886\" data-end=\"946\">Maksimaalne rooliv\u00f5lli p\u00f6\u00f6rdemoment: 1 190 Nm (10 500 lb.in)<\/p>\n<\/li>\n<\/ul>\n<p><strong>Juhendid<\/strong>:<\/p>\n<p>Lae alla Raymarine\u00a0<a href=\"https:\/\/raymarine.ee\/wp-content\/uploads\/2026\/04\/Mechanical-Linear-Drive-Installation-instructions-81175-6-EN.pdf\" target=\"_blank\" rel=\"noopener\" data-wpel-link=\"internal\">Linear Drive paigaldusjuhend<\/a><\/p>","protected":false},"excerpt":{"rendered":"<p>Raymarine Linear Drive on m\u00f5eldud mehaanilise juhtimisega paatidele. Lineaarne ajam pakub suurt j\u00f5udlust v\u00e4ikese energiakuluga. Vaikne t\u00f6\u00f6, kiire reageerimine ja pikk t\u00f6\u00f6iga. Ajami sobivust Sinu paadile vaata paadi spetsifikatsioonist v\u00f5i pea n\u00f5u meie spetsialistiga. Kui asendad juba olemasolevat ajamit uuega siis on asi lihtsam, vaata vana ajami pealt t\u00fc\u00fcp ja t\u00f6\u00f6pinge v\u00f5i seerianumber. Tutvu kindlasti ka selle toote\u00a0juhenditega\u00a0ja k\u00fcsimuste korral pea n\u00f5u meie spetsialistiga.<\/p>","protected":false},"featured_media":9542,"template":"","meta":{"_acf_changed":false},"product_brand":[134],"product_cat":[66,52,103],"product_tag":[],"class_list":{"0":"post-6429","1":"product","2":"type-product","3":"status-publish","4":"has-post-thumbnail","6":"product_brand-raymarine","7":"product_cat-ajamid","8":"product_cat-autopiloot-autopiloodid","9":"product_cat-raymarine","11":"first","12":"onbackorder","13":"sale","14":"taxable","15":"shipping-taxable","16":"purchasable","17":"product-type-simple"},"acf":[],"yoast_head":"<!-- This site is optimized with the Yoast SEO Premium plugin v27.5 (Yoast SEO v27.5) - https:\/\/yoast.com\/product\/yoast-seo-premium-wordpress\/ -->\n<title>Raymarine Type 2 Linear Drive 24 V - NavSystems Mereelektroonika<\/title>\n<meta name=\"description\" content=\"Raymarine Mechanical Linear Drive on ideaalne lahendus paatidele mehhaanilise roolis\u00fcsteemiga, pakkudes v\u00f5imsat ja vaikset roolimist kuni 15 000 kg alustele.\" \/>\n<meta name=\"robots\" content=\"index, follow, max-snippet:-1, max-image-preview:large, max-video-preview:-1\" \/>\n<link rel=\"canonical\" href=\"https:\/\/raymarine.ee\/en\/product\/raymarine-type-2-linear-drive-24-v\/\" \/>\n<meta property=\"og:locale\" content=\"en_GB\" \/>\n<meta property=\"og:type\" content=\"article\" \/>\n<meta property=\"og:title\" content=\"Raymarine Type 2 Linear Drive 24 V\" \/>\n<meta property=\"og:description\" content=\"Raymarine Mechanical Linear Drive on ideaalne lahendus paatidele mehhaanilise roolis\u00fcsteemiga, pakkudes v\u00f5imsat ja vaikset roolimist kuni 15 000 kg alustele.\" \/>\n<meta property=\"og:url\" content=\"https:\/\/raymarine.ee\/en\/product\/raymarine-type-2-linear-drive-24-v\/\" \/>\n<meta property=\"og:site_name\" content=\"NavSystems\" \/>\n<meta property=\"article:publisher\" content=\"https:\/\/www.facebook.com\/NavSystems\" \/>\n<meta property=\"article:modified_time\" content=\"2026-04-08T07:49:23+00:00\" \/>\n<meta property=\"og:image\" content=\"https:\/\/raymarine.ee\/wp-content\/uploads\/2024\/10\/de3b7d35-6460-4bb5-ba75-90aa08598615.png\" \/>\n\t<meta property=\"og:image:width\" content=\"2000\" \/>\n\t<meta property=\"og:image:height\" content=\"2000\" \/>\n\t<meta property=\"og:image:type\" content=\"image\/png\" \/>\n<meta name=\"twitter:card\" content=\"summary_large_image\" \/>\n<meta name=\"twitter:label1\" content=\"Price\" \/>\n\t<meta name=\"twitter:data1\" content=\"2 657,00&nbsp;&euro;\" \/>\n\t<meta name=\"twitter:label2\" content=\"Availability\" \/>\n\t<meta name=\"twitter:data2\" content=\"On back order\" \/>\n<script type=\"application\/ld+json\" class=\"yoast-schema-graph\">{\"@context\":\"https:\\\/\\\/schema.org\",\"@graph\":[{\"@type\":\"WebPage\",\"@id\":\"https:\\\/\\\/raymarine.ee\\\/product\\\/raymarine-type-2-linear-drive-24-v\\\/\",\"url\":\"https:\\\/\\\/raymarine.ee\\\/product\\\/raymarine-type-2-linear-drive-24-v\\\/\",\"name\":\"Raymarine Type 2 Linear Drive 24 V - NavSystems Mereelektroonika\",\"isPartOf\":{\"@id\":\"https:\\\/\\\/raymarine.ee\\\/#website\"},\"primaryImageOfPage\":{\"@id\":\"https:\\\/\\\/raymarine.ee\\\/product\\\/raymarine-type-2-linear-drive-24-v\\\/#primaryimage\"},\"image\":{\"@id\":\"https:\\\/\\\/raymarine.ee\\\/product\\\/raymarine-type-2-linear-drive-24-v\\\/#primaryimage\"},\"thumbnailUrl\":\"https:\\\/\\\/raymarine.ee\\\/wp-content\\\/uploads\\\/2024\\\/10\\\/de3b7d35-6460-4bb5-ba75-90aa08598615.png\",\"datePublished\":\"2025-01-03T21:39:13+00:00\",\"dateModified\":\"2026-04-08T07:49:23+00:00\",\"description\":\"Raymarine Mechanical Linear Drive on ideaalne lahendus paatidele mehhaanilise roolis\u00fcsteemiga, pakkudes v\u00f5imsat ja vaikset roolimist kuni 15 000 kg alustele.\",\"breadcrumb\":{\"@id\":\"https:\\\/\\\/raymarine.ee\\\/product\\\/raymarine-type-2-linear-drive-24-v\\\/#breadcrumb\"},\"inLanguage\":\"en-GB\",\"potentialAction\":[{\"@type\":\"ReadAction\",\"target\":[\"https:\\\/\\\/raymarine.ee\\\/product\\\/raymarine-type-2-linear-drive-24-v\\\/\"]}]},{\"@type\":\"ImageObject\",\"inLanguage\":\"en-GB\",\"@id\":\"https:\\\/\\\/raymarine.ee\\\/product\\\/raymarine-type-2-linear-drive-24-v\\\/#primaryimage\",\"url\":\"https:\\\/\\\/raymarine.ee\\\/wp-content\\\/uploads\\\/2024\\\/10\\\/de3b7d35-6460-4bb5-ba75-90aa08598615.png\",\"contentUrl\":\"https:\\\/\\\/raymarine.ee\\\/wp-content\\\/uploads\\\/2024\\\/10\\\/de3b7d35-6460-4bb5-ba75-90aa08598615.png\",\"width\":2000,\"height\":2000},{\"@type\":\"BreadcrumbList\",\"@id\":\"https:\\\/\\\/raymarine.ee\\\/product\\\/raymarine-type-2-linear-drive-24-v\\\/#breadcrumb\",\"itemListElement\":[{\"@type\":\"ListItem\",\"position\":1,\"name\":\"Home\",\"item\":\"https:\\\/\\\/raymarine.ee\\\/\"},{\"@type\":\"ListItem\",\"position\":2,\"name\":\"Tooted\",\"item\":\"https:\\\/\\\/raymarine.ee\\\/shop\\\/\"},{\"@type\":\"ListItem\",\"position\":3,\"name\":\"Raymarine Type 2 Linear Drive 24 V\"}]},{\"@type\":\"WebSite\",\"@id\":\"https:\\\/\\\/raymarine.ee\\\/#website\",\"url\":\"https:\\\/\\\/raymarine.ee\\\/\",\"name\":\"www.raymarine.ee\",\"description\":\"Mereelektroonika, kaardiplotter, autopiloot, pinnipiloot, roolipiloot, radar, AIS, VHF, Smart Wind\",\"publisher\":{\"@id\":\"https:\\\/\\\/raymarine.ee\\\/#organization\"},\"alternateName\":\"Raymarine\",\"potentialAction\":[{\"@type\":\"SearchAction\",\"target\":{\"@type\":\"EntryPoint\",\"urlTemplate\":\"https:\\\/\\\/raymarine.ee\\\/?s={search_term_string}\"},\"query-input\":{\"@type\":\"PropertyValueSpecification\",\"valueRequired\":true,\"valueName\":\"search_term_string\"}}],\"inLanguage\":\"en-GB\"},{\"@type\":\"Organization\",\"@id\":\"https:\\\/\\\/raymarine.ee\\\/#organization\",\"name\":\"NavSystems O\u00dc\",\"url\":\"https:\\\/\\\/raymarine.ee\\\/\",\"logo\":{\"@type\":\"ImageObject\",\"inLanguage\":\"en-GB\",\"@id\":\"https:\\\/\\\/raymarine.ee\\\/#\\\/schema\\\/logo\\\/image\\\/\",\"url\":\"https:\\\/\\\/raymarine.ee\\\/wp-content\\\/uploads\\\/2024\\\/10\\\/Screenshot-2024-10-15-151324_bg_removed.webp\",\"contentUrl\":\"https:\\\/\\\/raymarine.ee\\\/wp-content\\\/uploads\\\/2024\\\/10\\\/Screenshot-2024-10-15-151324_bg_removed.webp\",\"width\":420,\"height\":276,\"caption\":\"NavSystems O\u00dc\"},\"image\":{\"@id\":\"https:\\\/\\\/raymarine.ee\\\/#\\\/schema\\\/logo\\\/image\\\/\"},\"sameAs\":[\"https:\\\/\\\/www.facebook.com\\\/NavSystems\"],\"legalName\":\"NavSystems O\u00dc\",\"foundingDate\":\"2011-05-03\",\"numberOfEmployees\":{\"@type\":\"QuantitativeValue\",\"minValue\":\"1\",\"maxValue\":\"10\"}}]}<\/script>\n<meta property=\"product:price:amount\" content=\"2657.00\" \/>\n<meta property=\"product:price:currency\" content=\"EUR\" \/>\n<meta property=\"og:availability\" content=\"backorder\" \/>\n<meta property=\"product:availability\" content=\"available for order\" \/>\n<meta property=\"product:retailer_item_id\" content=\"M81133\" \/>\n<meta property=\"product:condition\" content=\"new\" \/>\n<!-- \/ Yoast SEO Premium plugin. -->","yoast_head_json":{"title":"Raymarine Type 2 Linear Drive 24 V - NavSystems Mereelektroonika","description":"Raymarine Mechanical Linear Drive on ideaalne lahendus paatidele mehhaanilise roolis\u00fcsteemiga, pakkudes v\u00f5imsat ja vaikset roolimist kuni 15 000 kg alustele.","robots":{"index":"index","follow":"follow","max-snippet":"max-snippet:-1","max-image-preview":"max-image-preview:large","max-video-preview":"max-video-preview:-1"},"canonical":"https:\/\/raymarine.ee\/en\/product\/raymarine-type-2-linear-drive-24-v\/","og_locale":"en_GB","og_type":"article","og_title":"Raymarine Type 2 Linear Drive 24 V","og_description":"Raymarine Mechanical Linear Drive on ideaalne lahendus paatidele mehhaanilise roolis\u00fcsteemiga, pakkudes v\u00f5imsat ja vaikset roolimist kuni 15 000 kg alustele.","og_url":"https:\/\/raymarine.ee\/en\/product\/raymarine-type-2-linear-drive-24-v\/","og_site_name":"NavSystems","article_publisher":"https:\/\/www.facebook.com\/NavSystems","article_modified_time":"2026-04-08T07:49:23+00:00","og_image":[{"width":2000,"height":2000,"url":"https:\/\/raymarine.ee\/wp-content\/uploads\/2024\/10\/de3b7d35-6460-4bb5-ba75-90aa08598615.png","type":"image\/png"}],"twitter_card":"summary_large_image","twitter_misc":{"Price":"2 657,00&nbsp;&euro;","Availability":"On back order"},"schema":{"@context":"https:\/\/schema.org","@graph":[{"@type":"WebPage","@id":"https:\/\/raymarine.ee\/product\/raymarine-type-2-linear-drive-24-v\/","url":"https:\/\/raymarine.ee\/product\/raymarine-type-2-linear-drive-24-v\/","name":"Raymarine Type 2 Linear Drive 24 V - NavSystems Mereelektroonika","isPartOf":{"@id":"https:\/\/raymarine.ee\/#website"},"primaryImageOfPage":{"@id":"https:\/\/raymarine.ee\/product\/raymarine-type-2-linear-drive-24-v\/#primaryimage"},"image":{"@id":"https:\/\/raymarine.ee\/product\/raymarine-type-2-linear-drive-24-v\/#primaryimage"},"thumbnailUrl":"https:\/\/raymarine.ee\/wp-content\/uploads\/2024\/10\/de3b7d35-6460-4bb5-ba75-90aa08598615.png","datePublished":"2025-01-03T21:39:13+00:00","dateModified":"2026-04-08T07:49:23+00:00","description":"Raymarine Mechanical Linear Drive on ideaalne lahendus paatidele mehhaanilise roolis\u00fcsteemiga, pakkudes v\u00f5imsat ja vaikset roolimist kuni 15 000 kg alustele.","breadcrumb":{"@id":"https:\/\/raymarine.ee\/product\/raymarine-type-2-linear-drive-24-v\/#breadcrumb"},"inLanguage":"en-GB","potentialAction":[{"@type":"ReadAction","target":["https:\/\/raymarine.ee\/product\/raymarine-type-2-linear-drive-24-v\/"]}]},{"@type":"ImageObject","inLanguage":"en-GB","@id":"https:\/\/raymarine.ee\/product\/raymarine-type-2-linear-drive-24-v\/#primaryimage","url":"https:\/\/raymarine.ee\/wp-content\/uploads\/2024\/10\/de3b7d35-6460-4bb5-ba75-90aa08598615.png","contentUrl":"https:\/\/raymarine.ee\/wp-content\/uploads\/2024\/10\/de3b7d35-6460-4bb5-ba75-90aa08598615.png","width":2000,"height":2000},{"@type":"BreadcrumbList","@id":"https:\/\/raymarine.ee\/product\/raymarine-type-2-linear-drive-24-v\/#breadcrumb","itemListElement":[{"@type":"ListItem","position":1,"name":"Home","item":"https:\/\/raymarine.ee\/"},{"@type":"ListItem","position":2,"name":"Tooted","item":"https:\/\/raymarine.ee\/shop\/"},{"@type":"ListItem","position":3,"name":"Raymarine Type 2 Linear Drive 24 V"}]},{"@type":"WebSite","@id":"https:\/\/raymarine.ee\/#website","url":"https:\/\/raymarine.ee\/","name":"www.raymarine.ee","description":"Mereelektroonika, kaardiplotter, autopiloot, pinnipiloot, roolipiloot, radar, AIS, VHF, Smart Wind","publisher":{"@id":"https:\/\/raymarine.ee\/#organization"},"alternateName":"Raymarine","potentialAction":[{"@type":"SearchAction","target":{"@type":"EntryPoint","urlTemplate":"https:\/\/raymarine.ee\/?s={search_term_string}"},"query-input":{"@type":"PropertyValueSpecification","valueRequired":true,"valueName":"search_term_string"}}],"inLanguage":"en-GB"},{"@type":"Organization","@id":"https:\/\/raymarine.ee\/#organization","name":"NavSystems O\u00dc","url":"https:\/\/raymarine.ee\/","logo":{"@type":"ImageObject","inLanguage":"en-GB","@id":"https:\/\/raymarine.ee\/#\/schema\/logo\/image\/","url":"https:\/\/raymarine.ee\/wp-content\/uploads\/2024\/10\/Screenshot-2024-10-15-151324_bg_removed.webp","contentUrl":"https:\/\/raymarine.ee\/wp-content\/uploads\/2024\/10\/Screenshot-2024-10-15-151324_bg_removed.webp","width":420,"height":276,"caption":"NavSystems O\u00dc"},"image":{"@id":"https:\/\/raymarine.ee\/#\/schema\/logo\/image\/"},"sameAs":["https:\/\/www.facebook.com\/NavSystems"],"legalName":"NavSystems O\u00dc","foundingDate":"2011-05-03","numberOfEmployees":{"@type":"QuantitativeValue","minValue":"1","maxValue":"10"}}]},"product_price_amount":"2657.00","product_price_currency":"EUR","og_availability":"backorder","product_availability":"available for order","product_retailer_item_id":"M81133","product_condition":"new"},"jetpack_sharing_enabled":true,"_links":{"self":[{"href":"https:\/\/raymarine.ee\/en\/wp-json\/wp\/v2\/product\/6429","targetHints":{"allow":["GET"]}}],"collection":[{"href":"https:\/\/raymarine.ee\/en\/wp-json\/wp\/v2\/product"}],"about":[{"href":"https:\/\/raymarine.ee\/en\/wp-json\/wp\/v2\/types\/product"}],"wp:featuredmedia":[{"embeddable":true,"href":"https:\/\/raymarine.ee\/en\/wp-json\/wp\/v2\/media\/9542"}],"wp:attachment":[{"href":"https:\/\/raymarine.ee\/en\/wp-json\/wp\/v2\/media?parent=6429"}],"wp:term":[{"taxonomy":"product_brand","embeddable":true,"href":"https:\/\/raymarine.ee\/en\/wp-json\/wp\/v2\/product_brand?post=6429"},{"taxonomy":"product_cat","embeddable":true,"href":"https:\/\/raymarine.ee\/en\/wp-json\/wp\/v2\/product_cat?post=6429"},{"taxonomy":"product_tag","embeddable":true,"href":"https:\/\/raymarine.ee\/en\/wp-json\/wp\/v2\/product_tag?post=6429"}],"curies":[{"name":"wp","href":"https:\/\/api.w.org\/{rel}","templated":true}]}}