{"id":6430,"date":"2025-01-03T21:37:31","date_gmt":"2025-01-03T21:37:31","guid":{"rendered":"https:\/\/raymarine.ee\/?post_type=product&#038;p=6430"},"modified":"2026-04-08T10:47:04","modified_gmt":"2026-04-08T07:47:04","slug":"raymarine-type-2-long-linear-drive-24-volt","status":"publish","type":"product","link":"https:\/\/raymarine.ee\/en\/product\/raymarine-type-2-long-linear-drive-24-volt\/","title":{"rendered":"Raymarine Type 2 Long Linear Drive 24 Volt"},"content":{"rendered":"<p data-start=\"34\" data-end=\"98\"><strong data-start=\"34\" data-end=\"98\">Raymarine Mechanical Linear Drive &#8211; Mehhaaniline Lineaarajam<\/strong><\/p>\n<p data-start=\"100\" data-end=\"328\">Raymarine Mechanical Linear Drive on m\u00f5eldud paatidele, millel on olemasolev mehhaaniline roolis\u00fcsteem. See ajam tagab v\u00f5imsa t\u00f5ukej\u00f5u, kiire t\u00e4isp\u00f6\u00f6rde aja ja vaikse t\u00f6\u00f6, pakkudes t\u00e4pset ja usaldusv\u00e4\u00e4rset autopiloodi juhtimist.<\/p>\n<p data-start=\"330\" data-end=\"343\"><strong data-start=\"330\" data-end=\"343\">Omadused:<\/strong><\/p>\n<ul data-start=\"344\" data-end=\"627\">\n<li data-start=\"344\" data-end=\"443\">\n<p data-start=\"346\" data-end=\"443\">Madal vastuj\u00f5ud roolile, v\u00e4hendades ajami m\u00f5ju paadi roolimisele, kui autopiloot on ootere\u017eiimis.<\/p>\n<\/li>\n<li data-start=\"444\" data-end=\"574\">\n<p data-start=\"446\" data-end=\"574\">V\u00f5imas elektrimootor, mida juhib elektromagnetiline turvasidur, kasutades k\u00f5rge tugevusega rihm\u00fclekannet ja planetaarreduktorit.<\/p>\n<\/li>\n<li data-start=\"575\" data-end=\"627\">\n<p data-start=\"577\" data-end=\"627\">Suurep\u00e4rane j\u00f5udlus minimaalse energiatarbimisega.<\/p>\n<\/li>\n<\/ul>\n<p data-start=\"629\" data-end=\"651\"><strong data-start=\"629\" data-end=\"651\">Tehnilised andmed:<\/strong><\/p>\n<ul data-start=\"652\" data-end=\"811\">\n<li data-start=\"652\" data-end=\"690\">\n<p data-start=\"654\" data-end=\"690\">Madal vastuj\u00f5ud roolile ootere\u017eiimis<\/p>\n<\/li>\n<li data-start=\"691\" data-end=\"754\">\n<p data-start=\"693\" data-end=\"754\">Elektromagnetiline turvasidur k\u00f5rge tugevusega rihm\u00fclekandega<\/p>\n<\/li>\n<li data-start=\"755\" data-end=\"811\">\n<p data-start=\"757\" data-end=\"811\">Minimaalne energiatarbimine k\u00f5rge j\u00f5udlusega t\u00f6\u00f6 jaoks<\/p>\n<\/li>\n<\/ul>\n<p><strong>Juhendid<\/strong>:<\/p>\n<p>Lae alla Raymarine\u00a0<a href=\"https:\/\/raymarine.ee\/wp-content\/uploads\/2026\/04\/Mechanical-Linear-Drive-Installation-instructions-81175-6-EN.pdf\" target=\"_blank\" rel=\"noopener\" data-wpel-link=\"internal\">Linear Drive paigaldusjuhend<\/a><\/p>","protected":false},"excerpt":{"rendered":"<p>Raymarine Linear Drive on m\u00f5eldud mehaanilise juhtimisega paatidele. Lineaarne ajam pakub suurt j\u00f5udlust v\u00e4ikese energiakuluga. Vaikne t\u00f6\u00f6, kiire reageerimine ja pikk t\u00f6\u00f6iga. Ajami sobivust Sinu paadile vaata paadi spetsifikatsioonist v\u00f5i pea n\u00f5u meie spetsialistiga. Kui asendad juba olemasolevat ajamit uuega siis on asi lihtsam, vaata vana ajami pealt t\u00fc\u00fcp ja t\u00f6\u00f6pinge v\u00f5i seerianumber. Tutvu kindlasti ka selle toote\u00a0juhenditega\u00a0ja k\u00fcsimuste korral pea n\u00f5u meie spetsialistiga.<\/p>","protected":false},"featured_media":9542,"template":"","meta":{"_acf_changed":false},"product_brand":[134],"product_cat":[66,52,103],"product_tag":[],"class_list":{"0":"post-6430","1":"product","2":"type-product","3":"status-publish","4":"has-post-thumbnail","6":"product_brand-raymarine","7":"product_cat-ajamid","8":"product_cat-autopiloot-autopiloodid","9":"product_cat-raymarine","11":"first","12":"onbackorder","13":"sale","14":"taxable","15":"shipping-taxable","16":"purchasable","17":"product-type-simple"},"acf":[],"yoast_head":"<!-- This site is optimized with the Yoast SEO Premium plugin v27.5 (Yoast SEO v27.5) - https:\/\/yoast.com\/product\/yoast-seo-premium-wordpress\/ -->\n<title>Raymarine Type 2 Long Linear Drive 24 Volt - NavSystems Mereelektroonika<\/title>\n<meta name=\"description\" content=\"Raymarine Mechanical Linear Drive tagab mehhaanilise roolis\u00fcsteemiga paatidele v\u00f5imsa, kiire ja energias\u00e4\u00e4stliku autopiloodi juhtimise.\" \/>\n<meta name=\"robots\" content=\"index, follow, max-snippet:-1, max-image-preview:large, max-video-preview:-1\" \/>\n<link rel=\"canonical\" href=\"https:\/\/raymarine.ee\/en\/product\/raymarine-type-2-long-linear-drive-24-volt\/\" \/>\n<meta property=\"og:locale\" content=\"en_GB\" \/>\n<meta property=\"og:type\" content=\"article\" \/>\n<meta property=\"og:title\" content=\"Raymarine Type 2 Long Linear Drive 24 Volt\" \/>\n<meta property=\"og:description\" content=\"Raymarine Mechanical Linear Drive tagab mehhaanilise roolis\u00fcsteemiga paatidele v\u00f5imsa, kiire ja energias\u00e4\u00e4stliku autopiloodi juhtimise.\" \/>\n<meta property=\"og:url\" content=\"https:\/\/raymarine.ee\/en\/product\/raymarine-type-2-long-linear-drive-24-volt\/\" \/>\n<meta property=\"og:site_name\" content=\"NavSystems\" \/>\n<meta property=\"article:publisher\" content=\"https:\/\/www.facebook.com\/NavSystems\" \/>\n<meta property=\"article:modified_time\" content=\"2026-04-08T07:47:04+00:00\" \/>\n<meta property=\"og:image\" content=\"https:\/\/raymarine.ee\/wp-content\/uploads\/2024\/10\/de3b7d35-6460-4bb5-ba75-90aa08598615.png\" \/>\n\t<meta property=\"og:image:width\" content=\"2000\" \/>\n\t<meta property=\"og:image:height\" content=\"2000\" \/>\n\t<meta property=\"og:image:type\" content=\"image\/png\" \/>\n<meta name=\"twitter:card\" content=\"summary_large_image\" \/>\n<meta name=\"twitter:label1\" content=\"Price\" \/>\n\t<meta name=\"twitter:data1\" content=\"2 775,00&nbsp;&euro;\" \/>\n\t<meta name=\"twitter:label2\" content=\"Availability\" \/>\n\t<meta name=\"twitter:data2\" content=\"On back order\" \/>\n<script type=\"application\/ld+json\" class=\"yoast-schema-graph\">{\"@context\":\"https:\\\/\\\/schema.org\",\"@graph\":[{\"@type\":\"WebPage\",\"@id\":\"https:\\\/\\\/raymarine.ee\\\/product\\\/raymarine-type-2-long-linear-drive-24-volt\\\/\",\"url\":\"https:\\\/\\\/raymarine.ee\\\/product\\\/raymarine-type-2-long-linear-drive-24-volt\\\/\",\"name\":\"Raymarine Type 2 Long Linear Drive 24 Volt - NavSystems Mereelektroonika\",\"isPartOf\":{\"@id\":\"https:\\\/\\\/raymarine.ee\\\/#website\"},\"primaryImageOfPage\":{\"@id\":\"https:\\\/\\\/raymarine.ee\\\/product\\\/raymarine-type-2-long-linear-drive-24-volt\\\/#primaryimage\"},\"image\":{\"@id\":\"https:\\\/\\\/raymarine.ee\\\/product\\\/raymarine-type-2-long-linear-drive-24-volt\\\/#primaryimage\"},\"thumbnailUrl\":\"https:\\\/\\\/raymarine.ee\\\/wp-content\\\/uploads\\\/2024\\\/10\\\/de3b7d35-6460-4bb5-ba75-90aa08598615.png\",\"datePublished\":\"2025-01-03T21:37:31+00:00\",\"dateModified\":\"2026-04-08T07:47:04+00:00\",\"description\":\"Raymarine Mechanical Linear Drive tagab mehhaanilise roolis\u00fcsteemiga paatidele v\u00f5imsa, kiire ja energias\u00e4\u00e4stliku autopiloodi juhtimise.\",\"breadcrumb\":{\"@id\":\"https:\\\/\\\/raymarine.ee\\\/product\\\/raymarine-type-2-long-linear-drive-24-volt\\\/#breadcrumb\"},\"inLanguage\":\"en-GB\",\"potentialAction\":[{\"@type\":\"ReadAction\",\"target\":[\"https:\\\/\\\/raymarine.ee\\\/product\\\/raymarine-type-2-long-linear-drive-24-volt\\\/\"]}]},{\"@type\":\"ImageObject\",\"inLanguage\":\"en-GB\",\"@id\":\"https:\\\/\\\/raymarine.ee\\\/product\\\/raymarine-type-2-long-linear-drive-24-volt\\\/#primaryimage\",\"url\":\"https:\\\/\\\/raymarine.ee\\\/wp-content\\\/uploads\\\/2024\\\/10\\\/de3b7d35-6460-4bb5-ba75-90aa08598615.png\",\"contentUrl\":\"https:\\\/\\\/raymarine.ee\\\/wp-content\\\/uploads\\\/2024\\\/10\\\/de3b7d35-6460-4bb5-ba75-90aa08598615.png\",\"width\":2000,\"height\":2000},{\"@type\":\"BreadcrumbList\",\"@id\":\"https:\\\/\\\/raymarine.ee\\\/product\\\/raymarine-type-2-long-linear-drive-24-volt\\\/#breadcrumb\",\"itemListElement\":[{\"@type\":\"ListItem\",\"position\":1,\"name\":\"Home\",\"item\":\"https:\\\/\\\/raymarine.ee\\\/\"},{\"@type\":\"ListItem\",\"position\":2,\"name\":\"Tooted\",\"item\":\"https:\\\/\\\/raymarine.ee\\\/shop\\\/\"},{\"@type\":\"ListItem\",\"position\":3,\"name\":\"Raymarine Type 2 Long Linear Drive 24 Volt\"}]},{\"@type\":\"WebSite\",\"@id\":\"https:\\\/\\\/raymarine.ee\\\/#website\",\"url\":\"https:\\\/\\\/raymarine.ee\\\/\",\"name\":\"www.raymarine.ee\",\"description\":\"Mereelektroonika, kaardiplotter, autopiloot, pinnipiloot, roolipiloot, radar, AIS, VHF, Smart Wind\",\"publisher\":{\"@id\":\"https:\\\/\\\/raymarine.ee\\\/#organization\"},\"alternateName\":\"Raymarine\",\"potentialAction\":[{\"@type\":\"SearchAction\",\"target\":{\"@type\":\"EntryPoint\",\"urlTemplate\":\"https:\\\/\\\/raymarine.ee\\\/?s={search_term_string}\"},\"query-input\":{\"@type\":\"PropertyValueSpecification\",\"valueRequired\":true,\"valueName\":\"search_term_string\"}}],\"inLanguage\":\"en-GB\"},{\"@type\":\"Organization\",\"@id\":\"https:\\\/\\\/raymarine.ee\\\/#organization\",\"name\":\"NavSystems O\u00dc\",\"url\":\"https:\\\/\\\/raymarine.ee\\\/\",\"logo\":{\"@type\":\"ImageObject\",\"inLanguage\":\"en-GB\",\"@id\":\"https:\\\/\\\/raymarine.ee\\\/#\\\/schema\\\/logo\\\/image\\\/\",\"url\":\"https:\\\/\\\/raymarine.ee\\\/wp-content\\\/uploads\\\/2024\\\/10\\\/Screenshot-2024-10-15-151324_bg_removed.webp\",\"contentUrl\":\"https:\\\/\\\/raymarine.ee\\\/wp-content\\\/uploads\\\/2024\\\/10\\\/Screenshot-2024-10-15-151324_bg_removed.webp\",\"width\":420,\"height\":276,\"caption\":\"NavSystems O\u00dc\"},\"image\":{\"@id\":\"https:\\\/\\\/raymarine.ee\\\/#\\\/schema\\\/logo\\\/image\\\/\"},\"sameAs\":[\"https:\\\/\\\/www.facebook.com\\\/NavSystems\"],\"legalName\":\"NavSystems O\u00dc\",\"foundingDate\":\"2011-05-03\",\"numberOfEmployees\":{\"@type\":\"QuantitativeValue\",\"minValue\":\"1\",\"maxValue\":\"10\"}}]}<\/script>\n<meta property=\"product:price:amount\" content=\"2775.00\" \/>\n<meta property=\"product:price:currency\" content=\"EUR\" \/>\n<meta property=\"og:availability\" content=\"backorder\" \/>\n<meta property=\"product:availability\" content=\"available for order\" \/>\n<meta property=\"product:retailer_item_id\" content=\"M81134\" \/>\n<meta property=\"product:condition\" content=\"new\" \/>\n<!-- \/ Yoast SEO Premium plugin. -->","yoast_head_json":{"title":"Raymarine Type 2 Long Linear Drive 24 Volt - NavSystems Mereelektroonika","description":"Raymarine Mechanical Linear Drive tagab mehhaanilise roolis\u00fcsteemiga paatidele v\u00f5imsa, kiire ja energias\u00e4\u00e4stliku autopiloodi juhtimise.","robots":{"index":"index","follow":"follow","max-snippet":"max-snippet:-1","max-image-preview":"max-image-preview:large","max-video-preview":"max-video-preview:-1"},"canonical":"https:\/\/raymarine.ee\/en\/product\/raymarine-type-2-long-linear-drive-24-volt\/","og_locale":"en_GB","og_type":"article","og_title":"Raymarine Type 2 Long Linear Drive 24 Volt","og_description":"Raymarine Mechanical Linear Drive tagab mehhaanilise roolis\u00fcsteemiga paatidele v\u00f5imsa, kiire ja energias\u00e4\u00e4stliku autopiloodi juhtimise.","og_url":"https:\/\/raymarine.ee\/en\/product\/raymarine-type-2-long-linear-drive-24-volt\/","og_site_name":"NavSystems","article_publisher":"https:\/\/www.facebook.com\/NavSystems","article_modified_time":"2026-04-08T07:47:04+00:00","og_image":[{"width":2000,"height":2000,"url":"https:\/\/raymarine.ee\/wp-content\/uploads\/2024\/10\/de3b7d35-6460-4bb5-ba75-90aa08598615.png","type":"image\/png"}],"twitter_card":"summary_large_image","twitter_misc":{"Price":"2 775,00&nbsp;&euro;","Availability":"On back order"},"schema":{"@context":"https:\/\/schema.org","@graph":[{"@type":"WebPage","@id":"https:\/\/raymarine.ee\/product\/raymarine-type-2-long-linear-drive-24-volt\/","url":"https:\/\/raymarine.ee\/product\/raymarine-type-2-long-linear-drive-24-volt\/","name":"Raymarine Type 2 Long Linear Drive 24 Volt - NavSystems Mereelektroonika","isPartOf":{"@id":"https:\/\/raymarine.ee\/#website"},"primaryImageOfPage":{"@id":"https:\/\/raymarine.ee\/product\/raymarine-type-2-long-linear-drive-24-volt\/#primaryimage"},"image":{"@id":"https:\/\/raymarine.ee\/product\/raymarine-type-2-long-linear-drive-24-volt\/#primaryimage"},"thumbnailUrl":"https:\/\/raymarine.ee\/wp-content\/uploads\/2024\/10\/de3b7d35-6460-4bb5-ba75-90aa08598615.png","datePublished":"2025-01-03T21:37:31+00:00","dateModified":"2026-04-08T07:47:04+00:00","description":"Raymarine Mechanical Linear Drive tagab mehhaanilise roolis\u00fcsteemiga paatidele v\u00f5imsa, kiire ja energias\u00e4\u00e4stliku autopiloodi juhtimise.","breadcrumb":{"@id":"https:\/\/raymarine.ee\/product\/raymarine-type-2-long-linear-drive-24-volt\/#breadcrumb"},"inLanguage":"en-GB","potentialAction":[{"@type":"ReadAction","target":["https:\/\/raymarine.ee\/product\/raymarine-type-2-long-linear-drive-24-volt\/"]}]},{"@type":"ImageObject","inLanguage":"en-GB","@id":"https:\/\/raymarine.ee\/product\/raymarine-type-2-long-linear-drive-24-volt\/#primaryimage","url":"https:\/\/raymarine.ee\/wp-content\/uploads\/2024\/10\/de3b7d35-6460-4bb5-ba75-90aa08598615.png","contentUrl":"https:\/\/raymarine.ee\/wp-content\/uploads\/2024\/10\/de3b7d35-6460-4bb5-ba75-90aa08598615.png","width":2000,"height":2000},{"@type":"BreadcrumbList","@id":"https:\/\/raymarine.ee\/product\/raymarine-type-2-long-linear-drive-24-volt\/#breadcrumb","itemListElement":[{"@type":"ListItem","position":1,"name":"Home","item":"https:\/\/raymarine.ee\/"},{"@type":"ListItem","position":2,"name":"Tooted","item":"https:\/\/raymarine.ee\/shop\/"},{"@type":"ListItem","position":3,"name":"Raymarine Type 2 Long Linear Drive 24 Volt"}]},{"@type":"WebSite","@id":"https:\/\/raymarine.ee\/#website","url":"https:\/\/raymarine.ee\/","name":"www.raymarine.ee","description":"Mereelektroonika, kaardiplotter, autopiloot, pinnipiloot, roolipiloot, radar, AIS, VHF, Smart Wind","publisher":{"@id":"https:\/\/raymarine.ee\/#organization"},"alternateName":"Raymarine","potentialAction":[{"@type":"SearchAction","target":{"@type":"EntryPoint","urlTemplate":"https:\/\/raymarine.ee\/?s={search_term_string}"},"query-input":{"@type":"PropertyValueSpecification","valueRequired":true,"valueName":"search_term_string"}}],"inLanguage":"en-GB"},{"@type":"Organization","@id":"https:\/\/raymarine.ee\/#organization","name":"NavSystems O\u00dc","url":"https:\/\/raymarine.ee\/","logo":{"@type":"ImageObject","inLanguage":"en-GB","@id":"https:\/\/raymarine.ee\/#\/schema\/logo\/image\/","url":"https:\/\/raymarine.ee\/wp-content\/uploads\/2024\/10\/Screenshot-2024-10-15-151324_bg_removed.webp","contentUrl":"https:\/\/raymarine.ee\/wp-content\/uploads\/2024\/10\/Screenshot-2024-10-15-151324_bg_removed.webp","width":420,"height":276,"caption":"NavSystems O\u00dc"},"image":{"@id":"https:\/\/raymarine.ee\/#\/schema\/logo\/image\/"},"sameAs":["https:\/\/www.facebook.com\/NavSystems"],"legalName":"NavSystems O\u00dc","foundingDate":"2011-05-03","numberOfEmployees":{"@type":"QuantitativeValue","minValue":"1","maxValue":"10"}}]},"product_price_amount":"2775.00","product_price_currency":"EUR","og_availability":"backorder","product_availability":"available for order","product_retailer_item_id":"M81134","product_condition":"new"},"jetpack_sharing_enabled":true,"_links":{"self":[{"href":"https:\/\/raymarine.ee\/en\/wp-json\/wp\/v2\/product\/6430","targetHints":{"allow":["GET"]}}],"collection":[{"href":"https:\/\/raymarine.ee\/en\/wp-json\/wp\/v2\/product"}],"about":[{"href":"https:\/\/raymarine.ee\/en\/wp-json\/wp\/v2\/types\/product"}],"wp:featuredmedia":[{"embeddable":true,"href":"https:\/\/raymarine.ee\/en\/wp-json\/wp\/v2\/media\/9542"}],"wp:attachment":[{"href":"https:\/\/raymarine.ee\/en\/wp-json\/wp\/v2\/media?parent=6430"}],"wp:term":[{"taxonomy":"product_brand","embeddable":true,"href":"https:\/\/raymarine.ee\/en\/wp-json\/wp\/v2\/product_brand?post=6430"},{"taxonomy":"product_cat","embeddable":true,"href":"https:\/\/raymarine.ee\/en\/wp-json\/wp\/v2\/product_cat?post=6430"},{"taxonomy":"product_tag","embeddable":true,"href":"https:\/\/raymarine.ee\/en\/wp-json\/wp\/v2\/product_tag?post=6430"}],"curies":[{"name":"wp","href":"https:\/\/api.w.org\/{rel}","templated":true}]}}