{"id":6431,"date":"2025-01-03T21:35:51","date_gmt":"2025-01-03T21:35:51","guid":{"rendered":"https:\/\/raymarine.ee\/?post_type=product&#038;p=6431"},"modified":"2026-04-06T19:02:19","modified_gmt":"2026-04-06T16:02:19","slug":"raymarine-type-0-5-hydraulic-pump-12v","status":"publish","type":"product","link":"https:\/\/raymarine.ee\/en\/product\/raymarine-type-0-5-hydraulic-pump-12v\/","title":{"rendered":"Raymarine Type 0.5 Hydraulic Pump 12V"},"content":{"rendered":"<p data-start=\"34\" data-end=\"101\"><strong data-start=\"34\" data-end=\"101\">Raymarine 12V Reversing Hydraulic Pump \u2013 H\u00fcdrauliline p\u00f6\u00f6rdpump<\/strong><\/p>\n<p data-start=\"103\" data-end=\"357\">Raymarine p\u00f6\u00f6rdpump on m\u00f5eldud roolis\u00fcsteemidele, mis on varustatud 50\u2013110 cm\u00b3 (3.1\u20136.7 kuuttolli) h\u00fcdrauliliste roolisilindritega. T\u00e4nu oma t\u00f6\u00f6kindlale konstruktsioonile tagab pump sujuva ja t\u00e4pse autopiloodi juhtimise erinevates paadi roolis\u00fcsteemides.<\/p>\n<p data-start=\"359\" data-end=\"372\"><strong data-start=\"359\" data-end=\"372\">Omadused:<\/strong><\/p>\n<ul data-start=\"373\" data-end=\"547\">\n<li data-start=\"373\" data-end=\"434\">\n<p data-start=\"375\" data-end=\"434\">Tagab sujuva ja vaikse t\u00f6\u00f6 h\u00fcdrauliliste roolis\u00fcsteemidega.<\/p>\n<\/li>\n<li data-start=\"435\" data-end=\"485\">\n<p data-start=\"437\" data-end=\"485\">Sobib s\u00fcsteemidele 50\u2013110 cm\u00b3 roolisilindritega.<\/p>\n<\/li>\n<li data-start=\"486\" data-end=\"547\">\n<p data-start=\"488\" data-end=\"547\">V\u00f5imas p\u00f6\u00f6rdpump, mis v\u00f5imaldab kiiret ja t\u00e4pset roolimist.<\/p>\n<\/li>\n<\/ul>\n<p data-start=\"549\" data-end=\"571\"><strong data-start=\"549\" data-end=\"571\">Tehnilised andmed:<\/strong><\/p>\n<ul data-start=\"572\" data-end=\"783\">\n<li data-start=\"572\" data-end=\"631\">\n<p data-start=\"574\" data-end=\"631\">Maksimaalne koormustakistus: 50 bar (750 psi) 12 V juures<\/p>\n<\/li>\n<li data-start=\"632\" data-end=\"706\">\n<p data-start=\"634\" data-end=\"706\">Maksimaalne vooluhulk: 1000 cm\u00b3\/min (67 kuuttolli\/min) (ilma koormuseta)<\/p>\n<\/li>\n<li data-start=\"707\" data-end=\"724\">\n<p data-start=\"709\" data-end=\"724\">Nimipinge: 12 V<\/p>\n<\/li>\n<li data-start=\"725\" data-end=\"783\">\n<p data-start=\"727\" data-end=\"783\">Sobiv roolisilindri maht: 50\u2013110 cm\u00b3 (3.1\u20136.7 kuuttolli)<\/p>\n<\/li>\n<\/ul>\n<p data-start=\"980\" data-end=\"1119\"><strong data-start=\"980\" data-end=\"991\">M\u00e4rkus:\u00a0<\/strong>\u00d5ige pumba valikul arvestage t\u00f6\u00f6silindri mahuga ja vajadusel konsulteerige Raymarine spetsialistiga.<\/p>\n<p data-start=\"980\" data-end=\"1119\"><strong>Juhendid:<\/strong><\/p>\n<p data-start=\"980\" data-end=\"1119\">Laadige alla Raymarine autopiloodi\u00a0<a href=\"https:\/\/raymarine.ee\/wp-content\/uploads\/2026\/04\/Hydraulic-Pump-Installation-Guide-81178-5-EN.pdf\" target=\"_blank\" rel=\"noopener\" data-wpel-link=\"internal\">pumba paigalduse juhend<\/a>.<\/p>","protected":false},"excerpt":{"rendered":"<p>Raymarine kahes suunas t\u00f6\u00f6tav h\u00fcdrauliline autopiloodi pump on m\u00f5eldud h\u00fcdraulilise juhtimisega paatidega. \u00d5ige pumba valimiseks pead teadma oma paadi rooli t\u00f6\u00f6silindri mahtu. Vastavalt t\u00f6\u00f6silindri mahule saad teada pumba t\u00fc\u00fcbi ja vastavalt pumba t\u00fc\u00fcbile tuleb valida ka automaatpiloodi kursikompuuter. Silmas tuleb pidada ka seda kas paadi elektris\u00fcsteem on 12V v\u00f5i 24V. Kui asendad juba olemasolevat pumpa uuega siis on asi lihtsam, vaata vana pumba pealt t\u00fc\u00fcp ja t\u00f6\u00f6pinge v\u00f5i seerianumber. Tutvu kindlasti ka selle toote\u00a0juhenditega\u00a0ja k\u00fcsimuste korral pea n\u00f5u meie spetsialistiga.<\/p>","protected":false},"featured_media":7669,"template":"","meta":{"_acf_changed":false},"product_brand":[134],"product_cat":[66,52,103],"product_tag":[],"class_list":{"0":"post-6431","1":"product","2":"type-product","3":"status-publish","4":"has-post-thumbnail","6":"product_brand-raymarine","7":"product_cat-ajamid","8":"product_cat-autopiloot-autopiloodid","9":"product_cat-raymarine","11":"first","12":"instock","13":"sale","14":"taxable","15":"shipping-taxable","16":"purchasable","17":"product-type-simple"},"acf":[],"yoast_head":"<!-- This site is optimized with the Yoast SEO Premium plugin v27.5 (Yoast SEO v27.5) - https:\/\/yoast.com\/product\/yoast-seo-premium-wordpress\/ -->\n<title>Raymarine Type 0.5 Hydraulic Pump 12V - NavSystems Mereelektroonika<\/title>\n<meta name=\"description\" content=\"Raymarine 12V p\u00f6\u00f6rdpump sobib ideaalselt 50\u2013110 cm\u00b3 roolisilindritega paatidele, tagades t\u00e4pse ja vaikse h\u00fcdraulilise autopiloodi juhtimise.\" \/>\n<meta name=\"robots\" content=\"index, follow, max-snippet:-1, max-image-preview:large, max-video-preview:-1\" \/>\n<link rel=\"canonical\" href=\"https:\/\/raymarine.ee\/en\/product\/raymarine-type-0-5-hydraulic-pump-12v\/\" \/>\n<meta property=\"og:locale\" content=\"en_GB\" \/>\n<meta property=\"og:type\" content=\"article\" \/>\n<meta property=\"og:title\" content=\"Raymarine Type 0.5 Hydraulic Pump 12V\" \/>\n<meta property=\"og:description\" content=\"Raymarine 12V p\u00f6\u00f6rdpump sobib ideaalselt 50\u2013110 cm\u00b3 roolisilindritega paatidele, tagades t\u00e4pse ja vaikse h\u00fcdraulilise autopiloodi juhtimise.\" \/>\n<meta property=\"og:url\" content=\"https:\/\/raymarine.ee\/en\/product\/raymarine-type-0-5-hydraulic-pump-12v\/\" \/>\n<meta property=\"og:site_name\" content=\"NavSystems\" \/>\n<meta property=\"article:publisher\" content=\"https:\/\/www.facebook.com\/NavSystems\" \/>\n<meta property=\"article:modified_time\" content=\"2026-04-06T16:02:19+00:00\" \/>\n<meta property=\"og:image\" content=\"https:\/\/raymarine.ee\/wp-content\/uploads\/2025\/01\/c4bae102-6180-48e6-bf1f-ef0522225839.webp\" \/>\n\t<meta property=\"og:image:width\" content=\"1024\" \/>\n\t<meta property=\"og:image:height\" content=\"1024\" \/>\n\t<meta property=\"og:image:type\" content=\"image\/webp\" \/>\n<meta name=\"twitter:card\" content=\"summary_large_image\" \/>\n<meta name=\"twitter:label1\" content=\"Price\" \/>\n\t<meta name=\"twitter:data1\" content=\"917,00&nbsp;&euro;\" \/>\n\t<meta name=\"twitter:label2\" content=\"Availability\" \/>\n\t<meta name=\"twitter:data2\" content=\"In stock\" \/>\n<script type=\"application\/ld+json\" class=\"yoast-schema-graph\">{\"@context\":\"https:\\\/\\\/schema.org\",\"@graph\":[{\"@type\":\"WebPage\",\"@id\":\"https:\\\/\\\/raymarine.ee\\\/product\\\/raymarine-type-0-5-hydraulic-pump-12v\\\/\",\"url\":\"https:\\\/\\\/raymarine.ee\\\/product\\\/raymarine-type-0-5-hydraulic-pump-12v\\\/\",\"name\":\"Raymarine Type 0.5 Hydraulic Pump 12V - NavSystems Mereelektroonika\",\"isPartOf\":{\"@id\":\"https:\\\/\\\/raymarine.ee\\\/#website\"},\"primaryImageOfPage\":{\"@id\":\"https:\\\/\\\/raymarine.ee\\\/product\\\/raymarine-type-0-5-hydraulic-pump-12v\\\/#primaryimage\"},\"image\":{\"@id\":\"https:\\\/\\\/raymarine.ee\\\/product\\\/raymarine-type-0-5-hydraulic-pump-12v\\\/#primaryimage\"},\"thumbnailUrl\":\"https:\\\/\\\/raymarine.ee\\\/wp-content\\\/uploads\\\/2025\\\/01\\\/c4bae102-6180-48e6-bf1f-ef0522225839.webp\",\"datePublished\":\"2025-01-03T21:35:51+00:00\",\"dateModified\":\"2026-04-06T16:02:19+00:00\",\"description\":\"Raymarine 12V p\u00f6\u00f6rdpump sobib ideaalselt 50\u2013110 cm\u00b3 roolisilindritega paatidele, tagades t\u00e4pse ja vaikse h\u00fcdraulilise autopiloodi juhtimise.\",\"breadcrumb\":{\"@id\":\"https:\\\/\\\/raymarine.ee\\\/product\\\/raymarine-type-0-5-hydraulic-pump-12v\\\/#breadcrumb\"},\"inLanguage\":\"en-GB\",\"potentialAction\":[{\"@type\":\"ReadAction\",\"target\":[\"https:\\\/\\\/raymarine.ee\\\/product\\\/raymarine-type-0-5-hydraulic-pump-12v\\\/\"]}]},{\"@type\":\"ImageObject\",\"inLanguage\":\"en-GB\",\"@id\":\"https:\\\/\\\/raymarine.ee\\\/product\\\/raymarine-type-0-5-hydraulic-pump-12v\\\/#primaryimage\",\"url\":\"https:\\\/\\\/raymarine.ee\\\/wp-content\\\/uploads\\\/2025\\\/01\\\/c4bae102-6180-48e6-bf1f-ef0522225839.webp\",\"contentUrl\":\"https:\\\/\\\/raymarine.ee\\\/wp-content\\\/uploads\\\/2025\\\/01\\\/c4bae102-6180-48e6-bf1f-ef0522225839.webp\",\"width\":1024,\"height\":1024},{\"@type\":\"BreadcrumbList\",\"@id\":\"https:\\\/\\\/raymarine.ee\\\/product\\\/raymarine-type-0-5-hydraulic-pump-12v\\\/#breadcrumb\",\"itemListElement\":[{\"@type\":\"ListItem\",\"position\":1,\"name\":\"Home\",\"item\":\"https:\\\/\\\/raymarine.ee\\\/\"},{\"@type\":\"ListItem\",\"position\":2,\"name\":\"Tooted\",\"item\":\"https:\\\/\\\/raymarine.ee\\\/shop\\\/\"},{\"@type\":\"ListItem\",\"position\":3,\"name\":\"Raymarine Type 0.5 Hydraulic Pump 12V\"}]},{\"@type\":\"WebSite\",\"@id\":\"https:\\\/\\\/raymarine.ee\\\/#website\",\"url\":\"https:\\\/\\\/raymarine.ee\\\/\",\"name\":\"www.raymarine.ee\",\"description\":\"Mereelektroonika, kaardiplotter, autopiloot, pinnipiloot, roolipiloot, radar, AIS, VHF, Smart Wind\",\"publisher\":{\"@id\":\"https:\\\/\\\/raymarine.ee\\\/#organization\"},\"alternateName\":\"Raymarine\",\"potentialAction\":[{\"@type\":\"SearchAction\",\"target\":{\"@type\":\"EntryPoint\",\"urlTemplate\":\"https:\\\/\\\/raymarine.ee\\\/?s={search_term_string}\"},\"query-input\":{\"@type\":\"PropertyValueSpecification\",\"valueRequired\":true,\"valueName\":\"search_term_string\"}}],\"inLanguage\":\"en-GB\"},{\"@type\":\"Organization\",\"@id\":\"https:\\\/\\\/raymarine.ee\\\/#organization\",\"name\":\"NavSystems O\u00dc\",\"url\":\"https:\\\/\\\/raymarine.ee\\\/\",\"logo\":{\"@type\":\"ImageObject\",\"inLanguage\":\"en-GB\",\"@id\":\"https:\\\/\\\/raymarine.ee\\\/#\\\/schema\\\/logo\\\/image\\\/\",\"url\":\"https:\\\/\\\/raymarine.ee\\\/wp-content\\\/uploads\\\/2024\\\/10\\\/Screenshot-2024-10-15-151324_bg_removed.webp\",\"contentUrl\":\"https:\\\/\\\/raymarine.ee\\\/wp-content\\\/uploads\\\/2024\\\/10\\\/Screenshot-2024-10-15-151324_bg_removed.webp\",\"width\":420,\"height\":276,\"caption\":\"NavSystems O\u00dc\"},\"image\":{\"@id\":\"https:\\\/\\\/raymarine.ee\\\/#\\\/schema\\\/logo\\\/image\\\/\"},\"sameAs\":[\"https:\\\/\\\/www.facebook.com\\\/NavSystems\"],\"legalName\":\"NavSystems O\u00dc\",\"foundingDate\":\"2011-05-03\",\"numberOfEmployees\":{\"@type\":\"QuantitativeValue\",\"minValue\":\"1\",\"maxValue\":\"10\"}}]}<\/script>\n<meta property=\"product:price:amount\" content=\"917.00\" \/>\n<meta property=\"product:price:currency\" content=\"EUR\" \/>\n<meta property=\"og:availability\" content=\"instock\" \/>\n<meta property=\"product:availability\" content=\"instock\" \/>\n<meta property=\"product:retailer_item_id\" content=\"E12139\" \/>\n<meta property=\"product:condition\" content=\"new\" \/>\n<!-- \/ Yoast SEO Premium plugin. -->","yoast_head_json":{"title":"Raymarine Type 0.5 Hydraulic Pump 12V - NavSystems Mereelektroonika","description":"Raymarine 12V p\u00f6\u00f6rdpump sobib ideaalselt 50\u2013110 cm\u00b3 roolisilindritega paatidele, tagades t\u00e4pse ja vaikse h\u00fcdraulilise autopiloodi juhtimise.","robots":{"index":"index","follow":"follow","max-snippet":"max-snippet:-1","max-image-preview":"max-image-preview:large","max-video-preview":"max-video-preview:-1"},"canonical":"https:\/\/raymarine.ee\/en\/product\/raymarine-type-0-5-hydraulic-pump-12v\/","og_locale":"en_GB","og_type":"article","og_title":"Raymarine Type 0.5 Hydraulic Pump 12V","og_description":"Raymarine 12V p\u00f6\u00f6rdpump sobib ideaalselt 50\u2013110 cm\u00b3 roolisilindritega paatidele, tagades t\u00e4pse ja vaikse h\u00fcdraulilise autopiloodi juhtimise.","og_url":"https:\/\/raymarine.ee\/en\/product\/raymarine-type-0-5-hydraulic-pump-12v\/","og_site_name":"NavSystems","article_publisher":"https:\/\/www.facebook.com\/NavSystems","article_modified_time":"2026-04-06T16:02:19+00:00","og_image":[{"width":1024,"height":1024,"url":"https:\/\/raymarine.ee\/wp-content\/uploads\/2025\/01\/c4bae102-6180-48e6-bf1f-ef0522225839.webp","type":"image\/webp"}],"twitter_card":"summary_large_image","twitter_misc":{"Price":"917,00&nbsp;&euro;","Availability":"In stock"},"schema":{"@context":"https:\/\/schema.org","@graph":[{"@type":"WebPage","@id":"https:\/\/raymarine.ee\/product\/raymarine-type-0-5-hydraulic-pump-12v\/","url":"https:\/\/raymarine.ee\/product\/raymarine-type-0-5-hydraulic-pump-12v\/","name":"Raymarine Type 0.5 Hydraulic Pump 12V - NavSystems Mereelektroonika","isPartOf":{"@id":"https:\/\/raymarine.ee\/#website"},"primaryImageOfPage":{"@id":"https:\/\/raymarine.ee\/product\/raymarine-type-0-5-hydraulic-pump-12v\/#primaryimage"},"image":{"@id":"https:\/\/raymarine.ee\/product\/raymarine-type-0-5-hydraulic-pump-12v\/#primaryimage"},"thumbnailUrl":"https:\/\/raymarine.ee\/wp-content\/uploads\/2025\/01\/c4bae102-6180-48e6-bf1f-ef0522225839.webp","datePublished":"2025-01-03T21:35:51+00:00","dateModified":"2026-04-06T16:02:19+00:00","description":"Raymarine 12V p\u00f6\u00f6rdpump sobib ideaalselt 50\u2013110 cm\u00b3 roolisilindritega paatidele, tagades t\u00e4pse ja vaikse h\u00fcdraulilise autopiloodi juhtimise.","breadcrumb":{"@id":"https:\/\/raymarine.ee\/product\/raymarine-type-0-5-hydraulic-pump-12v\/#breadcrumb"},"inLanguage":"en-GB","potentialAction":[{"@type":"ReadAction","target":["https:\/\/raymarine.ee\/product\/raymarine-type-0-5-hydraulic-pump-12v\/"]}]},{"@type":"ImageObject","inLanguage":"en-GB","@id":"https:\/\/raymarine.ee\/product\/raymarine-type-0-5-hydraulic-pump-12v\/#primaryimage","url":"https:\/\/raymarine.ee\/wp-content\/uploads\/2025\/01\/c4bae102-6180-48e6-bf1f-ef0522225839.webp","contentUrl":"https:\/\/raymarine.ee\/wp-content\/uploads\/2025\/01\/c4bae102-6180-48e6-bf1f-ef0522225839.webp","width":1024,"height":1024},{"@type":"BreadcrumbList","@id":"https:\/\/raymarine.ee\/product\/raymarine-type-0-5-hydraulic-pump-12v\/#breadcrumb","itemListElement":[{"@type":"ListItem","position":1,"name":"Home","item":"https:\/\/raymarine.ee\/"},{"@type":"ListItem","position":2,"name":"Tooted","item":"https:\/\/raymarine.ee\/shop\/"},{"@type":"ListItem","position":3,"name":"Raymarine Type 0.5 Hydraulic Pump 12V"}]},{"@type":"WebSite","@id":"https:\/\/raymarine.ee\/#website","url":"https:\/\/raymarine.ee\/","name":"www.raymarine.ee","description":"Mereelektroonika, kaardiplotter, autopiloot, pinnipiloot, roolipiloot, radar, AIS, VHF, Smart Wind","publisher":{"@id":"https:\/\/raymarine.ee\/#organization"},"alternateName":"Raymarine","potentialAction":[{"@type":"SearchAction","target":{"@type":"EntryPoint","urlTemplate":"https:\/\/raymarine.ee\/?s={search_term_string}"},"query-input":{"@type":"PropertyValueSpecification","valueRequired":true,"valueName":"search_term_string"}}],"inLanguage":"en-GB"},{"@type":"Organization","@id":"https:\/\/raymarine.ee\/#organization","name":"NavSystems O\u00dc","url":"https:\/\/raymarine.ee\/","logo":{"@type":"ImageObject","inLanguage":"en-GB","@id":"https:\/\/raymarine.ee\/#\/schema\/logo\/image\/","url":"https:\/\/raymarine.ee\/wp-content\/uploads\/2024\/10\/Screenshot-2024-10-15-151324_bg_removed.webp","contentUrl":"https:\/\/raymarine.ee\/wp-content\/uploads\/2024\/10\/Screenshot-2024-10-15-151324_bg_removed.webp","width":420,"height":276,"caption":"NavSystems O\u00dc"},"image":{"@id":"https:\/\/raymarine.ee\/#\/schema\/logo\/image\/"},"sameAs":["https:\/\/www.facebook.com\/NavSystems"],"legalName":"NavSystems O\u00dc","foundingDate":"2011-05-03","numberOfEmployees":{"@type":"QuantitativeValue","minValue":"1","maxValue":"10"}}]},"product_price_amount":"917.00","product_price_currency":"EUR","og_availability":"instock","product_availability":"instock","product_retailer_item_id":"E12139","product_condition":"new"},"jetpack_sharing_enabled":true,"_links":{"self":[{"href":"https:\/\/raymarine.ee\/en\/wp-json\/wp\/v2\/product\/6431","targetHints":{"allow":["GET"]}}],"collection":[{"href":"https:\/\/raymarine.ee\/en\/wp-json\/wp\/v2\/product"}],"about":[{"href":"https:\/\/raymarine.ee\/en\/wp-json\/wp\/v2\/types\/product"}],"wp:featuredmedia":[{"embeddable":true,"href":"https:\/\/raymarine.ee\/en\/wp-json\/wp\/v2\/media\/7669"}],"wp:attachment":[{"href":"https:\/\/raymarine.ee\/en\/wp-json\/wp\/v2\/media?parent=6431"}],"wp:term":[{"taxonomy":"product_brand","embeddable":true,"href":"https:\/\/raymarine.ee\/en\/wp-json\/wp\/v2\/product_brand?post=6431"},{"taxonomy":"product_cat","embeddable":true,"href":"https:\/\/raymarine.ee\/en\/wp-json\/wp\/v2\/product_cat?post=6431"},{"taxonomy":"product_tag","embeddable":true,"href":"https:\/\/raymarine.ee\/en\/wp-json\/wp\/v2\/product_tag?post=6431"}],"curies":[{"name":"wp","href":"https:\/\/api.w.org\/{rel}","templated":true}]}}